{"id":24556,"date":"2025-12-12T18:20:41","date_gmt":"2025-12-12T17:20:41","guid":{"rendered":"https:\/\/test.ecbeaute.com\/?post_type=product&#038;p=24556"},"modified":"2025-12-12T18:20:43","modified_gmt":"2025-12-12T17:20:43","slug":"caudalie-vinopure-gelee-nettoyante-purifiante-150-ml","status":"publish","type":"product","link":"https:\/\/paracherkaoui.ma\/index.php\/produit\/caudalie-vinopure-gelee-nettoyante-purifiante-150-ml\/","title":{"rendered":"CAUDALIE VINOPURE GELEE NETTOYANTE PURIFIANTE 150 ML"},"content":{"rendered":"<p>Premier geste beaut\u00e9 indispensable contre les imperfections, la Gel\u00e9e Nettoyante Purifiante enrichie en acide salicylique naturel, Polyph\u00e9nols de raisins et huiles essentielles bio* nettoie et purifie la peau sans la dess\u00e9cher. Sa formule allie douceur et efficacit\u00e9 pour resserrer les pores, r\u00e9duire l&rsquo;exc\u00e8s de s\u00e9bum et diminuer visiblement les imperfections.<br \/>\nSa texture g\u00e9lifi\u00e9e laisse une sensation de fra\u00eecheur et de propret\u00e9 instantan\u00e9e sur la peau.<br \/>\nInterpr\u00e9tation olfactive l\u00e9g\u00e8re, 100% naturelle, issue du cocktail d&rsquo;huiles essentielles qui d\u00e9livre un souffle de fra\u00eecheur \u00e0 chaque application.<br \/>\n* Brevet d\u00e9pos\u00e9 n\u00b0PCT\/EP2018\/050482.<br \/>\nB\u00e9n\u00e9fices<br \/>\nPurifie<br \/>\nR\u00e9duit les imperfections<br \/>\nResserre les pores<br \/>\nR\u00e9duit l&rsquo;exc\u00e8s de s\u00e9bum<br \/>\nFormule :<br \/>\n98% d&rsquo;ingr\u00e9dients d&rsquo;origine naturelle.<br \/>\nNon com\u00e9dog\u00e8ne, test\u00e9e dermatologiquement. Sans parfum synth\u00e9tique ajout\u00e9, sans sulfates, sans savon, sans alcool.<br \/>\nEt comme tous les produits Caudalie, sans parab\u00e8nes, ph\u00e9noxy\u00e9thanol, phtalates, huiles min\u00e9rales, ingr\u00e9dients d&rsquo;origine animale.<\/p>\n","protected":false},"excerpt":{"rendered":"<p>Premier geste beaut\u00e9 indispensable contre les imperfections, la Gel\u00e9e Nettoyante Purifiante enrichie en acide salicylique naturel, Polyph\u00e9nols de raisins et<\/p>\n","protected":false},"featured_media":24579,"comment_status":"open","ping_status":"closed","template":"","meta":[],"product_brand":[358],"product_cat":[502],"product_tag":[],"class_list":{"0":"post-24556","1":"product","2":"type-product","3":"status-publish","4":"has-post-thumbnail","6":"product_brand-caudalie","7":"product_cat-soins-anti-imperfections","9":"first","10":"instock","11":"shipping-taxable","12":"purchasable","13":"product-type-simple"},"yoast_head":"<!-- This site is optimized with the Yoast SEO plugin v26.6 - https:\/\/yoast.com\/wordpress\/plugins\/seo\/ -->\r\n<title>CAUDALIE VINOPURE GELEE NETTOYANTE PURIFIANTE 150 ML - Paracherkaoui.ma<\/title>\r\n<meta name=\"robots\" content=\"index, follow, max-snippet:-1, max-image-preview:large, max-video-preview:-1\" \/>\r\n<link rel=\"canonical\" href=\"https:\/\/paracherkaoui.ma\/index.php\/produit\/caudalie-vinopure-gelee-nettoyante-purifiante-150-ml\/\" \/>\r\n<meta property=\"og:locale\" content=\"fr_FR\" \/>\r\n<meta property=\"og:type\" content=\"article\" \/>\r\n<meta property=\"og:title\" content=\"CAUDALIE VINOPURE GELEE NETTOYANTE PURIFIANTE 150 ML - Paracherkaoui.ma\" \/>\r\n<meta property=\"og:description\" content=\"Premier geste beaut\u00e9 indispensable contre les imperfections, la Gel\u00e9e Nettoyante Purifiante enrichie en acide salicylique naturel, Polyph\u00e9nols de raisins et\" \/>\r\n<meta property=\"og:url\" content=\"https:\/\/paracherkaoui.ma\/index.php\/produit\/caudalie-vinopure-gelee-nettoyante-purifiante-150-ml\/\" \/>\r\n<meta property=\"og:site_name\" content=\"Paracherkaoui.ma\" \/>\r\n<meta property=\"article:modified_time\" content=\"2025-12-12T17:20:43+00:00\" \/>\r\n<meta property=\"og:image\" content=\"https:\/\/paracherkaoui.ma\/wp-content\/uploads\/2025\/12\/caudalie-vinopure-gelee-nettoyante-purifiante-150-ml.jpg\" \/>\r\n\t<meta property=\"og:image:width\" content=\"700\" \/>\r\n\t<meta property=\"og:image:height\" content=\"700\" \/>\r\n\t<meta property=\"og:image:type\" content=\"image\/jpeg\" \/>\r\n<meta name=\"twitter:card\" content=\"summary_large_image\" \/>\r\n<meta name=\"twitter:label1\" content=\"Dur\u00e9e de lecture estim\u00e9e\" \/>\n\t<meta name=\"twitter:data1\" content=\"1 minute\" \/>\r\n<script type=\"application\/ld+json\" class=\"yoast-schema-graph\">{\"@context\":\"https:\/\/schema.org\",\"@graph\":[{\"@type\":\"WebPage\",\"@id\":\"https:\/\/paracherkaoui.ma\/index.php\/produit\/caudalie-vinopure-gelee-nettoyante-purifiante-150-ml\/\",\"url\":\"https:\/\/paracherkaoui.ma\/index.php\/produit\/caudalie-vinopure-gelee-nettoyante-purifiante-150-ml\/\",\"name\":\"CAUDALIE VINOPURE GELEE NETTOYANTE PURIFIANTE 150 ML - Paracherkaoui.ma\",\"isPartOf\":{\"@id\":\"https:\/\/paracherkaoui.ma\/#website\"},\"primaryImageOfPage\":{\"@id\":\"https:\/\/paracherkaoui.ma\/index.php\/produit\/caudalie-vinopure-gelee-nettoyante-purifiante-150-ml\/#primaryimage\"},\"image\":{\"@id\":\"https:\/\/paracherkaoui.ma\/index.php\/produit\/caudalie-vinopure-gelee-nettoyante-purifiante-150-ml\/#primaryimage\"},\"thumbnailUrl\":\"https:\/\/paracherkaoui.ma\/wp-content\/uploads\/2025\/12\/caudalie-vinopure-gelee-nettoyante-purifiante-150-ml.jpg\",\"datePublished\":\"2025-12-12T17:20:41+00:00\",\"dateModified\":\"2025-12-12T17:20:43+00:00\",\"breadcrumb\":{\"@id\":\"https:\/\/paracherkaoui.ma\/index.php\/produit\/caudalie-vinopure-gelee-nettoyante-purifiante-150-ml\/#breadcrumb\"},\"inLanguage\":\"fr-FR\",\"potentialAction\":[{\"@type\":\"ReadAction\",\"target\":[\"https:\/\/paracherkaoui.ma\/index.php\/produit\/caudalie-vinopure-gelee-nettoyante-purifiante-150-ml\/\"]}]},{\"@type\":\"ImageObject\",\"inLanguage\":\"fr-FR\",\"@id\":\"https:\/\/paracherkaoui.ma\/index.php\/produit\/caudalie-vinopure-gelee-nettoyante-purifiante-150-ml\/#primaryimage\",\"url\":\"https:\/\/paracherkaoui.ma\/wp-content\/uploads\/2025\/12\/caudalie-vinopure-gelee-nettoyante-purifiante-150-ml.jpg\",\"contentUrl\":\"https:\/\/paracherkaoui.ma\/wp-content\/uploads\/2025\/12\/caudalie-vinopure-gelee-nettoyante-purifiante-150-ml.jpg\",\"width\":700,\"height\":700},{\"@type\":\"BreadcrumbList\",\"@id\":\"https:\/\/paracherkaoui.ma\/index.php\/produit\/caudalie-vinopure-gelee-nettoyante-purifiante-150-ml\/#breadcrumb\",\"itemListElement\":[{\"@type\":\"ListItem\",\"position\":1,\"name\":\"Accueil\",\"item\":\"https:\/\/paracherkaoui.ma\/\"},{\"@type\":\"ListItem\",\"position\":2,\"name\":\"Boutique\",\"item\":\"https:\/\/paracherkaoui.ma\/index.php\/boutique\/\"},{\"@type\":\"ListItem\",\"position\":3,\"name\":\"CAUDALIE VINOPURE GELEE NETTOYANTE PURIFIANTE 150 ML\"}]},{\"@type\":\"WebSite\",\"@id\":\"https:\/\/paracherkaoui.ma\/#website\",\"url\":\"https:\/\/paracherkaoui.ma\/\",\"name\":\"Paracherkaoui.ma\",\"description\":\"Achetez en ligne sur Paracherkaoui.ma\",\"potentialAction\":[{\"@type\":\"SearchAction\",\"target\":{\"@type\":\"EntryPoint\",\"urlTemplate\":\"https:\/\/paracherkaoui.ma\/?s={search_term_string}\"},\"query-input\":{\"@type\":\"PropertyValueSpecification\",\"valueRequired\":true,\"valueName\":\"search_term_string\"}}],\"inLanguage\":\"fr-FR\"}]}<\/script>\r\n<!-- \/ Yoast SEO plugin. -->","yoast_head_json":{"title":"CAUDALIE VINOPURE GELEE NETTOYANTE PURIFIANTE 150 ML - Paracherkaoui.ma","robots":{"index":"index","follow":"follow","max-snippet":"max-snippet:-1","max-image-preview":"max-image-preview:large","max-video-preview":"max-video-preview:-1"},"canonical":"https:\/\/paracherkaoui.ma\/index.php\/produit\/caudalie-vinopure-gelee-nettoyante-purifiante-150-ml\/","og_locale":"fr_FR","og_type":"article","og_title":"CAUDALIE VINOPURE GELEE NETTOYANTE PURIFIANTE 150 ML - Paracherkaoui.ma","og_description":"Premier geste beaut\u00e9 indispensable contre les imperfections, la Gel\u00e9e Nettoyante Purifiante enrichie en acide salicylique naturel, Polyph\u00e9nols de raisins et","og_url":"https:\/\/paracherkaoui.ma\/index.php\/produit\/caudalie-vinopure-gelee-nettoyante-purifiante-150-ml\/","og_site_name":"Paracherkaoui.ma","article_modified_time":"2025-12-12T17:20:43+00:00","og_image":[{"width":700,"height":700,"url":"https:\/\/paracherkaoui.ma\/wp-content\/uploads\/2025\/12\/caudalie-vinopure-gelee-nettoyante-purifiante-150-ml.jpg","type":"image\/jpeg"}],"twitter_card":"summary_large_image","twitter_misc":{"Dur\u00e9e de lecture estim\u00e9e":"1 minute"},"schema":{"@context":"https:\/\/schema.org","@graph":[{"@type":"WebPage","@id":"https:\/\/paracherkaoui.ma\/index.php\/produit\/caudalie-vinopure-gelee-nettoyante-purifiante-150-ml\/","url":"https:\/\/paracherkaoui.ma\/index.php\/produit\/caudalie-vinopure-gelee-nettoyante-purifiante-150-ml\/","name":"CAUDALIE VINOPURE GELEE NETTOYANTE PURIFIANTE 150 ML - Paracherkaoui.ma","isPartOf":{"@id":"https:\/\/paracherkaoui.ma\/#website"},"primaryImageOfPage":{"@id":"https:\/\/paracherkaoui.ma\/index.php\/produit\/caudalie-vinopure-gelee-nettoyante-purifiante-150-ml\/#primaryimage"},"image":{"@id":"https:\/\/paracherkaoui.ma\/index.php\/produit\/caudalie-vinopure-gelee-nettoyante-purifiante-150-ml\/#primaryimage"},"thumbnailUrl":"https:\/\/paracherkaoui.ma\/wp-content\/uploads\/2025\/12\/caudalie-vinopure-gelee-nettoyante-purifiante-150-ml.jpg","datePublished":"2025-12-12T17:20:41+00:00","dateModified":"2025-12-12T17:20:43+00:00","breadcrumb":{"@id":"https:\/\/paracherkaoui.ma\/index.php\/produit\/caudalie-vinopure-gelee-nettoyante-purifiante-150-ml\/#breadcrumb"},"inLanguage":"fr-FR","potentialAction":[{"@type":"ReadAction","target":["https:\/\/paracherkaoui.ma\/index.php\/produit\/caudalie-vinopure-gelee-nettoyante-purifiante-150-ml\/"]}]},{"@type":"ImageObject","inLanguage":"fr-FR","@id":"https:\/\/paracherkaoui.ma\/index.php\/produit\/caudalie-vinopure-gelee-nettoyante-purifiante-150-ml\/#primaryimage","url":"https:\/\/paracherkaoui.ma\/wp-content\/uploads\/2025\/12\/caudalie-vinopure-gelee-nettoyante-purifiante-150-ml.jpg","contentUrl":"https:\/\/paracherkaoui.ma\/wp-content\/uploads\/2025\/12\/caudalie-vinopure-gelee-nettoyante-purifiante-150-ml.jpg","width":700,"height":700},{"@type":"BreadcrumbList","@id":"https:\/\/paracherkaoui.ma\/index.php\/produit\/caudalie-vinopure-gelee-nettoyante-purifiante-150-ml\/#breadcrumb","itemListElement":[{"@type":"ListItem","position":1,"name":"Accueil","item":"https:\/\/paracherkaoui.ma\/"},{"@type":"ListItem","position":2,"name":"Boutique","item":"https:\/\/paracherkaoui.ma\/index.php\/boutique\/"},{"@type":"ListItem","position":3,"name":"CAUDALIE VINOPURE GELEE NETTOYANTE PURIFIANTE 150 ML"}]},{"@type":"WebSite","@id":"https:\/\/paracherkaoui.ma\/#website","url":"https:\/\/paracherkaoui.ma\/","name":"Paracherkaoui.ma","description":"Achetez en ligne sur Paracherkaoui.ma","potentialAction":[{"@type":"SearchAction","target":{"@type":"EntryPoint","urlTemplate":"https:\/\/paracherkaoui.ma\/?s={search_term_string}"},"query-input":{"@type":"PropertyValueSpecification","valueRequired":true,"valueName":"search_term_string"}}],"inLanguage":"fr-FR"}]}},"_links":{"self":[{"href":"https:\/\/paracherkaoui.ma\/index.php\/wp-json\/wp\/v2\/product\/24556","targetHints":{"allow":["GET"]}}],"collection":[{"href":"https:\/\/paracherkaoui.ma\/index.php\/wp-json\/wp\/v2\/product"}],"about":[{"href":"https:\/\/paracherkaoui.ma\/index.php\/wp-json\/wp\/v2\/types\/product"}],"replies":[{"embeddable":true,"href":"https:\/\/paracherkaoui.ma\/index.php\/wp-json\/wp\/v2\/comments?post=24556"}],"version-history":[{"count":1,"href":"https:\/\/paracherkaoui.ma\/index.php\/wp-json\/wp\/v2\/product\/24556\/revisions"}],"predecessor-version":[{"id":24580,"href":"https:\/\/paracherkaoui.ma\/index.php\/wp-json\/wp\/v2\/product\/24556\/revisions\/24580"}],"wp:featuredmedia":[{"embeddable":true,"href":"https:\/\/paracherkaoui.ma\/index.php\/wp-json\/wp\/v2\/media\/24579"}],"wp:attachment":[{"href":"https:\/\/paracherkaoui.ma\/index.php\/wp-json\/wp\/v2\/media?parent=24556"}],"wp:term":[{"taxonomy":"product_brand","embeddable":true,"href":"https:\/\/paracherkaoui.ma\/index.php\/wp-json\/wp\/v2\/product_brand?post=24556"},{"taxonomy":"product_cat","embeddable":true,"href":"https:\/\/paracherkaoui.ma\/index.php\/wp-json\/wp\/v2\/product_cat?post=24556"},{"taxonomy":"product_tag","embeddable":true,"href":"https:\/\/paracherkaoui.ma\/index.php\/wp-json\/wp\/v2\/product_tag?post=24556"}],"curies":[{"name":"wp","href":"https:\/\/api.w.org\/{rel}","templated":true}]}}