{"id":24507,"date":"2025-12-12T18:20:35","date_gmt":"2025-12-12T17:20:35","guid":{"rendered":"https:\/\/test.ecbeaute.com\/?post_type=product&#038;p=24507"},"modified":"2025-12-12T18:20:40","modified_gmt":"2025-12-12T17:20:40","slug":"sesderma-azelac-ru-liposomal-serum-30-ml","status":"publish","type":"product","link":"https:\/\/paracherkaoui.ma\/index.php\/produit\/sesderma-azelac-ru-liposomal-serum-30-ml\/","title":{"rendered":"SESDERMA AZELAC RU LIPOSOMAL SERUM 30 ML"},"content":{"rendered":"<p>DESCROPTION :<br \/>\nS\u00e9rum facial qui offre une peau plus lumineuse et plus lumineuse tout en aidant \u00e0 contr\u00f4ler l&rsquo;hyperpigmentation pour un teint de peau plus homog\u00e8ne.<br \/>\nLe s\u00e9rum liposomique Azelac RU est une formule liposomique avec des ingr\u00e9dients actifs d&rsquo;action directe sur le m\u00e9lanocyte. Les taches sur la peau sont l&rsquo;une des causes les plus fr\u00e9quentes de visites chez un dermatologue. Son origine est due \u00e0 une production excessive de m\u00e9lanine (pigment sombre) caus\u00e9e par l&rsquo;exposition au soleil, la grossesse (melasma), le vieillissement, les taches de rousseur. Clarifie et r\u00e9duit l&rsquo;intensit\u00e9 des taches d&rsquo;\u00e9tiologie diff\u00e9rente \u2022 Emp\u00eache l&rsquo;apparence. Le s\u00e9rum peut \u00eatre utilis\u00e9 comme primaire ou combin\u00e9 avec d&rsquo;autres traitements de d\u00e9pigmentation (peelings chimiques, laser ou IPL).<br \/>\nCONSEILS D&rsquo;UTILISATION :<br \/>\nApr\u00e8s avoir nettoy\u00e9 avec du lait nettoyant acglicolique ou la cr\u00e8me mousseuse Hidraven Soap Free, appliquez directement sur les zones o\u00f9 la pigmentation est<br \/>\nimportante avec un massage doux. Ce produit doit \u00eatre appliqu\u00e9 la nuit avant le coucher. Nous recommandons de combiner ce traitement avec l&rsquo;utilisation de Acglicolic Classic, Retises ou C-Vit. L&rsquo;utilisation de la protection solaire est tout aussi importante que le traitement. Par cons\u00e9quent, nous recommandons l&rsquo;utilisation quotidienne d&rsquo;une protection solaire \u00e0 spectre complet.<\/p>\n","protected":false},"excerpt":{"rendered":"<p>DESCROPTION : S\u00e9rum facial qui offre une peau plus lumineuse et plus lumineuse tout en aidant \u00e0 contr\u00f4ler l&rsquo;hyperpigmentation pour<\/p>\n","protected":false},"featured_media":24545,"comment_status":"open","ping_status":"closed","template":"","meta":[],"product_brand":[390],"product_cat":[502],"product_tag":[],"class_list":{"0":"post-24507","1":"product","2":"type-product","3":"status-publish","4":"has-post-thumbnail","6":"product_brand-sesderma","7":"product_cat-soins-anti-imperfections","9":"first","10":"instock","11":"sale","12":"shipping-taxable","13":"purchasable","14":"product-type-simple"},"yoast_head":"<!-- This site is optimized with the Yoast SEO plugin v26.6 - https:\/\/yoast.com\/wordpress\/plugins\/seo\/ -->\r\n<title>SESDERMA AZELAC RU LIPOSOMAL SERUM 30 ML - Paracherkaoui.ma<\/title>\r\n<meta name=\"robots\" content=\"index, follow, max-snippet:-1, max-image-preview:large, max-video-preview:-1\" \/>\r\n<link rel=\"canonical\" href=\"https:\/\/paracherkaoui.ma\/index.php\/produit\/sesderma-azelac-ru-liposomal-serum-30-ml\/\" \/>\r\n<meta property=\"og:locale\" content=\"fr_FR\" \/>\r\n<meta property=\"og:type\" content=\"article\" \/>\r\n<meta property=\"og:title\" content=\"SESDERMA AZELAC RU LIPOSOMAL SERUM 30 ML - Paracherkaoui.ma\" \/>\r\n<meta property=\"og:description\" content=\"DESCROPTION : S\u00e9rum facial qui offre une peau plus lumineuse et plus lumineuse tout en aidant \u00e0 contr\u00f4ler l&rsquo;hyperpigmentation pour\" \/>\r\n<meta property=\"og:url\" content=\"https:\/\/paracherkaoui.ma\/index.php\/produit\/sesderma-azelac-ru-liposomal-serum-30-ml\/\" \/>\r\n<meta property=\"og:site_name\" content=\"Paracherkaoui.ma\" \/>\r\n<meta property=\"article:modified_time\" content=\"2025-12-12T17:20:40+00:00\" \/>\r\n<meta property=\"og:image\" content=\"https:\/\/paracherkaoui.ma\/wp-content\/uploads\/2025\/12\/sesderma-sesderma-azelac-ru-liposomal-serum-30-ml-creme-depigmentantes.jpg\" \/>\r\n\t<meta property=\"og:image:width\" content=\"700\" \/>\r\n\t<meta property=\"og:image:height\" content=\"700\" \/>\r\n\t<meta property=\"og:image:type\" content=\"image\/jpeg\" \/>\r\n<meta name=\"twitter:card\" content=\"summary_large_image\" \/>\r\n<meta name=\"twitter:label1\" content=\"Dur\u00e9e de lecture estim\u00e9e\" \/>\n\t<meta name=\"twitter:data1\" content=\"1 minute\" \/>\r\n<script type=\"application\/ld+json\" class=\"yoast-schema-graph\">{\"@context\":\"https:\/\/schema.org\",\"@graph\":[{\"@type\":\"WebPage\",\"@id\":\"https:\/\/paracherkaoui.ma\/index.php\/produit\/sesderma-azelac-ru-liposomal-serum-30-ml\/\",\"url\":\"https:\/\/paracherkaoui.ma\/index.php\/produit\/sesderma-azelac-ru-liposomal-serum-30-ml\/\",\"name\":\"SESDERMA AZELAC RU LIPOSOMAL SERUM 30 ML - Paracherkaoui.ma\",\"isPartOf\":{\"@id\":\"https:\/\/paracherkaoui.ma\/#website\"},\"primaryImageOfPage\":{\"@id\":\"https:\/\/paracherkaoui.ma\/index.php\/produit\/sesderma-azelac-ru-liposomal-serum-30-ml\/#primaryimage\"},\"image\":{\"@id\":\"https:\/\/paracherkaoui.ma\/index.php\/produit\/sesderma-azelac-ru-liposomal-serum-30-ml\/#primaryimage\"},\"thumbnailUrl\":\"https:\/\/paracherkaoui.ma\/wp-content\/uploads\/2025\/12\/sesderma-sesderma-azelac-ru-liposomal-serum-30-ml-creme-depigmentantes.jpg\",\"datePublished\":\"2025-12-12T17:20:35+00:00\",\"dateModified\":\"2025-12-12T17:20:40+00:00\",\"breadcrumb\":{\"@id\":\"https:\/\/paracherkaoui.ma\/index.php\/produit\/sesderma-azelac-ru-liposomal-serum-30-ml\/#breadcrumb\"},\"inLanguage\":\"fr-FR\",\"potentialAction\":[{\"@type\":\"ReadAction\",\"target\":[\"https:\/\/paracherkaoui.ma\/index.php\/produit\/sesderma-azelac-ru-liposomal-serum-30-ml\/\"]}]},{\"@type\":\"ImageObject\",\"inLanguage\":\"fr-FR\",\"@id\":\"https:\/\/paracherkaoui.ma\/index.php\/produit\/sesderma-azelac-ru-liposomal-serum-30-ml\/#primaryimage\",\"url\":\"https:\/\/paracherkaoui.ma\/wp-content\/uploads\/2025\/12\/sesderma-sesderma-azelac-ru-liposomal-serum-30-ml-creme-depigmentantes.jpg\",\"contentUrl\":\"https:\/\/paracherkaoui.ma\/wp-content\/uploads\/2025\/12\/sesderma-sesderma-azelac-ru-liposomal-serum-30-ml-creme-depigmentantes.jpg\",\"width\":700,\"height\":700},{\"@type\":\"BreadcrumbList\",\"@id\":\"https:\/\/paracherkaoui.ma\/index.php\/produit\/sesderma-azelac-ru-liposomal-serum-30-ml\/#breadcrumb\",\"itemListElement\":[{\"@type\":\"ListItem\",\"position\":1,\"name\":\"Accueil\",\"item\":\"https:\/\/paracherkaoui.ma\/\"},{\"@type\":\"ListItem\",\"position\":2,\"name\":\"Boutique\",\"item\":\"https:\/\/paracherkaoui.ma\/index.php\/boutique\/\"},{\"@type\":\"ListItem\",\"position\":3,\"name\":\"SESDERMA AZELAC RU LIPOSOMAL SERUM 30 ML\"}]},{\"@type\":\"WebSite\",\"@id\":\"https:\/\/paracherkaoui.ma\/#website\",\"url\":\"https:\/\/paracherkaoui.ma\/\",\"name\":\"Paracherkaoui.ma\",\"description\":\"Achetez en ligne sur Paracherkaoui.ma\",\"potentialAction\":[{\"@type\":\"SearchAction\",\"target\":{\"@type\":\"EntryPoint\",\"urlTemplate\":\"https:\/\/paracherkaoui.ma\/?s={search_term_string}\"},\"query-input\":{\"@type\":\"PropertyValueSpecification\",\"valueRequired\":true,\"valueName\":\"search_term_string\"}}],\"inLanguage\":\"fr-FR\"}]}<\/script>\r\n<!-- \/ Yoast SEO plugin. -->","yoast_head_json":{"title":"SESDERMA AZELAC RU LIPOSOMAL SERUM 30 ML - Paracherkaoui.ma","robots":{"index":"index","follow":"follow","max-snippet":"max-snippet:-1","max-image-preview":"max-image-preview:large","max-video-preview":"max-video-preview:-1"},"canonical":"https:\/\/paracherkaoui.ma\/index.php\/produit\/sesderma-azelac-ru-liposomal-serum-30-ml\/","og_locale":"fr_FR","og_type":"article","og_title":"SESDERMA AZELAC RU LIPOSOMAL SERUM 30 ML - Paracherkaoui.ma","og_description":"DESCROPTION : S\u00e9rum facial qui offre une peau plus lumineuse et plus lumineuse tout en aidant \u00e0 contr\u00f4ler l&rsquo;hyperpigmentation pour","og_url":"https:\/\/paracherkaoui.ma\/index.php\/produit\/sesderma-azelac-ru-liposomal-serum-30-ml\/","og_site_name":"Paracherkaoui.ma","article_modified_time":"2025-12-12T17:20:40+00:00","og_image":[{"width":700,"height":700,"url":"https:\/\/paracherkaoui.ma\/wp-content\/uploads\/2025\/12\/sesderma-sesderma-azelac-ru-liposomal-serum-30-ml-creme-depigmentantes.jpg","type":"image\/jpeg"}],"twitter_card":"summary_large_image","twitter_misc":{"Dur\u00e9e de lecture estim\u00e9e":"1 minute"},"schema":{"@context":"https:\/\/schema.org","@graph":[{"@type":"WebPage","@id":"https:\/\/paracherkaoui.ma\/index.php\/produit\/sesderma-azelac-ru-liposomal-serum-30-ml\/","url":"https:\/\/paracherkaoui.ma\/index.php\/produit\/sesderma-azelac-ru-liposomal-serum-30-ml\/","name":"SESDERMA AZELAC RU LIPOSOMAL SERUM 30 ML - Paracherkaoui.ma","isPartOf":{"@id":"https:\/\/paracherkaoui.ma\/#website"},"primaryImageOfPage":{"@id":"https:\/\/paracherkaoui.ma\/index.php\/produit\/sesderma-azelac-ru-liposomal-serum-30-ml\/#primaryimage"},"image":{"@id":"https:\/\/paracherkaoui.ma\/index.php\/produit\/sesderma-azelac-ru-liposomal-serum-30-ml\/#primaryimage"},"thumbnailUrl":"https:\/\/paracherkaoui.ma\/wp-content\/uploads\/2025\/12\/sesderma-sesderma-azelac-ru-liposomal-serum-30-ml-creme-depigmentantes.jpg","datePublished":"2025-12-12T17:20:35+00:00","dateModified":"2025-12-12T17:20:40+00:00","breadcrumb":{"@id":"https:\/\/paracherkaoui.ma\/index.php\/produit\/sesderma-azelac-ru-liposomal-serum-30-ml\/#breadcrumb"},"inLanguage":"fr-FR","potentialAction":[{"@type":"ReadAction","target":["https:\/\/paracherkaoui.ma\/index.php\/produit\/sesderma-azelac-ru-liposomal-serum-30-ml\/"]}]},{"@type":"ImageObject","inLanguage":"fr-FR","@id":"https:\/\/paracherkaoui.ma\/index.php\/produit\/sesderma-azelac-ru-liposomal-serum-30-ml\/#primaryimage","url":"https:\/\/paracherkaoui.ma\/wp-content\/uploads\/2025\/12\/sesderma-sesderma-azelac-ru-liposomal-serum-30-ml-creme-depigmentantes.jpg","contentUrl":"https:\/\/paracherkaoui.ma\/wp-content\/uploads\/2025\/12\/sesderma-sesderma-azelac-ru-liposomal-serum-30-ml-creme-depigmentantes.jpg","width":700,"height":700},{"@type":"BreadcrumbList","@id":"https:\/\/paracherkaoui.ma\/index.php\/produit\/sesderma-azelac-ru-liposomal-serum-30-ml\/#breadcrumb","itemListElement":[{"@type":"ListItem","position":1,"name":"Accueil","item":"https:\/\/paracherkaoui.ma\/"},{"@type":"ListItem","position":2,"name":"Boutique","item":"https:\/\/paracherkaoui.ma\/index.php\/boutique\/"},{"@type":"ListItem","position":3,"name":"SESDERMA AZELAC RU LIPOSOMAL SERUM 30 ML"}]},{"@type":"WebSite","@id":"https:\/\/paracherkaoui.ma\/#website","url":"https:\/\/paracherkaoui.ma\/","name":"Paracherkaoui.ma","description":"Achetez en ligne sur Paracherkaoui.ma","potentialAction":[{"@type":"SearchAction","target":{"@type":"EntryPoint","urlTemplate":"https:\/\/paracherkaoui.ma\/?s={search_term_string}"},"query-input":{"@type":"PropertyValueSpecification","valueRequired":true,"valueName":"search_term_string"}}],"inLanguage":"fr-FR"}]}},"_links":{"self":[{"href":"https:\/\/paracherkaoui.ma\/index.php\/wp-json\/wp\/v2\/product\/24507","targetHints":{"allow":["GET"]}}],"collection":[{"href":"https:\/\/paracherkaoui.ma\/index.php\/wp-json\/wp\/v2\/product"}],"about":[{"href":"https:\/\/paracherkaoui.ma\/index.php\/wp-json\/wp\/v2\/types\/product"}],"replies":[{"embeddable":true,"href":"https:\/\/paracherkaoui.ma\/index.php\/wp-json\/wp\/v2\/comments?post=24507"}],"version-history":[{"count":1,"href":"https:\/\/paracherkaoui.ma\/index.php\/wp-json\/wp\/v2\/product\/24507\/revisions"}],"predecessor-version":[{"id":24546,"href":"https:\/\/paracherkaoui.ma\/index.php\/wp-json\/wp\/v2\/product\/24507\/revisions\/24546"}],"wp:featuredmedia":[{"embeddable":true,"href":"https:\/\/paracherkaoui.ma\/index.php\/wp-json\/wp\/v2\/media\/24545"}],"wp:attachment":[{"href":"https:\/\/paracherkaoui.ma\/index.php\/wp-json\/wp\/v2\/media?parent=24507"}],"wp:term":[{"taxonomy":"product_brand","embeddable":true,"href":"https:\/\/paracherkaoui.ma\/index.php\/wp-json\/wp\/v2\/product_brand?post=24507"},{"taxonomy":"product_cat","embeddable":true,"href":"https:\/\/paracherkaoui.ma\/index.php\/wp-json\/wp\/v2\/product_cat?post=24507"},{"taxonomy":"product_tag","embeddable":true,"href":"https:\/\/paracherkaoui.ma\/index.php\/wp-json\/wp\/v2\/product_tag?post=24507"}],"curies":[{"name":"wp","href":"https:\/\/api.w.org\/{rel}","templated":true}]}}