{"id":24499,"date":"2025-12-12T18:20:34","date_gmt":"2025-12-12T17:20:34","guid":{"rendered":"https:\/\/test.ecbeaute.com\/?post_type=product&#038;p=24499"},"modified":"2025-12-12T18:20:38","modified_gmt":"2025-12-12T17:20:38","slug":"avene-cleanance-comedomed-concentre-anti-imperfections-30-ml-2","status":"publish","type":"product","link":"https:\/\/paracherkaoui.ma\/index.php\/produit\/avene-cleanance-comedomed-concentre-anti-imperfections-30-ml-2\/","title":{"rendered":"AVENE CLEANANCE COMEDOMED CONCENTRE ANTI IMPERFECTIONS 30 ML"},"content":{"rendered":"<p>Cleanance Comedomed, innovation des Laboratoires Eau Thermale Av\u00e8ne \u00e0 l&rsquo;efficacit\u00e9 clinique prouv\u00e9e d\u00e8s sept jours* combat les boutons d\u00e9s la racine et limite leur r\u00e9apparition. Soin expert pour peaux grasses \u00e0 tendance acn\u00e9ique, Cleanance Comedomed est formul\u00e9 \u00e0 base de Comedoclastin\u2122, un extrait v\u00e9g\u00e9tal issu des graines de Chardon-Marie. Cet actif aux propri\u00e9t\u00e9s brevet\u00e9es** cible directement les micro-com\u00e9dons, r\u00e9duit les boutons et points noirs existants et limite l&rsquo;apparition des nouveaux, et r\u00e9gule l&rsquo;hyperproduction de s\u00e9bum. Cleanance Comedomed convient aux adultes et adolescents d\u00e8s l&rsquo;\u00e2ge de 12 ans, s&rsquo;applique deux fois par jour, matin et soir, et offre une action anti-r\u00e9cidive cliniquement prouv\u00e9e***. Non com\u00e9dog\u00e8ne, \u00e0 haute tol\u00e9rance* pour les peaux \u00e0 tendance acn\u00e9ique, sa texture \u00e0 absorption rapide et au fini non-gras laisse la peau matifi\u00e9e.*Etude de tol\u00e9rance et d&rsquo;efficacit\u00e9 sous contr\u00f4le dermatologique sur 51 sujets, utilisation de Cleanance Comedomed deux fois par jour pendant 56 jours.** Brevet d\u00e9pos\u00e9. ***Etude clinique internationale observationnelle, 90% des patients sans rechute d&rsquo;acn\u00e9 \u00e0 T6 mois, (selon la d\u00e9finition de rechute du protocole GEA \u22653 n\u00e9cessitant l&rsquo;introduction d&rsquo;un traitement m\u00e9dicamenteux \u2013 oral ou local), 48 sujets, deux applications par jour de Cleanance Comedomed pendant six mois.<br \/>\nLes bienfaits :<br \/>\n\u2022 EFFICACIT\u00c9 cliniquement d\u00e9montr\u00e9e. R\u00e9duit tout type d&rsquo;imperfections des peaux \u00e0 tendance acn\u00e9ique, gr\u00e2ce \u00e0 la Comedoclastin\u2122** qui agit \u00e0 la racine des boutons pour les r\u00e9duire et limiter leur r\u00e9apparition. Sa texture aqueuse l\u00e9g\u00e8re p\u00e9n\u00e8tre rapidement, en favorisant son application, et laisse la peau souple, hydrat\u00e9e et matifi\u00e9e sur la dur\u00e9e.<br \/>\n\u2022 ACTION RAPIDE ET ANTI-RECIDIVE : Cleanance Comedomed, \u00e0 l&rsquo;efficacit\u00e9 clinique prouv\u00e9e, r\u00e9duit les boutons d\u00e9s sept jours* et \u00e9vite leur r\u00e9cidive***. Pour une peau plus nette et un meilleur confort au quotidien.<br \/>\n\u2022 HAUTE TOL\u00c9RANCE : Cleanance Comedomed pr\u00e9sente une haute tol\u00e9rance*, qu&rsquo;il soit utilis\u00e9 seul, en association ou en relais des traitements m\u00e9dicamenteux (hors isotr\u00e9tinoine orale). Sa formule non com\u00e9dog\u00e8ne est sans parfum.<br \/>\nPour une peau plus nette et un meilleur confort au quotidien.<br \/>\n\u2022 TR\u00c8S BIEN TOL\u00c9R\u00c9 : utilis\u00e9 seul ou en association avec des traitements m\u00e9dicamenteux (hors isotr\u00e9tinoine orale), sa tol\u00e9rance par les peaux sensibles \u00e0 tendance acn\u00e9ique est d\u00e9montr\u00e9e cliniquement*.<\/p>\n<p>*Etude de tol\u00e9rance et d\u2019efficacit\u00e9 sous contr\u00f4le dermatologique sur 51 sujets, utilisation de Cleanance Comedomed deux fois par jour pendant 56 jours.<br \/>\n**Brevet d\u00e9pos\u00e9.<br \/>\n***Etude clinique internationale observationnelle, 90% des patients sans rechute d\u2019acn\u00e9 \u00e0 T6 mois, (selon la d\u00e9finition de rechute du protocole GEA \u22653 n\u00e9cessitant l\u2019introduction d\u2019un traitement m\u00e9dicamenteux \u2013 oral ou local), 48 sujets, deux applications par jour de Cleanance Comedomed pendant six mois.<br \/>\nConseils d&rsquo;utilisation:<br \/>\nEtalez une 1 dose de Cleanance Com\u00e9domed sur le bout des doigts,sur<br \/>\nle visage pr\u00e9alablement nettoy\u00e9.<br \/>\n\u2022 Commencez en le d\u00e9posant par touches sur la zone T et les joues.<br \/>\n\u2022 Faites p\u00e9n\u00e9trer par des mouvements circulaires.<br \/>\n\u2022 Terminez en lissant sur les joues et le bas du visage.<br \/>\nA renouveller matin et soir.<br \/>\nIngredients :<br \/>\nAVENE THERMAL SPRING WATER (AVENE AQUA). ISOPROPYL ALCOHOL. PEG-6. GLYCERIN. SILYBUM MARIANUM FRUIT EXTRACT. SILICA. POLYACRYLATE-13. POLYISOBUTENE. POLYSORBATE 20. SORBITAN ISOSTEARATE. WATER (AQUA)<br \/>\nAstuce de l&rsquo;expert :<br \/>\nUn seul conseil \u00e0 donner : adopter une routine courte mais essentielle<br \/>\n\u2022 1 nettoyage ou d\u00e9maquillage soigneux rigoureux du visage : matin et soir<br \/>\n\u2022 1 soin anti-imperfections : \u00e9galement matin et soir.<\/p>\n","protected":false},"excerpt":{"rendered":"<p>Cleanance Comedomed, innovation des Laboratoires Eau Thermale Av\u00e8ne \u00e0 l&rsquo;efficacit\u00e9 clinique prouv\u00e9e d\u00e8s sept jours* combat les boutons d\u00e9s la<\/p>\n","protected":false},"featured_media":13329,"comment_status":"open","ping_status":"closed","template":"","meta":[],"product_brand":[136],"product_cat":[502],"product_tag":[],"class_list":{"0":"post-24499","1":"product","2":"type-product","3":"status-publish","4":"has-post-thumbnail","6":"product_brand-avene","7":"product_cat-soins-anti-imperfections","9":"first","10":"instock","11":"sale","12":"shipping-taxable","13":"purchasable","14":"product-type-simple"},"yoast_head":"<!-- This site is optimized with the Yoast SEO plugin v26.6 - https:\/\/yoast.com\/wordpress\/plugins\/seo\/ -->\r\n<title>AVENE CLEANANCE COMEDOMED CONCENTRE ANTI IMPERFECTIONS 30 ML - Paracherkaoui.ma<\/title>\r\n<meta name=\"robots\" content=\"index, follow, max-snippet:-1, max-image-preview:large, max-video-preview:-1\" \/>\r\n<link rel=\"canonical\" href=\"https:\/\/paracherkaoui.ma\/index.php\/produit\/avene-cleanance-comedomed-concentre-anti-imperfections-30-ml-2\/\" \/>\r\n<meta property=\"og:locale\" content=\"fr_FR\" \/>\r\n<meta property=\"og:type\" content=\"article\" \/>\r\n<meta property=\"og:title\" content=\"AVENE CLEANANCE COMEDOMED CONCENTRE ANTI IMPERFECTIONS 30 ML - Paracherkaoui.ma\" \/>\r\n<meta property=\"og:description\" content=\"Cleanance Comedomed, innovation des Laboratoires Eau Thermale Av\u00e8ne \u00e0 l&rsquo;efficacit\u00e9 clinique prouv\u00e9e d\u00e8s sept jours* combat les boutons d\u00e9s la\" \/>\r\n<meta property=\"og:url\" content=\"https:\/\/paracherkaoui.ma\/index.php\/produit\/avene-cleanance-comedomed-concentre-anti-imperfections-30-ml-2\/\" \/>\r\n<meta property=\"og:site_name\" content=\"Paracherkaoui.ma\" \/>\r\n<meta property=\"article:modified_time\" content=\"2025-12-12T17:20:38+00:00\" \/>\r\n<meta property=\"og:image\" content=\"https:\/\/paracherkaoui.ma\/wp-content\/uploads\/2025\/12\/avene-avene-cleanance-comedomed-concentre-anti-imperfections-30-ml-soins-anti-imperfections.jpg\" \/>\r\n\t<meta property=\"og:image:width\" content=\"700\" \/>\r\n\t<meta property=\"og:image:height\" content=\"700\" \/>\r\n\t<meta property=\"og:image:type\" content=\"image\/jpeg\" \/>\r\n<meta name=\"twitter:card\" content=\"summary_large_image\" \/>\r\n<meta name=\"twitter:label1\" content=\"Dur\u00e9e de lecture estim\u00e9e\" \/>\n\t<meta name=\"twitter:data1\" content=\"3 minutes\" \/>\r\n<script type=\"application\/ld+json\" class=\"yoast-schema-graph\">{\"@context\":\"https:\/\/schema.org\",\"@graph\":[{\"@type\":\"WebPage\",\"@id\":\"https:\/\/paracherkaoui.ma\/index.php\/produit\/avene-cleanance-comedomed-concentre-anti-imperfections-30-ml-2\/\",\"url\":\"https:\/\/paracherkaoui.ma\/index.php\/produit\/avene-cleanance-comedomed-concentre-anti-imperfections-30-ml-2\/\",\"name\":\"AVENE CLEANANCE COMEDOMED CONCENTRE ANTI IMPERFECTIONS 30 ML - Paracherkaoui.ma\",\"isPartOf\":{\"@id\":\"https:\/\/paracherkaoui.ma\/#website\"},\"primaryImageOfPage\":{\"@id\":\"https:\/\/paracherkaoui.ma\/index.php\/produit\/avene-cleanance-comedomed-concentre-anti-imperfections-30-ml-2\/#primaryimage\"},\"image\":{\"@id\":\"https:\/\/paracherkaoui.ma\/index.php\/produit\/avene-cleanance-comedomed-concentre-anti-imperfections-30-ml-2\/#primaryimage\"},\"thumbnailUrl\":\"https:\/\/paracherkaoui.ma\/wp-content\/uploads\/2025\/12\/avene-avene-cleanance-comedomed-concentre-anti-imperfections-30-ml-soins-anti-imperfections.jpg\",\"datePublished\":\"2025-12-12T17:20:34+00:00\",\"dateModified\":\"2025-12-12T17:20:38+00:00\",\"breadcrumb\":{\"@id\":\"https:\/\/paracherkaoui.ma\/index.php\/produit\/avene-cleanance-comedomed-concentre-anti-imperfections-30-ml-2\/#breadcrumb\"},\"inLanguage\":\"fr-FR\",\"potentialAction\":[{\"@type\":\"ReadAction\",\"target\":[\"https:\/\/paracherkaoui.ma\/index.php\/produit\/avene-cleanance-comedomed-concentre-anti-imperfections-30-ml-2\/\"]}]},{\"@type\":\"ImageObject\",\"inLanguage\":\"fr-FR\",\"@id\":\"https:\/\/paracherkaoui.ma\/index.php\/produit\/avene-cleanance-comedomed-concentre-anti-imperfections-30-ml-2\/#primaryimage\",\"url\":\"https:\/\/paracherkaoui.ma\/wp-content\/uploads\/2025\/12\/avene-avene-cleanance-comedomed-concentre-anti-imperfections-30-ml-soins-anti-imperfections.jpg\",\"contentUrl\":\"https:\/\/paracherkaoui.ma\/wp-content\/uploads\/2025\/12\/avene-avene-cleanance-comedomed-concentre-anti-imperfections-30-ml-soins-anti-imperfections.jpg\",\"width\":700,\"height\":700},{\"@type\":\"BreadcrumbList\",\"@id\":\"https:\/\/paracherkaoui.ma\/index.php\/produit\/avene-cleanance-comedomed-concentre-anti-imperfections-30-ml-2\/#breadcrumb\",\"itemListElement\":[{\"@type\":\"ListItem\",\"position\":1,\"name\":\"Accueil\",\"item\":\"https:\/\/paracherkaoui.ma\/\"},{\"@type\":\"ListItem\",\"position\":2,\"name\":\"Boutique\",\"item\":\"https:\/\/paracherkaoui.ma\/index.php\/boutique\/\"},{\"@type\":\"ListItem\",\"position\":3,\"name\":\"AVENE CLEANANCE COMEDOMED CONCENTRE ANTI IMPERFECTIONS 30 ML\"}]},{\"@type\":\"WebSite\",\"@id\":\"https:\/\/paracherkaoui.ma\/#website\",\"url\":\"https:\/\/paracherkaoui.ma\/\",\"name\":\"Paracherkaoui.ma\",\"description\":\"Achetez en ligne sur Paracherkaoui.ma\",\"potentialAction\":[{\"@type\":\"SearchAction\",\"target\":{\"@type\":\"EntryPoint\",\"urlTemplate\":\"https:\/\/paracherkaoui.ma\/?s={search_term_string}\"},\"query-input\":{\"@type\":\"PropertyValueSpecification\",\"valueRequired\":true,\"valueName\":\"search_term_string\"}}],\"inLanguage\":\"fr-FR\"}]}<\/script>\r\n<!-- \/ Yoast SEO plugin. -->","yoast_head_json":{"title":"AVENE CLEANANCE COMEDOMED CONCENTRE ANTI IMPERFECTIONS 30 ML - Paracherkaoui.ma","robots":{"index":"index","follow":"follow","max-snippet":"max-snippet:-1","max-image-preview":"max-image-preview:large","max-video-preview":"max-video-preview:-1"},"canonical":"https:\/\/paracherkaoui.ma\/index.php\/produit\/avene-cleanance-comedomed-concentre-anti-imperfections-30-ml-2\/","og_locale":"fr_FR","og_type":"article","og_title":"AVENE CLEANANCE COMEDOMED CONCENTRE ANTI IMPERFECTIONS 30 ML - Paracherkaoui.ma","og_description":"Cleanance Comedomed, innovation des Laboratoires Eau Thermale Av\u00e8ne \u00e0 l&rsquo;efficacit\u00e9 clinique prouv\u00e9e d\u00e8s sept jours* combat les boutons d\u00e9s la","og_url":"https:\/\/paracherkaoui.ma\/index.php\/produit\/avene-cleanance-comedomed-concentre-anti-imperfections-30-ml-2\/","og_site_name":"Paracherkaoui.ma","article_modified_time":"2025-12-12T17:20:38+00:00","og_image":[{"width":700,"height":700,"url":"https:\/\/paracherkaoui.ma\/wp-content\/uploads\/2025\/12\/avene-avene-cleanance-comedomed-concentre-anti-imperfections-30-ml-soins-anti-imperfections.jpg","type":"image\/jpeg"}],"twitter_card":"summary_large_image","twitter_misc":{"Dur\u00e9e de lecture estim\u00e9e":"3 minutes"},"schema":{"@context":"https:\/\/schema.org","@graph":[{"@type":"WebPage","@id":"https:\/\/paracherkaoui.ma\/index.php\/produit\/avene-cleanance-comedomed-concentre-anti-imperfections-30-ml-2\/","url":"https:\/\/paracherkaoui.ma\/index.php\/produit\/avene-cleanance-comedomed-concentre-anti-imperfections-30-ml-2\/","name":"AVENE CLEANANCE COMEDOMED CONCENTRE ANTI IMPERFECTIONS 30 ML - Paracherkaoui.ma","isPartOf":{"@id":"https:\/\/paracherkaoui.ma\/#website"},"primaryImageOfPage":{"@id":"https:\/\/paracherkaoui.ma\/index.php\/produit\/avene-cleanance-comedomed-concentre-anti-imperfections-30-ml-2\/#primaryimage"},"image":{"@id":"https:\/\/paracherkaoui.ma\/index.php\/produit\/avene-cleanance-comedomed-concentre-anti-imperfections-30-ml-2\/#primaryimage"},"thumbnailUrl":"https:\/\/paracherkaoui.ma\/wp-content\/uploads\/2025\/12\/avene-avene-cleanance-comedomed-concentre-anti-imperfections-30-ml-soins-anti-imperfections.jpg","datePublished":"2025-12-12T17:20:34+00:00","dateModified":"2025-12-12T17:20:38+00:00","breadcrumb":{"@id":"https:\/\/paracherkaoui.ma\/index.php\/produit\/avene-cleanance-comedomed-concentre-anti-imperfections-30-ml-2\/#breadcrumb"},"inLanguage":"fr-FR","potentialAction":[{"@type":"ReadAction","target":["https:\/\/paracherkaoui.ma\/index.php\/produit\/avene-cleanance-comedomed-concentre-anti-imperfections-30-ml-2\/"]}]},{"@type":"ImageObject","inLanguage":"fr-FR","@id":"https:\/\/paracherkaoui.ma\/index.php\/produit\/avene-cleanance-comedomed-concentre-anti-imperfections-30-ml-2\/#primaryimage","url":"https:\/\/paracherkaoui.ma\/wp-content\/uploads\/2025\/12\/avene-avene-cleanance-comedomed-concentre-anti-imperfections-30-ml-soins-anti-imperfections.jpg","contentUrl":"https:\/\/paracherkaoui.ma\/wp-content\/uploads\/2025\/12\/avene-avene-cleanance-comedomed-concentre-anti-imperfections-30-ml-soins-anti-imperfections.jpg","width":700,"height":700},{"@type":"BreadcrumbList","@id":"https:\/\/paracherkaoui.ma\/index.php\/produit\/avene-cleanance-comedomed-concentre-anti-imperfections-30-ml-2\/#breadcrumb","itemListElement":[{"@type":"ListItem","position":1,"name":"Accueil","item":"https:\/\/paracherkaoui.ma\/"},{"@type":"ListItem","position":2,"name":"Boutique","item":"https:\/\/paracherkaoui.ma\/index.php\/boutique\/"},{"@type":"ListItem","position":3,"name":"AVENE CLEANANCE COMEDOMED CONCENTRE ANTI IMPERFECTIONS 30 ML"}]},{"@type":"WebSite","@id":"https:\/\/paracherkaoui.ma\/#website","url":"https:\/\/paracherkaoui.ma\/","name":"Paracherkaoui.ma","description":"Achetez en ligne sur Paracherkaoui.ma","potentialAction":[{"@type":"SearchAction","target":{"@type":"EntryPoint","urlTemplate":"https:\/\/paracherkaoui.ma\/?s={search_term_string}"},"query-input":{"@type":"PropertyValueSpecification","valueRequired":true,"valueName":"search_term_string"}}],"inLanguage":"fr-FR"}]}},"_links":{"self":[{"href":"https:\/\/paracherkaoui.ma\/index.php\/wp-json\/wp\/v2\/product\/24499","targetHints":{"allow":["GET"]}}],"collection":[{"href":"https:\/\/paracherkaoui.ma\/index.php\/wp-json\/wp\/v2\/product"}],"about":[{"href":"https:\/\/paracherkaoui.ma\/index.php\/wp-json\/wp\/v2\/types\/product"}],"replies":[{"embeddable":true,"href":"https:\/\/paracherkaoui.ma\/index.php\/wp-json\/wp\/v2\/comments?post=24499"}],"version-history":[{"count":1,"href":"https:\/\/paracherkaoui.ma\/index.php\/wp-json\/wp\/v2\/product\/24499\/revisions"}],"predecessor-version":[{"id":24536,"href":"https:\/\/paracherkaoui.ma\/index.php\/wp-json\/wp\/v2\/product\/24499\/revisions\/24536"}],"wp:featuredmedia":[{"embeddable":true,"href":"https:\/\/paracherkaoui.ma\/index.php\/wp-json\/wp\/v2\/media\/13329"}],"wp:attachment":[{"href":"https:\/\/paracherkaoui.ma\/index.php\/wp-json\/wp\/v2\/media?parent=24499"}],"wp:term":[{"taxonomy":"product_brand","embeddable":true,"href":"https:\/\/paracherkaoui.ma\/index.php\/wp-json\/wp\/v2\/product_brand?post=24499"},{"taxonomy":"product_cat","embeddable":true,"href":"https:\/\/paracherkaoui.ma\/index.php\/wp-json\/wp\/v2\/product_cat?post=24499"},{"taxonomy":"product_tag","embeddable":true,"href":"https:\/\/paracherkaoui.ma\/index.php\/wp-json\/wp\/v2\/product_tag?post=24499"}],"curies":[{"name":"wp","href":"https:\/\/api.w.org\/{rel}","templated":true}]}}