{"id":24483,"date":"2025-12-12T18:20:33","date_gmt":"2025-12-12T17:20:33","guid":{"rendered":"https:\/\/test.ecbeaute.com\/?post_type=product&#038;p=24483"},"modified":"2025-12-12T18:20:35","modified_gmt":"2025-12-12T17:20:35","slug":"ducray-melascreen-serum-anti-taches-eclat-40-ml","status":"publish","type":"product","link":"https:\/\/paracherkaoui.ma\/index.php\/produit\/ducray-melascreen-serum-anti-taches-eclat-40-ml\/","title":{"rendered":"DUCRAY MELASCREEN SERUM ANTI TACHES ECLAT 40 ML"},"content":{"rendered":"<p>Le s\u00e9rum antitaches \u00e9clat MELASCREEN est le 1er soin du quotidien d\u00e9velopp\u00e9 \u00e0 base d\u2019une haute concentration en actifs vitamin\u00e9s (8%) afin d&rsquo;unifier le teint et d&rsquo;apporter de l\u2019\u00e9clat \u00e0 la peau.<br \/>\nA la pointe de l\u2019innovation, sa formule aqua-gel est parfaitement adapt\u00e9e afin de booster l\u2019\u00e9clat naturel de la peau et clarifier le teint. Elle prot\u00e8ge et d\u00e9fend la barri\u00e8re cutan\u00e9e contre les agressions ext\u00e9rieures \u00e0 l\u2019exemple de la pollution.<br \/>\nLa PRO-VITAMINE C STABILIS\u00c9E \u00e9claircit le teint et prot\u00e8ge la peau des effets n\u00e9fastes du stress oxydatif induit par les agressions ext\u00e9rieures.<br \/>\nLa VITAMINE PP limite l\u2019apparition des taches brunes en r\u00e9gulant la production de m\u00e9lanine synth\u00e9tis\u00e9e en exc\u00e8s \u00e0 la surface de la peau.<br \/>\nL&rsquo;efficacit\u00e9 antitaches de ce soin quotidien est cliniquement prouv\u00e9e sur toutes les couleurs de peau.<\/p>\n<p>Dot\u00e9 d\u2019une bonne tol\u00e9rance, il hydrate la peau pendant 24h et constitue une tr\u00e8s bonne base de maquillage.<\/p>\n<p>Fra\u00eeche et d\u00e9licatement parfum\u00e9e, sa texture est facile \u00e0 appliquer au quotidien et p\u00e9n\u00e8tre facilement dans la peau.<\/p>\n<p>Un soin \u00e9clat unifiant qui convient aux femmes enceintes et allaitantes.<\/p>\n<p>Non com\u00e9dog\u00e8ne et d\u00e9velopp\u00e9 pour minimiser les risques allergiques.<br \/>\nCONSEILS D&rsquo;UTILISATION:<br \/>\n1 \u00e0 2 fois par jour sur l&rsquo;ensemble du visage, du cou et du d\u00e9collet\u00e9<\/p>\n","protected":false},"excerpt":{"rendered":"<p>Le s\u00e9rum antitaches \u00e9clat MELASCREEN est le 1er soin du quotidien d\u00e9velopp\u00e9 \u00e0 base d\u2019une haute concentration en actifs vitamin\u00e9s<\/p>\n","protected":false},"featured_media":24515,"comment_status":"open","ping_status":"closed","template":"","meta":[],"product_brand":[138],"product_cat":[502],"product_tag":[],"class_list":{"0":"post-24483","1":"product","2":"type-product","3":"status-publish","4":"has-post-thumbnail","6":"product_brand-ducray","7":"product_cat-soins-anti-imperfections","9":"first","10":"instock","11":"sale","12":"shipping-taxable","13":"purchasable","14":"product-type-simple"},"yoast_head":"<!-- This site is optimized with the Yoast SEO plugin v26.6 - https:\/\/yoast.com\/wordpress\/plugins\/seo\/ -->\r\n<title>DUCRAY MELASCREEN SERUM ANTI TACHES ECLAT 40 ML - Paracherkaoui.ma<\/title>\r\n<meta name=\"robots\" content=\"index, follow, max-snippet:-1, max-image-preview:large, max-video-preview:-1\" \/>\r\n<link rel=\"canonical\" href=\"https:\/\/paracherkaoui.ma\/index.php\/produit\/ducray-melascreen-serum-anti-taches-eclat-40-ml\/\" \/>\r\n<meta property=\"og:locale\" content=\"fr_FR\" \/>\r\n<meta property=\"og:type\" content=\"article\" \/>\r\n<meta property=\"og:title\" content=\"DUCRAY MELASCREEN SERUM ANTI TACHES ECLAT 40 ML - Paracherkaoui.ma\" \/>\r\n<meta property=\"og:description\" content=\"Le s\u00e9rum antitaches \u00e9clat MELASCREEN est le 1er soin du quotidien d\u00e9velopp\u00e9 \u00e0 base d\u2019une haute concentration en actifs vitamin\u00e9s\" \/>\r\n<meta property=\"og:url\" content=\"https:\/\/paracherkaoui.ma\/index.php\/produit\/ducray-melascreen-serum-anti-taches-eclat-40-ml\/\" \/>\r\n<meta property=\"og:site_name\" content=\"Paracherkaoui.ma\" \/>\r\n<meta property=\"article:modified_time\" content=\"2025-12-12T17:20:35+00:00\" \/>\r\n<meta property=\"og:image\" content=\"https:\/\/paracherkaoui.ma\/wp-content\/uploads\/2025\/12\/ducray-melascreen-serum-anti-taches-eclat-40-ml.jpg\" \/>\r\n\t<meta property=\"og:image:width\" content=\"700\" \/>\r\n\t<meta property=\"og:image:height\" content=\"700\" \/>\r\n\t<meta property=\"og:image:type\" content=\"image\/jpeg\" \/>\r\n<meta name=\"twitter:card\" content=\"summary_large_image\" \/>\r\n<meta name=\"twitter:label1\" content=\"Dur\u00e9e de lecture estim\u00e9e\" \/>\n\t<meta name=\"twitter:data1\" content=\"1 minute\" \/>\r\n<script type=\"application\/ld+json\" class=\"yoast-schema-graph\">{\"@context\":\"https:\/\/schema.org\",\"@graph\":[{\"@type\":\"WebPage\",\"@id\":\"https:\/\/paracherkaoui.ma\/index.php\/produit\/ducray-melascreen-serum-anti-taches-eclat-40-ml\/\",\"url\":\"https:\/\/paracherkaoui.ma\/index.php\/produit\/ducray-melascreen-serum-anti-taches-eclat-40-ml\/\",\"name\":\"DUCRAY MELASCREEN SERUM ANTI TACHES ECLAT 40 ML - Paracherkaoui.ma\",\"isPartOf\":{\"@id\":\"https:\/\/paracherkaoui.ma\/#website\"},\"primaryImageOfPage\":{\"@id\":\"https:\/\/paracherkaoui.ma\/index.php\/produit\/ducray-melascreen-serum-anti-taches-eclat-40-ml\/#primaryimage\"},\"image\":{\"@id\":\"https:\/\/paracherkaoui.ma\/index.php\/produit\/ducray-melascreen-serum-anti-taches-eclat-40-ml\/#primaryimage\"},\"thumbnailUrl\":\"https:\/\/paracherkaoui.ma\/wp-content\/uploads\/2025\/12\/ducray-melascreen-serum-anti-taches-eclat-40-ml.jpg\",\"datePublished\":\"2025-12-12T17:20:33+00:00\",\"dateModified\":\"2025-12-12T17:20:35+00:00\",\"breadcrumb\":{\"@id\":\"https:\/\/paracherkaoui.ma\/index.php\/produit\/ducray-melascreen-serum-anti-taches-eclat-40-ml\/#breadcrumb\"},\"inLanguage\":\"fr-FR\",\"potentialAction\":[{\"@type\":\"ReadAction\",\"target\":[\"https:\/\/paracherkaoui.ma\/index.php\/produit\/ducray-melascreen-serum-anti-taches-eclat-40-ml\/\"]}]},{\"@type\":\"ImageObject\",\"inLanguage\":\"fr-FR\",\"@id\":\"https:\/\/paracherkaoui.ma\/index.php\/produit\/ducray-melascreen-serum-anti-taches-eclat-40-ml\/#primaryimage\",\"url\":\"https:\/\/paracherkaoui.ma\/wp-content\/uploads\/2025\/12\/ducray-melascreen-serum-anti-taches-eclat-40-ml.jpg\",\"contentUrl\":\"https:\/\/paracherkaoui.ma\/wp-content\/uploads\/2025\/12\/ducray-melascreen-serum-anti-taches-eclat-40-ml.jpg\",\"width\":700,\"height\":700},{\"@type\":\"BreadcrumbList\",\"@id\":\"https:\/\/paracherkaoui.ma\/index.php\/produit\/ducray-melascreen-serum-anti-taches-eclat-40-ml\/#breadcrumb\",\"itemListElement\":[{\"@type\":\"ListItem\",\"position\":1,\"name\":\"Accueil\",\"item\":\"https:\/\/paracherkaoui.ma\/\"},{\"@type\":\"ListItem\",\"position\":2,\"name\":\"Boutique\",\"item\":\"https:\/\/paracherkaoui.ma\/index.php\/boutique\/\"},{\"@type\":\"ListItem\",\"position\":3,\"name\":\"DUCRAY MELASCREEN SERUM ANTI TACHES ECLAT 40 ML\"}]},{\"@type\":\"WebSite\",\"@id\":\"https:\/\/paracherkaoui.ma\/#website\",\"url\":\"https:\/\/paracherkaoui.ma\/\",\"name\":\"Paracherkaoui.ma\",\"description\":\"Achetez en ligne sur Paracherkaoui.ma\",\"potentialAction\":[{\"@type\":\"SearchAction\",\"target\":{\"@type\":\"EntryPoint\",\"urlTemplate\":\"https:\/\/paracherkaoui.ma\/?s={search_term_string}\"},\"query-input\":{\"@type\":\"PropertyValueSpecification\",\"valueRequired\":true,\"valueName\":\"search_term_string\"}}],\"inLanguage\":\"fr-FR\"}]}<\/script>\r\n<!-- \/ Yoast SEO plugin. -->","yoast_head_json":{"title":"DUCRAY MELASCREEN SERUM ANTI TACHES ECLAT 40 ML - Paracherkaoui.ma","robots":{"index":"index","follow":"follow","max-snippet":"max-snippet:-1","max-image-preview":"max-image-preview:large","max-video-preview":"max-video-preview:-1"},"canonical":"https:\/\/paracherkaoui.ma\/index.php\/produit\/ducray-melascreen-serum-anti-taches-eclat-40-ml\/","og_locale":"fr_FR","og_type":"article","og_title":"DUCRAY MELASCREEN SERUM ANTI TACHES ECLAT 40 ML - Paracherkaoui.ma","og_description":"Le s\u00e9rum antitaches \u00e9clat MELASCREEN est le 1er soin du quotidien d\u00e9velopp\u00e9 \u00e0 base d\u2019une haute concentration en actifs vitamin\u00e9s","og_url":"https:\/\/paracherkaoui.ma\/index.php\/produit\/ducray-melascreen-serum-anti-taches-eclat-40-ml\/","og_site_name":"Paracherkaoui.ma","article_modified_time":"2025-12-12T17:20:35+00:00","og_image":[{"width":700,"height":700,"url":"https:\/\/paracherkaoui.ma\/wp-content\/uploads\/2025\/12\/ducray-melascreen-serum-anti-taches-eclat-40-ml.jpg","type":"image\/jpeg"}],"twitter_card":"summary_large_image","twitter_misc":{"Dur\u00e9e de lecture estim\u00e9e":"1 minute"},"schema":{"@context":"https:\/\/schema.org","@graph":[{"@type":"WebPage","@id":"https:\/\/paracherkaoui.ma\/index.php\/produit\/ducray-melascreen-serum-anti-taches-eclat-40-ml\/","url":"https:\/\/paracherkaoui.ma\/index.php\/produit\/ducray-melascreen-serum-anti-taches-eclat-40-ml\/","name":"DUCRAY MELASCREEN SERUM ANTI TACHES ECLAT 40 ML - Paracherkaoui.ma","isPartOf":{"@id":"https:\/\/paracherkaoui.ma\/#website"},"primaryImageOfPage":{"@id":"https:\/\/paracherkaoui.ma\/index.php\/produit\/ducray-melascreen-serum-anti-taches-eclat-40-ml\/#primaryimage"},"image":{"@id":"https:\/\/paracherkaoui.ma\/index.php\/produit\/ducray-melascreen-serum-anti-taches-eclat-40-ml\/#primaryimage"},"thumbnailUrl":"https:\/\/paracherkaoui.ma\/wp-content\/uploads\/2025\/12\/ducray-melascreen-serum-anti-taches-eclat-40-ml.jpg","datePublished":"2025-12-12T17:20:33+00:00","dateModified":"2025-12-12T17:20:35+00:00","breadcrumb":{"@id":"https:\/\/paracherkaoui.ma\/index.php\/produit\/ducray-melascreen-serum-anti-taches-eclat-40-ml\/#breadcrumb"},"inLanguage":"fr-FR","potentialAction":[{"@type":"ReadAction","target":["https:\/\/paracherkaoui.ma\/index.php\/produit\/ducray-melascreen-serum-anti-taches-eclat-40-ml\/"]}]},{"@type":"ImageObject","inLanguage":"fr-FR","@id":"https:\/\/paracherkaoui.ma\/index.php\/produit\/ducray-melascreen-serum-anti-taches-eclat-40-ml\/#primaryimage","url":"https:\/\/paracherkaoui.ma\/wp-content\/uploads\/2025\/12\/ducray-melascreen-serum-anti-taches-eclat-40-ml.jpg","contentUrl":"https:\/\/paracherkaoui.ma\/wp-content\/uploads\/2025\/12\/ducray-melascreen-serum-anti-taches-eclat-40-ml.jpg","width":700,"height":700},{"@type":"BreadcrumbList","@id":"https:\/\/paracherkaoui.ma\/index.php\/produit\/ducray-melascreen-serum-anti-taches-eclat-40-ml\/#breadcrumb","itemListElement":[{"@type":"ListItem","position":1,"name":"Accueil","item":"https:\/\/paracherkaoui.ma\/"},{"@type":"ListItem","position":2,"name":"Boutique","item":"https:\/\/paracherkaoui.ma\/index.php\/boutique\/"},{"@type":"ListItem","position":3,"name":"DUCRAY MELASCREEN SERUM ANTI TACHES ECLAT 40 ML"}]},{"@type":"WebSite","@id":"https:\/\/paracherkaoui.ma\/#website","url":"https:\/\/paracherkaoui.ma\/","name":"Paracherkaoui.ma","description":"Achetez en ligne sur Paracherkaoui.ma","potentialAction":[{"@type":"SearchAction","target":{"@type":"EntryPoint","urlTemplate":"https:\/\/paracherkaoui.ma\/?s={search_term_string}"},"query-input":{"@type":"PropertyValueSpecification","valueRequired":true,"valueName":"search_term_string"}}],"inLanguage":"fr-FR"}]}},"_links":{"self":[{"href":"https:\/\/paracherkaoui.ma\/index.php\/wp-json\/wp\/v2\/product\/24483","targetHints":{"allow":["GET"]}}],"collection":[{"href":"https:\/\/paracherkaoui.ma\/index.php\/wp-json\/wp\/v2\/product"}],"about":[{"href":"https:\/\/paracherkaoui.ma\/index.php\/wp-json\/wp\/v2\/types\/product"}],"replies":[{"embeddable":true,"href":"https:\/\/paracherkaoui.ma\/index.php\/wp-json\/wp\/v2\/comments?post=24483"}],"version-history":[{"count":1,"href":"https:\/\/paracherkaoui.ma\/index.php\/wp-json\/wp\/v2\/product\/24483\/revisions"}],"predecessor-version":[{"id":24516,"href":"https:\/\/paracherkaoui.ma\/index.php\/wp-json\/wp\/v2\/product\/24483\/revisions\/24516"}],"wp:featuredmedia":[{"embeddable":true,"href":"https:\/\/paracherkaoui.ma\/index.php\/wp-json\/wp\/v2\/media\/24515"}],"wp:attachment":[{"href":"https:\/\/paracherkaoui.ma\/index.php\/wp-json\/wp\/v2\/media?parent=24483"}],"wp:term":[{"taxonomy":"product_brand","embeddable":true,"href":"https:\/\/paracherkaoui.ma\/index.php\/wp-json\/wp\/v2\/product_brand?post=24483"},{"taxonomy":"product_cat","embeddable":true,"href":"https:\/\/paracherkaoui.ma\/index.php\/wp-json\/wp\/v2\/product_cat?post=24483"},{"taxonomy":"product_tag","embeddable":true,"href":"https:\/\/paracherkaoui.ma\/index.php\/wp-json\/wp\/v2\/product_tag?post=24483"}],"curies":[{"name":"wp","href":"https:\/\/api.w.org\/{rel}","templated":true}]}}