{"id":24428,"date":"2025-12-12T18:20:27","date_gmt":"2025-12-12T17:20:27","guid":{"rendered":"https:\/\/test.ecbeaute.com\/?post_type=product&#038;p=24428"},"modified":"2025-12-12T18:20:30","modified_gmt":"2025-12-12T17:20:30","slug":"avene-cleanance-gel-nettoyant-200-ml-2","status":"publish","type":"product","link":"https:\/\/paracherkaoui.ma\/index.php\/produit\/avene-cleanance-gel-nettoyant-200-ml-2\/","title":{"rendered":"AVENE CLEANANCE GEL NETTOYANT 200 ML"},"content":{"rendered":"<p>Un gel nettoyant purifiant, l\u00e9g\u00e9rement moussant, destin\u00e9 aux peaux grasses et \/ou \u00e0 tendance acn\u00e9ique. Cleanance Gel nettoyant convient aux porteurs de lentilles. Avec son pH physiologique, il est formul\u00e9 sans savon, et pr\u00e9sente une tr\u00e8s bonne tol\u00e9rance cutan\u00e9e. Sa formule respectueuse des peaux sensibles combine une association unique d&rsquo;actifs aux triples b\u00e9n\u00e9fices : un nettoyage d\u00e9licat gr\u00e2ce \u00e0 une base lavante douce, un effet matifiant assur\u00e9 par la Comedoclastin\u2122, un actif v\u00e9g\u00e9tal issu de graines de chardon marie aux propri\u00e9t\u00e9 brevet\u00e9s* qui r\u00e9duit l&rsquo;exc\u00e8s de s\u00e9bum, et un confort li\u00e9 \u00e0 l&rsquo;Eau thermale d&rsquo;Av\u00e8ne aux propri\u00e9t\u00e9s apaisantes et anti-irritantes. La peau est nette, fra\u00eeche, purifi\u00e9e et moins brillante. Formule biod\u00e9gradable**.<\/p>\n<p>Les bienfaits :<br \/>\n\u2022 NETTOYANT : l\u00e9g\u00e8rement moussant.<br \/>\n\u2022 APAISANT : gr\u00e2ce \u00e0 l&rsquo;Eau thermale d&rsquo;Av\u00e8ne aux propri\u00e9t\u00e9s apaisantes et anti-irritantes.<br \/>\n\u2022 MATIFIANT : r\u00e9duit l\u2019exc\u00e8s de s\u00e9bum.<\/p>\n<p>Conseils d&rsquo;utilisation:<br \/>\nAppliquez matin et\/ou soir sur le visage pr\u00e9alablement humidifi\u00e9, faites mousser sur le bout de vos doigts avec un peau d&rsquo;eau, l&rsquo;appliquez sur le visage et le cou en mouvement circulaires, rincez abondamment puis s\u00e9chez en tamponnant d\u00e9licatement votre visage.<\/p>\n","protected":false},"excerpt":{"rendered":"<p>Un gel nettoyant purifiant, l\u00e9g\u00e9rement moussant, destin\u00e9 aux peaux grasses et \/ou \u00e0 tendance acn\u00e9ique. Cleanance Gel nettoyant convient aux<\/p>\n","protected":false},"featured_media":12325,"comment_status":"open","ping_status":"closed","template":"","meta":[],"product_brand":[136],"product_cat":[502],"product_tag":[],"class_list":{"0":"post-24428","1":"product","2":"type-product","3":"status-publish","4":"has-post-thumbnail","6":"product_brand-avene","7":"product_cat-soins-anti-imperfections","9":"first","10":"instock","11":"sale","12":"shipping-taxable","13":"purchasable","14":"product-type-simple"},"yoast_head":"<!-- This site is optimized with the Yoast SEO plugin v26.6 - https:\/\/yoast.com\/wordpress\/plugins\/seo\/ -->\r\n<title>AVENE CLEANANCE GEL NETTOYANT 200 ML - Paracherkaoui.ma<\/title>\r\n<meta name=\"robots\" content=\"index, follow, max-snippet:-1, max-image-preview:large, max-video-preview:-1\" \/>\r\n<link rel=\"canonical\" href=\"https:\/\/paracherkaoui.ma\/index.php\/produit\/avene-cleanance-gel-nettoyant-200-ml-2\/\" \/>\r\n<meta property=\"og:locale\" content=\"fr_FR\" \/>\r\n<meta property=\"og:type\" content=\"article\" \/>\r\n<meta property=\"og:title\" content=\"AVENE CLEANANCE GEL NETTOYANT 200 ML - Paracherkaoui.ma\" \/>\r\n<meta property=\"og:description\" content=\"Un gel nettoyant purifiant, l\u00e9g\u00e9rement moussant, destin\u00e9 aux peaux grasses et \/ou \u00e0 tendance acn\u00e9ique. Cleanance Gel nettoyant convient aux\" \/>\r\n<meta property=\"og:url\" content=\"https:\/\/paracherkaoui.ma\/index.php\/produit\/avene-cleanance-gel-nettoyant-200-ml-2\/\" \/>\r\n<meta property=\"og:site_name\" content=\"Paracherkaoui.ma\" \/>\r\n<meta property=\"article:modified_time\" content=\"2025-12-12T17:20:30+00:00\" \/>\r\n<meta property=\"og:image\" content=\"https:\/\/paracherkaoui.ma\/wp-content\/uploads\/2025\/12\/avene-avene-cleanance-gel-nettoyant-200-ml-soins-anti-imperfections.jpg\" \/>\r\n\t<meta property=\"og:image:width\" content=\"700\" \/>\r\n\t<meta property=\"og:image:height\" content=\"700\" \/>\r\n\t<meta property=\"og:image:type\" content=\"image\/jpeg\" \/>\r\n<meta name=\"twitter:card\" content=\"summary_large_image\" \/>\r\n<meta name=\"twitter:label1\" content=\"Dur\u00e9e de lecture estim\u00e9e\" \/>\n\t<meta name=\"twitter:data1\" content=\"1 minute\" \/>\r\n<script type=\"application\/ld+json\" class=\"yoast-schema-graph\">{\"@context\":\"https:\/\/schema.org\",\"@graph\":[{\"@type\":\"WebPage\",\"@id\":\"https:\/\/paracherkaoui.ma\/index.php\/produit\/avene-cleanance-gel-nettoyant-200-ml-2\/\",\"url\":\"https:\/\/paracherkaoui.ma\/index.php\/produit\/avene-cleanance-gel-nettoyant-200-ml-2\/\",\"name\":\"AVENE CLEANANCE GEL NETTOYANT 200 ML - Paracherkaoui.ma\",\"isPartOf\":{\"@id\":\"https:\/\/paracherkaoui.ma\/#website\"},\"primaryImageOfPage\":{\"@id\":\"https:\/\/paracherkaoui.ma\/index.php\/produit\/avene-cleanance-gel-nettoyant-200-ml-2\/#primaryimage\"},\"image\":{\"@id\":\"https:\/\/paracherkaoui.ma\/index.php\/produit\/avene-cleanance-gel-nettoyant-200-ml-2\/#primaryimage\"},\"thumbnailUrl\":\"https:\/\/paracherkaoui.ma\/wp-content\/uploads\/2025\/12\/avene-avene-cleanance-gel-nettoyant-200-ml-soins-anti-imperfections.jpg\",\"datePublished\":\"2025-12-12T17:20:27+00:00\",\"dateModified\":\"2025-12-12T17:20:30+00:00\",\"breadcrumb\":{\"@id\":\"https:\/\/paracherkaoui.ma\/index.php\/produit\/avene-cleanance-gel-nettoyant-200-ml-2\/#breadcrumb\"},\"inLanguage\":\"fr-FR\",\"potentialAction\":[{\"@type\":\"ReadAction\",\"target\":[\"https:\/\/paracherkaoui.ma\/index.php\/produit\/avene-cleanance-gel-nettoyant-200-ml-2\/\"]}]},{\"@type\":\"ImageObject\",\"inLanguage\":\"fr-FR\",\"@id\":\"https:\/\/paracherkaoui.ma\/index.php\/produit\/avene-cleanance-gel-nettoyant-200-ml-2\/#primaryimage\",\"url\":\"https:\/\/paracherkaoui.ma\/wp-content\/uploads\/2025\/12\/avene-avene-cleanance-gel-nettoyant-200-ml-soins-anti-imperfections.jpg\",\"contentUrl\":\"https:\/\/paracherkaoui.ma\/wp-content\/uploads\/2025\/12\/avene-avene-cleanance-gel-nettoyant-200-ml-soins-anti-imperfections.jpg\",\"width\":700,\"height\":700},{\"@type\":\"BreadcrumbList\",\"@id\":\"https:\/\/paracherkaoui.ma\/index.php\/produit\/avene-cleanance-gel-nettoyant-200-ml-2\/#breadcrumb\",\"itemListElement\":[{\"@type\":\"ListItem\",\"position\":1,\"name\":\"Accueil\",\"item\":\"https:\/\/paracherkaoui.ma\/\"},{\"@type\":\"ListItem\",\"position\":2,\"name\":\"Boutique\",\"item\":\"https:\/\/paracherkaoui.ma\/index.php\/boutique\/\"},{\"@type\":\"ListItem\",\"position\":3,\"name\":\"AVENE CLEANANCE GEL NETTOYANT 200 ML\"}]},{\"@type\":\"WebSite\",\"@id\":\"https:\/\/paracherkaoui.ma\/#website\",\"url\":\"https:\/\/paracherkaoui.ma\/\",\"name\":\"Paracherkaoui.ma\",\"description\":\"Achetez en ligne sur Paracherkaoui.ma\",\"potentialAction\":[{\"@type\":\"SearchAction\",\"target\":{\"@type\":\"EntryPoint\",\"urlTemplate\":\"https:\/\/paracherkaoui.ma\/?s={search_term_string}\"},\"query-input\":{\"@type\":\"PropertyValueSpecification\",\"valueRequired\":true,\"valueName\":\"search_term_string\"}}],\"inLanguage\":\"fr-FR\"}]}<\/script>\r\n<!-- \/ Yoast SEO plugin. -->","yoast_head_json":{"title":"AVENE CLEANANCE GEL NETTOYANT 200 ML - Paracherkaoui.ma","robots":{"index":"index","follow":"follow","max-snippet":"max-snippet:-1","max-image-preview":"max-image-preview:large","max-video-preview":"max-video-preview:-1"},"canonical":"https:\/\/paracherkaoui.ma\/index.php\/produit\/avene-cleanance-gel-nettoyant-200-ml-2\/","og_locale":"fr_FR","og_type":"article","og_title":"AVENE CLEANANCE GEL NETTOYANT 200 ML - Paracherkaoui.ma","og_description":"Un gel nettoyant purifiant, l\u00e9g\u00e9rement moussant, destin\u00e9 aux peaux grasses et \/ou \u00e0 tendance acn\u00e9ique. Cleanance Gel nettoyant convient aux","og_url":"https:\/\/paracherkaoui.ma\/index.php\/produit\/avene-cleanance-gel-nettoyant-200-ml-2\/","og_site_name":"Paracherkaoui.ma","article_modified_time":"2025-12-12T17:20:30+00:00","og_image":[{"width":700,"height":700,"url":"https:\/\/paracherkaoui.ma\/wp-content\/uploads\/2025\/12\/avene-avene-cleanance-gel-nettoyant-200-ml-soins-anti-imperfections.jpg","type":"image\/jpeg"}],"twitter_card":"summary_large_image","twitter_misc":{"Dur\u00e9e de lecture estim\u00e9e":"1 minute"},"schema":{"@context":"https:\/\/schema.org","@graph":[{"@type":"WebPage","@id":"https:\/\/paracherkaoui.ma\/index.php\/produit\/avene-cleanance-gel-nettoyant-200-ml-2\/","url":"https:\/\/paracherkaoui.ma\/index.php\/produit\/avene-cleanance-gel-nettoyant-200-ml-2\/","name":"AVENE CLEANANCE GEL NETTOYANT 200 ML - Paracherkaoui.ma","isPartOf":{"@id":"https:\/\/paracherkaoui.ma\/#website"},"primaryImageOfPage":{"@id":"https:\/\/paracherkaoui.ma\/index.php\/produit\/avene-cleanance-gel-nettoyant-200-ml-2\/#primaryimage"},"image":{"@id":"https:\/\/paracherkaoui.ma\/index.php\/produit\/avene-cleanance-gel-nettoyant-200-ml-2\/#primaryimage"},"thumbnailUrl":"https:\/\/paracherkaoui.ma\/wp-content\/uploads\/2025\/12\/avene-avene-cleanance-gel-nettoyant-200-ml-soins-anti-imperfections.jpg","datePublished":"2025-12-12T17:20:27+00:00","dateModified":"2025-12-12T17:20:30+00:00","breadcrumb":{"@id":"https:\/\/paracherkaoui.ma\/index.php\/produit\/avene-cleanance-gel-nettoyant-200-ml-2\/#breadcrumb"},"inLanguage":"fr-FR","potentialAction":[{"@type":"ReadAction","target":["https:\/\/paracherkaoui.ma\/index.php\/produit\/avene-cleanance-gel-nettoyant-200-ml-2\/"]}]},{"@type":"ImageObject","inLanguage":"fr-FR","@id":"https:\/\/paracherkaoui.ma\/index.php\/produit\/avene-cleanance-gel-nettoyant-200-ml-2\/#primaryimage","url":"https:\/\/paracherkaoui.ma\/wp-content\/uploads\/2025\/12\/avene-avene-cleanance-gel-nettoyant-200-ml-soins-anti-imperfections.jpg","contentUrl":"https:\/\/paracherkaoui.ma\/wp-content\/uploads\/2025\/12\/avene-avene-cleanance-gel-nettoyant-200-ml-soins-anti-imperfections.jpg","width":700,"height":700},{"@type":"BreadcrumbList","@id":"https:\/\/paracherkaoui.ma\/index.php\/produit\/avene-cleanance-gel-nettoyant-200-ml-2\/#breadcrumb","itemListElement":[{"@type":"ListItem","position":1,"name":"Accueil","item":"https:\/\/paracherkaoui.ma\/"},{"@type":"ListItem","position":2,"name":"Boutique","item":"https:\/\/paracherkaoui.ma\/index.php\/boutique\/"},{"@type":"ListItem","position":3,"name":"AVENE CLEANANCE GEL NETTOYANT 200 ML"}]},{"@type":"WebSite","@id":"https:\/\/paracherkaoui.ma\/#website","url":"https:\/\/paracherkaoui.ma\/","name":"Paracherkaoui.ma","description":"Achetez en ligne sur Paracherkaoui.ma","potentialAction":[{"@type":"SearchAction","target":{"@type":"EntryPoint","urlTemplate":"https:\/\/paracherkaoui.ma\/?s={search_term_string}"},"query-input":{"@type":"PropertyValueSpecification","valueRequired":true,"valueName":"search_term_string"}}],"inLanguage":"fr-FR"}]}},"_links":{"self":[{"href":"https:\/\/paracherkaoui.ma\/index.php\/wp-json\/wp\/v2\/product\/24428","targetHints":{"allow":["GET"]}}],"collection":[{"href":"https:\/\/paracherkaoui.ma\/index.php\/wp-json\/wp\/v2\/product"}],"about":[{"href":"https:\/\/paracherkaoui.ma\/index.php\/wp-json\/wp\/v2\/types\/product"}],"replies":[{"embeddable":true,"href":"https:\/\/paracherkaoui.ma\/index.php\/wp-json\/wp\/v2\/comments?post=24428"}],"version-history":[{"count":1,"href":"https:\/\/paracherkaoui.ma\/index.php\/wp-json\/wp\/v2\/product\/24428\/revisions"}],"predecessor-version":[{"id":24460,"href":"https:\/\/paracherkaoui.ma\/index.php\/wp-json\/wp\/v2\/product\/24428\/revisions\/24460"}],"wp:featuredmedia":[{"embeddable":true,"href":"https:\/\/paracherkaoui.ma\/index.php\/wp-json\/wp\/v2\/media\/12325"}],"wp:attachment":[{"href":"https:\/\/paracherkaoui.ma\/index.php\/wp-json\/wp\/v2\/media?parent=24428"}],"wp:term":[{"taxonomy":"product_brand","embeddable":true,"href":"https:\/\/paracherkaoui.ma\/index.php\/wp-json\/wp\/v2\/product_brand?post=24428"},{"taxonomy":"product_cat","embeddable":true,"href":"https:\/\/paracherkaoui.ma\/index.php\/wp-json\/wp\/v2\/product_cat?post=24428"},{"taxonomy":"product_tag","embeddable":true,"href":"https:\/\/paracherkaoui.ma\/index.php\/wp-json\/wp\/v2\/product_tag?post=24428"}],"curies":[{"name":"wp","href":"https:\/\/api.w.org\/{rel}","templated":true}]}}