{"id":24353,"date":"2025-12-12T18:20:20","date_gmt":"2025-12-12T17:20:20","guid":{"rendered":"https:\/\/test.ecbeaute.com\/?post_type=product&#038;p=24353"},"modified":"2025-12-12T18:20:25","modified_gmt":"2025-12-12T17:20:25","slug":"so-bio-deo-soin-nutition-beurre-de-karite-bio-50ml-2","status":"publish","type":"product","link":"https:\/\/paracherkaoui.ma\/index.php\/produit\/so-bio-deo-soin-nutition-beurre-de-karite-bio-50ml-2\/","title":{"rendered":"SO BIO DEO SOIN NUTITION BEURRE DE KARITE BIO 50ML"},"content":{"rendered":"<p>Sa formule innovante, enrichie en beurre de karit\u00e9 protecteur et en hamam\u00e9lis adoucissant, neutralise les odeurs corporelles sans bloquer la transpiration naturelle de votre corps.<br \/>\n\u00c0 99% d&rsquo;origine naturelle, ce d\u00e9odorant ne contient ni sels d&rsquo;aluminium, ni alcool, ce qui le rend parfait pour les peaux sensibles. Le beurre de karit\u00e9, reconnu pour ses propri\u00e9t\u00e9s nourrissantes et protectrices, aide \u00e0 maintenir la peau douce et hydrat\u00e9e tout au long de la journ\u00e9e. L&rsquo;hamam\u00e9lis, quant \u00e0 lui, apporte ses vertus apaisantes et anti-inflammatoires, garantissant ainsi un confort maximal.<br \/>\nL&rsquo;actif purifiant int\u00e9gr\u00e9 dans la formule combat efficacement les bact\u00e9ries responsables des mauvaises odeurs, assurant une fra\u00eecheur durable et naturelle. Ce d\u00e9odorant respecte l&rsquo;\u00e9quilibre naturel de votre peau et soutient votre bien-\u00eatre quotidien sans compromettre votre sant\u00e9.<br \/>\nPour une utilisation optimale, appliquez le d\u00e9odorant SO&rsquo;BiO \u00e9tic\u00ae Soin Nutrition au Beurre de Karit\u00e9 Bio sur une peau propre et s\u00e8che. Une petite quantit\u00e9 suffit pour vous prot\u00e9ger tout au long de la journ\u00e9e. Sa texture douce et non collante s&rsquo;absorbe rapidement, vous permettant de vous habiller imm\u00e9diatement apr\u00e8s l&rsquo;application sans risque de taches sur vos v\u00eatements.<br \/>\nCOMPOSITION<br \/>\nAqua \/Water\/Eau, Propanediol, Hamamelis Virginiana (Witch Hazel) Water*, Talc, Triethyl Citrate, Butyrospermum Parkii (Shea Butter)*, Parfum (Fragrance), Xanthan Gum, Zinc PCA, Candida Bombicola\/Glucose\/Methyl Rapeseedate Ferment, Sodium Levulinate, Decyl Glucoside, Glycerin, Sodium Benzoate, Glyceryl Caprylate, Phytic Acid, Sodium Hydroxide, Lactobacillus Ferment, Aloe Barbadensis Leaf Juice Powder*, Tocopherol, Lactic Acid, Potassium Sorbate, Helianthus Annuus (Sunflower) Seed Oil. *ingr\u00e9dients issus de l&rsquo;agriculture biologique\/ingredients from organic farming.<br \/>\nCONSEIL D\u2019UTILISATION<br \/>\nAppliquez sur une peau propre et s\u00e8che, de pr\u00e9f\u00e9rence apr\u00e8s la douche. Faites glisser le d\u00e9odorant sur toute la zone des aisselles en veillant \u00e0 couvrir uniform\u00e9ment. Laissez s\u00e9cher quelques instants avant de vous habiller pour \u00e9viter les taches.<br \/>\nCe produit est id\u00e9al pour ceux qui recherchent une solution de d\u00e9odorant naturelle et efficace, sans les composants chimiques agressifs souvent pr\u00e9sents dans les produits conventionnels. Avec SO&rsquo;BiO \u00e9tic\u00ae, faites le choix de la naturalit\u00e9 et de l&rsquo;efficacit\u00e9, pour une peau prot\u00e9g\u00e9e et respect\u00e9e au quotidien.<\/p>\n","protected":false},"excerpt":{"rendered":"<p>Sa formule innovante, enrichie en beurre de karit\u00e9 protecteur et en hamam\u00e9lis adoucissant, neutralise les odeurs corporelles sans bloquer la<\/p>\n","protected":false},"featured_media":23546,"comment_status":"open","ping_status":"closed","template":"","meta":[],"product_brand":[212],"product_cat":[496],"product_tag":[],"class_list":{"0":"post-24353","1":"product","2":"type-product","3":"status-publish","4":"has-post-thumbnail","6":"product_brand-so-bio","7":"product_cat-premieres-rides","9":"first","10":"instock","11":"shipping-taxable","12":"purchasable","13":"product-type-simple"},"yoast_head":"<!-- This site is optimized with the Yoast SEO plugin v26.6 - https:\/\/yoast.com\/wordpress\/plugins\/seo\/ -->\r\n<title>SO BIO DEO SOIN NUTITION BEURRE DE KARITE BIO 50ML - Paracherkaoui.ma<\/title>\r\n<meta name=\"robots\" content=\"index, follow, max-snippet:-1, max-image-preview:large, max-video-preview:-1\" \/>\r\n<link rel=\"canonical\" href=\"https:\/\/paracherkaoui.ma\/index.php\/produit\/so-bio-deo-soin-nutition-beurre-de-karite-bio-50ml-2\/\" \/>\r\n<meta property=\"og:locale\" content=\"fr_FR\" \/>\r\n<meta property=\"og:type\" content=\"article\" \/>\r\n<meta property=\"og:title\" content=\"SO BIO DEO SOIN NUTITION BEURRE DE KARITE BIO 50ML - Paracherkaoui.ma\" \/>\r\n<meta property=\"og:description\" content=\"Sa formule innovante, enrichie en beurre de karit\u00e9 protecteur et en hamam\u00e9lis adoucissant, neutralise les odeurs corporelles sans bloquer la\" \/>\r\n<meta property=\"og:url\" content=\"https:\/\/paracherkaoui.ma\/index.php\/produit\/so-bio-deo-soin-nutition-beurre-de-karite-bio-50ml-2\/\" \/>\r\n<meta property=\"og:site_name\" content=\"Paracherkaoui.ma\" \/>\r\n<meta property=\"article:modified_time\" content=\"2025-12-12T17:20:25+00:00\" \/>\r\n<meta property=\"og:image\" content=\"https:\/\/paracherkaoui.ma\/wp-content\/uploads\/2025\/12\/so-bio-so-bio-deo-soin-nutition-beurre-de-karite-bio-50ml-anti-age.jpg\" \/>\r\n\t<meta property=\"og:image:width\" content=\"700\" \/>\r\n\t<meta property=\"og:image:height\" content=\"700\" \/>\r\n\t<meta property=\"og:image:type\" content=\"image\/jpeg\" \/>\r\n<meta name=\"twitter:card\" content=\"summary_large_image\" \/>\r\n<meta name=\"twitter:label1\" content=\"Dur\u00e9e de lecture estim\u00e9e\" \/>\n\t<meta name=\"twitter:data1\" content=\"2 minutes\" \/>\r\n<script type=\"application\/ld+json\" class=\"yoast-schema-graph\">{\"@context\":\"https:\/\/schema.org\",\"@graph\":[{\"@type\":\"WebPage\",\"@id\":\"https:\/\/paracherkaoui.ma\/index.php\/produit\/so-bio-deo-soin-nutition-beurre-de-karite-bio-50ml-2\/\",\"url\":\"https:\/\/paracherkaoui.ma\/index.php\/produit\/so-bio-deo-soin-nutition-beurre-de-karite-bio-50ml-2\/\",\"name\":\"SO BIO DEO SOIN NUTITION BEURRE DE KARITE BIO 50ML - Paracherkaoui.ma\",\"isPartOf\":{\"@id\":\"https:\/\/paracherkaoui.ma\/#website\"},\"primaryImageOfPage\":{\"@id\":\"https:\/\/paracherkaoui.ma\/index.php\/produit\/so-bio-deo-soin-nutition-beurre-de-karite-bio-50ml-2\/#primaryimage\"},\"image\":{\"@id\":\"https:\/\/paracherkaoui.ma\/index.php\/produit\/so-bio-deo-soin-nutition-beurre-de-karite-bio-50ml-2\/#primaryimage\"},\"thumbnailUrl\":\"https:\/\/paracherkaoui.ma\/wp-content\/uploads\/2025\/12\/so-bio-so-bio-deo-soin-nutition-beurre-de-karite-bio-50ml-anti-age.jpg\",\"datePublished\":\"2025-12-12T17:20:20+00:00\",\"dateModified\":\"2025-12-12T17:20:25+00:00\",\"breadcrumb\":{\"@id\":\"https:\/\/paracherkaoui.ma\/index.php\/produit\/so-bio-deo-soin-nutition-beurre-de-karite-bio-50ml-2\/#breadcrumb\"},\"inLanguage\":\"fr-FR\",\"potentialAction\":[{\"@type\":\"ReadAction\",\"target\":[\"https:\/\/paracherkaoui.ma\/index.php\/produit\/so-bio-deo-soin-nutition-beurre-de-karite-bio-50ml-2\/\"]}]},{\"@type\":\"ImageObject\",\"inLanguage\":\"fr-FR\",\"@id\":\"https:\/\/paracherkaoui.ma\/index.php\/produit\/so-bio-deo-soin-nutition-beurre-de-karite-bio-50ml-2\/#primaryimage\",\"url\":\"https:\/\/paracherkaoui.ma\/wp-content\/uploads\/2025\/12\/so-bio-so-bio-deo-soin-nutition-beurre-de-karite-bio-50ml-anti-age.jpg\",\"contentUrl\":\"https:\/\/paracherkaoui.ma\/wp-content\/uploads\/2025\/12\/so-bio-so-bio-deo-soin-nutition-beurre-de-karite-bio-50ml-anti-age.jpg\",\"width\":700,\"height\":700},{\"@type\":\"BreadcrumbList\",\"@id\":\"https:\/\/paracherkaoui.ma\/index.php\/produit\/so-bio-deo-soin-nutition-beurre-de-karite-bio-50ml-2\/#breadcrumb\",\"itemListElement\":[{\"@type\":\"ListItem\",\"position\":1,\"name\":\"Accueil\",\"item\":\"https:\/\/paracherkaoui.ma\/\"},{\"@type\":\"ListItem\",\"position\":2,\"name\":\"Boutique\",\"item\":\"https:\/\/paracherkaoui.ma\/index.php\/boutique\/\"},{\"@type\":\"ListItem\",\"position\":3,\"name\":\"SO BIO DEO SOIN NUTITION BEURRE DE KARITE BIO 50ML\"}]},{\"@type\":\"WebSite\",\"@id\":\"https:\/\/paracherkaoui.ma\/#website\",\"url\":\"https:\/\/paracherkaoui.ma\/\",\"name\":\"Paracherkaoui.ma\",\"description\":\"Achetez en ligne sur Paracherkaoui.ma\",\"potentialAction\":[{\"@type\":\"SearchAction\",\"target\":{\"@type\":\"EntryPoint\",\"urlTemplate\":\"https:\/\/paracherkaoui.ma\/?s={search_term_string}\"},\"query-input\":{\"@type\":\"PropertyValueSpecification\",\"valueRequired\":true,\"valueName\":\"search_term_string\"}}],\"inLanguage\":\"fr-FR\"}]}<\/script>\r\n<!-- \/ Yoast SEO plugin. -->","yoast_head_json":{"title":"SO BIO DEO SOIN NUTITION BEURRE DE KARITE BIO 50ML - Paracherkaoui.ma","robots":{"index":"index","follow":"follow","max-snippet":"max-snippet:-1","max-image-preview":"max-image-preview:large","max-video-preview":"max-video-preview:-1"},"canonical":"https:\/\/paracherkaoui.ma\/index.php\/produit\/so-bio-deo-soin-nutition-beurre-de-karite-bio-50ml-2\/","og_locale":"fr_FR","og_type":"article","og_title":"SO BIO DEO SOIN NUTITION BEURRE DE KARITE BIO 50ML - Paracherkaoui.ma","og_description":"Sa formule innovante, enrichie en beurre de karit\u00e9 protecteur et en hamam\u00e9lis adoucissant, neutralise les odeurs corporelles sans bloquer la","og_url":"https:\/\/paracherkaoui.ma\/index.php\/produit\/so-bio-deo-soin-nutition-beurre-de-karite-bio-50ml-2\/","og_site_name":"Paracherkaoui.ma","article_modified_time":"2025-12-12T17:20:25+00:00","og_image":[{"width":700,"height":700,"url":"https:\/\/paracherkaoui.ma\/wp-content\/uploads\/2025\/12\/so-bio-so-bio-deo-soin-nutition-beurre-de-karite-bio-50ml-anti-age.jpg","type":"image\/jpeg"}],"twitter_card":"summary_large_image","twitter_misc":{"Dur\u00e9e de lecture estim\u00e9e":"2 minutes"},"schema":{"@context":"https:\/\/schema.org","@graph":[{"@type":"WebPage","@id":"https:\/\/paracherkaoui.ma\/index.php\/produit\/so-bio-deo-soin-nutition-beurre-de-karite-bio-50ml-2\/","url":"https:\/\/paracherkaoui.ma\/index.php\/produit\/so-bio-deo-soin-nutition-beurre-de-karite-bio-50ml-2\/","name":"SO BIO DEO SOIN NUTITION BEURRE DE KARITE BIO 50ML - Paracherkaoui.ma","isPartOf":{"@id":"https:\/\/paracherkaoui.ma\/#website"},"primaryImageOfPage":{"@id":"https:\/\/paracherkaoui.ma\/index.php\/produit\/so-bio-deo-soin-nutition-beurre-de-karite-bio-50ml-2\/#primaryimage"},"image":{"@id":"https:\/\/paracherkaoui.ma\/index.php\/produit\/so-bio-deo-soin-nutition-beurre-de-karite-bio-50ml-2\/#primaryimage"},"thumbnailUrl":"https:\/\/paracherkaoui.ma\/wp-content\/uploads\/2025\/12\/so-bio-so-bio-deo-soin-nutition-beurre-de-karite-bio-50ml-anti-age.jpg","datePublished":"2025-12-12T17:20:20+00:00","dateModified":"2025-12-12T17:20:25+00:00","breadcrumb":{"@id":"https:\/\/paracherkaoui.ma\/index.php\/produit\/so-bio-deo-soin-nutition-beurre-de-karite-bio-50ml-2\/#breadcrumb"},"inLanguage":"fr-FR","potentialAction":[{"@type":"ReadAction","target":["https:\/\/paracherkaoui.ma\/index.php\/produit\/so-bio-deo-soin-nutition-beurre-de-karite-bio-50ml-2\/"]}]},{"@type":"ImageObject","inLanguage":"fr-FR","@id":"https:\/\/paracherkaoui.ma\/index.php\/produit\/so-bio-deo-soin-nutition-beurre-de-karite-bio-50ml-2\/#primaryimage","url":"https:\/\/paracherkaoui.ma\/wp-content\/uploads\/2025\/12\/so-bio-so-bio-deo-soin-nutition-beurre-de-karite-bio-50ml-anti-age.jpg","contentUrl":"https:\/\/paracherkaoui.ma\/wp-content\/uploads\/2025\/12\/so-bio-so-bio-deo-soin-nutition-beurre-de-karite-bio-50ml-anti-age.jpg","width":700,"height":700},{"@type":"BreadcrumbList","@id":"https:\/\/paracherkaoui.ma\/index.php\/produit\/so-bio-deo-soin-nutition-beurre-de-karite-bio-50ml-2\/#breadcrumb","itemListElement":[{"@type":"ListItem","position":1,"name":"Accueil","item":"https:\/\/paracherkaoui.ma\/"},{"@type":"ListItem","position":2,"name":"Boutique","item":"https:\/\/paracherkaoui.ma\/index.php\/boutique\/"},{"@type":"ListItem","position":3,"name":"SO BIO DEO SOIN NUTITION BEURRE DE KARITE BIO 50ML"}]},{"@type":"WebSite","@id":"https:\/\/paracherkaoui.ma\/#website","url":"https:\/\/paracherkaoui.ma\/","name":"Paracherkaoui.ma","description":"Achetez en ligne sur Paracherkaoui.ma","potentialAction":[{"@type":"SearchAction","target":{"@type":"EntryPoint","urlTemplate":"https:\/\/paracherkaoui.ma\/?s={search_term_string}"},"query-input":{"@type":"PropertyValueSpecification","valueRequired":true,"valueName":"search_term_string"}}],"inLanguage":"fr-FR"}]}},"_links":{"self":[{"href":"https:\/\/paracherkaoui.ma\/index.php\/wp-json\/wp\/v2\/product\/24353","targetHints":{"allow":["GET"]}}],"collection":[{"href":"https:\/\/paracherkaoui.ma\/index.php\/wp-json\/wp\/v2\/product"}],"about":[{"href":"https:\/\/paracherkaoui.ma\/index.php\/wp-json\/wp\/v2\/types\/product"}],"replies":[{"embeddable":true,"href":"https:\/\/paracherkaoui.ma\/index.php\/wp-json\/wp\/v2\/comments?post=24353"}],"version-history":[{"count":1,"href":"https:\/\/paracherkaoui.ma\/index.php\/wp-json\/wp\/v2\/product\/24353\/revisions"}],"predecessor-version":[{"id":24404,"href":"https:\/\/paracherkaoui.ma\/index.php\/wp-json\/wp\/v2\/product\/24353\/revisions\/24404"}],"wp:featuredmedia":[{"embeddable":true,"href":"https:\/\/paracherkaoui.ma\/index.php\/wp-json\/wp\/v2\/media\/23546"}],"wp:attachment":[{"href":"https:\/\/paracherkaoui.ma\/index.php\/wp-json\/wp\/v2\/media?parent=24353"}],"wp:term":[{"taxonomy":"product_brand","embeddable":true,"href":"https:\/\/paracherkaoui.ma\/index.php\/wp-json\/wp\/v2\/product_brand?post=24353"},{"taxonomy":"product_cat","embeddable":true,"href":"https:\/\/paracherkaoui.ma\/index.php\/wp-json\/wp\/v2\/product_cat?post=24353"},{"taxonomy":"product_tag","embeddable":true,"href":"https:\/\/paracherkaoui.ma\/index.php\/wp-json\/wp\/v2\/product_tag?post=24353"}],"curies":[{"name":"wp","href":"https:\/\/api.w.org\/{rel}","templated":true}]}}