{"id":24348,"date":"2025-12-12T18:20:20","date_gmt":"2025-12-12T17:20:20","guid":{"rendered":"https:\/\/test.ecbeaute.com\/?post_type=product&#038;p=24348"},"modified":"2025-12-12T18:20:24","modified_gmt":"2025-12-12T17:20:24","slug":"rilastil-hydrotenseur-fluide-50ml","status":"publish","type":"product","link":"https:\/\/paracherkaoui.ma\/index.php\/produit\/rilastil-hydrotenseur-fluide-50ml\/","title":{"rendered":"Rilastil hydrotenseur fluide 50ml"},"content":{"rendered":"<p>\u00c9mulsion l\u00e9g\u00e8re, rapidement absorb\u00e9e, adapt\u00e9e comme traitement anti-rides quotidien des peaux normales et mixtes. Il aide \u00e0 pr\u00e9venir la brillance de la peau de la zone T et matifie le teint avec un effet de flou naturel. Particuli\u00e8rement indiqu\u00e9 en \u00e9t\u00e9.<br \/>\nConseils d\u2019utilisation<br \/>\nAppliquer matin et \/ ou soir sur une peau parfaitement nettoy\u00e9e en mouvements circulaires lents. Convient \u00e0 tous les types de peau.<br \/>\nComposition<br \/>\nAqua (eau) \u2022 Glyc\u00e9rine \u2022 Alcool c\u00e9t\u00e9arylique \u2022 Carbonate de di\u00e9thylhexyle \u2022 Huile de graines d\u2019Helianthus annuus (tournesol) \u2022 Bis- PEG \/ PPG-16\/16 PEG \/ PPG-16\/16 Dim\u00e9thicone \u2022 M\u00e9thacrylate de polym\u00e9thyle \u2022 St\u00e9arate de glyc\u00e9ryle \u2022 St\u00e9arate de PEG-100 \u2022 Beurre de Butyrospermum parkii (karit\u00e9) \u2022 PCA sodique \u2022 Huile de son Oryza sativa (riz) \u2022 Insaponifiables d\u2019huile d\u2019olive Olea europaea \u2022 Arginine \u2022 Ceteareth-25 \u2022 Triglyc\u00e9ride caprylique \/ caprique \u2022 Carbom\u00e8re \u2022 Dim\u00e9thicone \u2022 Ac\u00e9tate de tocoph\u00e9ryle \u2022 Hyaluronate de r\u00e9tinyle \/ Polypeptide de carotte \u2022 C\u00e9ramide NP \u2022 C\u00e9ramide AP \u2022 C\u00e9ramide EOP \u2022 Lauroyl Lactylate de sodium \u2022 Oryzanol \u2022 Diglyc\u00e9rine \u2022 Ur\u00e9e \u2022 Pyridoxine HCl \u2022 Linol\u00e9nate d\u2019\u00e9thyle \u2022 Ol\u00e9ate d\u2019\u00e9thyle<\/p>\n","protected":false},"excerpt":{"rendered":"<p>\u00c9mulsion l\u00e9g\u00e8re, rapidement absorb\u00e9e, adapt\u00e9e comme traitement anti-rides quotidien des peaux normales et mixtes. Il aide \u00e0 pr\u00e9venir la brillance<\/p>\n","protected":false},"featured_media":24394,"comment_status":"open","ping_status":"closed","template":"","meta":[],"product_brand":[393],"product_cat":[496],"product_tag":[],"class_list":{"0":"post-24348","1":"product","2":"type-product","3":"status-publish","4":"has-post-thumbnail","6":"product_brand-rilastil","7":"product_cat-premieres-rides","9":"first","10":"instock","11":"sale","12":"shipping-taxable","13":"purchasable","14":"product-type-simple"},"yoast_head":"<!-- This site is optimized with the Yoast SEO plugin v26.6 - https:\/\/yoast.com\/wordpress\/plugins\/seo\/ -->\r\n<title>Rilastil hydrotenseur fluide 50ml - Paracherkaoui.ma<\/title>\r\n<meta name=\"robots\" content=\"index, follow, max-snippet:-1, max-image-preview:large, max-video-preview:-1\" \/>\r\n<link rel=\"canonical\" href=\"https:\/\/paracherkaoui.ma\/index.php\/produit\/rilastil-hydrotenseur-fluide-50ml\/\" \/>\r\n<meta property=\"og:locale\" content=\"fr_FR\" \/>\r\n<meta property=\"og:type\" content=\"article\" \/>\r\n<meta property=\"og:title\" content=\"Rilastil hydrotenseur fluide 50ml - Paracherkaoui.ma\" \/>\r\n<meta property=\"og:description\" content=\"\u00c9mulsion l\u00e9g\u00e8re, rapidement absorb\u00e9e, adapt\u00e9e comme traitement anti-rides quotidien des peaux normales et mixtes. Il aide \u00e0 pr\u00e9venir la brillance\" \/>\r\n<meta property=\"og:url\" content=\"https:\/\/paracherkaoui.ma\/index.php\/produit\/rilastil-hydrotenseur-fluide-50ml\/\" \/>\r\n<meta property=\"og:site_name\" content=\"Paracherkaoui.ma\" \/>\r\n<meta property=\"article:modified_time\" content=\"2025-12-12T17:20:24+00:00\" \/>\r\n<meta property=\"og:image\" content=\"https:\/\/paracherkaoui.ma\/wp-content\/uploads\/2025\/12\/rilastil-rilastil-hydrotenseur-fluide-50ml-soins-anti-age-et-anti-rides.jpg\" \/>\r\n\t<meta property=\"og:image:width\" content=\"700\" \/>\r\n\t<meta property=\"og:image:height\" content=\"700\" \/>\r\n\t<meta property=\"og:image:type\" content=\"image\/jpeg\" \/>\r\n<meta name=\"twitter:card\" content=\"summary_large_image\" \/>\r\n<meta name=\"twitter:label1\" content=\"Dur\u00e9e de lecture estim\u00e9e\" \/>\n\t<meta name=\"twitter:data1\" content=\"1 minute\" \/>\r\n<script type=\"application\/ld+json\" class=\"yoast-schema-graph\">{\"@context\":\"https:\/\/schema.org\",\"@graph\":[{\"@type\":\"WebPage\",\"@id\":\"https:\/\/paracherkaoui.ma\/index.php\/produit\/rilastil-hydrotenseur-fluide-50ml\/\",\"url\":\"https:\/\/paracherkaoui.ma\/index.php\/produit\/rilastil-hydrotenseur-fluide-50ml\/\",\"name\":\"Rilastil hydrotenseur fluide 50ml - Paracherkaoui.ma\",\"isPartOf\":{\"@id\":\"https:\/\/paracherkaoui.ma\/#website\"},\"primaryImageOfPage\":{\"@id\":\"https:\/\/paracherkaoui.ma\/index.php\/produit\/rilastil-hydrotenseur-fluide-50ml\/#primaryimage\"},\"image\":{\"@id\":\"https:\/\/paracherkaoui.ma\/index.php\/produit\/rilastil-hydrotenseur-fluide-50ml\/#primaryimage\"},\"thumbnailUrl\":\"https:\/\/paracherkaoui.ma\/wp-content\/uploads\/2025\/12\/rilastil-rilastil-hydrotenseur-fluide-50ml-soins-anti-age-et-anti-rides.jpg\",\"datePublished\":\"2025-12-12T17:20:20+00:00\",\"dateModified\":\"2025-12-12T17:20:24+00:00\",\"breadcrumb\":{\"@id\":\"https:\/\/paracherkaoui.ma\/index.php\/produit\/rilastil-hydrotenseur-fluide-50ml\/#breadcrumb\"},\"inLanguage\":\"fr-FR\",\"potentialAction\":[{\"@type\":\"ReadAction\",\"target\":[\"https:\/\/paracherkaoui.ma\/index.php\/produit\/rilastil-hydrotenseur-fluide-50ml\/\"]}]},{\"@type\":\"ImageObject\",\"inLanguage\":\"fr-FR\",\"@id\":\"https:\/\/paracherkaoui.ma\/index.php\/produit\/rilastil-hydrotenseur-fluide-50ml\/#primaryimage\",\"url\":\"https:\/\/paracherkaoui.ma\/wp-content\/uploads\/2025\/12\/rilastil-rilastil-hydrotenseur-fluide-50ml-soins-anti-age-et-anti-rides.jpg\",\"contentUrl\":\"https:\/\/paracherkaoui.ma\/wp-content\/uploads\/2025\/12\/rilastil-rilastil-hydrotenseur-fluide-50ml-soins-anti-age-et-anti-rides.jpg\",\"width\":700,\"height\":700},{\"@type\":\"BreadcrumbList\",\"@id\":\"https:\/\/paracherkaoui.ma\/index.php\/produit\/rilastil-hydrotenseur-fluide-50ml\/#breadcrumb\",\"itemListElement\":[{\"@type\":\"ListItem\",\"position\":1,\"name\":\"Accueil\",\"item\":\"https:\/\/paracherkaoui.ma\/\"},{\"@type\":\"ListItem\",\"position\":2,\"name\":\"Boutique\",\"item\":\"https:\/\/paracherkaoui.ma\/index.php\/boutique\/\"},{\"@type\":\"ListItem\",\"position\":3,\"name\":\"Rilastil hydrotenseur fluide 50ml\"}]},{\"@type\":\"WebSite\",\"@id\":\"https:\/\/paracherkaoui.ma\/#website\",\"url\":\"https:\/\/paracherkaoui.ma\/\",\"name\":\"Paracherkaoui.ma\",\"description\":\"Achetez en ligne sur Paracherkaoui.ma\",\"potentialAction\":[{\"@type\":\"SearchAction\",\"target\":{\"@type\":\"EntryPoint\",\"urlTemplate\":\"https:\/\/paracherkaoui.ma\/?s={search_term_string}\"},\"query-input\":{\"@type\":\"PropertyValueSpecification\",\"valueRequired\":true,\"valueName\":\"search_term_string\"}}],\"inLanguage\":\"fr-FR\"}]}<\/script>\r\n<!-- \/ Yoast SEO plugin. -->","yoast_head_json":{"title":"Rilastil hydrotenseur fluide 50ml - Paracherkaoui.ma","robots":{"index":"index","follow":"follow","max-snippet":"max-snippet:-1","max-image-preview":"max-image-preview:large","max-video-preview":"max-video-preview:-1"},"canonical":"https:\/\/paracherkaoui.ma\/index.php\/produit\/rilastil-hydrotenseur-fluide-50ml\/","og_locale":"fr_FR","og_type":"article","og_title":"Rilastil hydrotenseur fluide 50ml - Paracherkaoui.ma","og_description":"\u00c9mulsion l\u00e9g\u00e8re, rapidement absorb\u00e9e, adapt\u00e9e comme traitement anti-rides quotidien des peaux normales et mixtes. Il aide \u00e0 pr\u00e9venir la brillance","og_url":"https:\/\/paracherkaoui.ma\/index.php\/produit\/rilastil-hydrotenseur-fluide-50ml\/","og_site_name":"Paracherkaoui.ma","article_modified_time":"2025-12-12T17:20:24+00:00","og_image":[{"width":700,"height":700,"url":"https:\/\/paracherkaoui.ma\/wp-content\/uploads\/2025\/12\/rilastil-rilastil-hydrotenseur-fluide-50ml-soins-anti-age-et-anti-rides.jpg","type":"image\/jpeg"}],"twitter_card":"summary_large_image","twitter_misc":{"Dur\u00e9e de lecture estim\u00e9e":"1 minute"},"schema":{"@context":"https:\/\/schema.org","@graph":[{"@type":"WebPage","@id":"https:\/\/paracherkaoui.ma\/index.php\/produit\/rilastil-hydrotenseur-fluide-50ml\/","url":"https:\/\/paracherkaoui.ma\/index.php\/produit\/rilastil-hydrotenseur-fluide-50ml\/","name":"Rilastil hydrotenseur fluide 50ml - Paracherkaoui.ma","isPartOf":{"@id":"https:\/\/paracherkaoui.ma\/#website"},"primaryImageOfPage":{"@id":"https:\/\/paracherkaoui.ma\/index.php\/produit\/rilastil-hydrotenseur-fluide-50ml\/#primaryimage"},"image":{"@id":"https:\/\/paracherkaoui.ma\/index.php\/produit\/rilastil-hydrotenseur-fluide-50ml\/#primaryimage"},"thumbnailUrl":"https:\/\/paracherkaoui.ma\/wp-content\/uploads\/2025\/12\/rilastil-rilastil-hydrotenseur-fluide-50ml-soins-anti-age-et-anti-rides.jpg","datePublished":"2025-12-12T17:20:20+00:00","dateModified":"2025-12-12T17:20:24+00:00","breadcrumb":{"@id":"https:\/\/paracherkaoui.ma\/index.php\/produit\/rilastil-hydrotenseur-fluide-50ml\/#breadcrumb"},"inLanguage":"fr-FR","potentialAction":[{"@type":"ReadAction","target":["https:\/\/paracherkaoui.ma\/index.php\/produit\/rilastil-hydrotenseur-fluide-50ml\/"]}]},{"@type":"ImageObject","inLanguage":"fr-FR","@id":"https:\/\/paracherkaoui.ma\/index.php\/produit\/rilastil-hydrotenseur-fluide-50ml\/#primaryimage","url":"https:\/\/paracherkaoui.ma\/wp-content\/uploads\/2025\/12\/rilastil-rilastil-hydrotenseur-fluide-50ml-soins-anti-age-et-anti-rides.jpg","contentUrl":"https:\/\/paracherkaoui.ma\/wp-content\/uploads\/2025\/12\/rilastil-rilastil-hydrotenseur-fluide-50ml-soins-anti-age-et-anti-rides.jpg","width":700,"height":700},{"@type":"BreadcrumbList","@id":"https:\/\/paracherkaoui.ma\/index.php\/produit\/rilastil-hydrotenseur-fluide-50ml\/#breadcrumb","itemListElement":[{"@type":"ListItem","position":1,"name":"Accueil","item":"https:\/\/paracherkaoui.ma\/"},{"@type":"ListItem","position":2,"name":"Boutique","item":"https:\/\/paracherkaoui.ma\/index.php\/boutique\/"},{"@type":"ListItem","position":3,"name":"Rilastil hydrotenseur fluide 50ml"}]},{"@type":"WebSite","@id":"https:\/\/paracherkaoui.ma\/#website","url":"https:\/\/paracherkaoui.ma\/","name":"Paracherkaoui.ma","description":"Achetez en ligne sur Paracherkaoui.ma","potentialAction":[{"@type":"SearchAction","target":{"@type":"EntryPoint","urlTemplate":"https:\/\/paracherkaoui.ma\/?s={search_term_string}"},"query-input":{"@type":"PropertyValueSpecification","valueRequired":true,"valueName":"search_term_string"}}],"inLanguage":"fr-FR"}]}},"_links":{"self":[{"href":"https:\/\/paracherkaoui.ma\/index.php\/wp-json\/wp\/v2\/product\/24348","targetHints":{"allow":["GET"]}}],"collection":[{"href":"https:\/\/paracherkaoui.ma\/index.php\/wp-json\/wp\/v2\/product"}],"about":[{"href":"https:\/\/paracherkaoui.ma\/index.php\/wp-json\/wp\/v2\/types\/product"}],"replies":[{"embeddable":true,"href":"https:\/\/paracherkaoui.ma\/index.php\/wp-json\/wp\/v2\/comments?post=24348"}],"version-history":[{"count":1,"href":"https:\/\/paracherkaoui.ma\/index.php\/wp-json\/wp\/v2\/product\/24348\/revisions"}],"predecessor-version":[{"id":24395,"href":"https:\/\/paracherkaoui.ma\/index.php\/wp-json\/wp\/v2\/product\/24348\/revisions\/24395"}],"wp:featuredmedia":[{"embeddable":true,"href":"https:\/\/paracherkaoui.ma\/index.php\/wp-json\/wp\/v2\/media\/24394"}],"wp:attachment":[{"href":"https:\/\/paracherkaoui.ma\/index.php\/wp-json\/wp\/v2\/media?parent=24348"}],"wp:term":[{"taxonomy":"product_brand","embeddable":true,"href":"https:\/\/paracherkaoui.ma\/index.php\/wp-json\/wp\/v2\/product_brand?post=24348"},{"taxonomy":"product_cat","embeddable":true,"href":"https:\/\/paracherkaoui.ma\/index.php\/wp-json\/wp\/v2\/product_cat?post=24348"},{"taxonomy":"product_tag","embeddable":true,"href":"https:\/\/paracherkaoui.ma\/index.php\/wp-json\/wp\/v2\/product_tag?post=24348"}],"curies":[{"name":"wp","href":"https:\/\/api.w.org\/{rel}","templated":true}]}}