{"id":24343,"date":"2025-12-12T18:20:19","date_gmt":"2025-12-12T17:20:19","guid":{"rendered":"https:\/\/test.ecbeaute.com\/?post_type=product&#038;p=24343"},"modified":"2025-12-12T18:20:23","modified_gmt":"2025-12-12T17:20:23","slug":"biomimetic-antioxidant-traitement-avancee-50-ml","status":"publish","type":"product","link":"https:\/\/paracherkaoui.ma\/index.php\/produit\/biomimetic-antioxidant-traitement-avancee-50-ml\/","title":{"rendered":"BIOMIMETIC ANTIOXIDANT TRAITEMENT AVANCEE 50 ML"},"content":{"rendered":"<p>Un traitement antioxydant intensif.<br \/>\nFormul\u00e9 avec des actifs au grand pouvoir antioxydant\u00a0qui prot\u00e8gent, unifient le teint et apportent de la luminosit\u00e9\u00a0. Nous avons la combinaison d&rsquo; OAOMEGA+, d&rsquo;acide f\u00e9rulique et de vitamine C, des antioxydants\u00a0qui prot\u00e8gent les cellules de l&rsquo;oxydation et qui, ensemble, doublent leur capacit\u00e9 photoprotectrice. EL OAOMEGA+ am\u00e9liore et r\u00e9pare la fonction barri\u00e8re de la peau\u00a0et a un effet antioxydant sup\u00e9rieur au Coenzyme Q10, \u00e0 la Vitamine C et E.<br \/>\nNous combinons \u00e9galement les meilleurs antioxydants avec le facteur de croissance \u00e9pidermique,\u00a0stimulant le renouvellement cellulaire,\u00a0minimisant les rides et am\u00e9liorant l&rsquo;\u00e9tat g\u00e9n\u00e9ral de la peau, la rendant plus lumineuse et revitalis\u00e9e.<br \/>\nTous nos traitements avanc\u00e9s nourrissent, hydratent en profondeur et r\u00e9g\u00e9n\u00e8rent les cellules de la peau de l&rsquo;int\u00e9rieur et de l&rsquo;ext\u00e9rieur. Prot\u00e9ger la couche hydrolipidique de la peau pour \u00e9viter la perte d&rsquo;eau et des lipides n\u00e9cessaires. Renouveler et stimuler la croissance cellulaire.<br \/>\nOnt une action antioxydante sup\u00e9rieure \u00e0 Q10, Vit E et Vit C. Ils unifient le teint et procurent une hydratation, une \u00e9lasticit\u00e9 et une douceur ad\u00e9quates. Indiqu\u00e9 pour tous les types de peau, m\u00eame pour les peaux sensibles.<br \/>\nConseils d&rsquo;utilisation:<br \/>\nAppliquer sur une peau propre, matin et soir. Massez uniform\u00e9ment le traitement sur la<br \/>\npeau du visage et du cou.<\/p>\n","protected":false},"excerpt":{"rendered":"<p>Un traitement antioxydant intensif. Formul\u00e9 avec des actifs au grand pouvoir antioxydant\u00a0qui prot\u00e8gent, unifient le teint et apportent de la<\/p>\n","protected":false},"featured_media":24384,"comment_status":"open","ping_status":"closed","template":"","meta":[],"product_brand":[461],"product_cat":[496],"product_tag":[],"class_list":{"0":"post-24343","1":"product","2":"type-product","3":"status-publish","4":"has-post-thumbnail","6":"product_brand-biomimetic","7":"product_cat-premieres-rides","9":"first","10":"instock","11":"sale","12":"shipping-taxable","13":"purchasable","14":"product-type-simple"},"yoast_head":"<!-- This site is optimized with the Yoast SEO plugin v26.6 - https:\/\/yoast.com\/wordpress\/plugins\/seo\/ -->\r\n<title>BIOMIMETIC ANTIOXIDANT TRAITEMENT AVANCEE 50 ML - Paracherkaoui.ma<\/title>\r\n<meta name=\"robots\" content=\"index, follow, max-snippet:-1, max-image-preview:large, max-video-preview:-1\" \/>\r\n<link rel=\"canonical\" href=\"https:\/\/paracherkaoui.ma\/index.php\/produit\/biomimetic-antioxidant-traitement-avancee-50-ml\/\" \/>\r\n<meta property=\"og:locale\" content=\"fr_FR\" \/>\r\n<meta property=\"og:type\" content=\"article\" \/>\r\n<meta property=\"og:title\" content=\"BIOMIMETIC ANTIOXIDANT TRAITEMENT AVANCEE 50 ML - Paracherkaoui.ma\" \/>\r\n<meta property=\"og:description\" content=\"Un traitement antioxydant intensif. Formul\u00e9 avec des actifs au grand pouvoir antioxydant\u00a0qui prot\u00e8gent, unifient le teint et apportent de la\" \/>\r\n<meta property=\"og:url\" content=\"https:\/\/paracherkaoui.ma\/index.php\/produit\/biomimetic-antioxidant-traitement-avancee-50-ml\/\" \/>\r\n<meta property=\"og:site_name\" content=\"Paracherkaoui.ma\" \/>\r\n<meta property=\"article:modified_time\" content=\"2025-12-12T17:20:23+00:00\" \/>\r\n<meta property=\"og:image\" content=\"https:\/\/paracherkaoui.ma\/wp-content\/uploads\/2025\/12\/biomimetic-biomimetic-antioxidant-traitement-avancee-50-ml-home.jpg\" \/>\r\n\t<meta property=\"og:image:width\" content=\"700\" \/>\r\n\t<meta property=\"og:image:height\" content=\"700\" \/>\r\n\t<meta property=\"og:image:type\" content=\"image\/jpeg\" \/>\r\n<meta name=\"twitter:card\" content=\"summary_large_image\" \/>\r\n<meta name=\"twitter:label1\" content=\"Dur\u00e9e de lecture estim\u00e9e\" \/>\n\t<meta name=\"twitter:data1\" content=\"1 minute\" \/>\r\n<script type=\"application\/ld+json\" class=\"yoast-schema-graph\">{\"@context\":\"https:\/\/schema.org\",\"@graph\":[{\"@type\":\"WebPage\",\"@id\":\"https:\/\/paracherkaoui.ma\/index.php\/produit\/biomimetic-antioxidant-traitement-avancee-50-ml\/\",\"url\":\"https:\/\/paracherkaoui.ma\/index.php\/produit\/biomimetic-antioxidant-traitement-avancee-50-ml\/\",\"name\":\"BIOMIMETIC ANTIOXIDANT TRAITEMENT AVANCEE 50 ML - Paracherkaoui.ma\",\"isPartOf\":{\"@id\":\"https:\/\/paracherkaoui.ma\/#website\"},\"primaryImageOfPage\":{\"@id\":\"https:\/\/paracherkaoui.ma\/index.php\/produit\/biomimetic-antioxidant-traitement-avancee-50-ml\/#primaryimage\"},\"image\":{\"@id\":\"https:\/\/paracherkaoui.ma\/index.php\/produit\/biomimetic-antioxidant-traitement-avancee-50-ml\/#primaryimage\"},\"thumbnailUrl\":\"https:\/\/paracherkaoui.ma\/wp-content\/uploads\/2025\/12\/biomimetic-biomimetic-antioxidant-traitement-avancee-50-ml-home.jpg\",\"datePublished\":\"2025-12-12T17:20:19+00:00\",\"dateModified\":\"2025-12-12T17:20:23+00:00\",\"breadcrumb\":{\"@id\":\"https:\/\/paracherkaoui.ma\/index.php\/produit\/biomimetic-antioxidant-traitement-avancee-50-ml\/#breadcrumb\"},\"inLanguage\":\"fr-FR\",\"potentialAction\":[{\"@type\":\"ReadAction\",\"target\":[\"https:\/\/paracherkaoui.ma\/index.php\/produit\/biomimetic-antioxidant-traitement-avancee-50-ml\/\"]}]},{\"@type\":\"ImageObject\",\"inLanguage\":\"fr-FR\",\"@id\":\"https:\/\/paracherkaoui.ma\/index.php\/produit\/biomimetic-antioxidant-traitement-avancee-50-ml\/#primaryimage\",\"url\":\"https:\/\/paracherkaoui.ma\/wp-content\/uploads\/2025\/12\/biomimetic-biomimetic-antioxidant-traitement-avancee-50-ml-home.jpg\",\"contentUrl\":\"https:\/\/paracherkaoui.ma\/wp-content\/uploads\/2025\/12\/biomimetic-biomimetic-antioxidant-traitement-avancee-50-ml-home.jpg\",\"width\":700,\"height\":700},{\"@type\":\"BreadcrumbList\",\"@id\":\"https:\/\/paracherkaoui.ma\/index.php\/produit\/biomimetic-antioxidant-traitement-avancee-50-ml\/#breadcrumb\",\"itemListElement\":[{\"@type\":\"ListItem\",\"position\":1,\"name\":\"Accueil\",\"item\":\"https:\/\/paracherkaoui.ma\/\"},{\"@type\":\"ListItem\",\"position\":2,\"name\":\"Boutique\",\"item\":\"https:\/\/paracherkaoui.ma\/index.php\/boutique\/\"},{\"@type\":\"ListItem\",\"position\":3,\"name\":\"BIOMIMETIC ANTIOXIDANT TRAITEMENT AVANCEE 50 ML\"}]},{\"@type\":\"WebSite\",\"@id\":\"https:\/\/paracherkaoui.ma\/#website\",\"url\":\"https:\/\/paracherkaoui.ma\/\",\"name\":\"Paracherkaoui.ma\",\"description\":\"Achetez en ligne sur Paracherkaoui.ma\",\"potentialAction\":[{\"@type\":\"SearchAction\",\"target\":{\"@type\":\"EntryPoint\",\"urlTemplate\":\"https:\/\/paracherkaoui.ma\/?s={search_term_string}\"},\"query-input\":{\"@type\":\"PropertyValueSpecification\",\"valueRequired\":true,\"valueName\":\"search_term_string\"}}],\"inLanguage\":\"fr-FR\"}]}<\/script>\r\n<!-- \/ Yoast SEO plugin. -->","yoast_head_json":{"title":"BIOMIMETIC ANTIOXIDANT TRAITEMENT AVANCEE 50 ML - Paracherkaoui.ma","robots":{"index":"index","follow":"follow","max-snippet":"max-snippet:-1","max-image-preview":"max-image-preview:large","max-video-preview":"max-video-preview:-1"},"canonical":"https:\/\/paracherkaoui.ma\/index.php\/produit\/biomimetic-antioxidant-traitement-avancee-50-ml\/","og_locale":"fr_FR","og_type":"article","og_title":"BIOMIMETIC ANTIOXIDANT TRAITEMENT AVANCEE 50 ML - Paracherkaoui.ma","og_description":"Un traitement antioxydant intensif. Formul\u00e9 avec des actifs au grand pouvoir antioxydant\u00a0qui prot\u00e8gent, unifient le teint et apportent de la","og_url":"https:\/\/paracherkaoui.ma\/index.php\/produit\/biomimetic-antioxidant-traitement-avancee-50-ml\/","og_site_name":"Paracherkaoui.ma","article_modified_time":"2025-12-12T17:20:23+00:00","og_image":[{"width":700,"height":700,"url":"https:\/\/paracherkaoui.ma\/wp-content\/uploads\/2025\/12\/biomimetic-biomimetic-antioxidant-traitement-avancee-50-ml-home.jpg","type":"image\/jpeg"}],"twitter_card":"summary_large_image","twitter_misc":{"Dur\u00e9e de lecture estim\u00e9e":"1 minute"},"schema":{"@context":"https:\/\/schema.org","@graph":[{"@type":"WebPage","@id":"https:\/\/paracherkaoui.ma\/index.php\/produit\/biomimetic-antioxidant-traitement-avancee-50-ml\/","url":"https:\/\/paracherkaoui.ma\/index.php\/produit\/biomimetic-antioxidant-traitement-avancee-50-ml\/","name":"BIOMIMETIC ANTIOXIDANT TRAITEMENT AVANCEE 50 ML - Paracherkaoui.ma","isPartOf":{"@id":"https:\/\/paracherkaoui.ma\/#website"},"primaryImageOfPage":{"@id":"https:\/\/paracherkaoui.ma\/index.php\/produit\/biomimetic-antioxidant-traitement-avancee-50-ml\/#primaryimage"},"image":{"@id":"https:\/\/paracherkaoui.ma\/index.php\/produit\/biomimetic-antioxidant-traitement-avancee-50-ml\/#primaryimage"},"thumbnailUrl":"https:\/\/paracherkaoui.ma\/wp-content\/uploads\/2025\/12\/biomimetic-biomimetic-antioxidant-traitement-avancee-50-ml-home.jpg","datePublished":"2025-12-12T17:20:19+00:00","dateModified":"2025-12-12T17:20:23+00:00","breadcrumb":{"@id":"https:\/\/paracherkaoui.ma\/index.php\/produit\/biomimetic-antioxidant-traitement-avancee-50-ml\/#breadcrumb"},"inLanguage":"fr-FR","potentialAction":[{"@type":"ReadAction","target":["https:\/\/paracherkaoui.ma\/index.php\/produit\/biomimetic-antioxidant-traitement-avancee-50-ml\/"]}]},{"@type":"ImageObject","inLanguage":"fr-FR","@id":"https:\/\/paracherkaoui.ma\/index.php\/produit\/biomimetic-antioxidant-traitement-avancee-50-ml\/#primaryimage","url":"https:\/\/paracherkaoui.ma\/wp-content\/uploads\/2025\/12\/biomimetic-biomimetic-antioxidant-traitement-avancee-50-ml-home.jpg","contentUrl":"https:\/\/paracherkaoui.ma\/wp-content\/uploads\/2025\/12\/biomimetic-biomimetic-antioxidant-traitement-avancee-50-ml-home.jpg","width":700,"height":700},{"@type":"BreadcrumbList","@id":"https:\/\/paracherkaoui.ma\/index.php\/produit\/biomimetic-antioxidant-traitement-avancee-50-ml\/#breadcrumb","itemListElement":[{"@type":"ListItem","position":1,"name":"Accueil","item":"https:\/\/paracherkaoui.ma\/"},{"@type":"ListItem","position":2,"name":"Boutique","item":"https:\/\/paracherkaoui.ma\/index.php\/boutique\/"},{"@type":"ListItem","position":3,"name":"BIOMIMETIC ANTIOXIDANT TRAITEMENT AVANCEE 50 ML"}]},{"@type":"WebSite","@id":"https:\/\/paracherkaoui.ma\/#website","url":"https:\/\/paracherkaoui.ma\/","name":"Paracherkaoui.ma","description":"Achetez en ligne sur Paracherkaoui.ma","potentialAction":[{"@type":"SearchAction","target":{"@type":"EntryPoint","urlTemplate":"https:\/\/paracherkaoui.ma\/?s={search_term_string}"},"query-input":{"@type":"PropertyValueSpecification","valueRequired":true,"valueName":"search_term_string"}}],"inLanguage":"fr-FR"}]}},"_links":{"self":[{"href":"https:\/\/paracherkaoui.ma\/index.php\/wp-json\/wp\/v2\/product\/24343","targetHints":{"allow":["GET"]}}],"collection":[{"href":"https:\/\/paracherkaoui.ma\/index.php\/wp-json\/wp\/v2\/product"}],"about":[{"href":"https:\/\/paracherkaoui.ma\/index.php\/wp-json\/wp\/v2\/types\/product"}],"replies":[{"embeddable":true,"href":"https:\/\/paracherkaoui.ma\/index.php\/wp-json\/wp\/v2\/comments?post=24343"}],"version-history":[{"count":1,"href":"https:\/\/paracherkaoui.ma\/index.php\/wp-json\/wp\/v2\/product\/24343\/revisions"}],"predecessor-version":[{"id":24385,"href":"https:\/\/paracherkaoui.ma\/index.php\/wp-json\/wp\/v2\/product\/24343\/revisions\/24385"}],"wp:featuredmedia":[{"embeddable":true,"href":"https:\/\/paracherkaoui.ma\/index.php\/wp-json\/wp\/v2\/media\/24384"}],"wp:attachment":[{"href":"https:\/\/paracherkaoui.ma\/index.php\/wp-json\/wp\/v2\/media?parent=24343"}],"wp:term":[{"taxonomy":"product_brand","embeddable":true,"href":"https:\/\/paracherkaoui.ma\/index.php\/wp-json\/wp\/v2\/product_brand?post=24343"},{"taxonomy":"product_cat","embeddable":true,"href":"https:\/\/paracherkaoui.ma\/index.php\/wp-json\/wp\/v2\/product_cat?post=24343"},{"taxonomy":"product_tag","embeddable":true,"href":"https:\/\/paracherkaoui.ma\/index.php\/wp-json\/wp\/v2\/product_tag?post=24343"}],"curies":[{"name":"wp","href":"https:\/\/api.w.org\/{rel}","templated":true}]}}