{"id":24340,"date":"2025-12-12T18:20:19","date_gmt":"2025-12-12T17:20:19","guid":{"rendered":"https:\/\/test.ecbeaute.com\/?post_type=product&#038;p=24340"},"modified":"2025-12-12T18:20:22","modified_gmt":"2025-12-12T17:20:22","slug":"sensilis-upgrade-ar-cream","status":"publish","type":"product","link":"https:\/\/paracherkaoui.ma\/index.php\/produit\/sensilis-upgrade-ar-cream\/","title":{"rendered":"SENSILIS UPGRADE AR CREAM"},"content":{"rendered":"<p>Elle raffermit la peau sensible et apaise les rougeurs gr\u00e2ce \u00e0 un tenseur v\u00e9g\u00e9tal et \u00e0 un polyph\u00e9nol anti-rougeurs qui parvient \u00e0 calmer les peaux les plus r\u00e9actives gr\u00e2ce \u00e0 son effet thermor\u00e9gulateur. R\u00e9duit les rides, redonne fermet\u00e9 et \u00e9lasticit\u00e9 \u00e0 la peau, apaise les rougeurs.<br \/>\nConseils d&rsquo;utilisation:<br \/>\nAppliquer depuis la moiti\u00e9 du visage jusqu\u2019au menton, de l\u2019int\u00e9rieur vers l\u2019ext\u00e9rieur, par de petits massages. Appliquer ensuite une petite quantit\u00e9 sur le front et l\u2019\u00e9taler de bas en haut. Mettre du produit sur le cou. \u00c9taler la cr\u00e8me sur l\u2019ensemble du cou en r\u00e9alisant des mouvements ascendants.<\/p>\n","protected":false},"excerpt":{"rendered":"<p>Elle raffermit la peau sensible et apaise les rougeurs gr\u00e2ce \u00e0 un tenseur v\u00e9g\u00e9tal et \u00e0 un polyph\u00e9nol anti-rougeurs qui<\/p>\n","protected":false},"featured_media":24379,"comment_status":"open","ping_status":"closed","template":"","meta":[],"product_brand":[425],"product_cat":[496],"product_tag":[],"class_list":{"0":"post-24340","1":"product","2":"type-product","3":"status-publish","4":"has-post-thumbnail","6":"product_brand-sensilis","7":"product_cat-premieres-rides","9":"first","10":"instock","11":"sale","12":"shipping-taxable","13":"purchasable","14":"product-type-simple"},"yoast_head":"<!-- This site is optimized with the Yoast SEO plugin v26.6 - https:\/\/yoast.com\/wordpress\/plugins\/seo\/ -->\r\n<title>SENSILIS UPGRADE AR CREAM - Paracherkaoui.ma<\/title>\r\n<meta name=\"robots\" content=\"index, follow, max-snippet:-1, max-image-preview:large, max-video-preview:-1\" \/>\r\n<link rel=\"canonical\" href=\"https:\/\/paracherkaoui.ma\/index.php\/produit\/sensilis-upgrade-ar-cream\/\" \/>\r\n<meta property=\"og:locale\" content=\"fr_FR\" \/>\r\n<meta property=\"og:type\" content=\"article\" \/>\r\n<meta property=\"og:title\" content=\"SENSILIS UPGRADE AR CREAM - Paracherkaoui.ma\" \/>\r\n<meta property=\"og:description\" content=\"Elle raffermit la peau sensible et apaise les rougeurs gr\u00e2ce \u00e0 un tenseur v\u00e9g\u00e9tal et \u00e0 un polyph\u00e9nol anti-rougeurs qui\" \/>\r\n<meta property=\"og:url\" content=\"https:\/\/paracherkaoui.ma\/index.php\/produit\/sensilis-upgrade-ar-cream\/\" \/>\r\n<meta property=\"og:site_name\" content=\"Paracherkaoui.ma\" \/>\r\n<meta property=\"article:modified_time\" content=\"2025-12-12T17:20:22+00:00\" \/>\r\n<meta property=\"og:image\" content=\"https:\/\/paracherkaoui.ma\/wp-content\/uploads\/2025\/12\/sensilis-sensilis-upgrade-ar-cream-premieres-rides.jpg\" \/>\r\n\t<meta property=\"og:image:width\" content=\"700\" \/>\r\n\t<meta property=\"og:image:height\" content=\"700\" \/>\r\n\t<meta property=\"og:image:type\" content=\"image\/jpeg\" \/>\r\n<meta name=\"twitter:card\" content=\"summary_large_image\" \/>\r\n<meta name=\"twitter:label1\" content=\"Dur\u00e9e de lecture estim\u00e9e\" \/>\n\t<meta name=\"twitter:data1\" content=\"1 minute\" \/>\r\n<script type=\"application\/ld+json\" class=\"yoast-schema-graph\">{\"@context\":\"https:\/\/schema.org\",\"@graph\":[{\"@type\":\"WebPage\",\"@id\":\"https:\/\/paracherkaoui.ma\/index.php\/produit\/sensilis-upgrade-ar-cream\/\",\"url\":\"https:\/\/paracherkaoui.ma\/index.php\/produit\/sensilis-upgrade-ar-cream\/\",\"name\":\"SENSILIS UPGRADE AR CREAM - Paracherkaoui.ma\",\"isPartOf\":{\"@id\":\"https:\/\/paracherkaoui.ma\/#website\"},\"primaryImageOfPage\":{\"@id\":\"https:\/\/paracherkaoui.ma\/index.php\/produit\/sensilis-upgrade-ar-cream\/#primaryimage\"},\"image\":{\"@id\":\"https:\/\/paracherkaoui.ma\/index.php\/produit\/sensilis-upgrade-ar-cream\/#primaryimage\"},\"thumbnailUrl\":\"https:\/\/paracherkaoui.ma\/wp-content\/uploads\/2025\/12\/sensilis-sensilis-upgrade-ar-cream-premieres-rides.jpg\",\"datePublished\":\"2025-12-12T17:20:19+00:00\",\"dateModified\":\"2025-12-12T17:20:22+00:00\",\"breadcrumb\":{\"@id\":\"https:\/\/paracherkaoui.ma\/index.php\/produit\/sensilis-upgrade-ar-cream\/#breadcrumb\"},\"inLanguage\":\"fr-FR\",\"potentialAction\":[{\"@type\":\"ReadAction\",\"target\":[\"https:\/\/paracherkaoui.ma\/index.php\/produit\/sensilis-upgrade-ar-cream\/\"]}]},{\"@type\":\"ImageObject\",\"inLanguage\":\"fr-FR\",\"@id\":\"https:\/\/paracherkaoui.ma\/index.php\/produit\/sensilis-upgrade-ar-cream\/#primaryimage\",\"url\":\"https:\/\/paracherkaoui.ma\/wp-content\/uploads\/2025\/12\/sensilis-sensilis-upgrade-ar-cream-premieres-rides.jpg\",\"contentUrl\":\"https:\/\/paracherkaoui.ma\/wp-content\/uploads\/2025\/12\/sensilis-sensilis-upgrade-ar-cream-premieres-rides.jpg\",\"width\":700,\"height\":700},{\"@type\":\"BreadcrumbList\",\"@id\":\"https:\/\/paracherkaoui.ma\/index.php\/produit\/sensilis-upgrade-ar-cream\/#breadcrumb\",\"itemListElement\":[{\"@type\":\"ListItem\",\"position\":1,\"name\":\"Accueil\",\"item\":\"https:\/\/paracherkaoui.ma\/\"},{\"@type\":\"ListItem\",\"position\":2,\"name\":\"Boutique\",\"item\":\"https:\/\/paracherkaoui.ma\/index.php\/boutique\/\"},{\"@type\":\"ListItem\",\"position\":3,\"name\":\"SENSILIS UPGRADE AR CREAM\"}]},{\"@type\":\"WebSite\",\"@id\":\"https:\/\/paracherkaoui.ma\/#website\",\"url\":\"https:\/\/paracherkaoui.ma\/\",\"name\":\"Paracherkaoui.ma\",\"description\":\"Achetez en ligne sur Paracherkaoui.ma\",\"potentialAction\":[{\"@type\":\"SearchAction\",\"target\":{\"@type\":\"EntryPoint\",\"urlTemplate\":\"https:\/\/paracherkaoui.ma\/?s={search_term_string}\"},\"query-input\":{\"@type\":\"PropertyValueSpecification\",\"valueRequired\":true,\"valueName\":\"search_term_string\"}}],\"inLanguage\":\"fr-FR\"}]}<\/script>\r\n<!-- \/ Yoast SEO plugin. -->","yoast_head_json":{"title":"SENSILIS UPGRADE AR CREAM - Paracherkaoui.ma","robots":{"index":"index","follow":"follow","max-snippet":"max-snippet:-1","max-image-preview":"max-image-preview:large","max-video-preview":"max-video-preview:-1"},"canonical":"https:\/\/paracherkaoui.ma\/index.php\/produit\/sensilis-upgrade-ar-cream\/","og_locale":"fr_FR","og_type":"article","og_title":"SENSILIS UPGRADE AR CREAM - Paracherkaoui.ma","og_description":"Elle raffermit la peau sensible et apaise les rougeurs gr\u00e2ce \u00e0 un tenseur v\u00e9g\u00e9tal et \u00e0 un polyph\u00e9nol anti-rougeurs qui","og_url":"https:\/\/paracherkaoui.ma\/index.php\/produit\/sensilis-upgrade-ar-cream\/","og_site_name":"Paracherkaoui.ma","article_modified_time":"2025-12-12T17:20:22+00:00","og_image":[{"width":700,"height":700,"url":"https:\/\/paracherkaoui.ma\/wp-content\/uploads\/2025\/12\/sensilis-sensilis-upgrade-ar-cream-premieres-rides.jpg","type":"image\/jpeg"}],"twitter_card":"summary_large_image","twitter_misc":{"Dur\u00e9e de lecture estim\u00e9e":"1 minute"},"schema":{"@context":"https:\/\/schema.org","@graph":[{"@type":"WebPage","@id":"https:\/\/paracherkaoui.ma\/index.php\/produit\/sensilis-upgrade-ar-cream\/","url":"https:\/\/paracherkaoui.ma\/index.php\/produit\/sensilis-upgrade-ar-cream\/","name":"SENSILIS UPGRADE AR CREAM - Paracherkaoui.ma","isPartOf":{"@id":"https:\/\/paracherkaoui.ma\/#website"},"primaryImageOfPage":{"@id":"https:\/\/paracherkaoui.ma\/index.php\/produit\/sensilis-upgrade-ar-cream\/#primaryimage"},"image":{"@id":"https:\/\/paracherkaoui.ma\/index.php\/produit\/sensilis-upgrade-ar-cream\/#primaryimage"},"thumbnailUrl":"https:\/\/paracherkaoui.ma\/wp-content\/uploads\/2025\/12\/sensilis-sensilis-upgrade-ar-cream-premieres-rides.jpg","datePublished":"2025-12-12T17:20:19+00:00","dateModified":"2025-12-12T17:20:22+00:00","breadcrumb":{"@id":"https:\/\/paracherkaoui.ma\/index.php\/produit\/sensilis-upgrade-ar-cream\/#breadcrumb"},"inLanguage":"fr-FR","potentialAction":[{"@type":"ReadAction","target":["https:\/\/paracherkaoui.ma\/index.php\/produit\/sensilis-upgrade-ar-cream\/"]}]},{"@type":"ImageObject","inLanguage":"fr-FR","@id":"https:\/\/paracherkaoui.ma\/index.php\/produit\/sensilis-upgrade-ar-cream\/#primaryimage","url":"https:\/\/paracherkaoui.ma\/wp-content\/uploads\/2025\/12\/sensilis-sensilis-upgrade-ar-cream-premieres-rides.jpg","contentUrl":"https:\/\/paracherkaoui.ma\/wp-content\/uploads\/2025\/12\/sensilis-sensilis-upgrade-ar-cream-premieres-rides.jpg","width":700,"height":700},{"@type":"BreadcrumbList","@id":"https:\/\/paracherkaoui.ma\/index.php\/produit\/sensilis-upgrade-ar-cream\/#breadcrumb","itemListElement":[{"@type":"ListItem","position":1,"name":"Accueil","item":"https:\/\/paracherkaoui.ma\/"},{"@type":"ListItem","position":2,"name":"Boutique","item":"https:\/\/paracherkaoui.ma\/index.php\/boutique\/"},{"@type":"ListItem","position":3,"name":"SENSILIS UPGRADE AR CREAM"}]},{"@type":"WebSite","@id":"https:\/\/paracherkaoui.ma\/#website","url":"https:\/\/paracherkaoui.ma\/","name":"Paracherkaoui.ma","description":"Achetez en ligne sur Paracherkaoui.ma","potentialAction":[{"@type":"SearchAction","target":{"@type":"EntryPoint","urlTemplate":"https:\/\/paracherkaoui.ma\/?s={search_term_string}"},"query-input":{"@type":"PropertyValueSpecification","valueRequired":true,"valueName":"search_term_string"}}],"inLanguage":"fr-FR"}]}},"_links":{"self":[{"href":"https:\/\/paracherkaoui.ma\/index.php\/wp-json\/wp\/v2\/product\/24340","targetHints":{"allow":["GET"]}}],"collection":[{"href":"https:\/\/paracherkaoui.ma\/index.php\/wp-json\/wp\/v2\/product"}],"about":[{"href":"https:\/\/paracherkaoui.ma\/index.php\/wp-json\/wp\/v2\/types\/product"}],"replies":[{"embeddable":true,"href":"https:\/\/paracherkaoui.ma\/index.php\/wp-json\/wp\/v2\/comments?post=24340"}],"version-history":[{"count":1,"href":"https:\/\/paracherkaoui.ma\/index.php\/wp-json\/wp\/v2\/product\/24340\/revisions"}],"predecessor-version":[{"id":24380,"href":"https:\/\/paracherkaoui.ma\/index.php\/wp-json\/wp\/v2\/product\/24340\/revisions\/24380"}],"wp:featuredmedia":[{"embeddable":true,"href":"https:\/\/paracherkaoui.ma\/index.php\/wp-json\/wp\/v2\/media\/24379"}],"wp:attachment":[{"href":"https:\/\/paracherkaoui.ma\/index.php\/wp-json\/wp\/v2\/media?parent=24340"}],"wp:term":[{"taxonomy":"product_brand","embeddable":true,"href":"https:\/\/paracherkaoui.ma\/index.php\/wp-json\/wp\/v2\/product_brand?post=24340"},{"taxonomy":"product_cat","embeddable":true,"href":"https:\/\/paracherkaoui.ma\/index.php\/wp-json\/wp\/v2\/product_cat?post=24340"},{"taxonomy":"product_tag","embeddable":true,"href":"https:\/\/paracherkaoui.ma\/index.php\/wp-json\/wp\/v2\/product_tag?post=24340"}],"curies":[{"name":"wp","href":"https:\/\/api.w.org\/{rel}","templated":true}]}}