{"id":24338,"date":"2025-12-12T18:20:19","date_gmt":"2025-12-12T17:20:19","guid":{"rendered":"https:\/\/test.ecbeaute.com\/?post_type=product&#038;p=24338"},"modified":"2025-12-12T18:20:22","modified_gmt":"2025-12-12T17:20:22","slug":"biotherm-life-plankton-elixir-30-ml","status":"publish","type":"product","link":"https:\/\/paracherkaoui.ma\/index.php\/produit\/biotherm-life-plankton-elixir-30-ml\/","title":{"rendered":"BIOTHERM LIFE PLANKTON ELIXIR 30 ML"},"content":{"rendered":"<p>Le Biotherm Life Plankton Elixir 30 ml est le s\u00e9rum anti-\u00e2ge ultime qui redonne \u00e0 votre peau une jeunesse \u00e9clatante. Gr\u00e2ce \u00e0 sa formule unique, combinant 5% de Life Plankton\u2122, de la vitamine CG et de l\u2019acide hyaluronique, ce s\u00e9rum puissant att\u00e9nue 10 signes visibles de l\u2019\u00e2ge : rides, ridules, manque d\u2019\u00e9lasticit\u00e9 et teint irr\u00e9gulier. Enrichi de 95% d\u2019ingr\u00e9dients d&rsquo;origine naturelle, il revitalise votre peau, la rend plus lisse et illumine votre teint.<br \/>\nD\u00e8s les premi\u00e8res applications, vous ressentirez une peau repulp\u00e9e et nourrie. 83% des femmes confirment une peau plus lisse et 82% constatent un teint plus unifi\u00e9, r\u00e9duisant ainsi les irr\u00e9gularit\u00e9s. Ce s\u00e9rum p\u00e9n\u00e8tre rapidement, laissant une sensation de confort sans alourdir la peau. Sa texture l\u00e9g\u00e8re permet une absorption rapide des nutriments pour une efficacit\u00e9 optimale.<br \/>\nInt\u00e9grez ce s\u00e9rum \u00e0 votre routine quotidienne et profitez d\u2019un programme de r\u00e9g\u00e9n\u00e9ration avanc\u00e9e. Non seulement il am\u00e9liore la fermet\u00e9 de la peau de 37%, mais il booste \u00e9galement les marqueurs de jeunesse de plus de 80%, pour une peau plus douce, plus lumineuse et plus r\u00e9sistante face aux agressions ext\u00e9rieures.<br \/>\nAdapt\u00e9 \u00e0 tous les types de peaux, m\u00eame les plus sensibles, ce s\u00e9rum innovant est \u00e9galement \u00e9co-responsable, avec un packaging utilisant 20% de verre en moins. Offrez \u00e0 votre peau le soin qu\u2019elle m\u00e9rite et red\u00e9couvrez une apparence visiblement plus jeune et revitalis\u00e9e.<br \/>\nConseils d&rsquo;utilisation :<br \/>\nAppliquez 3 \u00e0 4 gouttes du Life Plankton Elixir sur une peau propre matin et soir.<br \/>\nChauffez le s\u00e9rum dans vos paumes avant de l\u2019appliquer d\u00e9licatement sur votre visage et votre cou.<br \/>\nComposition :<br \/>\nEAU \u2022 BIFIDA FERMENT LYSATE \u2022 GLYCERIN \u2022 PENTYLENE GLYCOL \u2022 SQUALANE \u2022 SACCHARIDE ISOMERATE \u2022 SODIUM HYALURONATE \u2022 SODIUM HYDROXIDE \u2022 ADENOSINE \u2022 ASCORBYL GLUCOSIDE \u2022 AMMONIUM POLYACRYLOYLDIMETHYL TAURATE \u2022 HYDROLYZED HYALURONIC ACID \u2022 HYDROXYACETOPHENONE \u2022 CAPRYLYL GLYCOL \u2022 VITREOSCILLA FERMENT \u2022 TRISODIUM ETHYLENEDIAMINE DISUCCINATE \u2022 LACTIC ACID \u2022 ACETIC ACID \u2022 XANTHAN GUM \u2022 FAEX EXTRACT \/ YEAST EXTRACT \/ EXTRAIT DE LEVURE \u2022 DECYL GLUCOSIDE \u2022 OCTYLDODECANOL \u2022 SODIUM BENZOATE \u2022 PARFUM \/ FRAGRANCE<\/p>\n","protected":false},"excerpt":{"rendered":"<p>Le Biotherm Life Plankton Elixir 30 ml est le s\u00e9rum anti-\u00e2ge ultime qui redonne \u00e0 votre peau une jeunesse \u00e9clatante.<\/p>\n","protected":false},"featured_media":24376,"comment_status":"open","ping_status":"closed","template":"","meta":[],"product_brand":[391],"product_cat":[496],"product_tag":[],"class_list":{"0":"post-24338","1":"product","2":"type-product","3":"status-publish","4":"has-post-thumbnail","6":"product_brand-biotherm","7":"product_cat-premieres-rides","9":"first","10":"instock","11":"shipping-taxable","12":"purchasable","13":"product-type-simple"},"yoast_head":"<!-- This site is optimized with the Yoast SEO plugin v26.6 - https:\/\/yoast.com\/wordpress\/plugins\/seo\/ -->\r\n<title>BIOTHERM LIFE PLANKTON ELIXIR 30 ML - Paracherkaoui.ma<\/title>\r\n<meta name=\"robots\" content=\"index, follow, max-snippet:-1, max-image-preview:large, max-video-preview:-1\" \/>\r\n<link rel=\"canonical\" href=\"https:\/\/paracherkaoui.ma\/index.php\/produit\/biotherm-life-plankton-elixir-30-ml\/\" \/>\r\n<meta property=\"og:locale\" content=\"fr_FR\" \/>\r\n<meta property=\"og:type\" content=\"article\" \/>\r\n<meta property=\"og:title\" content=\"BIOTHERM LIFE PLANKTON ELIXIR 30 ML - Paracherkaoui.ma\" \/>\r\n<meta property=\"og:description\" content=\"Le Biotherm Life Plankton Elixir 30 ml est le s\u00e9rum anti-\u00e2ge ultime qui redonne \u00e0 votre peau une jeunesse \u00e9clatante.\" \/>\r\n<meta property=\"og:url\" content=\"https:\/\/paracherkaoui.ma\/index.php\/produit\/biotherm-life-plankton-elixir-30-ml\/\" \/>\r\n<meta property=\"og:site_name\" content=\"Paracherkaoui.ma\" \/>\r\n<meta property=\"article:modified_time\" content=\"2025-12-12T17:20:22+00:00\" \/>\r\n<meta property=\"og:image\" content=\"https:\/\/paracherkaoui.ma\/wp-content\/uploads\/2025\/12\/biotherm-life-plankton-elixir-30-ml.jpg\" \/>\r\n\t<meta property=\"og:image:width\" content=\"700\" \/>\r\n\t<meta property=\"og:image:height\" content=\"700\" \/>\r\n\t<meta property=\"og:image:type\" content=\"image\/jpeg\" \/>\r\n<meta name=\"twitter:card\" content=\"summary_large_image\" \/>\r\n<meta name=\"twitter:label1\" content=\"Dur\u00e9e de lecture estim\u00e9e\" \/>\n\t<meta name=\"twitter:data1\" content=\"2 minutes\" \/>\r\n<script type=\"application\/ld+json\" class=\"yoast-schema-graph\">{\"@context\":\"https:\/\/schema.org\",\"@graph\":[{\"@type\":\"WebPage\",\"@id\":\"https:\/\/paracherkaoui.ma\/index.php\/produit\/biotherm-life-plankton-elixir-30-ml\/\",\"url\":\"https:\/\/paracherkaoui.ma\/index.php\/produit\/biotherm-life-plankton-elixir-30-ml\/\",\"name\":\"BIOTHERM LIFE PLANKTON ELIXIR 30 ML - Paracherkaoui.ma\",\"isPartOf\":{\"@id\":\"https:\/\/paracherkaoui.ma\/#website\"},\"primaryImageOfPage\":{\"@id\":\"https:\/\/paracherkaoui.ma\/index.php\/produit\/biotherm-life-plankton-elixir-30-ml\/#primaryimage\"},\"image\":{\"@id\":\"https:\/\/paracherkaoui.ma\/index.php\/produit\/biotherm-life-plankton-elixir-30-ml\/#primaryimage\"},\"thumbnailUrl\":\"https:\/\/paracherkaoui.ma\/wp-content\/uploads\/2025\/12\/biotherm-life-plankton-elixir-30-ml.jpg\",\"datePublished\":\"2025-12-12T17:20:19+00:00\",\"dateModified\":\"2025-12-12T17:20:22+00:00\",\"breadcrumb\":{\"@id\":\"https:\/\/paracherkaoui.ma\/index.php\/produit\/biotherm-life-plankton-elixir-30-ml\/#breadcrumb\"},\"inLanguage\":\"fr-FR\",\"potentialAction\":[{\"@type\":\"ReadAction\",\"target\":[\"https:\/\/paracherkaoui.ma\/index.php\/produit\/biotherm-life-plankton-elixir-30-ml\/\"]}]},{\"@type\":\"ImageObject\",\"inLanguage\":\"fr-FR\",\"@id\":\"https:\/\/paracherkaoui.ma\/index.php\/produit\/biotherm-life-plankton-elixir-30-ml\/#primaryimage\",\"url\":\"https:\/\/paracherkaoui.ma\/wp-content\/uploads\/2025\/12\/biotherm-life-plankton-elixir-30-ml.jpg\",\"contentUrl\":\"https:\/\/paracherkaoui.ma\/wp-content\/uploads\/2025\/12\/biotherm-life-plankton-elixir-30-ml.jpg\",\"width\":700,\"height\":700},{\"@type\":\"BreadcrumbList\",\"@id\":\"https:\/\/paracherkaoui.ma\/index.php\/produit\/biotherm-life-plankton-elixir-30-ml\/#breadcrumb\",\"itemListElement\":[{\"@type\":\"ListItem\",\"position\":1,\"name\":\"Accueil\",\"item\":\"https:\/\/paracherkaoui.ma\/\"},{\"@type\":\"ListItem\",\"position\":2,\"name\":\"Boutique\",\"item\":\"https:\/\/paracherkaoui.ma\/index.php\/boutique\/\"},{\"@type\":\"ListItem\",\"position\":3,\"name\":\"BIOTHERM LIFE PLANKTON ELIXIR 30 ML\"}]},{\"@type\":\"WebSite\",\"@id\":\"https:\/\/paracherkaoui.ma\/#website\",\"url\":\"https:\/\/paracherkaoui.ma\/\",\"name\":\"Paracherkaoui.ma\",\"description\":\"Achetez en ligne sur Paracherkaoui.ma\",\"potentialAction\":[{\"@type\":\"SearchAction\",\"target\":{\"@type\":\"EntryPoint\",\"urlTemplate\":\"https:\/\/paracherkaoui.ma\/?s={search_term_string}\"},\"query-input\":{\"@type\":\"PropertyValueSpecification\",\"valueRequired\":true,\"valueName\":\"search_term_string\"}}],\"inLanguage\":\"fr-FR\"}]}<\/script>\r\n<!-- \/ Yoast SEO plugin. -->","yoast_head_json":{"title":"BIOTHERM LIFE PLANKTON ELIXIR 30 ML - Paracherkaoui.ma","robots":{"index":"index","follow":"follow","max-snippet":"max-snippet:-1","max-image-preview":"max-image-preview:large","max-video-preview":"max-video-preview:-1"},"canonical":"https:\/\/paracherkaoui.ma\/index.php\/produit\/biotherm-life-plankton-elixir-30-ml\/","og_locale":"fr_FR","og_type":"article","og_title":"BIOTHERM LIFE PLANKTON ELIXIR 30 ML - Paracherkaoui.ma","og_description":"Le Biotherm Life Plankton Elixir 30 ml est le s\u00e9rum anti-\u00e2ge ultime qui redonne \u00e0 votre peau une jeunesse \u00e9clatante.","og_url":"https:\/\/paracherkaoui.ma\/index.php\/produit\/biotherm-life-plankton-elixir-30-ml\/","og_site_name":"Paracherkaoui.ma","article_modified_time":"2025-12-12T17:20:22+00:00","og_image":[{"width":700,"height":700,"url":"https:\/\/paracherkaoui.ma\/wp-content\/uploads\/2025\/12\/biotherm-life-plankton-elixir-30-ml.jpg","type":"image\/jpeg"}],"twitter_card":"summary_large_image","twitter_misc":{"Dur\u00e9e de lecture estim\u00e9e":"2 minutes"},"schema":{"@context":"https:\/\/schema.org","@graph":[{"@type":"WebPage","@id":"https:\/\/paracherkaoui.ma\/index.php\/produit\/biotherm-life-plankton-elixir-30-ml\/","url":"https:\/\/paracherkaoui.ma\/index.php\/produit\/biotherm-life-plankton-elixir-30-ml\/","name":"BIOTHERM LIFE PLANKTON ELIXIR 30 ML - Paracherkaoui.ma","isPartOf":{"@id":"https:\/\/paracherkaoui.ma\/#website"},"primaryImageOfPage":{"@id":"https:\/\/paracherkaoui.ma\/index.php\/produit\/biotherm-life-plankton-elixir-30-ml\/#primaryimage"},"image":{"@id":"https:\/\/paracherkaoui.ma\/index.php\/produit\/biotherm-life-plankton-elixir-30-ml\/#primaryimage"},"thumbnailUrl":"https:\/\/paracherkaoui.ma\/wp-content\/uploads\/2025\/12\/biotherm-life-plankton-elixir-30-ml.jpg","datePublished":"2025-12-12T17:20:19+00:00","dateModified":"2025-12-12T17:20:22+00:00","breadcrumb":{"@id":"https:\/\/paracherkaoui.ma\/index.php\/produit\/biotherm-life-plankton-elixir-30-ml\/#breadcrumb"},"inLanguage":"fr-FR","potentialAction":[{"@type":"ReadAction","target":["https:\/\/paracherkaoui.ma\/index.php\/produit\/biotherm-life-plankton-elixir-30-ml\/"]}]},{"@type":"ImageObject","inLanguage":"fr-FR","@id":"https:\/\/paracherkaoui.ma\/index.php\/produit\/biotherm-life-plankton-elixir-30-ml\/#primaryimage","url":"https:\/\/paracherkaoui.ma\/wp-content\/uploads\/2025\/12\/biotherm-life-plankton-elixir-30-ml.jpg","contentUrl":"https:\/\/paracherkaoui.ma\/wp-content\/uploads\/2025\/12\/biotherm-life-plankton-elixir-30-ml.jpg","width":700,"height":700},{"@type":"BreadcrumbList","@id":"https:\/\/paracherkaoui.ma\/index.php\/produit\/biotherm-life-plankton-elixir-30-ml\/#breadcrumb","itemListElement":[{"@type":"ListItem","position":1,"name":"Accueil","item":"https:\/\/paracherkaoui.ma\/"},{"@type":"ListItem","position":2,"name":"Boutique","item":"https:\/\/paracherkaoui.ma\/index.php\/boutique\/"},{"@type":"ListItem","position":3,"name":"BIOTHERM LIFE PLANKTON ELIXIR 30 ML"}]},{"@type":"WebSite","@id":"https:\/\/paracherkaoui.ma\/#website","url":"https:\/\/paracherkaoui.ma\/","name":"Paracherkaoui.ma","description":"Achetez en ligne sur Paracherkaoui.ma","potentialAction":[{"@type":"SearchAction","target":{"@type":"EntryPoint","urlTemplate":"https:\/\/paracherkaoui.ma\/?s={search_term_string}"},"query-input":{"@type":"PropertyValueSpecification","valueRequired":true,"valueName":"search_term_string"}}],"inLanguage":"fr-FR"}]}},"_links":{"self":[{"href":"https:\/\/paracherkaoui.ma\/index.php\/wp-json\/wp\/v2\/product\/24338","targetHints":{"allow":["GET"]}}],"collection":[{"href":"https:\/\/paracherkaoui.ma\/index.php\/wp-json\/wp\/v2\/product"}],"about":[{"href":"https:\/\/paracherkaoui.ma\/index.php\/wp-json\/wp\/v2\/types\/product"}],"replies":[{"embeddable":true,"href":"https:\/\/paracherkaoui.ma\/index.php\/wp-json\/wp\/v2\/comments?post=24338"}],"version-history":[{"count":1,"href":"https:\/\/paracherkaoui.ma\/index.php\/wp-json\/wp\/v2\/product\/24338\/revisions"}],"predecessor-version":[{"id":24377,"href":"https:\/\/paracherkaoui.ma\/index.php\/wp-json\/wp\/v2\/product\/24338\/revisions\/24377"}],"wp:featuredmedia":[{"embeddable":true,"href":"https:\/\/paracherkaoui.ma\/index.php\/wp-json\/wp\/v2\/media\/24376"}],"wp:attachment":[{"href":"https:\/\/paracherkaoui.ma\/index.php\/wp-json\/wp\/v2\/media?parent=24338"}],"wp:term":[{"taxonomy":"product_brand","embeddable":true,"href":"https:\/\/paracherkaoui.ma\/index.php\/wp-json\/wp\/v2\/product_brand?post=24338"},{"taxonomy":"product_cat","embeddable":true,"href":"https:\/\/paracherkaoui.ma\/index.php\/wp-json\/wp\/v2\/product_cat?post=24338"},{"taxonomy":"product_tag","embeddable":true,"href":"https:\/\/paracherkaoui.ma\/index.php\/wp-json\/wp\/v2\/product_tag?post=24338"}],"curies":[{"name":"wp","href":"https:\/\/api.w.org\/{rel}","templated":true}]}}