{"id":24334,"date":"2025-12-12T18:20:19","date_gmt":"2025-12-12T17:20:19","guid":{"rendered":"https:\/\/test.ecbeaute.com\/?post_type=product&#038;p=24334"},"modified":"2025-12-12T18:20:21","modified_gmt":"2025-12-12T17:20:21","slug":"sensilis-upgrade-ampoules","status":"publish","type":"product","link":"https:\/\/paracherkaoui.ma\/index.php\/produit\/sensilis-upgrade-ampoules\/","title":{"rendered":"SENSILIS UPGRADE AMPOULES"},"content":{"rendered":"<p>1,5 ml x 15 ampoules<br \/>\nLes ampoules upgrade sont un traitement intensif qui exerce une action hydratante, antioxydante et raffermissante. Et cela gr\u00e2ce \u00e0 sa teneur en acide f\u00e9rulique, glycoprot\u00e9ines pr\u00e9curseurs des prot\u00e9oglycanes et \u00e0 la puissance de la technologie g\u00e9nomique qui prot\u00e8ge votre ADN cellulaire.<br \/>\nConseils d&rsquo;utilisation:<br \/>\nAppliquer depuis la moiti\u00e9 du visage jusqu\u2019au menton, de l\u2019int\u00e9rieur vers l\u2019ext\u00e9rieur, par de petits massages.Appliquer ensuite une petite quantit\u00e9 sur le front et l\u2019\u00e9taler de bas en haut. Effectuer des massages circulaires sur les joues pour intensifier la p\u00e9n\u00e9tration du produit. Effectuer des massages circulaires sur le front et faire des petites pressions avec le bout des doigts.<\/p>\n","protected":false},"excerpt":{"rendered":"<p>1,5 ml x 15 ampoules Les ampoules upgrade sont un traitement intensif qui exerce une action hydratante, antioxydante et raffermissante.<\/p>\n","protected":false},"featured_media":24368,"comment_status":"open","ping_status":"closed","template":"","meta":[],"product_brand":[425],"product_cat":[496],"product_tag":[],"class_list":{"0":"post-24334","1":"product","2":"type-product","3":"status-publish","4":"has-post-thumbnail","6":"product_brand-sensilis","7":"product_cat-premieres-rides","9":"first","10":"instock","11":"sale","12":"shipping-taxable","13":"purchasable","14":"product-type-simple"},"yoast_head":"<!-- This site is optimized with the Yoast SEO plugin v26.6 - https:\/\/yoast.com\/wordpress\/plugins\/seo\/ -->\r\n<title>SENSILIS UPGRADE AMPOULES - Paracherkaoui.ma<\/title>\r\n<meta name=\"robots\" content=\"index, follow, max-snippet:-1, max-image-preview:large, max-video-preview:-1\" \/>\r\n<link rel=\"canonical\" href=\"https:\/\/paracherkaoui.ma\/index.php\/produit\/sensilis-upgrade-ampoules\/\" \/>\r\n<meta property=\"og:locale\" content=\"fr_FR\" \/>\r\n<meta property=\"og:type\" content=\"article\" \/>\r\n<meta property=\"og:title\" content=\"SENSILIS UPGRADE AMPOULES - Paracherkaoui.ma\" \/>\r\n<meta property=\"og:description\" content=\"1,5 ml x 15 ampoules Les ampoules upgrade sont un traitement intensif qui exerce une action hydratante, antioxydante et raffermissante.\" \/>\r\n<meta property=\"og:url\" content=\"https:\/\/paracherkaoui.ma\/index.php\/produit\/sensilis-upgrade-ampoules\/\" \/>\r\n<meta property=\"og:site_name\" content=\"Paracherkaoui.ma\" \/>\r\n<meta property=\"article:modified_time\" content=\"2025-12-12T17:20:21+00:00\" \/>\r\n<meta property=\"og:image\" content=\"https:\/\/paracherkaoui.ma\/wp-content\/uploads\/2025\/12\/sensilis-upgrade-ampoules.jpg\" \/>\r\n\t<meta property=\"og:image:width\" content=\"700\" \/>\r\n\t<meta property=\"og:image:height\" content=\"700\" \/>\r\n\t<meta property=\"og:image:type\" content=\"image\/jpeg\" \/>\r\n<meta name=\"twitter:card\" content=\"summary_large_image\" \/>\r\n<meta name=\"twitter:label1\" content=\"Dur\u00e9e de lecture estim\u00e9e\" \/>\n\t<meta name=\"twitter:data1\" content=\"1 minute\" \/>\r\n<script type=\"application\/ld+json\" class=\"yoast-schema-graph\">{\"@context\":\"https:\/\/schema.org\",\"@graph\":[{\"@type\":\"WebPage\",\"@id\":\"https:\/\/paracherkaoui.ma\/index.php\/produit\/sensilis-upgrade-ampoules\/\",\"url\":\"https:\/\/paracherkaoui.ma\/index.php\/produit\/sensilis-upgrade-ampoules\/\",\"name\":\"SENSILIS UPGRADE AMPOULES - Paracherkaoui.ma\",\"isPartOf\":{\"@id\":\"https:\/\/paracherkaoui.ma\/#website\"},\"primaryImageOfPage\":{\"@id\":\"https:\/\/paracherkaoui.ma\/index.php\/produit\/sensilis-upgrade-ampoules\/#primaryimage\"},\"image\":{\"@id\":\"https:\/\/paracherkaoui.ma\/index.php\/produit\/sensilis-upgrade-ampoules\/#primaryimage\"},\"thumbnailUrl\":\"https:\/\/paracherkaoui.ma\/wp-content\/uploads\/2025\/12\/sensilis-upgrade-ampoules.jpg\",\"datePublished\":\"2025-12-12T17:20:19+00:00\",\"dateModified\":\"2025-12-12T17:20:21+00:00\",\"breadcrumb\":{\"@id\":\"https:\/\/paracherkaoui.ma\/index.php\/produit\/sensilis-upgrade-ampoules\/#breadcrumb\"},\"inLanguage\":\"fr-FR\",\"potentialAction\":[{\"@type\":\"ReadAction\",\"target\":[\"https:\/\/paracherkaoui.ma\/index.php\/produit\/sensilis-upgrade-ampoules\/\"]}]},{\"@type\":\"ImageObject\",\"inLanguage\":\"fr-FR\",\"@id\":\"https:\/\/paracherkaoui.ma\/index.php\/produit\/sensilis-upgrade-ampoules\/#primaryimage\",\"url\":\"https:\/\/paracherkaoui.ma\/wp-content\/uploads\/2025\/12\/sensilis-upgrade-ampoules.jpg\",\"contentUrl\":\"https:\/\/paracherkaoui.ma\/wp-content\/uploads\/2025\/12\/sensilis-upgrade-ampoules.jpg\",\"width\":700,\"height\":700},{\"@type\":\"BreadcrumbList\",\"@id\":\"https:\/\/paracherkaoui.ma\/index.php\/produit\/sensilis-upgrade-ampoules\/#breadcrumb\",\"itemListElement\":[{\"@type\":\"ListItem\",\"position\":1,\"name\":\"Accueil\",\"item\":\"https:\/\/paracherkaoui.ma\/\"},{\"@type\":\"ListItem\",\"position\":2,\"name\":\"Boutique\",\"item\":\"https:\/\/paracherkaoui.ma\/index.php\/boutique\/\"},{\"@type\":\"ListItem\",\"position\":3,\"name\":\"SENSILIS UPGRADE AMPOULES\"}]},{\"@type\":\"WebSite\",\"@id\":\"https:\/\/paracherkaoui.ma\/#website\",\"url\":\"https:\/\/paracherkaoui.ma\/\",\"name\":\"Paracherkaoui.ma\",\"description\":\"Achetez en ligne sur Paracherkaoui.ma\",\"potentialAction\":[{\"@type\":\"SearchAction\",\"target\":{\"@type\":\"EntryPoint\",\"urlTemplate\":\"https:\/\/paracherkaoui.ma\/?s={search_term_string}\"},\"query-input\":{\"@type\":\"PropertyValueSpecification\",\"valueRequired\":true,\"valueName\":\"search_term_string\"}}],\"inLanguage\":\"fr-FR\"}]}<\/script>\r\n<!-- \/ Yoast SEO plugin. -->","yoast_head_json":{"title":"SENSILIS UPGRADE AMPOULES - Paracherkaoui.ma","robots":{"index":"index","follow":"follow","max-snippet":"max-snippet:-1","max-image-preview":"max-image-preview:large","max-video-preview":"max-video-preview:-1"},"canonical":"https:\/\/paracherkaoui.ma\/index.php\/produit\/sensilis-upgrade-ampoules\/","og_locale":"fr_FR","og_type":"article","og_title":"SENSILIS UPGRADE AMPOULES - Paracherkaoui.ma","og_description":"1,5 ml x 15 ampoules Les ampoules upgrade sont un traitement intensif qui exerce une action hydratante, antioxydante et raffermissante.","og_url":"https:\/\/paracherkaoui.ma\/index.php\/produit\/sensilis-upgrade-ampoules\/","og_site_name":"Paracherkaoui.ma","article_modified_time":"2025-12-12T17:20:21+00:00","og_image":[{"width":700,"height":700,"url":"https:\/\/paracherkaoui.ma\/wp-content\/uploads\/2025\/12\/sensilis-upgrade-ampoules.jpg","type":"image\/jpeg"}],"twitter_card":"summary_large_image","twitter_misc":{"Dur\u00e9e de lecture estim\u00e9e":"1 minute"},"schema":{"@context":"https:\/\/schema.org","@graph":[{"@type":"WebPage","@id":"https:\/\/paracherkaoui.ma\/index.php\/produit\/sensilis-upgrade-ampoules\/","url":"https:\/\/paracherkaoui.ma\/index.php\/produit\/sensilis-upgrade-ampoules\/","name":"SENSILIS UPGRADE AMPOULES - Paracherkaoui.ma","isPartOf":{"@id":"https:\/\/paracherkaoui.ma\/#website"},"primaryImageOfPage":{"@id":"https:\/\/paracherkaoui.ma\/index.php\/produit\/sensilis-upgrade-ampoules\/#primaryimage"},"image":{"@id":"https:\/\/paracherkaoui.ma\/index.php\/produit\/sensilis-upgrade-ampoules\/#primaryimage"},"thumbnailUrl":"https:\/\/paracherkaoui.ma\/wp-content\/uploads\/2025\/12\/sensilis-upgrade-ampoules.jpg","datePublished":"2025-12-12T17:20:19+00:00","dateModified":"2025-12-12T17:20:21+00:00","breadcrumb":{"@id":"https:\/\/paracherkaoui.ma\/index.php\/produit\/sensilis-upgrade-ampoules\/#breadcrumb"},"inLanguage":"fr-FR","potentialAction":[{"@type":"ReadAction","target":["https:\/\/paracherkaoui.ma\/index.php\/produit\/sensilis-upgrade-ampoules\/"]}]},{"@type":"ImageObject","inLanguage":"fr-FR","@id":"https:\/\/paracherkaoui.ma\/index.php\/produit\/sensilis-upgrade-ampoules\/#primaryimage","url":"https:\/\/paracherkaoui.ma\/wp-content\/uploads\/2025\/12\/sensilis-upgrade-ampoules.jpg","contentUrl":"https:\/\/paracherkaoui.ma\/wp-content\/uploads\/2025\/12\/sensilis-upgrade-ampoules.jpg","width":700,"height":700},{"@type":"BreadcrumbList","@id":"https:\/\/paracherkaoui.ma\/index.php\/produit\/sensilis-upgrade-ampoules\/#breadcrumb","itemListElement":[{"@type":"ListItem","position":1,"name":"Accueil","item":"https:\/\/paracherkaoui.ma\/"},{"@type":"ListItem","position":2,"name":"Boutique","item":"https:\/\/paracherkaoui.ma\/index.php\/boutique\/"},{"@type":"ListItem","position":3,"name":"SENSILIS UPGRADE AMPOULES"}]},{"@type":"WebSite","@id":"https:\/\/paracherkaoui.ma\/#website","url":"https:\/\/paracherkaoui.ma\/","name":"Paracherkaoui.ma","description":"Achetez en ligne sur Paracherkaoui.ma","potentialAction":[{"@type":"SearchAction","target":{"@type":"EntryPoint","urlTemplate":"https:\/\/paracherkaoui.ma\/?s={search_term_string}"},"query-input":{"@type":"PropertyValueSpecification","valueRequired":true,"valueName":"search_term_string"}}],"inLanguage":"fr-FR"}]}},"_links":{"self":[{"href":"https:\/\/paracherkaoui.ma\/index.php\/wp-json\/wp\/v2\/product\/24334","targetHints":{"allow":["GET"]}}],"collection":[{"href":"https:\/\/paracherkaoui.ma\/index.php\/wp-json\/wp\/v2\/product"}],"about":[{"href":"https:\/\/paracherkaoui.ma\/index.php\/wp-json\/wp\/v2\/types\/product"}],"replies":[{"embeddable":true,"href":"https:\/\/paracherkaoui.ma\/index.php\/wp-json\/wp\/v2\/comments?post=24334"}],"version-history":[{"count":1,"href":"https:\/\/paracherkaoui.ma\/index.php\/wp-json\/wp\/v2\/product\/24334\/revisions"}],"predecessor-version":[{"id":24369,"href":"https:\/\/paracherkaoui.ma\/index.php\/wp-json\/wp\/v2\/product\/24334\/revisions\/24369"}],"wp:featuredmedia":[{"embeddable":true,"href":"https:\/\/paracherkaoui.ma\/index.php\/wp-json\/wp\/v2\/media\/24368"}],"wp:attachment":[{"href":"https:\/\/paracherkaoui.ma\/index.php\/wp-json\/wp\/v2\/media?parent=24334"}],"wp:term":[{"taxonomy":"product_brand","embeddable":true,"href":"https:\/\/paracherkaoui.ma\/index.php\/wp-json\/wp\/v2\/product_brand?post=24334"},{"taxonomy":"product_cat","embeddable":true,"href":"https:\/\/paracherkaoui.ma\/index.php\/wp-json\/wp\/v2\/product_cat?post=24334"},{"taxonomy":"product_tag","embeddable":true,"href":"https:\/\/paracherkaoui.ma\/index.php\/wp-json\/wp\/v2\/product_tag?post=24334"}],"curies":[{"name":"wp","href":"https:\/\/api.w.org\/{rel}","templated":true}]}}