{"id":24272,"date":"2025-12-12T18:20:12","date_gmt":"2025-12-12T17:20:12","guid":{"rendered":"https:\/\/test.ecbeaute.com\/?post_type=product&#038;p=24272"},"modified":"2025-12-12T18:20:18","modified_gmt":"2025-12-12T17:20:18","slug":"martiderm-black-diamond-epigence-145-crem-jour-50ml","status":"publish","type":"product","link":"https:\/\/paracherkaoui.ma\/index.php\/produit\/martiderm-black-diamond-epigence-145-crem-jour-50ml\/","title":{"rendered":"MARTIDERM BLACK DIAMOND EPIGENCE 145 CREM JOUR 50ML"},"content":{"rendered":"<p>Epigence 145 Cream a \u00e9t\u00e9 con\u00e7ue pour reprogrammer la peau et retarder les signes du vieillissement.<br \/>\nSes ingr\u00e9dients intelligents agissent \u00e0 trois niveaux\u00a0: ils redonnent aux cellules leur capacit\u00e9 \u00e0 se r\u00e9g\u00e9n\u00e9rer ; augmentent la production d&rsquo;acide hyaluronique, de collag\u00e8ne et d&rsquo;\u00e9lastine, et am\u00e9liorent la fermet\u00e9 et l&rsquo;\u00e9lasticit\u00e9 de la peau.De plus, elle contient des vitamines qui apportent de l&rsquo;\u00e9clat \u00e0 la peau et unifient le teint.<br \/>\nEpigence 145 Cream augmente l&rsquo;\u00e9lasticit\u00e9 et la fermet\u00e9 de la peau et unifie le teint en plus de r\u00e9duire les rides et d&rsquo;apporter de l&rsquo;\u00e9clat.<br \/>\nElle am\u00e9liore la r\u00e9sistance en donnant \u00e0 la peau un aspect plus jeune et renouvel\u00e9.<br \/>\nConseils d&rsquo;utilisation:<br \/>\nPrendre un peu de cr\u00e8me sur les mains.Appliquer le\u00a0matin sur le visage, le cou et le d\u00e9collet\u00e9, masser jusqu&rsquo;\u00e0 absorption compl\u00e8te<\/p>\n","protected":false},"excerpt":{"rendered":"<p>Epigence 145 Cream a \u00e9t\u00e9 con\u00e7ue pour reprogrammer la peau et retarder les signes du vieillissement. Ses ingr\u00e9dients intelligents agissent<\/p>\n","protected":false},"featured_media":24327,"comment_status":"open","ping_status":"closed","template":"","meta":[],"product_brand":[291],"product_cat":[496],"product_tag":[],"class_list":{"0":"post-24272","1":"product","2":"type-product","3":"status-publish","4":"has-post-thumbnail","6":"product_brand-martiderm","7":"product_cat-premieres-rides","9":"first","10":"instock","11":"sale","12":"shipping-taxable","13":"purchasable","14":"product-type-simple"},"yoast_head":"<!-- This site is optimized with the Yoast SEO plugin v26.6 - https:\/\/yoast.com\/wordpress\/plugins\/seo\/ -->\r\n<title>MARTIDERM BLACK DIAMOND EPIGENCE 145 CREM JOUR 50ML - Paracherkaoui.ma<\/title>\r\n<meta name=\"robots\" content=\"index, follow, max-snippet:-1, max-image-preview:large, max-video-preview:-1\" \/>\r\n<link rel=\"canonical\" href=\"https:\/\/paracherkaoui.ma\/index.php\/produit\/martiderm-black-diamond-epigence-145-crem-jour-50ml\/\" \/>\r\n<meta property=\"og:locale\" content=\"fr_FR\" \/>\r\n<meta property=\"og:type\" content=\"article\" \/>\r\n<meta property=\"og:title\" content=\"MARTIDERM BLACK DIAMOND EPIGENCE 145 CREM JOUR 50ML - Paracherkaoui.ma\" \/>\r\n<meta property=\"og:description\" content=\"Epigence 145 Cream a \u00e9t\u00e9 con\u00e7ue pour reprogrammer la peau et retarder les signes du vieillissement. Ses ingr\u00e9dients intelligents agissent\" \/>\r\n<meta property=\"og:url\" content=\"https:\/\/paracherkaoui.ma\/index.php\/produit\/martiderm-black-diamond-epigence-145-crem-jour-50ml\/\" \/>\r\n<meta property=\"og:site_name\" content=\"Paracherkaoui.ma\" \/>\r\n<meta property=\"article:modified_time\" content=\"2025-12-12T17:20:18+00:00\" \/>\r\n<meta property=\"og:image\" content=\"https:\/\/paracherkaoui.ma\/wp-content\/uploads\/2025\/12\/martiderm-black-diamond-epigence-145-crem-jour-50ml.jpg\" \/>\r\n\t<meta property=\"og:image:width\" content=\"700\" \/>\r\n\t<meta property=\"og:image:height\" content=\"700\" \/>\r\n\t<meta property=\"og:image:type\" content=\"image\/jpeg\" \/>\r\n<meta name=\"twitter:card\" content=\"summary_large_image\" \/>\r\n<meta name=\"twitter:label1\" content=\"Dur\u00e9e de lecture estim\u00e9e\" \/>\n\t<meta name=\"twitter:data1\" content=\"1 minute\" \/>\r\n<script type=\"application\/ld+json\" class=\"yoast-schema-graph\">{\"@context\":\"https:\/\/schema.org\",\"@graph\":[{\"@type\":\"WebPage\",\"@id\":\"https:\/\/paracherkaoui.ma\/index.php\/produit\/martiderm-black-diamond-epigence-145-crem-jour-50ml\/\",\"url\":\"https:\/\/paracherkaoui.ma\/index.php\/produit\/martiderm-black-diamond-epigence-145-crem-jour-50ml\/\",\"name\":\"MARTIDERM BLACK DIAMOND EPIGENCE 145 CREM JOUR 50ML - Paracherkaoui.ma\",\"isPartOf\":{\"@id\":\"https:\/\/paracherkaoui.ma\/#website\"},\"primaryImageOfPage\":{\"@id\":\"https:\/\/paracherkaoui.ma\/index.php\/produit\/martiderm-black-diamond-epigence-145-crem-jour-50ml\/#primaryimage\"},\"image\":{\"@id\":\"https:\/\/paracherkaoui.ma\/index.php\/produit\/martiderm-black-diamond-epigence-145-crem-jour-50ml\/#primaryimage\"},\"thumbnailUrl\":\"https:\/\/paracherkaoui.ma\/wp-content\/uploads\/2025\/12\/martiderm-black-diamond-epigence-145-crem-jour-50ml.jpg\",\"datePublished\":\"2025-12-12T17:20:12+00:00\",\"dateModified\":\"2025-12-12T17:20:18+00:00\",\"breadcrumb\":{\"@id\":\"https:\/\/paracherkaoui.ma\/index.php\/produit\/martiderm-black-diamond-epigence-145-crem-jour-50ml\/#breadcrumb\"},\"inLanguage\":\"fr-FR\",\"potentialAction\":[{\"@type\":\"ReadAction\",\"target\":[\"https:\/\/paracherkaoui.ma\/index.php\/produit\/martiderm-black-diamond-epigence-145-crem-jour-50ml\/\"]}]},{\"@type\":\"ImageObject\",\"inLanguage\":\"fr-FR\",\"@id\":\"https:\/\/paracherkaoui.ma\/index.php\/produit\/martiderm-black-diamond-epigence-145-crem-jour-50ml\/#primaryimage\",\"url\":\"https:\/\/paracherkaoui.ma\/wp-content\/uploads\/2025\/12\/martiderm-black-diamond-epigence-145-crem-jour-50ml.jpg\",\"contentUrl\":\"https:\/\/paracherkaoui.ma\/wp-content\/uploads\/2025\/12\/martiderm-black-diamond-epigence-145-crem-jour-50ml.jpg\",\"width\":700,\"height\":700},{\"@type\":\"BreadcrumbList\",\"@id\":\"https:\/\/paracherkaoui.ma\/index.php\/produit\/martiderm-black-diamond-epigence-145-crem-jour-50ml\/#breadcrumb\",\"itemListElement\":[{\"@type\":\"ListItem\",\"position\":1,\"name\":\"Accueil\",\"item\":\"https:\/\/paracherkaoui.ma\/\"},{\"@type\":\"ListItem\",\"position\":2,\"name\":\"Boutique\",\"item\":\"https:\/\/paracherkaoui.ma\/index.php\/boutique\/\"},{\"@type\":\"ListItem\",\"position\":3,\"name\":\"MARTIDERM BLACK DIAMOND EPIGENCE 145 CREM JOUR 50ML\"}]},{\"@type\":\"WebSite\",\"@id\":\"https:\/\/paracherkaoui.ma\/#website\",\"url\":\"https:\/\/paracherkaoui.ma\/\",\"name\":\"Paracherkaoui.ma\",\"description\":\"Achetez en ligne sur Paracherkaoui.ma\",\"potentialAction\":[{\"@type\":\"SearchAction\",\"target\":{\"@type\":\"EntryPoint\",\"urlTemplate\":\"https:\/\/paracherkaoui.ma\/?s={search_term_string}\"},\"query-input\":{\"@type\":\"PropertyValueSpecification\",\"valueRequired\":true,\"valueName\":\"search_term_string\"}}],\"inLanguage\":\"fr-FR\"}]}<\/script>\r\n<!-- \/ Yoast SEO plugin. -->","yoast_head_json":{"title":"MARTIDERM BLACK DIAMOND EPIGENCE 145 CREM JOUR 50ML - Paracherkaoui.ma","robots":{"index":"index","follow":"follow","max-snippet":"max-snippet:-1","max-image-preview":"max-image-preview:large","max-video-preview":"max-video-preview:-1"},"canonical":"https:\/\/paracherkaoui.ma\/index.php\/produit\/martiderm-black-diamond-epigence-145-crem-jour-50ml\/","og_locale":"fr_FR","og_type":"article","og_title":"MARTIDERM BLACK DIAMOND EPIGENCE 145 CREM JOUR 50ML - Paracherkaoui.ma","og_description":"Epigence 145 Cream a \u00e9t\u00e9 con\u00e7ue pour reprogrammer la peau et retarder les signes du vieillissement. Ses ingr\u00e9dients intelligents agissent","og_url":"https:\/\/paracherkaoui.ma\/index.php\/produit\/martiderm-black-diamond-epigence-145-crem-jour-50ml\/","og_site_name":"Paracherkaoui.ma","article_modified_time":"2025-12-12T17:20:18+00:00","og_image":[{"width":700,"height":700,"url":"https:\/\/paracherkaoui.ma\/wp-content\/uploads\/2025\/12\/martiderm-black-diamond-epigence-145-crem-jour-50ml.jpg","type":"image\/jpeg"}],"twitter_card":"summary_large_image","twitter_misc":{"Dur\u00e9e de lecture estim\u00e9e":"1 minute"},"schema":{"@context":"https:\/\/schema.org","@graph":[{"@type":"WebPage","@id":"https:\/\/paracherkaoui.ma\/index.php\/produit\/martiderm-black-diamond-epigence-145-crem-jour-50ml\/","url":"https:\/\/paracherkaoui.ma\/index.php\/produit\/martiderm-black-diamond-epigence-145-crem-jour-50ml\/","name":"MARTIDERM BLACK DIAMOND EPIGENCE 145 CREM JOUR 50ML - Paracherkaoui.ma","isPartOf":{"@id":"https:\/\/paracherkaoui.ma\/#website"},"primaryImageOfPage":{"@id":"https:\/\/paracherkaoui.ma\/index.php\/produit\/martiderm-black-diamond-epigence-145-crem-jour-50ml\/#primaryimage"},"image":{"@id":"https:\/\/paracherkaoui.ma\/index.php\/produit\/martiderm-black-diamond-epigence-145-crem-jour-50ml\/#primaryimage"},"thumbnailUrl":"https:\/\/paracherkaoui.ma\/wp-content\/uploads\/2025\/12\/martiderm-black-diamond-epigence-145-crem-jour-50ml.jpg","datePublished":"2025-12-12T17:20:12+00:00","dateModified":"2025-12-12T17:20:18+00:00","breadcrumb":{"@id":"https:\/\/paracherkaoui.ma\/index.php\/produit\/martiderm-black-diamond-epigence-145-crem-jour-50ml\/#breadcrumb"},"inLanguage":"fr-FR","potentialAction":[{"@type":"ReadAction","target":["https:\/\/paracherkaoui.ma\/index.php\/produit\/martiderm-black-diamond-epigence-145-crem-jour-50ml\/"]}]},{"@type":"ImageObject","inLanguage":"fr-FR","@id":"https:\/\/paracherkaoui.ma\/index.php\/produit\/martiderm-black-diamond-epigence-145-crem-jour-50ml\/#primaryimage","url":"https:\/\/paracherkaoui.ma\/wp-content\/uploads\/2025\/12\/martiderm-black-diamond-epigence-145-crem-jour-50ml.jpg","contentUrl":"https:\/\/paracherkaoui.ma\/wp-content\/uploads\/2025\/12\/martiderm-black-diamond-epigence-145-crem-jour-50ml.jpg","width":700,"height":700},{"@type":"BreadcrumbList","@id":"https:\/\/paracherkaoui.ma\/index.php\/produit\/martiderm-black-diamond-epigence-145-crem-jour-50ml\/#breadcrumb","itemListElement":[{"@type":"ListItem","position":1,"name":"Accueil","item":"https:\/\/paracherkaoui.ma\/"},{"@type":"ListItem","position":2,"name":"Boutique","item":"https:\/\/paracherkaoui.ma\/index.php\/boutique\/"},{"@type":"ListItem","position":3,"name":"MARTIDERM BLACK DIAMOND EPIGENCE 145 CREM JOUR 50ML"}]},{"@type":"WebSite","@id":"https:\/\/paracherkaoui.ma\/#website","url":"https:\/\/paracherkaoui.ma\/","name":"Paracherkaoui.ma","description":"Achetez en ligne sur Paracherkaoui.ma","potentialAction":[{"@type":"SearchAction","target":{"@type":"EntryPoint","urlTemplate":"https:\/\/paracherkaoui.ma\/?s={search_term_string}"},"query-input":{"@type":"PropertyValueSpecification","valueRequired":true,"valueName":"search_term_string"}}],"inLanguage":"fr-FR"}]}},"_links":{"self":[{"href":"https:\/\/paracherkaoui.ma\/index.php\/wp-json\/wp\/v2\/product\/24272","targetHints":{"allow":["GET"]}}],"collection":[{"href":"https:\/\/paracherkaoui.ma\/index.php\/wp-json\/wp\/v2\/product"}],"about":[{"href":"https:\/\/paracherkaoui.ma\/index.php\/wp-json\/wp\/v2\/types\/product"}],"replies":[{"embeddable":true,"href":"https:\/\/paracherkaoui.ma\/index.php\/wp-json\/wp\/v2\/comments?post=24272"}],"version-history":[{"count":1,"href":"https:\/\/paracherkaoui.ma\/index.php\/wp-json\/wp\/v2\/product\/24272\/revisions"}],"predecessor-version":[{"id":24328,"href":"https:\/\/paracherkaoui.ma\/index.php\/wp-json\/wp\/v2\/product\/24272\/revisions\/24328"}],"wp:featuredmedia":[{"embeddable":true,"href":"https:\/\/paracherkaoui.ma\/index.php\/wp-json\/wp\/v2\/media\/24327"}],"wp:attachment":[{"href":"https:\/\/paracherkaoui.ma\/index.php\/wp-json\/wp\/v2\/media?parent=24272"}],"wp:term":[{"taxonomy":"product_brand","embeddable":true,"href":"https:\/\/paracherkaoui.ma\/index.php\/wp-json\/wp\/v2\/product_brand?post=24272"},{"taxonomy":"product_cat","embeddable":true,"href":"https:\/\/paracherkaoui.ma\/index.php\/wp-json\/wp\/v2\/product_cat?post=24272"},{"taxonomy":"product_tag","embeddable":true,"href":"https:\/\/paracherkaoui.ma\/index.php\/wp-json\/wp\/v2\/product_tag?post=24272"}],"curies":[{"name":"wp","href":"https:\/\/api.w.org\/{rel}","templated":true}]}}