{"id":24267,"date":"2025-12-12T18:20:12","date_gmt":"2025-12-12T17:20:12","guid":{"rendered":"https:\/\/test.ecbeaute.com\/?post_type=product&#038;p=24267"},"modified":"2025-12-12T18:20:17","modified_gmt":"2025-12-12T17:20:17","slug":"martiderm-black-diamond-epigence-145-sleeping-cream-50ml","status":"publish","type":"product","link":"https:\/\/paracherkaoui.ma\/index.php\/produit\/martiderm-black-diamond-epigence-145-sleeping-cream-50ml\/","title":{"rendered":"MARTIDERM BLACK DIAMOND EPIGENCE 145 SLEEPING CREAM 50ML"},"content":{"rendered":"<p>Martiderm Black Diamond Epigence 145 Cr\u00e8me de Sommeil 50 ml<br \/>\nCr\u00e8me de nuit\u00a0con\u00e7ue selon des crit\u00e8res \u00e9pig\u00e9n\u00e9tiques pour aider \u00e0 am\u00e9liorer la r\u00e9silience de la peau, retrouvant ainsi son apparence plus jeune. Avec ce nouveau traitement anti-rides de Martiderm, la peau retrouve \u00e9lasticit\u00e9, fermet\u00e9 et r\u00e9duction des rides.<br \/>\nSes ingr\u00e9dients Epigen 145, Dron X50, Hyaluronic Gold et Proteum 89+ agissent \u00e0 trois niveaux cellulaires, permettant de r\u00e9duire les signes du vieillissement cutan\u00e9:<br \/>\n&#8211; R\u00e9silience au stress oxydatif.<br \/>\n&#8211; Syst\u00e8me de lib\u00e9ration s\u00e9lective des ressources.<br \/>\n&#8211; Activit\u00e9 pro-collag\u00e8ne, \u00e9lastine et acide hyaluronique.<br \/>\nSa texture enrichie donne une sensation apaisante et confortable. Convient \u00e0 tous les types de peau.<br \/>\nConseils d&rsquo;utilisation:<br \/>\nAppliquer chaque soir sur le visage, le cou et le d\u00e9collet\u00e9 en massant doucement jusqu&rsquo;\u00e0 absorption compl\u00e8te.\u00a0Contient une spatule pour une application optimale.<\/p>\n","protected":false},"excerpt":{"rendered":"<p>Martiderm Black Diamond Epigence 145 Cr\u00e8me de Sommeil 50 ml Cr\u00e8me de nuit\u00a0con\u00e7ue selon des crit\u00e8res \u00e9pig\u00e9n\u00e9tiques pour aider \u00e0<\/p>\n","protected":false},"featured_media":24317,"comment_status":"open","ping_status":"closed","template":"","meta":[],"product_brand":[291],"product_cat":[496],"product_tag":[],"class_list":{"0":"post-24267","1":"product","2":"type-product","3":"status-publish","4":"has-post-thumbnail","6":"product_brand-martiderm","7":"product_cat-premieres-rides","9":"first","10":"instock","11":"sale","12":"shipping-taxable","13":"purchasable","14":"product-type-simple"},"yoast_head":"<!-- This site is optimized with the Yoast SEO plugin v26.6 - https:\/\/yoast.com\/wordpress\/plugins\/seo\/ -->\r\n<title>MARTIDERM BLACK DIAMOND EPIGENCE 145 SLEEPING CREAM 50ML - Paracherkaoui.ma<\/title>\r\n<meta name=\"robots\" content=\"index, follow, max-snippet:-1, max-image-preview:large, max-video-preview:-1\" \/>\r\n<link rel=\"canonical\" href=\"https:\/\/paracherkaoui.ma\/index.php\/produit\/martiderm-black-diamond-epigence-145-sleeping-cream-50ml\/\" \/>\r\n<meta property=\"og:locale\" content=\"fr_FR\" \/>\r\n<meta property=\"og:type\" content=\"article\" \/>\r\n<meta property=\"og:title\" content=\"MARTIDERM BLACK DIAMOND EPIGENCE 145 SLEEPING CREAM 50ML - Paracherkaoui.ma\" \/>\r\n<meta property=\"og:description\" content=\"Martiderm Black Diamond Epigence 145 Cr\u00e8me de Sommeil 50 ml Cr\u00e8me de nuit\u00a0con\u00e7ue selon des crit\u00e8res \u00e9pig\u00e9n\u00e9tiques pour aider \u00e0\" \/>\r\n<meta property=\"og:url\" content=\"https:\/\/paracherkaoui.ma\/index.php\/produit\/martiderm-black-diamond-epigence-145-sleeping-cream-50ml\/\" \/>\r\n<meta property=\"og:site_name\" content=\"Paracherkaoui.ma\" \/>\r\n<meta property=\"article:modified_time\" content=\"2025-12-12T17:20:17+00:00\" \/>\r\n<meta property=\"og:image\" content=\"https:\/\/paracherkaoui.ma\/wp-content\/uploads\/2025\/12\/martiderm-martiderm-black-diamond-epigence-145-sleeping-cream-50ml-premieres-rides.jpg\" \/>\r\n\t<meta property=\"og:image:width\" content=\"700\" \/>\r\n\t<meta property=\"og:image:height\" content=\"700\" \/>\r\n\t<meta property=\"og:image:type\" content=\"image\/jpeg\" \/>\r\n<meta name=\"twitter:card\" content=\"summary_large_image\" \/>\r\n<meta name=\"twitter:label1\" content=\"Dur\u00e9e de lecture estim\u00e9e\" \/>\n\t<meta name=\"twitter:data1\" content=\"1 minute\" \/>\r\n<script type=\"application\/ld+json\" class=\"yoast-schema-graph\">{\"@context\":\"https:\/\/schema.org\",\"@graph\":[{\"@type\":\"WebPage\",\"@id\":\"https:\/\/paracherkaoui.ma\/index.php\/produit\/martiderm-black-diamond-epigence-145-sleeping-cream-50ml\/\",\"url\":\"https:\/\/paracherkaoui.ma\/index.php\/produit\/martiderm-black-diamond-epigence-145-sleeping-cream-50ml\/\",\"name\":\"MARTIDERM BLACK DIAMOND EPIGENCE 145 SLEEPING CREAM 50ML - Paracherkaoui.ma\",\"isPartOf\":{\"@id\":\"https:\/\/paracherkaoui.ma\/#website\"},\"primaryImageOfPage\":{\"@id\":\"https:\/\/paracherkaoui.ma\/index.php\/produit\/martiderm-black-diamond-epigence-145-sleeping-cream-50ml\/#primaryimage\"},\"image\":{\"@id\":\"https:\/\/paracherkaoui.ma\/index.php\/produit\/martiderm-black-diamond-epigence-145-sleeping-cream-50ml\/#primaryimage\"},\"thumbnailUrl\":\"https:\/\/paracherkaoui.ma\/wp-content\/uploads\/2025\/12\/martiderm-martiderm-black-diamond-epigence-145-sleeping-cream-50ml-premieres-rides.jpg\",\"datePublished\":\"2025-12-12T17:20:12+00:00\",\"dateModified\":\"2025-12-12T17:20:17+00:00\",\"breadcrumb\":{\"@id\":\"https:\/\/paracherkaoui.ma\/index.php\/produit\/martiderm-black-diamond-epigence-145-sleeping-cream-50ml\/#breadcrumb\"},\"inLanguage\":\"fr-FR\",\"potentialAction\":[{\"@type\":\"ReadAction\",\"target\":[\"https:\/\/paracherkaoui.ma\/index.php\/produit\/martiderm-black-diamond-epigence-145-sleeping-cream-50ml\/\"]}]},{\"@type\":\"ImageObject\",\"inLanguage\":\"fr-FR\",\"@id\":\"https:\/\/paracherkaoui.ma\/index.php\/produit\/martiderm-black-diamond-epigence-145-sleeping-cream-50ml\/#primaryimage\",\"url\":\"https:\/\/paracherkaoui.ma\/wp-content\/uploads\/2025\/12\/martiderm-martiderm-black-diamond-epigence-145-sleeping-cream-50ml-premieres-rides.jpg\",\"contentUrl\":\"https:\/\/paracherkaoui.ma\/wp-content\/uploads\/2025\/12\/martiderm-martiderm-black-diamond-epigence-145-sleeping-cream-50ml-premieres-rides.jpg\",\"width\":700,\"height\":700},{\"@type\":\"BreadcrumbList\",\"@id\":\"https:\/\/paracherkaoui.ma\/index.php\/produit\/martiderm-black-diamond-epigence-145-sleeping-cream-50ml\/#breadcrumb\",\"itemListElement\":[{\"@type\":\"ListItem\",\"position\":1,\"name\":\"Accueil\",\"item\":\"https:\/\/paracherkaoui.ma\/\"},{\"@type\":\"ListItem\",\"position\":2,\"name\":\"Boutique\",\"item\":\"https:\/\/paracherkaoui.ma\/index.php\/boutique\/\"},{\"@type\":\"ListItem\",\"position\":3,\"name\":\"MARTIDERM BLACK DIAMOND EPIGENCE 145 SLEEPING CREAM 50ML\"}]},{\"@type\":\"WebSite\",\"@id\":\"https:\/\/paracherkaoui.ma\/#website\",\"url\":\"https:\/\/paracherkaoui.ma\/\",\"name\":\"Paracherkaoui.ma\",\"description\":\"Achetez en ligne sur Paracherkaoui.ma\",\"potentialAction\":[{\"@type\":\"SearchAction\",\"target\":{\"@type\":\"EntryPoint\",\"urlTemplate\":\"https:\/\/paracherkaoui.ma\/?s={search_term_string}\"},\"query-input\":{\"@type\":\"PropertyValueSpecification\",\"valueRequired\":true,\"valueName\":\"search_term_string\"}}],\"inLanguage\":\"fr-FR\"}]}<\/script>\r\n<!-- \/ Yoast SEO plugin. -->","yoast_head_json":{"title":"MARTIDERM BLACK DIAMOND EPIGENCE 145 SLEEPING CREAM 50ML - Paracherkaoui.ma","robots":{"index":"index","follow":"follow","max-snippet":"max-snippet:-1","max-image-preview":"max-image-preview:large","max-video-preview":"max-video-preview:-1"},"canonical":"https:\/\/paracherkaoui.ma\/index.php\/produit\/martiderm-black-diamond-epigence-145-sleeping-cream-50ml\/","og_locale":"fr_FR","og_type":"article","og_title":"MARTIDERM BLACK DIAMOND EPIGENCE 145 SLEEPING CREAM 50ML - Paracherkaoui.ma","og_description":"Martiderm Black Diamond Epigence 145 Cr\u00e8me de Sommeil 50 ml Cr\u00e8me de nuit\u00a0con\u00e7ue selon des crit\u00e8res \u00e9pig\u00e9n\u00e9tiques pour aider \u00e0","og_url":"https:\/\/paracherkaoui.ma\/index.php\/produit\/martiderm-black-diamond-epigence-145-sleeping-cream-50ml\/","og_site_name":"Paracherkaoui.ma","article_modified_time":"2025-12-12T17:20:17+00:00","og_image":[{"width":700,"height":700,"url":"https:\/\/paracherkaoui.ma\/wp-content\/uploads\/2025\/12\/martiderm-martiderm-black-diamond-epigence-145-sleeping-cream-50ml-premieres-rides.jpg","type":"image\/jpeg"}],"twitter_card":"summary_large_image","twitter_misc":{"Dur\u00e9e de lecture estim\u00e9e":"1 minute"},"schema":{"@context":"https:\/\/schema.org","@graph":[{"@type":"WebPage","@id":"https:\/\/paracherkaoui.ma\/index.php\/produit\/martiderm-black-diamond-epigence-145-sleeping-cream-50ml\/","url":"https:\/\/paracherkaoui.ma\/index.php\/produit\/martiderm-black-diamond-epigence-145-sleeping-cream-50ml\/","name":"MARTIDERM BLACK DIAMOND EPIGENCE 145 SLEEPING CREAM 50ML - Paracherkaoui.ma","isPartOf":{"@id":"https:\/\/paracherkaoui.ma\/#website"},"primaryImageOfPage":{"@id":"https:\/\/paracherkaoui.ma\/index.php\/produit\/martiderm-black-diamond-epigence-145-sleeping-cream-50ml\/#primaryimage"},"image":{"@id":"https:\/\/paracherkaoui.ma\/index.php\/produit\/martiderm-black-diamond-epigence-145-sleeping-cream-50ml\/#primaryimage"},"thumbnailUrl":"https:\/\/paracherkaoui.ma\/wp-content\/uploads\/2025\/12\/martiderm-martiderm-black-diamond-epigence-145-sleeping-cream-50ml-premieres-rides.jpg","datePublished":"2025-12-12T17:20:12+00:00","dateModified":"2025-12-12T17:20:17+00:00","breadcrumb":{"@id":"https:\/\/paracherkaoui.ma\/index.php\/produit\/martiderm-black-diamond-epigence-145-sleeping-cream-50ml\/#breadcrumb"},"inLanguage":"fr-FR","potentialAction":[{"@type":"ReadAction","target":["https:\/\/paracherkaoui.ma\/index.php\/produit\/martiderm-black-diamond-epigence-145-sleeping-cream-50ml\/"]}]},{"@type":"ImageObject","inLanguage":"fr-FR","@id":"https:\/\/paracherkaoui.ma\/index.php\/produit\/martiderm-black-diamond-epigence-145-sleeping-cream-50ml\/#primaryimage","url":"https:\/\/paracherkaoui.ma\/wp-content\/uploads\/2025\/12\/martiderm-martiderm-black-diamond-epigence-145-sleeping-cream-50ml-premieres-rides.jpg","contentUrl":"https:\/\/paracherkaoui.ma\/wp-content\/uploads\/2025\/12\/martiderm-martiderm-black-diamond-epigence-145-sleeping-cream-50ml-premieres-rides.jpg","width":700,"height":700},{"@type":"BreadcrumbList","@id":"https:\/\/paracherkaoui.ma\/index.php\/produit\/martiderm-black-diamond-epigence-145-sleeping-cream-50ml\/#breadcrumb","itemListElement":[{"@type":"ListItem","position":1,"name":"Accueil","item":"https:\/\/paracherkaoui.ma\/"},{"@type":"ListItem","position":2,"name":"Boutique","item":"https:\/\/paracherkaoui.ma\/index.php\/boutique\/"},{"@type":"ListItem","position":3,"name":"MARTIDERM BLACK DIAMOND EPIGENCE 145 SLEEPING CREAM 50ML"}]},{"@type":"WebSite","@id":"https:\/\/paracherkaoui.ma\/#website","url":"https:\/\/paracherkaoui.ma\/","name":"Paracherkaoui.ma","description":"Achetez en ligne sur Paracherkaoui.ma","potentialAction":[{"@type":"SearchAction","target":{"@type":"EntryPoint","urlTemplate":"https:\/\/paracherkaoui.ma\/?s={search_term_string}"},"query-input":{"@type":"PropertyValueSpecification","valueRequired":true,"valueName":"search_term_string"}}],"inLanguage":"fr-FR"}]}},"_links":{"self":[{"href":"https:\/\/paracherkaoui.ma\/index.php\/wp-json\/wp\/v2\/product\/24267","targetHints":{"allow":["GET"]}}],"collection":[{"href":"https:\/\/paracherkaoui.ma\/index.php\/wp-json\/wp\/v2\/product"}],"about":[{"href":"https:\/\/paracherkaoui.ma\/index.php\/wp-json\/wp\/v2\/types\/product"}],"replies":[{"embeddable":true,"href":"https:\/\/paracherkaoui.ma\/index.php\/wp-json\/wp\/v2\/comments?post=24267"}],"version-history":[{"count":1,"href":"https:\/\/paracherkaoui.ma\/index.php\/wp-json\/wp\/v2\/product\/24267\/revisions"}],"predecessor-version":[{"id":24318,"href":"https:\/\/paracherkaoui.ma\/index.php\/wp-json\/wp\/v2\/product\/24267\/revisions\/24318"}],"wp:featuredmedia":[{"embeddable":true,"href":"https:\/\/paracherkaoui.ma\/index.php\/wp-json\/wp\/v2\/media\/24317"}],"wp:attachment":[{"href":"https:\/\/paracherkaoui.ma\/index.php\/wp-json\/wp\/v2\/media?parent=24267"}],"wp:term":[{"taxonomy":"product_brand","embeddable":true,"href":"https:\/\/paracherkaoui.ma\/index.php\/wp-json\/wp\/v2\/product_brand?post=24267"},{"taxonomy":"product_cat","embeddable":true,"href":"https:\/\/paracherkaoui.ma\/index.php\/wp-json\/wp\/v2\/product_cat?post=24267"},{"taxonomy":"product_tag","embeddable":true,"href":"https:\/\/paracherkaoui.ma\/index.php\/wp-json\/wp\/v2\/product_tag?post=24267"}],"curies":[{"name":"wp","href":"https:\/\/api.w.org\/{rel}","templated":true}]}}