{"id":24257,"date":"2025-12-12T18:20:11","date_gmt":"2025-12-12T17:20:11","guid":{"rendered":"https:\/\/test.ecbeaute.com\/?post_type=product&#038;p=24257"},"modified":"2025-12-12T18:20:15","modified_gmt":"2025-12-12T17:20:15","slug":"filorga-ncef-revitalize-creme-40-ml-2","status":"publish","type":"product","link":"https:\/\/paracherkaoui.ma\/index.php\/produit\/filorga-ncef-revitalize-creme-40-ml-2\/","title":{"rendered":"FILORGA NCEF REVITALIZE CREME 40 ML"},"content":{"rendered":"<p>Formule Innovante au Complexe NCEF La puissance de la cr\u00e8me NCEF REVITALIZE r\u00e9side dans sa formule enrichie du complexe exclusif NCEF, inspir\u00e9e des technologies de m\u00e9decine esth\u00e9tique r\u00e9g\u00e9n\u00e9rative de FILORGA. Ce complexe associe 10 ingr\u00e9dients essentiels, dont des vitamines, acides amin\u00e9s, et co-enzymes, pour stimuler la production naturelle de collag\u00e8ne et d\u2019\u00e9lastine, garantissant ainsi une peau plus r\u00e9sistante et prot\u00e9g\u00e9e. De plus, la formule contient 5 tripeptides qui agissent ensemble pour am\u00e9liorer l\u2019\u00e9lasticit\u00e9 de la peau, la rendre plus ferme et la prot\u00e9ger des radicaux libres gr\u00e2ce \u00e0 une action antioxydante puissante. Compos\u00e9e de 94 % d\u2019ingr\u00e9dients d\u2019origine naturelle**, la cr\u00e8me NCEF REVITALIZE garantit une tol\u00e9rance optimale pour une utilisation quotidienne.<br \/>\nR\u00e9sultats Visibles et Cliniquement Prouv\u00e9s Les r\u00e9sultats sont impressionnants : apr\u00e8s 28 jours, la peau est jusqu\u2019\u00e0 78 % plus tonique, 50 % plus lumineuse**** et 50 % plus ferme. Cette performance fait de la cr\u00e8me NCEF REVITALIZE un alli\u00e9 pr\u00e9cieux pour retrouver une peau pleine de vitalit\u00e9, \u00e9clatante et visiblement rajeunie.<br \/>\nComposition<br \/>\nAQUA (WATER, EAU), GLYCERIN, ETHYL OLEATE, BUTYROSPERMUM PARKII (SHEA) BUTTER, HYDROGENATED VEGETABLE OIL, PROPANEDIOL, METHYLSILANOL MANNURONATE, CETYL ALCOHOL, ARACHIDYL ALCOHOL, CELLULOSE, MANNITOL, DIMETHICONE, METHYLPROPANEDIOL, SODIUM STEAROYL GLUTAMATE, BEHENYL ALCOHOL, STEARYL STEARATE, SODIUM POLYACRYLATE, PARFUM (FRAGRANCE), ARACHIDYL GLUCOSIDE, SODIUM BENZOATE, CITRIC ACID, POLYACRYLATE CROSSPOLYMER-6, TOCOPHERYL ACETATE, PEG-20 CASTOR OIL, HYDROLYZED HYALURONIC ACID, POLYGLYCERYL-10 DIOLEATE, NIACINAMIDE, CERA CARNAUBA\/COPERNICIA CERIFERA (CARNAUBA) WAX\/CIRE DE CARNAUBA, RHUS VERNICIFLUA PEEL<br \/>\nWAX, MAGNESIUM STEARATE, ALCOHOL DENAT., TAURINE, CAPRYLIC\/CAPRIC TRIGLYCERIDE, CARNOSINE, SODIUM PCA, POTASSIUM SORBATE, PENTYLENE GLYCOL, ARGININE, SODIUM PHYTATE, ADENOSINE, POLYGLYCERYL-10 DIPALMITATE, PEG-60 HYDROGENATED CASTOR OIL, ZEA MAYS (CORN) OIL, SODIUM LACTATE, HABERLEA RHODOPENSIS LEAF EXTRACT, CALCIUM PANTOTHENATE, INOSITOL, TOCOPHEROL, RETINOL, DIPEPTIDE DIAMINOBUTYROYL BENZYLAMIDE DIACETATE, XANTHAN GUM, BENZOIC ACID, ROSA MOSCHATA SEED OIL, GLYCINE, ACETYL TETRAPEPTIDE-11, MAGNESIUM SULFATE, NICOTINAMIDE ADENINE DINUCLEOTIDE, ACETYL TETRAPEPTIDE-9, ERGOTHIONEINE, BIOTIN, PALMITOYL TRIPEPTIDE-1, PALMITOYL TETRAPEPTIDE-7, CI 17200 (RED 33).<br \/>\nConseils d\u2019utilisation<br \/>\nAppliquer la cr\u00e8me matin et soir sur le visage, le cou et le d\u00e9collet\u00e9, en massant doucement pour favoriser l&rsquo;absorption des actifs. Ce soin peut s\u2019utiliser seul ou apr\u00e8s votre s\u00e9rum habituel pour un maximum d&rsquo;efficacit\u00e9.<\/p>\n","protected":false},"excerpt":{"rendered":"<p>Formule Innovante au Complexe NCEF La puissance de la cr\u00e8me NCEF REVITALIZE r\u00e9side dans sa formule enrichie du complexe exclusif<\/p>\n","protected":false},"featured_media":23435,"comment_status":"open","ping_status":"closed","template":"","meta":[],"product_brand":[141],"product_cat":[496],"product_tag":[],"class_list":{"0":"post-24257","1":"product","2":"type-product","3":"status-publish","4":"has-post-thumbnail","6":"product_brand-filorga","7":"product_cat-premieres-rides","9":"first","10":"instock","11":"sale","12":"shipping-taxable","13":"purchasable","14":"product-type-simple"},"yoast_head":"<!-- This site is optimized with the Yoast SEO plugin v26.6 - https:\/\/yoast.com\/wordpress\/plugins\/seo\/ -->\r\n<title>FILORGA NCEF REVITALIZE CREME 40 ML - Paracherkaoui.ma<\/title>\r\n<meta name=\"robots\" content=\"index, follow, max-snippet:-1, max-image-preview:large, max-video-preview:-1\" \/>\r\n<link rel=\"canonical\" href=\"https:\/\/paracherkaoui.ma\/index.php\/produit\/filorga-ncef-revitalize-creme-40-ml-2\/\" \/>\r\n<meta property=\"og:locale\" content=\"fr_FR\" \/>\r\n<meta property=\"og:type\" content=\"article\" \/>\r\n<meta property=\"og:title\" content=\"FILORGA NCEF REVITALIZE CREME 40 ML - Paracherkaoui.ma\" \/>\r\n<meta property=\"og:description\" content=\"Formule Innovante au Complexe NCEF La puissance de la cr\u00e8me NCEF REVITALIZE r\u00e9side dans sa formule enrichie du complexe exclusif\" \/>\r\n<meta property=\"og:url\" content=\"https:\/\/paracherkaoui.ma\/index.php\/produit\/filorga-ncef-revitalize-creme-40-ml-2\/\" \/>\r\n<meta property=\"og:site_name\" content=\"Paracherkaoui.ma\" \/>\r\n<meta property=\"article:modified_time\" content=\"2025-12-12T17:20:15+00:00\" \/>\r\n<meta property=\"og:image\" content=\"https:\/\/paracherkaoui.ma\/wp-content\/uploads\/2025\/12\/filorga-ncef-revitalize-creme-40-ml.jpg\" \/>\r\n\t<meta property=\"og:image:width\" content=\"700\" \/>\r\n\t<meta property=\"og:image:height\" content=\"700\" \/>\r\n\t<meta property=\"og:image:type\" content=\"image\/jpeg\" \/>\r\n<meta name=\"twitter:card\" content=\"summary_large_image\" \/>\r\n<meta name=\"twitter:label1\" content=\"Dur\u00e9e de lecture estim\u00e9e\" \/>\n\t<meta name=\"twitter:data1\" content=\"2 minutes\" \/>\r\n<script type=\"application\/ld+json\" class=\"yoast-schema-graph\">{\"@context\":\"https:\/\/schema.org\",\"@graph\":[{\"@type\":\"WebPage\",\"@id\":\"https:\/\/paracherkaoui.ma\/index.php\/produit\/filorga-ncef-revitalize-creme-40-ml-2\/\",\"url\":\"https:\/\/paracherkaoui.ma\/index.php\/produit\/filorga-ncef-revitalize-creme-40-ml-2\/\",\"name\":\"FILORGA NCEF REVITALIZE CREME 40 ML - Paracherkaoui.ma\",\"isPartOf\":{\"@id\":\"https:\/\/paracherkaoui.ma\/#website\"},\"primaryImageOfPage\":{\"@id\":\"https:\/\/paracherkaoui.ma\/index.php\/produit\/filorga-ncef-revitalize-creme-40-ml-2\/#primaryimage\"},\"image\":{\"@id\":\"https:\/\/paracherkaoui.ma\/index.php\/produit\/filorga-ncef-revitalize-creme-40-ml-2\/#primaryimage\"},\"thumbnailUrl\":\"https:\/\/paracherkaoui.ma\/wp-content\/uploads\/2025\/12\/filorga-ncef-revitalize-creme-40-ml.jpg\",\"datePublished\":\"2025-12-12T17:20:11+00:00\",\"dateModified\":\"2025-12-12T17:20:15+00:00\",\"breadcrumb\":{\"@id\":\"https:\/\/paracherkaoui.ma\/index.php\/produit\/filorga-ncef-revitalize-creme-40-ml-2\/#breadcrumb\"},\"inLanguage\":\"fr-FR\",\"potentialAction\":[{\"@type\":\"ReadAction\",\"target\":[\"https:\/\/paracherkaoui.ma\/index.php\/produit\/filorga-ncef-revitalize-creme-40-ml-2\/\"]}]},{\"@type\":\"ImageObject\",\"inLanguage\":\"fr-FR\",\"@id\":\"https:\/\/paracherkaoui.ma\/index.php\/produit\/filorga-ncef-revitalize-creme-40-ml-2\/#primaryimage\",\"url\":\"https:\/\/paracherkaoui.ma\/wp-content\/uploads\/2025\/12\/filorga-ncef-revitalize-creme-40-ml.jpg\",\"contentUrl\":\"https:\/\/paracherkaoui.ma\/wp-content\/uploads\/2025\/12\/filorga-ncef-revitalize-creme-40-ml.jpg\",\"width\":700,\"height\":700},{\"@type\":\"BreadcrumbList\",\"@id\":\"https:\/\/paracherkaoui.ma\/index.php\/produit\/filorga-ncef-revitalize-creme-40-ml-2\/#breadcrumb\",\"itemListElement\":[{\"@type\":\"ListItem\",\"position\":1,\"name\":\"Accueil\",\"item\":\"https:\/\/paracherkaoui.ma\/\"},{\"@type\":\"ListItem\",\"position\":2,\"name\":\"Boutique\",\"item\":\"https:\/\/paracherkaoui.ma\/index.php\/boutique\/\"},{\"@type\":\"ListItem\",\"position\":3,\"name\":\"FILORGA NCEF REVITALIZE CREME 40 ML\"}]},{\"@type\":\"WebSite\",\"@id\":\"https:\/\/paracherkaoui.ma\/#website\",\"url\":\"https:\/\/paracherkaoui.ma\/\",\"name\":\"Paracherkaoui.ma\",\"description\":\"Achetez en ligne sur Paracherkaoui.ma\",\"potentialAction\":[{\"@type\":\"SearchAction\",\"target\":{\"@type\":\"EntryPoint\",\"urlTemplate\":\"https:\/\/paracherkaoui.ma\/?s={search_term_string}\"},\"query-input\":{\"@type\":\"PropertyValueSpecification\",\"valueRequired\":true,\"valueName\":\"search_term_string\"}}],\"inLanguage\":\"fr-FR\"}]}<\/script>\r\n<!-- \/ Yoast SEO plugin. -->","yoast_head_json":{"title":"FILORGA NCEF REVITALIZE CREME 40 ML - Paracherkaoui.ma","robots":{"index":"index","follow":"follow","max-snippet":"max-snippet:-1","max-image-preview":"max-image-preview:large","max-video-preview":"max-video-preview:-1"},"canonical":"https:\/\/paracherkaoui.ma\/index.php\/produit\/filorga-ncef-revitalize-creme-40-ml-2\/","og_locale":"fr_FR","og_type":"article","og_title":"FILORGA NCEF REVITALIZE CREME 40 ML - Paracherkaoui.ma","og_description":"Formule Innovante au Complexe NCEF La puissance de la cr\u00e8me NCEF REVITALIZE r\u00e9side dans sa formule enrichie du complexe exclusif","og_url":"https:\/\/paracherkaoui.ma\/index.php\/produit\/filorga-ncef-revitalize-creme-40-ml-2\/","og_site_name":"Paracherkaoui.ma","article_modified_time":"2025-12-12T17:20:15+00:00","og_image":[{"width":700,"height":700,"url":"https:\/\/paracherkaoui.ma\/wp-content\/uploads\/2025\/12\/filorga-ncef-revitalize-creme-40-ml.jpg","type":"image\/jpeg"}],"twitter_card":"summary_large_image","twitter_misc":{"Dur\u00e9e de lecture estim\u00e9e":"2 minutes"},"schema":{"@context":"https:\/\/schema.org","@graph":[{"@type":"WebPage","@id":"https:\/\/paracherkaoui.ma\/index.php\/produit\/filorga-ncef-revitalize-creme-40-ml-2\/","url":"https:\/\/paracherkaoui.ma\/index.php\/produit\/filorga-ncef-revitalize-creme-40-ml-2\/","name":"FILORGA NCEF REVITALIZE CREME 40 ML - Paracherkaoui.ma","isPartOf":{"@id":"https:\/\/paracherkaoui.ma\/#website"},"primaryImageOfPage":{"@id":"https:\/\/paracherkaoui.ma\/index.php\/produit\/filorga-ncef-revitalize-creme-40-ml-2\/#primaryimage"},"image":{"@id":"https:\/\/paracherkaoui.ma\/index.php\/produit\/filorga-ncef-revitalize-creme-40-ml-2\/#primaryimage"},"thumbnailUrl":"https:\/\/paracherkaoui.ma\/wp-content\/uploads\/2025\/12\/filorga-ncef-revitalize-creme-40-ml.jpg","datePublished":"2025-12-12T17:20:11+00:00","dateModified":"2025-12-12T17:20:15+00:00","breadcrumb":{"@id":"https:\/\/paracherkaoui.ma\/index.php\/produit\/filorga-ncef-revitalize-creme-40-ml-2\/#breadcrumb"},"inLanguage":"fr-FR","potentialAction":[{"@type":"ReadAction","target":["https:\/\/paracherkaoui.ma\/index.php\/produit\/filorga-ncef-revitalize-creme-40-ml-2\/"]}]},{"@type":"ImageObject","inLanguage":"fr-FR","@id":"https:\/\/paracherkaoui.ma\/index.php\/produit\/filorga-ncef-revitalize-creme-40-ml-2\/#primaryimage","url":"https:\/\/paracherkaoui.ma\/wp-content\/uploads\/2025\/12\/filorga-ncef-revitalize-creme-40-ml.jpg","contentUrl":"https:\/\/paracherkaoui.ma\/wp-content\/uploads\/2025\/12\/filorga-ncef-revitalize-creme-40-ml.jpg","width":700,"height":700},{"@type":"BreadcrumbList","@id":"https:\/\/paracherkaoui.ma\/index.php\/produit\/filorga-ncef-revitalize-creme-40-ml-2\/#breadcrumb","itemListElement":[{"@type":"ListItem","position":1,"name":"Accueil","item":"https:\/\/paracherkaoui.ma\/"},{"@type":"ListItem","position":2,"name":"Boutique","item":"https:\/\/paracherkaoui.ma\/index.php\/boutique\/"},{"@type":"ListItem","position":3,"name":"FILORGA NCEF REVITALIZE CREME 40 ML"}]},{"@type":"WebSite","@id":"https:\/\/paracherkaoui.ma\/#website","url":"https:\/\/paracherkaoui.ma\/","name":"Paracherkaoui.ma","description":"Achetez en ligne sur Paracherkaoui.ma","potentialAction":[{"@type":"SearchAction","target":{"@type":"EntryPoint","urlTemplate":"https:\/\/paracherkaoui.ma\/?s={search_term_string}"},"query-input":{"@type":"PropertyValueSpecification","valueRequired":true,"valueName":"search_term_string"}}],"inLanguage":"fr-FR"}]}},"_links":{"self":[{"href":"https:\/\/paracherkaoui.ma\/index.php\/wp-json\/wp\/v2\/product\/24257","targetHints":{"allow":["GET"]}}],"collection":[{"href":"https:\/\/paracherkaoui.ma\/index.php\/wp-json\/wp\/v2\/product"}],"about":[{"href":"https:\/\/paracherkaoui.ma\/index.php\/wp-json\/wp\/v2\/types\/product"}],"replies":[{"embeddable":true,"href":"https:\/\/paracherkaoui.ma\/index.php\/wp-json\/wp\/v2\/comments?post=24257"}],"version-history":[{"count":1,"href":"https:\/\/paracherkaoui.ma\/index.php\/wp-json\/wp\/v2\/product\/24257\/revisions"}],"predecessor-version":[{"id":24301,"href":"https:\/\/paracherkaoui.ma\/index.php\/wp-json\/wp\/v2\/product\/24257\/revisions\/24301"}],"wp:featuredmedia":[{"embeddable":true,"href":"https:\/\/paracherkaoui.ma\/index.php\/wp-json\/wp\/v2\/media\/23435"}],"wp:attachment":[{"href":"https:\/\/paracherkaoui.ma\/index.php\/wp-json\/wp\/v2\/media?parent=24257"}],"wp:term":[{"taxonomy":"product_brand","embeddable":true,"href":"https:\/\/paracherkaoui.ma\/index.php\/wp-json\/wp\/v2\/product_brand?post=24257"},{"taxonomy":"product_cat","embeddable":true,"href":"https:\/\/paracherkaoui.ma\/index.php\/wp-json\/wp\/v2\/product_cat?post=24257"},{"taxonomy":"product_tag","embeddable":true,"href":"https:\/\/paracherkaoui.ma\/index.php\/wp-json\/wp\/v2\/product_tag?post=24257"}],"curies":[{"name":"wp","href":"https:\/\/api.w.org\/{rel}","templated":true}]}}