{"id":24252,"date":"2025-12-12T18:20:11","date_gmt":"2025-12-12T17:20:11","guid":{"rendered":"https:\/\/test.ecbeaute.com\/?post_type=product&#038;p=24252"},"modified":"2025-12-12T18:20:15","modified_gmt":"2025-12-12T17:20:15","slug":"dominance-bio-activa-creme-anti-age-50-g","status":"publish","type":"product","link":"https:\/\/paracherkaoui.ma\/index.php\/produit\/dominance-bio-activa-creme-anti-age-50-g\/","title":{"rendered":"DOMINANCE BIO ACTIVA CREME ANTI AGE 50 G"},"content":{"rendered":"<p>Cr\u00e8me de texture riche et nourrissante formul\u00e9e pour les peaux d\u00e9vitalis\u00e9es, Son action r\u00e9g\u00e9n\u00e9ratrice permet de gommer les rides et ridules dues \u00e0 la d\u00e9g\u00e9n\u00e9ration cellulaire, En stimulant le m\u00e9tabolisme cutan\u00e9, elle renforce les protections naturelles de l\u2019\u00e9piderme et pr\u00e9vient l\u2019apparition de nouvelles rides, Une utilisation quotidienne verra un ovale du visage redessin\u00e9 et une peau repulp\u00e9e,<br \/>\nCONSEILS D&rsquo;UTILISATION :<br \/>\nAppliquer une noisette de cr\u00e8me sur une peau propre et d\u00e9maquill\u00e9e et masser jusqu\u2019\u00e0 compl\u00e8te absorption<\/p>\n","protected":false},"excerpt":{"rendered":"<p>Cr\u00e8me de texture riche et nourrissante formul\u00e9e pour les peaux d\u00e9vitalis\u00e9es, Son action r\u00e9g\u00e9n\u00e9ratrice permet de gommer les rides et<\/p>\n","protected":false},"featured_media":24291,"comment_status":"open","ping_status":"closed","template":"","meta":[],"product_brand":[427],"product_cat":[496],"product_tag":[],"class_list":{"0":"post-24252","1":"product","2":"type-product","3":"status-publish","4":"has-post-thumbnail","6":"product_brand-dominance","7":"product_cat-premieres-rides","9":"first","10":"instock","11":"sale","12":"shipping-taxable","13":"purchasable","14":"product-type-simple"},"yoast_head":"<!-- This site is optimized with the Yoast SEO plugin v26.6 - https:\/\/yoast.com\/wordpress\/plugins\/seo\/ -->\r\n<title>DOMINANCE BIO ACTIVA CREME ANTI AGE 50 G - Paracherkaoui.ma<\/title>\r\n<meta name=\"robots\" content=\"index, follow, max-snippet:-1, max-image-preview:large, max-video-preview:-1\" \/>\r\n<link rel=\"canonical\" href=\"https:\/\/paracherkaoui.ma\/index.php\/produit\/dominance-bio-activa-creme-anti-age-50-g\/\" \/>\r\n<meta property=\"og:locale\" content=\"fr_FR\" \/>\r\n<meta property=\"og:type\" content=\"article\" \/>\r\n<meta property=\"og:title\" content=\"DOMINANCE BIO ACTIVA CREME ANTI AGE 50 G - Paracherkaoui.ma\" \/>\r\n<meta property=\"og:description\" content=\"Cr\u00e8me de texture riche et nourrissante formul\u00e9e pour les peaux d\u00e9vitalis\u00e9es, Son action r\u00e9g\u00e9n\u00e9ratrice permet de gommer les rides et\" \/>\r\n<meta property=\"og:url\" content=\"https:\/\/paracherkaoui.ma\/index.php\/produit\/dominance-bio-activa-creme-anti-age-50-g\/\" \/>\r\n<meta property=\"og:site_name\" content=\"Paracherkaoui.ma\" \/>\r\n<meta property=\"article:modified_time\" content=\"2025-12-12T17:20:15+00:00\" \/>\r\n<meta property=\"og:image\" content=\"https:\/\/paracherkaoui.ma\/wp-content\/uploads\/2025\/12\/dominance-dominance-bio-activa-creme-anti-age-50-g-premieres-rides.jpg\" \/>\r\n\t<meta property=\"og:image:width\" content=\"700\" \/>\r\n\t<meta property=\"og:image:height\" content=\"700\" \/>\r\n\t<meta property=\"og:image:type\" content=\"image\/jpeg\" \/>\r\n<meta name=\"twitter:card\" content=\"summary_large_image\" \/>\r\n<script type=\"application\/ld+json\" class=\"yoast-schema-graph\">{\"@context\":\"https:\/\/schema.org\",\"@graph\":[{\"@type\":\"WebPage\",\"@id\":\"https:\/\/paracherkaoui.ma\/index.php\/produit\/dominance-bio-activa-creme-anti-age-50-g\/\",\"url\":\"https:\/\/paracherkaoui.ma\/index.php\/produit\/dominance-bio-activa-creme-anti-age-50-g\/\",\"name\":\"DOMINANCE BIO ACTIVA CREME ANTI AGE 50 G - Paracherkaoui.ma\",\"isPartOf\":{\"@id\":\"https:\/\/paracherkaoui.ma\/#website\"},\"primaryImageOfPage\":{\"@id\":\"https:\/\/paracherkaoui.ma\/index.php\/produit\/dominance-bio-activa-creme-anti-age-50-g\/#primaryimage\"},\"image\":{\"@id\":\"https:\/\/paracherkaoui.ma\/index.php\/produit\/dominance-bio-activa-creme-anti-age-50-g\/#primaryimage\"},\"thumbnailUrl\":\"https:\/\/paracherkaoui.ma\/wp-content\/uploads\/2025\/12\/dominance-dominance-bio-activa-creme-anti-age-50-g-premieres-rides.jpg\",\"datePublished\":\"2025-12-12T17:20:11+00:00\",\"dateModified\":\"2025-12-12T17:20:15+00:00\",\"breadcrumb\":{\"@id\":\"https:\/\/paracherkaoui.ma\/index.php\/produit\/dominance-bio-activa-creme-anti-age-50-g\/#breadcrumb\"},\"inLanguage\":\"fr-FR\",\"potentialAction\":[{\"@type\":\"ReadAction\",\"target\":[\"https:\/\/paracherkaoui.ma\/index.php\/produit\/dominance-bio-activa-creme-anti-age-50-g\/\"]}]},{\"@type\":\"ImageObject\",\"inLanguage\":\"fr-FR\",\"@id\":\"https:\/\/paracherkaoui.ma\/index.php\/produit\/dominance-bio-activa-creme-anti-age-50-g\/#primaryimage\",\"url\":\"https:\/\/paracherkaoui.ma\/wp-content\/uploads\/2025\/12\/dominance-dominance-bio-activa-creme-anti-age-50-g-premieres-rides.jpg\",\"contentUrl\":\"https:\/\/paracherkaoui.ma\/wp-content\/uploads\/2025\/12\/dominance-dominance-bio-activa-creme-anti-age-50-g-premieres-rides.jpg\",\"width\":700,\"height\":700},{\"@type\":\"BreadcrumbList\",\"@id\":\"https:\/\/paracherkaoui.ma\/index.php\/produit\/dominance-bio-activa-creme-anti-age-50-g\/#breadcrumb\",\"itemListElement\":[{\"@type\":\"ListItem\",\"position\":1,\"name\":\"Accueil\",\"item\":\"https:\/\/paracherkaoui.ma\/\"},{\"@type\":\"ListItem\",\"position\":2,\"name\":\"Boutique\",\"item\":\"https:\/\/paracherkaoui.ma\/index.php\/boutique\/\"},{\"@type\":\"ListItem\",\"position\":3,\"name\":\"DOMINANCE BIO ACTIVA CREME ANTI AGE 50 G\"}]},{\"@type\":\"WebSite\",\"@id\":\"https:\/\/paracherkaoui.ma\/#website\",\"url\":\"https:\/\/paracherkaoui.ma\/\",\"name\":\"Paracherkaoui.ma\",\"description\":\"Achetez en ligne sur Paracherkaoui.ma\",\"potentialAction\":[{\"@type\":\"SearchAction\",\"target\":{\"@type\":\"EntryPoint\",\"urlTemplate\":\"https:\/\/paracherkaoui.ma\/?s={search_term_string}\"},\"query-input\":{\"@type\":\"PropertyValueSpecification\",\"valueRequired\":true,\"valueName\":\"search_term_string\"}}],\"inLanguage\":\"fr-FR\"}]}<\/script>\r\n<!-- \/ Yoast SEO plugin. -->","yoast_head_json":{"title":"DOMINANCE BIO ACTIVA CREME ANTI AGE 50 G - Paracherkaoui.ma","robots":{"index":"index","follow":"follow","max-snippet":"max-snippet:-1","max-image-preview":"max-image-preview:large","max-video-preview":"max-video-preview:-1"},"canonical":"https:\/\/paracherkaoui.ma\/index.php\/produit\/dominance-bio-activa-creme-anti-age-50-g\/","og_locale":"fr_FR","og_type":"article","og_title":"DOMINANCE BIO ACTIVA CREME ANTI AGE 50 G - Paracherkaoui.ma","og_description":"Cr\u00e8me de texture riche et nourrissante formul\u00e9e pour les peaux d\u00e9vitalis\u00e9es, Son action r\u00e9g\u00e9n\u00e9ratrice permet de gommer les rides et","og_url":"https:\/\/paracherkaoui.ma\/index.php\/produit\/dominance-bio-activa-creme-anti-age-50-g\/","og_site_name":"Paracherkaoui.ma","article_modified_time":"2025-12-12T17:20:15+00:00","og_image":[{"width":700,"height":700,"url":"https:\/\/paracherkaoui.ma\/wp-content\/uploads\/2025\/12\/dominance-dominance-bio-activa-creme-anti-age-50-g-premieres-rides.jpg","type":"image\/jpeg"}],"twitter_card":"summary_large_image","schema":{"@context":"https:\/\/schema.org","@graph":[{"@type":"WebPage","@id":"https:\/\/paracherkaoui.ma\/index.php\/produit\/dominance-bio-activa-creme-anti-age-50-g\/","url":"https:\/\/paracherkaoui.ma\/index.php\/produit\/dominance-bio-activa-creme-anti-age-50-g\/","name":"DOMINANCE BIO ACTIVA CREME ANTI AGE 50 G - Paracherkaoui.ma","isPartOf":{"@id":"https:\/\/paracherkaoui.ma\/#website"},"primaryImageOfPage":{"@id":"https:\/\/paracherkaoui.ma\/index.php\/produit\/dominance-bio-activa-creme-anti-age-50-g\/#primaryimage"},"image":{"@id":"https:\/\/paracherkaoui.ma\/index.php\/produit\/dominance-bio-activa-creme-anti-age-50-g\/#primaryimage"},"thumbnailUrl":"https:\/\/paracherkaoui.ma\/wp-content\/uploads\/2025\/12\/dominance-dominance-bio-activa-creme-anti-age-50-g-premieres-rides.jpg","datePublished":"2025-12-12T17:20:11+00:00","dateModified":"2025-12-12T17:20:15+00:00","breadcrumb":{"@id":"https:\/\/paracherkaoui.ma\/index.php\/produit\/dominance-bio-activa-creme-anti-age-50-g\/#breadcrumb"},"inLanguage":"fr-FR","potentialAction":[{"@type":"ReadAction","target":["https:\/\/paracherkaoui.ma\/index.php\/produit\/dominance-bio-activa-creme-anti-age-50-g\/"]}]},{"@type":"ImageObject","inLanguage":"fr-FR","@id":"https:\/\/paracherkaoui.ma\/index.php\/produit\/dominance-bio-activa-creme-anti-age-50-g\/#primaryimage","url":"https:\/\/paracherkaoui.ma\/wp-content\/uploads\/2025\/12\/dominance-dominance-bio-activa-creme-anti-age-50-g-premieres-rides.jpg","contentUrl":"https:\/\/paracherkaoui.ma\/wp-content\/uploads\/2025\/12\/dominance-dominance-bio-activa-creme-anti-age-50-g-premieres-rides.jpg","width":700,"height":700},{"@type":"BreadcrumbList","@id":"https:\/\/paracherkaoui.ma\/index.php\/produit\/dominance-bio-activa-creme-anti-age-50-g\/#breadcrumb","itemListElement":[{"@type":"ListItem","position":1,"name":"Accueil","item":"https:\/\/paracherkaoui.ma\/"},{"@type":"ListItem","position":2,"name":"Boutique","item":"https:\/\/paracherkaoui.ma\/index.php\/boutique\/"},{"@type":"ListItem","position":3,"name":"DOMINANCE BIO ACTIVA CREME ANTI AGE 50 G"}]},{"@type":"WebSite","@id":"https:\/\/paracherkaoui.ma\/#website","url":"https:\/\/paracherkaoui.ma\/","name":"Paracherkaoui.ma","description":"Achetez en ligne sur Paracherkaoui.ma","potentialAction":[{"@type":"SearchAction","target":{"@type":"EntryPoint","urlTemplate":"https:\/\/paracherkaoui.ma\/?s={search_term_string}"},"query-input":{"@type":"PropertyValueSpecification","valueRequired":true,"valueName":"search_term_string"}}],"inLanguage":"fr-FR"}]}},"_links":{"self":[{"href":"https:\/\/paracherkaoui.ma\/index.php\/wp-json\/wp\/v2\/product\/24252","targetHints":{"allow":["GET"]}}],"collection":[{"href":"https:\/\/paracherkaoui.ma\/index.php\/wp-json\/wp\/v2\/product"}],"about":[{"href":"https:\/\/paracherkaoui.ma\/index.php\/wp-json\/wp\/v2\/types\/product"}],"replies":[{"embeddable":true,"href":"https:\/\/paracherkaoui.ma\/index.php\/wp-json\/wp\/v2\/comments?post=24252"}],"version-history":[{"count":1,"href":"https:\/\/paracherkaoui.ma\/index.php\/wp-json\/wp\/v2\/product\/24252\/revisions"}],"predecessor-version":[{"id":24292,"href":"https:\/\/paracherkaoui.ma\/index.php\/wp-json\/wp\/v2\/product\/24252\/revisions\/24292"}],"wp:featuredmedia":[{"embeddable":true,"href":"https:\/\/paracherkaoui.ma\/index.php\/wp-json\/wp\/v2\/media\/24291"}],"wp:attachment":[{"href":"https:\/\/paracherkaoui.ma\/index.php\/wp-json\/wp\/v2\/media?parent=24252"}],"wp:term":[{"taxonomy":"product_brand","embeddable":true,"href":"https:\/\/paracherkaoui.ma\/index.php\/wp-json\/wp\/v2\/product_brand?post=24252"},{"taxonomy":"product_cat","embeddable":true,"href":"https:\/\/paracherkaoui.ma\/index.php\/wp-json\/wp\/v2\/product_cat?post=24252"},{"taxonomy":"product_tag","embeddable":true,"href":"https:\/\/paracherkaoui.ma\/index.php\/wp-json\/wp\/v2\/product_tag?post=24252"}],"curies":[{"name":"wp","href":"https:\/\/api.w.org\/{rel}","templated":true}]}}