{"id":24248,"date":"2025-12-12T18:20:11","date_gmt":"2025-12-12T17:20:11","guid":{"rendered":"https:\/\/test.ecbeaute.com\/?post_type=product&#038;p=24248"},"modified":"2025-12-12T18:20:14","modified_gmt":"2025-12-12T17:20:14","slug":"biomimetic-pre-base-traitement-anti-age-30-ml","status":"publish","type":"product","link":"https:\/\/paracherkaoui.ma\/index.php\/produit\/biomimetic-pre-base-traitement-anti-age-30-ml\/","title":{"rendered":"BIOMIMETIC PRE BASE TRAITEMENT ANTI AGE 30 ML"},"content":{"rendered":"<p>Il pr\u00e9vient, r\u00e9g\u00e9n\u00e8re,\u00a0apporte de la luminosit\u00e9, r\u00e9duit la profondeur des rides\u00a0, am\u00e9liore le grain de peau, unifie et homog\u00e9n\u00e9ise le teint. La combinaison unique de micelles de r\u00e9tinol (vitamine A), de vitamine C, d\u2019acide f\u00e9rulique et de micelles d\u2019hydroxytyrosol qui sont progressivement lib\u00e9r\u00e9es dans les cellules cibles vous permet de r\u00e9duire la profondeur des rides\u00a0, d\u2019am\u00e9liorer la texture de la peau et d\u2019unifier votre teint, en apportant de la luminosit\u00e9.<br \/>\nTous les soins pr\u00e9-base int\u00e8grent comme base un traitement \u00e0 base d\u2019acide hyaluronique et d\u2019acides amin\u00e9s dont l\u2019excellente biocompatibilit\u00e9 avec la peau permet une p\u00e9n\u00e9tration rapide : hydratant, nourrissant et r\u00e9g\u00e9n\u00e9rant m\u00eame les couches les plus profondes de la peau.<\/p>\n","protected":false},"excerpt":{"rendered":"<p>Il pr\u00e9vient, r\u00e9g\u00e9n\u00e8re,\u00a0apporte de la luminosit\u00e9, r\u00e9duit la profondeur des rides\u00a0, am\u00e9liore le grain de peau, unifie et homog\u00e9n\u00e9ise le<\/p>\n","protected":false},"featured_media":24283,"comment_status":"open","ping_status":"closed","template":"","meta":[],"product_brand":[461],"product_cat":[496],"product_tag":[],"class_list":{"0":"post-24248","1":"product","2":"type-product","3":"status-publish","4":"has-post-thumbnail","6":"product_brand-biomimetic","7":"product_cat-premieres-rides","9":"first","10":"instock","11":"sale","12":"shipping-taxable","13":"purchasable","14":"product-type-simple"},"yoast_head":"<!-- This site is optimized with the Yoast SEO plugin v26.6 - https:\/\/yoast.com\/wordpress\/plugins\/seo\/ -->\r\n<title>BIOMIMETIC PRE BASE TRAITEMENT ANTI AGE 30 ML - Paracherkaoui.ma<\/title>\r\n<meta name=\"robots\" content=\"index, follow, max-snippet:-1, max-image-preview:large, max-video-preview:-1\" \/>\r\n<link rel=\"canonical\" href=\"https:\/\/paracherkaoui.ma\/index.php\/produit\/biomimetic-pre-base-traitement-anti-age-30-ml\/\" \/>\r\n<meta property=\"og:locale\" content=\"fr_FR\" \/>\r\n<meta property=\"og:type\" content=\"article\" \/>\r\n<meta property=\"og:title\" content=\"BIOMIMETIC PRE BASE TRAITEMENT ANTI AGE 30 ML - Paracherkaoui.ma\" \/>\r\n<meta property=\"og:description\" content=\"Il pr\u00e9vient, r\u00e9g\u00e9n\u00e8re,\u00a0apporte de la luminosit\u00e9, r\u00e9duit la profondeur des rides\u00a0, am\u00e9liore le grain de peau, unifie et homog\u00e9n\u00e9ise le\" \/>\r\n<meta property=\"og:url\" content=\"https:\/\/paracherkaoui.ma\/index.php\/produit\/biomimetic-pre-base-traitement-anti-age-30-ml\/\" \/>\r\n<meta property=\"og:site_name\" content=\"Paracherkaoui.ma\" \/>\r\n<meta property=\"article:modified_time\" content=\"2025-12-12T17:20:14+00:00\" \/>\r\n<meta property=\"og:image\" content=\"https:\/\/paracherkaoui.ma\/wp-content\/uploads\/2025\/12\/biomimetic-biomimetic-pre-base-traitement-anti-age-30-ml-premieres-rides.jpg\" \/>\r\n\t<meta property=\"og:image:width\" content=\"700\" \/>\r\n\t<meta property=\"og:image:height\" content=\"700\" \/>\r\n\t<meta property=\"og:image:type\" content=\"image\/jpeg\" \/>\r\n<meta name=\"twitter:card\" content=\"summary_large_image\" \/>\r\n<meta name=\"twitter:label1\" content=\"Dur\u00e9e de lecture estim\u00e9e\" \/>\n\t<meta name=\"twitter:data1\" content=\"1 minute\" \/>\r\n<script type=\"application\/ld+json\" class=\"yoast-schema-graph\">{\"@context\":\"https:\/\/schema.org\",\"@graph\":[{\"@type\":\"WebPage\",\"@id\":\"https:\/\/paracherkaoui.ma\/index.php\/produit\/biomimetic-pre-base-traitement-anti-age-30-ml\/\",\"url\":\"https:\/\/paracherkaoui.ma\/index.php\/produit\/biomimetic-pre-base-traitement-anti-age-30-ml\/\",\"name\":\"BIOMIMETIC PRE BASE TRAITEMENT ANTI AGE 30 ML - Paracherkaoui.ma\",\"isPartOf\":{\"@id\":\"https:\/\/paracherkaoui.ma\/#website\"},\"primaryImageOfPage\":{\"@id\":\"https:\/\/paracherkaoui.ma\/index.php\/produit\/biomimetic-pre-base-traitement-anti-age-30-ml\/#primaryimage\"},\"image\":{\"@id\":\"https:\/\/paracherkaoui.ma\/index.php\/produit\/biomimetic-pre-base-traitement-anti-age-30-ml\/#primaryimage\"},\"thumbnailUrl\":\"https:\/\/paracherkaoui.ma\/wp-content\/uploads\/2025\/12\/biomimetic-biomimetic-pre-base-traitement-anti-age-30-ml-premieres-rides.jpg\",\"datePublished\":\"2025-12-12T17:20:11+00:00\",\"dateModified\":\"2025-12-12T17:20:14+00:00\",\"breadcrumb\":{\"@id\":\"https:\/\/paracherkaoui.ma\/index.php\/produit\/biomimetic-pre-base-traitement-anti-age-30-ml\/#breadcrumb\"},\"inLanguage\":\"fr-FR\",\"potentialAction\":[{\"@type\":\"ReadAction\",\"target\":[\"https:\/\/paracherkaoui.ma\/index.php\/produit\/biomimetic-pre-base-traitement-anti-age-30-ml\/\"]}]},{\"@type\":\"ImageObject\",\"inLanguage\":\"fr-FR\",\"@id\":\"https:\/\/paracherkaoui.ma\/index.php\/produit\/biomimetic-pre-base-traitement-anti-age-30-ml\/#primaryimage\",\"url\":\"https:\/\/paracherkaoui.ma\/wp-content\/uploads\/2025\/12\/biomimetic-biomimetic-pre-base-traitement-anti-age-30-ml-premieres-rides.jpg\",\"contentUrl\":\"https:\/\/paracherkaoui.ma\/wp-content\/uploads\/2025\/12\/biomimetic-biomimetic-pre-base-traitement-anti-age-30-ml-premieres-rides.jpg\",\"width\":700,\"height\":700},{\"@type\":\"BreadcrumbList\",\"@id\":\"https:\/\/paracherkaoui.ma\/index.php\/produit\/biomimetic-pre-base-traitement-anti-age-30-ml\/#breadcrumb\",\"itemListElement\":[{\"@type\":\"ListItem\",\"position\":1,\"name\":\"Accueil\",\"item\":\"https:\/\/paracherkaoui.ma\/\"},{\"@type\":\"ListItem\",\"position\":2,\"name\":\"Boutique\",\"item\":\"https:\/\/paracherkaoui.ma\/index.php\/boutique\/\"},{\"@type\":\"ListItem\",\"position\":3,\"name\":\"BIOMIMETIC PRE BASE TRAITEMENT ANTI AGE 30 ML\"}]},{\"@type\":\"WebSite\",\"@id\":\"https:\/\/paracherkaoui.ma\/#website\",\"url\":\"https:\/\/paracherkaoui.ma\/\",\"name\":\"Paracherkaoui.ma\",\"description\":\"Achetez en ligne sur Paracherkaoui.ma\",\"potentialAction\":[{\"@type\":\"SearchAction\",\"target\":{\"@type\":\"EntryPoint\",\"urlTemplate\":\"https:\/\/paracherkaoui.ma\/?s={search_term_string}\"},\"query-input\":{\"@type\":\"PropertyValueSpecification\",\"valueRequired\":true,\"valueName\":\"search_term_string\"}}],\"inLanguage\":\"fr-FR\"}]}<\/script>\r\n<!-- \/ Yoast SEO plugin. -->","yoast_head_json":{"title":"BIOMIMETIC PRE BASE TRAITEMENT ANTI AGE 30 ML - Paracherkaoui.ma","robots":{"index":"index","follow":"follow","max-snippet":"max-snippet:-1","max-image-preview":"max-image-preview:large","max-video-preview":"max-video-preview:-1"},"canonical":"https:\/\/paracherkaoui.ma\/index.php\/produit\/biomimetic-pre-base-traitement-anti-age-30-ml\/","og_locale":"fr_FR","og_type":"article","og_title":"BIOMIMETIC PRE BASE TRAITEMENT ANTI AGE 30 ML - Paracherkaoui.ma","og_description":"Il pr\u00e9vient, r\u00e9g\u00e9n\u00e8re,\u00a0apporte de la luminosit\u00e9, r\u00e9duit la profondeur des rides\u00a0, am\u00e9liore le grain de peau, unifie et homog\u00e9n\u00e9ise le","og_url":"https:\/\/paracherkaoui.ma\/index.php\/produit\/biomimetic-pre-base-traitement-anti-age-30-ml\/","og_site_name":"Paracherkaoui.ma","article_modified_time":"2025-12-12T17:20:14+00:00","og_image":[{"width":700,"height":700,"url":"https:\/\/paracherkaoui.ma\/wp-content\/uploads\/2025\/12\/biomimetic-biomimetic-pre-base-traitement-anti-age-30-ml-premieres-rides.jpg","type":"image\/jpeg"}],"twitter_card":"summary_large_image","twitter_misc":{"Dur\u00e9e de lecture estim\u00e9e":"1 minute"},"schema":{"@context":"https:\/\/schema.org","@graph":[{"@type":"WebPage","@id":"https:\/\/paracherkaoui.ma\/index.php\/produit\/biomimetic-pre-base-traitement-anti-age-30-ml\/","url":"https:\/\/paracherkaoui.ma\/index.php\/produit\/biomimetic-pre-base-traitement-anti-age-30-ml\/","name":"BIOMIMETIC PRE BASE TRAITEMENT ANTI AGE 30 ML - Paracherkaoui.ma","isPartOf":{"@id":"https:\/\/paracherkaoui.ma\/#website"},"primaryImageOfPage":{"@id":"https:\/\/paracherkaoui.ma\/index.php\/produit\/biomimetic-pre-base-traitement-anti-age-30-ml\/#primaryimage"},"image":{"@id":"https:\/\/paracherkaoui.ma\/index.php\/produit\/biomimetic-pre-base-traitement-anti-age-30-ml\/#primaryimage"},"thumbnailUrl":"https:\/\/paracherkaoui.ma\/wp-content\/uploads\/2025\/12\/biomimetic-biomimetic-pre-base-traitement-anti-age-30-ml-premieres-rides.jpg","datePublished":"2025-12-12T17:20:11+00:00","dateModified":"2025-12-12T17:20:14+00:00","breadcrumb":{"@id":"https:\/\/paracherkaoui.ma\/index.php\/produit\/biomimetic-pre-base-traitement-anti-age-30-ml\/#breadcrumb"},"inLanguage":"fr-FR","potentialAction":[{"@type":"ReadAction","target":["https:\/\/paracherkaoui.ma\/index.php\/produit\/biomimetic-pre-base-traitement-anti-age-30-ml\/"]}]},{"@type":"ImageObject","inLanguage":"fr-FR","@id":"https:\/\/paracherkaoui.ma\/index.php\/produit\/biomimetic-pre-base-traitement-anti-age-30-ml\/#primaryimage","url":"https:\/\/paracherkaoui.ma\/wp-content\/uploads\/2025\/12\/biomimetic-biomimetic-pre-base-traitement-anti-age-30-ml-premieres-rides.jpg","contentUrl":"https:\/\/paracherkaoui.ma\/wp-content\/uploads\/2025\/12\/biomimetic-biomimetic-pre-base-traitement-anti-age-30-ml-premieres-rides.jpg","width":700,"height":700},{"@type":"BreadcrumbList","@id":"https:\/\/paracherkaoui.ma\/index.php\/produit\/biomimetic-pre-base-traitement-anti-age-30-ml\/#breadcrumb","itemListElement":[{"@type":"ListItem","position":1,"name":"Accueil","item":"https:\/\/paracherkaoui.ma\/"},{"@type":"ListItem","position":2,"name":"Boutique","item":"https:\/\/paracherkaoui.ma\/index.php\/boutique\/"},{"@type":"ListItem","position":3,"name":"BIOMIMETIC PRE BASE TRAITEMENT ANTI AGE 30 ML"}]},{"@type":"WebSite","@id":"https:\/\/paracherkaoui.ma\/#website","url":"https:\/\/paracherkaoui.ma\/","name":"Paracherkaoui.ma","description":"Achetez en ligne sur Paracherkaoui.ma","potentialAction":[{"@type":"SearchAction","target":{"@type":"EntryPoint","urlTemplate":"https:\/\/paracherkaoui.ma\/?s={search_term_string}"},"query-input":{"@type":"PropertyValueSpecification","valueRequired":true,"valueName":"search_term_string"}}],"inLanguage":"fr-FR"}]}},"_links":{"self":[{"href":"https:\/\/paracherkaoui.ma\/index.php\/wp-json\/wp\/v2\/product\/24248","targetHints":{"allow":["GET"]}}],"collection":[{"href":"https:\/\/paracherkaoui.ma\/index.php\/wp-json\/wp\/v2\/product"}],"about":[{"href":"https:\/\/paracherkaoui.ma\/index.php\/wp-json\/wp\/v2\/types\/product"}],"replies":[{"embeddable":true,"href":"https:\/\/paracherkaoui.ma\/index.php\/wp-json\/wp\/v2\/comments?post=24248"}],"version-history":[{"count":1,"href":"https:\/\/paracherkaoui.ma\/index.php\/wp-json\/wp\/v2\/product\/24248\/revisions"}],"predecessor-version":[{"id":24284,"href":"https:\/\/paracherkaoui.ma\/index.php\/wp-json\/wp\/v2\/product\/24248\/revisions\/24284"}],"wp:featuredmedia":[{"embeddable":true,"href":"https:\/\/paracherkaoui.ma\/index.php\/wp-json\/wp\/v2\/media\/24283"}],"wp:attachment":[{"href":"https:\/\/paracherkaoui.ma\/index.php\/wp-json\/wp\/v2\/media?parent=24248"}],"wp:term":[{"taxonomy":"product_brand","embeddable":true,"href":"https:\/\/paracherkaoui.ma\/index.php\/wp-json\/wp\/v2\/product_brand?post=24248"},{"taxonomy":"product_cat","embeddable":true,"href":"https:\/\/paracherkaoui.ma\/index.php\/wp-json\/wp\/v2\/product_cat?post=24248"},{"taxonomy":"product_tag","embeddable":true,"href":"https:\/\/paracherkaoui.ma\/index.php\/wp-json\/wp\/v2\/product_tag?post=24248"}],"curies":[{"name":"wp","href":"https:\/\/api.w.org\/{rel}","templated":true}]}}