{"id":24246,"date":"2025-12-12T18:20:10","date_gmt":"2025-12-12T17:20:10","guid":{"rendered":"https:\/\/test.ecbeaute.com\/?post_type=product&#038;p=24246"},"modified":"2025-12-12T18:20:13","modified_gmt":"2025-12-12T17:20:13","slug":"castalia-chronoderm-creme-visage-retinol-30ml","status":"publish","type":"product","link":"https:\/\/paracherkaoui.ma\/index.php\/produit\/castalia-chronoderm-creme-visage-retinol-30ml\/","title":{"rendered":"CASTALIA CHRONODERM CREME VISAGE RETINOL 30ML"},"content":{"rendered":"<p>Description:<br \/>\nCr\u00e8me visage et cou, antirides, r\u00e9paratrice et hydratante, contenant du r\u00e9tinol actif et stable \u00e0 lib\u00e9ration progressive, qui att\u00e9nue ostensiblement les marques apparentes du vieillissement cutan\u00e9.Ses microsph\u00e8res d\u2019oxyde de titane enrob\u00e9es de silice estompent les ridules et les rides, redonnant au visage un aspect plus jeune et plus repos\u00e9 et un toucher velout\u00e9.<br \/>\nConseils d&rsquo;utilisation:<br \/>\nMatin et soir. Le matin, il est indispensable de compl\u00e9ter ce soin par l&rsquo;application d&rsquo;un produit solaire Helioderm \u00e0 indice de protection \u00e9lev\u00e9<\/p>\n","protected":false},"excerpt":{"rendered":"<p>Description: Cr\u00e8me visage et cou, antirides, r\u00e9paratrice et hydratante, contenant du r\u00e9tinol actif et stable \u00e0 lib\u00e9ration progressive, qui att\u00e9nue<\/p>\n","protected":false},"featured_media":24279,"comment_status":"open","ping_status":"closed","template":"","meta":[],"product_brand":[447],"product_cat":[496],"product_tag":[],"class_list":{"0":"post-24246","1":"product","2":"type-product","3":"status-publish","4":"has-post-thumbnail","6":"product_brand-castalia","7":"product_cat-premieres-rides","9":"first","10":"instock","11":"sale","12":"shipping-taxable","13":"purchasable","14":"product-type-simple"},"yoast_head":"<!-- This site is optimized with the Yoast SEO plugin v26.6 - https:\/\/yoast.com\/wordpress\/plugins\/seo\/ -->\r\n<title>CASTALIA CHRONODERM CREME VISAGE RETINOL 30ML - Paracherkaoui.ma<\/title>\r\n<meta name=\"robots\" content=\"index, follow, max-snippet:-1, max-image-preview:large, max-video-preview:-1\" \/>\r\n<link rel=\"canonical\" href=\"https:\/\/paracherkaoui.ma\/index.php\/produit\/castalia-chronoderm-creme-visage-retinol-30ml\/\" \/>\r\n<meta property=\"og:locale\" content=\"fr_FR\" \/>\r\n<meta property=\"og:type\" content=\"article\" \/>\r\n<meta property=\"og:title\" content=\"CASTALIA CHRONODERM CREME VISAGE RETINOL 30ML - Paracherkaoui.ma\" \/>\r\n<meta property=\"og:description\" content=\"Description: Cr\u00e8me visage et cou, antirides, r\u00e9paratrice et hydratante, contenant du r\u00e9tinol actif et stable \u00e0 lib\u00e9ration progressive, qui att\u00e9nue\" \/>\r\n<meta property=\"og:url\" content=\"https:\/\/paracherkaoui.ma\/index.php\/produit\/castalia-chronoderm-creme-visage-retinol-30ml\/\" \/>\r\n<meta property=\"og:site_name\" content=\"Paracherkaoui.ma\" \/>\r\n<meta property=\"article:modified_time\" content=\"2025-12-12T17:20:13+00:00\" \/>\r\n<meta property=\"og:image\" content=\"https:\/\/paracherkaoui.ma\/wp-content\/uploads\/2025\/12\/castalia-castalia-chronoderm-creme-visage-retinol-30ml-premieres-rides.jpg\" \/>\r\n\t<meta property=\"og:image:width\" content=\"700\" \/>\r\n\t<meta property=\"og:image:height\" content=\"700\" \/>\r\n\t<meta property=\"og:image:type\" content=\"image\/jpeg\" \/>\r\n<meta name=\"twitter:card\" content=\"summary_large_image\" \/>\r\n<script type=\"application\/ld+json\" class=\"yoast-schema-graph\">{\"@context\":\"https:\/\/schema.org\",\"@graph\":[{\"@type\":\"WebPage\",\"@id\":\"https:\/\/paracherkaoui.ma\/index.php\/produit\/castalia-chronoderm-creme-visage-retinol-30ml\/\",\"url\":\"https:\/\/paracherkaoui.ma\/index.php\/produit\/castalia-chronoderm-creme-visage-retinol-30ml\/\",\"name\":\"CASTALIA CHRONODERM CREME VISAGE RETINOL 30ML - Paracherkaoui.ma\",\"isPartOf\":{\"@id\":\"https:\/\/paracherkaoui.ma\/#website\"},\"primaryImageOfPage\":{\"@id\":\"https:\/\/paracherkaoui.ma\/index.php\/produit\/castalia-chronoderm-creme-visage-retinol-30ml\/#primaryimage\"},\"image\":{\"@id\":\"https:\/\/paracherkaoui.ma\/index.php\/produit\/castalia-chronoderm-creme-visage-retinol-30ml\/#primaryimage\"},\"thumbnailUrl\":\"https:\/\/paracherkaoui.ma\/wp-content\/uploads\/2025\/12\/castalia-castalia-chronoderm-creme-visage-retinol-30ml-premieres-rides.jpg\",\"datePublished\":\"2025-12-12T17:20:10+00:00\",\"dateModified\":\"2025-12-12T17:20:13+00:00\",\"breadcrumb\":{\"@id\":\"https:\/\/paracherkaoui.ma\/index.php\/produit\/castalia-chronoderm-creme-visage-retinol-30ml\/#breadcrumb\"},\"inLanguage\":\"fr-FR\",\"potentialAction\":[{\"@type\":\"ReadAction\",\"target\":[\"https:\/\/paracherkaoui.ma\/index.php\/produit\/castalia-chronoderm-creme-visage-retinol-30ml\/\"]}]},{\"@type\":\"ImageObject\",\"inLanguage\":\"fr-FR\",\"@id\":\"https:\/\/paracherkaoui.ma\/index.php\/produit\/castalia-chronoderm-creme-visage-retinol-30ml\/#primaryimage\",\"url\":\"https:\/\/paracherkaoui.ma\/wp-content\/uploads\/2025\/12\/castalia-castalia-chronoderm-creme-visage-retinol-30ml-premieres-rides.jpg\",\"contentUrl\":\"https:\/\/paracherkaoui.ma\/wp-content\/uploads\/2025\/12\/castalia-castalia-chronoderm-creme-visage-retinol-30ml-premieres-rides.jpg\",\"width\":700,\"height\":700},{\"@type\":\"BreadcrumbList\",\"@id\":\"https:\/\/paracherkaoui.ma\/index.php\/produit\/castalia-chronoderm-creme-visage-retinol-30ml\/#breadcrumb\",\"itemListElement\":[{\"@type\":\"ListItem\",\"position\":1,\"name\":\"Accueil\",\"item\":\"https:\/\/paracherkaoui.ma\/\"},{\"@type\":\"ListItem\",\"position\":2,\"name\":\"Boutique\",\"item\":\"https:\/\/paracherkaoui.ma\/index.php\/boutique\/\"},{\"@type\":\"ListItem\",\"position\":3,\"name\":\"CASTALIA CHRONODERM CREME VISAGE RETINOL 30ML\"}]},{\"@type\":\"WebSite\",\"@id\":\"https:\/\/paracherkaoui.ma\/#website\",\"url\":\"https:\/\/paracherkaoui.ma\/\",\"name\":\"Paracherkaoui.ma\",\"description\":\"Achetez en ligne sur Paracherkaoui.ma\",\"potentialAction\":[{\"@type\":\"SearchAction\",\"target\":{\"@type\":\"EntryPoint\",\"urlTemplate\":\"https:\/\/paracherkaoui.ma\/?s={search_term_string}\"},\"query-input\":{\"@type\":\"PropertyValueSpecification\",\"valueRequired\":true,\"valueName\":\"search_term_string\"}}],\"inLanguage\":\"fr-FR\"}]}<\/script>\r\n<!-- \/ Yoast SEO plugin. -->","yoast_head_json":{"title":"CASTALIA CHRONODERM CREME VISAGE RETINOL 30ML - Paracherkaoui.ma","robots":{"index":"index","follow":"follow","max-snippet":"max-snippet:-1","max-image-preview":"max-image-preview:large","max-video-preview":"max-video-preview:-1"},"canonical":"https:\/\/paracherkaoui.ma\/index.php\/produit\/castalia-chronoderm-creme-visage-retinol-30ml\/","og_locale":"fr_FR","og_type":"article","og_title":"CASTALIA CHRONODERM CREME VISAGE RETINOL 30ML - Paracherkaoui.ma","og_description":"Description: Cr\u00e8me visage et cou, antirides, r\u00e9paratrice et hydratante, contenant du r\u00e9tinol actif et stable \u00e0 lib\u00e9ration progressive, qui att\u00e9nue","og_url":"https:\/\/paracherkaoui.ma\/index.php\/produit\/castalia-chronoderm-creme-visage-retinol-30ml\/","og_site_name":"Paracherkaoui.ma","article_modified_time":"2025-12-12T17:20:13+00:00","og_image":[{"width":700,"height":700,"url":"https:\/\/paracherkaoui.ma\/wp-content\/uploads\/2025\/12\/castalia-castalia-chronoderm-creme-visage-retinol-30ml-premieres-rides.jpg","type":"image\/jpeg"}],"twitter_card":"summary_large_image","schema":{"@context":"https:\/\/schema.org","@graph":[{"@type":"WebPage","@id":"https:\/\/paracherkaoui.ma\/index.php\/produit\/castalia-chronoderm-creme-visage-retinol-30ml\/","url":"https:\/\/paracherkaoui.ma\/index.php\/produit\/castalia-chronoderm-creme-visage-retinol-30ml\/","name":"CASTALIA CHRONODERM CREME VISAGE RETINOL 30ML - Paracherkaoui.ma","isPartOf":{"@id":"https:\/\/paracherkaoui.ma\/#website"},"primaryImageOfPage":{"@id":"https:\/\/paracherkaoui.ma\/index.php\/produit\/castalia-chronoderm-creme-visage-retinol-30ml\/#primaryimage"},"image":{"@id":"https:\/\/paracherkaoui.ma\/index.php\/produit\/castalia-chronoderm-creme-visage-retinol-30ml\/#primaryimage"},"thumbnailUrl":"https:\/\/paracherkaoui.ma\/wp-content\/uploads\/2025\/12\/castalia-castalia-chronoderm-creme-visage-retinol-30ml-premieres-rides.jpg","datePublished":"2025-12-12T17:20:10+00:00","dateModified":"2025-12-12T17:20:13+00:00","breadcrumb":{"@id":"https:\/\/paracherkaoui.ma\/index.php\/produit\/castalia-chronoderm-creme-visage-retinol-30ml\/#breadcrumb"},"inLanguage":"fr-FR","potentialAction":[{"@type":"ReadAction","target":["https:\/\/paracherkaoui.ma\/index.php\/produit\/castalia-chronoderm-creme-visage-retinol-30ml\/"]}]},{"@type":"ImageObject","inLanguage":"fr-FR","@id":"https:\/\/paracherkaoui.ma\/index.php\/produit\/castalia-chronoderm-creme-visage-retinol-30ml\/#primaryimage","url":"https:\/\/paracherkaoui.ma\/wp-content\/uploads\/2025\/12\/castalia-castalia-chronoderm-creme-visage-retinol-30ml-premieres-rides.jpg","contentUrl":"https:\/\/paracherkaoui.ma\/wp-content\/uploads\/2025\/12\/castalia-castalia-chronoderm-creme-visage-retinol-30ml-premieres-rides.jpg","width":700,"height":700},{"@type":"BreadcrumbList","@id":"https:\/\/paracherkaoui.ma\/index.php\/produit\/castalia-chronoderm-creme-visage-retinol-30ml\/#breadcrumb","itemListElement":[{"@type":"ListItem","position":1,"name":"Accueil","item":"https:\/\/paracherkaoui.ma\/"},{"@type":"ListItem","position":2,"name":"Boutique","item":"https:\/\/paracherkaoui.ma\/index.php\/boutique\/"},{"@type":"ListItem","position":3,"name":"CASTALIA CHRONODERM CREME VISAGE RETINOL 30ML"}]},{"@type":"WebSite","@id":"https:\/\/paracherkaoui.ma\/#website","url":"https:\/\/paracherkaoui.ma\/","name":"Paracherkaoui.ma","description":"Achetez en ligne sur Paracherkaoui.ma","potentialAction":[{"@type":"SearchAction","target":{"@type":"EntryPoint","urlTemplate":"https:\/\/paracherkaoui.ma\/?s={search_term_string}"},"query-input":{"@type":"PropertyValueSpecification","valueRequired":true,"valueName":"search_term_string"}}],"inLanguage":"fr-FR"}]}},"_links":{"self":[{"href":"https:\/\/paracherkaoui.ma\/index.php\/wp-json\/wp\/v2\/product\/24246","targetHints":{"allow":["GET"]}}],"collection":[{"href":"https:\/\/paracherkaoui.ma\/index.php\/wp-json\/wp\/v2\/product"}],"about":[{"href":"https:\/\/paracherkaoui.ma\/index.php\/wp-json\/wp\/v2\/types\/product"}],"replies":[{"embeddable":true,"href":"https:\/\/paracherkaoui.ma\/index.php\/wp-json\/wp\/v2\/comments?post=24246"}],"version-history":[{"count":1,"href":"https:\/\/paracherkaoui.ma\/index.php\/wp-json\/wp\/v2\/product\/24246\/revisions"}],"predecessor-version":[{"id":24280,"href":"https:\/\/paracherkaoui.ma\/index.php\/wp-json\/wp\/v2\/product\/24246\/revisions\/24280"}],"wp:featuredmedia":[{"embeddable":true,"href":"https:\/\/paracherkaoui.ma\/index.php\/wp-json\/wp\/v2\/media\/24279"}],"wp:attachment":[{"href":"https:\/\/paracherkaoui.ma\/index.php\/wp-json\/wp\/v2\/media?parent=24246"}],"wp:term":[{"taxonomy":"product_brand","embeddable":true,"href":"https:\/\/paracherkaoui.ma\/index.php\/wp-json\/wp\/v2\/product_brand?post=24246"},{"taxonomy":"product_cat","embeddable":true,"href":"https:\/\/paracherkaoui.ma\/index.php\/wp-json\/wp\/v2\/product_cat?post=24246"},{"taxonomy":"product_tag","embeddable":true,"href":"https:\/\/paracherkaoui.ma\/index.php\/wp-json\/wp\/v2\/product_tag?post=24246"}],"curies":[{"name":"wp","href":"https:\/\/api.w.org\/{rel}","templated":true}]}}