{"id":24245,"date":"2025-12-12T18:20:10","date_gmt":"2025-12-12T17:20:10","guid":{"rendered":"https:\/\/test.ecbeaute.com\/?post_type=product&#038;p=24245"},"modified":"2025-12-12T18:20:13","modified_gmt":"2025-12-12T17:20:13","slug":"synbionyme-serum-universel-30-ml","status":"publish","type":"product","link":"https:\/\/paracherkaoui.ma\/index.php\/produit\/synbionyme-serum-universel-30-ml\/","title":{"rendered":"SYNBIONYME SERUM UNIVERSEL \u2013 30 ML"},"content":{"rendered":"<p>Description:<br \/>\nLe Serum universel, v\u00e9ritable s\u00e9rum de vie, a \u00e9t\u00e9 \u00e9labor\u00e9 \u00e0 partir du complexe Pro-B3 pour sa capacit\u00e9 \u00e0 renforcer les d\u00e9fenses naturelles de la peau. ACTIFS : Complexe Pro-B3 : renforce les d\u00e9fenses naturelles de la peau. Acide Hyaluronique : hydrate, repulpeCONSEILS D\u2019UTILISATION : D\u00e9poser matin et soir une petite quantit\u00e9 de S\u00e9rum sur le bout des doigts et appliquer sur l\u2019ensemble du visage avant votre cr\u00e8me ou le m\u00e9langer pr\u00e9alablement au creux de la main. Enrichi en acide hyaluronique de haut poids mol\u00e9culaire il hydrate l\u2019\u00e9piderme* et apporte \u00e0 votre peau une sensation de confort imm\u00e9diate et durable. Seul ou int\u00e9gr\u00e9 \u00e0 votre routine de soin, Il ravive l\u2019\u00e9clat du teint et aide \u00e0 lutter contre le rel\u00e2chement de la peau et les signes visibles de l\u2019\u00e2ge. Sa texture soyeuse et l\u00e9g\u00e8re p\u00e9n\u00e8tre rapidement. Il constitue une excellente base de maquillage.<\/p>\n","protected":false},"excerpt":{"rendered":"<p>Description: Le Serum universel, v\u00e9ritable s\u00e9rum de vie, a \u00e9t\u00e9 \u00e9labor\u00e9 \u00e0 partir du complexe Pro-B3 pour sa capacit\u00e9 \u00e0<\/p>\n","protected":false},"featured_media":24277,"comment_status":"open","ping_status":"closed","template":"","meta":[],"product_brand":[459],"product_cat":[496],"product_tag":[],"class_list":{"0":"post-24245","1":"product","2":"type-product","3":"status-publish","4":"has-post-thumbnail","6":"product_brand-synbionime","7":"product_cat-premieres-rides","9":"first","10":"instock","11":"sale","12":"shipping-taxable","13":"purchasable","14":"product-type-simple"},"yoast_head":"<!-- This site is optimized with the Yoast SEO plugin v26.6 - https:\/\/yoast.com\/wordpress\/plugins\/seo\/ -->\r\n<title>SYNBIONYME SERUM UNIVERSEL \u2013 30 ML - Paracherkaoui.ma<\/title>\r\n<meta name=\"robots\" content=\"index, follow, max-snippet:-1, max-image-preview:large, max-video-preview:-1\" \/>\r\n<link rel=\"canonical\" href=\"https:\/\/paracherkaoui.ma\/index.php\/produit\/synbionyme-serum-universel-30-ml\/\" \/>\r\n<meta property=\"og:locale\" content=\"fr_FR\" \/>\r\n<meta property=\"og:type\" content=\"article\" \/>\r\n<meta property=\"og:title\" content=\"SYNBIONYME SERUM UNIVERSEL \u2013 30 ML - Paracherkaoui.ma\" \/>\r\n<meta property=\"og:description\" content=\"Description: Le Serum universel, v\u00e9ritable s\u00e9rum de vie, a \u00e9t\u00e9 \u00e9labor\u00e9 \u00e0 partir du complexe Pro-B3 pour sa capacit\u00e9 \u00e0\" \/>\r\n<meta property=\"og:url\" content=\"https:\/\/paracherkaoui.ma\/index.php\/produit\/synbionyme-serum-universel-30-ml\/\" \/>\r\n<meta property=\"og:site_name\" content=\"Paracherkaoui.ma\" \/>\r\n<meta property=\"article:modified_time\" content=\"2025-12-12T17:20:13+00:00\" \/>\r\n<meta property=\"og:image\" content=\"https:\/\/paracherkaoui.ma\/wp-content\/uploads\/2025\/12\/synbionyme-serum-universel-30-ml-soins-eclat.jpg\" \/>\r\n\t<meta property=\"og:image:width\" content=\"700\" \/>\r\n\t<meta property=\"og:image:height\" content=\"700\" \/>\r\n\t<meta property=\"og:image:type\" content=\"image\/jpeg\" \/>\r\n<meta name=\"twitter:card\" content=\"summary_large_image\" \/>\r\n<meta name=\"twitter:label1\" content=\"Dur\u00e9e de lecture estim\u00e9e\" \/>\n\t<meta name=\"twitter:data1\" content=\"1 minute\" \/>\r\n<script type=\"application\/ld+json\" class=\"yoast-schema-graph\">{\"@context\":\"https:\/\/schema.org\",\"@graph\":[{\"@type\":\"WebPage\",\"@id\":\"https:\/\/paracherkaoui.ma\/index.php\/produit\/synbionyme-serum-universel-30-ml\/\",\"url\":\"https:\/\/paracherkaoui.ma\/index.php\/produit\/synbionyme-serum-universel-30-ml\/\",\"name\":\"SYNBIONYME SERUM UNIVERSEL \u2013 30 ML - Paracherkaoui.ma\",\"isPartOf\":{\"@id\":\"https:\/\/paracherkaoui.ma\/#website\"},\"primaryImageOfPage\":{\"@id\":\"https:\/\/paracherkaoui.ma\/index.php\/produit\/synbionyme-serum-universel-30-ml\/#primaryimage\"},\"image\":{\"@id\":\"https:\/\/paracherkaoui.ma\/index.php\/produit\/synbionyme-serum-universel-30-ml\/#primaryimage\"},\"thumbnailUrl\":\"https:\/\/paracherkaoui.ma\/wp-content\/uploads\/2025\/12\/synbionyme-serum-universel-30-ml-soins-eclat.jpg\",\"datePublished\":\"2025-12-12T17:20:10+00:00\",\"dateModified\":\"2025-12-12T17:20:13+00:00\",\"breadcrumb\":{\"@id\":\"https:\/\/paracherkaoui.ma\/index.php\/produit\/synbionyme-serum-universel-30-ml\/#breadcrumb\"},\"inLanguage\":\"fr-FR\",\"potentialAction\":[{\"@type\":\"ReadAction\",\"target\":[\"https:\/\/paracherkaoui.ma\/index.php\/produit\/synbionyme-serum-universel-30-ml\/\"]}]},{\"@type\":\"ImageObject\",\"inLanguage\":\"fr-FR\",\"@id\":\"https:\/\/paracherkaoui.ma\/index.php\/produit\/synbionyme-serum-universel-30-ml\/#primaryimage\",\"url\":\"https:\/\/paracherkaoui.ma\/wp-content\/uploads\/2025\/12\/synbionyme-serum-universel-30-ml-soins-eclat.jpg\",\"contentUrl\":\"https:\/\/paracherkaoui.ma\/wp-content\/uploads\/2025\/12\/synbionyme-serum-universel-30-ml-soins-eclat.jpg\",\"width\":700,\"height\":700},{\"@type\":\"BreadcrumbList\",\"@id\":\"https:\/\/paracherkaoui.ma\/index.php\/produit\/synbionyme-serum-universel-30-ml\/#breadcrumb\",\"itemListElement\":[{\"@type\":\"ListItem\",\"position\":1,\"name\":\"Accueil\",\"item\":\"https:\/\/paracherkaoui.ma\/\"},{\"@type\":\"ListItem\",\"position\":2,\"name\":\"Boutique\",\"item\":\"https:\/\/paracherkaoui.ma\/index.php\/boutique\/\"},{\"@type\":\"ListItem\",\"position\":3,\"name\":\"SYNBIONYME SERUM UNIVERSEL \u2013 30 ML\"}]},{\"@type\":\"WebSite\",\"@id\":\"https:\/\/paracherkaoui.ma\/#website\",\"url\":\"https:\/\/paracherkaoui.ma\/\",\"name\":\"Paracherkaoui.ma\",\"description\":\"Achetez en ligne sur Paracherkaoui.ma\",\"potentialAction\":[{\"@type\":\"SearchAction\",\"target\":{\"@type\":\"EntryPoint\",\"urlTemplate\":\"https:\/\/paracherkaoui.ma\/?s={search_term_string}\"},\"query-input\":{\"@type\":\"PropertyValueSpecification\",\"valueRequired\":true,\"valueName\":\"search_term_string\"}}],\"inLanguage\":\"fr-FR\"}]}<\/script>\r\n<!-- \/ Yoast SEO plugin. -->","yoast_head_json":{"title":"SYNBIONYME SERUM UNIVERSEL \u2013 30 ML - Paracherkaoui.ma","robots":{"index":"index","follow":"follow","max-snippet":"max-snippet:-1","max-image-preview":"max-image-preview:large","max-video-preview":"max-video-preview:-1"},"canonical":"https:\/\/paracherkaoui.ma\/index.php\/produit\/synbionyme-serum-universel-30-ml\/","og_locale":"fr_FR","og_type":"article","og_title":"SYNBIONYME SERUM UNIVERSEL \u2013 30 ML - Paracherkaoui.ma","og_description":"Description: Le Serum universel, v\u00e9ritable s\u00e9rum de vie, a \u00e9t\u00e9 \u00e9labor\u00e9 \u00e0 partir du complexe Pro-B3 pour sa capacit\u00e9 \u00e0","og_url":"https:\/\/paracherkaoui.ma\/index.php\/produit\/synbionyme-serum-universel-30-ml\/","og_site_name":"Paracherkaoui.ma","article_modified_time":"2025-12-12T17:20:13+00:00","og_image":[{"width":700,"height":700,"url":"https:\/\/paracherkaoui.ma\/wp-content\/uploads\/2025\/12\/synbionyme-serum-universel-30-ml-soins-eclat.jpg","type":"image\/jpeg"}],"twitter_card":"summary_large_image","twitter_misc":{"Dur\u00e9e de lecture estim\u00e9e":"1 minute"},"schema":{"@context":"https:\/\/schema.org","@graph":[{"@type":"WebPage","@id":"https:\/\/paracherkaoui.ma\/index.php\/produit\/synbionyme-serum-universel-30-ml\/","url":"https:\/\/paracherkaoui.ma\/index.php\/produit\/synbionyme-serum-universel-30-ml\/","name":"SYNBIONYME SERUM UNIVERSEL \u2013 30 ML - Paracherkaoui.ma","isPartOf":{"@id":"https:\/\/paracherkaoui.ma\/#website"},"primaryImageOfPage":{"@id":"https:\/\/paracherkaoui.ma\/index.php\/produit\/synbionyme-serum-universel-30-ml\/#primaryimage"},"image":{"@id":"https:\/\/paracherkaoui.ma\/index.php\/produit\/synbionyme-serum-universel-30-ml\/#primaryimage"},"thumbnailUrl":"https:\/\/paracherkaoui.ma\/wp-content\/uploads\/2025\/12\/synbionyme-serum-universel-30-ml-soins-eclat.jpg","datePublished":"2025-12-12T17:20:10+00:00","dateModified":"2025-12-12T17:20:13+00:00","breadcrumb":{"@id":"https:\/\/paracherkaoui.ma\/index.php\/produit\/synbionyme-serum-universel-30-ml\/#breadcrumb"},"inLanguage":"fr-FR","potentialAction":[{"@type":"ReadAction","target":["https:\/\/paracherkaoui.ma\/index.php\/produit\/synbionyme-serum-universel-30-ml\/"]}]},{"@type":"ImageObject","inLanguage":"fr-FR","@id":"https:\/\/paracherkaoui.ma\/index.php\/produit\/synbionyme-serum-universel-30-ml\/#primaryimage","url":"https:\/\/paracherkaoui.ma\/wp-content\/uploads\/2025\/12\/synbionyme-serum-universel-30-ml-soins-eclat.jpg","contentUrl":"https:\/\/paracherkaoui.ma\/wp-content\/uploads\/2025\/12\/synbionyme-serum-universel-30-ml-soins-eclat.jpg","width":700,"height":700},{"@type":"BreadcrumbList","@id":"https:\/\/paracherkaoui.ma\/index.php\/produit\/synbionyme-serum-universel-30-ml\/#breadcrumb","itemListElement":[{"@type":"ListItem","position":1,"name":"Accueil","item":"https:\/\/paracherkaoui.ma\/"},{"@type":"ListItem","position":2,"name":"Boutique","item":"https:\/\/paracherkaoui.ma\/index.php\/boutique\/"},{"@type":"ListItem","position":3,"name":"SYNBIONYME SERUM UNIVERSEL \u2013 30 ML"}]},{"@type":"WebSite","@id":"https:\/\/paracherkaoui.ma\/#website","url":"https:\/\/paracherkaoui.ma\/","name":"Paracherkaoui.ma","description":"Achetez en ligne sur Paracherkaoui.ma","potentialAction":[{"@type":"SearchAction","target":{"@type":"EntryPoint","urlTemplate":"https:\/\/paracherkaoui.ma\/?s={search_term_string}"},"query-input":{"@type":"PropertyValueSpecification","valueRequired":true,"valueName":"search_term_string"}}],"inLanguage":"fr-FR"}]}},"_links":{"self":[{"href":"https:\/\/paracherkaoui.ma\/index.php\/wp-json\/wp\/v2\/product\/24245","targetHints":{"allow":["GET"]}}],"collection":[{"href":"https:\/\/paracherkaoui.ma\/index.php\/wp-json\/wp\/v2\/product"}],"about":[{"href":"https:\/\/paracherkaoui.ma\/index.php\/wp-json\/wp\/v2\/types\/product"}],"replies":[{"embeddable":true,"href":"https:\/\/paracherkaoui.ma\/index.php\/wp-json\/wp\/v2\/comments?post=24245"}],"version-history":[{"count":1,"href":"https:\/\/paracherkaoui.ma\/index.php\/wp-json\/wp\/v2\/product\/24245\/revisions"}],"predecessor-version":[{"id":24278,"href":"https:\/\/paracherkaoui.ma\/index.php\/wp-json\/wp\/v2\/product\/24245\/revisions\/24278"}],"wp:featuredmedia":[{"embeddable":true,"href":"https:\/\/paracherkaoui.ma\/index.php\/wp-json\/wp\/v2\/media\/24277"}],"wp:attachment":[{"href":"https:\/\/paracherkaoui.ma\/index.php\/wp-json\/wp\/v2\/media?parent=24245"}],"wp:term":[{"taxonomy":"product_brand","embeddable":true,"href":"https:\/\/paracherkaoui.ma\/index.php\/wp-json\/wp\/v2\/product_brand?post=24245"},{"taxonomy":"product_cat","embeddable":true,"href":"https:\/\/paracherkaoui.ma\/index.php\/wp-json\/wp\/v2\/product_cat?post=24245"},{"taxonomy":"product_tag","embeddable":true,"href":"https:\/\/paracherkaoui.ma\/index.php\/wp-json\/wp\/v2\/product_tag?post=24245"}],"curies":[{"name":"wp","href":"https:\/\/api.w.org\/{rel}","templated":true}]}}