{"id":24175,"date":"2025-12-12T18:19:59","date_gmt":"2025-12-12T17:19:59","guid":{"rendered":"https:\/\/test.ecbeaute.com\/?post_type=product&#038;p=24175"},"modified":"2025-12-12T18:20:06","modified_gmt":"2025-12-12T17:20:06","slug":"mesoestetic-age-element-brightening-complex-plus-45-5ml","status":"publish","type":"product","link":"https:\/\/paracherkaoui.ma\/index.php\/produit\/mesoestetic-age-element-brightening-complex-plus-45-5ml\/","title":{"rendered":"MESOESTETIC AGE ELEMENT BRIGHTENING COMPLEX PLUS 4*5.5ML"},"content":{"rendered":"<p>Ce traitement de choc est une v\u00e9ritable r\u00e9volution pour votre \u00e9piderme, offrant une action r\u00e9novatrice et illuminatrice intensive in\u00e9gal\u00e9e.<br \/>\nAu c\u0153ur de cette formule puissante, vous trouverez la star incontest\u00e9e des antioxydants : 15 % de vitamine C pure isol\u00e9e. Cette concentration exceptionnelle garantit une efficacit\u00e9 maximale, permettant \u00e0 la vitamine C d&rsquo;agir en profondeur pour stimuler la capacit\u00e9 de protection naturelle de votre peau contre les redoutables radicaux libres. Ces agresseurs environnementaux sont les principaux responsables du vieillissement pr\u00e9matur\u00e9 de la peau, mais avec le Complexe Brightening Plus, votre \u00e9piderme est arm\u00e9 pour ralentir ces processus et pr\u00e9server sa jeunesse.<br \/>\nChaque ampoule de 5,5 ml est une dose concentr\u00e9e de vitalit\u00e9, con\u00e7ue pour revitaliser et illuminer votre teint de mani\u00e8re spectaculaire. En seulement 4 semaines de traitement intensif, vous constaterez une transformation visible. Votre peau retrouvera sa fermet\u00e9, sa souplesse et une uniformit\u00e9 que vous aviez peut-\u00eatre perdue. Les taches pigmentaires s&rsquo;estomperont, le teint terne laissera place \u00e0 une luminosit\u00e9 \u00e9blouissante, et les signes de fatigue seront effac\u00e9s.<br \/>\nLa formule am\u00e9lior\u00e9e de ce complexe ne se contente pas de prot\u00e9ger : elle int\u00e8gre des actifs qui favorisent le renouvellement \u00e9pidermique. Cela signifie que votre peau se r\u00e9g\u00e9n\u00e8re plus rapidement, r\u00e9v\u00e9lant une surface plus lisse, des pores affin\u00e9s et une texture incroyablement douce au toucher. La peau est non seulement plus saine et plus forte de l&rsquo;int\u00e9rieur, mais elle para\u00eet aussi visiblement plus jeune et pleine de vie de l&rsquo;ext\u00e9rieur. La texture l\u00e9g\u00e8re et fluide de cette solution concentr\u00e9e p\u00e9n\u00e8tre instantan\u00e9ment, sans laisser de r\u00e9sidu, ce qui la rend parfaitement adaptable \u00e0 votre routine de soins. Offrez-vous ce rituel de 4 semaines et red\u00e9couvrez une peau revitalis\u00e9e, lumineuse et visiblement plus jeune. C&rsquo;est l&rsquo;investissement ultime pour un teint \u00e9clatant de sant\u00e9.<br \/>\nConseils d&rsquo;utilisation :<br \/>\nPendant 4 semaines. La vitamine C est encapsul\u00e9e dans le bouchon protecteur afin de pr\u00e9server ses propri\u00e9t\u00e9s jusqu&rsquo;au moment de son utilisation. Avant l&rsquo;application, activez la vitamine C en deux \u00e9tapes : &#8211; Retirez le bouchon de s\u00e9curit\u00e9 et remplacez-le par celui qui contient la capsule de vitamine C pure. &#8211; Poussez le bouchon du flacon jusqu&rsquo;au bout. Cela permettra de lib\u00e9rer la vitamine C. &#8211; Agitez vigoureusement pendant 1 \u00e0 2 minutes et laissez reposer 2 minutes de plus avant de remplacer le bouchon par le compte-gouttes. Une fois les deux minutes \u00e9coul\u00e9es, vous pouvez l&rsquo;appliquer le soir sur une peau propre et s\u00e8che. R\u00e9partir uniform\u00e9ment sur le visage en massant l\u00e9g\u00e8rement jusqu&rsquo;\u00e0 absorption compl\u00e8te. Chaque flacon est con\u00e7u pour 7 jours de traitement. Pour maintenir la peau dans un \u00e9tat optimal, il est conseill\u00e9 de renouveler le traitement tous les 4 mois.<br \/>\nComposition :<br \/>\nAqua, Dipropylene Glycol, Glycerin, Glycereth-26, Disodium Phosphate, Sodium Hyaluronate, Ascorbyl Propyl Hyaluronate, Shikimic Acid, Acetyl Tetrapeptide-4, Biosaccharide Gum-1, Arginine, Ethylhexylglycerin, Ferulic Acid, Maslinic Acid, Isoquercetin, Propanediol, Butylene Glycol, Disodium EDTA, Sodium Phosphate, Phenoxyethanol<\/p>\n","protected":false},"excerpt":{"rendered":"<p>Ce traitement de choc est une v\u00e9ritable r\u00e9volution pour votre \u00e9piderme, offrant une action r\u00e9novatrice et illuminatrice intensive in\u00e9gal\u00e9e. Au<\/p>\n","protected":false},"featured_media":24221,"comment_status":"open","ping_status":"closed","template":"","meta":[],"product_brand":[399],"product_cat":[496],"product_tag":[],"class_list":{"0":"post-24175","1":"product","2":"type-product","3":"status-publish","4":"has-post-thumbnail","6":"product_brand-mesoestetic","7":"product_cat-premieres-rides","9":"first","10":"instock","11":"sale","12":"shipping-taxable","13":"purchasable","14":"product-type-simple"},"yoast_head":"<!-- This site is optimized with the Yoast SEO plugin v26.6 - https:\/\/yoast.com\/wordpress\/plugins\/seo\/ -->\r\n<title>MESOESTETIC AGE ELEMENT BRIGHTENING COMPLEX PLUS 4*5.5ML - Paracherkaoui.ma<\/title>\r\n<meta name=\"robots\" content=\"index, follow, max-snippet:-1, max-image-preview:large, max-video-preview:-1\" \/>\r\n<link rel=\"canonical\" href=\"https:\/\/paracherkaoui.ma\/index.php\/produit\/mesoestetic-age-element-brightening-complex-plus-45-5ml\/\" \/>\r\n<meta property=\"og:locale\" content=\"fr_FR\" \/>\r\n<meta property=\"og:type\" content=\"article\" \/>\r\n<meta property=\"og:title\" content=\"MESOESTETIC AGE ELEMENT BRIGHTENING COMPLEX PLUS 4*5.5ML - Paracherkaoui.ma\" \/>\r\n<meta property=\"og:description\" content=\"Ce traitement de choc est une v\u00e9ritable r\u00e9volution pour votre \u00e9piderme, offrant une action r\u00e9novatrice et illuminatrice intensive in\u00e9gal\u00e9e. Au\" \/>\r\n<meta property=\"og:url\" content=\"https:\/\/paracherkaoui.ma\/index.php\/produit\/mesoestetic-age-element-brightening-complex-plus-45-5ml\/\" \/>\r\n<meta property=\"og:site_name\" content=\"Paracherkaoui.ma\" \/>\r\n<meta property=\"article:modified_time\" content=\"2025-12-12T17:20:06+00:00\" \/>\r\n<meta property=\"og:image\" content=\"https:\/\/paracherkaoui.ma\/wp-content\/uploads\/2025\/12\/mesoestetic-age-element-brightening-complex-plus-455ml.jpg\" \/>\r\n\t<meta property=\"og:image:width\" content=\"700\" \/>\r\n\t<meta property=\"og:image:height\" content=\"700\" \/>\r\n\t<meta property=\"og:image:type\" content=\"image\/jpeg\" \/>\r\n<meta name=\"twitter:card\" content=\"summary_large_image\" \/>\r\n<meta name=\"twitter:label1\" content=\"Dur\u00e9e de lecture estim\u00e9e\" \/>\n\t<meta name=\"twitter:data1\" content=\"3 minutes\" \/>\r\n<script type=\"application\/ld+json\" class=\"yoast-schema-graph\">{\"@context\":\"https:\/\/schema.org\",\"@graph\":[{\"@type\":\"WebPage\",\"@id\":\"https:\/\/paracherkaoui.ma\/index.php\/produit\/mesoestetic-age-element-brightening-complex-plus-45-5ml\/\",\"url\":\"https:\/\/paracherkaoui.ma\/index.php\/produit\/mesoestetic-age-element-brightening-complex-plus-45-5ml\/\",\"name\":\"MESOESTETIC AGE ELEMENT BRIGHTENING COMPLEX PLUS 4*5.5ML - Paracherkaoui.ma\",\"isPartOf\":{\"@id\":\"https:\/\/paracherkaoui.ma\/#website\"},\"primaryImageOfPage\":{\"@id\":\"https:\/\/paracherkaoui.ma\/index.php\/produit\/mesoestetic-age-element-brightening-complex-plus-45-5ml\/#primaryimage\"},\"image\":{\"@id\":\"https:\/\/paracherkaoui.ma\/index.php\/produit\/mesoestetic-age-element-brightening-complex-plus-45-5ml\/#primaryimage\"},\"thumbnailUrl\":\"https:\/\/paracherkaoui.ma\/wp-content\/uploads\/2025\/12\/mesoestetic-age-element-brightening-complex-plus-455ml.jpg\",\"datePublished\":\"2025-12-12T17:19:59+00:00\",\"dateModified\":\"2025-12-12T17:20:06+00:00\",\"breadcrumb\":{\"@id\":\"https:\/\/paracherkaoui.ma\/index.php\/produit\/mesoestetic-age-element-brightening-complex-plus-45-5ml\/#breadcrumb\"},\"inLanguage\":\"fr-FR\",\"potentialAction\":[{\"@type\":\"ReadAction\",\"target\":[\"https:\/\/paracherkaoui.ma\/index.php\/produit\/mesoestetic-age-element-brightening-complex-plus-45-5ml\/\"]}]},{\"@type\":\"ImageObject\",\"inLanguage\":\"fr-FR\",\"@id\":\"https:\/\/paracherkaoui.ma\/index.php\/produit\/mesoestetic-age-element-brightening-complex-plus-45-5ml\/#primaryimage\",\"url\":\"https:\/\/paracherkaoui.ma\/wp-content\/uploads\/2025\/12\/mesoestetic-age-element-brightening-complex-plus-455ml.jpg\",\"contentUrl\":\"https:\/\/paracherkaoui.ma\/wp-content\/uploads\/2025\/12\/mesoestetic-age-element-brightening-complex-plus-455ml.jpg\",\"width\":700,\"height\":700},{\"@type\":\"BreadcrumbList\",\"@id\":\"https:\/\/paracherkaoui.ma\/index.php\/produit\/mesoestetic-age-element-brightening-complex-plus-45-5ml\/#breadcrumb\",\"itemListElement\":[{\"@type\":\"ListItem\",\"position\":1,\"name\":\"Accueil\",\"item\":\"https:\/\/paracherkaoui.ma\/\"},{\"@type\":\"ListItem\",\"position\":2,\"name\":\"Boutique\",\"item\":\"https:\/\/paracherkaoui.ma\/index.php\/boutique\/\"},{\"@type\":\"ListItem\",\"position\":3,\"name\":\"MESOESTETIC AGE ELEMENT BRIGHTENING COMPLEX PLUS 4*5.5ML\"}]},{\"@type\":\"WebSite\",\"@id\":\"https:\/\/paracherkaoui.ma\/#website\",\"url\":\"https:\/\/paracherkaoui.ma\/\",\"name\":\"Paracherkaoui.ma\",\"description\":\"Achetez en ligne sur Paracherkaoui.ma\",\"potentialAction\":[{\"@type\":\"SearchAction\",\"target\":{\"@type\":\"EntryPoint\",\"urlTemplate\":\"https:\/\/paracherkaoui.ma\/?s={search_term_string}\"},\"query-input\":{\"@type\":\"PropertyValueSpecification\",\"valueRequired\":true,\"valueName\":\"search_term_string\"}}],\"inLanguage\":\"fr-FR\"}]}<\/script>\r\n<!-- \/ Yoast SEO plugin. -->","yoast_head_json":{"title":"MESOESTETIC AGE ELEMENT BRIGHTENING COMPLEX PLUS 4*5.5ML - Paracherkaoui.ma","robots":{"index":"index","follow":"follow","max-snippet":"max-snippet:-1","max-image-preview":"max-image-preview:large","max-video-preview":"max-video-preview:-1"},"canonical":"https:\/\/paracherkaoui.ma\/index.php\/produit\/mesoestetic-age-element-brightening-complex-plus-45-5ml\/","og_locale":"fr_FR","og_type":"article","og_title":"MESOESTETIC AGE ELEMENT BRIGHTENING COMPLEX PLUS 4*5.5ML - Paracherkaoui.ma","og_description":"Ce traitement de choc est une v\u00e9ritable r\u00e9volution pour votre \u00e9piderme, offrant une action r\u00e9novatrice et illuminatrice intensive in\u00e9gal\u00e9e. Au","og_url":"https:\/\/paracherkaoui.ma\/index.php\/produit\/mesoestetic-age-element-brightening-complex-plus-45-5ml\/","og_site_name":"Paracherkaoui.ma","article_modified_time":"2025-12-12T17:20:06+00:00","og_image":[{"width":700,"height":700,"url":"https:\/\/paracherkaoui.ma\/wp-content\/uploads\/2025\/12\/mesoestetic-age-element-brightening-complex-plus-455ml.jpg","type":"image\/jpeg"}],"twitter_card":"summary_large_image","twitter_misc":{"Dur\u00e9e de lecture estim\u00e9e":"3 minutes"},"schema":{"@context":"https:\/\/schema.org","@graph":[{"@type":"WebPage","@id":"https:\/\/paracherkaoui.ma\/index.php\/produit\/mesoestetic-age-element-brightening-complex-plus-45-5ml\/","url":"https:\/\/paracherkaoui.ma\/index.php\/produit\/mesoestetic-age-element-brightening-complex-plus-45-5ml\/","name":"MESOESTETIC AGE ELEMENT BRIGHTENING COMPLEX PLUS 4*5.5ML - Paracherkaoui.ma","isPartOf":{"@id":"https:\/\/paracherkaoui.ma\/#website"},"primaryImageOfPage":{"@id":"https:\/\/paracherkaoui.ma\/index.php\/produit\/mesoestetic-age-element-brightening-complex-plus-45-5ml\/#primaryimage"},"image":{"@id":"https:\/\/paracherkaoui.ma\/index.php\/produit\/mesoestetic-age-element-brightening-complex-plus-45-5ml\/#primaryimage"},"thumbnailUrl":"https:\/\/paracherkaoui.ma\/wp-content\/uploads\/2025\/12\/mesoestetic-age-element-brightening-complex-plus-455ml.jpg","datePublished":"2025-12-12T17:19:59+00:00","dateModified":"2025-12-12T17:20:06+00:00","breadcrumb":{"@id":"https:\/\/paracherkaoui.ma\/index.php\/produit\/mesoestetic-age-element-brightening-complex-plus-45-5ml\/#breadcrumb"},"inLanguage":"fr-FR","potentialAction":[{"@type":"ReadAction","target":["https:\/\/paracherkaoui.ma\/index.php\/produit\/mesoestetic-age-element-brightening-complex-plus-45-5ml\/"]}]},{"@type":"ImageObject","inLanguage":"fr-FR","@id":"https:\/\/paracherkaoui.ma\/index.php\/produit\/mesoestetic-age-element-brightening-complex-plus-45-5ml\/#primaryimage","url":"https:\/\/paracherkaoui.ma\/wp-content\/uploads\/2025\/12\/mesoestetic-age-element-brightening-complex-plus-455ml.jpg","contentUrl":"https:\/\/paracherkaoui.ma\/wp-content\/uploads\/2025\/12\/mesoestetic-age-element-brightening-complex-plus-455ml.jpg","width":700,"height":700},{"@type":"BreadcrumbList","@id":"https:\/\/paracherkaoui.ma\/index.php\/produit\/mesoestetic-age-element-brightening-complex-plus-45-5ml\/#breadcrumb","itemListElement":[{"@type":"ListItem","position":1,"name":"Accueil","item":"https:\/\/paracherkaoui.ma\/"},{"@type":"ListItem","position":2,"name":"Boutique","item":"https:\/\/paracherkaoui.ma\/index.php\/boutique\/"},{"@type":"ListItem","position":3,"name":"MESOESTETIC AGE ELEMENT BRIGHTENING COMPLEX PLUS 4*5.5ML"}]},{"@type":"WebSite","@id":"https:\/\/paracherkaoui.ma\/#website","url":"https:\/\/paracherkaoui.ma\/","name":"Paracherkaoui.ma","description":"Achetez en ligne sur Paracherkaoui.ma","potentialAction":[{"@type":"SearchAction","target":{"@type":"EntryPoint","urlTemplate":"https:\/\/paracherkaoui.ma\/?s={search_term_string}"},"query-input":{"@type":"PropertyValueSpecification","valueRequired":true,"valueName":"search_term_string"}}],"inLanguage":"fr-FR"}]}},"_links":{"self":[{"href":"https:\/\/paracherkaoui.ma\/index.php\/wp-json\/wp\/v2\/product\/24175","targetHints":{"allow":["GET"]}}],"collection":[{"href":"https:\/\/paracherkaoui.ma\/index.php\/wp-json\/wp\/v2\/product"}],"about":[{"href":"https:\/\/paracherkaoui.ma\/index.php\/wp-json\/wp\/v2\/types\/product"}],"replies":[{"embeddable":true,"href":"https:\/\/paracherkaoui.ma\/index.php\/wp-json\/wp\/v2\/comments?post=24175"}],"version-history":[{"count":1,"href":"https:\/\/paracherkaoui.ma\/index.php\/wp-json\/wp\/v2\/product\/24175\/revisions"}],"predecessor-version":[{"id":24222,"href":"https:\/\/paracherkaoui.ma\/index.php\/wp-json\/wp\/v2\/product\/24175\/revisions\/24222"}],"wp:featuredmedia":[{"embeddable":true,"href":"https:\/\/paracherkaoui.ma\/index.php\/wp-json\/wp\/v2\/media\/24221"}],"wp:attachment":[{"href":"https:\/\/paracherkaoui.ma\/index.php\/wp-json\/wp\/v2\/media?parent=24175"}],"wp:term":[{"taxonomy":"product_brand","embeddable":true,"href":"https:\/\/paracherkaoui.ma\/index.php\/wp-json\/wp\/v2\/product_brand?post=24175"},{"taxonomy":"product_cat","embeddable":true,"href":"https:\/\/paracherkaoui.ma\/index.php\/wp-json\/wp\/v2\/product_cat?post=24175"},{"taxonomy":"product_tag","embeddable":true,"href":"https:\/\/paracherkaoui.ma\/index.php\/wp-json\/wp\/v2\/product_tag?post=24175"}],"curies":[{"name":"wp","href":"https:\/\/api.w.org\/{rel}","templated":true}]}}