{"id":24173,"date":"2025-12-12T18:19:59","date_gmt":"2025-12-12T17:19:59","guid":{"rendered":"https:\/\/test.ecbeaute.com\/?post_type=product&#038;p=24173"},"modified":"2025-12-12T18:20:04","modified_gmt":"2025-12-12T17:20:04","slug":"mesoestetic-antiaging-flash-ampoules-anti-age-102ml","status":"publish","type":"product","link":"https:\/\/paracherkaoui.ma\/index.php\/produit\/mesoestetic-antiaging-flash-ampoules-anti-age-102ml\/","title":{"rendered":"MESOESTETIC ANTIAGING FLASH AMPOULES ANTI AGE 10*2ML"},"content":{"rendered":"<p>Chaque ampoule est un concentr\u00e9 de puissance, formul\u00e9e pour cibler sp\u00e9cifiquement les rides et la fatigue cutan\u00e9e. D\u00e8s l&rsquo;application, vous sentirez et verrez la diff\u00e9rence : votre peau para\u00eet plus repos\u00e9e, plus lisse et visiblement plus lumineuse. L&rsquo;effet tenseur instantan\u00e9 red\u00e9finit les contours du visage, estompant les marques du temps et de la fatigue pour un teint frais et revitalis\u00e9. C&rsquo;est comme une baguette magique pour votre peau, offrant une apparence rajeunie sans effort ni d\u00e9lai.<br \/>\nLa science derri\u00e8re ces ampoules est pens\u00e9e pour des r\u00e9sultats rapides et spectaculaires. Elles agissent en synergie pour hydrater intens\u00e9ment, raffermir la peau et lui redonner son \u00e9lasticit\u00e9 perdue. Les ingr\u00e9dients actifs p\u00e9n\u00e8trent en profondeur pour lisser visiblement les rides et ridules, tout en apportant une dose d&rsquo;\u00e9nergie qui r\u00e9veille le teint le plus fatigu\u00e9. Que ce soit une nuit courte, une p\u00e9riode de stress intense ou simplement le d\u00e9sir de para\u00eetre sous votre meilleur jour, ces ampoules sont la solution SOS pour une beaut\u00e9 instantan\u00e9e.<br \/>\nLe format en ampoule assure une dose pr\u00e9cise de produit \u00e0 chaque utilisation, garantissant une efficacit\u00e9 maximale et une hygi\u00e8ne irr\u00e9prochable. La texture l\u00e9g\u00e8re et soyeuse p\u00e9n\u00e8tre rapidement sans laisser de film gras, permettant un maquillage parfait juste apr\u00e8s l&rsquo;application. Imaginez votre peau parfaitement pr\u00e9par\u00e9e, lisse et lumineuse, pr\u00eate \u00e0 rayonner toute la journ\u00e9e ou toute la soir\u00e9e. Avec les Ampoules Anti-\u00c2ge Mesoestetic, offrez \u00e0 votre peau le coup de boost dont elle a besoin pour para\u00eetre et se sentir plus jeune, plus fra\u00eeche et pleine de vitalit\u00e9. C&rsquo;est l&rsquo;alli\u00e9 indispensable pour une beaut\u00e9 sans compromis, qui agit l\u00e0 o\u00f9 vous en avez le plus besoin.<br \/>\nConseils d&rsquo;utilisation :<br \/>\nUtilisez une ampoule le matin, avant un \u00e9v\u00e9nement sp\u00e9cial, ou chaque fois que votre peau a besoin d&rsquo;un coup d&rsquo;\u00e9clat imm\u00e9diat. Elles peuvent \u00eatre int\u00e9gr\u00e9es dans une routine anti-\u00e2ge quotidienne ou utilis\u00e9es comme traitement ponctuel.<br \/>\nComposition :<br \/>\nPropylene Glycol, Aqua, Polysorbate 20, Ascorbic Acid, Glycerin, Hydrolyzed Wheat Protein, Mimosa tenuiflora Bark Extract, Linoleic Acid, Linolenic Acid, Hydrolyzed Elastin, Soluble Collagen, Potassium Sorbate, Calcium Chloride, Glycine soja Seed Extract, Sorbic Acid, Sodium Benzoate, DMDM Hydantoin, Sodium Hydroxide, Parfum, Phenoxyethanol, Ethylhexylglycerin.<\/p>\n","protected":false},"excerpt":{"rendered":"<p>Chaque ampoule est un concentr\u00e9 de puissance, formul\u00e9e pour cibler sp\u00e9cifiquement les rides et la fatigue cutan\u00e9e. D\u00e8s l&rsquo;application, vous<\/p>\n","protected":false},"featured_media":24217,"comment_status":"open","ping_status":"closed","template":"","meta":[],"product_brand":[399],"product_cat":[496],"product_tag":[],"class_list":{"0":"post-24173","1":"product","2":"type-product","3":"status-publish","4":"has-post-thumbnail","6":"product_brand-mesoestetic","7":"product_cat-premieres-rides","9":"first","10":"instock","11":"sale","12":"shipping-taxable","13":"purchasable","14":"product-type-simple"},"yoast_head":"<!-- This site is optimized with the Yoast SEO plugin v26.6 - https:\/\/yoast.com\/wordpress\/plugins\/seo\/ -->\r\n<title>MESOESTETIC ANTIAGING FLASH AMPOULES ANTI AGE 10*2ML - Paracherkaoui.ma<\/title>\r\n<meta name=\"robots\" content=\"index, follow, max-snippet:-1, max-image-preview:large, max-video-preview:-1\" \/>\r\n<link rel=\"canonical\" href=\"https:\/\/paracherkaoui.ma\/index.php\/produit\/mesoestetic-antiaging-flash-ampoules-anti-age-102ml\/\" \/>\r\n<meta property=\"og:locale\" content=\"fr_FR\" \/>\r\n<meta property=\"og:type\" content=\"article\" \/>\r\n<meta property=\"og:title\" content=\"MESOESTETIC ANTIAGING FLASH AMPOULES ANTI AGE 10*2ML - Paracherkaoui.ma\" \/>\r\n<meta property=\"og:description\" content=\"Chaque ampoule est un concentr\u00e9 de puissance, formul\u00e9e pour cibler sp\u00e9cifiquement les rides et la fatigue cutan\u00e9e. D\u00e8s l&rsquo;application, vous\" \/>\r\n<meta property=\"og:url\" content=\"https:\/\/paracherkaoui.ma\/index.php\/produit\/mesoestetic-antiaging-flash-ampoules-anti-age-102ml\/\" \/>\r\n<meta property=\"og:site_name\" content=\"Paracherkaoui.ma\" \/>\r\n<meta property=\"article:modified_time\" content=\"2025-12-12T17:20:04+00:00\" \/>\r\n<meta property=\"og:image\" content=\"https:\/\/paracherkaoui.ma\/wp-content\/uploads\/2025\/12\/mesoestetic-antiaging-flash-ampoules-anti-age-102ml.jpg\" \/>\r\n\t<meta property=\"og:image:width\" content=\"700\" \/>\r\n\t<meta property=\"og:image:height\" content=\"700\" \/>\r\n\t<meta property=\"og:image:type\" content=\"image\/jpeg\" \/>\r\n<meta name=\"twitter:card\" content=\"summary_large_image\" \/>\r\n<meta name=\"twitter:label1\" content=\"Dur\u00e9e de lecture estim\u00e9e\" \/>\n\t<meta name=\"twitter:data1\" content=\"2 minutes\" \/>\r\n<script type=\"application\/ld+json\" class=\"yoast-schema-graph\">{\"@context\":\"https:\/\/schema.org\",\"@graph\":[{\"@type\":\"WebPage\",\"@id\":\"https:\/\/paracherkaoui.ma\/index.php\/produit\/mesoestetic-antiaging-flash-ampoules-anti-age-102ml\/\",\"url\":\"https:\/\/paracherkaoui.ma\/index.php\/produit\/mesoestetic-antiaging-flash-ampoules-anti-age-102ml\/\",\"name\":\"MESOESTETIC ANTIAGING FLASH AMPOULES ANTI AGE 10*2ML - Paracherkaoui.ma\",\"isPartOf\":{\"@id\":\"https:\/\/paracherkaoui.ma\/#website\"},\"primaryImageOfPage\":{\"@id\":\"https:\/\/paracherkaoui.ma\/index.php\/produit\/mesoestetic-antiaging-flash-ampoules-anti-age-102ml\/#primaryimage\"},\"image\":{\"@id\":\"https:\/\/paracherkaoui.ma\/index.php\/produit\/mesoestetic-antiaging-flash-ampoules-anti-age-102ml\/#primaryimage\"},\"thumbnailUrl\":\"https:\/\/paracherkaoui.ma\/wp-content\/uploads\/2025\/12\/mesoestetic-antiaging-flash-ampoules-anti-age-102ml.jpg\",\"datePublished\":\"2025-12-12T17:19:59+00:00\",\"dateModified\":\"2025-12-12T17:20:04+00:00\",\"breadcrumb\":{\"@id\":\"https:\/\/paracherkaoui.ma\/index.php\/produit\/mesoestetic-antiaging-flash-ampoules-anti-age-102ml\/#breadcrumb\"},\"inLanguage\":\"fr-FR\",\"potentialAction\":[{\"@type\":\"ReadAction\",\"target\":[\"https:\/\/paracherkaoui.ma\/index.php\/produit\/mesoestetic-antiaging-flash-ampoules-anti-age-102ml\/\"]}]},{\"@type\":\"ImageObject\",\"inLanguage\":\"fr-FR\",\"@id\":\"https:\/\/paracherkaoui.ma\/index.php\/produit\/mesoestetic-antiaging-flash-ampoules-anti-age-102ml\/#primaryimage\",\"url\":\"https:\/\/paracherkaoui.ma\/wp-content\/uploads\/2025\/12\/mesoestetic-antiaging-flash-ampoules-anti-age-102ml.jpg\",\"contentUrl\":\"https:\/\/paracherkaoui.ma\/wp-content\/uploads\/2025\/12\/mesoestetic-antiaging-flash-ampoules-anti-age-102ml.jpg\",\"width\":700,\"height\":700},{\"@type\":\"BreadcrumbList\",\"@id\":\"https:\/\/paracherkaoui.ma\/index.php\/produit\/mesoestetic-antiaging-flash-ampoules-anti-age-102ml\/#breadcrumb\",\"itemListElement\":[{\"@type\":\"ListItem\",\"position\":1,\"name\":\"Accueil\",\"item\":\"https:\/\/paracherkaoui.ma\/\"},{\"@type\":\"ListItem\",\"position\":2,\"name\":\"Boutique\",\"item\":\"https:\/\/paracherkaoui.ma\/index.php\/boutique\/\"},{\"@type\":\"ListItem\",\"position\":3,\"name\":\"MESOESTETIC ANTIAGING FLASH AMPOULES ANTI AGE 10*2ML\"}]},{\"@type\":\"WebSite\",\"@id\":\"https:\/\/paracherkaoui.ma\/#website\",\"url\":\"https:\/\/paracherkaoui.ma\/\",\"name\":\"Paracherkaoui.ma\",\"description\":\"Achetez en ligne sur Paracherkaoui.ma\",\"potentialAction\":[{\"@type\":\"SearchAction\",\"target\":{\"@type\":\"EntryPoint\",\"urlTemplate\":\"https:\/\/paracherkaoui.ma\/?s={search_term_string}\"},\"query-input\":{\"@type\":\"PropertyValueSpecification\",\"valueRequired\":true,\"valueName\":\"search_term_string\"}}],\"inLanguage\":\"fr-FR\"}]}<\/script>\r\n<!-- \/ Yoast SEO plugin. -->","yoast_head_json":{"title":"MESOESTETIC ANTIAGING FLASH AMPOULES ANTI AGE 10*2ML - Paracherkaoui.ma","robots":{"index":"index","follow":"follow","max-snippet":"max-snippet:-1","max-image-preview":"max-image-preview:large","max-video-preview":"max-video-preview:-1"},"canonical":"https:\/\/paracherkaoui.ma\/index.php\/produit\/mesoestetic-antiaging-flash-ampoules-anti-age-102ml\/","og_locale":"fr_FR","og_type":"article","og_title":"MESOESTETIC ANTIAGING FLASH AMPOULES ANTI AGE 10*2ML - Paracherkaoui.ma","og_description":"Chaque ampoule est un concentr\u00e9 de puissance, formul\u00e9e pour cibler sp\u00e9cifiquement les rides et la fatigue cutan\u00e9e. D\u00e8s l&rsquo;application, vous","og_url":"https:\/\/paracherkaoui.ma\/index.php\/produit\/mesoestetic-antiaging-flash-ampoules-anti-age-102ml\/","og_site_name":"Paracherkaoui.ma","article_modified_time":"2025-12-12T17:20:04+00:00","og_image":[{"width":700,"height":700,"url":"https:\/\/paracherkaoui.ma\/wp-content\/uploads\/2025\/12\/mesoestetic-antiaging-flash-ampoules-anti-age-102ml.jpg","type":"image\/jpeg"}],"twitter_card":"summary_large_image","twitter_misc":{"Dur\u00e9e de lecture estim\u00e9e":"2 minutes"},"schema":{"@context":"https:\/\/schema.org","@graph":[{"@type":"WebPage","@id":"https:\/\/paracherkaoui.ma\/index.php\/produit\/mesoestetic-antiaging-flash-ampoules-anti-age-102ml\/","url":"https:\/\/paracherkaoui.ma\/index.php\/produit\/mesoestetic-antiaging-flash-ampoules-anti-age-102ml\/","name":"MESOESTETIC ANTIAGING FLASH AMPOULES ANTI AGE 10*2ML - Paracherkaoui.ma","isPartOf":{"@id":"https:\/\/paracherkaoui.ma\/#website"},"primaryImageOfPage":{"@id":"https:\/\/paracherkaoui.ma\/index.php\/produit\/mesoestetic-antiaging-flash-ampoules-anti-age-102ml\/#primaryimage"},"image":{"@id":"https:\/\/paracherkaoui.ma\/index.php\/produit\/mesoestetic-antiaging-flash-ampoules-anti-age-102ml\/#primaryimage"},"thumbnailUrl":"https:\/\/paracherkaoui.ma\/wp-content\/uploads\/2025\/12\/mesoestetic-antiaging-flash-ampoules-anti-age-102ml.jpg","datePublished":"2025-12-12T17:19:59+00:00","dateModified":"2025-12-12T17:20:04+00:00","breadcrumb":{"@id":"https:\/\/paracherkaoui.ma\/index.php\/produit\/mesoestetic-antiaging-flash-ampoules-anti-age-102ml\/#breadcrumb"},"inLanguage":"fr-FR","potentialAction":[{"@type":"ReadAction","target":["https:\/\/paracherkaoui.ma\/index.php\/produit\/mesoestetic-antiaging-flash-ampoules-anti-age-102ml\/"]}]},{"@type":"ImageObject","inLanguage":"fr-FR","@id":"https:\/\/paracherkaoui.ma\/index.php\/produit\/mesoestetic-antiaging-flash-ampoules-anti-age-102ml\/#primaryimage","url":"https:\/\/paracherkaoui.ma\/wp-content\/uploads\/2025\/12\/mesoestetic-antiaging-flash-ampoules-anti-age-102ml.jpg","contentUrl":"https:\/\/paracherkaoui.ma\/wp-content\/uploads\/2025\/12\/mesoestetic-antiaging-flash-ampoules-anti-age-102ml.jpg","width":700,"height":700},{"@type":"BreadcrumbList","@id":"https:\/\/paracherkaoui.ma\/index.php\/produit\/mesoestetic-antiaging-flash-ampoules-anti-age-102ml\/#breadcrumb","itemListElement":[{"@type":"ListItem","position":1,"name":"Accueil","item":"https:\/\/paracherkaoui.ma\/"},{"@type":"ListItem","position":2,"name":"Boutique","item":"https:\/\/paracherkaoui.ma\/index.php\/boutique\/"},{"@type":"ListItem","position":3,"name":"MESOESTETIC ANTIAGING FLASH AMPOULES ANTI AGE 10*2ML"}]},{"@type":"WebSite","@id":"https:\/\/paracherkaoui.ma\/#website","url":"https:\/\/paracherkaoui.ma\/","name":"Paracherkaoui.ma","description":"Achetez en ligne sur Paracherkaoui.ma","potentialAction":[{"@type":"SearchAction","target":{"@type":"EntryPoint","urlTemplate":"https:\/\/paracherkaoui.ma\/?s={search_term_string}"},"query-input":{"@type":"PropertyValueSpecification","valueRequired":true,"valueName":"search_term_string"}}],"inLanguage":"fr-FR"}]}},"_links":{"self":[{"href":"https:\/\/paracherkaoui.ma\/index.php\/wp-json\/wp\/v2\/product\/24173","targetHints":{"allow":["GET"]}}],"collection":[{"href":"https:\/\/paracherkaoui.ma\/index.php\/wp-json\/wp\/v2\/product"}],"about":[{"href":"https:\/\/paracherkaoui.ma\/index.php\/wp-json\/wp\/v2\/types\/product"}],"replies":[{"embeddable":true,"href":"https:\/\/paracherkaoui.ma\/index.php\/wp-json\/wp\/v2\/comments?post=24173"}],"version-history":[{"count":1,"href":"https:\/\/paracherkaoui.ma\/index.php\/wp-json\/wp\/v2\/product\/24173\/revisions"}],"predecessor-version":[{"id":24218,"href":"https:\/\/paracherkaoui.ma\/index.php\/wp-json\/wp\/v2\/product\/24173\/revisions\/24218"}],"wp:featuredmedia":[{"embeddable":true,"href":"https:\/\/paracherkaoui.ma\/index.php\/wp-json\/wp\/v2\/media\/24217"}],"wp:attachment":[{"href":"https:\/\/paracherkaoui.ma\/index.php\/wp-json\/wp\/v2\/media?parent=24173"}],"wp:term":[{"taxonomy":"product_brand","embeddable":true,"href":"https:\/\/paracherkaoui.ma\/index.php\/wp-json\/wp\/v2\/product_brand?post=24173"},{"taxonomy":"product_cat","embeddable":true,"href":"https:\/\/paracherkaoui.ma\/index.php\/wp-json\/wp\/v2\/product_cat?post=24173"},{"taxonomy":"product_tag","embeddable":true,"href":"https:\/\/paracherkaoui.ma\/index.php\/wp-json\/wp\/v2\/product_tag?post=24173"}],"curies":[{"name":"wp","href":"https:\/\/api.w.org\/{rel}","templated":true}]}}