{"id":24167,"date":"2025-12-12T18:19:59","date_gmt":"2025-12-12T17:19:59","guid":{"rendered":"https:\/\/test.ecbeaute.com\/?post_type=product&#038;p=24167"},"modified":"2025-12-12T18:20:02","modified_gmt":"2025-12-12T17:20:02","slug":"biotherm-blue-peptides-creme-rosee-nuit-effet-lift-50-ml","status":"publish","type":"product","link":"https:\/\/paracherkaoui.ma\/index.php\/produit\/biotherm-blue-peptides-creme-rosee-nuit-effet-lift-50-ml\/","title":{"rendered":"BIOTHERM BLUE PEPTIDES CREME ROSEE NUIT EFFET LIFT 50 ML"},"content":{"rendered":"<p>Cette cr\u00e8me de nuit est la pi\u00e8ce ma\u00eetresse d&rsquo;un PROGRAMME LIFTANT pens\u00e9 pour des r\u00e9sultats visibles et rapides. Elle agit pendant que vous dormez, profitant du processus de r\u00e9g\u00e9n\u00e9ration nocturne de la peau pour une efficacit\u00e9 maximale sur les signes de l&rsquo;\u00e2ge :<br \/>\nFERMET\u00c9 : Attendez-vous \u00e0 une peau plus ferme en seulement 4 heures ! C&rsquo;est la promesse d&rsquo;une action rapide et profonde qui redonne \u00e0 votre \u00e9piderme sa tonicit\u00e9 et son \u00e9lasticit\u00e9 perdues.<br \/>\nEFFET LIFTANT : Nuit apr\u00e8s nuit, le contour du visage est visiblement red\u00e9fini. Les traits semblent lift\u00e9s, le rel\u00e2chement cutan\u00e9 est att\u00e9nu\u00e9, pour un ovale du visage plus net et une apparence plus jeune.<br \/>\n\u00c9CLAT : D\u00e8s le r\u00e9veil, votre teint arbore un \u00e9clat ros\u00e9 instantan\u00e9. La peau para\u00eet plus lumineuse, fra\u00eeche et repos\u00e9e, comme apr\u00e8s une nuit de sommeil parfaite.<br \/>\nAu c\u0153ur de cette formule r\u00e9volutionnaire, Biotherm s&rsquo;appuie sur des innovations de pointe en biosciences. Le secret r\u00e9side dans l&rsquo;association puissante du Biotech Plankton\u2122 et des Fractions de Peptides de Collag\u00e8ne, agissant en synergie pour une efficacit\u00e9 anti-\u00e2ge d\u00e9cupl\u00e9e :<br \/>\nLe Biotech Plankton\u2122, l&rsquo;ingr\u00e9dient signature de Biotherm, est riche en 35 nutriments essentiels. Il est le puissant amplificateur de cette formule, capable d&rsquo;amplifier de 5 fois l&rsquo;efficacit\u00e9 des Fractions de Peptides de Collag\u00e8ne sur le collag\u00e8ne interne* de votre peau. C&rsquo;est une synergie in\u00e9dite qui permet \u00e0 la peau de mieux utiliser les peptides pour stimuler sa propre production de collag\u00e8ne.<br \/>\nLes Fractions de Peptides de Collag\u00e8ne sont des fragments de collag\u00e8ne hautement assimilables. Elles agissent comme des messagers pour signaler \u00e0 la peau de produire davantage de collag\u00e8ne, cette prot\u00e9ine essentielle qui assure la structure et la fermet\u00e9 de l&rsquo;\u00e9piderme. Le boost du collag\u00e8ne qu&rsquo;elles procurent donne \u00e0 votre peau le soutien structurel dont elle a besoin pour renforcer la fermet\u00e9 de la peau en seulement 4 heures et lifter visiblement la peau.<br \/>\nLa Cr\u00e8me Ros\u00e9e Nuit Blue Peptides Uplift est la promesse d&rsquo;une peau r\u00e9g\u00e9n\u00e9r\u00e9e, plus ferme, lift\u00e9e et \u00e9clatante au r\u00e9veil.<br \/>\nComposition :<br \/>\nAQUA \/ WATER \/ EAU \u2022 GLYCERIN \u2022 DIISOPROPYL SEBACATE \u2022 ISOPROPYL MYRISTATE \u2022 PROPANEDIOL \u2022 DROMETRIZOLE TRISILOXANE \u2022 BIS-ETHYLHEXYLOXYPHENOL METHOXYPHENYL TRIAZINE \u2022 PENTYLENE GLYCOL \u2022 ETHYLHEXYL TRIAZONE \u2022 C12-15 ALKYL BENZOATE \u2022 POLYGLYCERYL-6 DISTEARATE \u2022 CETYL ESTERS \u2022 BUTYL METHOXYDIBENZOYLMETHANE \u2022 ORYZA SATIVA CERA \/ RICE BRAN WAX \u2022 JOJOBA ESTERS \u2022 BEHENYL ALCOHOL \u2022 ACRYLAMIDE\/SODIUM ACRYLOYLDIMETHYLTAURATE COPOLYMER \u2022 ACACIA DECURRENS FLOWER CERA \/ ACACIA DECURRENS FLOWER WAX<\/p>\n","protected":false},"excerpt":{"rendered":"<p>Cette cr\u00e8me de nuit est la pi\u00e8ce ma\u00eetresse d&rsquo;un PROGRAMME LIFTANT pens\u00e9 pour des r\u00e9sultats visibles et rapides. Elle agit<\/p>\n","protected":false},"featured_media":24206,"comment_status":"open","ping_status":"closed","template":"","meta":[],"product_brand":[391],"product_cat":[496],"product_tag":[],"class_list":{"0":"post-24167","1":"product","2":"type-product","3":"status-publish","4":"has-post-thumbnail","6":"product_brand-biotherm","7":"product_cat-premieres-rides","9":"first","10":"instock","11":"shipping-taxable","12":"purchasable","13":"product-type-simple"},"yoast_head":"<!-- This site is optimized with the Yoast SEO plugin v26.6 - https:\/\/yoast.com\/wordpress\/plugins\/seo\/ -->\r\n<title>BIOTHERM BLUE PEPTIDES CREME ROSEE NUIT EFFET LIFT 50 ML - Paracherkaoui.ma<\/title>\r\n<meta name=\"robots\" content=\"index, follow, max-snippet:-1, max-image-preview:large, max-video-preview:-1\" \/>\r\n<link rel=\"canonical\" href=\"https:\/\/paracherkaoui.ma\/index.php\/produit\/biotherm-blue-peptides-creme-rosee-nuit-effet-lift-50-ml\/\" \/>\r\n<meta property=\"og:locale\" content=\"fr_FR\" \/>\r\n<meta property=\"og:type\" content=\"article\" \/>\r\n<meta property=\"og:title\" content=\"BIOTHERM BLUE PEPTIDES CREME ROSEE NUIT EFFET LIFT 50 ML - Paracherkaoui.ma\" \/>\r\n<meta property=\"og:description\" content=\"Cette cr\u00e8me de nuit est la pi\u00e8ce ma\u00eetresse d&rsquo;un PROGRAMME LIFTANT pens\u00e9 pour des r\u00e9sultats visibles et rapides. Elle agit\" \/>\r\n<meta property=\"og:url\" content=\"https:\/\/paracherkaoui.ma\/index.php\/produit\/biotherm-blue-peptides-creme-rosee-nuit-effet-lift-50-ml\/\" \/>\r\n<meta property=\"og:site_name\" content=\"Paracherkaoui.ma\" \/>\r\n<meta property=\"article:modified_time\" content=\"2025-12-12T17:20:02+00:00\" \/>\r\n<meta property=\"og:image\" content=\"https:\/\/paracherkaoui.ma\/wp-content\/uploads\/2025\/12\/biotherm-biotherm-blue-peptides-creme-rosee-nuit-effet-lift-50-ml-premieres-rides.jpg\" \/>\r\n\t<meta property=\"og:image:width\" content=\"700\" \/>\r\n\t<meta property=\"og:image:height\" content=\"700\" \/>\r\n\t<meta property=\"og:image:type\" content=\"image\/jpeg\" \/>\r\n<meta name=\"twitter:card\" content=\"summary_large_image\" \/>\r\n<meta name=\"twitter:label1\" content=\"Dur\u00e9e de lecture estim\u00e9e\" \/>\n\t<meta name=\"twitter:data1\" content=\"2 minutes\" \/>\r\n<script type=\"application\/ld+json\" class=\"yoast-schema-graph\">{\"@context\":\"https:\/\/schema.org\",\"@graph\":[{\"@type\":\"WebPage\",\"@id\":\"https:\/\/paracherkaoui.ma\/index.php\/produit\/biotherm-blue-peptides-creme-rosee-nuit-effet-lift-50-ml\/\",\"url\":\"https:\/\/paracherkaoui.ma\/index.php\/produit\/biotherm-blue-peptides-creme-rosee-nuit-effet-lift-50-ml\/\",\"name\":\"BIOTHERM BLUE PEPTIDES CREME ROSEE NUIT EFFET LIFT 50 ML - Paracherkaoui.ma\",\"isPartOf\":{\"@id\":\"https:\/\/paracherkaoui.ma\/#website\"},\"primaryImageOfPage\":{\"@id\":\"https:\/\/paracherkaoui.ma\/index.php\/produit\/biotherm-blue-peptides-creme-rosee-nuit-effet-lift-50-ml\/#primaryimage\"},\"image\":{\"@id\":\"https:\/\/paracherkaoui.ma\/index.php\/produit\/biotherm-blue-peptides-creme-rosee-nuit-effet-lift-50-ml\/#primaryimage\"},\"thumbnailUrl\":\"https:\/\/paracherkaoui.ma\/wp-content\/uploads\/2025\/12\/biotherm-biotherm-blue-peptides-creme-rosee-nuit-effet-lift-50-ml-premieres-rides.jpg\",\"datePublished\":\"2025-12-12T17:19:59+00:00\",\"dateModified\":\"2025-12-12T17:20:02+00:00\",\"breadcrumb\":{\"@id\":\"https:\/\/paracherkaoui.ma\/index.php\/produit\/biotherm-blue-peptides-creme-rosee-nuit-effet-lift-50-ml\/#breadcrumb\"},\"inLanguage\":\"fr-FR\",\"potentialAction\":[{\"@type\":\"ReadAction\",\"target\":[\"https:\/\/paracherkaoui.ma\/index.php\/produit\/biotherm-blue-peptides-creme-rosee-nuit-effet-lift-50-ml\/\"]}]},{\"@type\":\"ImageObject\",\"inLanguage\":\"fr-FR\",\"@id\":\"https:\/\/paracherkaoui.ma\/index.php\/produit\/biotherm-blue-peptides-creme-rosee-nuit-effet-lift-50-ml\/#primaryimage\",\"url\":\"https:\/\/paracherkaoui.ma\/wp-content\/uploads\/2025\/12\/biotherm-biotherm-blue-peptides-creme-rosee-nuit-effet-lift-50-ml-premieres-rides.jpg\",\"contentUrl\":\"https:\/\/paracherkaoui.ma\/wp-content\/uploads\/2025\/12\/biotherm-biotherm-blue-peptides-creme-rosee-nuit-effet-lift-50-ml-premieres-rides.jpg\",\"width\":700,\"height\":700},{\"@type\":\"BreadcrumbList\",\"@id\":\"https:\/\/paracherkaoui.ma\/index.php\/produit\/biotherm-blue-peptides-creme-rosee-nuit-effet-lift-50-ml\/#breadcrumb\",\"itemListElement\":[{\"@type\":\"ListItem\",\"position\":1,\"name\":\"Accueil\",\"item\":\"https:\/\/paracherkaoui.ma\/\"},{\"@type\":\"ListItem\",\"position\":2,\"name\":\"Boutique\",\"item\":\"https:\/\/paracherkaoui.ma\/index.php\/boutique\/\"},{\"@type\":\"ListItem\",\"position\":3,\"name\":\"BIOTHERM BLUE PEPTIDES CREME ROSEE NUIT EFFET LIFT 50 ML\"}]},{\"@type\":\"WebSite\",\"@id\":\"https:\/\/paracherkaoui.ma\/#website\",\"url\":\"https:\/\/paracherkaoui.ma\/\",\"name\":\"Paracherkaoui.ma\",\"description\":\"Achetez en ligne sur Paracherkaoui.ma\",\"potentialAction\":[{\"@type\":\"SearchAction\",\"target\":{\"@type\":\"EntryPoint\",\"urlTemplate\":\"https:\/\/paracherkaoui.ma\/?s={search_term_string}\"},\"query-input\":{\"@type\":\"PropertyValueSpecification\",\"valueRequired\":true,\"valueName\":\"search_term_string\"}}],\"inLanguage\":\"fr-FR\"}]}<\/script>\r\n<!-- \/ Yoast SEO plugin. -->","yoast_head_json":{"title":"BIOTHERM BLUE PEPTIDES CREME ROSEE NUIT EFFET LIFT 50 ML - Paracherkaoui.ma","robots":{"index":"index","follow":"follow","max-snippet":"max-snippet:-1","max-image-preview":"max-image-preview:large","max-video-preview":"max-video-preview:-1"},"canonical":"https:\/\/paracherkaoui.ma\/index.php\/produit\/biotherm-blue-peptides-creme-rosee-nuit-effet-lift-50-ml\/","og_locale":"fr_FR","og_type":"article","og_title":"BIOTHERM BLUE PEPTIDES CREME ROSEE NUIT EFFET LIFT 50 ML - Paracherkaoui.ma","og_description":"Cette cr\u00e8me de nuit est la pi\u00e8ce ma\u00eetresse d&rsquo;un PROGRAMME LIFTANT pens\u00e9 pour des r\u00e9sultats visibles et rapides. Elle agit","og_url":"https:\/\/paracherkaoui.ma\/index.php\/produit\/biotherm-blue-peptides-creme-rosee-nuit-effet-lift-50-ml\/","og_site_name":"Paracherkaoui.ma","article_modified_time":"2025-12-12T17:20:02+00:00","og_image":[{"width":700,"height":700,"url":"https:\/\/paracherkaoui.ma\/wp-content\/uploads\/2025\/12\/biotherm-biotherm-blue-peptides-creme-rosee-nuit-effet-lift-50-ml-premieres-rides.jpg","type":"image\/jpeg"}],"twitter_card":"summary_large_image","twitter_misc":{"Dur\u00e9e de lecture estim\u00e9e":"2 minutes"},"schema":{"@context":"https:\/\/schema.org","@graph":[{"@type":"WebPage","@id":"https:\/\/paracherkaoui.ma\/index.php\/produit\/biotherm-blue-peptides-creme-rosee-nuit-effet-lift-50-ml\/","url":"https:\/\/paracherkaoui.ma\/index.php\/produit\/biotherm-blue-peptides-creme-rosee-nuit-effet-lift-50-ml\/","name":"BIOTHERM BLUE PEPTIDES CREME ROSEE NUIT EFFET LIFT 50 ML - Paracherkaoui.ma","isPartOf":{"@id":"https:\/\/paracherkaoui.ma\/#website"},"primaryImageOfPage":{"@id":"https:\/\/paracherkaoui.ma\/index.php\/produit\/biotherm-blue-peptides-creme-rosee-nuit-effet-lift-50-ml\/#primaryimage"},"image":{"@id":"https:\/\/paracherkaoui.ma\/index.php\/produit\/biotherm-blue-peptides-creme-rosee-nuit-effet-lift-50-ml\/#primaryimage"},"thumbnailUrl":"https:\/\/paracherkaoui.ma\/wp-content\/uploads\/2025\/12\/biotherm-biotherm-blue-peptides-creme-rosee-nuit-effet-lift-50-ml-premieres-rides.jpg","datePublished":"2025-12-12T17:19:59+00:00","dateModified":"2025-12-12T17:20:02+00:00","breadcrumb":{"@id":"https:\/\/paracherkaoui.ma\/index.php\/produit\/biotherm-blue-peptides-creme-rosee-nuit-effet-lift-50-ml\/#breadcrumb"},"inLanguage":"fr-FR","potentialAction":[{"@type":"ReadAction","target":["https:\/\/paracherkaoui.ma\/index.php\/produit\/biotherm-blue-peptides-creme-rosee-nuit-effet-lift-50-ml\/"]}]},{"@type":"ImageObject","inLanguage":"fr-FR","@id":"https:\/\/paracherkaoui.ma\/index.php\/produit\/biotherm-blue-peptides-creme-rosee-nuit-effet-lift-50-ml\/#primaryimage","url":"https:\/\/paracherkaoui.ma\/wp-content\/uploads\/2025\/12\/biotherm-biotherm-blue-peptides-creme-rosee-nuit-effet-lift-50-ml-premieres-rides.jpg","contentUrl":"https:\/\/paracherkaoui.ma\/wp-content\/uploads\/2025\/12\/biotherm-biotherm-blue-peptides-creme-rosee-nuit-effet-lift-50-ml-premieres-rides.jpg","width":700,"height":700},{"@type":"BreadcrumbList","@id":"https:\/\/paracherkaoui.ma\/index.php\/produit\/biotherm-blue-peptides-creme-rosee-nuit-effet-lift-50-ml\/#breadcrumb","itemListElement":[{"@type":"ListItem","position":1,"name":"Accueil","item":"https:\/\/paracherkaoui.ma\/"},{"@type":"ListItem","position":2,"name":"Boutique","item":"https:\/\/paracherkaoui.ma\/index.php\/boutique\/"},{"@type":"ListItem","position":3,"name":"BIOTHERM BLUE PEPTIDES CREME ROSEE NUIT EFFET LIFT 50 ML"}]},{"@type":"WebSite","@id":"https:\/\/paracherkaoui.ma\/#website","url":"https:\/\/paracherkaoui.ma\/","name":"Paracherkaoui.ma","description":"Achetez en ligne sur Paracherkaoui.ma","potentialAction":[{"@type":"SearchAction","target":{"@type":"EntryPoint","urlTemplate":"https:\/\/paracherkaoui.ma\/?s={search_term_string}"},"query-input":{"@type":"PropertyValueSpecification","valueRequired":true,"valueName":"search_term_string"}}],"inLanguage":"fr-FR"}]}},"_links":{"self":[{"href":"https:\/\/paracherkaoui.ma\/index.php\/wp-json\/wp\/v2\/product\/24167","targetHints":{"allow":["GET"]}}],"collection":[{"href":"https:\/\/paracherkaoui.ma\/index.php\/wp-json\/wp\/v2\/product"}],"about":[{"href":"https:\/\/paracherkaoui.ma\/index.php\/wp-json\/wp\/v2\/types\/product"}],"replies":[{"embeddable":true,"href":"https:\/\/paracherkaoui.ma\/index.php\/wp-json\/wp\/v2\/comments?post=24167"}],"version-history":[{"count":1,"href":"https:\/\/paracherkaoui.ma\/index.php\/wp-json\/wp\/v2\/product\/24167\/revisions"}],"predecessor-version":[{"id":24207,"href":"https:\/\/paracherkaoui.ma\/index.php\/wp-json\/wp\/v2\/product\/24167\/revisions\/24207"}],"wp:featuredmedia":[{"embeddable":true,"href":"https:\/\/paracherkaoui.ma\/index.php\/wp-json\/wp\/v2\/media\/24206"}],"wp:attachment":[{"href":"https:\/\/paracherkaoui.ma\/index.php\/wp-json\/wp\/v2\/media?parent=24167"}],"wp:term":[{"taxonomy":"product_brand","embeddable":true,"href":"https:\/\/paracherkaoui.ma\/index.php\/wp-json\/wp\/v2\/product_brand?post=24167"},{"taxonomy":"product_cat","embeddable":true,"href":"https:\/\/paracherkaoui.ma\/index.php\/wp-json\/wp\/v2\/product_cat?post=24167"},{"taxonomy":"product_tag","embeddable":true,"href":"https:\/\/paracherkaoui.ma\/index.php\/wp-json\/wp\/v2\/product_tag?post=24167"}],"curies":[{"name":"wp","href":"https:\/\/api.w.org\/{rel}","templated":true}]}}