{"id":24166,"date":"2025-12-12T18:19:59","date_gmt":"2025-12-12T17:19:59","guid":{"rendered":"https:\/\/test.ecbeaute.com\/?post_type=product&#038;p=24166"},"modified":"2025-12-12T18:20:02","modified_gmt":"2025-12-12T17:20:02","slug":"nuxe-nuxuriance-ultra-le-soin-exception-75ml","status":"publish","type":"product","link":"https:\/\/paracherkaoui.ma\/index.php\/produit\/nuxe-nuxuriance-ultra-le-soin-exception-75ml\/","title":{"rendered":"NUXE NUXURIANCE ULTRA LE SOIN EXCEPTION 75ML"},"content":{"rendered":"<p>Imaginez un soin unique qui allie la double puissance d&rsquo;une formule Jour et Nuit pour corriger en profondeur les principaux signes du vieillissement cutan\u00e9. Infus\u00e9 de la TECHNOLOGIE ALFA [3R]\u00a0exclusive de NUXE, ce soin r\u00e9volutionnaire agit au c\u0153ur de vos cellules pour relancer, r\u00e9parer et renouveler votre peau, r\u00e9v\u00e9lant un teint visiblement plus jeune, lisse et \u00e9clatant de vitalit\u00e9.<br \/>\nEnrichi en NIACINAMIDE, un actif hautement efficace aux multiples propri\u00e9t\u00e9s, NUXURIANCE ULTRA LE SOIN EXCEPTION sublime l&rsquo;\u00e9clat naturel de votre peau et unifie le teint, d\u00e9voilant une luminosit\u00e9 intense et une apparence plus jeune. D\u00e8s la premi\u00e8re application, 88% des femmes constatent une peau visiblement plus lisse. En seulement 7 jours, 90% ressentent une peau plus ferme. Et apr\u00e8s 28 jours d&rsquo;utilisation continue, les r\u00e9sultats sont spectaculaires : 87% des femmes observent des rides liss\u00e9es, 100% t\u00e9moignent d&rsquo;une peau plus lumineuse et 90% remarquent un teint plus uniforme.<br \/>\nCe soin anti-\u00e2ge d&rsquo;exception \u00e0 la texture riche et enveloppante est un v\u00e9ritable plaisir \u00e0 appliquer, offrant une exp\u00e9rience sensorielle unique tout en d\u00e9livrant des r\u00e9sultats visibles et durables. Int\u00e9grez NUXE NUXURIANCE ULTRA LE SOIN EXCEPTION \u00e0 votre routine de beaut\u00e9 quotidienne et offrez \u00e0 votre peau le luxe d&rsquo;une r\u00e9g\u00e9n\u00e9ration intense et d&rsquo;une correction globale des signes de l&rsquo;\u00e2ge. R\u00e9v\u00e9lez une peau \u00e9clatante de jeunesse, jour apr\u00e8s jour.<br \/>\nTechnologie Alfa [3R] : [Relance] le renouvellement cellulaire, [R\u00e9duit] les rides, [Redensifie] la peau.<br \/>\nTest d\u2019usage r\u00e9alis\u00e9 sous contr\u00f4le dermatologique sur 20 volontaires. % de satisfaction imm\u00e9diatement apr\u00e8s application. Test d\u2019usage r\u00e9alis\u00e9 sous contr\u00f4le dermatologique sur 20 volontaires. % de satisfaction apr\u00e8s 7 jours d\u2019application. Test d\u2019usage r\u00e9alis\u00e9 sous contr\u00f4le dermatologique sur 20 volontaires. % de satisfaction apr\u00e8s 28 jours d\u2019application.<br \/>\nConseils d&rsquo;utilisation :<br \/>\nApplication matin et soir : Appliquez NUXE NUXURIANCE ULTRA LE SOIN EXCEPTION matin et soir sur le visage, le cou et le d\u00e9collet\u00e9 parfaitement nettoy\u00e9s, apr\u00e8s votre s\u00e9rum habituel.<br \/>\nMouvements ascendants : Faites p\u00e9n\u00e9trer la cr\u00e8me en massant d\u00e9licatement la peau par des mouvements ascendants, du centre vers l&rsquo;ext\u00e9rieur du visage et du bas vers le haut du cou.<br \/>\nComposition :<br \/>\nAQUA\/WATER, COCO-CAPRYLATE, GLYCERIN, GLYCERYL STEARATE CITRATE, BEHENYL ALCOHOL, C10-18 TRIGLYCERIDES, CETEARYL ALCOHOL, NIACINAMIDE, BUTYROSPERMUM PARKII (SHEA) BUTTER, PENTYLENE GLYCOL, SIMMONDSIA CHINENSIS (JOJOBA) SEED OIL, SQUALANE, PARFUM\/FRAGRANCE, MICROCRYSTALLINE CELLULOSE, PERSEA GRATISSIMA (AVOCADO) OIL, SODIUM STEAROYL GLUTAMATE, XANTHAN GUM, ETHYLHEXYLGLYCERIN, 1,2-HEXANEDIOL, CAPRYLYL GLYCOL, HYALURONIC ACID, ROSA CANINA FRUIT OIL, SODIUM GLUCONATE, MEDICAGO SATIVA (ALFALFA) EXTRACT, CELLULOSE GUM, HEMEROCALLIS FULVA EXTRACT, CITRIC ACID, TROPOLONE, TOCOPHEROL, TETRAMETHYL ACETYLOCTAHYDRONAPHTHALENES, LINALOOL, COUMARIN, HYDROXYCITRONELLAL, GERANIOL, CITRONELLOL, ROSE KETONES<\/p>\n","protected":false},"excerpt":{"rendered":"<p>Imaginez un soin unique qui allie la double puissance d&rsquo;une formule Jour et Nuit pour corriger en profondeur les principaux<\/p>\n","protected":false},"featured_media":24204,"comment_status":"open","ping_status":"closed","template":"","meta":[],"product_brand":[230],"product_cat":[496],"product_tag":[],"class_list":{"0":"post-24166","1":"product","2":"type-product","3":"status-publish","4":"has-post-thumbnail","6":"product_brand-nuxe","7":"product_cat-premieres-rides","9":"first","10":"instock","11":"sale","12":"shipping-taxable","13":"purchasable","14":"product-type-simple"},"yoast_head":"<!-- This site is optimized with the Yoast SEO plugin v26.6 - https:\/\/yoast.com\/wordpress\/plugins\/seo\/ -->\r\n<title>NUXE NUXURIANCE ULTRA LE SOIN EXCEPTION 75ML - Paracherkaoui.ma<\/title>\r\n<meta name=\"robots\" content=\"index, follow, max-snippet:-1, max-image-preview:large, max-video-preview:-1\" \/>\r\n<link rel=\"canonical\" href=\"https:\/\/paracherkaoui.ma\/index.php\/produit\/nuxe-nuxuriance-ultra-le-soin-exception-75ml\/\" \/>\r\n<meta property=\"og:locale\" content=\"fr_FR\" \/>\r\n<meta property=\"og:type\" content=\"article\" \/>\r\n<meta property=\"og:title\" content=\"NUXE NUXURIANCE ULTRA LE SOIN EXCEPTION 75ML - Paracherkaoui.ma\" \/>\r\n<meta property=\"og:description\" content=\"Imaginez un soin unique qui allie la double puissance d&rsquo;une formule Jour et Nuit pour corriger en profondeur les principaux\" \/>\r\n<meta property=\"og:url\" content=\"https:\/\/paracherkaoui.ma\/index.php\/produit\/nuxe-nuxuriance-ultra-le-soin-exception-75ml\/\" \/>\r\n<meta property=\"og:site_name\" content=\"Paracherkaoui.ma\" \/>\r\n<meta property=\"article:modified_time\" content=\"2025-12-12T17:20:02+00:00\" \/>\r\n<meta property=\"og:image\" content=\"https:\/\/paracherkaoui.ma\/wp-content\/uploads\/2025\/12\/nuxe-nuxe-nuxuriance-ultra-le-soin-exception-75ml-premieres-rides.jpg\" \/>\r\n\t<meta property=\"og:image:width\" content=\"700\" \/>\r\n\t<meta property=\"og:image:height\" content=\"700\" \/>\r\n\t<meta property=\"og:image:type\" content=\"image\/jpeg\" \/>\r\n<meta name=\"twitter:card\" content=\"summary_large_image\" \/>\r\n<meta name=\"twitter:label1\" content=\"Dur\u00e9e de lecture estim\u00e9e\" \/>\n\t<meta name=\"twitter:data1\" content=\"2 minutes\" \/>\r\n<script type=\"application\/ld+json\" class=\"yoast-schema-graph\">{\"@context\":\"https:\/\/schema.org\",\"@graph\":[{\"@type\":\"WebPage\",\"@id\":\"https:\/\/paracherkaoui.ma\/index.php\/produit\/nuxe-nuxuriance-ultra-le-soin-exception-75ml\/\",\"url\":\"https:\/\/paracherkaoui.ma\/index.php\/produit\/nuxe-nuxuriance-ultra-le-soin-exception-75ml\/\",\"name\":\"NUXE NUXURIANCE ULTRA LE SOIN EXCEPTION 75ML - Paracherkaoui.ma\",\"isPartOf\":{\"@id\":\"https:\/\/paracherkaoui.ma\/#website\"},\"primaryImageOfPage\":{\"@id\":\"https:\/\/paracherkaoui.ma\/index.php\/produit\/nuxe-nuxuriance-ultra-le-soin-exception-75ml\/#primaryimage\"},\"image\":{\"@id\":\"https:\/\/paracherkaoui.ma\/index.php\/produit\/nuxe-nuxuriance-ultra-le-soin-exception-75ml\/#primaryimage\"},\"thumbnailUrl\":\"https:\/\/paracherkaoui.ma\/wp-content\/uploads\/2025\/12\/nuxe-nuxe-nuxuriance-ultra-le-soin-exception-75ml-premieres-rides.jpg\",\"datePublished\":\"2025-12-12T17:19:59+00:00\",\"dateModified\":\"2025-12-12T17:20:02+00:00\",\"breadcrumb\":{\"@id\":\"https:\/\/paracherkaoui.ma\/index.php\/produit\/nuxe-nuxuriance-ultra-le-soin-exception-75ml\/#breadcrumb\"},\"inLanguage\":\"fr-FR\",\"potentialAction\":[{\"@type\":\"ReadAction\",\"target\":[\"https:\/\/paracherkaoui.ma\/index.php\/produit\/nuxe-nuxuriance-ultra-le-soin-exception-75ml\/\"]}]},{\"@type\":\"ImageObject\",\"inLanguage\":\"fr-FR\",\"@id\":\"https:\/\/paracherkaoui.ma\/index.php\/produit\/nuxe-nuxuriance-ultra-le-soin-exception-75ml\/#primaryimage\",\"url\":\"https:\/\/paracherkaoui.ma\/wp-content\/uploads\/2025\/12\/nuxe-nuxe-nuxuriance-ultra-le-soin-exception-75ml-premieres-rides.jpg\",\"contentUrl\":\"https:\/\/paracherkaoui.ma\/wp-content\/uploads\/2025\/12\/nuxe-nuxe-nuxuriance-ultra-le-soin-exception-75ml-premieres-rides.jpg\",\"width\":700,\"height\":700},{\"@type\":\"BreadcrumbList\",\"@id\":\"https:\/\/paracherkaoui.ma\/index.php\/produit\/nuxe-nuxuriance-ultra-le-soin-exception-75ml\/#breadcrumb\",\"itemListElement\":[{\"@type\":\"ListItem\",\"position\":1,\"name\":\"Accueil\",\"item\":\"https:\/\/paracherkaoui.ma\/\"},{\"@type\":\"ListItem\",\"position\":2,\"name\":\"Boutique\",\"item\":\"https:\/\/paracherkaoui.ma\/index.php\/boutique\/\"},{\"@type\":\"ListItem\",\"position\":3,\"name\":\"NUXE NUXURIANCE ULTRA LE SOIN EXCEPTION 75ML\"}]},{\"@type\":\"WebSite\",\"@id\":\"https:\/\/paracherkaoui.ma\/#website\",\"url\":\"https:\/\/paracherkaoui.ma\/\",\"name\":\"Paracherkaoui.ma\",\"description\":\"Achetez en ligne sur Paracherkaoui.ma\",\"potentialAction\":[{\"@type\":\"SearchAction\",\"target\":{\"@type\":\"EntryPoint\",\"urlTemplate\":\"https:\/\/paracherkaoui.ma\/?s={search_term_string}\"},\"query-input\":{\"@type\":\"PropertyValueSpecification\",\"valueRequired\":true,\"valueName\":\"search_term_string\"}}],\"inLanguage\":\"fr-FR\"}]}<\/script>\r\n<!-- \/ Yoast SEO plugin. -->","yoast_head_json":{"title":"NUXE NUXURIANCE ULTRA LE SOIN EXCEPTION 75ML - Paracherkaoui.ma","robots":{"index":"index","follow":"follow","max-snippet":"max-snippet:-1","max-image-preview":"max-image-preview:large","max-video-preview":"max-video-preview:-1"},"canonical":"https:\/\/paracherkaoui.ma\/index.php\/produit\/nuxe-nuxuriance-ultra-le-soin-exception-75ml\/","og_locale":"fr_FR","og_type":"article","og_title":"NUXE NUXURIANCE ULTRA LE SOIN EXCEPTION 75ML - Paracherkaoui.ma","og_description":"Imaginez un soin unique qui allie la double puissance d&rsquo;une formule Jour et Nuit pour corriger en profondeur les principaux","og_url":"https:\/\/paracherkaoui.ma\/index.php\/produit\/nuxe-nuxuriance-ultra-le-soin-exception-75ml\/","og_site_name":"Paracherkaoui.ma","article_modified_time":"2025-12-12T17:20:02+00:00","og_image":[{"width":700,"height":700,"url":"https:\/\/paracherkaoui.ma\/wp-content\/uploads\/2025\/12\/nuxe-nuxe-nuxuriance-ultra-le-soin-exception-75ml-premieres-rides.jpg","type":"image\/jpeg"}],"twitter_card":"summary_large_image","twitter_misc":{"Dur\u00e9e de lecture estim\u00e9e":"2 minutes"},"schema":{"@context":"https:\/\/schema.org","@graph":[{"@type":"WebPage","@id":"https:\/\/paracherkaoui.ma\/index.php\/produit\/nuxe-nuxuriance-ultra-le-soin-exception-75ml\/","url":"https:\/\/paracherkaoui.ma\/index.php\/produit\/nuxe-nuxuriance-ultra-le-soin-exception-75ml\/","name":"NUXE NUXURIANCE ULTRA LE SOIN EXCEPTION 75ML - Paracherkaoui.ma","isPartOf":{"@id":"https:\/\/paracherkaoui.ma\/#website"},"primaryImageOfPage":{"@id":"https:\/\/paracherkaoui.ma\/index.php\/produit\/nuxe-nuxuriance-ultra-le-soin-exception-75ml\/#primaryimage"},"image":{"@id":"https:\/\/paracherkaoui.ma\/index.php\/produit\/nuxe-nuxuriance-ultra-le-soin-exception-75ml\/#primaryimage"},"thumbnailUrl":"https:\/\/paracherkaoui.ma\/wp-content\/uploads\/2025\/12\/nuxe-nuxe-nuxuriance-ultra-le-soin-exception-75ml-premieres-rides.jpg","datePublished":"2025-12-12T17:19:59+00:00","dateModified":"2025-12-12T17:20:02+00:00","breadcrumb":{"@id":"https:\/\/paracherkaoui.ma\/index.php\/produit\/nuxe-nuxuriance-ultra-le-soin-exception-75ml\/#breadcrumb"},"inLanguage":"fr-FR","potentialAction":[{"@type":"ReadAction","target":["https:\/\/paracherkaoui.ma\/index.php\/produit\/nuxe-nuxuriance-ultra-le-soin-exception-75ml\/"]}]},{"@type":"ImageObject","inLanguage":"fr-FR","@id":"https:\/\/paracherkaoui.ma\/index.php\/produit\/nuxe-nuxuriance-ultra-le-soin-exception-75ml\/#primaryimage","url":"https:\/\/paracherkaoui.ma\/wp-content\/uploads\/2025\/12\/nuxe-nuxe-nuxuriance-ultra-le-soin-exception-75ml-premieres-rides.jpg","contentUrl":"https:\/\/paracherkaoui.ma\/wp-content\/uploads\/2025\/12\/nuxe-nuxe-nuxuriance-ultra-le-soin-exception-75ml-premieres-rides.jpg","width":700,"height":700},{"@type":"BreadcrumbList","@id":"https:\/\/paracherkaoui.ma\/index.php\/produit\/nuxe-nuxuriance-ultra-le-soin-exception-75ml\/#breadcrumb","itemListElement":[{"@type":"ListItem","position":1,"name":"Accueil","item":"https:\/\/paracherkaoui.ma\/"},{"@type":"ListItem","position":2,"name":"Boutique","item":"https:\/\/paracherkaoui.ma\/index.php\/boutique\/"},{"@type":"ListItem","position":3,"name":"NUXE NUXURIANCE ULTRA LE SOIN EXCEPTION 75ML"}]},{"@type":"WebSite","@id":"https:\/\/paracherkaoui.ma\/#website","url":"https:\/\/paracherkaoui.ma\/","name":"Paracherkaoui.ma","description":"Achetez en ligne sur Paracherkaoui.ma","potentialAction":[{"@type":"SearchAction","target":{"@type":"EntryPoint","urlTemplate":"https:\/\/paracherkaoui.ma\/?s={search_term_string}"},"query-input":{"@type":"PropertyValueSpecification","valueRequired":true,"valueName":"search_term_string"}}],"inLanguage":"fr-FR"}]}},"_links":{"self":[{"href":"https:\/\/paracherkaoui.ma\/index.php\/wp-json\/wp\/v2\/product\/24166","targetHints":{"allow":["GET"]}}],"collection":[{"href":"https:\/\/paracherkaoui.ma\/index.php\/wp-json\/wp\/v2\/product"}],"about":[{"href":"https:\/\/paracherkaoui.ma\/index.php\/wp-json\/wp\/v2\/types\/product"}],"replies":[{"embeddable":true,"href":"https:\/\/paracherkaoui.ma\/index.php\/wp-json\/wp\/v2\/comments?post=24166"}],"version-history":[{"count":1,"href":"https:\/\/paracherkaoui.ma\/index.php\/wp-json\/wp\/v2\/product\/24166\/revisions"}],"predecessor-version":[{"id":24205,"href":"https:\/\/paracherkaoui.ma\/index.php\/wp-json\/wp\/v2\/product\/24166\/revisions\/24205"}],"wp:featuredmedia":[{"embeddable":true,"href":"https:\/\/paracherkaoui.ma\/index.php\/wp-json\/wp\/v2\/media\/24204"}],"wp:attachment":[{"href":"https:\/\/paracherkaoui.ma\/index.php\/wp-json\/wp\/v2\/media?parent=24166"}],"wp:term":[{"taxonomy":"product_brand","embeddable":true,"href":"https:\/\/paracherkaoui.ma\/index.php\/wp-json\/wp\/v2\/product_brand?post=24166"},{"taxonomy":"product_cat","embeddable":true,"href":"https:\/\/paracherkaoui.ma\/index.php\/wp-json\/wp\/v2\/product_cat?post=24166"},{"taxonomy":"product_tag","embeddable":true,"href":"https:\/\/paracherkaoui.ma\/index.php\/wp-json\/wp\/v2\/product_tag?post=24166"}],"curies":[{"name":"wp","href":"https:\/\/api.w.org\/{rel}","templated":true}]}}