{"id":24096,"date":"2025-12-12T18:19:52","date_gmt":"2025-12-12T17:19:52","guid":{"rendered":"https:\/\/test.ecbeaute.com\/?post_type=product&#038;p=24096"},"modified":"2025-12-12T18:19:57","modified_gmt":"2025-12-12T17:19:57","slug":"nuhanciam-creme-eclat-unifiante-50ml","status":"publish","type":"product","link":"https:\/\/paracherkaoui.ma\/index.php\/produit\/nuhanciam-creme-eclat-unifiante-50ml\/","title":{"rendered":"NUHANCIAM CREME ECLAT UNIFIANTE 50ML"},"content":{"rendered":"<p>La texture enveloppante, douce et onctueuse de ce soin appliqu\u00e9 matin et soir se faufile dans l\u2019\u00e9piderme et ne laisse sur la peau qu\u2019un film confortable, non collant et parfaitement mat.<br \/>\nCe produit contient 95% d&rsquo;ingr\u00e9dients d&rsquo;origine naturelle.<br \/>\nConseils d&rsquo;utilisation :<br \/>\nAppliquer matin et soir sur l&rsquo;ensemble du visage et du cou propres. Faire p\u00e9n\u00e9trer par un massage d\u00e9licat. La texture enveloppante, douce et onctueuse de ce soin laisse un film confortable sans \u00eatre collant, parfaitement mat, qui facilite le maquillage<br \/>\nComposition :<br \/>\nAQUA (WATER), MACADAMIA INTEGRIFOLIA SEED OIL, CAPRYLIC\/CAPRIC TRIGLYCERIDE, SQUALANE, CETEARYL ALCOHOL, GLYCERIN, BUTYROSPERMUM PARKII (SHEA) BUTTER, ARACHIDYL ALCOHOL, IMPERATA CYLINDRICA ROOT EXTRACT, PASSIFLORA EDULIS SEED OIL, SODIUM PCA, PENTYLENE GLYCOL, ORYZA SATIVA (RICE) BRAN OIL, BEHENYL ALCOHOL, CETEARYL GLUCOSIDE, POTASSIUM CETYL PHOSPHATE, DIMETHICONE, ARACHIDYL GLUCOSIDE, HYDROXYACETOPHENONE, BISABOLOL, XANTHAN GUM, CHLORPHENESIN, EUTERPE OLERACEA FRUIT OIL, TOCOPHEROL, ORBIGNYA OLEIFERA SEED OIL, PARFUM (FRAGRANCE), SODIUM HYALURONATE, SODIUM PHYTATE, GLYCINE SOJA (SOYBEAN) OIL, CAPRYLYL GLYCOL, CARBOMER, SODIUM CITRATE, SODIUM HYDROXIDE, ACRYLATES\/C10-30 ALKYL ACRYLATE CROSSPOLYMER, CITRIC ACID, ALCOHOL, BIOTIN, LINALYL ACETATE, TERPINEOL, GERANYL ACETATE, POGOSTEMON CABLIN OIL, JUNIPERUS VIRGINIANA OIL.<\/p>\n","protected":false},"excerpt":{"rendered":"<p>La texture enveloppante, douce et onctueuse de ce soin appliqu\u00e9 matin et soir se faufile dans l\u2019\u00e9piderme et ne laisse<\/p>\n","protected":false},"featured_media":24150,"comment_status":"open","ping_status":"closed","template":"","meta":[],"product_brand":[311],"product_cat":[496],"product_tag":[],"class_list":{"0":"post-24096","1":"product","2":"type-product","3":"status-publish","4":"has-post-thumbnail","6":"product_brand-nuhanciam","7":"product_cat-premieres-rides","9":"first","10":"instock","11":"sale","12":"shipping-taxable","13":"purchasable","14":"product-type-simple"},"yoast_head":"<!-- This site is optimized with the Yoast SEO plugin v26.6 - https:\/\/yoast.com\/wordpress\/plugins\/seo\/ -->\r\n<title>NUHANCIAM CREME ECLAT UNIFIANTE 50ML - Paracherkaoui.ma<\/title>\r\n<meta name=\"robots\" content=\"index, follow, max-snippet:-1, max-image-preview:large, max-video-preview:-1\" \/>\r\n<link rel=\"canonical\" href=\"https:\/\/paracherkaoui.ma\/index.php\/produit\/nuhanciam-creme-eclat-unifiante-50ml\/\" \/>\r\n<meta property=\"og:locale\" content=\"fr_FR\" \/>\r\n<meta property=\"og:type\" content=\"article\" \/>\r\n<meta property=\"og:title\" content=\"NUHANCIAM CREME ECLAT UNIFIANTE 50ML - Paracherkaoui.ma\" \/>\r\n<meta property=\"og:description\" content=\"La texture enveloppante, douce et onctueuse de ce soin appliqu\u00e9 matin et soir se faufile dans l\u2019\u00e9piderme et ne laisse\" \/>\r\n<meta property=\"og:url\" content=\"https:\/\/paracherkaoui.ma\/index.php\/produit\/nuhanciam-creme-eclat-unifiante-50ml\/\" \/>\r\n<meta property=\"og:site_name\" content=\"Paracherkaoui.ma\" \/>\r\n<meta property=\"article:modified_time\" content=\"2025-12-12T17:19:57+00:00\" \/>\r\n<meta property=\"og:image\" content=\"https:\/\/paracherkaoui.ma\/wp-content\/uploads\/2025\/12\/nuhanciam-creme-eclat-unifiante-50ml.jpg\" \/>\r\n\t<meta property=\"og:image:width\" content=\"700\" \/>\r\n\t<meta property=\"og:image:height\" content=\"700\" \/>\r\n\t<meta property=\"og:image:type\" content=\"image\/jpeg\" \/>\r\n<meta name=\"twitter:card\" content=\"summary_large_image\" \/>\r\n<meta name=\"twitter:label1\" content=\"Dur\u00e9e de lecture estim\u00e9e\" \/>\n\t<meta name=\"twitter:data1\" content=\"1 minute\" \/>\r\n<script type=\"application\/ld+json\" class=\"yoast-schema-graph\">{\"@context\":\"https:\/\/schema.org\",\"@graph\":[{\"@type\":\"WebPage\",\"@id\":\"https:\/\/paracherkaoui.ma\/index.php\/produit\/nuhanciam-creme-eclat-unifiante-50ml\/\",\"url\":\"https:\/\/paracherkaoui.ma\/index.php\/produit\/nuhanciam-creme-eclat-unifiante-50ml\/\",\"name\":\"NUHANCIAM CREME ECLAT UNIFIANTE 50ML - Paracherkaoui.ma\",\"isPartOf\":{\"@id\":\"https:\/\/paracherkaoui.ma\/#website\"},\"primaryImageOfPage\":{\"@id\":\"https:\/\/paracherkaoui.ma\/index.php\/produit\/nuhanciam-creme-eclat-unifiante-50ml\/#primaryimage\"},\"image\":{\"@id\":\"https:\/\/paracherkaoui.ma\/index.php\/produit\/nuhanciam-creme-eclat-unifiante-50ml\/#primaryimage\"},\"thumbnailUrl\":\"https:\/\/paracherkaoui.ma\/wp-content\/uploads\/2025\/12\/nuhanciam-creme-eclat-unifiante-50ml.jpg\",\"datePublished\":\"2025-12-12T17:19:52+00:00\",\"dateModified\":\"2025-12-12T17:19:57+00:00\",\"breadcrumb\":{\"@id\":\"https:\/\/paracherkaoui.ma\/index.php\/produit\/nuhanciam-creme-eclat-unifiante-50ml\/#breadcrumb\"},\"inLanguage\":\"fr-FR\",\"potentialAction\":[{\"@type\":\"ReadAction\",\"target\":[\"https:\/\/paracherkaoui.ma\/index.php\/produit\/nuhanciam-creme-eclat-unifiante-50ml\/\"]}]},{\"@type\":\"ImageObject\",\"inLanguage\":\"fr-FR\",\"@id\":\"https:\/\/paracherkaoui.ma\/index.php\/produit\/nuhanciam-creme-eclat-unifiante-50ml\/#primaryimage\",\"url\":\"https:\/\/paracherkaoui.ma\/wp-content\/uploads\/2025\/12\/nuhanciam-creme-eclat-unifiante-50ml.jpg\",\"contentUrl\":\"https:\/\/paracherkaoui.ma\/wp-content\/uploads\/2025\/12\/nuhanciam-creme-eclat-unifiante-50ml.jpg\",\"width\":700,\"height\":700},{\"@type\":\"BreadcrumbList\",\"@id\":\"https:\/\/paracherkaoui.ma\/index.php\/produit\/nuhanciam-creme-eclat-unifiante-50ml\/#breadcrumb\",\"itemListElement\":[{\"@type\":\"ListItem\",\"position\":1,\"name\":\"Accueil\",\"item\":\"https:\/\/paracherkaoui.ma\/\"},{\"@type\":\"ListItem\",\"position\":2,\"name\":\"Boutique\",\"item\":\"https:\/\/paracherkaoui.ma\/index.php\/boutique\/\"},{\"@type\":\"ListItem\",\"position\":3,\"name\":\"NUHANCIAM CREME ECLAT UNIFIANTE 50ML\"}]},{\"@type\":\"WebSite\",\"@id\":\"https:\/\/paracherkaoui.ma\/#website\",\"url\":\"https:\/\/paracherkaoui.ma\/\",\"name\":\"Paracherkaoui.ma\",\"description\":\"Achetez en ligne sur Paracherkaoui.ma\",\"potentialAction\":[{\"@type\":\"SearchAction\",\"target\":{\"@type\":\"EntryPoint\",\"urlTemplate\":\"https:\/\/paracherkaoui.ma\/?s={search_term_string}\"},\"query-input\":{\"@type\":\"PropertyValueSpecification\",\"valueRequired\":true,\"valueName\":\"search_term_string\"}}],\"inLanguage\":\"fr-FR\"}]}<\/script>\r\n<!-- \/ Yoast SEO plugin. -->","yoast_head_json":{"title":"NUHANCIAM CREME ECLAT UNIFIANTE 50ML - Paracherkaoui.ma","robots":{"index":"index","follow":"follow","max-snippet":"max-snippet:-1","max-image-preview":"max-image-preview:large","max-video-preview":"max-video-preview:-1"},"canonical":"https:\/\/paracherkaoui.ma\/index.php\/produit\/nuhanciam-creme-eclat-unifiante-50ml\/","og_locale":"fr_FR","og_type":"article","og_title":"NUHANCIAM CREME ECLAT UNIFIANTE 50ML - Paracherkaoui.ma","og_description":"La texture enveloppante, douce et onctueuse de ce soin appliqu\u00e9 matin et soir se faufile dans l\u2019\u00e9piderme et ne laisse","og_url":"https:\/\/paracherkaoui.ma\/index.php\/produit\/nuhanciam-creme-eclat-unifiante-50ml\/","og_site_name":"Paracherkaoui.ma","article_modified_time":"2025-12-12T17:19:57+00:00","og_image":[{"width":700,"height":700,"url":"https:\/\/paracherkaoui.ma\/wp-content\/uploads\/2025\/12\/nuhanciam-creme-eclat-unifiante-50ml.jpg","type":"image\/jpeg"}],"twitter_card":"summary_large_image","twitter_misc":{"Dur\u00e9e de lecture estim\u00e9e":"1 minute"},"schema":{"@context":"https:\/\/schema.org","@graph":[{"@type":"WebPage","@id":"https:\/\/paracherkaoui.ma\/index.php\/produit\/nuhanciam-creme-eclat-unifiante-50ml\/","url":"https:\/\/paracherkaoui.ma\/index.php\/produit\/nuhanciam-creme-eclat-unifiante-50ml\/","name":"NUHANCIAM CREME ECLAT UNIFIANTE 50ML - Paracherkaoui.ma","isPartOf":{"@id":"https:\/\/paracherkaoui.ma\/#website"},"primaryImageOfPage":{"@id":"https:\/\/paracherkaoui.ma\/index.php\/produit\/nuhanciam-creme-eclat-unifiante-50ml\/#primaryimage"},"image":{"@id":"https:\/\/paracherkaoui.ma\/index.php\/produit\/nuhanciam-creme-eclat-unifiante-50ml\/#primaryimage"},"thumbnailUrl":"https:\/\/paracherkaoui.ma\/wp-content\/uploads\/2025\/12\/nuhanciam-creme-eclat-unifiante-50ml.jpg","datePublished":"2025-12-12T17:19:52+00:00","dateModified":"2025-12-12T17:19:57+00:00","breadcrumb":{"@id":"https:\/\/paracherkaoui.ma\/index.php\/produit\/nuhanciam-creme-eclat-unifiante-50ml\/#breadcrumb"},"inLanguage":"fr-FR","potentialAction":[{"@type":"ReadAction","target":["https:\/\/paracherkaoui.ma\/index.php\/produit\/nuhanciam-creme-eclat-unifiante-50ml\/"]}]},{"@type":"ImageObject","inLanguage":"fr-FR","@id":"https:\/\/paracherkaoui.ma\/index.php\/produit\/nuhanciam-creme-eclat-unifiante-50ml\/#primaryimage","url":"https:\/\/paracherkaoui.ma\/wp-content\/uploads\/2025\/12\/nuhanciam-creme-eclat-unifiante-50ml.jpg","contentUrl":"https:\/\/paracherkaoui.ma\/wp-content\/uploads\/2025\/12\/nuhanciam-creme-eclat-unifiante-50ml.jpg","width":700,"height":700},{"@type":"BreadcrumbList","@id":"https:\/\/paracherkaoui.ma\/index.php\/produit\/nuhanciam-creme-eclat-unifiante-50ml\/#breadcrumb","itemListElement":[{"@type":"ListItem","position":1,"name":"Accueil","item":"https:\/\/paracherkaoui.ma\/"},{"@type":"ListItem","position":2,"name":"Boutique","item":"https:\/\/paracherkaoui.ma\/index.php\/boutique\/"},{"@type":"ListItem","position":3,"name":"NUHANCIAM CREME ECLAT UNIFIANTE 50ML"}]},{"@type":"WebSite","@id":"https:\/\/paracherkaoui.ma\/#website","url":"https:\/\/paracherkaoui.ma\/","name":"Paracherkaoui.ma","description":"Achetez en ligne sur Paracherkaoui.ma","potentialAction":[{"@type":"SearchAction","target":{"@type":"EntryPoint","urlTemplate":"https:\/\/paracherkaoui.ma\/?s={search_term_string}"},"query-input":{"@type":"PropertyValueSpecification","valueRequired":true,"valueName":"search_term_string"}}],"inLanguage":"fr-FR"}]}},"_links":{"self":[{"href":"https:\/\/paracherkaoui.ma\/index.php\/wp-json\/wp\/v2\/product\/24096","targetHints":{"allow":["GET"]}}],"collection":[{"href":"https:\/\/paracherkaoui.ma\/index.php\/wp-json\/wp\/v2\/product"}],"about":[{"href":"https:\/\/paracherkaoui.ma\/index.php\/wp-json\/wp\/v2\/types\/product"}],"replies":[{"embeddable":true,"href":"https:\/\/paracherkaoui.ma\/index.php\/wp-json\/wp\/v2\/comments?post=24096"}],"version-history":[{"count":1,"href":"https:\/\/paracherkaoui.ma\/index.php\/wp-json\/wp\/v2\/product\/24096\/revisions"}],"predecessor-version":[{"id":24151,"href":"https:\/\/paracherkaoui.ma\/index.php\/wp-json\/wp\/v2\/product\/24096\/revisions\/24151"}],"wp:featuredmedia":[{"embeddable":true,"href":"https:\/\/paracherkaoui.ma\/index.php\/wp-json\/wp\/v2\/media\/24150"}],"wp:attachment":[{"href":"https:\/\/paracherkaoui.ma\/index.php\/wp-json\/wp\/v2\/media?parent=24096"}],"wp:term":[{"taxonomy":"product_brand","embeddable":true,"href":"https:\/\/paracherkaoui.ma\/index.php\/wp-json\/wp\/v2\/product_brand?post=24096"},{"taxonomy":"product_cat","embeddable":true,"href":"https:\/\/paracherkaoui.ma\/index.php\/wp-json\/wp\/v2\/product_cat?post=24096"},{"taxonomy":"product_tag","embeddable":true,"href":"https:\/\/paracherkaoui.ma\/index.php\/wp-json\/wp\/v2\/product_tag?post=24096"}],"curies":[{"name":"wp","href":"https:\/\/api.w.org\/{rel}","templated":true}]}}