{"id":24091,"date":"2025-12-12T18:19:52","date_gmt":"2025-12-12T17:19:52","guid":{"rendered":"https:\/\/test.ecbeaute.com\/?post_type=product&#038;p=24091"},"modified":"2025-12-12T18:19:57","modified_gmt":"2025-12-12T17:19:57","slug":"phyteane-creme-hydratante-48h-anti-age-peau-normale-a-seche-50-ml-2","status":"publish","type":"product","link":"https:\/\/paracherkaoui.ma\/index.php\/produit\/phyteane-creme-hydratante-48h-anti-age-peau-normale-a-seche-50-ml-2\/","title":{"rendered":"PHYTEANE CREME HYDRATANTE 48H ANTI AGE PEAU NORMALE A SECHE 50 ML"},"content":{"rendered":"<p>Gr\u00e2ce \u00e0 ses complexes anti-\u00e2ge, la Cr\u00e8me Hydratante PHYTEANE contribue \u00e0 att\u00e9nuer les signes visibles du vieillissement comme les ridules et les rides. Elle favorise la r\u00e9g\u00e9n\u00e9ration cellulaire, raffermissant la peau tout en renfor\u00e7ant sa barri\u00e8re naturelle contre les agressions ext\u00e9rieures. Sa texture cr\u00e9meuse et douce glisse d\u00e9licatement sur la peau, procurant un fini lisse et velout\u00e9 sans effet gras. Avec une application quotidienne, elle nourrit en profondeur, r\u00e9tablit l\u2019\u00e9quilibre lipidique et laisse la peau souple, douce et lumineuse, visiblement rajeunie.<br \/>\nComposition<br \/>\nCollag\u00e8ne,\u00a0Pentavitine,\u00a0Aloe Vera,\u00a0Vitamine B5,\u00a0Beurre de karit\u00e9,\u00a0Acide st\u00e9arique,\u00a0Vitamine E<br \/>\nConseils d&rsquo;utilisation<br \/>\nPour un effet optimal, appliquez la cr\u00e8me une \u00e0 deux fois par jour sur le visage et le cou bien nettoy\u00e9s, en effectuant de l\u00e9gers massages circulaires pour favoriser l\u2019absorption. Utilis\u00e9e matin et soir, cette routine permet \u00e0 la peau de conserver une hydratation durable de 48 heures et de maintenir une barri\u00e8re protectrice contre le vieillissement pr\u00e9matur\u00e9.<\/p>\n","protected":false},"excerpt":{"rendered":"<p>Gr\u00e2ce \u00e0 ses complexes anti-\u00e2ge, la Cr\u00e8me Hydratante PHYTEANE contribue \u00e0 att\u00e9nuer les signes visibles du vieillissement comme les ridules<\/p>\n","protected":false},"featured_media":23373,"comment_status":"open","ping_status":"closed","template":"","meta":[],"product_brand":[424],"product_cat":[496],"product_tag":[],"class_list":{"0":"post-24091","1":"product","2":"type-product","3":"status-publish","4":"has-post-thumbnail","6":"product_brand-phyteane","7":"product_cat-premieres-rides","9":"first","10":"instock","11":"sale","12":"shipping-taxable","13":"purchasable","14":"product-type-simple"},"yoast_head":"<!-- This site is optimized with the Yoast SEO plugin v26.6 - https:\/\/yoast.com\/wordpress\/plugins\/seo\/ -->\r\n<title>PHYTEANE CREME HYDRATANTE 48H ANTI AGE PEAU NORMALE A SECHE 50 ML - Paracherkaoui.ma<\/title>\r\n<meta name=\"robots\" content=\"index, follow, max-snippet:-1, max-image-preview:large, max-video-preview:-1\" \/>\r\n<link rel=\"canonical\" href=\"https:\/\/paracherkaoui.ma\/index.php\/produit\/phyteane-creme-hydratante-48h-anti-age-peau-normale-a-seche-50-ml-2\/\" \/>\r\n<meta property=\"og:locale\" content=\"fr_FR\" \/>\r\n<meta property=\"og:type\" content=\"article\" \/>\r\n<meta property=\"og:title\" content=\"PHYTEANE CREME HYDRATANTE 48H ANTI AGE PEAU NORMALE A SECHE 50 ML - Paracherkaoui.ma\" \/>\r\n<meta property=\"og:description\" content=\"Gr\u00e2ce \u00e0 ses complexes anti-\u00e2ge, la Cr\u00e8me Hydratante PHYTEANE contribue \u00e0 att\u00e9nuer les signes visibles du vieillissement comme les ridules\" \/>\r\n<meta property=\"og:url\" content=\"https:\/\/paracherkaoui.ma\/index.php\/produit\/phyteane-creme-hydratante-48h-anti-age-peau-normale-a-seche-50-ml-2\/\" \/>\r\n<meta property=\"og:site_name\" content=\"Paracherkaoui.ma\" \/>\r\n<meta property=\"article:modified_time\" content=\"2025-12-12T17:19:57+00:00\" \/>\r\n<meta property=\"og:image\" content=\"https:\/\/paracherkaoui.ma\/wp-content\/uploads\/2025\/12\/phyteane-phyteane-creme-hydratante-48h-anti-age-peau-normale-a-seche-50-ml-soins-hydratants.jpg\" \/>\r\n\t<meta property=\"og:image:width\" content=\"700\" \/>\r\n\t<meta property=\"og:image:height\" content=\"700\" \/>\r\n\t<meta property=\"og:image:type\" content=\"image\/jpeg\" \/>\r\n<meta name=\"twitter:card\" content=\"summary_large_image\" \/>\r\n<meta name=\"twitter:label1\" content=\"Dur\u00e9e de lecture estim\u00e9e\" \/>\n\t<meta name=\"twitter:data1\" content=\"1 minute\" \/>\r\n<script type=\"application\/ld+json\" class=\"yoast-schema-graph\">{\"@context\":\"https:\/\/schema.org\",\"@graph\":[{\"@type\":\"WebPage\",\"@id\":\"https:\/\/paracherkaoui.ma\/index.php\/produit\/phyteane-creme-hydratante-48h-anti-age-peau-normale-a-seche-50-ml-2\/\",\"url\":\"https:\/\/paracherkaoui.ma\/index.php\/produit\/phyteane-creme-hydratante-48h-anti-age-peau-normale-a-seche-50-ml-2\/\",\"name\":\"PHYTEANE CREME HYDRATANTE 48H ANTI AGE PEAU NORMALE A SECHE 50 ML - Paracherkaoui.ma\",\"isPartOf\":{\"@id\":\"https:\/\/paracherkaoui.ma\/#website\"},\"primaryImageOfPage\":{\"@id\":\"https:\/\/paracherkaoui.ma\/index.php\/produit\/phyteane-creme-hydratante-48h-anti-age-peau-normale-a-seche-50-ml-2\/#primaryimage\"},\"image\":{\"@id\":\"https:\/\/paracherkaoui.ma\/index.php\/produit\/phyteane-creme-hydratante-48h-anti-age-peau-normale-a-seche-50-ml-2\/#primaryimage\"},\"thumbnailUrl\":\"https:\/\/paracherkaoui.ma\/wp-content\/uploads\/2025\/12\/phyteane-phyteane-creme-hydratante-48h-anti-age-peau-normale-a-seche-50-ml-soins-hydratants.jpg\",\"datePublished\":\"2025-12-12T17:19:52+00:00\",\"dateModified\":\"2025-12-12T17:19:57+00:00\",\"breadcrumb\":{\"@id\":\"https:\/\/paracherkaoui.ma\/index.php\/produit\/phyteane-creme-hydratante-48h-anti-age-peau-normale-a-seche-50-ml-2\/#breadcrumb\"},\"inLanguage\":\"fr-FR\",\"potentialAction\":[{\"@type\":\"ReadAction\",\"target\":[\"https:\/\/paracherkaoui.ma\/index.php\/produit\/phyteane-creme-hydratante-48h-anti-age-peau-normale-a-seche-50-ml-2\/\"]}]},{\"@type\":\"ImageObject\",\"inLanguage\":\"fr-FR\",\"@id\":\"https:\/\/paracherkaoui.ma\/index.php\/produit\/phyteane-creme-hydratante-48h-anti-age-peau-normale-a-seche-50-ml-2\/#primaryimage\",\"url\":\"https:\/\/paracherkaoui.ma\/wp-content\/uploads\/2025\/12\/phyteane-phyteane-creme-hydratante-48h-anti-age-peau-normale-a-seche-50-ml-soins-hydratants.jpg\",\"contentUrl\":\"https:\/\/paracherkaoui.ma\/wp-content\/uploads\/2025\/12\/phyteane-phyteane-creme-hydratante-48h-anti-age-peau-normale-a-seche-50-ml-soins-hydratants.jpg\",\"width\":700,\"height\":700},{\"@type\":\"BreadcrumbList\",\"@id\":\"https:\/\/paracherkaoui.ma\/index.php\/produit\/phyteane-creme-hydratante-48h-anti-age-peau-normale-a-seche-50-ml-2\/#breadcrumb\",\"itemListElement\":[{\"@type\":\"ListItem\",\"position\":1,\"name\":\"Accueil\",\"item\":\"https:\/\/paracherkaoui.ma\/\"},{\"@type\":\"ListItem\",\"position\":2,\"name\":\"Boutique\",\"item\":\"https:\/\/paracherkaoui.ma\/index.php\/boutique\/\"},{\"@type\":\"ListItem\",\"position\":3,\"name\":\"PHYTEANE CREME HYDRATANTE 48H ANTI AGE PEAU NORMALE A SECHE 50 ML\"}]},{\"@type\":\"WebSite\",\"@id\":\"https:\/\/paracherkaoui.ma\/#website\",\"url\":\"https:\/\/paracherkaoui.ma\/\",\"name\":\"Paracherkaoui.ma\",\"description\":\"Achetez en ligne sur Paracherkaoui.ma\",\"potentialAction\":[{\"@type\":\"SearchAction\",\"target\":{\"@type\":\"EntryPoint\",\"urlTemplate\":\"https:\/\/paracherkaoui.ma\/?s={search_term_string}\"},\"query-input\":{\"@type\":\"PropertyValueSpecification\",\"valueRequired\":true,\"valueName\":\"search_term_string\"}}],\"inLanguage\":\"fr-FR\"}]}<\/script>\r\n<!-- \/ Yoast SEO plugin. -->","yoast_head_json":{"title":"PHYTEANE CREME HYDRATANTE 48H ANTI AGE PEAU NORMALE A SECHE 50 ML - Paracherkaoui.ma","robots":{"index":"index","follow":"follow","max-snippet":"max-snippet:-1","max-image-preview":"max-image-preview:large","max-video-preview":"max-video-preview:-1"},"canonical":"https:\/\/paracherkaoui.ma\/index.php\/produit\/phyteane-creme-hydratante-48h-anti-age-peau-normale-a-seche-50-ml-2\/","og_locale":"fr_FR","og_type":"article","og_title":"PHYTEANE CREME HYDRATANTE 48H ANTI AGE PEAU NORMALE A SECHE 50 ML - Paracherkaoui.ma","og_description":"Gr\u00e2ce \u00e0 ses complexes anti-\u00e2ge, la Cr\u00e8me Hydratante PHYTEANE contribue \u00e0 att\u00e9nuer les signes visibles du vieillissement comme les ridules","og_url":"https:\/\/paracherkaoui.ma\/index.php\/produit\/phyteane-creme-hydratante-48h-anti-age-peau-normale-a-seche-50-ml-2\/","og_site_name":"Paracherkaoui.ma","article_modified_time":"2025-12-12T17:19:57+00:00","og_image":[{"width":700,"height":700,"url":"https:\/\/paracherkaoui.ma\/wp-content\/uploads\/2025\/12\/phyteane-phyteane-creme-hydratante-48h-anti-age-peau-normale-a-seche-50-ml-soins-hydratants.jpg","type":"image\/jpeg"}],"twitter_card":"summary_large_image","twitter_misc":{"Dur\u00e9e de lecture estim\u00e9e":"1 minute"},"schema":{"@context":"https:\/\/schema.org","@graph":[{"@type":"WebPage","@id":"https:\/\/paracherkaoui.ma\/index.php\/produit\/phyteane-creme-hydratante-48h-anti-age-peau-normale-a-seche-50-ml-2\/","url":"https:\/\/paracherkaoui.ma\/index.php\/produit\/phyteane-creme-hydratante-48h-anti-age-peau-normale-a-seche-50-ml-2\/","name":"PHYTEANE CREME HYDRATANTE 48H ANTI AGE PEAU NORMALE A SECHE 50 ML - Paracherkaoui.ma","isPartOf":{"@id":"https:\/\/paracherkaoui.ma\/#website"},"primaryImageOfPage":{"@id":"https:\/\/paracherkaoui.ma\/index.php\/produit\/phyteane-creme-hydratante-48h-anti-age-peau-normale-a-seche-50-ml-2\/#primaryimage"},"image":{"@id":"https:\/\/paracherkaoui.ma\/index.php\/produit\/phyteane-creme-hydratante-48h-anti-age-peau-normale-a-seche-50-ml-2\/#primaryimage"},"thumbnailUrl":"https:\/\/paracherkaoui.ma\/wp-content\/uploads\/2025\/12\/phyteane-phyteane-creme-hydratante-48h-anti-age-peau-normale-a-seche-50-ml-soins-hydratants.jpg","datePublished":"2025-12-12T17:19:52+00:00","dateModified":"2025-12-12T17:19:57+00:00","breadcrumb":{"@id":"https:\/\/paracherkaoui.ma\/index.php\/produit\/phyteane-creme-hydratante-48h-anti-age-peau-normale-a-seche-50-ml-2\/#breadcrumb"},"inLanguage":"fr-FR","potentialAction":[{"@type":"ReadAction","target":["https:\/\/paracherkaoui.ma\/index.php\/produit\/phyteane-creme-hydratante-48h-anti-age-peau-normale-a-seche-50-ml-2\/"]}]},{"@type":"ImageObject","inLanguage":"fr-FR","@id":"https:\/\/paracherkaoui.ma\/index.php\/produit\/phyteane-creme-hydratante-48h-anti-age-peau-normale-a-seche-50-ml-2\/#primaryimage","url":"https:\/\/paracherkaoui.ma\/wp-content\/uploads\/2025\/12\/phyteane-phyteane-creme-hydratante-48h-anti-age-peau-normale-a-seche-50-ml-soins-hydratants.jpg","contentUrl":"https:\/\/paracherkaoui.ma\/wp-content\/uploads\/2025\/12\/phyteane-phyteane-creme-hydratante-48h-anti-age-peau-normale-a-seche-50-ml-soins-hydratants.jpg","width":700,"height":700},{"@type":"BreadcrumbList","@id":"https:\/\/paracherkaoui.ma\/index.php\/produit\/phyteane-creme-hydratante-48h-anti-age-peau-normale-a-seche-50-ml-2\/#breadcrumb","itemListElement":[{"@type":"ListItem","position":1,"name":"Accueil","item":"https:\/\/paracherkaoui.ma\/"},{"@type":"ListItem","position":2,"name":"Boutique","item":"https:\/\/paracherkaoui.ma\/index.php\/boutique\/"},{"@type":"ListItem","position":3,"name":"PHYTEANE CREME HYDRATANTE 48H ANTI AGE PEAU NORMALE A SECHE 50 ML"}]},{"@type":"WebSite","@id":"https:\/\/paracherkaoui.ma\/#website","url":"https:\/\/paracherkaoui.ma\/","name":"Paracherkaoui.ma","description":"Achetez en ligne sur Paracherkaoui.ma","potentialAction":[{"@type":"SearchAction","target":{"@type":"EntryPoint","urlTemplate":"https:\/\/paracherkaoui.ma\/?s={search_term_string}"},"query-input":{"@type":"PropertyValueSpecification","valueRequired":true,"valueName":"search_term_string"}}],"inLanguage":"fr-FR"}]}},"_links":{"self":[{"href":"https:\/\/paracherkaoui.ma\/index.php\/wp-json\/wp\/v2\/product\/24091","targetHints":{"allow":["GET"]}}],"collection":[{"href":"https:\/\/paracherkaoui.ma\/index.php\/wp-json\/wp\/v2\/product"}],"about":[{"href":"https:\/\/paracherkaoui.ma\/index.php\/wp-json\/wp\/v2\/types\/product"}],"replies":[{"embeddable":true,"href":"https:\/\/paracherkaoui.ma\/index.php\/wp-json\/wp\/v2\/comments?post=24091"}],"version-history":[{"count":1,"href":"https:\/\/paracherkaoui.ma\/index.php\/wp-json\/wp\/v2\/product\/24091\/revisions"}],"predecessor-version":[{"id":24141,"href":"https:\/\/paracherkaoui.ma\/index.php\/wp-json\/wp\/v2\/product\/24091\/revisions\/24141"}],"wp:featuredmedia":[{"embeddable":true,"href":"https:\/\/paracherkaoui.ma\/index.php\/wp-json\/wp\/v2\/media\/23373"}],"wp:attachment":[{"href":"https:\/\/paracherkaoui.ma\/index.php\/wp-json\/wp\/v2\/media?parent=24091"}],"wp:term":[{"taxonomy":"product_brand","embeddable":true,"href":"https:\/\/paracherkaoui.ma\/index.php\/wp-json\/wp\/v2\/product_brand?post=24091"},{"taxonomy":"product_cat","embeddable":true,"href":"https:\/\/paracherkaoui.ma\/index.php\/wp-json\/wp\/v2\/product_cat?post=24091"},{"taxonomy":"product_tag","embeddable":true,"href":"https:\/\/paracherkaoui.ma\/index.php\/wp-json\/wp\/v2\/product_tag?post=24091"}],"curies":[{"name":"wp","href":"https:\/\/api.w.org\/{rel}","templated":true}]}}