{"id":24086,"date":"2025-12-12T18:19:51","date_gmt":"2025-12-12T17:19:51","guid":{"rendered":"https:\/\/test.ecbeaute.com\/?post_type=product&#038;p=24086"},"modified":"2025-12-12T18:19:56","modified_gmt":"2025-12-12T17:19:56","slug":"onagrine-global-expertise-serum-botanique-liftant-30-ml","status":"publish","type":"product","link":"https:\/\/paracherkaoui.ma\/index.php\/produit\/onagrine-global-expertise-serum-botanique-liftant-30-ml\/","title":{"rendered":"ONAGRINE GLOBAL EXPERTISE SERUM BOTANIQUE LIFTANT 30 ML"},"content":{"rendered":"<p>Con\u00e7u pour soutenir, prot\u00e9ger et stimuler la peau face au vieillissement, ce s\u00e9rum ultra concentr\u00e9 et performant d\u00e9livre une action anti-\u00e2ge globale rapide.<br \/>\nFleur de Kangourou australienne, microalgue bleue, Lotus des Neiges de l\u2019Himalaya\u2026 Les abondantes plantes actives sourc\u00e9es aux 4 coins du monde par la Recherche Onagrine insufflent leur force et corrigent l\u2019ensemble des signes de l\u2019\u00e2ge : \u00e9clat raviv\u00e9, peau densifi\u00e9e et raffermie, effet tenseur, rides liss\u00e9es\u2026<br \/>\nR\u00e9hydrat\u00e9e\u00a0et plus ferme gr\u00e2ce \u00e0 l\u2019acide hyaluronique v\u00e9g\u00e9tal de 2 poids mol\u00e9culaires, la peau est imm\u00e9diatement repulp\u00e9e.<br \/>\nSous les doigts, sa texture gel-cr\u00e8me incroyablement douce glisse sur la peau.<br \/>\nSon parfum \u2013 une cr\u00e9ation Pierre Guillaume \u2013 refl\u00e8te une f\u00e9minit\u00e9 rayonnante : une Mandarine rouge colore de son exquise p\u00e9tillance le bois vert et sucr\u00e9 d\u2019Hinoki.<br \/>\nConseils d&rsquo;utilisatiojn:<br \/>\nAppliquer matin et soir sur le visage, cou et d\u00e9collet\u00e9.<\/p>\n","protected":false},"excerpt":{"rendered":"<p>Con\u00e7u pour soutenir, prot\u00e9ger et stimuler la peau face au vieillissement, ce s\u00e9rum ultra concentr\u00e9 et performant d\u00e9livre une action<\/p>\n","protected":false},"featured_media":24131,"comment_status":"open","ping_status":"closed","template":"","meta":[],"product_brand":[396],"product_cat":[496],"product_tag":[],"class_list":{"0":"post-24086","1":"product","2":"type-product","3":"status-publish","4":"has-post-thumbnail","6":"product_brand-onagrine","7":"product_cat-premieres-rides","9":"first","10":"instock","11":"sale","12":"shipping-taxable","13":"purchasable","14":"product-type-simple"},"yoast_head":"<!-- This site is optimized with the Yoast SEO plugin v26.6 - https:\/\/yoast.com\/wordpress\/plugins\/seo\/ -->\r\n<title>ONAGRINE GLOBAL EXPERTISE SERUM BOTANIQUE LIFTANT 30 ML - Paracherkaoui.ma<\/title>\r\n<meta name=\"robots\" content=\"index, follow, max-snippet:-1, max-image-preview:large, max-video-preview:-1\" \/>\r\n<link rel=\"canonical\" href=\"https:\/\/paracherkaoui.ma\/index.php\/produit\/onagrine-global-expertise-serum-botanique-liftant-30-ml\/\" \/>\r\n<meta property=\"og:locale\" content=\"fr_FR\" \/>\r\n<meta property=\"og:type\" content=\"article\" \/>\r\n<meta property=\"og:title\" content=\"ONAGRINE GLOBAL EXPERTISE SERUM BOTANIQUE LIFTANT 30 ML - Paracherkaoui.ma\" \/>\r\n<meta property=\"og:description\" content=\"Con\u00e7u pour soutenir, prot\u00e9ger et stimuler la peau face au vieillissement, ce s\u00e9rum ultra concentr\u00e9 et performant d\u00e9livre une action\" \/>\r\n<meta property=\"og:url\" content=\"https:\/\/paracherkaoui.ma\/index.php\/produit\/onagrine-global-expertise-serum-botanique-liftant-30-ml\/\" \/>\r\n<meta property=\"og:site_name\" content=\"Paracherkaoui.ma\" \/>\r\n<meta property=\"article:modified_time\" content=\"2025-12-12T17:19:56+00:00\" \/>\r\n<meta property=\"og:image\" content=\"https:\/\/paracherkaoui.ma\/wp-content\/uploads\/2025\/12\/onagrine-onagrine-global-expertise-serum-botanique-liftant-30-ml-premieres-rides.jpg\" \/>\r\n\t<meta property=\"og:image:width\" content=\"700\" \/>\r\n\t<meta property=\"og:image:height\" content=\"700\" \/>\r\n\t<meta property=\"og:image:type\" content=\"image\/jpeg\" \/>\r\n<meta name=\"twitter:card\" content=\"summary_large_image\" \/>\r\n<meta name=\"twitter:label1\" content=\"Dur\u00e9e de lecture estim\u00e9e\" \/>\n\t<meta name=\"twitter:data1\" content=\"1 minute\" \/>\r\n<script type=\"application\/ld+json\" class=\"yoast-schema-graph\">{\"@context\":\"https:\/\/schema.org\",\"@graph\":[{\"@type\":\"WebPage\",\"@id\":\"https:\/\/paracherkaoui.ma\/index.php\/produit\/onagrine-global-expertise-serum-botanique-liftant-30-ml\/\",\"url\":\"https:\/\/paracherkaoui.ma\/index.php\/produit\/onagrine-global-expertise-serum-botanique-liftant-30-ml\/\",\"name\":\"ONAGRINE GLOBAL EXPERTISE SERUM BOTANIQUE LIFTANT 30 ML - Paracherkaoui.ma\",\"isPartOf\":{\"@id\":\"https:\/\/paracherkaoui.ma\/#website\"},\"primaryImageOfPage\":{\"@id\":\"https:\/\/paracherkaoui.ma\/index.php\/produit\/onagrine-global-expertise-serum-botanique-liftant-30-ml\/#primaryimage\"},\"image\":{\"@id\":\"https:\/\/paracherkaoui.ma\/index.php\/produit\/onagrine-global-expertise-serum-botanique-liftant-30-ml\/#primaryimage\"},\"thumbnailUrl\":\"https:\/\/paracherkaoui.ma\/wp-content\/uploads\/2025\/12\/onagrine-onagrine-global-expertise-serum-botanique-liftant-30-ml-premieres-rides.jpg\",\"datePublished\":\"2025-12-12T17:19:51+00:00\",\"dateModified\":\"2025-12-12T17:19:56+00:00\",\"breadcrumb\":{\"@id\":\"https:\/\/paracherkaoui.ma\/index.php\/produit\/onagrine-global-expertise-serum-botanique-liftant-30-ml\/#breadcrumb\"},\"inLanguage\":\"fr-FR\",\"potentialAction\":[{\"@type\":\"ReadAction\",\"target\":[\"https:\/\/paracherkaoui.ma\/index.php\/produit\/onagrine-global-expertise-serum-botanique-liftant-30-ml\/\"]}]},{\"@type\":\"ImageObject\",\"inLanguage\":\"fr-FR\",\"@id\":\"https:\/\/paracherkaoui.ma\/index.php\/produit\/onagrine-global-expertise-serum-botanique-liftant-30-ml\/#primaryimage\",\"url\":\"https:\/\/paracherkaoui.ma\/wp-content\/uploads\/2025\/12\/onagrine-onagrine-global-expertise-serum-botanique-liftant-30-ml-premieres-rides.jpg\",\"contentUrl\":\"https:\/\/paracherkaoui.ma\/wp-content\/uploads\/2025\/12\/onagrine-onagrine-global-expertise-serum-botanique-liftant-30-ml-premieres-rides.jpg\",\"width\":700,\"height\":700},{\"@type\":\"BreadcrumbList\",\"@id\":\"https:\/\/paracherkaoui.ma\/index.php\/produit\/onagrine-global-expertise-serum-botanique-liftant-30-ml\/#breadcrumb\",\"itemListElement\":[{\"@type\":\"ListItem\",\"position\":1,\"name\":\"Accueil\",\"item\":\"https:\/\/paracherkaoui.ma\/\"},{\"@type\":\"ListItem\",\"position\":2,\"name\":\"Boutique\",\"item\":\"https:\/\/paracherkaoui.ma\/index.php\/boutique\/\"},{\"@type\":\"ListItem\",\"position\":3,\"name\":\"ONAGRINE GLOBAL EXPERTISE SERUM BOTANIQUE LIFTANT 30 ML\"}]},{\"@type\":\"WebSite\",\"@id\":\"https:\/\/paracherkaoui.ma\/#website\",\"url\":\"https:\/\/paracherkaoui.ma\/\",\"name\":\"Paracherkaoui.ma\",\"description\":\"Achetez en ligne sur Paracherkaoui.ma\",\"potentialAction\":[{\"@type\":\"SearchAction\",\"target\":{\"@type\":\"EntryPoint\",\"urlTemplate\":\"https:\/\/paracherkaoui.ma\/?s={search_term_string}\"},\"query-input\":{\"@type\":\"PropertyValueSpecification\",\"valueRequired\":true,\"valueName\":\"search_term_string\"}}],\"inLanguage\":\"fr-FR\"}]}<\/script>\r\n<!-- \/ Yoast SEO plugin. -->","yoast_head_json":{"title":"ONAGRINE GLOBAL EXPERTISE SERUM BOTANIQUE LIFTANT 30 ML - Paracherkaoui.ma","robots":{"index":"index","follow":"follow","max-snippet":"max-snippet:-1","max-image-preview":"max-image-preview:large","max-video-preview":"max-video-preview:-1"},"canonical":"https:\/\/paracherkaoui.ma\/index.php\/produit\/onagrine-global-expertise-serum-botanique-liftant-30-ml\/","og_locale":"fr_FR","og_type":"article","og_title":"ONAGRINE GLOBAL EXPERTISE SERUM BOTANIQUE LIFTANT 30 ML - Paracherkaoui.ma","og_description":"Con\u00e7u pour soutenir, prot\u00e9ger et stimuler la peau face au vieillissement, ce s\u00e9rum ultra concentr\u00e9 et performant d\u00e9livre une action","og_url":"https:\/\/paracherkaoui.ma\/index.php\/produit\/onagrine-global-expertise-serum-botanique-liftant-30-ml\/","og_site_name":"Paracherkaoui.ma","article_modified_time":"2025-12-12T17:19:56+00:00","og_image":[{"width":700,"height":700,"url":"https:\/\/paracherkaoui.ma\/wp-content\/uploads\/2025\/12\/onagrine-onagrine-global-expertise-serum-botanique-liftant-30-ml-premieres-rides.jpg","type":"image\/jpeg"}],"twitter_card":"summary_large_image","twitter_misc":{"Dur\u00e9e de lecture estim\u00e9e":"1 minute"},"schema":{"@context":"https:\/\/schema.org","@graph":[{"@type":"WebPage","@id":"https:\/\/paracherkaoui.ma\/index.php\/produit\/onagrine-global-expertise-serum-botanique-liftant-30-ml\/","url":"https:\/\/paracherkaoui.ma\/index.php\/produit\/onagrine-global-expertise-serum-botanique-liftant-30-ml\/","name":"ONAGRINE GLOBAL EXPERTISE SERUM BOTANIQUE LIFTANT 30 ML - Paracherkaoui.ma","isPartOf":{"@id":"https:\/\/paracherkaoui.ma\/#website"},"primaryImageOfPage":{"@id":"https:\/\/paracherkaoui.ma\/index.php\/produit\/onagrine-global-expertise-serum-botanique-liftant-30-ml\/#primaryimage"},"image":{"@id":"https:\/\/paracherkaoui.ma\/index.php\/produit\/onagrine-global-expertise-serum-botanique-liftant-30-ml\/#primaryimage"},"thumbnailUrl":"https:\/\/paracherkaoui.ma\/wp-content\/uploads\/2025\/12\/onagrine-onagrine-global-expertise-serum-botanique-liftant-30-ml-premieres-rides.jpg","datePublished":"2025-12-12T17:19:51+00:00","dateModified":"2025-12-12T17:19:56+00:00","breadcrumb":{"@id":"https:\/\/paracherkaoui.ma\/index.php\/produit\/onagrine-global-expertise-serum-botanique-liftant-30-ml\/#breadcrumb"},"inLanguage":"fr-FR","potentialAction":[{"@type":"ReadAction","target":["https:\/\/paracherkaoui.ma\/index.php\/produit\/onagrine-global-expertise-serum-botanique-liftant-30-ml\/"]}]},{"@type":"ImageObject","inLanguage":"fr-FR","@id":"https:\/\/paracherkaoui.ma\/index.php\/produit\/onagrine-global-expertise-serum-botanique-liftant-30-ml\/#primaryimage","url":"https:\/\/paracherkaoui.ma\/wp-content\/uploads\/2025\/12\/onagrine-onagrine-global-expertise-serum-botanique-liftant-30-ml-premieres-rides.jpg","contentUrl":"https:\/\/paracherkaoui.ma\/wp-content\/uploads\/2025\/12\/onagrine-onagrine-global-expertise-serum-botanique-liftant-30-ml-premieres-rides.jpg","width":700,"height":700},{"@type":"BreadcrumbList","@id":"https:\/\/paracherkaoui.ma\/index.php\/produit\/onagrine-global-expertise-serum-botanique-liftant-30-ml\/#breadcrumb","itemListElement":[{"@type":"ListItem","position":1,"name":"Accueil","item":"https:\/\/paracherkaoui.ma\/"},{"@type":"ListItem","position":2,"name":"Boutique","item":"https:\/\/paracherkaoui.ma\/index.php\/boutique\/"},{"@type":"ListItem","position":3,"name":"ONAGRINE GLOBAL EXPERTISE SERUM BOTANIQUE LIFTANT 30 ML"}]},{"@type":"WebSite","@id":"https:\/\/paracherkaoui.ma\/#website","url":"https:\/\/paracherkaoui.ma\/","name":"Paracherkaoui.ma","description":"Achetez en ligne sur Paracherkaoui.ma","potentialAction":[{"@type":"SearchAction","target":{"@type":"EntryPoint","urlTemplate":"https:\/\/paracherkaoui.ma\/?s={search_term_string}"},"query-input":{"@type":"PropertyValueSpecification","valueRequired":true,"valueName":"search_term_string"}}],"inLanguage":"fr-FR"}]}},"_links":{"self":[{"href":"https:\/\/paracherkaoui.ma\/index.php\/wp-json\/wp\/v2\/product\/24086","targetHints":{"allow":["GET"]}}],"collection":[{"href":"https:\/\/paracherkaoui.ma\/index.php\/wp-json\/wp\/v2\/product"}],"about":[{"href":"https:\/\/paracherkaoui.ma\/index.php\/wp-json\/wp\/v2\/types\/product"}],"replies":[{"embeddable":true,"href":"https:\/\/paracherkaoui.ma\/index.php\/wp-json\/wp\/v2\/comments?post=24086"}],"version-history":[{"count":1,"href":"https:\/\/paracherkaoui.ma\/index.php\/wp-json\/wp\/v2\/product\/24086\/revisions"}],"predecessor-version":[{"id":24132,"href":"https:\/\/paracherkaoui.ma\/index.php\/wp-json\/wp\/v2\/product\/24086\/revisions\/24132"}],"wp:featuredmedia":[{"embeddable":true,"href":"https:\/\/paracherkaoui.ma\/index.php\/wp-json\/wp\/v2\/media\/24131"}],"wp:attachment":[{"href":"https:\/\/paracherkaoui.ma\/index.php\/wp-json\/wp\/v2\/media?parent=24086"}],"wp:term":[{"taxonomy":"product_brand","embeddable":true,"href":"https:\/\/paracherkaoui.ma\/index.php\/wp-json\/wp\/v2\/product_brand?post=24086"},{"taxonomy":"product_cat","embeddable":true,"href":"https:\/\/paracherkaoui.ma\/index.php\/wp-json\/wp\/v2\/product_cat?post=24086"},{"taxonomy":"product_tag","embeddable":true,"href":"https:\/\/paracherkaoui.ma\/index.php\/wp-json\/wp\/v2\/product_tag?post=24086"}],"curies":[{"name":"wp","href":"https:\/\/api.w.org\/{rel}","templated":true}]}}