{"id":24072,"date":"2025-12-12T18:19:50","date_gmt":"2025-12-12T17:19:50","guid":{"rendered":"https:\/\/test.ecbeaute.com\/?post_type=product&#038;p=24072"},"modified":"2025-12-12T18:19:53","modified_gmt":"2025-12-12T17:19:53","slug":"nuxe-nuxuriance-ultra-la-creme-anti-age-global-50-ml","status":"publish","type":"product","link":"https:\/\/paracherkaoui.ma\/index.php\/produit\/nuxe-nuxuriance-ultra-la-creme-anti-age-global-50-ml\/","title":{"rendered":"NUXE NUXURIANCE ULTRA LA CREME ANTI AGE GLOBAL 50 ML"},"content":{"rendered":"<p>L&rsquo;ANTI-\u00c2GE GLOBAL PLUS EFFICACE QUE LE RETINOL \u207d\u00b9\u207e<br \/>\nCette cr\u00e8me anti-\u00e2ge global corrige visiblement les principaux signes de l&rsquo;\u00e2ge.<br \/>\nLa TECHNOLOGIE ALFA [3R]* permet de [R]evitaliser, [R]\u00e9g\u00e9n\u00e9rer et [R]esurfacer la peau.\u00a0Instantan\u00e9ment, la peau est tonifi\u00e9e, liss\u00e9e, comme repulp\u00e9e.<br \/>\nD\u00e8s 1 mois :<br \/>\n&#8211; Les traits du visage sont comme retendus pour 90% des femmes.<br \/>\n&#8211; Les rides semblent liss\u00e9es pour 76% des femmes.<br \/>\n&#8211; La peau est plus ferme pour 96% des femmes.<br \/>\nUne efficacit\u00e9 anti-\u00e2ge global alli\u00e9e \u00e0 une sensorialit\u00e9 unique gr\u00e2ce \u00e0 son parfum f\u00e9minin moderne et \u00e9l\u00e9gant. Sa texture universelle convient \u00e0 tous types de peaux.<br \/>\nCONSEILS D&rsquo;UTILISATION :<br \/>\nPr\u00e9levez une bonne noisette de cr\u00e8me de jour, faites-la chauffer entre vos mains, puis appliquez-la sur votre visage avec vos deux mains \u00e0 plat, toujours du centre vers l&rsquo;ext\u00e9rieur (en \u00e9vitant le contour des yeux). N&rsquo;h\u00e9sitez pas \u00e0 en faire profiter aussi votre cou et votre d\u00e9collet\u00e9.<\/p>\n","protected":false},"excerpt":{"rendered":"<p>L&rsquo;ANTI-\u00c2GE GLOBAL PLUS EFFICACE QUE LE RETINOL \u207d\u00b9\u207e Cette cr\u00e8me anti-\u00e2ge global corrige visiblement les principaux signes de l&rsquo;\u00e2ge. La<\/p>\n","protected":false},"featured_media":24105,"comment_status":"open","ping_status":"closed","template":"","meta":[],"product_brand":[230],"product_cat":[496],"product_tag":[],"class_list":{"0":"post-24072","1":"product","2":"type-product","3":"status-publish","4":"has-post-thumbnail","6":"product_brand-nuxe","7":"product_cat-premieres-rides","9":"first","10":"instock","11":"sale","12":"shipping-taxable","13":"purchasable","14":"product-type-simple"},"yoast_head":"<!-- This site is optimized with the Yoast SEO plugin v26.6 - https:\/\/yoast.com\/wordpress\/plugins\/seo\/ -->\r\n<title>NUXE NUXURIANCE ULTRA LA CREME ANTI AGE GLOBAL 50 ML - Paracherkaoui.ma<\/title>\r\n<meta name=\"robots\" content=\"index, follow, max-snippet:-1, max-image-preview:large, max-video-preview:-1\" \/>\r\n<link rel=\"canonical\" href=\"https:\/\/paracherkaoui.ma\/index.php\/produit\/nuxe-nuxuriance-ultra-la-creme-anti-age-global-50-ml\/\" \/>\r\n<meta property=\"og:locale\" content=\"fr_FR\" \/>\r\n<meta property=\"og:type\" content=\"article\" \/>\r\n<meta property=\"og:title\" content=\"NUXE NUXURIANCE ULTRA LA CREME ANTI AGE GLOBAL 50 ML - Paracherkaoui.ma\" \/>\r\n<meta property=\"og:description\" content=\"L&rsquo;ANTI-\u00c2GE GLOBAL PLUS EFFICACE QUE LE RETINOL \u207d\u00b9\u207e Cette cr\u00e8me anti-\u00e2ge global corrige visiblement les principaux signes de l&rsquo;\u00e2ge. La\" \/>\r\n<meta property=\"og:url\" content=\"https:\/\/paracherkaoui.ma\/index.php\/produit\/nuxe-nuxuriance-ultra-la-creme-anti-age-global-50-ml\/\" \/>\r\n<meta property=\"og:site_name\" content=\"Paracherkaoui.ma\" \/>\r\n<meta property=\"article:modified_time\" content=\"2025-12-12T17:19:53+00:00\" \/>\r\n<meta property=\"og:image\" content=\"https:\/\/paracherkaoui.ma\/wp-content\/uploads\/2025\/12\/nuxe-nuxe-nuxuriance-ultra-la-creme-anti-age-global-50-ml-premieres-rides.jpg\" \/>\r\n\t<meta property=\"og:image:width\" content=\"700\" \/>\r\n\t<meta property=\"og:image:height\" content=\"700\" \/>\r\n\t<meta property=\"og:image:type\" content=\"image\/jpeg\" \/>\r\n<meta name=\"twitter:card\" content=\"summary_large_image\" \/>\r\n<meta name=\"twitter:label1\" content=\"Dur\u00e9e de lecture estim\u00e9e\" \/>\n\t<meta name=\"twitter:data1\" content=\"1 minute\" \/>\r\n<script type=\"application\/ld+json\" class=\"yoast-schema-graph\">{\"@context\":\"https:\/\/schema.org\",\"@graph\":[{\"@type\":\"WebPage\",\"@id\":\"https:\/\/paracherkaoui.ma\/index.php\/produit\/nuxe-nuxuriance-ultra-la-creme-anti-age-global-50-ml\/\",\"url\":\"https:\/\/paracherkaoui.ma\/index.php\/produit\/nuxe-nuxuriance-ultra-la-creme-anti-age-global-50-ml\/\",\"name\":\"NUXE NUXURIANCE ULTRA LA CREME ANTI AGE GLOBAL 50 ML - Paracherkaoui.ma\",\"isPartOf\":{\"@id\":\"https:\/\/paracherkaoui.ma\/#website\"},\"primaryImageOfPage\":{\"@id\":\"https:\/\/paracherkaoui.ma\/index.php\/produit\/nuxe-nuxuriance-ultra-la-creme-anti-age-global-50-ml\/#primaryimage\"},\"image\":{\"@id\":\"https:\/\/paracherkaoui.ma\/index.php\/produit\/nuxe-nuxuriance-ultra-la-creme-anti-age-global-50-ml\/#primaryimage\"},\"thumbnailUrl\":\"https:\/\/paracherkaoui.ma\/wp-content\/uploads\/2025\/12\/nuxe-nuxe-nuxuriance-ultra-la-creme-anti-age-global-50-ml-premieres-rides.jpg\",\"datePublished\":\"2025-12-12T17:19:50+00:00\",\"dateModified\":\"2025-12-12T17:19:53+00:00\",\"breadcrumb\":{\"@id\":\"https:\/\/paracherkaoui.ma\/index.php\/produit\/nuxe-nuxuriance-ultra-la-creme-anti-age-global-50-ml\/#breadcrumb\"},\"inLanguage\":\"fr-FR\",\"potentialAction\":[{\"@type\":\"ReadAction\",\"target\":[\"https:\/\/paracherkaoui.ma\/index.php\/produit\/nuxe-nuxuriance-ultra-la-creme-anti-age-global-50-ml\/\"]}]},{\"@type\":\"ImageObject\",\"inLanguage\":\"fr-FR\",\"@id\":\"https:\/\/paracherkaoui.ma\/index.php\/produit\/nuxe-nuxuriance-ultra-la-creme-anti-age-global-50-ml\/#primaryimage\",\"url\":\"https:\/\/paracherkaoui.ma\/wp-content\/uploads\/2025\/12\/nuxe-nuxe-nuxuriance-ultra-la-creme-anti-age-global-50-ml-premieres-rides.jpg\",\"contentUrl\":\"https:\/\/paracherkaoui.ma\/wp-content\/uploads\/2025\/12\/nuxe-nuxe-nuxuriance-ultra-la-creme-anti-age-global-50-ml-premieres-rides.jpg\",\"width\":700,\"height\":700},{\"@type\":\"BreadcrumbList\",\"@id\":\"https:\/\/paracherkaoui.ma\/index.php\/produit\/nuxe-nuxuriance-ultra-la-creme-anti-age-global-50-ml\/#breadcrumb\",\"itemListElement\":[{\"@type\":\"ListItem\",\"position\":1,\"name\":\"Accueil\",\"item\":\"https:\/\/paracherkaoui.ma\/\"},{\"@type\":\"ListItem\",\"position\":2,\"name\":\"Boutique\",\"item\":\"https:\/\/paracherkaoui.ma\/index.php\/boutique\/\"},{\"@type\":\"ListItem\",\"position\":3,\"name\":\"NUXE NUXURIANCE ULTRA LA CREME ANTI AGE GLOBAL 50 ML\"}]},{\"@type\":\"WebSite\",\"@id\":\"https:\/\/paracherkaoui.ma\/#website\",\"url\":\"https:\/\/paracherkaoui.ma\/\",\"name\":\"Paracherkaoui.ma\",\"description\":\"Achetez en ligne sur Paracherkaoui.ma\",\"potentialAction\":[{\"@type\":\"SearchAction\",\"target\":{\"@type\":\"EntryPoint\",\"urlTemplate\":\"https:\/\/paracherkaoui.ma\/?s={search_term_string}\"},\"query-input\":{\"@type\":\"PropertyValueSpecification\",\"valueRequired\":true,\"valueName\":\"search_term_string\"}}],\"inLanguage\":\"fr-FR\"}]}<\/script>\r\n<!-- \/ Yoast SEO plugin. -->","yoast_head_json":{"title":"NUXE NUXURIANCE ULTRA LA CREME ANTI AGE GLOBAL 50 ML - Paracherkaoui.ma","robots":{"index":"index","follow":"follow","max-snippet":"max-snippet:-1","max-image-preview":"max-image-preview:large","max-video-preview":"max-video-preview:-1"},"canonical":"https:\/\/paracherkaoui.ma\/index.php\/produit\/nuxe-nuxuriance-ultra-la-creme-anti-age-global-50-ml\/","og_locale":"fr_FR","og_type":"article","og_title":"NUXE NUXURIANCE ULTRA LA CREME ANTI AGE GLOBAL 50 ML - Paracherkaoui.ma","og_description":"L&rsquo;ANTI-\u00c2GE GLOBAL PLUS EFFICACE QUE LE RETINOL \u207d\u00b9\u207e Cette cr\u00e8me anti-\u00e2ge global corrige visiblement les principaux signes de l&rsquo;\u00e2ge. La","og_url":"https:\/\/paracherkaoui.ma\/index.php\/produit\/nuxe-nuxuriance-ultra-la-creme-anti-age-global-50-ml\/","og_site_name":"Paracherkaoui.ma","article_modified_time":"2025-12-12T17:19:53+00:00","og_image":[{"width":700,"height":700,"url":"https:\/\/paracherkaoui.ma\/wp-content\/uploads\/2025\/12\/nuxe-nuxe-nuxuriance-ultra-la-creme-anti-age-global-50-ml-premieres-rides.jpg","type":"image\/jpeg"}],"twitter_card":"summary_large_image","twitter_misc":{"Dur\u00e9e de lecture estim\u00e9e":"1 minute"},"schema":{"@context":"https:\/\/schema.org","@graph":[{"@type":"WebPage","@id":"https:\/\/paracherkaoui.ma\/index.php\/produit\/nuxe-nuxuriance-ultra-la-creme-anti-age-global-50-ml\/","url":"https:\/\/paracherkaoui.ma\/index.php\/produit\/nuxe-nuxuriance-ultra-la-creme-anti-age-global-50-ml\/","name":"NUXE NUXURIANCE ULTRA LA CREME ANTI AGE GLOBAL 50 ML - Paracherkaoui.ma","isPartOf":{"@id":"https:\/\/paracherkaoui.ma\/#website"},"primaryImageOfPage":{"@id":"https:\/\/paracherkaoui.ma\/index.php\/produit\/nuxe-nuxuriance-ultra-la-creme-anti-age-global-50-ml\/#primaryimage"},"image":{"@id":"https:\/\/paracherkaoui.ma\/index.php\/produit\/nuxe-nuxuriance-ultra-la-creme-anti-age-global-50-ml\/#primaryimage"},"thumbnailUrl":"https:\/\/paracherkaoui.ma\/wp-content\/uploads\/2025\/12\/nuxe-nuxe-nuxuriance-ultra-la-creme-anti-age-global-50-ml-premieres-rides.jpg","datePublished":"2025-12-12T17:19:50+00:00","dateModified":"2025-12-12T17:19:53+00:00","breadcrumb":{"@id":"https:\/\/paracherkaoui.ma\/index.php\/produit\/nuxe-nuxuriance-ultra-la-creme-anti-age-global-50-ml\/#breadcrumb"},"inLanguage":"fr-FR","potentialAction":[{"@type":"ReadAction","target":["https:\/\/paracherkaoui.ma\/index.php\/produit\/nuxe-nuxuriance-ultra-la-creme-anti-age-global-50-ml\/"]}]},{"@type":"ImageObject","inLanguage":"fr-FR","@id":"https:\/\/paracherkaoui.ma\/index.php\/produit\/nuxe-nuxuriance-ultra-la-creme-anti-age-global-50-ml\/#primaryimage","url":"https:\/\/paracherkaoui.ma\/wp-content\/uploads\/2025\/12\/nuxe-nuxe-nuxuriance-ultra-la-creme-anti-age-global-50-ml-premieres-rides.jpg","contentUrl":"https:\/\/paracherkaoui.ma\/wp-content\/uploads\/2025\/12\/nuxe-nuxe-nuxuriance-ultra-la-creme-anti-age-global-50-ml-premieres-rides.jpg","width":700,"height":700},{"@type":"BreadcrumbList","@id":"https:\/\/paracherkaoui.ma\/index.php\/produit\/nuxe-nuxuriance-ultra-la-creme-anti-age-global-50-ml\/#breadcrumb","itemListElement":[{"@type":"ListItem","position":1,"name":"Accueil","item":"https:\/\/paracherkaoui.ma\/"},{"@type":"ListItem","position":2,"name":"Boutique","item":"https:\/\/paracherkaoui.ma\/index.php\/boutique\/"},{"@type":"ListItem","position":3,"name":"NUXE NUXURIANCE ULTRA LA CREME ANTI AGE GLOBAL 50 ML"}]},{"@type":"WebSite","@id":"https:\/\/paracherkaoui.ma\/#website","url":"https:\/\/paracherkaoui.ma\/","name":"Paracherkaoui.ma","description":"Achetez en ligne sur Paracherkaoui.ma","potentialAction":[{"@type":"SearchAction","target":{"@type":"EntryPoint","urlTemplate":"https:\/\/paracherkaoui.ma\/?s={search_term_string}"},"query-input":{"@type":"PropertyValueSpecification","valueRequired":true,"valueName":"search_term_string"}}],"inLanguage":"fr-FR"}]}},"_links":{"self":[{"href":"https:\/\/paracherkaoui.ma\/index.php\/wp-json\/wp\/v2\/product\/24072","targetHints":{"allow":["GET"]}}],"collection":[{"href":"https:\/\/paracherkaoui.ma\/index.php\/wp-json\/wp\/v2\/product"}],"about":[{"href":"https:\/\/paracherkaoui.ma\/index.php\/wp-json\/wp\/v2\/types\/product"}],"replies":[{"embeddable":true,"href":"https:\/\/paracherkaoui.ma\/index.php\/wp-json\/wp\/v2\/comments?post=24072"}],"version-history":[{"count":1,"href":"https:\/\/paracherkaoui.ma\/index.php\/wp-json\/wp\/v2\/product\/24072\/revisions"}],"predecessor-version":[{"id":24106,"href":"https:\/\/paracherkaoui.ma\/index.php\/wp-json\/wp\/v2\/product\/24072\/revisions\/24106"}],"wp:featuredmedia":[{"embeddable":true,"href":"https:\/\/paracherkaoui.ma\/index.php\/wp-json\/wp\/v2\/media\/24105"}],"wp:attachment":[{"href":"https:\/\/paracherkaoui.ma\/index.php\/wp-json\/wp\/v2\/media?parent=24072"}],"wp:term":[{"taxonomy":"product_brand","embeddable":true,"href":"https:\/\/paracherkaoui.ma\/index.php\/wp-json\/wp\/v2\/product_brand?post=24072"},{"taxonomy":"product_cat","embeddable":true,"href":"https:\/\/paracherkaoui.ma\/index.php\/wp-json\/wp\/v2\/product_cat?post=24072"},{"taxonomy":"product_tag","embeddable":true,"href":"https:\/\/paracherkaoui.ma\/index.php\/wp-json\/wp\/v2\/product_tag?post=24072"}],"curies":[{"name":"wp","href":"https:\/\/api.w.org\/{rel}","templated":true}]}}