{"id":24015,"date":"2025-12-12T18:19:32","date_gmt":"2025-12-12T17:19:32","guid":{"rendered":"https:\/\/test.ecbeaute.com\/?post_type=product&#038;p=24015"},"modified":"2025-12-12T18:19:34","modified_gmt":"2025-12-12T17:19:34","slug":"hd-cosmetics-nox-biboost-solution-biphasique-concentre-30-ml","status":"publish","type":"product","link":"https:\/\/paracherkaoui.ma\/index.php\/produit\/hd-cosmetics-nox-biboost-solution-biphasique-concentre-30-ml\/","title":{"rendered":"HD COSMETICS NOX+ BIBOOST SOLUTION BIPHASIQUE CONCENTRE 30 ML"},"content":{"rendered":"<p>ANTIOXYDANTS \u00c0 HAUTE PUISSANCE \u00c0 mesure que nous vieillissons, nos cellules cutan\u00e9es deviennent moins r\u00e9actives. Des signes de l&rsquo;\u00e2ge apparaissent : flaccidit\u00e9, rides, taches. Une fois que ces dommages cellulaires deviennent visibles, seules les formules antioxydantes tr\u00e8s puissantes peuvent aider \u00e0 les inverser.<br \/>\nNOX+ est une gamme formul\u00e9e avec trois puissants antioxydants ; le glutathion, l&rsquo;acide lipo\u00efque et la superoxyde dismutase ; qui aident \u00e0 inverser les dommages caus\u00e9s par le vieillissement cellulaire.<br \/>\nConseils d&rsquo;utilisation:<br \/>\nAppliquer quotidiennement sur la peau du visage nettoy\u00e9e et masser doucement jusqu&rsquo;\u00e0 absorption compl\u00e8te. Appliquez ensuite la routine cosm\u00e9tique habituelle.<\/p>\n","protected":false},"excerpt":{"rendered":"<p>ANTIOXYDANTS \u00c0 HAUTE PUISSANCE \u00c0 mesure que nous vieillissons, nos cellules cutan\u00e9es deviennent moins r\u00e9actives. Des signes de l&rsquo;\u00e2ge apparaissent<\/p>\n","protected":false},"featured_media":24038,"comment_status":"open","ping_status":"closed","template":"","meta":[],"product_brand":[320],"product_cat":[496],"product_tag":[],"class_list":{"0":"post-24015","1":"product","2":"type-product","3":"status-publish","4":"has-post-thumbnail","6":"product_brand-hd-cosmetics-effeciency","7":"product_cat-premieres-rides","9":"first","10":"instock","11":"sale","12":"shipping-taxable","13":"purchasable","14":"product-type-simple"},"yoast_head":"<!-- This site is optimized with the Yoast SEO plugin v26.6 - https:\/\/yoast.com\/wordpress\/plugins\/seo\/ -->\r\n<title>HD COSMETICS NOX+ BIBOOST SOLUTION BIPHASIQUE CONCENTRE 30 ML - Paracherkaoui.ma<\/title>\r\n<meta name=\"robots\" content=\"index, follow, max-snippet:-1, max-image-preview:large, max-video-preview:-1\" \/>\r\n<link rel=\"canonical\" href=\"https:\/\/paracherkaoui.ma\/index.php\/produit\/hd-cosmetics-nox-biboost-solution-biphasique-concentre-30-ml\/\" \/>\r\n<meta property=\"og:locale\" content=\"fr_FR\" \/>\r\n<meta property=\"og:type\" content=\"article\" \/>\r\n<meta property=\"og:title\" content=\"HD COSMETICS NOX+ BIBOOST SOLUTION BIPHASIQUE CONCENTRE 30 ML - Paracherkaoui.ma\" \/>\r\n<meta property=\"og:description\" content=\"ANTIOXYDANTS \u00c0 HAUTE PUISSANCE \u00c0 mesure que nous vieillissons, nos cellules cutan\u00e9es deviennent moins r\u00e9actives. Des signes de l&rsquo;\u00e2ge apparaissent\" \/>\r\n<meta property=\"og:url\" content=\"https:\/\/paracherkaoui.ma\/index.php\/produit\/hd-cosmetics-nox-biboost-solution-biphasique-concentre-30-ml\/\" \/>\r\n<meta property=\"og:site_name\" content=\"Paracherkaoui.ma\" \/>\r\n<meta property=\"article:modified_time\" content=\"2025-12-12T17:19:34+00:00\" \/>\r\n<meta property=\"og:image\" content=\"https:\/\/paracherkaoui.ma\/wp-content\/uploads\/2025\/12\/hd-cosmetics-effeciency-hd-cosmetics-nox-biboost-solution-biphasique-concentre-30-ml-premieres-rides.jpg\" \/>\r\n\t<meta property=\"og:image:width\" content=\"700\" \/>\r\n\t<meta property=\"og:image:height\" content=\"700\" \/>\r\n\t<meta property=\"og:image:type\" content=\"image\/jpeg\" \/>\r\n<meta name=\"twitter:card\" content=\"summary_large_image\" \/>\r\n<script type=\"application\/ld+json\" class=\"yoast-schema-graph\">{\"@context\":\"https:\/\/schema.org\",\"@graph\":[{\"@type\":\"WebPage\",\"@id\":\"https:\/\/paracherkaoui.ma\/index.php\/produit\/hd-cosmetics-nox-biboost-solution-biphasique-concentre-30-ml\/\",\"url\":\"https:\/\/paracherkaoui.ma\/index.php\/produit\/hd-cosmetics-nox-biboost-solution-biphasique-concentre-30-ml\/\",\"name\":\"HD COSMETICS NOX+ BIBOOST SOLUTION BIPHASIQUE CONCENTRE 30 ML - Paracherkaoui.ma\",\"isPartOf\":{\"@id\":\"https:\/\/paracherkaoui.ma\/#website\"},\"primaryImageOfPage\":{\"@id\":\"https:\/\/paracherkaoui.ma\/index.php\/produit\/hd-cosmetics-nox-biboost-solution-biphasique-concentre-30-ml\/#primaryimage\"},\"image\":{\"@id\":\"https:\/\/paracherkaoui.ma\/index.php\/produit\/hd-cosmetics-nox-biboost-solution-biphasique-concentre-30-ml\/#primaryimage\"},\"thumbnailUrl\":\"https:\/\/paracherkaoui.ma\/wp-content\/uploads\/2025\/12\/hd-cosmetics-effeciency-hd-cosmetics-nox-biboost-solution-biphasique-concentre-30-ml-premieres-rides.jpg\",\"datePublished\":\"2025-12-12T17:19:32+00:00\",\"dateModified\":\"2025-12-12T17:19:34+00:00\",\"breadcrumb\":{\"@id\":\"https:\/\/paracherkaoui.ma\/index.php\/produit\/hd-cosmetics-nox-biboost-solution-biphasique-concentre-30-ml\/#breadcrumb\"},\"inLanguage\":\"fr-FR\",\"potentialAction\":[{\"@type\":\"ReadAction\",\"target\":[\"https:\/\/paracherkaoui.ma\/index.php\/produit\/hd-cosmetics-nox-biboost-solution-biphasique-concentre-30-ml\/\"]}]},{\"@type\":\"ImageObject\",\"inLanguage\":\"fr-FR\",\"@id\":\"https:\/\/paracherkaoui.ma\/index.php\/produit\/hd-cosmetics-nox-biboost-solution-biphasique-concentre-30-ml\/#primaryimage\",\"url\":\"https:\/\/paracherkaoui.ma\/wp-content\/uploads\/2025\/12\/hd-cosmetics-effeciency-hd-cosmetics-nox-biboost-solution-biphasique-concentre-30-ml-premieres-rides.jpg\",\"contentUrl\":\"https:\/\/paracherkaoui.ma\/wp-content\/uploads\/2025\/12\/hd-cosmetics-effeciency-hd-cosmetics-nox-biboost-solution-biphasique-concentre-30-ml-premieres-rides.jpg\",\"width\":700,\"height\":700},{\"@type\":\"BreadcrumbList\",\"@id\":\"https:\/\/paracherkaoui.ma\/index.php\/produit\/hd-cosmetics-nox-biboost-solution-biphasique-concentre-30-ml\/#breadcrumb\",\"itemListElement\":[{\"@type\":\"ListItem\",\"position\":1,\"name\":\"Accueil\",\"item\":\"https:\/\/paracherkaoui.ma\/\"},{\"@type\":\"ListItem\",\"position\":2,\"name\":\"Boutique\",\"item\":\"https:\/\/paracherkaoui.ma\/index.php\/boutique\/\"},{\"@type\":\"ListItem\",\"position\":3,\"name\":\"HD COSMETICS NOX+ BIBOOST SOLUTION BIPHASIQUE CONCENTRE 30 ML\"}]},{\"@type\":\"WebSite\",\"@id\":\"https:\/\/paracherkaoui.ma\/#website\",\"url\":\"https:\/\/paracherkaoui.ma\/\",\"name\":\"Paracherkaoui.ma\",\"description\":\"Achetez en ligne sur Paracherkaoui.ma\",\"potentialAction\":[{\"@type\":\"SearchAction\",\"target\":{\"@type\":\"EntryPoint\",\"urlTemplate\":\"https:\/\/paracherkaoui.ma\/?s={search_term_string}\"},\"query-input\":{\"@type\":\"PropertyValueSpecification\",\"valueRequired\":true,\"valueName\":\"search_term_string\"}}],\"inLanguage\":\"fr-FR\"}]}<\/script>\r\n<!-- \/ Yoast SEO plugin. -->","yoast_head_json":{"title":"HD COSMETICS NOX+ BIBOOST SOLUTION BIPHASIQUE CONCENTRE 30 ML - Paracherkaoui.ma","robots":{"index":"index","follow":"follow","max-snippet":"max-snippet:-1","max-image-preview":"max-image-preview:large","max-video-preview":"max-video-preview:-1"},"canonical":"https:\/\/paracherkaoui.ma\/index.php\/produit\/hd-cosmetics-nox-biboost-solution-biphasique-concentre-30-ml\/","og_locale":"fr_FR","og_type":"article","og_title":"HD COSMETICS NOX+ BIBOOST SOLUTION BIPHASIQUE CONCENTRE 30 ML - Paracherkaoui.ma","og_description":"ANTIOXYDANTS \u00c0 HAUTE PUISSANCE \u00c0 mesure que nous vieillissons, nos cellules cutan\u00e9es deviennent moins r\u00e9actives. Des signes de l&rsquo;\u00e2ge apparaissent","og_url":"https:\/\/paracherkaoui.ma\/index.php\/produit\/hd-cosmetics-nox-biboost-solution-biphasique-concentre-30-ml\/","og_site_name":"Paracherkaoui.ma","article_modified_time":"2025-12-12T17:19:34+00:00","og_image":[{"width":700,"height":700,"url":"https:\/\/paracherkaoui.ma\/wp-content\/uploads\/2025\/12\/hd-cosmetics-effeciency-hd-cosmetics-nox-biboost-solution-biphasique-concentre-30-ml-premieres-rides.jpg","type":"image\/jpeg"}],"twitter_card":"summary_large_image","schema":{"@context":"https:\/\/schema.org","@graph":[{"@type":"WebPage","@id":"https:\/\/paracherkaoui.ma\/index.php\/produit\/hd-cosmetics-nox-biboost-solution-biphasique-concentre-30-ml\/","url":"https:\/\/paracherkaoui.ma\/index.php\/produit\/hd-cosmetics-nox-biboost-solution-biphasique-concentre-30-ml\/","name":"HD COSMETICS NOX+ BIBOOST SOLUTION BIPHASIQUE CONCENTRE 30 ML - Paracherkaoui.ma","isPartOf":{"@id":"https:\/\/paracherkaoui.ma\/#website"},"primaryImageOfPage":{"@id":"https:\/\/paracherkaoui.ma\/index.php\/produit\/hd-cosmetics-nox-biboost-solution-biphasique-concentre-30-ml\/#primaryimage"},"image":{"@id":"https:\/\/paracherkaoui.ma\/index.php\/produit\/hd-cosmetics-nox-biboost-solution-biphasique-concentre-30-ml\/#primaryimage"},"thumbnailUrl":"https:\/\/paracherkaoui.ma\/wp-content\/uploads\/2025\/12\/hd-cosmetics-effeciency-hd-cosmetics-nox-biboost-solution-biphasique-concentre-30-ml-premieres-rides.jpg","datePublished":"2025-12-12T17:19:32+00:00","dateModified":"2025-12-12T17:19:34+00:00","breadcrumb":{"@id":"https:\/\/paracherkaoui.ma\/index.php\/produit\/hd-cosmetics-nox-biboost-solution-biphasique-concentre-30-ml\/#breadcrumb"},"inLanguage":"fr-FR","potentialAction":[{"@type":"ReadAction","target":["https:\/\/paracherkaoui.ma\/index.php\/produit\/hd-cosmetics-nox-biboost-solution-biphasique-concentre-30-ml\/"]}]},{"@type":"ImageObject","inLanguage":"fr-FR","@id":"https:\/\/paracherkaoui.ma\/index.php\/produit\/hd-cosmetics-nox-biboost-solution-biphasique-concentre-30-ml\/#primaryimage","url":"https:\/\/paracherkaoui.ma\/wp-content\/uploads\/2025\/12\/hd-cosmetics-effeciency-hd-cosmetics-nox-biboost-solution-biphasique-concentre-30-ml-premieres-rides.jpg","contentUrl":"https:\/\/paracherkaoui.ma\/wp-content\/uploads\/2025\/12\/hd-cosmetics-effeciency-hd-cosmetics-nox-biboost-solution-biphasique-concentre-30-ml-premieres-rides.jpg","width":700,"height":700},{"@type":"BreadcrumbList","@id":"https:\/\/paracherkaoui.ma\/index.php\/produit\/hd-cosmetics-nox-biboost-solution-biphasique-concentre-30-ml\/#breadcrumb","itemListElement":[{"@type":"ListItem","position":1,"name":"Accueil","item":"https:\/\/paracherkaoui.ma\/"},{"@type":"ListItem","position":2,"name":"Boutique","item":"https:\/\/paracherkaoui.ma\/index.php\/boutique\/"},{"@type":"ListItem","position":3,"name":"HD COSMETICS NOX+ BIBOOST SOLUTION BIPHASIQUE CONCENTRE 30 ML"}]},{"@type":"WebSite","@id":"https:\/\/paracherkaoui.ma\/#website","url":"https:\/\/paracherkaoui.ma\/","name":"Paracherkaoui.ma","description":"Achetez en ligne sur Paracherkaoui.ma","potentialAction":[{"@type":"SearchAction","target":{"@type":"EntryPoint","urlTemplate":"https:\/\/paracherkaoui.ma\/?s={search_term_string}"},"query-input":{"@type":"PropertyValueSpecification","valueRequired":true,"valueName":"search_term_string"}}],"inLanguage":"fr-FR"}]}},"_links":{"self":[{"href":"https:\/\/paracherkaoui.ma\/index.php\/wp-json\/wp\/v2\/product\/24015","targetHints":{"allow":["GET"]}}],"collection":[{"href":"https:\/\/paracherkaoui.ma\/index.php\/wp-json\/wp\/v2\/product"}],"about":[{"href":"https:\/\/paracherkaoui.ma\/index.php\/wp-json\/wp\/v2\/types\/product"}],"replies":[{"embeddable":true,"href":"https:\/\/paracherkaoui.ma\/index.php\/wp-json\/wp\/v2\/comments?post=24015"}],"version-history":[{"count":1,"href":"https:\/\/paracherkaoui.ma\/index.php\/wp-json\/wp\/v2\/product\/24015\/revisions"}],"predecessor-version":[{"id":24039,"href":"https:\/\/paracherkaoui.ma\/index.php\/wp-json\/wp\/v2\/product\/24015\/revisions\/24039"}],"wp:featuredmedia":[{"embeddable":true,"href":"https:\/\/paracherkaoui.ma\/index.php\/wp-json\/wp\/v2\/media\/24038"}],"wp:attachment":[{"href":"https:\/\/paracherkaoui.ma\/index.php\/wp-json\/wp\/v2\/media?parent=24015"}],"wp:term":[{"taxonomy":"product_brand","embeddable":true,"href":"https:\/\/paracherkaoui.ma\/index.php\/wp-json\/wp\/v2\/product_brand?post=24015"},{"taxonomy":"product_cat","embeddable":true,"href":"https:\/\/paracherkaoui.ma\/index.php\/wp-json\/wp\/v2\/product_cat?post=24015"},{"taxonomy":"product_tag","embeddable":true,"href":"https:\/\/paracherkaoui.ma\/index.php\/wp-json\/wp\/v2\/product_tag?post=24015"}],"curies":[{"name":"wp","href":"https:\/\/api.w.org\/{rel}","templated":true}]}}