{"id":23930,"date":"2025-12-12T18:19:22","date_gmt":"2025-12-12T17:19:22","guid":{"rendered":"https:\/\/test.ecbeaute.com\/?post_type=product&#038;p=23930"},"modified":"2025-12-12T18:19:26","modified_gmt":"2025-12-12T17:19:26","slug":"naturalia-drops-effet-beaute-immediat-5-ampoules-2-ml","status":"publish","type":"product","link":"https:\/\/paracherkaoui.ma\/index.php\/produit\/naturalia-drops-effet-beaute-immediat-5-ampoules-2-ml\/","title":{"rendered":"NATURALIA DROPS EFFET BEAUTE IMMEDIAT 5 AMPOULES 2 ML"},"content":{"rendered":"<p>Soin de beaut\u00e9 instantan\u00e9e pour tous types de peau.Gomme les signes de fatigue du visage et att\u00e9nue les rides d\u2019expression gr\u00e2ce \u00e0 son effet tenseur.Fixe le maquillage.<br \/>\nTraitement en ampoules destin\u00e9 \u00e0 minimiser les imperfections du visage en effa\u00e7ant les signes de fatigue en 15 minutes \u00e0 peine.<br \/>\nConseils d&rsquo;utilisation:<br \/>\nApr\u00e8s avoir bien nettoy\u00e9 la peau, ouvrir l\u2019ampoule \u00e0 l\u2019aide du bouchon doseur. Verser le contenu dans la paume de la main et appliquer avec le bout des doigts sur le visage, le cou et le d\u00e9collet\u00e9. Appliquer ensuite le traitement cosm\u00e9tique habituel.<\/p>\n","protected":false},"excerpt":{"rendered":"<p>Soin de beaut\u00e9 instantan\u00e9e pour tous types de peau.Gomme les signes de fatigue du visage et att\u00e9nue les rides d\u2019expression<\/p>\n","protected":false},"featured_media":23967,"comment_status":"open","ping_status":"closed","template":"","meta":[],"product_brand":[289],"product_cat":[496],"product_tag":[],"class_list":{"0":"post-23930","1":"product","2":"type-product","3":"status-publish","4":"has-post-thumbnail","6":"product_brand-naturalia","7":"product_cat-premieres-rides","9":"first","10":"instock","11":"sale","12":"shipping-taxable","13":"purchasable","14":"product-type-simple"},"yoast_head":"<!-- This site is optimized with the Yoast SEO plugin v26.6 - https:\/\/yoast.com\/wordpress\/plugins\/seo\/ -->\r\n<title>NATURALIA DROPS EFFET BEAUTE IMMEDIAT 5 AMPOULES 2 ML - Paracherkaoui.ma<\/title>\r\n<meta name=\"robots\" content=\"index, follow, max-snippet:-1, max-image-preview:large, max-video-preview:-1\" \/>\r\n<link rel=\"canonical\" href=\"https:\/\/paracherkaoui.ma\/index.php\/produit\/naturalia-drops-effet-beaute-immediat-5-ampoules-2-ml\/\" \/>\r\n<meta property=\"og:locale\" content=\"fr_FR\" \/>\r\n<meta property=\"og:type\" content=\"article\" \/>\r\n<meta property=\"og:title\" content=\"NATURALIA DROPS EFFET BEAUTE IMMEDIAT 5 AMPOULES 2 ML - Paracherkaoui.ma\" \/>\r\n<meta property=\"og:description\" content=\"Soin de beaut\u00e9 instantan\u00e9e pour tous types de peau.Gomme les signes de fatigue du visage et att\u00e9nue les rides d\u2019expression\" \/>\r\n<meta property=\"og:url\" content=\"https:\/\/paracherkaoui.ma\/index.php\/produit\/naturalia-drops-effet-beaute-immediat-5-ampoules-2-ml\/\" \/>\r\n<meta property=\"og:site_name\" content=\"Paracherkaoui.ma\" \/>\r\n<meta property=\"article:modified_time\" content=\"2025-12-12T17:19:26+00:00\" \/>\r\n<meta property=\"og:image\" content=\"https:\/\/paracherkaoui.ma\/wp-content\/uploads\/2025\/12\/naturalia-naturalia-drops-effet-beaute-immediat-5-ampoules-2-ml-premieres-rides.jpg\" \/>\r\n\t<meta property=\"og:image:width\" content=\"700\" \/>\r\n\t<meta property=\"og:image:height\" content=\"700\" \/>\r\n\t<meta property=\"og:image:type\" content=\"image\/jpeg\" \/>\r\n<meta name=\"twitter:card\" content=\"summary_large_image\" \/>\r\n<meta name=\"twitter:label1\" content=\"Dur\u00e9e de lecture estim\u00e9e\" \/>\n\t<meta name=\"twitter:data1\" content=\"1 minute\" \/>\r\n<script type=\"application\/ld+json\" class=\"yoast-schema-graph\">{\"@context\":\"https:\/\/schema.org\",\"@graph\":[{\"@type\":\"WebPage\",\"@id\":\"https:\/\/paracherkaoui.ma\/index.php\/produit\/naturalia-drops-effet-beaute-immediat-5-ampoules-2-ml\/\",\"url\":\"https:\/\/paracherkaoui.ma\/index.php\/produit\/naturalia-drops-effet-beaute-immediat-5-ampoules-2-ml\/\",\"name\":\"NATURALIA DROPS EFFET BEAUTE IMMEDIAT 5 AMPOULES 2 ML - Paracherkaoui.ma\",\"isPartOf\":{\"@id\":\"https:\/\/paracherkaoui.ma\/#website\"},\"primaryImageOfPage\":{\"@id\":\"https:\/\/paracherkaoui.ma\/index.php\/produit\/naturalia-drops-effet-beaute-immediat-5-ampoules-2-ml\/#primaryimage\"},\"image\":{\"@id\":\"https:\/\/paracherkaoui.ma\/index.php\/produit\/naturalia-drops-effet-beaute-immediat-5-ampoules-2-ml\/#primaryimage\"},\"thumbnailUrl\":\"https:\/\/paracherkaoui.ma\/wp-content\/uploads\/2025\/12\/naturalia-naturalia-drops-effet-beaute-immediat-5-ampoules-2-ml-premieres-rides.jpg\",\"datePublished\":\"2025-12-12T17:19:22+00:00\",\"dateModified\":\"2025-12-12T17:19:26+00:00\",\"breadcrumb\":{\"@id\":\"https:\/\/paracherkaoui.ma\/index.php\/produit\/naturalia-drops-effet-beaute-immediat-5-ampoules-2-ml\/#breadcrumb\"},\"inLanguage\":\"fr-FR\",\"potentialAction\":[{\"@type\":\"ReadAction\",\"target\":[\"https:\/\/paracherkaoui.ma\/index.php\/produit\/naturalia-drops-effet-beaute-immediat-5-ampoules-2-ml\/\"]}]},{\"@type\":\"ImageObject\",\"inLanguage\":\"fr-FR\",\"@id\":\"https:\/\/paracherkaoui.ma\/index.php\/produit\/naturalia-drops-effet-beaute-immediat-5-ampoules-2-ml\/#primaryimage\",\"url\":\"https:\/\/paracherkaoui.ma\/wp-content\/uploads\/2025\/12\/naturalia-naturalia-drops-effet-beaute-immediat-5-ampoules-2-ml-premieres-rides.jpg\",\"contentUrl\":\"https:\/\/paracherkaoui.ma\/wp-content\/uploads\/2025\/12\/naturalia-naturalia-drops-effet-beaute-immediat-5-ampoules-2-ml-premieres-rides.jpg\",\"width\":700,\"height\":700},{\"@type\":\"BreadcrumbList\",\"@id\":\"https:\/\/paracherkaoui.ma\/index.php\/produit\/naturalia-drops-effet-beaute-immediat-5-ampoules-2-ml\/#breadcrumb\",\"itemListElement\":[{\"@type\":\"ListItem\",\"position\":1,\"name\":\"Accueil\",\"item\":\"https:\/\/paracherkaoui.ma\/\"},{\"@type\":\"ListItem\",\"position\":2,\"name\":\"Boutique\",\"item\":\"https:\/\/paracherkaoui.ma\/index.php\/boutique\/\"},{\"@type\":\"ListItem\",\"position\":3,\"name\":\"NATURALIA DROPS EFFET BEAUTE IMMEDIAT 5 AMPOULES 2 ML\"}]},{\"@type\":\"WebSite\",\"@id\":\"https:\/\/paracherkaoui.ma\/#website\",\"url\":\"https:\/\/paracherkaoui.ma\/\",\"name\":\"Paracherkaoui.ma\",\"description\":\"Achetez en ligne sur Paracherkaoui.ma\",\"potentialAction\":[{\"@type\":\"SearchAction\",\"target\":{\"@type\":\"EntryPoint\",\"urlTemplate\":\"https:\/\/paracherkaoui.ma\/?s={search_term_string}\"},\"query-input\":{\"@type\":\"PropertyValueSpecification\",\"valueRequired\":true,\"valueName\":\"search_term_string\"}}],\"inLanguage\":\"fr-FR\"}]}<\/script>\r\n<!-- \/ Yoast SEO plugin. -->","yoast_head_json":{"title":"NATURALIA DROPS EFFET BEAUTE IMMEDIAT 5 AMPOULES 2 ML - Paracherkaoui.ma","robots":{"index":"index","follow":"follow","max-snippet":"max-snippet:-1","max-image-preview":"max-image-preview:large","max-video-preview":"max-video-preview:-1"},"canonical":"https:\/\/paracherkaoui.ma\/index.php\/produit\/naturalia-drops-effet-beaute-immediat-5-ampoules-2-ml\/","og_locale":"fr_FR","og_type":"article","og_title":"NATURALIA DROPS EFFET BEAUTE IMMEDIAT 5 AMPOULES 2 ML - Paracherkaoui.ma","og_description":"Soin de beaut\u00e9 instantan\u00e9e pour tous types de peau.Gomme les signes de fatigue du visage et att\u00e9nue les rides d\u2019expression","og_url":"https:\/\/paracherkaoui.ma\/index.php\/produit\/naturalia-drops-effet-beaute-immediat-5-ampoules-2-ml\/","og_site_name":"Paracherkaoui.ma","article_modified_time":"2025-12-12T17:19:26+00:00","og_image":[{"width":700,"height":700,"url":"https:\/\/paracherkaoui.ma\/wp-content\/uploads\/2025\/12\/naturalia-naturalia-drops-effet-beaute-immediat-5-ampoules-2-ml-premieres-rides.jpg","type":"image\/jpeg"}],"twitter_card":"summary_large_image","twitter_misc":{"Dur\u00e9e de lecture estim\u00e9e":"1 minute"},"schema":{"@context":"https:\/\/schema.org","@graph":[{"@type":"WebPage","@id":"https:\/\/paracherkaoui.ma\/index.php\/produit\/naturalia-drops-effet-beaute-immediat-5-ampoules-2-ml\/","url":"https:\/\/paracherkaoui.ma\/index.php\/produit\/naturalia-drops-effet-beaute-immediat-5-ampoules-2-ml\/","name":"NATURALIA DROPS EFFET BEAUTE IMMEDIAT 5 AMPOULES 2 ML - Paracherkaoui.ma","isPartOf":{"@id":"https:\/\/paracherkaoui.ma\/#website"},"primaryImageOfPage":{"@id":"https:\/\/paracherkaoui.ma\/index.php\/produit\/naturalia-drops-effet-beaute-immediat-5-ampoules-2-ml\/#primaryimage"},"image":{"@id":"https:\/\/paracherkaoui.ma\/index.php\/produit\/naturalia-drops-effet-beaute-immediat-5-ampoules-2-ml\/#primaryimage"},"thumbnailUrl":"https:\/\/paracherkaoui.ma\/wp-content\/uploads\/2025\/12\/naturalia-naturalia-drops-effet-beaute-immediat-5-ampoules-2-ml-premieres-rides.jpg","datePublished":"2025-12-12T17:19:22+00:00","dateModified":"2025-12-12T17:19:26+00:00","breadcrumb":{"@id":"https:\/\/paracherkaoui.ma\/index.php\/produit\/naturalia-drops-effet-beaute-immediat-5-ampoules-2-ml\/#breadcrumb"},"inLanguage":"fr-FR","potentialAction":[{"@type":"ReadAction","target":["https:\/\/paracherkaoui.ma\/index.php\/produit\/naturalia-drops-effet-beaute-immediat-5-ampoules-2-ml\/"]}]},{"@type":"ImageObject","inLanguage":"fr-FR","@id":"https:\/\/paracherkaoui.ma\/index.php\/produit\/naturalia-drops-effet-beaute-immediat-5-ampoules-2-ml\/#primaryimage","url":"https:\/\/paracherkaoui.ma\/wp-content\/uploads\/2025\/12\/naturalia-naturalia-drops-effet-beaute-immediat-5-ampoules-2-ml-premieres-rides.jpg","contentUrl":"https:\/\/paracherkaoui.ma\/wp-content\/uploads\/2025\/12\/naturalia-naturalia-drops-effet-beaute-immediat-5-ampoules-2-ml-premieres-rides.jpg","width":700,"height":700},{"@type":"BreadcrumbList","@id":"https:\/\/paracherkaoui.ma\/index.php\/produit\/naturalia-drops-effet-beaute-immediat-5-ampoules-2-ml\/#breadcrumb","itemListElement":[{"@type":"ListItem","position":1,"name":"Accueil","item":"https:\/\/paracherkaoui.ma\/"},{"@type":"ListItem","position":2,"name":"Boutique","item":"https:\/\/paracherkaoui.ma\/index.php\/boutique\/"},{"@type":"ListItem","position":3,"name":"NATURALIA DROPS EFFET BEAUTE IMMEDIAT 5 AMPOULES 2 ML"}]},{"@type":"WebSite","@id":"https:\/\/paracherkaoui.ma\/#website","url":"https:\/\/paracherkaoui.ma\/","name":"Paracherkaoui.ma","description":"Achetez en ligne sur Paracherkaoui.ma","potentialAction":[{"@type":"SearchAction","target":{"@type":"EntryPoint","urlTemplate":"https:\/\/paracherkaoui.ma\/?s={search_term_string}"},"query-input":{"@type":"PropertyValueSpecification","valueRequired":true,"valueName":"search_term_string"}}],"inLanguage":"fr-FR"}]}},"_links":{"self":[{"href":"https:\/\/paracherkaoui.ma\/index.php\/wp-json\/wp\/v2\/product\/23930","targetHints":{"allow":["GET"]}}],"collection":[{"href":"https:\/\/paracherkaoui.ma\/index.php\/wp-json\/wp\/v2\/product"}],"about":[{"href":"https:\/\/paracherkaoui.ma\/index.php\/wp-json\/wp\/v2\/types\/product"}],"replies":[{"embeddable":true,"href":"https:\/\/paracherkaoui.ma\/index.php\/wp-json\/wp\/v2\/comments?post=23930"}],"version-history":[{"count":1,"href":"https:\/\/paracherkaoui.ma\/index.php\/wp-json\/wp\/v2\/product\/23930\/revisions"}],"predecessor-version":[{"id":23968,"href":"https:\/\/paracherkaoui.ma\/index.php\/wp-json\/wp\/v2\/product\/23930\/revisions\/23968"}],"wp:featuredmedia":[{"embeddable":true,"href":"https:\/\/paracherkaoui.ma\/index.php\/wp-json\/wp\/v2\/media\/23967"}],"wp:attachment":[{"href":"https:\/\/paracherkaoui.ma\/index.php\/wp-json\/wp\/v2\/media?parent=23930"}],"wp:term":[{"taxonomy":"product_brand","embeddable":true,"href":"https:\/\/paracherkaoui.ma\/index.php\/wp-json\/wp\/v2\/product_brand?post=23930"},{"taxonomy":"product_cat","embeddable":true,"href":"https:\/\/paracherkaoui.ma\/index.php\/wp-json\/wp\/v2\/product_cat?post=23930"},{"taxonomy":"product_tag","embeddable":true,"href":"https:\/\/paracherkaoui.ma\/index.php\/wp-json\/wp\/v2\/product_tag?post=23930"}],"curies":[{"name":"wp","href":"https:\/\/api.w.org\/{rel}","templated":true}]}}