{"id":23927,"date":"2025-12-12T18:19:22","date_gmt":"2025-12-12T17:19:22","guid":{"rendered":"https:\/\/test.ecbeaute.com\/?post_type=product&#038;p=23927"},"modified":"2025-12-12T18:19:25","modified_gmt":"2025-12-12T17:19:25","slug":"lierac-arkeskin-la-creme-nuit-menopause-recharge-50ml","status":"publish","type":"product","link":"https:\/\/paracherkaoui.ma\/index.php\/produit\/lierac-arkeskin-la-creme-nuit-menopause-recharge-50ml\/","title":{"rendered":"LIERAC ARKESKIN LA CREME NUIT MENOPAUSE RECHARGE 50ML"},"content":{"rendered":"<p>Formul\u00e9e \u00e0 96% d\u2019ingr\u00e9dients d\u2019origine naturelle, La Cr\u00e8me Nuit M\u00e9nopause corrige les signes visibles de la m\u00e9nopause sur la peau : s\u00e9cheresse, perte de densit\u00e9 et de fermet\u00e9. Inspir\u00e9e des rythmes biologiques de la peau, La Cr\u00e8me Nuit active la r\u00e9g\u00e9n\u00e9ration cellulaire et nourrit durablement la peau. Sp\u00e9cifiquement d\u00e9velopp\u00e9e pour les femmes qui traversent la m\u00e9nopause, sa texture onctueuse fond d\u00e9licatement sur la peau pour lui apporter un confort imm\u00e9diat. Jour apr\u00e8s jour la peau retrouve densit\u00e9, nutrition, fermet\u00e9 et confort.<br \/>\nConseils d&rsquo;utilisation:<br \/>\nAppliquer le soir sur le visage et le cou. Pour une meilleure efficacit\u00e9, utiliser en compl\u00e9ment La Cr\u00e8me Jour M\u00e9nopause.<\/p>\n","protected":false},"excerpt":{"rendered":"<p>Formul\u00e9e \u00e0 96% d\u2019ingr\u00e9dients d\u2019origine naturelle, La Cr\u00e8me Nuit M\u00e9nopause corrige les signes visibles de la m\u00e9nopause sur la peau<\/p>\n","protected":false},"featured_media":23961,"comment_status":"open","ping_status":"closed","template":"","meta":[],"product_brand":[371],"product_cat":[496],"product_tag":[],"class_list":{"0":"post-23927","1":"product","2":"type-product","3":"status-publish","4":"has-post-thumbnail","6":"product_brand-lierac","7":"product_cat-premieres-rides","9":"first","10":"instock","11":"shipping-taxable","12":"purchasable","13":"product-type-simple"},"yoast_head":"<!-- This site is optimized with the Yoast SEO plugin v26.6 - https:\/\/yoast.com\/wordpress\/plugins\/seo\/ -->\r\n<title>LIERAC ARKESKIN LA CREME NUIT MENOPAUSE RECHARGE 50ML - Paracherkaoui.ma<\/title>\r\n<meta name=\"robots\" content=\"index, follow, max-snippet:-1, max-image-preview:large, max-video-preview:-1\" \/>\r\n<link rel=\"canonical\" href=\"https:\/\/paracherkaoui.ma\/index.php\/produit\/lierac-arkeskin-la-creme-nuit-menopause-recharge-50ml\/\" \/>\r\n<meta property=\"og:locale\" content=\"fr_FR\" \/>\r\n<meta property=\"og:type\" content=\"article\" \/>\r\n<meta property=\"og:title\" content=\"LIERAC ARKESKIN LA CREME NUIT MENOPAUSE RECHARGE 50ML - Paracherkaoui.ma\" \/>\r\n<meta property=\"og:description\" content=\"Formul\u00e9e \u00e0 96% d\u2019ingr\u00e9dients d\u2019origine naturelle, La Cr\u00e8me Nuit M\u00e9nopause corrige les signes visibles de la m\u00e9nopause sur la peau\" \/>\r\n<meta property=\"og:url\" content=\"https:\/\/paracherkaoui.ma\/index.php\/produit\/lierac-arkeskin-la-creme-nuit-menopause-recharge-50ml\/\" \/>\r\n<meta property=\"og:site_name\" content=\"Paracherkaoui.ma\" \/>\r\n<meta property=\"article:modified_time\" content=\"2025-12-12T17:19:25+00:00\" \/>\r\n<meta property=\"og:image\" content=\"https:\/\/paracherkaoui.ma\/wp-content\/uploads\/2025\/12\/lierac-lierac-arkeskin-la-creme-nuit-menopause-recharge-50ml-premieres-rides.jpg\" \/>\r\n\t<meta property=\"og:image:width\" content=\"700\" \/>\r\n\t<meta property=\"og:image:height\" content=\"700\" \/>\r\n\t<meta property=\"og:image:type\" content=\"image\/jpeg\" \/>\r\n<meta name=\"twitter:card\" content=\"summary_large_image\" \/>\r\n<meta name=\"twitter:label1\" content=\"Dur\u00e9e de lecture estim\u00e9e\" \/>\n\t<meta name=\"twitter:data1\" content=\"1 minute\" \/>\r\n<script type=\"application\/ld+json\" class=\"yoast-schema-graph\">{\"@context\":\"https:\/\/schema.org\",\"@graph\":[{\"@type\":\"WebPage\",\"@id\":\"https:\/\/paracherkaoui.ma\/index.php\/produit\/lierac-arkeskin-la-creme-nuit-menopause-recharge-50ml\/\",\"url\":\"https:\/\/paracherkaoui.ma\/index.php\/produit\/lierac-arkeskin-la-creme-nuit-menopause-recharge-50ml\/\",\"name\":\"LIERAC ARKESKIN LA CREME NUIT MENOPAUSE RECHARGE 50ML - Paracherkaoui.ma\",\"isPartOf\":{\"@id\":\"https:\/\/paracherkaoui.ma\/#website\"},\"primaryImageOfPage\":{\"@id\":\"https:\/\/paracherkaoui.ma\/index.php\/produit\/lierac-arkeskin-la-creme-nuit-menopause-recharge-50ml\/#primaryimage\"},\"image\":{\"@id\":\"https:\/\/paracherkaoui.ma\/index.php\/produit\/lierac-arkeskin-la-creme-nuit-menopause-recharge-50ml\/#primaryimage\"},\"thumbnailUrl\":\"https:\/\/paracherkaoui.ma\/wp-content\/uploads\/2025\/12\/lierac-lierac-arkeskin-la-creme-nuit-menopause-recharge-50ml-premieres-rides.jpg\",\"datePublished\":\"2025-12-12T17:19:22+00:00\",\"dateModified\":\"2025-12-12T17:19:25+00:00\",\"breadcrumb\":{\"@id\":\"https:\/\/paracherkaoui.ma\/index.php\/produit\/lierac-arkeskin-la-creme-nuit-menopause-recharge-50ml\/#breadcrumb\"},\"inLanguage\":\"fr-FR\",\"potentialAction\":[{\"@type\":\"ReadAction\",\"target\":[\"https:\/\/paracherkaoui.ma\/index.php\/produit\/lierac-arkeskin-la-creme-nuit-menopause-recharge-50ml\/\"]}]},{\"@type\":\"ImageObject\",\"inLanguage\":\"fr-FR\",\"@id\":\"https:\/\/paracherkaoui.ma\/index.php\/produit\/lierac-arkeskin-la-creme-nuit-menopause-recharge-50ml\/#primaryimage\",\"url\":\"https:\/\/paracherkaoui.ma\/wp-content\/uploads\/2025\/12\/lierac-lierac-arkeskin-la-creme-nuit-menopause-recharge-50ml-premieres-rides.jpg\",\"contentUrl\":\"https:\/\/paracherkaoui.ma\/wp-content\/uploads\/2025\/12\/lierac-lierac-arkeskin-la-creme-nuit-menopause-recharge-50ml-premieres-rides.jpg\",\"width\":700,\"height\":700},{\"@type\":\"BreadcrumbList\",\"@id\":\"https:\/\/paracherkaoui.ma\/index.php\/produit\/lierac-arkeskin-la-creme-nuit-menopause-recharge-50ml\/#breadcrumb\",\"itemListElement\":[{\"@type\":\"ListItem\",\"position\":1,\"name\":\"Accueil\",\"item\":\"https:\/\/paracherkaoui.ma\/\"},{\"@type\":\"ListItem\",\"position\":2,\"name\":\"Boutique\",\"item\":\"https:\/\/paracherkaoui.ma\/index.php\/boutique\/\"},{\"@type\":\"ListItem\",\"position\":3,\"name\":\"LIERAC ARKESKIN LA CREME NUIT MENOPAUSE RECHARGE 50ML\"}]},{\"@type\":\"WebSite\",\"@id\":\"https:\/\/paracherkaoui.ma\/#website\",\"url\":\"https:\/\/paracherkaoui.ma\/\",\"name\":\"Paracherkaoui.ma\",\"description\":\"Achetez en ligne sur Paracherkaoui.ma\",\"potentialAction\":[{\"@type\":\"SearchAction\",\"target\":{\"@type\":\"EntryPoint\",\"urlTemplate\":\"https:\/\/paracherkaoui.ma\/?s={search_term_string}\"},\"query-input\":{\"@type\":\"PropertyValueSpecification\",\"valueRequired\":true,\"valueName\":\"search_term_string\"}}],\"inLanguage\":\"fr-FR\"}]}<\/script>\r\n<!-- \/ Yoast SEO plugin. -->","yoast_head_json":{"title":"LIERAC ARKESKIN LA CREME NUIT MENOPAUSE RECHARGE 50ML - Paracherkaoui.ma","robots":{"index":"index","follow":"follow","max-snippet":"max-snippet:-1","max-image-preview":"max-image-preview:large","max-video-preview":"max-video-preview:-1"},"canonical":"https:\/\/paracherkaoui.ma\/index.php\/produit\/lierac-arkeskin-la-creme-nuit-menopause-recharge-50ml\/","og_locale":"fr_FR","og_type":"article","og_title":"LIERAC ARKESKIN LA CREME NUIT MENOPAUSE RECHARGE 50ML - Paracherkaoui.ma","og_description":"Formul\u00e9e \u00e0 96% d\u2019ingr\u00e9dients d\u2019origine naturelle, La Cr\u00e8me Nuit M\u00e9nopause corrige les signes visibles de la m\u00e9nopause sur la peau","og_url":"https:\/\/paracherkaoui.ma\/index.php\/produit\/lierac-arkeskin-la-creme-nuit-menopause-recharge-50ml\/","og_site_name":"Paracherkaoui.ma","article_modified_time":"2025-12-12T17:19:25+00:00","og_image":[{"width":700,"height":700,"url":"https:\/\/paracherkaoui.ma\/wp-content\/uploads\/2025\/12\/lierac-lierac-arkeskin-la-creme-nuit-menopause-recharge-50ml-premieres-rides.jpg","type":"image\/jpeg"}],"twitter_card":"summary_large_image","twitter_misc":{"Dur\u00e9e de lecture estim\u00e9e":"1 minute"},"schema":{"@context":"https:\/\/schema.org","@graph":[{"@type":"WebPage","@id":"https:\/\/paracherkaoui.ma\/index.php\/produit\/lierac-arkeskin-la-creme-nuit-menopause-recharge-50ml\/","url":"https:\/\/paracherkaoui.ma\/index.php\/produit\/lierac-arkeskin-la-creme-nuit-menopause-recharge-50ml\/","name":"LIERAC ARKESKIN LA CREME NUIT MENOPAUSE RECHARGE 50ML - Paracherkaoui.ma","isPartOf":{"@id":"https:\/\/paracherkaoui.ma\/#website"},"primaryImageOfPage":{"@id":"https:\/\/paracherkaoui.ma\/index.php\/produit\/lierac-arkeskin-la-creme-nuit-menopause-recharge-50ml\/#primaryimage"},"image":{"@id":"https:\/\/paracherkaoui.ma\/index.php\/produit\/lierac-arkeskin-la-creme-nuit-menopause-recharge-50ml\/#primaryimage"},"thumbnailUrl":"https:\/\/paracherkaoui.ma\/wp-content\/uploads\/2025\/12\/lierac-lierac-arkeskin-la-creme-nuit-menopause-recharge-50ml-premieres-rides.jpg","datePublished":"2025-12-12T17:19:22+00:00","dateModified":"2025-12-12T17:19:25+00:00","breadcrumb":{"@id":"https:\/\/paracherkaoui.ma\/index.php\/produit\/lierac-arkeskin-la-creme-nuit-menopause-recharge-50ml\/#breadcrumb"},"inLanguage":"fr-FR","potentialAction":[{"@type":"ReadAction","target":["https:\/\/paracherkaoui.ma\/index.php\/produit\/lierac-arkeskin-la-creme-nuit-menopause-recharge-50ml\/"]}]},{"@type":"ImageObject","inLanguage":"fr-FR","@id":"https:\/\/paracherkaoui.ma\/index.php\/produit\/lierac-arkeskin-la-creme-nuit-menopause-recharge-50ml\/#primaryimage","url":"https:\/\/paracherkaoui.ma\/wp-content\/uploads\/2025\/12\/lierac-lierac-arkeskin-la-creme-nuit-menopause-recharge-50ml-premieres-rides.jpg","contentUrl":"https:\/\/paracherkaoui.ma\/wp-content\/uploads\/2025\/12\/lierac-lierac-arkeskin-la-creme-nuit-menopause-recharge-50ml-premieres-rides.jpg","width":700,"height":700},{"@type":"BreadcrumbList","@id":"https:\/\/paracherkaoui.ma\/index.php\/produit\/lierac-arkeskin-la-creme-nuit-menopause-recharge-50ml\/#breadcrumb","itemListElement":[{"@type":"ListItem","position":1,"name":"Accueil","item":"https:\/\/paracherkaoui.ma\/"},{"@type":"ListItem","position":2,"name":"Boutique","item":"https:\/\/paracherkaoui.ma\/index.php\/boutique\/"},{"@type":"ListItem","position":3,"name":"LIERAC ARKESKIN LA CREME NUIT MENOPAUSE RECHARGE 50ML"}]},{"@type":"WebSite","@id":"https:\/\/paracherkaoui.ma\/#website","url":"https:\/\/paracherkaoui.ma\/","name":"Paracherkaoui.ma","description":"Achetez en ligne sur Paracherkaoui.ma","potentialAction":[{"@type":"SearchAction","target":{"@type":"EntryPoint","urlTemplate":"https:\/\/paracherkaoui.ma\/?s={search_term_string}"},"query-input":{"@type":"PropertyValueSpecification","valueRequired":true,"valueName":"search_term_string"}}],"inLanguage":"fr-FR"}]}},"_links":{"self":[{"href":"https:\/\/paracherkaoui.ma\/index.php\/wp-json\/wp\/v2\/product\/23927","targetHints":{"allow":["GET"]}}],"collection":[{"href":"https:\/\/paracherkaoui.ma\/index.php\/wp-json\/wp\/v2\/product"}],"about":[{"href":"https:\/\/paracherkaoui.ma\/index.php\/wp-json\/wp\/v2\/types\/product"}],"replies":[{"embeddable":true,"href":"https:\/\/paracherkaoui.ma\/index.php\/wp-json\/wp\/v2\/comments?post=23927"}],"version-history":[{"count":1,"href":"https:\/\/paracherkaoui.ma\/index.php\/wp-json\/wp\/v2\/product\/23927\/revisions"}],"predecessor-version":[{"id":23962,"href":"https:\/\/paracherkaoui.ma\/index.php\/wp-json\/wp\/v2\/product\/23927\/revisions\/23962"}],"wp:featuredmedia":[{"embeddable":true,"href":"https:\/\/paracherkaoui.ma\/index.php\/wp-json\/wp\/v2\/media\/23961"}],"wp:attachment":[{"href":"https:\/\/paracherkaoui.ma\/index.php\/wp-json\/wp\/v2\/media?parent=23927"}],"wp:term":[{"taxonomy":"product_brand","embeddable":true,"href":"https:\/\/paracherkaoui.ma\/index.php\/wp-json\/wp\/v2\/product_brand?post=23927"},{"taxonomy":"product_cat","embeddable":true,"href":"https:\/\/paracherkaoui.ma\/index.php\/wp-json\/wp\/v2\/product_cat?post=23927"},{"taxonomy":"product_tag","embeddable":true,"href":"https:\/\/paracherkaoui.ma\/index.php\/wp-json\/wp\/v2\/product_tag?post=23927"}],"curies":[{"name":"wp","href":"https:\/\/api.w.org\/{rel}","templated":true}]}}