{"id":23860,"date":"2025-12-12T18:19:14","date_gmt":"2025-12-12T17:19:14","guid":{"rendered":"https:\/\/test.ecbeaute.com\/?post_type=product&#038;p=23860"},"modified":"2025-12-12T18:19:18","modified_gmt":"2025-12-12T17:19:18","slug":"filorga-age-purify-intensive-serum-visage-30-ml-2","status":"publish","type":"product","link":"https:\/\/paracherkaoui.ma\/index.php\/produit\/filorga-age-purify-intensive-serum-visage-30-ml-2\/","title":{"rendered":"FILORGA AGE PURIFY INTENSIVE SERUM VISAGE 30 ML"},"content":{"rendered":"<p>Le s\u00e9rum FILORGA AGE PURIFY INTENSIVE utilise le complexe HYALURO-YOUTH CX, une formule innovante qui combine de l&rsquo;acide hyaluronique, un peptide d\u00e9froissant, et un glycopeptide comblant. Cette synergie d&rsquo;ingr\u00e9dients actifs permet de lisser les rides et d&rsquo;am\u00e9liorer visiblement la texture de la peau, lui offrant un aspect plus jeune et \u00e9clatant.<br \/>\nPour les imperfections, le complexe DERMO-RESCUE CX est un alli\u00e9 pr\u00e9cieux. Il int\u00e8gre cinq acides micro-peeling, du zinc, et un agent multi-purifiant. Ces ingr\u00e9dients travaillent ensemble pour r\u00e9duire la taille des pores, diminuer les rougeurs et les brillances, et combattre les boutons et points noirs.<br \/>\nUne action r\u00e9\u00e9quilibrante \u00e0 long terme<br \/>\nFILORGA AGE PURIFY INTENSIVE ne se contente pas de traiter les probl\u00e8mes imm\u00e9diats, il assure \u00e9galement une action r\u00e9\u00e9quilibrante \u00e0 long terme pour une peau durablement am\u00e9lior\u00e9e. Sa texture hydratante ultra-l\u00e9g\u00e8re convient parfaitement aux peaux mixtes \u00e0 grasses, sujettes aux imperfections. De plus, il est non com\u00e9dog\u00e8ne, garantissant une utilisation sans risque d&rsquo;obstruction des pores.<br \/>\nConseils d&rsquo;utilisation<br \/>\nPour des r\u00e9sultats optimaux, appliquez le s\u00e9rum matin et soir sur une peau propre et s\u00e8che. Massez doucement jusqu&rsquo;\u00e0 absorption compl\u00e8te avant d&rsquo;appliquer votre cr\u00e8me de jour ou de nuit habituelle. Ce s\u00e9rum peut \u00eatre utilis\u00e9 seul ou en compl\u00e9ment de votre routine de soin quotidienne pour maximiser les b\u00e9n\u00e9fices anti-\u00e2ge et anti-imperfections.<\/p>\n","protected":false},"excerpt":{"rendered":"<p>Le s\u00e9rum FILORGA AGE PURIFY INTENSIVE utilise le complexe HYALURO-YOUTH CX, une formule innovante qui combine de l&rsquo;acide hyaluronique, un<\/p>\n","protected":false},"featured_media":23239,"comment_status":"open","ping_status":"closed","template":"","meta":[],"product_brand":[141],"product_cat":[496],"product_tag":[],"class_list":{"0":"post-23860","1":"product","2":"type-product","3":"status-publish","4":"has-post-thumbnail","6":"product_brand-filorga","7":"product_cat-premieres-rides","9":"first","10":"instock","11":"sale","12":"shipping-taxable","13":"purchasable","14":"product-type-simple"},"yoast_head":"<!-- This site is optimized with the Yoast SEO plugin v26.6 - https:\/\/yoast.com\/wordpress\/plugins\/seo\/ -->\r\n<title>FILORGA AGE PURIFY INTENSIVE SERUM VISAGE 30 ML - Paracherkaoui.ma<\/title>\r\n<meta name=\"robots\" content=\"index, follow, max-snippet:-1, max-image-preview:large, max-video-preview:-1\" \/>\r\n<link rel=\"canonical\" href=\"https:\/\/paracherkaoui.ma\/index.php\/produit\/filorga-age-purify-intensive-serum-visage-30-ml-2\/\" \/>\r\n<meta property=\"og:locale\" content=\"fr_FR\" \/>\r\n<meta property=\"og:type\" content=\"article\" \/>\r\n<meta property=\"og:title\" content=\"FILORGA AGE PURIFY INTENSIVE SERUM VISAGE 30 ML - Paracherkaoui.ma\" \/>\r\n<meta property=\"og:description\" content=\"Le s\u00e9rum FILORGA AGE PURIFY INTENSIVE utilise le complexe HYALURO-YOUTH CX, une formule innovante qui combine de l&rsquo;acide hyaluronique, un\" \/>\r\n<meta property=\"og:url\" content=\"https:\/\/paracherkaoui.ma\/index.php\/produit\/filorga-age-purify-intensive-serum-visage-30-ml-2\/\" \/>\r\n<meta property=\"og:site_name\" content=\"Paracherkaoui.ma\" \/>\r\n<meta property=\"article:modified_time\" content=\"2025-12-12T17:19:18+00:00\" \/>\r\n<meta property=\"og:image\" content=\"https:\/\/paracherkaoui.ma\/wp-content\/uploads\/2025\/12\/filorga-filorga-age-purify-intensive-serum-visage-30-ml-soins-anti-age.jpg\" \/>\r\n\t<meta property=\"og:image:width\" content=\"700\" \/>\r\n\t<meta property=\"og:image:height\" content=\"700\" \/>\r\n\t<meta property=\"og:image:type\" content=\"image\/jpeg\" \/>\r\n<meta name=\"twitter:card\" content=\"summary_large_image\" \/>\r\n<meta name=\"twitter:label1\" content=\"Dur\u00e9e de lecture estim\u00e9e\" \/>\n\t<meta name=\"twitter:data1\" content=\"1 minute\" \/>\r\n<script type=\"application\/ld+json\" class=\"yoast-schema-graph\">{\"@context\":\"https:\/\/schema.org\",\"@graph\":[{\"@type\":\"WebPage\",\"@id\":\"https:\/\/paracherkaoui.ma\/index.php\/produit\/filorga-age-purify-intensive-serum-visage-30-ml-2\/\",\"url\":\"https:\/\/paracherkaoui.ma\/index.php\/produit\/filorga-age-purify-intensive-serum-visage-30-ml-2\/\",\"name\":\"FILORGA AGE PURIFY INTENSIVE SERUM VISAGE 30 ML - Paracherkaoui.ma\",\"isPartOf\":{\"@id\":\"https:\/\/paracherkaoui.ma\/#website\"},\"primaryImageOfPage\":{\"@id\":\"https:\/\/paracherkaoui.ma\/index.php\/produit\/filorga-age-purify-intensive-serum-visage-30-ml-2\/#primaryimage\"},\"image\":{\"@id\":\"https:\/\/paracherkaoui.ma\/index.php\/produit\/filorga-age-purify-intensive-serum-visage-30-ml-2\/#primaryimage\"},\"thumbnailUrl\":\"https:\/\/paracherkaoui.ma\/wp-content\/uploads\/2025\/12\/filorga-filorga-age-purify-intensive-serum-visage-30-ml-soins-anti-age.jpg\",\"datePublished\":\"2025-12-12T17:19:14+00:00\",\"dateModified\":\"2025-12-12T17:19:18+00:00\",\"breadcrumb\":{\"@id\":\"https:\/\/paracherkaoui.ma\/index.php\/produit\/filorga-age-purify-intensive-serum-visage-30-ml-2\/#breadcrumb\"},\"inLanguage\":\"fr-FR\",\"potentialAction\":[{\"@type\":\"ReadAction\",\"target\":[\"https:\/\/paracherkaoui.ma\/index.php\/produit\/filorga-age-purify-intensive-serum-visage-30-ml-2\/\"]}]},{\"@type\":\"ImageObject\",\"inLanguage\":\"fr-FR\",\"@id\":\"https:\/\/paracherkaoui.ma\/index.php\/produit\/filorga-age-purify-intensive-serum-visage-30-ml-2\/#primaryimage\",\"url\":\"https:\/\/paracherkaoui.ma\/wp-content\/uploads\/2025\/12\/filorga-filorga-age-purify-intensive-serum-visage-30-ml-soins-anti-age.jpg\",\"contentUrl\":\"https:\/\/paracherkaoui.ma\/wp-content\/uploads\/2025\/12\/filorga-filorga-age-purify-intensive-serum-visage-30-ml-soins-anti-age.jpg\",\"width\":700,\"height\":700},{\"@type\":\"BreadcrumbList\",\"@id\":\"https:\/\/paracherkaoui.ma\/index.php\/produit\/filorga-age-purify-intensive-serum-visage-30-ml-2\/#breadcrumb\",\"itemListElement\":[{\"@type\":\"ListItem\",\"position\":1,\"name\":\"Accueil\",\"item\":\"https:\/\/paracherkaoui.ma\/\"},{\"@type\":\"ListItem\",\"position\":2,\"name\":\"Boutique\",\"item\":\"https:\/\/paracherkaoui.ma\/index.php\/boutique\/\"},{\"@type\":\"ListItem\",\"position\":3,\"name\":\"FILORGA AGE PURIFY INTENSIVE SERUM VISAGE 30 ML\"}]},{\"@type\":\"WebSite\",\"@id\":\"https:\/\/paracherkaoui.ma\/#website\",\"url\":\"https:\/\/paracherkaoui.ma\/\",\"name\":\"Paracherkaoui.ma\",\"description\":\"Achetez en ligne sur Paracherkaoui.ma\",\"potentialAction\":[{\"@type\":\"SearchAction\",\"target\":{\"@type\":\"EntryPoint\",\"urlTemplate\":\"https:\/\/paracherkaoui.ma\/?s={search_term_string}\"},\"query-input\":{\"@type\":\"PropertyValueSpecification\",\"valueRequired\":true,\"valueName\":\"search_term_string\"}}],\"inLanguage\":\"fr-FR\"}]}<\/script>\r\n<!-- \/ Yoast SEO plugin. -->","yoast_head_json":{"title":"FILORGA AGE PURIFY INTENSIVE SERUM VISAGE 30 ML - Paracherkaoui.ma","robots":{"index":"index","follow":"follow","max-snippet":"max-snippet:-1","max-image-preview":"max-image-preview:large","max-video-preview":"max-video-preview:-1"},"canonical":"https:\/\/paracherkaoui.ma\/index.php\/produit\/filorga-age-purify-intensive-serum-visage-30-ml-2\/","og_locale":"fr_FR","og_type":"article","og_title":"FILORGA AGE PURIFY INTENSIVE SERUM VISAGE 30 ML - Paracherkaoui.ma","og_description":"Le s\u00e9rum FILORGA AGE PURIFY INTENSIVE utilise le complexe HYALURO-YOUTH CX, une formule innovante qui combine de l&rsquo;acide hyaluronique, un","og_url":"https:\/\/paracherkaoui.ma\/index.php\/produit\/filorga-age-purify-intensive-serum-visage-30-ml-2\/","og_site_name":"Paracherkaoui.ma","article_modified_time":"2025-12-12T17:19:18+00:00","og_image":[{"width":700,"height":700,"url":"https:\/\/paracherkaoui.ma\/wp-content\/uploads\/2025\/12\/filorga-filorga-age-purify-intensive-serum-visage-30-ml-soins-anti-age.jpg","type":"image\/jpeg"}],"twitter_card":"summary_large_image","twitter_misc":{"Dur\u00e9e de lecture estim\u00e9e":"1 minute"},"schema":{"@context":"https:\/\/schema.org","@graph":[{"@type":"WebPage","@id":"https:\/\/paracherkaoui.ma\/index.php\/produit\/filorga-age-purify-intensive-serum-visage-30-ml-2\/","url":"https:\/\/paracherkaoui.ma\/index.php\/produit\/filorga-age-purify-intensive-serum-visage-30-ml-2\/","name":"FILORGA AGE PURIFY INTENSIVE SERUM VISAGE 30 ML - Paracherkaoui.ma","isPartOf":{"@id":"https:\/\/paracherkaoui.ma\/#website"},"primaryImageOfPage":{"@id":"https:\/\/paracherkaoui.ma\/index.php\/produit\/filorga-age-purify-intensive-serum-visage-30-ml-2\/#primaryimage"},"image":{"@id":"https:\/\/paracherkaoui.ma\/index.php\/produit\/filorga-age-purify-intensive-serum-visage-30-ml-2\/#primaryimage"},"thumbnailUrl":"https:\/\/paracherkaoui.ma\/wp-content\/uploads\/2025\/12\/filorga-filorga-age-purify-intensive-serum-visage-30-ml-soins-anti-age.jpg","datePublished":"2025-12-12T17:19:14+00:00","dateModified":"2025-12-12T17:19:18+00:00","breadcrumb":{"@id":"https:\/\/paracherkaoui.ma\/index.php\/produit\/filorga-age-purify-intensive-serum-visage-30-ml-2\/#breadcrumb"},"inLanguage":"fr-FR","potentialAction":[{"@type":"ReadAction","target":["https:\/\/paracherkaoui.ma\/index.php\/produit\/filorga-age-purify-intensive-serum-visage-30-ml-2\/"]}]},{"@type":"ImageObject","inLanguage":"fr-FR","@id":"https:\/\/paracherkaoui.ma\/index.php\/produit\/filorga-age-purify-intensive-serum-visage-30-ml-2\/#primaryimage","url":"https:\/\/paracherkaoui.ma\/wp-content\/uploads\/2025\/12\/filorga-filorga-age-purify-intensive-serum-visage-30-ml-soins-anti-age.jpg","contentUrl":"https:\/\/paracherkaoui.ma\/wp-content\/uploads\/2025\/12\/filorga-filorga-age-purify-intensive-serum-visage-30-ml-soins-anti-age.jpg","width":700,"height":700},{"@type":"BreadcrumbList","@id":"https:\/\/paracherkaoui.ma\/index.php\/produit\/filorga-age-purify-intensive-serum-visage-30-ml-2\/#breadcrumb","itemListElement":[{"@type":"ListItem","position":1,"name":"Accueil","item":"https:\/\/paracherkaoui.ma\/"},{"@type":"ListItem","position":2,"name":"Boutique","item":"https:\/\/paracherkaoui.ma\/index.php\/boutique\/"},{"@type":"ListItem","position":3,"name":"FILORGA AGE PURIFY INTENSIVE SERUM VISAGE 30 ML"}]},{"@type":"WebSite","@id":"https:\/\/paracherkaoui.ma\/#website","url":"https:\/\/paracherkaoui.ma\/","name":"Paracherkaoui.ma","description":"Achetez en ligne sur Paracherkaoui.ma","potentialAction":[{"@type":"SearchAction","target":{"@type":"EntryPoint","urlTemplate":"https:\/\/paracherkaoui.ma\/?s={search_term_string}"},"query-input":{"@type":"PropertyValueSpecification","valueRequired":true,"valueName":"search_term_string"}}],"inLanguage":"fr-FR"}]}},"_links":{"self":[{"href":"https:\/\/paracherkaoui.ma\/index.php\/wp-json\/wp\/v2\/product\/23860","targetHints":{"allow":["GET"]}}],"collection":[{"href":"https:\/\/paracherkaoui.ma\/index.php\/wp-json\/wp\/v2\/product"}],"about":[{"href":"https:\/\/paracherkaoui.ma\/index.php\/wp-json\/wp\/v2\/types\/product"}],"replies":[{"embeddable":true,"href":"https:\/\/paracherkaoui.ma\/index.php\/wp-json\/wp\/v2\/comments?post=23860"}],"version-history":[{"count":1,"href":"https:\/\/paracherkaoui.ma\/index.php\/wp-json\/wp\/v2\/product\/23860\/revisions"}],"predecessor-version":[{"id":23901,"href":"https:\/\/paracherkaoui.ma\/index.php\/wp-json\/wp\/v2\/product\/23860\/revisions\/23901"}],"wp:featuredmedia":[{"embeddable":true,"href":"https:\/\/paracherkaoui.ma\/index.php\/wp-json\/wp\/v2\/media\/23239"}],"wp:attachment":[{"href":"https:\/\/paracherkaoui.ma\/index.php\/wp-json\/wp\/v2\/media?parent=23860"}],"wp:term":[{"taxonomy":"product_brand","embeddable":true,"href":"https:\/\/paracherkaoui.ma\/index.php\/wp-json\/wp\/v2\/product_brand?post=23860"},{"taxonomy":"product_cat","embeddable":true,"href":"https:\/\/paracherkaoui.ma\/index.php\/wp-json\/wp\/v2\/product_cat?post=23860"},{"taxonomy":"product_tag","embeddable":true,"href":"https:\/\/paracherkaoui.ma\/index.php\/wp-json\/wp\/v2\/product_tag?post=23860"}],"curies":[{"name":"wp","href":"https:\/\/api.w.org\/{rel}","templated":true}]}}