{"id":23847,"date":"2025-12-12T18:19:13","date_gmt":"2025-12-12T17:19:13","guid":{"rendered":"https:\/\/test.ecbeaute.com\/?post_type=product&#038;p=23847"},"modified":"2025-12-12T18:19:16","modified_gmt":"2025-12-12T17:19:16","slug":"so-bio-bb-perfect-soin-5-en-1-fps10-30-ml-teinte-25-medium","status":"publish","type":"product","link":"https:\/\/paracherkaoui.ma\/index.php\/produit\/so-bio-bb-perfect-soin-5-en-1-fps10-30-ml-teinte-25-medium\/","title":{"rendered":"SO BIO BB PERFECT SOIN 5 EN 1 FPS10 30 ML TEINTE 25 MEDIUM"},"content":{"rendered":"<p>Ce soin 5 en 1 combine plusieurs avantages en un seul geste. Il nourrit intens\u00e9ment la peau, assurant une hydratation longue dur\u00e9e. Avec un SPF 10, il prot\u00e8ge la peau des effets n\u00e9fastes du soleil. La teinte 25 Medium est id\u00e9ale pour camoufler les imperfections et unifier le teint. L&rsquo;Hibiscus aide \u00e0 combattre les radicaux libres responsables du vieillissement de la peau. Il laisse un fini naturel et lumineux, pour un teint \u00e9clatant de sant\u00e9.<br \/>\nCOMPOSITION<br \/>\nAnthemis Nobilis Flower Water*, Dicaprylyl Ether, Dicaprylyl Carbonate, Aqua \/Water\/Eau, Cocoglycerides, Coco-Caprylate\/Caprate, Polyglyceryl-2 Dipolyhydroxystearate, Hydrogenated Castor Oil, Acacia Decurrens\/Jojoba\/Sunflower Seed Wax Polyglyceryl-3 Esters, Hibiscus Sabdariffa Flower Water*, Lauroyl Lysine, Oryza Sativa (Rice) Powder*, Polyglyceryl-3 Diisostearate, Magnesium Sulfate, Parfum (Fragrance), Sea Salt, Trihydroxystearin, Sodium Levulinate, Sodium Benzoate, Bisabolol, Glyceryl Caprylate, Glyceryl Undecylenate, Glycerin, Lactic Acid, Sodium Lauroyl Glutamate, Phytosphingosine, Lysine, Magnesium Chloride, Citric Acid, Tocopherol, Glycine SOJA (Soybean) Oil +\/- : Titanium Dioxide (CI 77891), CI 77492 (Iron Oxides), CI 77491 (Iron Oxides), CI 77499 (Iron Oxides) * ingr\u00e9dients issus de l&rsquo;agriculture biologique Cosmos organic certifi\u00e9 par ECOCERT Greenlife selon le r\u00e9f\u00e9rentiel COSMOS disponible sur http:\/\/cosmos.ecocert.com. 99% du total est d&rsquo;origine naturelle. 36% du total des ingr\u00e9dients sont issus de l&rsquo;agriculture biologique.<br \/>\nCONSEIL D\u2019UTILISATION<br \/>\nPour tirer le meilleur parti de votre BB Perfect Soin 5 en 1, suivez ces conseils d&rsquo;utilisation :<br \/>\nAvant l&rsquo;application, assurez vous que votre visage est propre et sec. Utilisez votre nettoyant habituel pour \u00e9liminer les impuret\u00e9s. Prenez une petite quantit\u00e9 de produit et appliquez la uniform\u00e9ment sur le visage. Commencez par le centre du visage et \u00e9talez vers l&rsquo;ext\u00e9rieur pour une couverture homog\u00e8ne. Utilisez vos doigts, une \u00e9ponge ou un pinceau pour estomper le produit jusqu&rsquo;\u00e0 ce qu&rsquo;il se fonde parfaitement avec votre peau.<\/p>\n","protected":false},"excerpt":{"rendered":"<p>Ce soin 5 en 1 combine plusieurs avantages en un seul geste. Il nourrit intens\u00e9ment la peau, assurant une hydratation<\/p>\n","protected":false},"featured_media":23881,"comment_status":"open","ping_status":"closed","template":"","meta":[],"product_brand":[212],"product_cat":[496],"product_tag":[],"class_list":{"0":"post-23847","1":"product","2":"type-product","3":"status-publish","4":"has-post-thumbnail","6":"product_brand-so-bio","7":"product_cat-premieres-rides","9":"first","10":"instock","11":"shipping-taxable","12":"purchasable","13":"product-type-simple"},"yoast_head":"<!-- This site is optimized with the Yoast SEO plugin v26.6 - https:\/\/yoast.com\/wordpress\/plugins\/seo\/ -->\r\n<title>SO BIO BB PERFECT SOIN 5 EN 1 FPS10 30 ML TEINTE 25 MEDIUM - Paracherkaoui.ma<\/title>\r\n<meta name=\"robots\" content=\"index, follow, max-snippet:-1, max-image-preview:large, max-video-preview:-1\" \/>\r\n<link rel=\"canonical\" href=\"https:\/\/paracherkaoui.ma\/index.php\/produit\/so-bio-bb-perfect-soin-5-en-1-fps10-30-ml-teinte-25-medium\/\" \/>\r\n<meta property=\"og:locale\" content=\"fr_FR\" \/>\r\n<meta property=\"og:type\" content=\"article\" \/>\r\n<meta property=\"og:title\" content=\"SO BIO BB PERFECT SOIN 5 EN 1 FPS10 30 ML TEINTE 25 MEDIUM - Paracherkaoui.ma\" \/>\r\n<meta property=\"og:description\" content=\"Ce soin 5 en 1 combine plusieurs avantages en un seul geste. Il nourrit intens\u00e9ment la peau, assurant une hydratation\" \/>\r\n<meta property=\"og:url\" content=\"https:\/\/paracherkaoui.ma\/index.php\/produit\/so-bio-bb-perfect-soin-5-en-1-fps10-30-ml-teinte-25-medium\/\" \/>\r\n<meta property=\"og:site_name\" content=\"Paracherkaoui.ma\" \/>\r\n<meta property=\"article:modified_time\" content=\"2025-12-12T17:19:16+00:00\" \/>\r\n<meta property=\"og:image\" content=\"https:\/\/paracherkaoui.ma\/wp-content\/uploads\/2025\/12\/so-bio-so-bio-bb-perfect-soin-5-en-1-fps10-30-ml-teinte-25-medium-premieres-rides.jpg\" \/>\r\n\t<meta property=\"og:image:width\" content=\"700\" \/>\r\n\t<meta property=\"og:image:height\" content=\"700\" \/>\r\n\t<meta property=\"og:image:type\" content=\"image\/jpeg\" \/>\r\n<meta name=\"twitter:card\" content=\"summary_large_image\" \/>\r\n<meta name=\"twitter:label1\" content=\"Dur\u00e9e de lecture estim\u00e9e\" \/>\n\t<meta name=\"twitter:data1\" content=\"1 minute\" \/>\r\n<script type=\"application\/ld+json\" class=\"yoast-schema-graph\">{\"@context\":\"https:\/\/schema.org\",\"@graph\":[{\"@type\":\"WebPage\",\"@id\":\"https:\/\/paracherkaoui.ma\/index.php\/produit\/so-bio-bb-perfect-soin-5-en-1-fps10-30-ml-teinte-25-medium\/\",\"url\":\"https:\/\/paracherkaoui.ma\/index.php\/produit\/so-bio-bb-perfect-soin-5-en-1-fps10-30-ml-teinte-25-medium\/\",\"name\":\"SO BIO BB PERFECT SOIN 5 EN 1 FPS10 30 ML TEINTE 25 MEDIUM - Paracherkaoui.ma\",\"isPartOf\":{\"@id\":\"https:\/\/paracherkaoui.ma\/#website\"},\"primaryImageOfPage\":{\"@id\":\"https:\/\/paracherkaoui.ma\/index.php\/produit\/so-bio-bb-perfect-soin-5-en-1-fps10-30-ml-teinte-25-medium\/#primaryimage\"},\"image\":{\"@id\":\"https:\/\/paracherkaoui.ma\/index.php\/produit\/so-bio-bb-perfect-soin-5-en-1-fps10-30-ml-teinte-25-medium\/#primaryimage\"},\"thumbnailUrl\":\"https:\/\/paracherkaoui.ma\/wp-content\/uploads\/2025\/12\/so-bio-so-bio-bb-perfect-soin-5-en-1-fps10-30-ml-teinte-25-medium-premieres-rides.jpg\",\"datePublished\":\"2025-12-12T17:19:13+00:00\",\"dateModified\":\"2025-12-12T17:19:16+00:00\",\"breadcrumb\":{\"@id\":\"https:\/\/paracherkaoui.ma\/index.php\/produit\/so-bio-bb-perfect-soin-5-en-1-fps10-30-ml-teinte-25-medium\/#breadcrumb\"},\"inLanguage\":\"fr-FR\",\"potentialAction\":[{\"@type\":\"ReadAction\",\"target\":[\"https:\/\/paracherkaoui.ma\/index.php\/produit\/so-bio-bb-perfect-soin-5-en-1-fps10-30-ml-teinte-25-medium\/\"]}]},{\"@type\":\"ImageObject\",\"inLanguage\":\"fr-FR\",\"@id\":\"https:\/\/paracherkaoui.ma\/index.php\/produit\/so-bio-bb-perfect-soin-5-en-1-fps10-30-ml-teinte-25-medium\/#primaryimage\",\"url\":\"https:\/\/paracherkaoui.ma\/wp-content\/uploads\/2025\/12\/so-bio-so-bio-bb-perfect-soin-5-en-1-fps10-30-ml-teinte-25-medium-premieres-rides.jpg\",\"contentUrl\":\"https:\/\/paracherkaoui.ma\/wp-content\/uploads\/2025\/12\/so-bio-so-bio-bb-perfect-soin-5-en-1-fps10-30-ml-teinte-25-medium-premieres-rides.jpg\",\"width\":700,\"height\":700},{\"@type\":\"BreadcrumbList\",\"@id\":\"https:\/\/paracherkaoui.ma\/index.php\/produit\/so-bio-bb-perfect-soin-5-en-1-fps10-30-ml-teinte-25-medium\/#breadcrumb\",\"itemListElement\":[{\"@type\":\"ListItem\",\"position\":1,\"name\":\"Accueil\",\"item\":\"https:\/\/paracherkaoui.ma\/\"},{\"@type\":\"ListItem\",\"position\":2,\"name\":\"Boutique\",\"item\":\"https:\/\/paracherkaoui.ma\/index.php\/boutique\/\"},{\"@type\":\"ListItem\",\"position\":3,\"name\":\"SO BIO BB PERFECT SOIN 5 EN 1 FPS10 30 ML TEINTE 25 MEDIUM\"}]},{\"@type\":\"WebSite\",\"@id\":\"https:\/\/paracherkaoui.ma\/#website\",\"url\":\"https:\/\/paracherkaoui.ma\/\",\"name\":\"Paracherkaoui.ma\",\"description\":\"Achetez en ligne sur Paracherkaoui.ma\",\"potentialAction\":[{\"@type\":\"SearchAction\",\"target\":{\"@type\":\"EntryPoint\",\"urlTemplate\":\"https:\/\/paracherkaoui.ma\/?s={search_term_string}\"},\"query-input\":{\"@type\":\"PropertyValueSpecification\",\"valueRequired\":true,\"valueName\":\"search_term_string\"}}],\"inLanguage\":\"fr-FR\"}]}<\/script>\r\n<!-- \/ Yoast SEO plugin. -->","yoast_head_json":{"title":"SO BIO BB PERFECT SOIN 5 EN 1 FPS10 30 ML TEINTE 25 MEDIUM - Paracherkaoui.ma","robots":{"index":"index","follow":"follow","max-snippet":"max-snippet:-1","max-image-preview":"max-image-preview:large","max-video-preview":"max-video-preview:-1"},"canonical":"https:\/\/paracherkaoui.ma\/index.php\/produit\/so-bio-bb-perfect-soin-5-en-1-fps10-30-ml-teinte-25-medium\/","og_locale":"fr_FR","og_type":"article","og_title":"SO BIO BB PERFECT SOIN 5 EN 1 FPS10 30 ML TEINTE 25 MEDIUM - Paracherkaoui.ma","og_description":"Ce soin 5 en 1 combine plusieurs avantages en un seul geste. Il nourrit intens\u00e9ment la peau, assurant une hydratation","og_url":"https:\/\/paracherkaoui.ma\/index.php\/produit\/so-bio-bb-perfect-soin-5-en-1-fps10-30-ml-teinte-25-medium\/","og_site_name":"Paracherkaoui.ma","article_modified_time":"2025-12-12T17:19:16+00:00","og_image":[{"width":700,"height":700,"url":"https:\/\/paracherkaoui.ma\/wp-content\/uploads\/2025\/12\/so-bio-so-bio-bb-perfect-soin-5-en-1-fps10-30-ml-teinte-25-medium-premieres-rides.jpg","type":"image\/jpeg"}],"twitter_card":"summary_large_image","twitter_misc":{"Dur\u00e9e de lecture estim\u00e9e":"1 minute"},"schema":{"@context":"https:\/\/schema.org","@graph":[{"@type":"WebPage","@id":"https:\/\/paracherkaoui.ma\/index.php\/produit\/so-bio-bb-perfect-soin-5-en-1-fps10-30-ml-teinte-25-medium\/","url":"https:\/\/paracherkaoui.ma\/index.php\/produit\/so-bio-bb-perfect-soin-5-en-1-fps10-30-ml-teinte-25-medium\/","name":"SO BIO BB PERFECT SOIN 5 EN 1 FPS10 30 ML TEINTE 25 MEDIUM - Paracherkaoui.ma","isPartOf":{"@id":"https:\/\/paracherkaoui.ma\/#website"},"primaryImageOfPage":{"@id":"https:\/\/paracherkaoui.ma\/index.php\/produit\/so-bio-bb-perfect-soin-5-en-1-fps10-30-ml-teinte-25-medium\/#primaryimage"},"image":{"@id":"https:\/\/paracherkaoui.ma\/index.php\/produit\/so-bio-bb-perfect-soin-5-en-1-fps10-30-ml-teinte-25-medium\/#primaryimage"},"thumbnailUrl":"https:\/\/paracherkaoui.ma\/wp-content\/uploads\/2025\/12\/so-bio-so-bio-bb-perfect-soin-5-en-1-fps10-30-ml-teinte-25-medium-premieres-rides.jpg","datePublished":"2025-12-12T17:19:13+00:00","dateModified":"2025-12-12T17:19:16+00:00","breadcrumb":{"@id":"https:\/\/paracherkaoui.ma\/index.php\/produit\/so-bio-bb-perfect-soin-5-en-1-fps10-30-ml-teinte-25-medium\/#breadcrumb"},"inLanguage":"fr-FR","potentialAction":[{"@type":"ReadAction","target":["https:\/\/paracherkaoui.ma\/index.php\/produit\/so-bio-bb-perfect-soin-5-en-1-fps10-30-ml-teinte-25-medium\/"]}]},{"@type":"ImageObject","inLanguage":"fr-FR","@id":"https:\/\/paracherkaoui.ma\/index.php\/produit\/so-bio-bb-perfect-soin-5-en-1-fps10-30-ml-teinte-25-medium\/#primaryimage","url":"https:\/\/paracherkaoui.ma\/wp-content\/uploads\/2025\/12\/so-bio-so-bio-bb-perfect-soin-5-en-1-fps10-30-ml-teinte-25-medium-premieres-rides.jpg","contentUrl":"https:\/\/paracherkaoui.ma\/wp-content\/uploads\/2025\/12\/so-bio-so-bio-bb-perfect-soin-5-en-1-fps10-30-ml-teinte-25-medium-premieres-rides.jpg","width":700,"height":700},{"@type":"BreadcrumbList","@id":"https:\/\/paracherkaoui.ma\/index.php\/produit\/so-bio-bb-perfect-soin-5-en-1-fps10-30-ml-teinte-25-medium\/#breadcrumb","itemListElement":[{"@type":"ListItem","position":1,"name":"Accueil","item":"https:\/\/paracherkaoui.ma\/"},{"@type":"ListItem","position":2,"name":"Boutique","item":"https:\/\/paracherkaoui.ma\/index.php\/boutique\/"},{"@type":"ListItem","position":3,"name":"SO BIO BB PERFECT SOIN 5 EN 1 FPS10 30 ML TEINTE 25 MEDIUM"}]},{"@type":"WebSite","@id":"https:\/\/paracherkaoui.ma\/#website","url":"https:\/\/paracherkaoui.ma\/","name":"Paracherkaoui.ma","description":"Achetez en ligne sur Paracherkaoui.ma","potentialAction":[{"@type":"SearchAction","target":{"@type":"EntryPoint","urlTemplate":"https:\/\/paracherkaoui.ma\/?s={search_term_string}"},"query-input":{"@type":"PropertyValueSpecification","valueRequired":true,"valueName":"search_term_string"}}],"inLanguage":"fr-FR"}]}},"_links":{"self":[{"href":"https:\/\/paracherkaoui.ma\/index.php\/wp-json\/wp\/v2\/product\/23847","targetHints":{"allow":["GET"]}}],"collection":[{"href":"https:\/\/paracherkaoui.ma\/index.php\/wp-json\/wp\/v2\/product"}],"about":[{"href":"https:\/\/paracherkaoui.ma\/index.php\/wp-json\/wp\/v2\/types\/product"}],"replies":[{"embeddable":true,"href":"https:\/\/paracherkaoui.ma\/index.php\/wp-json\/wp\/v2\/comments?post=23847"}],"version-history":[{"count":1,"href":"https:\/\/paracherkaoui.ma\/index.php\/wp-json\/wp\/v2\/product\/23847\/revisions"}],"predecessor-version":[{"id":23882,"href":"https:\/\/paracherkaoui.ma\/index.php\/wp-json\/wp\/v2\/product\/23847\/revisions\/23882"}],"wp:featuredmedia":[{"embeddable":true,"href":"https:\/\/paracherkaoui.ma\/index.php\/wp-json\/wp\/v2\/media\/23881"}],"wp:attachment":[{"href":"https:\/\/paracherkaoui.ma\/index.php\/wp-json\/wp\/v2\/media?parent=23847"}],"wp:term":[{"taxonomy":"product_brand","embeddable":true,"href":"https:\/\/paracherkaoui.ma\/index.php\/wp-json\/wp\/v2\/product_brand?post=23847"},{"taxonomy":"product_cat","embeddable":true,"href":"https:\/\/paracherkaoui.ma\/index.php\/wp-json\/wp\/v2\/product_cat?post=23847"},{"taxonomy":"product_tag","embeddable":true,"href":"https:\/\/paracherkaoui.ma\/index.php\/wp-json\/wp\/v2\/product_tag?post=23847"}],"curies":[{"name":"wp","href":"https:\/\/api.w.org\/{rel}","templated":true}]}}