{"id":23846,"date":"2025-12-12T18:19:13","date_gmt":"2025-12-12T17:19:13","guid":{"rendered":"https:\/\/test.ecbeaute.com\/?post_type=product&#038;p=23846"},"modified":"2025-12-12T18:19:15","modified_gmt":"2025-12-12T17:19:15","slug":"uriage-age-lift-creme-jour-lissante-fermete-40-ml-2","status":"publish","type":"product","link":"https:\/\/paracherkaoui.ma\/index.php\/produit\/uriage-age-lift-creme-jour-lissante-fermete-40-ml-2\/","title":{"rendered":"URIAGE AGE LIFT CREME JOUR LISSANTE FERMETE 40 ML"},"content":{"rendered":"<p>Votre peau devient plus lisse, plus ferme, les traits sont d\u00e9froiss\u00e9s et les contours du visage mieux d\u00e9finis. Durablement hydrat\u00e9e, votre peau retrouve toute sa vitalit\u00e9.<br \/>\nCOMPOSITION<br \/>\nAQUA (EAU, EAU) \u25cf DIM\u00c9THICONE \u25cf \u00c9THYLHEXANOATE DE C\u00c9T\u00c9ARYLE \u25cf DIGLYC\u00c9RINE \u25cf BEURRE DE BUTYROSPERMUM PARKII (KARIT\u00c9) \u25cf POLYD\u00c9C\u00c8NE HYDROG\u00c9N\u00c9 \u25cf ISONONANOATE D&rsquo;ISONONYL \u25cf HUILE DE GRAINES DE LIMNANTHES ALBA (MEADOWFOAM) \u25cf SQUALANE \u25cf CARBONATE DE DICAPRYLYL \u25cf GLYCERINE \u25cf BUTYL\u00c8NE GLYCOL \u25cf ESTERS \u25cf 1, 2-HEXANEDIOL \u25cf NITRURE DE BORE \u25cf STEARETH-2 \u25cf STEARETH-21 \u25cf T\u00c9TRAISOPALMITATE D&rsquo;ASCORBYLE \u25cf AC\u00c9TATE DE TOCOPH\u00c9RYLE \u25cf PALMITATE DE R\u00c9TINYLE \u25cf HYALURONATE DE SODIUM \u25cf EXTRAIT DE R\u00c9SINE DE CROTON LECHLERI \u25cf TOCOPH\u00c9ROL \u25cf ACRYLATE D&rsquo;HYDROXY\u00c9THYLE\/COPOLYM\u00c8RE D&rsquo;ACRYLOYLDIM\u00c9THYLE TAURATE DE SODIUM \u25cf ALCOOL DE C\u00c9TYLE \u25cf PO LYGLYC\u00c9RINE-3 \u25cf PARFUM (PARFUM) \u25cf CROSSPOLYM\u00c8RE POLYACRYLATE-6 \u25cf CI 77891 (DIOXYDE DE TITANE) \u25cf CHLORPH\u00c9NESINE \u25cf EXTRAIT DE FRUIT DE CAESALPINIA SPINOSA \u25cf MICA \u25cf o-CYMEN-5-OL \u25cf C\u00c9R\u00c9 DE FLEUR D&rsquo;ACACIA DECURRENS (CIRE DE FLEUR D&rsquo;ACACIA DECURRENS) \u25cf C\u00c9R\u00c9 DE GRAINES D&rsquo;HELIANTHUS ANNUUS (HELIANTHUS CIRE DE GRAINES D&rsquo;ANNUUS (TOURNESOL) \u25cf POLYSORBATE 60 \u25cf ISOSTEARATE DE SORBITAN \u25cf EXTRAIT DE KAPPAPHYCUS ALVAREZII \u25cf ADENOSINE \u25cf EXTRAIT DE GRAINES DE THEOBROMA CACAO (CACAO) \u25cf OXYDE D&rsquo;\u00c9TAIN \u25cf ALCOOL t-BUTYL \u25cf ACIDE CITRIQUE<br \/>\nCONSEIL D\u2019UTILISATION<br \/>\nAppliquez chaque matin sur une peau propre et s\u00e8che. \u00c9talez la cr\u00e8me avec des mouvements ascendants pour favoriser le lifting des traits.\u00a0 Pour des r\u00e9sultats optimaux, utilisez en combinaison avec d&rsquo;autres produits de la gamme Uriage Age Lift.<\/p>\n","protected":false},"excerpt":{"rendered":"<p>Votre peau devient plus lisse, plus ferme, les traits sont d\u00e9froiss\u00e9s et les contours du visage mieux d\u00e9finis. Durablement hydrat\u00e9e,<\/p>\n","protected":false},"featured_media":13846,"comment_status":"open","ping_status":"closed","template":"","meta":[],"product_brand":[130],"product_cat":[496],"product_tag":[],"class_list":{"0":"post-23846","1":"product","2":"type-product","3":"status-publish","4":"has-post-thumbnail","6":"product_brand-uriage","7":"product_cat-premieres-rides","9":"first","10":"instock","11":"sale","12":"shipping-taxable","13":"purchasable","14":"product-type-simple"},"yoast_head":"<!-- This site is optimized with the Yoast SEO plugin v26.6 - https:\/\/yoast.com\/wordpress\/plugins\/seo\/ -->\r\n<title>URIAGE AGE LIFT CREME JOUR LISSANTE FERMETE 40 ML - Paracherkaoui.ma<\/title>\r\n<meta name=\"robots\" content=\"index, follow, max-snippet:-1, max-image-preview:large, max-video-preview:-1\" \/>\r\n<link rel=\"canonical\" href=\"https:\/\/paracherkaoui.ma\/index.php\/produit\/uriage-age-lift-creme-jour-lissante-fermete-40-ml-2\/\" \/>\r\n<meta property=\"og:locale\" content=\"fr_FR\" \/>\r\n<meta property=\"og:type\" content=\"article\" \/>\r\n<meta property=\"og:title\" content=\"URIAGE AGE LIFT CREME JOUR LISSANTE FERMETE 40 ML - Paracherkaoui.ma\" \/>\r\n<meta property=\"og:description\" content=\"Votre peau devient plus lisse, plus ferme, les traits sont d\u00e9froiss\u00e9s et les contours du visage mieux d\u00e9finis. Durablement hydrat\u00e9e,\" \/>\r\n<meta property=\"og:url\" content=\"https:\/\/paracherkaoui.ma\/index.php\/produit\/uriage-age-lift-creme-jour-lissante-fermete-40-ml-2\/\" \/>\r\n<meta property=\"og:site_name\" content=\"Paracherkaoui.ma\" \/>\r\n<meta property=\"article:modified_time\" content=\"2025-12-12T17:19:15+00:00\" \/>\r\n<meta property=\"og:image\" content=\"https:\/\/paracherkaoui.ma\/wp-content\/uploads\/2025\/12\/uriage-uriage-age-lift-creme-jour-lissante-fermete-40-ml-cremes-jour.jpg\" \/>\r\n\t<meta property=\"og:image:width\" content=\"700\" \/>\r\n\t<meta property=\"og:image:height\" content=\"700\" \/>\r\n\t<meta property=\"og:image:type\" content=\"image\/jpeg\" \/>\r\n<meta name=\"twitter:card\" content=\"summary_large_image\" \/>\r\n<meta name=\"twitter:label1\" content=\"Dur\u00e9e de lecture estim\u00e9e\" \/>\n\t<meta name=\"twitter:data1\" content=\"1 minute\" \/>\r\n<script type=\"application\/ld+json\" class=\"yoast-schema-graph\">{\"@context\":\"https:\/\/schema.org\",\"@graph\":[{\"@type\":\"WebPage\",\"@id\":\"https:\/\/paracherkaoui.ma\/index.php\/produit\/uriage-age-lift-creme-jour-lissante-fermete-40-ml-2\/\",\"url\":\"https:\/\/paracherkaoui.ma\/index.php\/produit\/uriage-age-lift-creme-jour-lissante-fermete-40-ml-2\/\",\"name\":\"URIAGE AGE LIFT CREME JOUR LISSANTE FERMETE 40 ML - Paracherkaoui.ma\",\"isPartOf\":{\"@id\":\"https:\/\/paracherkaoui.ma\/#website\"},\"primaryImageOfPage\":{\"@id\":\"https:\/\/paracherkaoui.ma\/index.php\/produit\/uriage-age-lift-creme-jour-lissante-fermete-40-ml-2\/#primaryimage\"},\"image\":{\"@id\":\"https:\/\/paracherkaoui.ma\/index.php\/produit\/uriage-age-lift-creme-jour-lissante-fermete-40-ml-2\/#primaryimage\"},\"thumbnailUrl\":\"https:\/\/paracherkaoui.ma\/wp-content\/uploads\/2025\/12\/uriage-uriage-age-lift-creme-jour-lissante-fermete-40-ml-cremes-jour.jpg\",\"datePublished\":\"2025-12-12T17:19:13+00:00\",\"dateModified\":\"2025-12-12T17:19:15+00:00\",\"breadcrumb\":{\"@id\":\"https:\/\/paracherkaoui.ma\/index.php\/produit\/uriage-age-lift-creme-jour-lissante-fermete-40-ml-2\/#breadcrumb\"},\"inLanguage\":\"fr-FR\",\"potentialAction\":[{\"@type\":\"ReadAction\",\"target\":[\"https:\/\/paracherkaoui.ma\/index.php\/produit\/uriage-age-lift-creme-jour-lissante-fermete-40-ml-2\/\"]}]},{\"@type\":\"ImageObject\",\"inLanguage\":\"fr-FR\",\"@id\":\"https:\/\/paracherkaoui.ma\/index.php\/produit\/uriage-age-lift-creme-jour-lissante-fermete-40-ml-2\/#primaryimage\",\"url\":\"https:\/\/paracherkaoui.ma\/wp-content\/uploads\/2025\/12\/uriage-uriage-age-lift-creme-jour-lissante-fermete-40-ml-cremes-jour.jpg\",\"contentUrl\":\"https:\/\/paracherkaoui.ma\/wp-content\/uploads\/2025\/12\/uriage-uriage-age-lift-creme-jour-lissante-fermete-40-ml-cremes-jour.jpg\",\"width\":700,\"height\":700},{\"@type\":\"BreadcrumbList\",\"@id\":\"https:\/\/paracherkaoui.ma\/index.php\/produit\/uriage-age-lift-creme-jour-lissante-fermete-40-ml-2\/#breadcrumb\",\"itemListElement\":[{\"@type\":\"ListItem\",\"position\":1,\"name\":\"Accueil\",\"item\":\"https:\/\/paracherkaoui.ma\/\"},{\"@type\":\"ListItem\",\"position\":2,\"name\":\"Boutique\",\"item\":\"https:\/\/paracherkaoui.ma\/index.php\/boutique\/\"},{\"@type\":\"ListItem\",\"position\":3,\"name\":\"URIAGE AGE LIFT CREME JOUR LISSANTE FERMETE 40 ML\"}]},{\"@type\":\"WebSite\",\"@id\":\"https:\/\/paracherkaoui.ma\/#website\",\"url\":\"https:\/\/paracherkaoui.ma\/\",\"name\":\"Paracherkaoui.ma\",\"description\":\"Achetez en ligne sur Paracherkaoui.ma\",\"potentialAction\":[{\"@type\":\"SearchAction\",\"target\":{\"@type\":\"EntryPoint\",\"urlTemplate\":\"https:\/\/paracherkaoui.ma\/?s={search_term_string}\"},\"query-input\":{\"@type\":\"PropertyValueSpecification\",\"valueRequired\":true,\"valueName\":\"search_term_string\"}}],\"inLanguage\":\"fr-FR\"}]}<\/script>\r\n<!-- \/ Yoast SEO plugin. -->","yoast_head_json":{"title":"URIAGE AGE LIFT CREME JOUR LISSANTE FERMETE 40 ML - Paracherkaoui.ma","robots":{"index":"index","follow":"follow","max-snippet":"max-snippet:-1","max-image-preview":"max-image-preview:large","max-video-preview":"max-video-preview:-1"},"canonical":"https:\/\/paracherkaoui.ma\/index.php\/produit\/uriage-age-lift-creme-jour-lissante-fermete-40-ml-2\/","og_locale":"fr_FR","og_type":"article","og_title":"URIAGE AGE LIFT CREME JOUR LISSANTE FERMETE 40 ML - Paracherkaoui.ma","og_description":"Votre peau devient plus lisse, plus ferme, les traits sont d\u00e9froiss\u00e9s et les contours du visage mieux d\u00e9finis. Durablement hydrat\u00e9e,","og_url":"https:\/\/paracherkaoui.ma\/index.php\/produit\/uriage-age-lift-creme-jour-lissante-fermete-40-ml-2\/","og_site_name":"Paracherkaoui.ma","article_modified_time":"2025-12-12T17:19:15+00:00","og_image":[{"width":700,"height":700,"url":"https:\/\/paracherkaoui.ma\/wp-content\/uploads\/2025\/12\/uriage-uriage-age-lift-creme-jour-lissante-fermete-40-ml-cremes-jour.jpg","type":"image\/jpeg"}],"twitter_card":"summary_large_image","twitter_misc":{"Dur\u00e9e de lecture estim\u00e9e":"1 minute"},"schema":{"@context":"https:\/\/schema.org","@graph":[{"@type":"WebPage","@id":"https:\/\/paracherkaoui.ma\/index.php\/produit\/uriage-age-lift-creme-jour-lissante-fermete-40-ml-2\/","url":"https:\/\/paracherkaoui.ma\/index.php\/produit\/uriage-age-lift-creme-jour-lissante-fermete-40-ml-2\/","name":"URIAGE AGE LIFT CREME JOUR LISSANTE FERMETE 40 ML - Paracherkaoui.ma","isPartOf":{"@id":"https:\/\/paracherkaoui.ma\/#website"},"primaryImageOfPage":{"@id":"https:\/\/paracherkaoui.ma\/index.php\/produit\/uriage-age-lift-creme-jour-lissante-fermete-40-ml-2\/#primaryimage"},"image":{"@id":"https:\/\/paracherkaoui.ma\/index.php\/produit\/uriage-age-lift-creme-jour-lissante-fermete-40-ml-2\/#primaryimage"},"thumbnailUrl":"https:\/\/paracherkaoui.ma\/wp-content\/uploads\/2025\/12\/uriage-uriage-age-lift-creme-jour-lissante-fermete-40-ml-cremes-jour.jpg","datePublished":"2025-12-12T17:19:13+00:00","dateModified":"2025-12-12T17:19:15+00:00","breadcrumb":{"@id":"https:\/\/paracherkaoui.ma\/index.php\/produit\/uriage-age-lift-creme-jour-lissante-fermete-40-ml-2\/#breadcrumb"},"inLanguage":"fr-FR","potentialAction":[{"@type":"ReadAction","target":["https:\/\/paracherkaoui.ma\/index.php\/produit\/uriage-age-lift-creme-jour-lissante-fermete-40-ml-2\/"]}]},{"@type":"ImageObject","inLanguage":"fr-FR","@id":"https:\/\/paracherkaoui.ma\/index.php\/produit\/uriage-age-lift-creme-jour-lissante-fermete-40-ml-2\/#primaryimage","url":"https:\/\/paracherkaoui.ma\/wp-content\/uploads\/2025\/12\/uriage-uriage-age-lift-creme-jour-lissante-fermete-40-ml-cremes-jour.jpg","contentUrl":"https:\/\/paracherkaoui.ma\/wp-content\/uploads\/2025\/12\/uriage-uriage-age-lift-creme-jour-lissante-fermete-40-ml-cremes-jour.jpg","width":700,"height":700},{"@type":"BreadcrumbList","@id":"https:\/\/paracherkaoui.ma\/index.php\/produit\/uriage-age-lift-creme-jour-lissante-fermete-40-ml-2\/#breadcrumb","itemListElement":[{"@type":"ListItem","position":1,"name":"Accueil","item":"https:\/\/paracherkaoui.ma\/"},{"@type":"ListItem","position":2,"name":"Boutique","item":"https:\/\/paracherkaoui.ma\/index.php\/boutique\/"},{"@type":"ListItem","position":3,"name":"URIAGE AGE LIFT CREME JOUR LISSANTE FERMETE 40 ML"}]},{"@type":"WebSite","@id":"https:\/\/paracherkaoui.ma\/#website","url":"https:\/\/paracherkaoui.ma\/","name":"Paracherkaoui.ma","description":"Achetez en ligne sur Paracherkaoui.ma","potentialAction":[{"@type":"SearchAction","target":{"@type":"EntryPoint","urlTemplate":"https:\/\/paracherkaoui.ma\/?s={search_term_string}"},"query-input":{"@type":"PropertyValueSpecification","valueRequired":true,"valueName":"search_term_string"}}],"inLanguage":"fr-FR"}]}},"_links":{"self":[{"href":"https:\/\/paracherkaoui.ma\/index.php\/wp-json\/wp\/v2\/product\/23846","targetHints":{"allow":["GET"]}}],"collection":[{"href":"https:\/\/paracherkaoui.ma\/index.php\/wp-json\/wp\/v2\/product"}],"about":[{"href":"https:\/\/paracherkaoui.ma\/index.php\/wp-json\/wp\/v2\/types\/product"}],"replies":[{"embeddable":true,"href":"https:\/\/paracherkaoui.ma\/index.php\/wp-json\/wp\/v2\/comments?post=23846"}],"version-history":[{"count":1,"href":"https:\/\/paracherkaoui.ma\/index.php\/wp-json\/wp\/v2\/product\/23846\/revisions"}],"predecessor-version":[{"id":23880,"href":"https:\/\/paracherkaoui.ma\/index.php\/wp-json\/wp\/v2\/product\/23846\/revisions\/23880"}],"wp:featuredmedia":[{"embeddable":true,"href":"https:\/\/paracherkaoui.ma\/index.php\/wp-json\/wp\/v2\/media\/13846"}],"wp:attachment":[{"href":"https:\/\/paracherkaoui.ma\/index.php\/wp-json\/wp\/v2\/media?parent=23846"}],"wp:term":[{"taxonomy":"product_brand","embeddable":true,"href":"https:\/\/paracherkaoui.ma\/index.php\/wp-json\/wp\/v2\/product_brand?post=23846"},{"taxonomy":"product_cat","embeddable":true,"href":"https:\/\/paracherkaoui.ma\/index.php\/wp-json\/wp\/v2\/product_cat?post=23846"},{"taxonomy":"product_tag","embeddable":true,"href":"https:\/\/paracherkaoui.ma\/index.php\/wp-json\/wp\/v2\/product_tag?post=23846"}],"curies":[{"name":"wp","href":"https:\/\/api.w.org\/{rel}","templated":true}]}}