{"id":23845,"date":"2025-12-12T18:19:13","date_gmt":"2025-12-12T17:19:13","guid":{"rendered":"https:\/\/test.ecbeaute.com\/?post_type=product&#038;p=23845"},"modified":"2025-12-12T18:19:15","modified_gmt":"2025-12-12T17:19:15","slug":"avene-hyaluron-activ-b3-creme-regeneration-cellulaire-50-ml","status":"publish","type":"product","link":"https:\/\/paracherkaoui.ma\/index.php\/produit\/avene-hyaluron-activ-b3-creme-regeneration-cellulaire-50-ml\/","title":{"rendered":"AVENE HYALURON ACTIV B3 CREME REGENERATION CELLULAIRE 50 ML"},"content":{"rendered":"<p>Cr\u00e8me concentr\u00e9e \u00e0 0,2% en acide hyaluronique pur et 6% en niacinamide, pour agir sur la cause du vieillissement. La peau est plus ferme, les rides sont corrig\u00e9es.<br \/>\nAvec l&rsquo;\u00e2ge tout s&rsquo;acc\u00e9l\u00e8re. Les cellules vieillissantes se propagent et la peau fonctionne au ralenti. Les laboratoires dermatologiques Av\u00e8ne cr\u00e9ent la cr\u00e8me Hyaluron Activ B3 concentr\u00e9e \u00e0 0,2% en acide hyaluronique pur (haut et bas poids mol\u00e9culaire) et niacinamide ( 6%) pour agir sur la cause du vieillissement et prolonger la vie des cellules*. D\u00e8s une seule application, la peau est repulp\u00e9e, liss\u00e9e et \u00e9clatante. D\u00e8s 15 jours, elle est r\u00e9g\u00e9n\u00e9r\u00e9e, plus ferme et les rides sont corrig\u00e9es**. Sa texture velout\u00e9e d\u00e9licatement parfum\u00e9e apporte du confort \u00e0 la peau. Il s&rsquo;agit \u00e9galement d&rsquo;une tr\u00e8s bonne base de maquillage. La cr\u00e8me r\u00e9g\u00e9n\u00e9ration cellulaire Hyaluron Activ B3 est un soin \u00e9co-con\u00e7u contenant 92% d&rsquo;ingr\u00e9dients d&rsquo;origine naturelle, sans ingr\u00e9dients d\u2019origine animale, dans un pot en verre rechargeable.<br \/>\nCONSEILS D&rsquo;UTILISATION:<br \/>\nAppliquer matin et\/ou soir sur le visage, le cou et le d\u00e9collet\u00e9, seule ou apr\u00e8s votre s\u00e9rum.<\/p>\n","protected":false},"excerpt":{"rendered":"<p>Cr\u00e8me concentr\u00e9e \u00e0 0,2% en acide hyaluronique pur et 6% en niacinamide, pour agir sur la cause du vieillissement. La<\/p>\n","protected":false},"featured_media":23878,"comment_status":"open","ping_status":"closed","template":"","meta":[],"product_brand":[136],"product_cat":[496],"product_tag":[],"class_list":{"0":"post-23845","1":"product","2":"type-product","3":"status-publish","4":"has-post-thumbnail","6":"product_brand-avene","7":"product_cat-premieres-rides","9":"first","10":"instock","11":"sale","12":"shipping-taxable","13":"purchasable","14":"product-type-simple"},"yoast_head":"<!-- This site is optimized with the Yoast SEO plugin v26.6 - https:\/\/yoast.com\/wordpress\/plugins\/seo\/ -->\r\n<title>AVENE HYALURON ACTIV B3 CREME REGENERATION CELLULAIRE 50 ML - Paracherkaoui.ma<\/title>\r\n<meta name=\"robots\" content=\"index, follow, max-snippet:-1, max-image-preview:large, max-video-preview:-1\" \/>\r\n<link rel=\"canonical\" href=\"https:\/\/paracherkaoui.ma\/index.php\/produit\/avene-hyaluron-activ-b3-creme-regeneration-cellulaire-50-ml\/\" \/>\r\n<meta property=\"og:locale\" content=\"fr_FR\" \/>\r\n<meta property=\"og:type\" content=\"article\" \/>\r\n<meta property=\"og:title\" content=\"AVENE HYALURON ACTIV B3 CREME REGENERATION CELLULAIRE 50 ML - Paracherkaoui.ma\" \/>\r\n<meta property=\"og:description\" content=\"Cr\u00e8me concentr\u00e9e \u00e0 0,2% en acide hyaluronique pur et 6% en niacinamide, pour agir sur la cause du vieillissement. La\" \/>\r\n<meta property=\"og:url\" content=\"https:\/\/paracherkaoui.ma\/index.php\/produit\/avene-hyaluron-activ-b3-creme-regeneration-cellulaire-50-ml\/\" \/>\r\n<meta property=\"og:site_name\" content=\"Paracherkaoui.ma\" \/>\r\n<meta property=\"article:modified_time\" content=\"2025-12-12T17:19:15+00:00\" \/>\r\n<meta property=\"og:image\" content=\"https:\/\/paracherkaoui.ma\/wp-content\/uploads\/2025\/12\/avene-avene-hyaluron-activ-b3-creme-regeneration-cellulaire-50-ml-premieres-rides.jpg\" \/>\r\n\t<meta property=\"og:image:width\" content=\"700\" \/>\r\n\t<meta property=\"og:image:height\" content=\"700\" \/>\r\n\t<meta property=\"og:image:type\" content=\"image\/jpeg\" \/>\r\n<meta name=\"twitter:card\" content=\"summary_large_image\" \/>\r\n<meta name=\"twitter:label1\" content=\"Dur\u00e9e de lecture estim\u00e9e\" \/>\n\t<meta name=\"twitter:data1\" content=\"1 minute\" \/>\r\n<script type=\"application\/ld+json\" class=\"yoast-schema-graph\">{\"@context\":\"https:\/\/schema.org\",\"@graph\":[{\"@type\":\"WebPage\",\"@id\":\"https:\/\/paracherkaoui.ma\/index.php\/produit\/avene-hyaluron-activ-b3-creme-regeneration-cellulaire-50-ml\/\",\"url\":\"https:\/\/paracherkaoui.ma\/index.php\/produit\/avene-hyaluron-activ-b3-creme-regeneration-cellulaire-50-ml\/\",\"name\":\"AVENE HYALURON ACTIV B3 CREME REGENERATION CELLULAIRE 50 ML - Paracherkaoui.ma\",\"isPartOf\":{\"@id\":\"https:\/\/paracherkaoui.ma\/#website\"},\"primaryImageOfPage\":{\"@id\":\"https:\/\/paracherkaoui.ma\/index.php\/produit\/avene-hyaluron-activ-b3-creme-regeneration-cellulaire-50-ml\/#primaryimage\"},\"image\":{\"@id\":\"https:\/\/paracherkaoui.ma\/index.php\/produit\/avene-hyaluron-activ-b3-creme-regeneration-cellulaire-50-ml\/#primaryimage\"},\"thumbnailUrl\":\"https:\/\/paracherkaoui.ma\/wp-content\/uploads\/2025\/12\/avene-avene-hyaluron-activ-b3-creme-regeneration-cellulaire-50-ml-premieres-rides.jpg\",\"datePublished\":\"2025-12-12T17:19:13+00:00\",\"dateModified\":\"2025-12-12T17:19:15+00:00\",\"breadcrumb\":{\"@id\":\"https:\/\/paracherkaoui.ma\/index.php\/produit\/avene-hyaluron-activ-b3-creme-regeneration-cellulaire-50-ml\/#breadcrumb\"},\"inLanguage\":\"fr-FR\",\"potentialAction\":[{\"@type\":\"ReadAction\",\"target\":[\"https:\/\/paracherkaoui.ma\/index.php\/produit\/avene-hyaluron-activ-b3-creme-regeneration-cellulaire-50-ml\/\"]}]},{\"@type\":\"ImageObject\",\"inLanguage\":\"fr-FR\",\"@id\":\"https:\/\/paracherkaoui.ma\/index.php\/produit\/avene-hyaluron-activ-b3-creme-regeneration-cellulaire-50-ml\/#primaryimage\",\"url\":\"https:\/\/paracherkaoui.ma\/wp-content\/uploads\/2025\/12\/avene-avene-hyaluron-activ-b3-creme-regeneration-cellulaire-50-ml-premieres-rides.jpg\",\"contentUrl\":\"https:\/\/paracherkaoui.ma\/wp-content\/uploads\/2025\/12\/avene-avene-hyaluron-activ-b3-creme-regeneration-cellulaire-50-ml-premieres-rides.jpg\",\"width\":700,\"height\":700},{\"@type\":\"BreadcrumbList\",\"@id\":\"https:\/\/paracherkaoui.ma\/index.php\/produit\/avene-hyaluron-activ-b3-creme-regeneration-cellulaire-50-ml\/#breadcrumb\",\"itemListElement\":[{\"@type\":\"ListItem\",\"position\":1,\"name\":\"Accueil\",\"item\":\"https:\/\/paracherkaoui.ma\/\"},{\"@type\":\"ListItem\",\"position\":2,\"name\":\"Boutique\",\"item\":\"https:\/\/paracherkaoui.ma\/index.php\/boutique\/\"},{\"@type\":\"ListItem\",\"position\":3,\"name\":\"AVENE HYALURON ACTIV B3 CREME REGENERATION CELLULAIRE 50 ML\"}]},{\"@type\":\"WebSite\",\"@id\":\"https:\/\/paracherkaoui.ma\/#website\",\"url\":\"https:\/\/paracherkaoui.ma\/\",\"name\":\"Paracherkaoui.ma\",\"description\":\"Achetez en ligne sur Paracherkaoui.ma\",\"potentialAction\":[{\"@type\":\"SearchAction\",\"target\":{\"@type\":\"EntryPoint\",\"urlTemplate\":\"https:\/\/paracherkaoui.ma\/?s={search_term_string}\"},\"query-input\":{\"@type\":\"PropertyValueSpecification\",\"valueRequired\":true,\"valueName\":\"search_term_string\"}}],\"inLanguage\":\"fr-FR\"}]}<\/script>\r\n<!-- \/ Yoast SEO plugin. -->","yoast_head_json":{"title":"AVENE HYALURON ACTIV B3 CREME REGENERATION CELLULAIRE 50 ML - Paracherkaoui.ma","robots":{"index":"index","follow":"follow","max-snippet":"max-snippet:-1","max-image-preview":"max-image-preview:large","max-video-preview":"max-video-preview:-1"},"canonical":"https:\/\/paracherkaoui.ma\/index.php\/produit\/avene-hyaluron-activ-b3-creme-regeneration-cellulaire-50-ml\/","og_locale":"fr_FR","og_type":"article","og_title":"AVENE HYALURON ACTIV B3 CREME REGENERATION CELLULAIRE 50 ML - Paracherkaoui.ma","og_description":"Cr\u00e8me concentr\u00e9e \u00e0 0,2% en acide hyaluronique pur et 6% en niacinamide, pour agir sur la cause du vieillissement. La","og_url":"https:\/\/paracherkaoui.ma\/index.php\/produit\/avene-hyaluron-activ-b3-creme-regeneration-cellulaire-50-ml\/","og_site_name":"Paracherkaoui.ma","article_modified_time":"2025-12-12T17:19:15+00:00","og_image":[{"width":700,"height":700,"url":"https:\/\/paracherkaoui.ma\/wp-content\/uploads\/2025\/12\/avene-avene-hyaluron-activ-b3-creme-regeneration-cellulaire-50-ml-premieres-rides.jpg","type":"image\/jpeg"}],"twitter_card":"summary_large_image","twitter_misc":{"Dur\u00e9e de lecture estim\u00e9e":"1 minute"},"schema":{"@context":"https:\/\/schema.org","@graph":[{"@type":"WebPage","@id":"https:\/\/paracherkaoui.ma\/index.php\/produit\/avene-hyaluron-activ-b3-creme-regeneration-cellulaire-50-ml\/","url":"https:\/\/paracherkaoui.ma\/index.php\/produit\/avene-hyaluron-activ-b3-creme-regeneration-cellulaire-50-ml\/","name":"AVENE HYALURON ACTIV B3 CREME REGENERATION CELLULAIRE 50 ML - Paracherkaoui.ma","isPartOf":{"@id":"https:\/\/paracherkaoui.ma\/#website"},"primaryImageOfPage":{"@id":"https:\/\/paracherkaoui.ma\/index.php\/produit\/avene-hyaluron-activ-b3-creme-regeneration-cellulaire-50-ml\/#primaryimage"},"image":{"@id":"https:\/\/paracherkaoui.ma\/index.php\/produit\/avene-hyaluron-activ-b3-creme-regeneration-cellulaire-50-ml\/#primaryimage"},"thumbnailUrl":"https:\/\/paracherkaoui.ma\/wp-content\/uploads\/2025\/12\/avene-avene-hyaluron-activ-b3-creme-regeneration-cellulaire-50-ml-premieres-rides.jpg","datePublished":"2025-12-12T17:19:13+00:00","dateModified":"2025-12-12T17:19:15+00:00","breadcrumb":{"@id":"https:\/\/paracherkaoui.ma\/index.php\/produit\/avene-hyaluron-activ-b3-creme-regeneration-cellulaire-50-ml\/#breadcrumb"},"inLanguage":"fr-FR","potentialAction":[{"@type":"ReadAction","target":["https:\/\/paracherkaoui.ma\/index.php\/produit\/avene-hyaluron-activ-b3-creme-regeneration-cellulaire-50-ml\/"]}]},{"@type":"ImageObject","inLanguage":"fr-FR","@id":"https:\/\/paracherkaoui.ma\/index.php\/produit\/avene-hyaluron-activ-b3-creme-regeneration-cellulaire-50-ml\/#primaryimage","url":"https:\/\/paracherkaoui.ma\/wp-content\/uploads\/2025\/12\/avene-avene-hyaluron-activ-b3-creme-regeneration-cellulaire-50-ml-premieres-rides.jpg","contentUrl":"https:\/\/paracherkaoui.ma\/wp-content\/uploads\/2025\/12\/avene-avene-hyaluron-activ-b3-creme-regeneration-cellulaire-50-ml-premieres-rides.jpg","width":700,"height":700},{"@type":"BreadcrumbList","@id":"https:\/\/paracherkaoui.ma\/index.php\/produit\/avene-hyaluron-activ-b3-creme-regeneration-cellulaire-50-ml\/#breadcrumb","itemListElement":[{"@type":"ListItem","position":1,"name":"Accueil","item":"https:\/\/paracherkaoui.ma\/"},{"@type":"ListItem","position":2,"name":"Boutique","item":"https:\/\/paracherkaoui.ma\/index.php\/boutique\/"},{"@type":"ListItem","position":3,"name":"AVENE HYALURON ACTIV B3 CREME REGENERATION CELLULAIRE 50 ML"}]},{"@type":"WebSite","@id":"https:\/\/paracherkaoui.ma\/#website","url":"https:\/\/paracherkaoui.ma\/","name":"Paracherkaoui.ma","description":"Achetez en ligne sur Paracherkaoui.ma","potentialAction":[{"@type":"SearchAction","target":{"@type":"EntryPoint","urlTemplate":"https:\/\/paracherkaoui.ma\/?s={search_term_string}"},"query-input":{"@type":"PropertyValueSpecification","valueRequired":true,"valueName":"search_term_string"}}],"inLanguage":"fr-FR"}]}},"_links":{"self":[{"href":"https:\/\/paracherkaoui.ma\/index.php\/wp-json\/wp\/v2\/product\/23845","targetHints":{"allow":["GET"]}}],"collection":[{"href":"https:\/\/paracherkaoui.ma\/index.php\/wp-json\/wp\/v2\/product"}],"about":[{"href":"https:\/\/paracherkaoui.ma\/index.php\/wp-json\/wp\/v2\/types\/product"}],"replies":[{"embeddable":true,"href":"https:\/\/paracherkaoui.ma\/index.php\/wp-json\/wp\/v2\/comments?post=23845"}],"version-history":[{"count":1,"href":"https:\/\/paracherkaoui.ma\/index.php\/wp-json\/wp\/v2\/product\/23845\/revisions"}],"predecessor-version":[{"id":23879,"href":"https:\/\/paracherkaoui.ma\/index.php\/wp-json\/wp\/v2\/product\/23845\/revisions\/23879"}],"wp:featuredmedia":[{"embeddable":true,"href":"https:\/\/paracherkaoui.ma\/index.php\/wp-json\/wp\/v2\/media\/23878"}],"wp:attachment":[{"href":"https:\/\/paracherkaoui.ma\/index.php\/wp-json\/wp\/v2\/media?parent=23845"}],"wp:term":[{"taxonomy":"product_brand","embeddable":true,"href":"https:\/\/paracherkaoui.ma\/index.php\/wp-json\/wp\/v2\/product_brand?post=23845"},{"taxonomy":"product_cat","embeddable":true,"href":"https:\/\/paracherkaoui.ma\/index.php\/wp-json\/wp\/v2\/product_cat?post=23845"},{"taxonomy":"product_tag","embeddable":true,"href":"https:\/\/paracherkaoui.ma\/index.php\/wp-json\/wp\/v2\/product_tag?post=23845"}],"curies":[{"name":"wp","href":"https:\/\/api.w.org\/{rel}","templated":true}]}}