{"id":23759,"date":"2025-12-12T18:19:02","date_gmt":"2025-12-12T17:19:02","guid":{"rendered":"https:\/\/test.ecbeaute.com\/?post_type=product&#038;p=23759"},"modified":"2025-12-12T18:19:03","modified_gmt":"2025-12-12T17:19:03","slug":"filorga-global-repair-advanced-creme-jeunesse-reparation-50-ml-2","status":"publish","type":"product","link":"https:\/\/paracherkaoui.ma\/index.php\/produit\/filorga-global-repair-advanced-creme-jeunesse-reparation-50-ml-2\/","title":{"rendered":"FILORGA GLOBAL REPAIR ADVANCED CREME JEUNESSE REPARATION 50 ML"},"content":{"rendered":"<p>La formule unique est enrichie d\u2019un complexe d\u2019actifs de pointe, incluant de l\u2019huile de cam\u00e9lia et de l\u2019extrait de rose de Damas, apportant nutrition et \u00e9clat. Ce soin est \u00e9galement infus\u00e9 d\u2019extrait de pivoine fran\u00e7aise, qui agit de mani\u00e8re sp\u00e9cifique sur les contours du visage, pour un ovale plus d\u00e9fini et raffermi. Sa texture fondante et enveloppante est parfaite pour les peaux matures et apporte un confort incomparable, s&rsquo;adaptant \u00e0 tous les types de peaux.<br \/>\nLes r\u00e9sultats sont cliniquement prouv\u00e9s : en seulement 7 jours d\u2019utilisation, 94 % des femmes d\u00e9clarent que leur peau est plus fortifi\u00e9e, tandis que 91 % remarquent une am\u00e9lioration de sa qualit\u00e9 et 82 % observent une fermet\u00e9 accrue. Apr\u00e8s 28 jours, 83 % des utilisatrices trouvent que leur peau semble visiblement plus jeune. Avec une formulation compos\u00e9e de 94 % d\u2019ingr\u00e9dients d\u2019origine naturelle, la Global Repair Advanced Cream est un soin dermatologique qui respecte la peau, avec une efficacit\u00e9 et une tol\u00e9rance optimales.<br \/>\nComposition<br \/>\nAQUA (WATER, EAU), GLYCERIN, C10-18 TRIGLYCERIDES, CAPRYLIC\/CAPRIC TRIGLYCERIDE, COCO-CAPRYLATE\/CAPRATE, GLYCERYL STEARATE SE, PROPANEDIOL, BUTYLENE GLYCOL, PRUNUS AMYGDALUS DULCIS (SWEET ALMOND) OIL, CETYL ALCOHOL, BRASSICA CAMPESTRIS (RAPESEED) SEED OIL, PENTYLENE GLYCOL, C18-36 ACID TRIGLYCERIDE, PARFUM (FRAGRANCE), HYDROXYETHYL ACRYLATE\/SODIUM ACRYLOYLDIMETHYL TAURATE COPOLYMER, JOJOBA ESTERS, POLYSORBATE 20, BISABOLOL, TOCOPHERYL ACETATE, SUCROSE PALMITATE, C12-18 ACID TRIGLYCERIDE, SQUALENE, CAPRYLYL GLYCOL, TABEBUIA IMPETIGINOSA BARK EXTRACT, POLYACRYLATE CROSSPOLYMER-6, POLYGLYCERYL-3 DIISOSTEARATE, GLYCERYL LINOLEATE, PAEONIA ALBIFLORA ROOT EXTRACT, O-CYMEN-5-OL, SODIUM CHLORIDE, SODIUM BENZOATE, FARNESOL, BORAGO OFFICINALIS SEED OIL, OENOTHERA BIENNIS (EVENING PRIMROSE) OIL, SIMMONDSIA CHINENSIS (JOJOBA) SEED OIL, CAMELLIA OLEIFERA SEED OIL, PHYTOSTERYL MACADAMIATE, ADENOSINE, POLYSORBATE 60, SORBITAN ISOSTEARATE, CARBOMER, SODIUM LACTATE, SODIUM PHYTATE, CERAMIDE NP, HELIANTHUS ANNUUS (SUNFLOWER) SEED OIL, PHYTOSTEROLS, 1,2-HEXANEDIOL, GLYCERYL STEARATE CITRATE, TOCOPHEROL, GLUCOSE, SODIUM HYALURONATE, ROSA DAMASCENA FLOWER OIL, ROSA DAMASCENA FLOWER WATER, ASCORBYL TETRAISOPALMITATE, POTASSIUM CHLORIDE, BETA-SITOSTEROL, POTASSIUM SORBATE, CALCIUM CHLORIDE, CITRIC ACID, MAGNESIUM SULFATE, GLUTAMINE, CITRONELLOL, CI 19140 (YELLOW 5), SODIUM PHOSPHATE, ASCORBIC ACID, SODIUM ACETATE, LYSINE HCL, ARGININE HCL, PALMITOYL TRIPEPTIDE-1, ALANINE, CI 17200 (RED 33), HISTIDINE HCL, VALINE, LEUCINE, THREONINE, ISOLEUCINE, PALMITOYL TETRAPEPTIDE-7, TRYPTOPHAN, PHENYLALANINE, TYROSINE, GLYCINE, POLYSORBATE 80, SERINE, CYSTINE, CYANOCOBALAMIN, GLUTATHIONE, ASPARAGINE, ASPARTIC ACID, ORNITHINE HCL, GLUTAMIC ACID, NICOTINAMIDE ADENINE DINUCLEOTIDE, PROLINE, METHIONINE, TAURINE, HYDROXYPROLINE, GLUCOSAMINE HCL, COENZYME A, SODIUM GLUCURONATE, THIAMINE DIPHOSPHATE, RETINYL ACETATE, INOSITOL, NIACIN, NIACINAMIDE, PYRIDOXINE<br \/>\nConseils d\u2019utilisation<br \/>\nPour de meilleurs r\u00e9sultats, appliquez la cr\u00e8me matin et soir sur le visage, le cou et le d\u00e9collet\u00e9. Chauffez une petite quantit\u00e9 de produit entre les mains puis massez d\u00e9licatement, en effectuant des mouvements circulaires pour une p\u00e9n\u00e9tration optimale et un effet stimulant. Le matin, vous pouvez l\u2019appliquer seule ou avant votre cr\u00e8me solaire. Le soir, utilisez la comme soin de nuit pour une peau r\u00e9g\u00e9n\u00e9r\u00e9e au r\u00e9veil.<\/p>\n","protected":false},"excerpt":{"rendered":"<p>La formule unique est enrichie d\u2019un complexe d\u2019actifs de pointe, incluant de l\u2019huile de cam\u00e9lia et de l\u2019extrait de rose<\/p>\n","protected":false},"featured_media":23115,"comment_status":"open","ping_status":"closed","template":"","meta":[],"product_brand":[141],"product_cat":[496],"product_tag":[],"class_list":{"0":"post-23759","1":"product","2":"type-product","3":"status-publish","4":"has-post-thumbnail","6":"product_brand-filorga","7":"product_cat-premieres-rides","9":"first","10":"instock","11":"sale","12":"shipping-taxable","13":"purchasable","14":"product-type-simple"},"yoast_head":"<!-- This site is optimized with the Yoast SEO plugin v26.6 - https:\/\/yoast.com\/wordpress\/plugins\/seo\/ -->\r\n<title>FILORGA GLOBAL REPAIR ADVANCED CREME JEUNESSE REPARATION 50 ML - Paracherkaoui.ma<\/title>\r\n<meta name=\"robots\" content=\"index, follow, max-snippet:-1, max-image-preview:large, max-video-preview:-1\" \/>\r\n<link rel=\"canonical\" href=\"https:\/\/paracherkaoui.ma\/index.php\/produit\/filorga-global-repair-advanced-creme-jeunesse-reparation-50-ml-2\/\" \/>\r\n<meta property=\"og:locale\" content=\"fr_FR\" \/>\r\n<meta property=\"og:type\" content=\"article\" \/>\r\n<meta property=\"og:title\" content=\"FILORGA GLOBAL REPAIR ADVANCED CREME JEUNESSE REPARATION 50 ML - Paracherkaoui.ma\" \/>\r\n<meta property=\"og:description\" content=\"La formule unique est enrichie d\u2019un complexe d\u2019actifs de pointe, incluant de l\u2019huile de cam\u00e9lia et de l\u2019extrait de rose\" \/>\r\n<meta property=\"og:url\" content=\"https:\/\/paracherkaoui.ma\/index.php\/produit\/filorga-global-repair-advanced-creme-jeunesse-reparation-50-ml-2\/\" \/>\r\n<meta property=\"og:site_name\" content=\"Paracherkaoui.ma\" \/>\r\n<meta property=\"article:modified_time\" content=\"2025-12-12T17:19:03+00:00\" \/>\r\n<meta property=\"og:image\" content=\"https:\/\/paracherkaoui.ma\/wp-content\/uploads\/2025\/12\/filorga-filorga-global-repair-advanced-creme-jeunesse-reparation-50-ml-soins-anti-age.jpg\" \/>\r\n\t<meta property=\"og:image:width\" content=\"700\" \/>\r\n\t<meta property=\"og:image:height\" content=\"700\" \/>\r\n\t<meta property=\"og:image:type\" content=\"image\/jpeg\" \/>\r\n<meta name=\"twitter:card\" content=\"summary_large_image\" \/>\r\n<meta name=\"twitter:label1\" content=\"Dur\u00e9e de lecture estim\u00e9e\" \/>\n\t<meta name=\"twitter:data1\" content=\"2 minutes\" \/>\r\n<script type=\"application\/ld+json\" class=\"yoast-schema-graph\">{\"@context\":\"https:\/\/schema.org\",\"@graph\":[{\"@type\":\"WebPage\",\"@id\":\"https:\/\/paracherkaoui.ma\/index.php\/produit\/filorga-global-repair-advanced-creme-jeunesse-reparation-50-ml-2\/\",\"url\":\"https:\/\/paracherkaoui.ma\/index.php\/produit\/filorga-global-repair-advanced-creme-jeunesse-reparation-50-ml-2\/\",\"name\":\"FILORGA GLOBAL REPAIR ADVANCED CREME JEUNESSE REPARATION 50 ML - Paracherkaoui.ma\",\"isPartOf\":{\"@id\":\"https:\/\/paracherkaoui.ma\/#website\"},\"primaryImageOfPage\":{\"@id\":\"https:\/\/paracherkaoui.ma\/index.php\/produit\/filorga-global-repair-advanced-creme-jeunesse-reparation-50-ml-2\/#primaryimage\"},\"image\":{\"@id\":\"https:\/\/paracherkaoui.ma\/index.php\/produit\/filorga-global-repair-advanced-creme-jeunesse-reparation-50-ml-2\/#primaryimage\"},\"thumbnailUrl\":\"https:\/\/paracherkaoui.ma\/wp-content\/uploads\/2025\/12\/filorga-filorga-global-repair-advanced-creme-jeunesse-reparation-50-ml-soins-anti-age.jpg\",\"datePublished\":\"2025-12-12T17:19:02+00:00\",\"dateModified\":\"2025-12-12T17:19:03+00:00\",\"breadcrumb\":{\"@id\":\"https:\/\/paracherkaoui.ma\/index.php\/produit\/filorga-global-repair-advanced-creme-jeunesse-reparation-50-ml-2\/#breadcrumb\"},\"inLanguage\":\"fr-FR\",\"potentialAction\":[{\"@type\":\"ReadAction\",\"target\":[\"https:\/\/paracherkaoui.ma\/index.php\/produit\/filorga-global-repair-advanced-creme-jeunesse-reparation-50-ml-2\/\"]}]},{\"@type\":\"ImageObject\",\"inLanguage\":\"fr-FR\",\"@id\":\"https:\/\/paracherkaoui.ma\/index.php\/produit\/filorga-global-repair-advanced-creme-jeunesse-reparation-50-ml-2\/#primaryimage\",\"url\":\"https:\/\/paracherkaoui.ma\/wp-content\/uploads\/2025\/12\/filorga-filorga-global-repair-advanced-creme-jeunesse-reparation-50-ml-soins-anti-age.jpg\",\"contentUrl\":\"https:\/\/paracherkaoui.ma\/wp-content\/uploads\/2025\/12\/filorga-filorga-global-repair-advanced-creme-jeunesse-reparation-50-ml-soins-anti-age.jpg\",\"width\":700,\"height\":700},{\"@type\":\"BreadcrumbList\",\"@id\":\"https:\/\/paracherkaoui.ma\/index.php\/produit\/filorga-global-repair-advanced-creme-jeunesse-reparation-50-ml-2\/#breadcrumb\",\"itemListElement\":[{\"@type\":\"ListItem\",\"position\":1,\"name\":\"Accueil\",\"item\":\"https:\/\/paracherkaoui.ma\/\"},{\"@type\":\"ListItem\",\"position\":2,\"name\":\"Boutique\",\"item\":\"https:\/\/paracherkaoui.ma\/index.php\/boutique\/\"},{\"@type\":\"ListItem\",\"position\":3,\"name\":\"FILORGA GLOBAL REPAIR ADVANCED CREME JEUNESSE REPARATION 50 ML\"}]},{\"@type\":\"WebSite\",\"@id\":\"https:\/\/paracherkaoui.ma\/#website\",\"url\":\"https:\/\/paracherkaoui.ma\/\",\"name\":\"Paracherkaoui.ma\",\"description\":\"Achetez en ligne sur Paracherkaoui.ma\",\"potentialAction\":[{\"@type\":\"SearchAction\",\"target\":{\"@type\":\"EntryPoint\",\"urlTemplate\":\"https:\/\/paracherkaoui.ma\/?s={search_term_string}\"},\"query-input\":{\"@type\":\"PropertyValueSpecification\",\"valueRequired\":true,\"valueName\":\"search_term_string\"}}],\"inLanguage\":\"fr-FR\"}]}<\/script>\r\n<!-- \/ Yoast SEO plugin. -->","yoast_head_json":{"title":"FILORGA GLOBAL REPAIR ADVANCED CREME JEUNESSE REPARATION 50 ML - Paracherkaoui.ma","robots":{"index":"index","follow":"follow","max-snippet":"max-snippet:-1","max-image-preview":"max-image-preview:large","max-video-preview":"max-video-preview:-1"},"canonical":"https:\/\/paracherkaoui.ma\/index.php\/produit\/filorga-global-repair-advanced-creme-jeunesse-reparation-50-ml-2\/","og_locale":"fr_FR","og_type":"article","og_title":"FILORGA GLOBAL REPAIR ADVANCED CREME JEUNESSE REPARATION 50 ML - Paracherkaoui.ma","og_description":"La formule unique est enrichie d\u2019un complexe d\u2019actifs de pointe, incluant de l\u2019huile de cam\u00e9lia et de l\u2019extrait de rose","og_url":"https:\/\/paracherkaoui.ma\/index.php\/produit\/filorga-global-repair-advanced-creme-jeunesse-reparation-50-ml-2\/","og_site_name":"Paracherkaoui.ma","article_modified_time":"2025-12-12T17:19:03+00:00","og_image":[{"width":700,"height":700,"url":"https:\/\/paracherkaoui.ma\/wp-content\/uploads\/2025\/12\/filorga-filorga-global-repair-advanced-creme-jeunesse-reparation-50-ml-soins-anti-age.jpg","type":"image\/jpeg"}],"twitter_card":"summary_large_image","twitter_misc":{"Dur\u00e9e de lecture estim\u00e9e":"2 minutes"},"schema":{"@context":"https:\/\/schema.org","@graph":[{"@type":"WebPage","@id":"https:\/\/paracherkaoui.ma\/index.php\/produit\/filorga-global-repair-advanced-creme-jeunesse-reparation-50-ml-2\/","url":"https:\/\/paracherkaoui.ma\/index.php\/produit\/filorga-global-repair-advanced-creme-jeunesse-reparation-50-ml-2\/","name":"FILORGA GLOBAL REPAIR ADVANCED CREME JEUNESSE REPARATION 50 ML - Paracherkaoui.ma","isPartOf":{"@id":"https:\/\/paracherkaoui.ma\/#website"},"primaryImageOfPage":{"@id":"https:\/\/paracherkaoui.ma\/index.php\/produit\/filorga-global-repair-advanced-creme-jeunesse-reparation-50-ml-2\/#primaryimage"},"image":{"@id":"https:\/\/paracherkaoui.ma\/index.php\/produit\/filorga-global-repair-advanced-creme-jeunesse-reparation-50-ml-2\/#primaryimage"},"thumbnailUrl":"https:\/\/paracherkaoui.ma\/wp-content\/uploads\/2025\/12\/filorga-filorga-global-repair-advanced-creme-jeunesse-reparation-50-ml-soins-anti-age.jpg","datePublished":"2025-12-12T17:19:02+00:00","dateModified":"2025-12-12T17:19:03+00:00","breadcrumb":{"@id":"https:\/\/paracherkaoui.ma\/index.php\/produit\/filorga-global-repair-advanced-creme-jeunesse-reparation-50-ml-2\/#breadcrumb"},"inLanguage":"fr-FR","potentialAction":[{"@type":"ReadAction","target":["https:\/\/paracherkaoui.ma\/index.php\/produit\/filorga-global-repair-advanced-creme-jeunesse-reparation-50-ml-2\/"]}]},{"@type":"ImageObject","inLanguage":"fr-FR","@id":"https:\/\/paracherkaoui.ma\/index.php\/produit\/filorga-global-repair-advanced-creme-jeunesse-reparation-50-ml-2\/#primaryimage","url":"https:\/\/paracherkaoui.ma\/wp-content\/uploads\/2025\/12\/filorga-filorga-global-repair-advanced-creme-jeunesse-reparation-50-ml-soins-anti-age.jpg","contentUrl":"https:\/\/paracherkaoui.ma\/wp-content\/uploads\/2025\/12\/filorga-filorga-global-repair-advanced-creme-jeunesse-reparation-50-ml-soins-anti-age.jpg","width":700,"height":700},{"@type":"BreadcrumbList","@id":"https:\/\/paracherkaoui.ma\/index.php\/produit\/filorga-global-repair-advanced-creme-jeunesse-reparation-50-ml-2\/#breadcrumb","itemListElement":[{"@type":"ListItem","position":1,"name":"Accueil","item":"https:\/\/paracherkaoui.ma\/"},{"@type":"ListItem","position":2,"name":"Boutique","item":"https:\/\/paracherkaoui.ma\/index.php\/boutique\/"},{"@type":"ListItem","position":3,"name":"FILORGA GLOBAL REPAIR ADVANCED CREME JEUNESSE REPARATION 50 ML"}]},{"@type":"WebSite","@id":"https:\/\/paracherkaoui.ma\/#website","url":"https:\/\/paracherkaoui.ma\/","name":"Paracherkaoui.ma","description":"Achetez en ligne sur Paracherkaoui.ma","potentialAction":[{"@type":"SearchAction","target":{"@type":"EntryPoint","urlTemplate":"https:\/\/paracherkaoui.ma\/?s={search_term_string}"},"query-input":{"@type":"PropertyValueSpecification","valueRequired":true,"valueName":"search_term_string"}}],"inLanguage":"fr-FR"}]}},"_links":{"self":[{"href":"https:\/\/paracherkaoui.ma\/index.php\/wp-json\/wp\/v2\/product\/23759","targetHints":{"allow":["GET"]}}],"collection":[{"href":"https:\/\/paracherkaoui.ma\/index.php\/wp-json\/wp\/v2\/product"}],"about":[{"href":"https:\/\/paracherkaoui.ma\/index.php\/wp-json\/wp\/v2\/types\/product"}],"replies":[{"embeddable":true,"href":"https:\/\/paracherkaoui.ma\/index.php\/wp-json\/wp\/v2\/comments?post=23759"}],"version-history":[{"count":1,"href":"https:\/\/paracherkaoui.ma\/index.php\/wp-json\/wp\/v2\/product\/23759\/revisions"}],"predecessor-version":[{"id":23789,"href":"https:\/\/paracherkaoui.ma\/index.php\/wp-json\/wp\/v2\/product\/23759\/revisions\/23789"}],"wp:featuredmedia":[{"embeddable":true,"href":"https:\/\/paracherkaoui.ma\/index.php\/wp-json\/wp\/v2\/media\/23115"}],"wp:attachment":[{"href":"https:\/\/paracherkaoui.ma\/index.php\/wp-json\/wp\/v2\/media?parent=23759"}],"wp:term":[{"taxonomy":"product_brand","embeddable":true,"href":"https:\/\/paracherkaoui.ma\/index.php\/wp-json\/wp\/v2\/product_brand?post=23759"},{"taxonomy":"product_cat","embeddable":true,"href":"https:\/\/paracherkaoui.ma\/index.php\/wp-json\/wp\/v2\/product_cat?post=23759"},{"taxonomy":"product_tag","embeddable":true,"href":"https:\/\/paracherkaoui.ma\/index.php\/wp-json\/wp\/v2\/product_tag?post=23759"}],"curies":[{"name":"wp","href":"https:\/\/api.w.org\/{rel}","templated":true}]}}