{"id":23695,"date":"2025-12-12T18:18:54","date_gmt":"2025-12-12T17:18:54","guid":{"rendered":"https:\/\/test.ecbeaute.com\/?post_type=product&#038;p=23695"},"modified":"2025-12-12T18:18:57","modified_gmt":"2025-12-12T17:18:57","slug":"heliabrine-hydra-satinee-creme-lissante-50-ml-et-helixience-soin-exfoliant-visage-75-ml-offert","status":"publish","type":"product","link":"https:\/\/paracherkaoui.ma\/index.php\/produit\/heliabrine-hydra-satinee-creme-lissante-50-ml-et-helixience-soin-exfoliant-visage-75-ml-offert\/","title":{"rendered":"HELIABRINE HYDRA SATINEE CREME LISSANTE 50 ML ET HELIXIENCE SOIN EXFOLIANT VISAGE 75 ML OFFERT"},"content":{"rendered":"<p>HELIABRINE HYDRA SATINEE CREME LISSANTE est un soin complet aux propri\u00e9t\u00e9s hydratantes, r\u00e9g\u00e9n\u00e9rantes, et restructurantes. Enrichie \u00e0 95% d\u2019ingr\u00e9dients d\u2019origine naturelle, cette cr\u00e8me onctueuse s&rsquo;adapte \u00e0 tous les types de peau, m\u00eame les plus sensibles. Particuli\u00e8rement recommand\u00e9e pour les peaux s\u00e8ches ou matures, elle agit comme un bouclier protecteur, lissant et renfor\u00e7ant l\u2019\u00e9piderme. Gr\u00e2ce \u00e0 ses actifs antioxydants et anti-\u00e2ge, elle aide \u00e0 pr\u00e9venir les signes du vieillissement cutan\u00e9, laissant la peau douce, lisse et lumineuse.<br \/>\nLe Soin Exfoliant Visage Helixience, offert dans ce duo, est une v\u00e9ritable r\u00e9v\u00e9lation pour votre peau. Formul\u00e9 \u00e0 base de caviar et d&rsquo;extrait de raisin rouge, ce soin exfoliant doux est riche en vitamines A, B, D et en polyph\u00e9nols. Ces ingr\u00e9dients pr\u00e9cieux \u00e9liminent efficacement les cellules mortes et les impuret\u00e9s, r\u00e9v\u00e9lant un teint \u00e9clatant et unifi\u00e9. La texture fondante et dor\u00e9e de l&rsquo;exfoliant procure une sensation de bien-\u00eatre et d\u00e9lecte les sens, transformant chaque utilisation en un moment de pur plaisir. Apr\u00e8s l&rsquo;exfoliation, votre peau est plus r\u00e9ceptive aux soins hydratants et anti-\u00e2ge, maximisant les bienfaits de la cr\u00e8me Hydra Satin\u00e9e.<br \/>\nConseils d\u2019utilisation :<br \/>\nHELIABRINE HYDRA SATINEE CREME LISSANTE : Appliquez matin et\/ou soir sur une peau parfaitement nettoy\u00e9e. Massez d\u00e9licatement jusqu\u2019\u00e0 absorption compl\u00e8te pour un effet lissant optimal.<br \/>\nHELIXIENCE SOIN EXFOLIANT VISAGE : Utilisez une \u00e0 deux fois par semaine. Appliquez une petite quantit\u00e9 sur le visage humidifi\u00e9, massez en mouvements circulaires, puis rincez abondamment \u00e0 l&rsquo;eau ti\u00e8de.<br \/>\nCe duo vous offre une routine compl\u00e8te pour une peau revitalis\u00e9e, douce et \u00e9clatante de sant\u00e9.<\/p>\n","protected":false},"excerpt":{"rendered":"<p>HELIABRINE HYDRA SATINEE CREME LISSANTE est un soin complet aux propri\u00e9t\u00e9s hydratantes, r\u00e9g\u00e9n\u00e9rantes, et restructurantes. Enrichie \u00e0 95% d\u2019ingr\u00e9dients d\u2019origine<\/p>\n","protected":false},"featured_media":23735,"comment_status":"open","ping_status":"closed","template":"","meta":[],"product_brand":[360],"product_cat":[496],"product_tag":[],"class_list":{"0":"post-23695","1":"product","2":"type-product","3":"status-publish","4":"has-post-thumbnail","6":"product_brand-heliabrine","7":"product_cat-premieres-rides","9":"first","10":"instock","11":"sale","12":"shipping-taxable","13":"purchasable","14":"product-type-simple"},"yoast_head":"<!-- This site is optimized with the Yoast SEO plugin v26.6 - https:\/\/yoast.com\/wordpress\/plugins\/seo\/ -->\r\n<title>HELIABRINE HYDRA SATINEE CREME LISSANTE 50 ML ET HELIXIENCE SOIN EXFOLIANT VISAGE 75 ML OFFERT - Paracherkaoui.ma<\/title>\r\n<meta name=\"robots\" content=\"index, follow, max-snippet:-1, max-image-preview:large, max-video-preview:-1\" \/>\r\n<link rel=\"canonical\" href=\"https:\/\/paracherkaoui.ma\/index.php\/produit\/heliabrine-hydra-satinee-creme-lissante-50-ml-et-helixience-soin-exfoliant-visage-75-ml-offert\/\" \/>\r\n<meta property=\"og:locale\" content=\"fr_FR\" \/>\r\n<meta property=\"og:type\" content=\"article\" \/>\r\n<meta property=\"og:title\" content=\"HELIABRINE HYDRA SATINEE CREME LISSANTE 50 ML ET HELIXIENCE SOIN EXFOLIANT VISAGE 75 ML OFFERT - Paracherkaoui.ma\" \/>\r\n<meta property=\"og:description\" content=\"HELIABRINE HYDRA SATINEE CREME LISSANTE est un soin complet aux propri\u00e9t\u00e9s hydratantes, r\u00e9g\u00e9n\u00e9rantes, et restructurantes. Enrichie \u00e0 95% d\u2019ingr\u00e9dients d\u2019origine\" \/>\r\n<meta property=\"og:url\" content=\"https:\/\/paracherkaoui.ma\/index.php\/produit\/heliabrine-hydra-satinee-creme-lissante-50-ml-et-helixience-soin-exfoliant-visage-75-ml-offert\/\" \/>\r\n<meta property=\"og:site_name\" content=\"Paracherkaoui.ma\" \/>\r\n<meta property=\"article:modified_time\" content=\"2025-12-12T17:18:57+00:00\" \/>\r\n<meta property=\"og:image\" content=\"https:\/\/paracherkaoui.ma\/wp-content\/uploads\/2025\/12\/heliabrine-heliabrine-hydra-satinee-creme-lissante-50-ml-et-helixience-soin-exfoliant-visage-75-ml-offert-premieres-rides.jpg\" \/>\r\n\t<meta property=\"og:image:width\" content=\"700\" \/>\r\n\t<meta property=\"og:image:height\" content=\"700\" \/>\r\n\t<meta property=\"og:image:type\" content=\"image\/jpeg\" \/>\r\n<meta name=\"twitter:card\" content=\"summary_large_image\" \/>\r\n<meta name=\"twitter:label1\" content=\"Dur\u00e9e de lecture estim\u00e9e\" \/>\n\t<meta name=\"twitter:data1\" content=\"1 minute\" \/>\r\n<script type=\"application\/ld+json\" class=\"yoast-schema-graph\">{\"@context\":\"https:\/\/schema.org\",\"@graph\":[{\"@type\":\"WebPage\",\"@id\":\"https:\/\/paracherkaoui.ma\/index.php\/produit\/heliabrine-hydra-satinee-creme-lissante-50-ml-et-helixience-soin-exfoliant-visage-75-ml-offert\/\",\"url\":\"https:\/\/paracherkaoui.ma\/index.php\/produit\/heliabrine-hydra-satinee-creme-lissante-50-ml-et-helixience-soin-exfoliant-visage-75-ml-offert\/\",\"name\":\"HELIABRINE HYDRA SATINEE CREME LISSANTE 50 ML ET HELIXIENCE SOIN EXFOLIANT VISAGE 75 ML OFFERT - Paracherkaoui.ma\",\"isPartOf\":{\"@id\":\"https:\/\/paracherkaoui.ma\/#website\"},\"primaryImageOfPage\":{\"@id\":\"https:\/\/paracherkaoui.ma\/index.php\/produit\/heliabrine-hydra-satinee-creme-lissante-50-ml-et-helixience-soin-exfoliant-visage-75-ml-offert\/#primaryimage\"},\"image\":{\"@id\":\"https:\/\/paracherkaoui.ma\/index.php\/produit\/heliabrine-hydra-satinee-creme-lissante-50-ml-et-helixience-soin-exfoliant-visage-75-ml-offert\/#primaryimage\"},\"thumbnailUrl\":\"https:\/\/paracherkaoui.ma\/wp-content\/uploads\/2025\/12\/heliabrine-heliabrine-hydra-satinee-creme-lissante-50-ml-et-helixience-soin-exfoliant-visage-75-ml-offert-premieres-rides.jpg\",\"datePublished\":\"2025-12-12T17:18:54+00:00\",\"dateModified\":\"2025-12-12T17:18:57+00:00\",\"breadcrumb\":{\"@id\":\"https:\/\/paracherkaoui.ma\/index.php\/produit\/heliabrine-hydra-satinee-creme-lissante-50-ml-et-helixience-soin-exfoliant-visage-75-ml-offert\/#breadcrumb\"},\"inLanguage\":\"fr-FR\",\"potentialAction\":[{\"@type\":\"ReadAction\",\"target\":[\"https:\/\/paracherkaoui.ma\/index.php\/produit\/heliabrine-hydra-satinee-creme-lissante-50-ml-et-helixience-soin-exfoliant-visage-75-ml-offert\/\"]}]},{\"@type\":\"ImageObject\",\"inLanguage\":\"fr-FR\",\"@id\":\"https:\/\/paracherkaoui.ma\/index.php\/produit\/heliabrine-hydra-satinee-creme-lissante-50-ml-et-helixience-soin-exfoliant-visage-75-ml-offert\/#primaryimage\",\"url\":\"https:\/\/paracherkaoui.ma\/wp-content\/uploads\/2025\/12\/heliabrine-heliabrine-hydra-satinee-creme-lissante-50-ml-et-helixience-soin-exfoliant-visage-75-ml-offert-premieres-rides.jpg\",\"contentUrl\":\"https:\/\/paracherkaoui.ma\/wp-content\/uploads\/2025\/12\/heliabrine-heliabrine-hydra-satinee-creme-lissante-50-ml-et-helixience-soin-exfoliant-visage-75-ml-offert-premieres-rides.jpg\",\"width\":700,\"height\":700},{\"@type\":\"BreadcrumbList\",\"@id\":\"https:\/\/paracherkaoui.ma\/index.php\/produit\/heliabrine-hydra-satinee-creme-lissante-50-ml-et-helixience-soin-exfoliant-visage-75-ml-offert\/#breadcrumb\",\"itemListElement\":[{\"@type\":\"ListItem\",\"position\":1,\"name\":\"Accueil\",\"item\":\"https:\/\/paracherkaoui.ma\/\"},{\"@type\":\"ListItem\",\"position\":2,\"name\":\"Boutique\",\"item\":\"https:\/\/paracherkaoui.ma\/index.php\/boutique\/\"},{\"@type\":\"ListItem\",\"position\":3,\"name\":\"HELIABRINE HYDRA SATINEE CREME LISSANTE 50 ML ET HELIXIENCE SOIN EXFOLIANT VISAGE 75 ML OFFERT\"}]},{\"@type\":\"WebSite\",\"@id\":\"https:\/\/paracherkaoui.ma\/#website\",\"url\":\"https:\/\/paracherkaoui.ma\/\",\"name\":\"Paracherkaoui.ma\",\"description\":\"Achetez en ligne sur Paracherkaoui.ma\",\"potentialAction\":[{\"@type\":\"SearchAction\",\"target\":{\"@type\":\"EntryPoint\",\"urlTemplate\":\"https:\/\/paracherkaoui.ma\/?s={search_term_string}\"},\"query-input\":{\"@type\":\"PropertyValueSpecification\",\"valueRequired\":true,\"valueName\":\"search_term_string\"}}],\"inLanguage\":\"fr-FR\"}]}<\/script>\r\n<!-- \/ Yoast SEO plugin. -->","yoast_head_json":{"title":"HELIABRINE HYDRA SATINEE CREME LISSANTE 50 ML ET HELIXIENCE SOIN EXFOLIANT VISAGE 75 ML OFFERT - Paracherkaoui.ma","robots":{"index":"index","follow":"follow","max-snippet":"max-snippet:-1","max-image-preview":"max-image-preview:large","max-video-preview":"max-video-preview:-1"},"canonical":"https:\/\/paracherkaoui.ma\/index.php\/produit\/heliabrine-hydra-satinee-creme-lissante-50-ml-et-helixience-soin-exfoliant-visage-75-ml-offert\/","og_locale":"fr_FR","og_type":"article","og_title":"HELIABRINE HYDRA SATINEE CREME LISSANTE 50 ML ET HELIXIENCE SOIN EXFOLIANT VISAGE 75 ML OFFERT - Paracherkaoui.ma","og_description":"HELIABRINE HYDRA SATINEE CREME LISSANTE est un soin complet aux propri\u00e9t\u00e9s hydratantes, r\u00e9g\u00e9n\u00e9rantes, et restructurantes. Enrichie \u00e0 95% d\u2019ingr\u00e9dients d\u2019origine","og_url":"https:\/\/paracherkaoui.ma\/index.php\/produit\/heliabrine-hydra-satinee-creme-lissante-50-ml-et-helixience-soin-exfoliant-visage-75-ml-offert\/","og_site_name":"Paracherkaoui.ma","article_modified_time":"2025-12-12T17:18:57+00:00","og_image":[{"width":700,"height":700,"url":"https:\/\/paracherkaoui.ma\/wp-content\/uploads\/2025\/12\/heliabrine-heliabrine-hydra-satinee-creme-lissante-50-ml-et-helixience-soin-exfoliant-visage-75-ml-offert-premieres-rides.jpg","type":"image\/jpeg"}],"twitter_card":"summary_large_image","twitter_misc":{"Dur\u00e9e de lecture estim\u00e9e":"1 minute"},"schema":{"@context":"https:\/\/schema.org","@graph":[{"@type":"WebPage","@id":"https:\/\/paracherkaoui.ma\/index.php\/produit\/heliabrine-hydra-satinee-creme-lissante-50-ml-et-helixience-soin-exfoliant-visage-75-ml-offert\/","url":"https:\/\/paracherkaoui.ma\/index.php\/produit\/heliabrine-hydra-satinee-creme-lissante-50-ml-et-helixience-soin-exfoliant-visage-75-ml-offert\/","name":"HELIABRINE HYDRA SATINEE CREME LISSANTE 50 ML ET HELIXIENCE SOIN EXFOLIANT VISAGE 75 ML OFFERT - Paracherkaoui.ma","isPartOf":{"@id":"https:\/\/paracherkaoui.ma\/#website"},"primaryImageOfPage":{"@id":"https:\/\/paracherkaoui.ma\/index.php\/produit\/heliabrine-hydra-satinee-creme-lissante-50-ml-et-helixience-soin-exfoliant-visage-75-ml-offert\/#primaryimage"},"image":{"@id":"https:\/\/paracherkaoui.ma\/index.php\/produit\/heliabrine-hydra-satinee-creme-lissante-50-ml-et-helixience-soin-exfoliant-visage-75-ml-offert\/#primaryimage"},"thumbnailUrl":"https:\/\/paracherkaoui.ma\/wp-content\/uploads\/2025\/12\/heliabrine-heliabrine-hydra-satinee-creme-lissante-50-ml-et-helixience-soin-exfoliant-visage-75-ml-offert-premieres-rides.jpg","datePublished":"2025-12-12T17:18:54+00:00","dateModified":"2025-12-12T17:18:57+00:00","breadcrumb":{"@id":"https:\/\/paracherkaoui.ma\/index.php\/produit\/heliabrine-hydra-satinee-creme-lissante-50-ml-et-helixience-soin-exfoliant-visage-75-ml-offert\/#breadcrumb"},"inLanguage":"fr-FR","potentialAction":[{"@type":"ReadAction","target":["https:\/\/paracherkaoui.ma\/index.php\/produit\/heliabrine-hydra-satinee-creme-lissante-50-ml-et-helixience-soin-exfoliant-visage-75-ml-offert\/"]}]},{"@type":"ImageObject","inLanguage":"fr-FR","@id":"https:\/\/paracherkaoui.ma\/index.php\/produit\/heliabrine-hydra-satinee-creme-lissante-50-ml-et-helixience-soin-exfoliant-visage-75-ml-offert\/#primaryimage","url":"https:\/\/paracherkaoui.ma\/wp-content\/uploads\/2025\/12\/heliabrine-heliabrine-hydra-satinee-creme-lissante-50-ml-et-helixience-soin-exfoliant-visage-75-ml-offert-premieres-rides.jpg","contentUrl":"https:\/\/paracherkaoui.ma\/wp-content\/uploads\/2025\/12\/heliabrine-heliabrine-hydra-satinee-creme-lissante-50-ml-et-helixience-soin-exfoliant-visage-75-ml-offert-premieres-rides.jpg","width":700,"height":700},{"@type":"BreadcrumbList","@id":"https:\/\/paracherkaoui.ma\/index.php\/produit\/heliabrine-hydra-satinee-creme-lissante-50-ml-et-helixience-soin-exfoliant-visage-75-ml-offert\/#breadcrumb","itemListElement":[{"@type":"ListItem","position":1,"name":"Accueil","item":"https:\/\/paracherkaoui.ma\/"},{"@type":"ListItem","position":2,"name":"Boutique","item":"https:\/\/paracherkaoui.ma\/index.php\/boutique\/"},{"@type":"ListItem","position":3,"name":"HELIABRINE HYDRA SATINEE CREME LISSANTE 50 ML ET HELIXIENCE SOIN EXFOLIANT VISAGE 75 ML OFFERT"}]},{"@type":"WebSite","@id":"https:\/\/paracherkaoui.ma\/#website","url":"https:\/\/paracherkaoui.ma\/","name":"Paracherkaoui.ma","description":"Achetez en ligne sur Paracherkaoui.ma","potentialAction":[{"@type":"SearchAction","target":{"@type":"EntryPoint","urlTemplate":"https:\/\/paracherkaoui.ma\/?s={search_term_string}"},"query-input":{"@type":"PropertyValueSpecification","valueRequired":true,"valueName":"search_term_string"}}],"inLanguage":"fr-FR"}]}},"_links":{"self":[{"href":"https:\/\/paracherkaoui.ma\/index.php\/wp-json\/wp\/v2\/product\/23695","targetHints":{"allow":["GET"]}}],"collection":[{"href":"https:\/\/paracherkaoui.ma\/index.php\/wp-json\/wp\/v2\/product"}],"about":[{"href":"https:\/\/paracherkaoui.ma\/index.php\/wp-json\/wp\/v2\/types\/product"}],"replies":[{"embeddable":true,"href":"https:\/\/paracherkaoui.ma\/index.php\/wp-json\/wp\/v2\/comments?post=23695"}],"version-history":[{"count":1,"href":"https:\/\/paracherkaoui.ma\/index.php\/wp-json\/wp\/v2\/product\/23695\/revisions"}],"predecessor-version":[{"id":23736,"href":"https:\/\/paracherkaoui.ma\/index.php\/wp-json\/wp\/v2\/product\/23695\/revisions\/23736"}],"wp:featuredmedia":[{"embeddable":true,"href":"https:\/\/paracherkaoui.ma\/index.php\/wp-json\/wp\/v2\/media\/23735"}],"wp:attachment":[{"href":"https:\/\/paracherkaoui.ma\/index.php\/wp-json\/wp\/v2\/media?parent=23695"}],"wp:term":[{"taxonomy":"product_brand","embeddable":true,"href":"https:\/\/paracherkaoui.ma\/index.php\/wp-json\/wp\/v2\/product_brand?post=23695"},{"taxonomy":"product_cat","embeddable":true,"href":"https:\/\/paracherkaoui.ma\/index.php\/wp-json\/wp\/v2\/product_cat?post=23695"},{"taxonomy":"product_tag","embeddable":true,"href":"https:\/\/paracherkaoui.ma\/index.php\/wp-json\/wp\/v2\/product_tag?post=23695"}],"curies":[{"name":"wp","href":"https:\/\/api.w.org\/{rel}","templated":true}]}}