{"id":23681,"date":"2025-12-12T18:18:54","date_gmt":"2025-12-12T17:18:54","guid":{"rendered":"https:\/\/test.ecbeaute.com\/?post_type=product&#038;p=23681"},"modified":"2025-12-12T18:18:55","modified_gmt":"2025-12-12T17:18:55","slug":"dermalium-gold-creme-regeneratrice-cellulaire-anti-age-du-jour-50ml","status":"publish","type":"product","link":"https:\/\/paracherkaoui.ma\/index.php\/produit\/dermalium-gold-creme-regeneratrice-cellulaire-anti-age-du-jour-50ml\/","title":{"rendered":"DERMALIUM GOLD CREME REGENERATRICE CELLULAIRE ANTI-AGE DU JOUR 50ml"},"content":{"rendered":"<p>Redensifie en profondeur.<br \/>\n\u2022 Raermit.<br \/>\n\u2022 R\u00e9duit les rides.<br \/>\n10<br \/>\nAcide Hyaluronique<br \/>\nUltra fractionn\u00e9 :<br \/>\n1% OR<br \/>\n\u2022 Met un terme aux aspects inesth\u00e9tiques li\u00e9s \u00e0 l\u2019\u00e2ge.<br \/>\n\u2022 Excellent booster du syst\u00e8me immunitaire.<br \/>\n\u2022 Accentue l\u2019\u00e9clat du teint.<br \/>\nSweet Almond Oil<br \/>\n(L\u2019huile D\u2019amande douce)<br \/>\nRiche en Vitamine A, am\u00e9liore l\u2019\u00e9lasticit\u00e9 de la peau<br \/>\nainsi que la vitamine E, actif anti-\u00e2ge pour lutter contre<br \/>\nle vieillissement cutan\u00e9<br \/>\nMode d\u2019utilisation :<br \/>\nAppliquer en soin quotidien matin et\/ou soir sur l\u2019ensemble du<br \/>\nvisage.<\/p>\n","protected":false},"excerpt":{"rendered":"<p>Redensifie en profondeur. \u2022 Raermit. \u2022 R\u00e9duit les rides. 10 Acide Hyaluronique Ultra fractionn\u00e9 : 1% OR \u2022 Met un<\/p>\n","protected":false},"featured_media":23711,"comment_status":"open","ping_status":"closed","template":"","meta":[],"product_brand":[194],"product_cat":[496],"product_tag":[],"class_list":{"0":"post-23681","1":"product","2":"type-product","3":"status-publish","4":"has-post-thumbnail","6":"product_brand-dermalium","7":"product_cat-premieres-rides","9":"first","10":"instock","11":"sale","12":"shipping-taxable","13":"purchasable","14":"product-type-simple"},"yoast_head":"<!-- This site is optimized with the Yoast SEO plugin v26.6 - https:\/\/yoast.com\/wordpress\/plugins\/seo\/ -->\r\n<title>DERMALIUM GOLD CREME REGENERATRICE CELLULAIRE ANTI-AGE DU JOUR 50ml - Paracherkaoui.ma<\/title>\r\n<meta name=\"robots\" content=\"index, follow, max-snippet:-1, max-image-preview:large, max-video-preview:-1\" \/>\r\n<link rel=\"canonical\" href=\"https:\/\/paracherkaoui.ma\/index.php\/produit\/dermalium-gold-creme-regeneratrice-cellulaire-anti-age-du-jour-50ml\/\" \/>\r\n<meta property=\"og:locale\" content=\"fr_FR\" \/>\r\n<meta property=\"og:type\" content=\"article\" \/>\r\n<meta property=\"og:title\" content=\"DERMALIUM GOLD CREME REGENERATRICE CELLULAIRE ANTI-AGE DU JOUR 50ml - Paracherkaoui.ma\" \/>\r\n<meta property=\"og:description\" content=\"Redensifie en profondeur. \u2022 Raermit. \u2022 R\u00e9duit les rides. 10 Acide Hyaluronique Ultra fractionn\u00e9 : 1% OR \u2022 Met un\" \/>\r\n<meta property=\"og:url\" content=\"https:\/\/paracherkaoui.ma\/index.php\/produit\/dermalium-gold-creme-regeneratrice-cellulaire-anti-age-du-jour-50ml\/\" \/>\r\n<meta property=\"og:site_name\" content=\"Paracherkaoui.ma\" \/>\r\n<meta property=\"article:modified_time\" content=\"2025-12-12T17:18:55+00:00\" \/>\r\n<meta property=\"og:image\" content=\"https:\/\/paracherkaoui.ma\/wp-content\/uploads\/2025\/12\/dermalium-dermalium-gold-creme-regeneratrice-cellulaire-anti-age-du-jour-50ml-premieres-rides.jpg\" \/>\r\n\t<meta property=\"og:image:width\" content=\"700\" \/>\r\n\t<meta property=\"og:image:height\" content=\"700\" \/>\r\n\t<meta property=\"og:image:type\" content=\"image\/jpeg\" \/>\r\n<meta name=\"twitter:card\" content=\"summary_large_image\" \/>\r\n<script type=\"application\/ld+json\" class=\"yoast-schema-graph\">{\"@context\":\"https:\/\/schema.org\",\"@graph\":[{\"@type\":\"WebPage\",\"@id\":\"https:\/\/paracherkaoui.ma\/index.php\/produit\/dermalium-gold-creme-regeneratrice-cellulaire-anti-age-du-jour-50ml\/\",\"url\":\"https:\/\/paracherkaoui.ma\/index.php\/produit\/dermalium-gold-creme-regeneratrice-cellulaire-anti-age-du-jour-50ml\/\",\"name\":\"DERMALIUM GOLD CREME REGENERATRICE CELLULAIRE ANTI-AGE DU JOUR 50ml - Paracherkaoui.ma\",\"isPartOf\":{\"@id\":\"https:\/\/paracherkaoui.ma\/#website\"},\"primaryImageOfPage\":{\"@id\":\"https:\/\/paracherkaoui.ma\/index.php\/produit\/dermalium-gold-creme-regeneratrice-cellulaire-anti-age-du-jour-50ml\/#primaryimage\"},\"image\":{\"@id\":\"https:\/\/paracherkaoui.ma\/index.php\/produit\/dermalium-gold-creme-regeneratrice-cellulaire-anti-age-du-jour-50ml\/#primaryimage\"},\"thumbnailUrl\":\"https:\/\/paracherkaoui.ma\/wp-content\/uploads\/2025\/12\/dermalium-dermalium-gold-creme-regeneratrice-cellulaire-anti-age-du-jour-50ml-premieres-rides.jpg\",\"datePublished\":\"2025-12-12T17:18:54+00:00\",\"dateModified\":\"2025-12-12T17:18:55+00:00\",\"breadcrumb\":{\"@id\":\"https:\/\/paracherkaoui.ma\/index.php\/produit\/dermalium-gold-creme-regeneratrice-cellulaire-anti-age-du-jour-50ml\/#breadcrumb\"},\"inLanguage\":\"fr-FR\",\"potentialAction\":[{\"@type\":\"ReadAction\",\"target\":[\"https:\/\/paracherkaoui.ma\/index.php\/produit\/dermalium-gold-creme-regeneratrice-cellulaire-anti-age-du-jour-50ml\/\"]}]},{\"@type\":\"ImageObject\",\"inLanguage\":\"fr-FR\",\"@id\":\"https:\/\/paracherkaoui.ma\/index.php\/produit\/dermalium-gold-creme-regeneratrice-cellulaire-anti-age-du-jour-50ml\/#primaryimage\",\"url\":\"https:\/\/paracherkaoui.ma\/wp-content\/uploads\/2025\/12\/dermalium-dermalium-gold-creme-regeneratrice-cellulaire-anti-age-du-jour-50ml-premieres-rides.jpg\",\"contentUrl\":\"https:\/\/paracherkaoui.ma\/wp-content\/uploads\/2025\/12\/dermalium-dermalium-gold-creme-regeneratrice-cellulaire-anti-age-du-jour-50ml-premieres-rides.jpg\",\"width\":700,\"height\":700},{\"@type\":\"BreadcrumbList\",\"@id\":\"https:\/\/paracherkaoui.ma\/index.php\/produit\/dermalium-gold-creme-regeneratrice-cellulaire-anti-age-du-jour-50ml\/#breadcrumb\",\"itemListElement\":[{\"@type\":\"ListItem\",\"position\":1,\"name\":\"Accueil\",\"item\":\"https:\/\/paracherkaoui.ma\/\"},{\"@type\":\"ListItem\",\"position\":2,\"name\":\"Boutique\",\"item\":\"https:\/\/paracherkaoui.ma\/index.php\/boutique\/\"},{\"@type\":\"ListItem\",\"position\":3,\"name\":\"DERMALIUM GOLD CREME REGENERATRICE CELLULAIRE ANTI-AGE DU JOUR 50ml\"}]},{\"@type\":\"WebSite\",\"@id\":\"https:\/\/paracherkaoui.ma\/#website\",\"url\":\"https:\/\/paracherkaoui.ma\/\",\"name\":\"Paracherkaoui.ma\",\"description\":\"Achetez en ligne sur Paracherkaoui.ma\",\"potentialAction\":[{\"@type\":\"SearchAction\",\"target\":{\"@type\":\"EntryPoint\",\"urlTemplate\":\"https:\/\/paracherkaoui.ma\/?s={search_term_string}\"},\"query-input\":{\"@type\":\"PropertyValueSpecification\",\"valueRequired\":true,\"valueName\":\"search_term_string\"}}],\"inLanguage\":\"fr-FR\"}]}<\/script>\r\n<!-- \/ Yoast SEO plugin. -->","yoast_head_json":{"title":"DERMALIUM GOLD CREME REGENERATRICE CELLULAIRE ANTI-AGE DU JOUR 50ml - Paracherkaoui.ma","robots":{"index":"index","follow":"follow","max-snippet":"max-snippet:-1","max-image-preview":"max-image-preview:large","max-video-preview":"max-video-preview:-1"},"canonical":"https:\/\/paracherkaoui.ma\/index.php\/produit\/dermalium-gold-creme-regeneratrice-cellulaire-anti-age-du-jour-50ml\/","og_locale":"fr_FR","og_type":"article","og_title":"DERMALIUM GOLD CREME REGENERATRICE CELLULAIRE ANTI-AGE DU JOUR 50ml - Paracherkaoui.ma","og_description":"Redensifie en profondeur. \u2022 Raermit. \u2022 R\u00e9duit les rides. 10 Acide Hyaluronique Ultra fractionn\u00e9 : 1% OR \u2022 Met un","og_url":"https:\/\/paracherkaoui.ma\/index.php\/produit\/dermalium-gold-creme-regeneratrice-cellulaire-anti-age-du-jour-50ml\/","og_site_name":"Paracherkaoui.ma","article_modified_time":"2025-12-12T17:18:55+00:00","og_image":[{"width":700,"height":700,"url":"https:\/\/paracherkaoui.ma\/wp-content\/uploads\/2025\/12\/dermalium-dermalium-gold-creme-regeneratrice-cellulaire-anti-age-du-jour-50ml-premieres-rides.jpg","type":"image\/jpeg"}],"twitter_card":"summary_large_image","schema":{"@context":"https:\/\/schema.org","@graph":[{"@type":"WebPage","@id":"https:\/\/paracherkaoui.ma\/index.php\/produit\/dermalium-gold-creme-regeneratrice-cellulaire-anti-age-du-jour-50ml\/","url":"https:\/\/paracherkaoui.ma\/index.php\/produit\/dermalium-gold-creme-regeneratrice-cellulaire-anti-age-du-jour-50ml\/","name":"DERMALIUM GOLD CREME REGENERATRICE CELLULAIRE ANTI-AGE DU JOUR 50ml - Paracherkaoui.ma","isPartOf":{"@id":"https:\/\/paracherkaoui.ma\/#website"},"primaryImageOfPage":{"@id":"https:\/\/paracherkaoui.ma\/index.php\/produit\/dermalium-gold-creme-regeneratrice-cellulaire-anti-age-du-jour-50ml\/#primaryimage"},"image":{"@id":"https:\/\/paracherkaoui.ma\/index.php\/produit\/dermalium-gold-creme-regeneratrice-cellulaire-anti-age-du-jour-50ml\/#primaryimage"},"thumbnailUrl":"https:\/\/paracherkaoui.ma\/wp-content\/uploads\/2025\/12\/dermalium-dermalium-gold-creme-regeneratrice-cellulaire-anti-age-du-jour-50ml-premieres-rides.jpg","datePublished":"2025-12-12T17:18:54+00:00","dateModified":"2025-12-12T17:18:55+00:00","breadcrumb":{"@id":"https:\/\/paracherkaoui.ma\/index.php\/produit\/dermalium-gold-creme-regeneratrice-cellulaire-anti-age-du-jour-50ml\/#breadcrumb"},"inLanguage":"fr-FR","potentialAction":[{"@type":"ReadAction","target":["https:\/\/paracherkaoui.ma\/index.php\/produit\/dermalium-gold-creme-regeneratrice-cellulaire-anti-age-du-jour-50ml\/"]}]},{"@type":"ImageObject","inLanguage":"fr-FR","@id":"https:\/\/paracherkaoui.ma\/index.php\/produit\/dermalium-gold-creme-regeneratrice-cellulaire-anti-age-du-jour-50ml\/#primaryimage","url":"https:\/\/paracherkaoui.ma\/wp-content\/uploads\/2025\/12\/dermalium-dermalium-gold-creme-regeneratrice-cellulaire-anti-age-du-jour-50ml-premieres-rides.jpg","contentUrl":"https:\/\/paracherkaoui.ma\/wp-content\/uploads\/2025\/12\/dermalium-dermalium-gold-creme-regeneratrice-cellulaire-anti-age-du-jour-50ml-premieres-rides.jpg","width":700,"height":700},{"@type":"BreadcrumbList","@id":"https:\/\/paracherkaoui.ma\/index.php\/produit\/dermalium-gold-creme-regeneratrice-cellulaire-anti-age-du-jour-50ml\/#breadcrumb","itemListElement":[{"@type":"ListItem","position":1,"name":"Accueil","item":"https:\/\/paracherkaoui.ma\/"},{"@type":"ListItem","position":2,"name":"Boutique","item":"https:\/\/paracherkaoui.ma\/index.php\/boutique\/"},{"@type":"ListItem","position":3,"name":"DERMALIUM GOLD CREME REGENERATRICE CELLULAIRE ANTI-AGE DU JOUR 50ml"}]},{"@type":"WebSite","@id":"https:\/\/paracherkaoui.ma\/#website","url":"https:\/\/paracherkaoui.ma\/","name":"Paracherkaoui.ma","description":"Achetez en ligne sur Paracherkaoui.ma","potentialAction":[{"@type":"SearchAction","target":{"@type":"EntryPoint","urlTemplate":"https:\/\/paracherkaoui.ma\/?s={search_term_string}"},"query-input":{"@type":"PropertyValueSpecification","valueRequired":true,"valueName":"search_term_string"}}],"inLanguage":"fr-FR"}]}},"_links":{"self":[{"href":"https:\/\/paracherkaoui.ma\/index.php\/wp-json\/wp\/v2\/product\/23681","targetHints":{"allow":["GET"]}}],"collection":[{"href":"https:\/\/paracherkaoui.ma\/index.php\/wp-json\/wp\/v2\/product"}],"about":[{"href":"https:\/\/paracherkaoui.ma\/index.php\/wp-json\/wp\/v2\/types\/product"}],"replies":[{"embeddable":true,"href":"https:\/\/paracherkaoui.ma\/index.php\/wp-json\/wp\/v2\/comments?post=23681"}],"version-history":[{"count":1,"href":"https:\/\/paracherkaoui.ma\/index.php\/wp-json\/wp\/v2\/product\/23681\/revisions"}],"predecessor-version":[{"id":23712,"href":"https:\/\/paracherkaoui.ma\/index.php\/wp-json\/wp\/v2\/product\/23681\/revisions\/23712"}],"wp:featuredmedia":[{"embeddable":true,"href":"https:\/\/paracherkaoui.ma\/index.php\/wp-json\/wp\/v2\/media\/23711"}],"wp:attachment":[{"href":"https:\/\/paracherkaoui.ma\/index.php\/wp-json\/wp\/v2\/media?parent=23681"}],"wp:term":[{"taxonomy":"product_brand","embeddable":true,"href":"https:\/\/paracherkaoui.ma\/index.php\/wp-json\/wp\/v2\/product_brand?post=23681"},{"taxonomy":"product_cat","embeddable":true,"href":"https:\/\/paracherkaoui.ma\/index.php\/wp-json\/wp\/v2\/product_cat?post=23681"},{"taxonomy":"product_tag","embeddable":true,"href":"https:\/\/paracherkaoui.ma\/index.php\/wp-json\/wp\/v2\/product_tag?post=23681"}],"curies":[{"name":"wp","href":"https:\/\/api.w.org\/{rel}","templated":true}]}}