{"id":23680,"date":"2025-12-12T18:18:54","date_gmt":"2025-12-12T17:18:54","guid":{"rendered":"https:\/\/test.ecbeaute.com\/?post_type=product&#038;p=23680"},"modified":"2025-12-12T18:18:55","modified_gmt":"2025-12-12T17:18:55","slug":"svr-ampoules-hydra-b3-30-ml-2","status":"publish","type":"product","link":"https:\/\/paracherkaoui.ma\/index.php\/produit\/svr-ampoules-hydra-b3-30-ml-2\/","title":{"rendered":"SVR AMPOULES HYDRA B3 30 ML"},"content":{"rendered":"<p>Description:<br \/>\nFormul\u00e9e sp\u00e9cialement pour les peaux d\u00e9shydrat\u00e9es, sensibles et sujettes \u00e0 l&rsquo;inconfort et aux ridules, l&rsquo;ampoule hydra B3 des laboratoires SVR est un soin visage concentr\u00e9 en actifs. Sa composition minimaliste contient en effet des ingr\u00e9dients qui ont fait leurs preuves et qui sont reconnus pour leurs propri\u00e9t\u00e9s. Utilis\u00e9 quotidiennement, ce soin participe \u00e0 l&rsquo;entretien de la peau. Il hydrate, apaise et renforce les d\u00e9fenses naturelles de l&rsquo;\u00e9piderme pour qu&rsquo;il soit plus r\u00e9sistant face aux agressions. Comme son nom l&rsquo;indique, l&rsquo;ampoule Hydra B3 SVR contient de la vitamine B3, \u00e9galement nomm\u00e9e niacinamide, dos\u00e9e \u00e0 5 %. Il s&rsquo;agit d&rsquo;un actif multi-correcteur qui va restaurer la barri\u00e8re cutan\u00e9e et apaiser les sensations d&rsquo;inconfort comme les tiraillements, les d\u00e9mangeaisons ou les irritations.<br \/>\nLa vitamine B3 est associ\u00e9e \u00e0 un trio d&rsquo;acides hyaluroniques de diff\u00e9rents poids mol\u00e9culaires (moyen, haut et tr\u00e8s haut) qui vont p\u00e9n\u00e9trer dans les diff\u00e9rents niveaux de l&rsquo;\u00e9piderme. L&rsquo;acide hyaluronique est l&rsquo;alli\u00e9 des peaux d\u00e9shydrat\u00e9es. Il reconstitue les r\u00e9serves en eau, r\u00e9hydrate intens\u00e9ment, repulpe et comble les rides et les ridules favoris\u00e9es par la d\u00e9shydratation.<br \/>\nConseils d&rsquo;utilisation:<br \/>\nAppliqu\u00e9 matin et soir avant la cr\u00e8me habituelle, l&rsquo;ampoule Hydra B3 de SVR permet de retrouver une peau apais\u00e9e, hydrat\u00e9e, repulp\u00e9e et plus souple. Sa texture g\u00e9lifi\u00e9e p\u00e9n\u00e8tre rapidement, sans laisser de film gras ou collant, ce qui facilite l&rsquo;application des autres soins ainsi que le maquillage du teint. Appliquez matin et soir avant votre soin quotidien ou m\u00e9langez directement \u00e0 votre cr\u00e8me.<\/p>\n","protected":false},"excerpt":{"rendered":"<p>Description: Formul\u00e9e sp\u00e9cialement pour les peaux d\u00e9shydrat\u00e9es, sensibles et sujettes \u00e0 l&rsquo;inconfort et aux ridules, l&rsquo;ampoule hydra B3 des laboratoires<\/p>\n","protected":false},"featured_media":13825,"comment_status":"open","ping_status":"closed","template":"","meta":[],"product_brand":[133],"product_cat":[496],"product_tag":[],"class_list":{"0":"post-23680","1":"product","2":"type-product","3":"status-publish","4":"has-post-thumbnail","6":"product_brand-svr","7":"product_cat-premieres-rides","9":"first","10":"instock","11":"sale","12":"shipping-taxable","13":"purchasable","14":"product-type-simple"},"yoast_head":"<!-- This site is optimized with the Yoast SEO plugin v26.6 - https:\/\/yoast.com\/wordpress\/plugins\/seo\/ -->\r\n<title>SVR AMPOULES HYDRA B3 30 ML - Paracherkaoui.ma<\/title>\r\n<meta name=\"robots\" content=\"index, follow, max-snippet:-1, max-image-preview:large, max-video-preview:-1\" \/>\r\n<link rel=\"canonical\" href=\"https:\/\/paracherkaoui.ma\/index.php\/produit\/svr-ampoules-hydra-b3-30-ml-2\/\" \/>\r\n<meta property=\"og:locale\" content=\"fr_FR\" \/>\r\n<meta property=\"og:type\" content=\"article\" \/>\r\n<meta property=\"og:title\" content=\"SVR AMPOULES HYDRA B3 30 ML - Paracherkaoui.ma\" \/>\r\n<meta property=\"og:description\" content=\"Description: Formul\u00e9e sp\u00e9cialement pour les peaux d\u00e9shydrat\u00e9es, sensibles et sujettes \u00e0 l&rsquo;inconfort et aux ridules, l&rsquo;ampoule hydra B3 des laboratoires\" \/>\r\n<meta property=\"og:url\" content=\"https:\/\/paracherkaoui.ma\/index.php\/produit\/svr-ampoules-hydra-b3-30-ml-2\/\" \/>\r\n<meta property=\"og:site_name\" content=\"Paracherkaoui.ma\" \/>\r\n<meta property=\"article:modified_time\" content=\"2025-12-12T17:18:55+00:00\" \/>\r\n<meta property=\"og:image\" content=\"https:\/\/paracherkaoui.ma\/wp-content\/uploads\/2025\/12\/svr-svr-ampoules-hydra-b3-30-ml-cremes-jour.jpg\" \/>\r\n\t<meta property=\"og:image:width\" content=\"700\" \/>\r\n\t<meta property=\"og:image:height\" content=\"700\" \/>\r\n\t<meta property=\"og:image:type\" content=\"image\/jpeg\" \/>\r\n<meta name=\"twitter:card\" content=\"summary_large_image\" \/>\r\n<meta name=\"twitter:label1\" content=\"Dur\u00e9e de lecture estim\u00e9e\" \/>\n\t<meta name=\"twitter:data1\" content=\"1 minute\" \/>\r\n<script type=\"application\/ld+json\" class=\"yoast-schema-graph\">{\"@context\":\"https:\/\/schema.org\",\"@graph\":[{\"@type\":\"WebPage\",\"@id\":\"https:\/\/paracherkaoui.ma\/index.php\/produit\/svr-ampoules-hydra-b3-30-ml-2\/\",\"url\":\"https:\/\/paracherkaoui.ma\/index.php\/produit\/svr-ampoules-hydra-b3-30-ml-2\/\",\"name\":\"SVR AMPOULES HYDRA B3 30 ML - Paracherkaoui.ma\",\"isPartOf\":{\"@id\":\"https:\/\/paracherkaoui.ma\/#website\"},\"primaryImageOfPage\":{\"@id\":\"https:\/\/paracherkaoui.ma\/index.php\/produit\/svr-ampoules-hydra-b3-30-ml-2\/#primaryimage\"},\"image\":{\"@id\":\"https:\/\/paracherkaoui.ma\/index.php\/produit\/svr-ampoules-hydra-b3-30-ml-2\/#primaryimage\"},\"thumbnailUrl\":\"https:\/\/paracherkaoui.ma\/wp-content\/uploads\/2025\/12\/svr-svr-ampoules-hydra-b3-30-ml-cremes-jour.jpg\",\"datePublished\":\"2025-12-12T17:18:54+00:00\",\"dateModified\":\"2025-12-12T17:18:55+00:00\",\"breadcrumb\":{\"@id\":\"https:\/\/paracherkaoui.ma\/index.php\/produit\/svr-ampoules-hydra-b3-30-ml-2\/#breadcrumb\"},\"inLanguage\":\"fr-FR\",\"potentialAction\":[{\"@type\":\"ReadAction\",\"target\":[\"https:\/\/paracherkaoui.ma\/index.php\/produit\/svr-ampoules-hydra-b3-30-ml-2\/\"]}]},{\"@type\":\"ImageObject\",\"inLanguage\":\"fr-FR\",\"@id\":\"https:\/\/paracherkaoui.ma\/index.php\/produit\/svr-ampoules-hydra-b3-30-ml-2\/#primaryimage\",\"url\":\"https:\/\/paracherkaoui.ma\/wp-content\/uploads\/2025\/12\/svr-svr-ampoules-hydra-b3-30-ml-cremes-jour.jpg\",\"contentUrl\":\"https:\/\/paracherkaoui.ma\/wp-content\/uploads\/2025\/12\/svr-svr-ampoules-hydra-b3-30-ml-cremes-jour.jpg\",\"width\":700,\"height\":700},{\"@type\":\"BreadcrumbList\",\"@id\":\"https:\/\/paracherkaoui.ma\/index.php\/produit\/svr-ampoules-hydra-b3-30-ml-2\/#breadcrumb\",\"itemListElement\":[{\"@type\":\"ListItem\",\"position\":1,\"name\":\"Accueil\",\"item\":\"https:\/\/paracherkaoui.ma\/\"},{\"@type\":\"ListItem\",\"position\":2,\"name\":\"Boutique\",\"item\":\"https:\/\/paracherkaoui.ma\/index.php\/boutique\/\"},{\"@type\":\"ListItem\",\"position\":3,\"name\":\"SVR AMPOULES HYDRA B3 30 ML\"}]},{\"@type\":\"WebSite\",\"@id\":\"https:\/\/paracherkaoui.ma\/#website\",\"url\":\"https:\/\/paracherkaoui.ma\/\",\"name\":\"Paracherkaoui.ma\",\"description\":\"Achetez en ligne sur Paracherkaoui.ma\",\"potentialAction\":[{\"@type\":\"SearchAction\",\"target\":{\"@type\":\"EntryPoint\",\"urlTemplate\":\"https:\/\/paracherkaoui.ma\/?s={search_term_string}\"},\"query-input\":{\"@type\":\"PropertyValueSpecification\",\"valueRequired\":true,\"valueName\":\"search_term_string\"}}],\"inLanguage\":\"fr-FR\"}]}<\/script>\r\n<!-- \/ Yoast SEO plugin. -->","yoast_head_json":{"title":"SVR AMPOULES HYDRA B3 30 ML - Paracherkaoui.ma","robots":{"index":"index","follow":"follow","max-snippet":"max-snippet:-1","max-image-preview":"max-image-preview:large","max-video-preview":"max-video-preview:-1"},"canonical":"https:\/\/paracherkaoui.ma\/index.php\/produit\/svr-ampoules-hydra-b3-30-ml-2\/","og_locale":"fr_FR","og_type":"article","og_title":"SVR AMPOULES HYDRA B3 30 ML - Paracherkaoui.ma","og_description":"Description: Formul\u00e9e sp\u00e9cialement pour les peaux d\u00e9shydrat\u00e9es, sensibles et sujettes \u00e0 l&rsquo;inconfort et aux ridules, l&rsquo;ampoule hydra B3 des laboratoires","og_url":"https:\/\/paracherkaoui.ma\/index.php\/produit\/svr-ampoules-hydra-b3-30-ml-2\/","og_site_name":"Paracherkaoui.ma","article_modified_time":"2025-12-12T17:18:55+00:00","og_image":[{"width":700,"height":700,"url":"https:\/\/paracherkaoui.ma\/wp-content\/uploads\/2025\/12\/svr-svr-ampoules-hydra-b3-30-ml-cremes-jour.jpg","type":"image\/jpeg"}],"twitter_card":"summary_large_image","twitter_misc":{"Dur\u00e9e de lecture estim\u00e9e":"1 minute"},"schema":{"@context":"https:\/\/schema.org","@graph":[{"@type":"WebPage","@id":"https:\/\/paracherkaoui.ma\/index.php\/produit\/svr-ampoules-hydra-b3-30-ml-2\/","url":"https:\/\/paracherkaoui.ma\/index.php\/produit\/svr-ampoules-hydra-b3-30-ml-2\/","name":"SVR AMPOULES HYDRA B3 30 ML - Paracherkaoui.ma","isPartOf":{"@id":"https:\/\/paracherkaoui.ma\/#website"},"primaryImageOfPage":{"@id":"https:\/\/paracherkaoui.ma\/index.php\/produit\/svr-ampoules-hydra-b3-30-ml-2\/#primaryimage"},"image":{"@id":"https:\/\/paracherkaoui.ma\/index.php\/produit\/svr-ampoules-hydra-b3-30-ml-2\/#primaryimage"},"thumbnailUrl":"https:\/\/paracherkaoui.ma\/wp-content\/uploads\/2025\/12\/svr-svr-ampoules-hydra-b3-30-ml-cremes-jour.jpg","datePublished":"2025-12-12T17:18:54+00:00","dateModified":"2025-12-12T17:18:55+00:00","breadcrumb":{"@id":"https:\/\/paracherkaoui.ma\/index.php\/produit\/svr-ampoules-hydra-b3-30-ml-2\/#breadcrumb"},"inLanguage":"fr-FR","potentialAction":[{"@type":"ReadAction","target":["https:\/\/paracherkaoui.ma\/index.php\/produit\/svr-ampoules-hydra-b3-30-ml-2\/"]}]},{"@type":"ImageObject","inLanguage":"fr-FR","@id":"https:\/\/paracherkaoui.ma\/index.php\/produit\/svr-ampoules-hydra-b3-30-ml-2\/#primaryimage","url":"https:\/\/paracherkaoui.ma\/wp-content\/uploads\/2025\/12\/svr-svr-ampoules-hydra-b3-30-ml-cremes-jour.jpg","contentUrl":"https:\/\/paracherkaoui.ma\/wp-content\/uploads\/2025\/12\/svr-svr-ampoules-hydra-b3-30-ml-cremes-jour.jpg","width":700,"height":700},{"@type":"BreadcrumbList","@id":"https:\/\/paracherkaoui.ma\/index.php\/produit\/svr-ampoules-hydra-b3-30-ml-2\/#breadcrumb","itemListElement":[{"@type":"ListItem","position":1,"name":"Accueil","item":"https:\/\/paracherkaoui.ma\/"},{"@type":"ListItem","position":2,"name":"Boutique","item":"https:\/\/paracherkaoui.ma\/index.php\/boutique\/"},{"@type":"ListItem","position":3,"name":"SVR AMPOULES HYDRA B3 30 ML"}]},{"@type":"WebSite","@id":"https:\/\/paracherkaoui.ma\/#website","url":"https:\/\/paracherkaoui.ma\/","name":"Paracherkaoui.ma","description":"Achetez en ligne sur Paracherkaoui.ma","potentialAction":[{"@type":"SearchAction","target":{"@type":"EntryPoint","urlTemplate":"https:\/\/paracherkaoui.ma\/?s={search_term_string}"},"query-input":{"@type":"PropertyValueSpecification","valueRequired":true,"valueName":"search_term_string"}}],"inLanguage":"fr-FR"}]}},"_links":{"self":[{"href":"https:\/\/paracherkaoui.ma\/index.php\/wp-json\/wp\/v2\/product\/23680","targetHints":{"allow":["GET"]}}],"collection":[{"href":"https:\/\/paracherkaoui.ma\/index.php\/wp-json\/wp\/v2\/product"}],"about":[{"href":"https:\/\/paracherkaoui.ma\/index.php\/wp-json\/wp\/v2\/types\/product"}],"replies":[{"embeddable":true,"href":"https:\/\/paracherkaoui.ma\/index.php\/wp-json\/wp\/v2\/comments?post=23680"}],"version-history":[{"count":1,"href":"https:\/\/paracherkaoui.ma\/index.php\/wp-json\/wp\/v2\/product\/23680\/revisions"}],"predecessor-version":[{"id":23710,"href":"https:\/\/paracherkaoui.ma\/index.php\/wp-json\/wp\/v2\/product\/23680\/revisions\/23710"}],"wp:featuredmedia":[{"embeddable":true,"href":"https:\/\/paracherkaoui.ma\/index.php\/wp-json\/wp\/v2\/media\/13825"}],"wp:attachment":[{"href":"https:\/\/paracherkaoui.ma\/index.php\/wp-json\/wp\/v2\/media?parent=23680"}],"wp:term":[{"taxonomy":"product_brand","embeddable":true,"href":"https:\/\/paracherkaoui.ma\/index.php\/wp-json\/wp\/v2\/product_brand?post=23680"},{"taxonomy":"product_cat","embeddable":true,"href":"https:\/\/paracherkaoui.ma\/index.php\/wp-json\/wp\/v2\/product_cat?post=23680"},{"taxonomy":"product_tag","embeddable":true,"href":"https:\/\/paracherkaoui.ma\/index.php\/wp-json\/wp\/v2\/product_tag?post=23680"}],"curies":[{"name":"wp","href":"https:\/\/api.w.org\/{rel}","templated":true}]}}