{"id":23624,"date":"2025-12-12T18:18:47","date_gmt":"2025-12-12T17:18:47","guid":{"rendered":"https:\/\/test.ecbeaute.com\/?post_type=product&#038;p=23624"},"modified":"2025-12-12T18:18:52","modified_gmt":"2025-12-12T17:18:52","slug":"filorga-time-filler-5xp-creme-correction-50-ml-2","status":"publish","type":"product","link":"https:\/\/paracherkaoui.ma\/index.php\/produit\/filorga-time-filler-5xp-creme-correction-50-ml-2\/","title":{"rendered":"FILORGA TIME FILLER 5XP CREME CORRECTION 50 ML"},"content":{"rendered":"<p>TIME-FILLER 5XP s\u2019inspire de 5 expertises de m\u00e9decine esth\u00e9tique pour lisser les 5 types de rides, pour lisser les 5 types de rides.<br \/>\n\/Rides d\u2019expression<br \/>\nLa formule TIME-FILLER 5XP contient un tripeptide inspir\u00e9 des injections de toxine botulique qui d\u00e9crispe les traits sans figer les expressions.<br \/>\n\/Rides profondes<br \/>\nTIME-FILLER 5XP int\u00e8gre un complexe booster de collag\u00e8ne associ\u00e9 \u00e0 de l\u2019acide hyaluronique encapsul\u00e9 inspir\u00e9s des injections de comblement qui densifient le matelas cutan\u00e9 et comblent les rides.<br \/>\n\/Rides de Surface<br \/>\nTIME-FILLER 5XP b\u00e9n\u00e9ficie des vertus resurfa\u00e7antes de la criste marine, inspir\u00e9e des peeling, pour une action lissante sur les rides de surface, sans irriter la peau.<br \/>\n\/ Rides de dess\u00e8chement<br \/>\nLe NCEF, complexe iconique FILORGA, est associ\u00e9 \u00e0 un puissant extrait v\u00e9g\u00e9tal, inspir\u00e9 des injections de revitalisation. Cette plante capte l\u2019eau et repulpe la peau intens\u00e9ment.<br \/>\n\/ Rides du cou<br \/>\nUn extrait v\u00e9g\u00e9tal restructurant inspir\u00e9 des fils tenseurs pour remettre la peau en tension.<br \/>\nConseils d&rsquo;utilisation:<br \/>\nAppliquer TIME-FILLER 5XP en soin quotidien, le matin et le soir sur l\u2019ensemble du visage et du cou.<\/p>\n","protected":false},"excerpt":{"rendered":"<p>TIME-FILLER 5XP s\u2019inspire de 5 expertises de m\u00e9decine esth\u00e9tique pour lisser les 5 types de rides, pour lisser les 5<\/p>\n","protected":false},"featured_media":13602,"comment_status":"open","ping_status":"closed","template":"","meta":[],"product_brand":[141],"product_cat":[496],"product_tag":[],"class_list":{"0":"post-23624","1":"product","2":"type-product","3":"status-publish","4":"has-post-thumbnail","6":"product_brand-filorga","7":"product_cat-premieres-rides","9":"first","10":"instock","11":"sale","12":"shipping-taxable","13":"purchasable","14":"product-type-simple"},"yoast_head":"<!-- This site is optimized with the Yoast SEO plugin v26.6 - https:\/\/yoast.com\/wordpress\/plugins\/seo\/ -->\r\n<title>FILORGA TIME FILLER 5XP CREME CORRECTION 50 ML - Paracherkaoui.ma<\/title>\r\n<meta name=\"robots\" content=\"index, follow, max-snippet:-1, max-image-preview:large, max-video-preview:-1\" \/>\r\n<link rel=\"canonical\" href=\"https:\/\/paracherkaoui.ma\/index.php\/produit\/filorga-time-filler-5xp-creme-correction-50-ml-2\/\" \/>\r\n<meta property=\"og:locale\" content=\"fr_FR\" \/>\r\n<meta property=\"og:type\" content=\"article\" \/>\r\n<meta property=\"og:title\" content=\"FILORGA TIME FILLER 5XP CREME CORRECTION 50 ML - Paracherkaoui.ma\" \/>\r\n<meta property=\"og:description\" content=\"TIME-FILLER 5XP s\u2019inspire de 5 expertises de m\u00e9decine esth\u00e9tique pour lisser les 5 types de rides, pour lisser les 5\" \/>\r\n<meta property=\"og:url\" content=\"https:\/\/paracherkaoui.ma\/index.php\/produit\/filorga-time-filler-5xp-creme-correction-50-ml-2\/\" \/>\r\n<meta property=\"og:site_name\" content=\"Paracherkaoui.ma\" \/>\r\n<meta property=\"article:modified_time\" content=\"2025-12-12T17:18:52+00:00\" \/>\r\n<meta property=\"og:image\" content=\"https:\/\/paracherkaoui.ma\/wp-content\/uploads\/2025\/12\/filorga-time-filler-5xp-creme-correction-50-ml.jpg\" \/>\r\n\t<meta property=\"og:image:width\" content=\"700\" \/>\r\n\t<meta property=\"og:image:height\" content=\"700\" \/>\r\n\t<meta property=\"og:image:type\" content=\"image\/jpeg\" \/>\r\n<meta name=\"twitter:card\" content=\"summary_large_image\" \/>\r\n<meta name=\"twitter:label1\" content=\"Dur\u00e9e de lecture estim\u00e9e\" \/>\n\t<meta name=\"twitter:data1\" content=\"1 minute\" \/>\r\n<script type=\"application\/ld+json\" class=\"yoast-schema-graph\">{\"@context\":\"https:\/\/schema.org\",\"@graph\":[{\"@type\":\"WebPage\",\"@id\":\"https:\/\/paracherkaoui.ma\/index.php\/produit\/filorga-time-filler-5xp-creme-correction-50-ml-2\/\",\"url\":\"https:\/\/paracherkaoui.ma\/index.php\/produit\/filorga-time-filler-5xp-creme-correction-50-ml-2\/\",\"name\":\"FILORGA TIME FILLER 5XP CREME CORRECTION 50 ML - Paracherkaoui.ma\",\"isPartOf\":{\"@id\":\"https:\/\/paracherkaoui.ma\/#website\"},\"primaryImageOfPage\":{\"@id\":\"https:\/\/paracherkaoui.ma\/index.php\/produit\/filorga-time-filler-5xp-creme-correction-50-ml-2\/#primaryimage\"},\"image\":{\"@id\":\"https:\/\/paracherkaoui.ma\/index.php\/produit\/filorga-time-filler-5xp-creme-correction-50-ml-2\/#primaryimage\"},\"thumbnailUrl\":\"https:\/\/paracherkaoui.ma\/wp-content\/uploads\/2025\/12\/filorga-time-filler-5xp-creme-correction-50-ml.jpg\",\"datePublished\":\"2025-12-12T17:18:47+00:00\",\"dateModified\":\"2025-12-12T17:18:52+00:00\",\"breadcrumb\":{\"@id\":\"https:\/\/paracherkaoui.ma\/index.php\/produit\/filorga-time-filler-5xp-creme-correction-50-ml-2\/#breadcrumb\"},\"inLanguage\":\"fr-FR\",\"potentialAction\":[{\"@type\":\"ReadAction\",\"target\":[\"https:\/\/paracherkaoui.ma\/index.php\/produit\/filorga-time-filler-5xp-creme-correction-50-ml-2\/\"]}]},{\"@type\":\"ImageObject\",\"inLanguage\":\"fr-FR\",\"@id\":\"https:\/\/paracherkaoui.ma\/index.php\/produit\/filorga-time-filler-5xp-creme-correction-50-ml-2\/#primaryimage\",\"url\":\"https:\/\/paracherkaoui.ma\/wp-content\/uploads\/2025\/12\/filorga-time-filler-5xp-creme-correction-50-ml.jpg\",\"contentUrl\":\"https:\/\/paracherkaoui.ma\/wp-content\/uploads\/2025\/12\/filorga-time-filler-5xp-creme-correction-50-ml.jpg\",\"width\":700,\"height\":700},{\"@type\":\"BreadcrumbList\",\"@id\":\"https:\/\/paracherkaoui.ma\/index.php\/produit\/filorga-time-filler-5xp-creme-correction-50-ml-2\/#breadcrumb\",\"itemListElement\":[{\"@type\":\"ListItem\",\"position\":1,\"name\":\"Accueil\",\"item\":\"https:\/\/paracherkaoui.ma\/\"},{\"@type\":\"ListItem\",\"position\":2,\"name\":\"Boutique\",\"item\":\"https:\/\/paracherkaoui.ma\/index.php\/boutique\/\"},{\"@type\":\"ListItem\",\"position\":3,\"name\":\"FILORGA TIME FILLER 5XP CREME CORRECTION 50 ML\"}]},{\"@type\":\"WebSite\",\"@id\":\"https:\/\/paracherkaoui.ma\/#website\",\"url\":\"https:\/\/paracherkaoui.ma\/\",\"name\":\"Paracherkaoui.ma\",\"description\":\"Achetez en ligne sur Paracherkaoui.ma\",\"potentialAction\":[{\"@type\":\"SearchAction\",\"target\":{\"@type\":\"EntryPoint\",\"urlTemplate\":\"https:\/\/paracherkaoui.ma\/?s={search_term_string}\"},\"query-input\":{\"@type\":\"PropertyValueSpecification\",\"valueRequired\":true,\"valueName\":\"search_term_string\"}}],\"inLanguage\":\"fr-FR\"}]}<\/script>\r\n<!-- \/ Yoast SEO plugin. -->","yoast_head_json":{"title":"FILORGA TIME FILLER 5XP CREME CORRECTION 50 ML - Paracherkaoui.ma","robots":{"index":"index","follow":"follow","max-snippet":"max-snippet:-1","max-image-preview":"max-image-preview:large","max-video-preview":"max-video-preview:-1"},"canonical":"https:\/\/paracherkaoui.ma\/index.php\/produit\/filorga-time-filler-5xp-creme-correction-50-ml-2\/","og_locale":"fr_FR","og_type":"article","og_title":"FILORGA TIME FILLER 5XP CREME CORRECTION 50 ML - Paracherkaoui.ma","og_description":"TIME-FILLER 5XP s\u2019inspire de 5 expertises de m\u00e9decine esth\u00e9tique pour lisser les 5 types de rides, pour lisser les 5","og_url":"https:\/\/paracherkaoui.ma\/index.php\/produit\/filorga-time-filler-5xp-creme-correction-50-ml-2\/","og_site_name":"Paracherkaoui.ma","article_modified_time":"2025-12-12T17:18:52+00:00","og_image":[{"width":700,"height":700,"url":"https:\/\/paracherkaoui.ma\/wp-content\/uploads\/2025\/12\/filorga-time-filler-5xp-creme-correction-50-ml.jpg","type":"image\/jpeg"}],"twitter_card":"summary_large_image","twitter_misc":{"Dur\u00e9e de lecture estim\u00e9e":"1 minute"},"schema":{"@context":"https:\/\/schema.org","@graph":[{"@type":"WebPage","@id":"https:\/\/paracherkaoui.ma\/index.php\/produit\/filorga-time-filler-5xp-creme-correction-50-ml-2\/","url":"https:\/\/paracherkaoui.ma\/index.php\/produit\/filorga-time-filler-5xp-creme-correction-50-ml-2\/","name":"FILORGA TIME FILLER 5XP CREME CORRECTION 50 ML - Paracherkaoui.ma","isPartOf":{"@id":"https:\/\/paracherkaoui.ma\/#website"},"primaryImageOfPage":{"@id":"https:\/\/paracherkaoui.ma\/index.php\/produit\/filorga-time-filler-5xp-creme-correction-50-ml-2\/#primaryimage"},"image":{"@id":"https:\/\/paracherkaoui.ma\/index.php\/produit\/filorga-time-filler-5xp-creme-correction-50-ml-2\/#primaryimage"},"thumbnailUrl":"https:\/\/paracherkaoui.ma\/wp-content\/uploads\/2025\/12\/filorga-time-filler-5xp-creme-correction-50-ml.jpg","datePublished":"2025-12-12T17:18:47+00:00","dateModified":"2025-12-12T17:18:52+00:00","breadcrumb":{"@id":"https:\/\/paracherkaoui.ma\/index.php\/produit\/filorga-time-filler-5xp-creme-correction-50-ml-2\/#breadcrumb"},"inLanguage":"fr-FR","potentialAction":[{"@type":"ReadAction","target":["https:\/\/paracherkaoui.ma\/index.php\/produit\/filorga-time-filler-5xp-creme-correction-50-ml-2\/"]}]},{"@type":"ImageObject","inLanguage":"fr-FR","@id":"https:\/\/paracherkaoui.ma\/index.php\/produit\/filorga-time-filler-5xp-creme-correction-50-ml-2\/#primaryimage","url":"https:\/\/paracherkaoui.ma\/wp-content\/uploads\/2025\/12\/filorga-time-filler-5xp-creme-correction-50-ml.jpg","contentUrl":"https:\/\/paracherkaoui.ma\/wp-content\/uploads\/2025\/12\/filorga-time-filler-5xp-creme-correction-50-ml.jpg","width":700,"height":700},{"@type":"BreadcrumbList","@id":"https:\/\/paracherkaoui.ma\/index.php\/produit\/filorga-time-filler-5xp-creme-correction-50-ml-2\/#breadcrumb","itemListElement":[{"@type":"ListItem","position":1,"name":"Accueil","item":"https:\/\/paracherkaoui.ma\/"},{"@type":"ListItem","position":2,"name":"Boutique","item":"https:\/\/paracherkaoui.ma\/index.php\/boutique\/"},{"@type":"ListItem","position":3,"name":"FILORGA TIME FILLER 5XP CREME CORRECTION 50 ML"}]},{"@type":"WebSite","@id":"https:\/\/paracherkaoui.ma\/#website","url":"https:\/\/paracherkaoui.ma\/","name":"Paracherkaoui.ma","description":"Achetez en ligne sur Paracherkaoui.ma","potentialAction":[{"@type":"SearchAction","target":{"@type":"EntryPoint","urlTemplate":"https:\/\/paracherkaoui.ma\/?s={search_term_string}"},"query-input":{"@type":"PropertyValueSpecification","valueRequired":true,"valueName":"search_term_string"}}],"inLanguage":"fr-FR"}]}},"_links":{"self":[{"href":"https:\/\/paracherkaoui.ma\/index.php\/wp-json\/wp\/v2\/product\/23624","targetHints":{"allow":["GET"]}}],"collection":[{"href":"https:\/\/paracherkaoui.ma\/index.php\/wp-json\/wp\/v2\/product"}],"about":[{"href":"https:\/\/paracherkaoui.ma\/index.php\/wp-json\/wp\/v2\/types\/product"}],"replies":[{"embeddable":true,"href":"https:\/\/paracherkaoui.ma\/index.php\/wp-json\/wp\/v2\/comments?post=23624"}],"version-history":[{"count":1,"href":"https:\/\/paracherkaoui.ma\/index.php\/wp-json\/wp\/v2\/product\/23624\/revisions"}],"predecessor-version":[{"id":23673,"href":"https:\/\/paracherkaoui.ma\/index.php\/wp-json\/wp\/v2\/product\/23624\/revisions\/23673"}],"wp:featuredmedia":[{"embeddable":true,"href":"https:\/\/paracherkaoui.ma\/index.php\/wp-json\/wp\/v2\/media\/13602"}],"wp:attachment":[{"href":"https:\/\/paracherkaoui.ma\/index.php\/wp-json\/wp\/v2\/media?parent=23624"}],"wp:term":[{"taxonomy":"product_brand","embeddable":true,"href":"https:\/\/paracherkaoui.ma\/index.php\/wp-json\/wp\/v2\/product_brand?post=23624"},{"taxonomy":"product_cat","embeddable":true,"href":"https:\/\/paracherkaoui.ma\/index.php\/wp-json\/wp\/v2\/product_cat?post=23624"},{"taxonomy":"product_tag","embeddable":true,"href":"https:\/\/paracherkaoui.ma\/index.php\/wp-json\/wp\/v2\/product_tag?post=23624"}],"curies":[{"name":"wp","href":"https:\/\/api.w.org\/{rel}","templated":true}]}}