{"id":23615,"date":"2025-12-12T18:18:47","date_gmt":"2025-12-12T17:18:47","guid":{"rendered":"https:\/\/test.ecbeaute.com\/?post_type=product&#038;p=23615"},"modified":"2025-12-12T18:18:50","modified_gmt":"2025-12-12T17:18:50","slug":"martiderm-black-diamond-proteum-serum-30ml","status":"publish","type":"product","link":"https:\/\/paracherkaoui.ma\/index.php\/produit\/martiderm-black-diamond-proteum-serum-30ml\/","title":{"rendered":"MARTIDERM Black Diamond Proteum serum 30ml"},"content":{"rendered":"<p>Sa texture l\u00e9g\u00e8re et soyeuse p\u00e9n\u00e8tre rapidement, laissant la peau douce, hydrat\u00e9e et \u00e9clatante. Les vitamines A, C, E, B3 (niacinamide) et B5 (panth\u00e9nol) pr\u00e9sentes dans sa composition offrent une action antioxydante puissante, r\u00e9duisant les rides et les lignes d&rsquo;expression tout en am\u00e9liorant la luminosit\u00e9 du teint. Ce s\u00e9rum convient \u00e0 tous les types de peau et est id\u00e9al pour ceux qui cherchent \u00e0 pr\u00e9venir et \u00e0 corriger les signes visibles du vieillissement.<br \/>\nConseils d&rsquo;utilisation<br \/>\nAppliquer matin et\/ou soir sur une peau propre et s\u00e8che.<br \/>\nVerser une petite quantit\u00e9 de s\u00e9rum dans la paume de la main.<br \/>\nAppliquer uniform\u00e9ment sur le visage, le cou et le d\u00e9collet\u00e9.<br \/>\nMasser d\u00e9licatement jusqu&rsquo;\u00e0 absorption compl\u00e8te.<br \/>\nComposition<br \/>\nAqua, Helianthus Annuus (Sunflower) Seed Oil, Cyclopentasiloxane, Glycine Max (Soybean) Seed Polysaccharides, C12-13 Alkyl Lactate, HDI\/Trimethylol Hexyllactone Crosspolymer, Niacinamide, Propanediol, PEG-6 Stearate, 3-O-Ethyl Ascorbic Acid, Phenyl Trimethicone, Panthenol, Butylene Glycol, Dimethicone, Tocopheryl Retinoate, Tocopherol, Acetyl Hexapeptide-51 Amide, Cyclohexasiloxane, Caprylic\/Capric Triglyceride, Parfum, PEG\/PPG-18\/18 Dimethicone, Polyacrylate Crosspolymer-6, Ceteth-20, Mica, Titanium Dioxide, Sodium Benzoate, Dimethicone\/Vinyl Dimethicone Crosspolymer, Glyceryl Stearate, Steareth-20, Potassium Sorbate, Citric Acid, Silica<\/p>\n","protected":false},"excerpt":{"rendered":"<p>Sa texture l\u00e9g\u00e8re et soyeuse p\u00e9n\u00e8tre rapidement, laissant la peau douce, hydrat\u00e9e et \u00e9clatante. Les vitamines A, C, E, B3<\/p>\n","protected":false},"featured_media":23657,"comment_status":"open","ping_status":"closed","template":"","meta":[],"product_brand":[291],"product_cat":[496],"product_tag":[],"class_list":{"0":"post-23615","1":"product","2":"type-product","3":"status-publish","4":"has-post-thumbnail","6":"product_brand-martiderm","7":"product_cat-premieres-rides","9":"first","10":"instock","11":"sale","12":"shipping-taxable","13":"purchasable","14":"product-type-simple"},"yoast_head":"<!-- This site is optimized with the Yoast SEO plugin v26.6 - https:\/\/yoast.com\/wordpress\/plugins\/seo\/ -->\r\n<title>MARTIDERM Black Diamond Proteum serum 30ml - Paracherkaoui.ma<\/title>\r\n<meta name=\"robots\" content=\"index, follow, max-snippet:-1, max-image-preview:large, max-video-preview:-1\" \/>\r\n<link rel=\"canonical\" href=\"https:\/\/paracherkaoui.ma\/index.php\/produit\/martiderm-black-diamond-proteum-serum-30ml\/\" \/>\r\n<meta property=\"og:locale\" content=\"fr_FR\" \/>\r\n<meta property=\"og:type\" content=\"article\" \/>\r\n<meta property=\"og:title\" content=\"MARTIDERM Black Diamond Proteum serum 30ml - Paracherkaoui.ma\" \/>\r\n<meta property=\"og:description\" content=\"Sa texture l\u00e9g\u00e8re et soyeuse p\u00e9n\u00e8tre rapidement, laissant la peau douce, hydrat\u00e9e et \u00e9clatante. Les vitamines A, C, E, B3\" \/>\r\n<meta property=\"og:url\" content=\"https:\/\/paracherkaoui.ma\/index.php\/produit\/martiderm-black-diamond-proteum-serum-30ml\/\" \/>\r\n<meta property=\"og:site_name\" content=\"Paracherkaoui.ma\" \/>\r\n<meta property=\"article:modified_time\" content=\"2025-12-12T17:18:50+00:00\" \/>\r\n<meta property=\"og:image\" content=\"https:\/\/paracherkaoui.ma\/wp-content\/uploads\/2025\/12\/martiderm-martiderm-black-diamond-proteum-serum-30ml-premieres-rides.jpg\" \/>\r\n\t<meta property=\"og:image:width\" content=\"700\" \/>\r\n\t<meta property=\"og:image:height\" content=\"700\" \/>\r\n\t<meta property=\"og:image:type\" content=\"image\/jpeg\" \/>\r\n<meta name=\"twitter:card\" content=\"summary_large_image\" \/>\r\n<meta name=\"twitter:label1\" content=\"Dur\u00e9e de lecture estim\u00e9e\" \/>\n\t<meta name=\"twitter:data1\" content=\"1 minute\" \/>\r\n<script type=\"application\/ld+json\" class=\"yoast-schema-graph\">{\"@context\":\"https:\/\/schema.org\",\"@graph\":[{\"@type\":\"WebPage\",\"@id\":\"https:\/\/paracherkaoui.ma\/index.php\/produit\/martiderm-black-diamond-proteum-serum-30ml\/\",\"url\":\"https:\/\/paracherkaoui.ma\/index.php\/produit\/martiderm-black-diamond-proteum-serum-30ml\/\",\"name\":\"MARTIDERM Black Diamond Proteum serum 30ml - Paracherkaoui.ma\",\"isPartOf\":{\"@id\":\"https:\/\/paracherkaoui.ma\/#website\"},\"primaryImageOfPage\":{\"@id\":\"https:\/\/paracherkaoui.ma\/index.php\/produit\/martiderm-black-diamond-proteum-serum-30ml\/#primaryimage\"},\"image\":{\"@id\":\"https:\/\/paracherkaoui.ma\/index.php\/produit\/martiderm-black-diamond-proteum-serum-30ml\/#primaryimage\"},\"thumbnailUrl\":\"https:\/\/paracherkaoui.ma\/wp-content\/uploads\/2025\/12\/martiderm-martiderm-black-diamond-proteum-serum-30ml-premieres-rides.jpg\",\"datePublished\":\"2025-12-12T17:18:47+00:00\",\"dateModified\":\"2025-12-12T17:18:50+00:00\",\"breadcrumb\":{\"@id\":\"https:\/\/paracherkaoui.ma\/index.php\/produit\/martiderm-black-diamond-proteum-serum-30ml\/#breadcrumb\"},\"inLanguage\":\"fr-FR\",\"potentialAction\":[{\"@type\":\"ReadAction\",\"target\":[\"https:\/\/paracherkaoui.ma\/index.php\/produit\/martiderm-black-diamond-proteum-serum-30ml\/\"]}]},{\"@type\":\"ImageObject\",\"inLanguage\":\"fr-FR\",\"@id\":\"https:\/\/paracherkaoui.ma\/index.php\/produit\/martiderm-black-diamond-proteum-serum-30ml\/#primaryimage\",\"url\":\"https:\/\/paracherkaoui.ma\/wp-content\/uploads\/2025\/12\/martiderm-martiderm-black-diamond-proteum-serum-30ml-premieres-rides.jpg\",\"contentUrl\":\"https:\/\/paracherkaoui.ma\/wp-content\/uploads\/2025\/12\/martiderm-martiderm-black-diamond-proteum-serum-30ml-premieres-rides.jpg\",\"width\":700,\"height\":700},{\"@type\":\"BreadcrumbList\",\"@id\":\"https:\/\/paracherkaoui.ma\/index.php\/produit\/martiderm-black-diamond-proteum-serum-30ml\/#breadcrumb\",\"itemListElement\":[{\"@type\":\"ListItem\",\"position\":1,\"name\":\"Accueil\",\"item\":\"https:\/\/paracherkaoui.ma\/\"},{\"@type\":\"ListItem\",\"position\":2,\"name\":\"Boutique\",\"item\":\"https:\/\/paracherkaoui.ma\/index.php\/boutique\/\"},{\"@type\":\"ListItem\",\"position\":3,\"name\":\"MARTIDERM Black Diamond Proteum serum 30ml\"}]},{\"@type\":\"WebSite\",\"@id\":\"https:\/\/paracherkaoui.ma\/#website\",\"url\":\"https:\/\/paracherkaoui.ma\/\",\"name\":\"Paracherkaoui.ma\",\"description\":\"Achetez en ligne sur Paracherkaoui.ma\",\"potentialAction\":[{\"@type\":\"SearchAction\",\"target\":{\"@type\":\"EntryPoint\",\"urlTemplate\":\"https:\/\/paracherkaoui.ma\/?s={search_term_string}\"},\"query-input\":{\"@type\":\"PropertyValueSpecification\",\"valueRequired\":true,\"valueName\":\"search_term_string\"}}],\"inLanguage\":\"fr-FR\"}]}<\/script>\r\n<!-- \/ Yoast SEO plugin. -->","yoast_head_json":{"title":"MARTIDERM Black Diamond Proteum serum 30ml - Paracherkaoui.ma","robots":{"index":"index","follow":"follow","max-snippet":"max-snippet:-1","max-image-preview":"max-image-preview:large","max-video-preview":"max-video-preview:-1"},"canonical":"https:\/\/paracherkaoui.ma\/index.php\/produit\/martiderm-black-diamond-proteum-serum-30ml\/","og_locale":"fr_FR","og_type":"article","og_title":"MARTIDERM Black Diamond Proteum serum 30ml - Paracherkaoui.ma","og_description":"Sa texture l\u00e9g\u00e8re et soyeuse p\u00e9n\u00e8tre rapidement, laissant la peau douce, hydrat\u00e9e et \u00e9clatante. Les vitamines A, C, E, B3","og_url":"https:\/\/paracherkaoui.ma\/index.php\/produit\/martiderm-black-diamond-proteum-serum-30ml\/","og_site_name":"Paracherkaoui.ma","article_modified_time":"2025-12-12T17:18:50+00:00","og_image":[{"width":700,"height":700,"url":"https:\/\/paracherkaoui.ma\/wp-content\/uploads\/2025\/12\/martiderm-martiderm-black-diamond-proteum-serum-30ml-premieres-rides.jpg","type":"image\/jpeg"}],"twitter_card":"summary_large_image","twitter_misc":{"Dur\u00e9e de lecture estim\u00e9e":"1 minute"},"schema":{"@context":"https:\/\/schema.org","@graph":[{"@type":"WebPage","@id":"https:\/\/paracherkaoui.ma\/index.php\/produit\/martiderm-black-diamond-proteum-serum-30ml\/","url":"https:\/\/paracherkaoui.ma\/index.php\/produit\/martiderm-black-diamond-proteum-serum-30ml\/","name":"MARTIDERM Black Diamond Proteum serum 30ml - Paracherkaoui.ma","isPartOf":{"@id":"https:\/\/paracherkaoui.ma\/#website"},"primaryImageOfPage":{"@id":"https:\/\/paracherkaoui.ma\/index.php\/produit\/martiderm-black-diamond-proteum-serum-30ml\/#primaryimage"},"image":{"@id":"https:\/\/paracherkaoui.ma\/index.php\/produit\/martiderm-black-diamond-proteum-serum-30ml\/#primaryimage"},"thumbnailUrl":"https:\/\/paracherkaoui.ma\/wp-content\/uploads\/2025\/12\/martiderm-martiderm-black-diamond-proteum-serum-30ml-premieres-rides.jpg","datePublished":"2025-12-12T17:18:47+00:00","dateModified":"2025-12-12T17:18:50+00:00","breadcrumb":{"@id":"https:\/\/paracherkaoui.ma\/index.php\/produit\/martiderm-black-diamond-proteum-serum-30ml\/#breadcrumb"},"inLanguage":"fr-FR","potentialAction":[{"@type":"ReadAction","target":["https:\/\/paracherkaoui.ma\/index.php\/produit\/martiderm-black-diamond-proteum-serum-30ml\/"]}]},{"@type":"ImageObject","inLanguage":"fr-FR","@id":"https:\/\/paracherkaoui.ma\/index.php\/produit\/martiderm-black-diamond-proteum-serum-30ml\/#primaryimage","url":"https:\/\/paracherkaoui.ma\/wp-content\/uploads\/2025\/12\/martiderm-martiderm-black-diamond-proteum-serum-30ml-premieres-rides.jpg","contentUrl":"https:\/\/paracherkaoui.ma\/wp-content\/uploads\/2025\/12\/martiderm-martiderm-black-diamond-proteum-serum-30ml-premieres-rides.jpg","width":700,"height":700},{"@type":"BreadcrumbList","@id":"https:\/\/paracherkaoui.ma\/index.php\/produit\/martiderm-black-diamond-proteum-serum-30ml\/#breadcrumb","itemListElement":[{"@type":"ListItem","position":1,"name":"Accueil","item":"https:\/\/paracherkaoui.ma\/"},{"@type":"ListItem","position":2,"name":"Boutique","item":"https:\/\/paracherkaoui.ma\/index.php\/boutique\/"},{"@type":"ListItem","position":3,"name":"MARTIDERM Black Diamond Proteum serum 30ml"}]},{"@type":"WebSite","@id":"https:\/\/paracherkaoui.ma\/#website","url":"https:\/\/paracherkaoui.ma\/","name":"Paracherkaoui.ma","description":"Achetez en ligne sur Paracherkaoui.ma","potentialAction":[{"@type":"SearchAction","target":{"@type":"EntryPoint","urlTemplate":"https:\/\/paracherkaoui.ma\/?s={search_term_string}"},"query-input":{"@type":"PropertyValueSpecification","valueRequired":true,"valueName":"search_term_string"}}],"inLanguage":"fr-FR"}]}},"_links":{"self":[{"href":"https:\/\/paracherkaoui.ma\/index.php\/wp-json\/wp\/v2\/product\/23615","targetHints":{"allow":["GET"]}}],"collection":[{"href":"https:\/\/paracherkaoui.ma\/index.php\/wp-json\/wp\/v2\/product"}],"about":[{"href":"https:\/\/paracherkaoui.ma\/index.php\/wp-json\/wp\/v2\/types\/product"}],"replies":[{"embeddable":true,"href":"https:\/\/paracherkaoui.ma\/index.php\/wp-json\/wp\/v2\/comments?post=23615"}],"version-history":[{"count":1,"href":"https:\/\/paracherkaoui.ma\/index.php\/wp-json\/wp\/v2\/product\/23615\/revisions"}],"predecessor-version":[{"id":23658,"href":"https:\/\/paracherkaoui.ma\/index.php\/wp-json\/wp\/v2\/product\/23615\/revisions\/23658"}],"wp:featuredmedia":[{"embeddable":true,"href":"https:\/\/paracherkaoui.ma\/index.php\/wp-json\/wp\/v2\/media\/23657"}],"wp:attachment":[{"href":"https:\/\/paracherkaoui.ma\/index.php\/wp-json\/wp\/v2\/media?parent=23615"}],"wp:term":[{"taxonomy":"product_brand","embeddable":true,"href":"https:\/\/paracherkaoui.ma\/index.php\/wp-json\/wp\/v2\/product_brand?post=23615"},{"taxonomy":"product_cat","embeddable":true,"href":"https:\/\/paracherkaoui.ma\/index.php\/wp-json\/wp\/v2\/product_cat?post=23615"},{"taxonomy":"product_tag","embeddable":true,"href":"https:\/\/paracherkaoui.ma\/index.php\/wp-json\/wp\/v2\/product_tag?post=23615"}],"curies":[{"name":"wp","href":"https:\/\/api.w.org\/{rel}","templated":true}]}}