{"id":23543,"date":"2025-12-12T18:18:41","date_gmt":"2025-12-12T17:18:41","guid":{"rendered":"https:\/\/test.ecbeaute.com\/?post_type=product&#038;p=23543"},"modified":"2025-12-12T18:18:46","modified_gmt":"2025-12-12T17:18:46","slug":"eucerin-hyaluron-filler-elasticity-serum-3d-30-ml-2","status":"publish","type":"product","link":"https:\/\/paracherkaoui.ma\/index.php\/produit\/eucerin-hyaluron-filler-elasticity-serum-3d-30-ml-2\/","title":{"rendered":"EUCERIN HYALURON FILLER + ELASTICITY SERUM 3D 30 ML"},"content":{"rendered":"<p>Moins de rides : Sa formule avanc\u00e9e combine deux types d\u2019acide hyaluronique \u2013 \u00e0 haut et bas poids mol\u00e9culaire \u2013 pour lisser visiblement la peau et combler les rides profondes, en agissant \u00e0 diff\u00e9rents niveaux de l\u2019\u00e9piderme.<br \/>\nPlus d\u2019\u00e9lasticit\u00e9 : L\u2019Arctiine, actif d\u2019origine naturelle, stimule la r\u00e9g\u00e9n\u00e9ration du collag\u00e8ne, renfor\u00e7ant la structure cutan\u00e9e et redonnant \u00e0 la peau sa souplesse et sa tonicit\u00e9.<br \/>\nR\u00e9duction des taches pigmentaires : Gr\u00e2ce au Thiamidol, un ingr\u00e9dient brevet\u00e9 par Eucerin, ce s\u00e9rum att\u00e9nue efficacement les taches brunes li\u00e9es \u00e0 l\u2019\u00e2ge et emp\u00eache leur r\u00e9apparition lors d\u2019une utilisation r\u00e9guli\u00e8re.<br \/>\nLe r\u00e9sultat ? Une peau visiblement repulp\u00e9e, plus ferme, un grain de peau affin\u00e9, un teint uniforme et \u00e9clatant. Sa texture l\u00e9g\u00e8re et non com\u00e9dog\u00e8ne en fait une excellente base de maquillage, parfaite pour une routine beaut\u00e9 quotidienne.<br \/>\nConseils d&rsquo;utilisation<br \/>\nAppliquez matin et soir sur peau propre avant votre cr\u00e8me de jour ou de nuit.<br \/>\nMassez doucement jusqu\u2019\u00e0 absorption compl\u00e8te.<br \/>\nLimitez l\u2019utilisation des produits contenant du Thiamidol \u00e0 4 applications par jour maximum.<br \/>\n\u00c9vitez le contact avec les yeux.<br \/>\nConservez \u00e0 une temp\u00e9rature inf\u00e9rieure \u00e0 25\u00b0C.<br \/>\nComposition<br \/>\nAqua, Glycerin, Octocrylene, Alcohol Denat., Isopropyl Palmitate, Cetearyl Isononanoate, Distarch Phosphate, Methylpropanediol, Isobutylamido Thiazolyl Resorcinol, Sodium Hyaluronate, Arctium Lappa Fruit Extract, Glucosylrutin, Isoquercitrin, Tocopherol, Dimethicone, Sodium Stearoyl Glutamate, Sodium Chloride, Glyceryl Stearate, Sodium Polyacrylate, Butyl Methoxydibenzoylmethane, Trisodium EDTA, Phenoxyethanol, Pentaerythrityl Tetra-di-t-butyl Hydroxyhydrocinnamate, Parfum<\/p>\n","protected":false},"excerpt":{"rendered":"<p>Moins de rides : Sa formule avanc\u00e9e combine deux types d\u2019acide hyaluronique \u2013 \u00e0 haut et bas poids mol\u00e9culaire \u2013<\/p>\n","protected":false},"featured_media":13299,"comment_status":"open","ping_status":"closed","template":"","meta":[],"product_brand":[134],"product_cat":[496],"product_tag":[],"class_list":{"0":"post-23543","1":"product","2":"type-product","3":"status-publish","4":"has-post-thumbnail","6":"product_brand-eucerin","7":"product_cat-premieres-rides","9":"first","10":"instock","11":"sale","12":"shipping-taxable","13":"purchasable","14":"product-type-simple"},"yoast_head":"<!-- This site is optimized with the Yoast SEO plugin v26.6 - https:\/\/yoast.com\/wordpress\/plugins\/seo\/ -->\r\n<title>EUCERIN HYALURON FILLER + ELASTICITY SERUM 3D 30 ML - Paracherkaoui.ma<\/title>\r\n<meta name=\"robots\" content=\"index, follow, max-snippet:-1, max-image-preview:large, max-video-preview:-1\" \/>\r\n<link rel=\"canonical\" href=\"https:\/\/paracherkaoui.ma\/index.php\/produit\/eucerin-hyaluron-filler-elasticity-serum-3d-30-ml-2\/\" \/>\r\n<meta property=\"og:locale\" content=\"fr_FR\" \/>\r\n<meta property=\"og:type\" content=\"article\" \/>\r\n<meta property=\"og:title\" content=\"EUCERIN HYALURON FILLER + ELASTICITY SERUM 3D 30 ML - Paracherkaoui.ma\" \/>\r\n<meta property=\"og:description\" content=\"Moins de rides : Sa formule avanc\u00e9e combine deux types d\u2019acide hyaluronique \u2013 \u00e0 haut et bas poids mol\u00e9culaire \u2013\" \/>\r\n<meta property=\"og:url\" content=\"https:\/\/paracherkaoui.ma\/index.php\/produit\/eucerin-hyaluron-filler-elasticity-serum-3d-30-ml-2\/\" \/>\r\n<meta property=\"og:site_name\" content=\"Paracherkaoui.ma\" \/>\r\n<meta property=\"article:modified_time\" content=\"2025-12-12T17:18:46+00:00\" \/>\r\n<meta property=\"og:image\" content=\"https:\/\/paracherkaoui.ma\/wp-content\/uploads\/2025\/12\/eucerin-eucerin-hyaluron-filler-elasticity-serum-3d-30-ml-premieres-rides.jpg\" \/>\r\n\t<meta property=\"og:image:width\" content=\"700\" \/>\r\n\t<meta property=\"og:image:height\" content=\"700\" \/>\r\n\t<meta property=\"og:image:type\" content=\"image\/jpeg\" \/>\r\n<meta name=\"twitter:card\" content=\"summary_large_image\" \/>\r\n<meta name=\"twitter:label1\" content=\"Dur\u00e9e de lecture estim\u00e9e\" \/>\n\t<meta name=\"twitter:data1\" content=\"1 minute\" \/>\r\n<script type=\"application\/ld+json\" class=\"yoast-schema-graph\">{\"@context\":\"https:\/\/schema.org\",\"@graph\":[{\"@type\":\"WebPage\",\"@id\":\"https:\/\/paracherkaoui.ma\/index.php\/produit\/eucerin-hyaluron-filler-elasticity-serum-3d-30-ml-2\/\",\"url\":\"https:\/\/paracherkaoui.ma\/index.php\/produit\/eucerin-hyaluron-filler-elasticity-serum-3d-30-ml-2\/\",\"name\":\"EUCERIN HYALURON FILLER + ELASTICITY SERUM 3D 30 ML - Paracherkaoui.ma\",\"isPartOf\":{\"@id\":\"https:\/\/paracherkaoui.ma\/#website\"},\"primaryImageOfPage\":{\"@id\":\"https:\/\/paracherkaoui.ma\/index.php\/produit\/eucerin-hyaluron-filler-elasticity-serum-3d-30-ml-2\/#primaryimage\"},\"image\":{\"@id\":\"https:\/\/paracherkaoui.ma\/index.php\/produit\/eucerin-hyaluron-filler-elasticity-serum-3d-30-ml-2\/#primaryimage\"},\"thumbnailUrl\":\"https:\/\/paracherkaoui.ma\/wp-content\/uploads\/2025\/12\/eucerin-eucerin-hyaluron-filler-elasticity-serum-3d-30-ml-premieres-rides.jpg\",\"datePublished\":\"2025-12-12T17:18:41+00:00\",\"dateModified\":\"2025-12-12T17:18:46+00:00\",\"breadcrumb\":{\"@id\":\"https:\/\/paracherkaoui.ma\/index.php\/produit\/eucerin-hyaluron-filler-elasticity-serum-3d-30-ml-2\/#breadcrumb\"},\"inLanguage\":\"fr-FR\",\"potentialAction\":[{\"@type\":\"ReadAction\",\"target\":[\"https:\/\/paracherkaoui.ma\/index.php\/produit\/eucerin-hyaluron-filler-elasticity-serum-3d-30-ml-2\/\"]}]},{\"@type\":\"ImageObject\",\"inLanguage\":\"fr-FR\",\"@id\":\"https:\/\/paracherkaoui.ma\/index.php\/produit\/eucerin-hyaluron-filler-elasticity-serum-3d-30-ml-2\/#primaryimage\",\"url\":\"https:\/\/paracherkaoui.ma\/wp-content\/uploads\/2025\/12\/eucerin-eucerin-hyaluron-filler-elasticity-serum-3d-30-ml-premieres-rides.jpg\",\"contentUrl\":\"https:\/\/paracherkaoui.ma\/wp-content\/uploads\/2025\/12\/eucerin-eucerin-hyaluron-filler-elasticity-serum-3d-30-ml-premieres-rides.jpg\",\"width\":700,\"height\":700},{\"@type\":\"BreadcrumbList\",\"@id\":\"https:\/\/paracherkaoui.ma\/index.php\/produit\/eucerin-hyaluron-filler-elasticity-serum-3d-30-ml-2\/#breadcrumb\",\"itemListElement\":[{\"@type\":\"ListItem\",\"position\":1,\"name\":\"Accueil\",\"item\":\"https:\/\/paracherkaoui.ma\/\"},{\"@type\":\"ListItem\",\"position\":2,\"name\":\"Boutique\",\"item\":\"https:\/\/paracherkaoui.ma\/index.php\/boutique\/\"},{\"@type\":\"ListItem\",\"position\":3,\"name\":\"EUCERIN HYALURON FILLER + ELASTICITY SERUM 3D 30 ML\"}]},{\"@type\":\"WebSite\",\"@id\":\"https:\/\/paracherkaoui.ma\/#website\",\"url\":\"https:\/\/paracherkaoui.ma\/\",\"name\":\"Paracherkaoui.ma\",\"description\":\"Achetez en ligne sur Paracherkaoui.ma\",\"potentialAction\":[{\"@type\":\"SearchAction\",\"target\":{\"@type\":\"EntryPoint\",\"urlTemplate\":\"https:\/\/paracherkaoui.ma\/?s={search_term_string}\"},\"query-input\":{\"@type\":\"PropertyValueSpecification\",\"valueRequired\":true,\"valueName\":\"search_term_string\"}}],\"inLanguage\":\"fr-FR\"}]}<\/script>\r\n<!-- \/ Yoast SEO plugin. -->","yoast_head_json":{"title":"EUCERIN HYALURON FILLER + ELASTICITY SERUM 3D 30 ML - Paracherkaoui.ma","robots":{"index":"index","follow":"follow","max-snippet":"max-snippet:-1","max-image-preview":"max-image-preview:large","max-video-preview":"max-video-preview:-1"},"canonical":"https:\/\/paracherkaoui.ma\/index.php\/produit\/eucerin-hyaluron-filler-elasticity-serum-3d-30-ml-2\/","og_locale":"fr_FR","og_type":"article","og_title":"EUCERIN HYALURON FILLER + ELASTICITY SERUM 3D 30 ML - Paracherkaoui.ma","og_description":"Moins de rides : Sa formule avanc\u00e9e combine deux types d\u2019acide hyaluronique \u2013 \u00e0 haut et bas poids mol\u00e9culaire \u2013","og_url":"https:\/\/paracherkaoui.ma\/index.php\/produit\/eucerin-hyaluron-filler-elasticity-serum-3d-30-ml-2\/","og_site_name":"Paracherkaoui.ma","article_modified_time":"2025-12-12T17:18:46+00:00","og_image":[{"width":700,"height":700,"url":"https:\/\/paracherkaoui.ma\/wp-content\/uploads\/2025\/12\/eucerin-eucerin-hyaluron-filler-elasticity-serum-3d-30-ml-premieres-rides.jpg","type":"image\/jpeg"}],"twitter_card":"summary_large_image","twitter_misc":{"Dur\u00e9e de lecture estim\u00e9e":"1 minute"},"schema":{"@context":"https:\/\/schema.org","@graph":[{"@type":"WebPage","@id":"https:\/\/paracherkaoui.ma\/index.php\/produit\/eucerin-hyaluron-filler-elasticity-serum-3d-30-ml-2\/","url":"https:\/\/paracherkaoui.ma\/index.php\/produit\/eucerin-hyaluron-filler-elasticity-serum-3d-30-ml-2\/","name":"EUCERIN HYALURON FILLER + ELASTICITY SERUM 3D 30 ML - Paracherkaoui.ma","isPartOf":{"@id":"https:\/\/paracherkaoui.ma\/#website"},"primaryImageOfPage":{"@id":"https:\/\/paracherkaoui.ma\/index.php\/produit\/eucerin-hyaluron-filler-elasticity-serum-3d-30-ml-2\/#primaryimage"},"image":{"@id":"https:\/\/paracherkaoui.ma\/index.php\/produit\/eucerin-hyaluron-filler-elasticity-serum-3d-30-ml-2\/#primaryimage"},"thumbnailUrl":"https:\/\/paracherkaoui.ma\/wp-content\/uploads\/2025\/12\/eucerin-eucerin-hyaluron-filler-elasticity-serum-3d-30-ml-premieres-rides.jpg","datePublished":"2025-12-12T17:18:41+00:00","dateModified":"2025-12-12T17:18:46+00:00","breadcrumb":{"@id":"https:\/\/paracherkaoui.ma\/index.php\/produit\/eucerin-hyaluron-filler-elasticity-serum-3d-30-ml-2\/#breadcrumb"},"inLanguage":"fr-FR","potentialAction":[{"@type":"ReadAction","target":["https:\/\/paracherkaoui.ma\/index.php\/produit\/eucerin-hyaluron-filler-elasticity-serum-3d-30-ml-2\/"]}]},{"@type":"ImageObject","inLanguage":"fr-FR","@id":"https:\/\/paracherkaoui.ma\/index.php\/produit\/eucerin-hyaluron-filler-elasticity-serum-3d-30-ml-2\/#primaryimage","url":"https:\/\/paracherkaoui.ma\/wp-content\/uploads\/2025\/12\/eucerin-eucerin-hyaluron-filler-elasticity-serum-3d-30-ml-premieres-rides.jpg","contentUrl":"https:\/\/paracherkaoui.ma\/wp-content\/uploads\/2025\/12\/eucerin-eucerin-hyaluron-filler-elasticity-serum-3d-30-ml-premieres-rides.jpg","width":700,"height":700},{"@type":"BreadcrumbList","@id":"https:\/\/paracherkaoui.ma\/index.php\/produit\/eucerin-hyaluron-filler-elasticity-serum-3d-30-ml-2\/#breadcrumb","itemListElement":[{"@type":"ListItem","position":1,"name":"Accueil","item":"https:\/\/paracherkaoui.ma\/"},{"@type":"ListItem","position":2,"name":"Boutique","item":"https:\/\/paracherkaoui.ma\/index.php\/boutique\/"},{"@type":"ListItem","position":3,"name":"EUCERIN HYALURON FILLER + ELASTICITY SERUM 3D 30 ML"}]},{"@type":"WebSite","@id":"https:\/\/paracherkaoui.ma\/#website","url":"https:\/\/paracherkaoui.ma\/","name":"Paracherkaoui.ma","description":"Achetez en ligne sur Paracherkaoui.ma","potentialAction":[{"@type":"SearchAction","target":{"@type":"EntryPoint","urlTemplate":"https:\/\/paracherkaoui.ma\/?s={search_term_string}"},"query-input":{"@type":"PropertyValueSpecification","valueRequired":true,"valueName":"search_term_string"}}],"inLanguage":"fr-FR"}]}},"_links":{"self":[{"href":"https:\/\/paracherkaoui.ma\/index.php\/wp-json\/wp\/v2\/product\/23543","targetHints":{"allow":["GET"]}}],"collection":[{"href":"https:\/\/paracherkaoui.ma\/index.php\/wp-json\/wp\/v2\/product"}],"about":[{"href":"https:\/\/paracherkaoui.ma\/index.php\/wp-json\/wp\/v2\/types\/product"}],"replies":[{"embeddable":true,"href":"https:\/\/paracherkaoui.ma\/index.php\/wp-json\/wp\/v2\/comments?post=23543"}],"version-history":[{"count":1,"href":"https:\/\/paracherkaoui.ma\/index.php\/wp-json\/wp\/v2\/product\/23543\/revisions"}],"predecessor-version":[{"id":23594,"href":"https:\/\/paracherkaoui.ma\/index.php\/wp-json\/wp\/v2\/product\/23543\/revisions\/23594"}],"wp:featuredmedia":[{"embeddable":true,"href":"https:\/\/paracherkaoui.ma\/index.php\/wp-json\/wp\/v2\/media\/13299"}],"wp:attachment":[{"href":"https:\/\/paracherkaoui.ma\/index.php\/wp-json\/wp\/v2\/media?parent=23543"}],"wp:term":[{"taxonomy":"product_brand","embeddable":true,"href":"https:\/\/paracherkaoui.ma\/index.php\/wp-json\/wp\/v2\/product_brand?post=23543"},{"taxonomy":"product_cat","embeddable":true,"href":"https:\/\/paracherkaoui.ma\/index.php\/wp-json\/wp\/v2\/product_cat?post=23543"},{"taxonomy":"product_tag","embeddable":true,"href":"https:\/\/paracherkaoui.ma\/index.php\/wp-json\/wp\/v2\/product_tag?post=23543"}],"curies":[{"name":"wp","href":"https:\/\/api.w.org\/{rel}","templated":true}]}}