{"id":23528,"date":"2025-12-12T18:18:40","date_gmt":"2025-12-12T17:18:40","guid":{"rendered":"https:\/\/test.ecbeaute.com\/?post_type=product&#038;p=23528"},"modified":"2025-12-12T18:18:43","modified_gmt":"2025-12-12T17:18:43","slug":"sesderma-reti-age-serum-anti-age-30-ml","status":"publish","type":"product","link":"https:\/\/paracherkaoui.ma\/index.php\/produit\/sesderma-reti-age-serum-anti-age-30-ml\/","title":{"rendered":"SESDERMA RETI AGE SERUM ANTI AGE 30 ML"},"content":{"rendered":"<p>Un puissant s\u00e9rum hydratant \u00e0 triple action pour une peau visiblement plus lisse, plus ferme et rajeunie. Assez doux pour une utilisation quotidienne, apporte une hydratation continue tout en aidant \u00e0 minimiser l&rsquo;apparence des rides et ridules.<br \/>\nConseils d&rsquo;utilisation:<br \/>\nNettoyez et tonifiez votre peau.<br \/>\nEnsuite, appliquez quelques gouttes de s\u00e9rum liposomale RETI AGE avec un massage doux sur le visage, le cou et le d\u00e9collet\u00e9. La bonne quantit\u00e9 est une pipette \u00e0 \u00e9tendre uniform\u00e9ment.<br \/>\nVous pouvez l&rsquo;utiliser \u00e0 la fois le matin ou le soir.<br \/>\nCombinez-le avec votre routine beaut\u00e9 r\u00e9guli\u00e8re, toujours sur une peau propre, juste avant toutes les cr\u00e8mes. Et n&rsquo;oubliez pas d&rsquo;utiliser un \u00e9cran solaire !<\/p>\n","protected":false},"excerpt":{"rendered":"<p>Un puissant s\u00e9rum hydratant \u00e0 triple action pour une peau visiblement plus lisse, plus ferme et rajeunie. Assez doux pour<\/p>\n","protected":false},"featured_media":23566,"comment_status":"open","ping_status":"closed","template":"","meta":[],"product_brand":[390],"product_cat":[496],"product_tag":[],"class_list":{"0":"post-23528","1":"product","2":"type-product","3":"status-publish","4":"has-post-thumbnail","6":"product_brand-sesderma","7":"product_cat-premieres-rides","9":"first","10":"instock","11":"sale","12":"shipping-taxable","13":"purchasable","14":"product-type-simple"},"yoast_head":"<!-- This site is optimized with the Yoast SEO plugin v26.6 - https:\/\/yoast.com\/wordpress\/plugins\/seo\/ -->\r\n<title>SESDERMA RETI AGE SERUM ANTI AGE 30 ML - Paracherkaoui.ma<\/title>\r\n<meta name=\"robots\" content=\"index, follow, max-snippet:-1, max-image-preview:large, max-video-preview:-1\" \/>\r\n<link rel=\"canonical\" href=\"https:\/\/paracherkaoui.ma\/index.php\/produit\/sesderma-reti-age-serum-anti-age-30-ml\/\" \/>\r\n<meta property=\"og:locale\" content=\"fr_FR\" \/>\r\n<meta property=\"og:type\" content=\"article\" \/>\r\n<meta property=\"og:title\" content=\"SESDERMA RETI AGE SERUM ANTI AGE 30 ML - Paracherkaoui.ma\" \/>\r\n<meta property=\"og:description\" content=\"Un puissant s\u00e9rum hydratant \u00e0 triple action pour une peau visiblement plus lisse, plus ferme et rajeunie. Assez doux pour\" \/>\r\n<meta property=\"og:url\" content=\"https:\/\/paracherkaoui.ma\/index.php\/produit\/sesderma-reti-age-serum-anti-age-30-ml\/\" \/>\r\n<meta property=\"og:site_name\" content=\"Paracherkaoui.ma\" \/>\r\n<meta property=\"article:modified_time\" content=\"2025-12-12T17:18:43+00:00\" \/>\r\n<meta property=\"og:image\" content=\"https:\/\/paracherkaoui.ma\/wp-content\/uploads\/2025\/12\/sesderma-sesderma-reti-age-serum-anti-age-30-ml-premieres-rides.jpg\" \/>\r\n\t<meta property=\"og:image:width\" content=\"700\" \/>\r\n\t<meta property=\"og:image:height\" content=\"700\" \/>\r\n\t<meta property=\"og:image:type\" content=\"image\/jpeg\" \/>\r\n<meta name=\"twitter:card\" content=\"summary_large_image\" \/>\r\n<meta name=\"twitter:label1\" content=\"Dur\u00e9e de lecture estim\u00e9e\" \/>\n\t<meta name=\"twitter:data1\" content=\"1 minute\" \/>\r\n<script type=\"application\/ld+json\" class=\"yoast-schema-graph\">{\"@context\":\"https:\/\/schema.org\",\"@graph\":[{\"@type\":\"WebPage\",\"@id\":\"https:\/\/paracherkaoui.ma\/index.php\/produit\/sesderma-reti-age-serum-anti-age-30-ml\/\",\"url\":\"https:\/\/paracherkaoui.ma\/index.php\/produit\/sesderma-reti-age-serum-anti-age-30-ml\/\",\"name\":\"SESDERMA RETI AGE SERUM ANTI AGE 30 ML - Paracherkaoui.ma\",\"isPartOf\":{\"@id\":\"https:\/\/paracherkaoui.ma\/#website\"},\"primaryImageOfPage\":{\"@id\":\"https:\/\/paracherkaoui.ma\/index.php\/produit\/sesderma-reti-age-serum-anti-age-30-ml\/#primaryimage\"},\"image\":{\"@id\":\"https:\/\/paracherkaoui.ma\/index.php\/produit\/sesderma-reti-age-serum-anti-age-30-ml\/#primaryimage\"},\"thumbnailUrl\":\"https:\/\/paracherkaoui.ma\/wp-content\/uploads\/2025\/12\/sesderma-sesderma-reti-age-serum-anti-age-30-ml-premieres-rides.jpg\",\"datePublished\":\"2025-12-12T17:18:40+00:00\",\"dateModified\":\"2025-12-12T17:18:43+00:00\",\"breadcrumb\":{\"@id\":\"https:\/\/paracherkaoui.ma\/index.php\/produit\/sesderma-reti-age-serum-anti-age-30-ml\/#breadcrumb\"},\"inLanguage\":\"fr-FR\",\"potentialAction\":[{\"@type\":\"ReadAction\",\"target\":[\"https:\/\/paracherkaoui.ma\/index.php\/produit\/sesderma-reti-age-serum-anti-age-30-ml\/\"]}]},{\"@type\":\"ImageObject\",\"inLanguage\":\"fr-FR\",\"@id\":\"https:\/\/paracherkaoui.ma\/index.php\/produit\/sesderma-reti-age-serum-anti-age-30-ml\/#primaryimage\",\"url\":\"https:\/\/paracherkaoui.ma\/wp-content\/uploads\/2025\/12\/sesderma-sesderma-reti-age-serum-anti-age-30-ml-premieres-rides.jpg\",\"contentUrl\":\"https:\/\/paracherkaoui.ma\/wp-content\/uploads\/2025\/12\/sesderma-sesderma-reti-age-serum-anti-age-30-ml-premieres-rides.jpg\",\"width\":700,\"height\":700},{\"@type\":\"BreadcrumbList\",\"@id\":\"https:\/\/paracherkaoui.ma\/index.php\/produit\/sesderma-reti-age-serum-anti-age-30-ml\/#breadcrumb\",\"itemListElement\":[{\"@type\":\"ListItem\",\"position\":1,\"name\":\"Accueil\",\"item\":\"https:\/\/paracherkaoui.ma\/\"},{\"@type\":\"ListItem\",\"position\":2,\"name\":\"Boutique\",\"item\":\"https:\/\/paracherkaoui.ma\/index.php\/boutique\/\"},{\"@type\":\"ListItem\",\"position\":3,\"name\":\"SESDERMA RETI AGE SERUM ANTI AGE 30 ML\"}]},{\"@type\":\"WebSite\",\"@id\":\"https:\/\/paracherkaoui.ma\/#website\",\"url\":\"https:\/\/paracherkaoui.ma\/\",\"name\":\"Paracherkaoui.ma\",\"description\":\"Achetez en ligne sur Paracherkaoui.ma\",\"potentialAction\":[{\"@type\":\"SearchAction\",\"target\":{\"@type\":\"EntryPoint\",\"urlTemplate\":\"https:\/\/paracherkaoui.ma\/?s={search_term_string}\"},\"query-input\":{\"@type\":\"PropertyValueSpecification\",\"valueRequired\":true,\"valueName\":\"search_term_string\"}}],\"inLanguage\":\"fr-FR\"}]}<\/script>\r\n<!-- \/ Yoast SEO plugin. -->","yoast_head_json":{"title":"SESDERMA RETI AGE SERUM ANTI AGE 30 ML - Paracherkaoui.ma","robots":{"index":"index","follow":"follow","max-snippet":"max-snippet:-1","max-image-preview":"max-image-preview:large","max-video-preview":"max-video-preview:-1"},"canonical":"https:\/\/paracherkaoui.ma\/index.php\/produit\/sesderma-reti-age-serum-anti-age-30-ml\/","og_locale":"fr_FR","og_type":"article","og_title":"SESDERMA RETI AGE SERUM ANTI AGE 30 ML - Paracherkaoui.ma","og_description":"Un puissant s\u00e9rum hydratant \u00e0 triple action pour une peau visiblement plus lisse, plus ferme et rajeunie. Assez doux pour","og_url":"https:\/\/paracherkaoui.ma\/index.php\/produit\/sesderma-reti-age-serum-anti-age-30-ml\/","og_site_name":"Paracherkaoui.ma","article_modified_time":"2025-12-12T17:18:43+00:00","og_image":[{"width":700,"height":700,"url":"https:\/\/paracherkaoui.ma\/wp-content\/uploads\/2025\/12\/sesderma-sesderma-reti-age-serum-anti-age-30-ml-premieres-rides.jpg","type":"image\/jpeg"}],"twitter_card":"summary_large_image","twitter_misc":{"Dur\u00e9e de lecture estim\u00e9e":"1 minute"},"schema":{"@context":"https:\/\/schema.org","@graph":[{"@type":"WebPage","@id":"https:\/\/paracherkaoui.ma\/index.php\/produit\/sesderma-reti-age-serum-anti-age-30-ml\/","url":"https:\/\/paracherkaoui.ma\/index.php\/produit\/sesderma-reti-age-serum-anti-age-30-ml\/","name":"SESDERMA RETI AGE SERUM ANTI AGE 30 ML - Paracherkaoui.ma","isPartOf":{"@id":"https:\/\/paracherkaoui.ma\/#website"},"primaryImageOfPage":{"@id":"https:\/\/paracherkaoui.ma\/index.php\/produit\/sesderma-reti-age-serum-anti-age-30-ml\/#primaryimage"},"image":{"@id":"https:\/\/paracherkaoui.ma\/index.php\/produit\/sesderma-reti-age-serum-anti-age-30-ml\/#primaryimage"},"thumbnailUrl":"https:\/\/paracherkaoui.ma\/wp-content\/uploads\/2025\/12\/sesderma-sesderma-reti-age-serum-anti-age-30-ml-premieres-rides.jpg","datePublished":"2025-12-12T17:18:40+00:00","dateModified":"2025-12-12T17:18:43+00:00","breadcrumb":{"@id":"https:\/\/paracherkaoui.ma\/index.php\/produit\/sesderma-reti-age-serum-anti-age-30-ml\/#breadcrumb"},"inLanguage":"fr-FR","potentialAction":[{"@type":"ReadAction","target":["https:\/\/paracherkaoui.ma\/index.php\/produit\/sesderma-reti-age-serum-anti-age-30-ml\/"]}]},{"@type":"ImageObject","inLanguage":"fr-FR","@id":"https:\/\/paracherkaoui.ma\/index.php\/produit\/sesderma-reti-age-serum-anti-age-30-ml\/#primaryimage","url":"https:\/\/paracherkaoui.ma\/wp-content\/uploads\/2025\/12\/sesderma-sesderma-reti-age-serum-anti-age-30-ml-premieres-rides.jpg","contentUrl":"https:\/\/paracherkaoui.ma\/wp-content\/uploads\/2025\/12\/sesderma-sesderma-reti-age-serum-anti-age-30-ml-premieres-rides.jpg","width":700,"height":700},{"@type":"BreadcrumbList","@id":"https:\/\/paracherkaoui.ma\/index.php\/produit\/sesderma-reti-age-serum-anti-age-30-ml\/#breadcrumb","itemListElement":[{"@type":"ListItem","position":1,"name":"Accueil","item":"https:\/\/paracherkaoui.ma\/"},{"@type":"ListItem","position":2,"name":"Boutique","item":"https:\/\/paracherkaoui.ma\/index.php\/boutique\/"},{"@type":"ListItem","position":3,"name":"SESDERMA RETI AGE SERUM ANTI AGE 30 ML"}]},{"@type":"WebSite","@id":"https:\/\/paracherkaoui.ma\/#website","url":"https:\/\/paracherkaoui.ma\/","name":"Paracherkaoui.ma","description":"Achetez en ligne sur Paracherkaoui.ma","potentialAction":[{"@type":"SearchAction","target":{"@type":"EntryPoint","urlTemplate":"https:\/\/paracherkaoui.ma\/?s={search_term_string}"},"query-input":{"@type":"PropertyValueSpecification","valueRequired":true,"valueName":"search_term_string"}}],"inLanguage":"fr-FR"}]}},"_links":{"self":[{"href":"https:\/\/paracherkaoui.ma\/index.php\/wp-json\/wp\/v2\/product\/23528","targetHints":{"allow":["GET"]}}],"collection":[{"href":"https:\/\/paracherkaoui.ma\/index.php\/wp-json\/wp\/v2\/product"}],"about":[{"href":"https:\/\/paracherkaoui.ma\/index.php\/wp-json\/wp\/v2\/types\/product"}],"replies":[{"embeddable":true,"href":"https:\/\/paracherkaoui.ma\/index.php\/wp-json\/wp\/v2\/comments?post=23528"}],"version-history":[{"count":1,"href":"https:\/\/paracherkaoui.ma\/index.php\/wp-json\/wp\/v2\/product\/23528\/revisions"}],"predecessor-version":[{"id":23567,"href":"https:\/\/paracherkaoui.ma\/index.php\/wp-json\/wp\/v2\/product\/23528\/revisions\/23567"}],"wp:featuredmedia":[{"embeddable":true,"href":"https:\/\/paracherkaoui.ma\/index.php\/wp-json\/wp\/v2\/media\/23566"}],"wp:attachment":[{"href":"https:\/\/paracherkaoui.ma\/index.php\/wp-json\/wp\/v2\/media?parent=23528"}],"wp:term":[{"taxonomy":"product_brand","embeddable":true,"href":"https:\/\/paracherkaoui.ma\/index.php\/wp-json\/wp\/v2\/product_brand?post=23528"},{"taxonomy":"product_cat","embeddable":true,"href":"https:\/\/paracherkaoui.ma\/index.php\/wp-json\/wp\/v2\/product_cat?post=23528"},{"taxonomy":"product_tag","embeddable":true,"href":"https:\/\/paracherkaoui.ma\/index.php\/wp-json\/wp\/v2\/product_tag?post=23528"}],"curies":[{"name":"wp","href":"https:\/\/api.w.org\/{rel}","templated":true}]}}