{"id":23527,"date":"2025-12-12T18:18:40","date_gmt":"2025-12-12T17:18:40","guid":{"rendered":"https:\/\/test.ecbeaute.com\/?post_type=product&#038;p=23527"},"modified":"2025-12-12T18:18:43","modified_gmt":"2025-12-12T17:18:43","slug":"filorga-coffret-ncef-revitalize-serum-30-mlrevitalize-creme-15mloptim-eyes-4ml-offert-2","status":"publish","type":"product","link":"https:\/\/paracherkaoui.ma\/index.php\/produit\/filorga-coffret-ncef-revitalize-serum-30-mlrevitalize-creme-15mloptim-eyes-4ml-offert-2\/","title":{"rendered":"FILORGA COFFRET NCEF REVITALIZE SERUM 30 ML+REVITALIZE CREME 15ML+OPTIM EYES 4ML OFFERT"},"content":{"rendered":"<p>Le NCEF-REVITALIZE SERUM se distingue \u00e9galement par sa technologie avanc\u00e9e d\u2019encapsulation, assurant une p\u00e9n\u00e9tration optimale des actifs pour agir directement au c\u0153ur de l\u2019\u00e9piderme. Sa texture ultra-l\u00e9g\u00e8re, non grasse et non collante, glisse parfaitement sur la peau, laissant un fini doux et \u00e9clatant sans effet de lourdeur. Avec 94 % d\u2019ingr\u00e9dients d\u2019origine naturelle, ce s\u00e9rum est formul\u00e9 pour tous les types de peau, m\u00eame les plus sensibles, et a \u00e9t\u00e9 test\u00e9 sous contr\u00f4le dermatologique.<br \/>\nDes r\u00e9sultats visibles apparaissent d\u00e8s les premi\u00e8res semaines d\u2019utilisation, offrant des bienfaits comparables aux traitements esth\u00e9tiques en termes d\u2019\u00e9clat et d\u2019homog\u00e9n\u00e9it\u00e9 de la peau. Apr\u00e8s 9 semaines d&rsquo;application r\u00e9guli\u00e8re, 100 % des utilisatrices recommandent ce s\u00e9rum pour son efficacit\u00e9 exceptionnelle.<br \/>\nComposition<br \/>\nAQUA (WATER, EAU), GLYCERIN, ETHYL OLEATE, BUTYROSPERMUM PARKII (SHEA) BUTTER, HYDROGENATED VEGETABLE OIL, PROPANEDIOL, METHYLSILANOL MANNURONATE, CETYL ALCOHOL, ARACHIDYL ALCOHOL, CELLULOSE, MANNITOL, DIMETHICONE, METHYLPROPANEDIOL, SODIUM STEAROYL GLUTAMATE, BEHENYL ALCOHOL, STEARYL STEARATE, SODIUM POLYACRYLATE, PARFUM (FRAGRANCE), ARACHIDYL GLUCOSIDE, SODIUM BENZOATE, CITRIC ACID, POLYACRYLATE CROSSPOLYMER-6, TOCOPHERYL ACETATE, PEG-20 CASTOR OIL, HYDROLYZED HYALURONIC ACID, POLYGLYCERYL-10 DIOLEATE, NIACINAMIDE, CERA CARNAUBA\/COPERNICIA CERIFERA (CARNAUBA) WAX\/CIRE DE CARNAUBA, RHUS VERNICIFLUA PEEL<br \/>\nWAX, MAGNESIUM STEARATE, ALCOHOL DENAT., TAURINE, CAPRYLIC\/CAPRIC TRIGLYCERIDE, CARNOSINE, SODIUM PCA, POTASSIUM SORBATE, PENTYLENE GLYCOL, ARGININE, SODIUM PHYTATE, ADENOSINE, POLYGLYCERYL-10 DIPALMITATE, PEG-60 HYDROGENATED CASTOR OIL, ZEA MAYS (CORN) OIL, SODIUM LACTATE, HABERLEA RHODOPENSIS LEAF EXTRACT, CALCIUM PANTOTHENATE, INOSITOL, TOCOPHEROL, RETINOL, DIPEPTIDE DIAMINOBUTYROYL BENZYLAMIDE DIACETATE, XANTHAN GUM, BENZOIC ACID, ROSA MOSCHATA SEED OIL, GLYCINE, ACETYL TETRAPEPTIDE-11, MAGNESIUM SULFATE, NICOTINAMIDE ADENINE DINUCLEOTIDE, ACETYL TETRAPEPTIDE-9, ERGOTHIONEINE, BIOTIN, PALMITOYL TRIPEPTIDE-1, PALMITOYL TETRAPEPTIDE-7, CI 17200 (RED 33).<br \/>\nConseils d&rsquo;utilisation<br \/>\nAppliquez matin et soir sur une peau propre, avant votre cr\u00e8me hydratante. D\u00e9posez quelques gouttes du s\u00e9rum dans le creux de la main, puis appliquez sur l\u2019ensemble du visage et du cou en effectuant des mouvements ascendants pour favoriser la p\u00e9n\u00e9tration et stimuler la microcirculation.<\/p>\n","protected":false},"excerpt":{"rendered":"<p>Le NCEF-REVITALIZE SERUM se distingue \u00e9galement par sa technologie avanc\u00e9e d\u2019encapsulation, assurant une p\u00e9n\u00e9tration optimale des actifs pour agir directement<\/p>\n","protected":false},"featured_media":22947,"comment_status":"open","ping_status":"closed","template":"","meta":[],"product_brand":[141],"product_cat":[496],"product_tag":[],"class_list":{"0":"post-23527","1":"product","2":"type-product","3":"status-publish","4":"has-post-thumbnail","6":"product_brand-filorga","7":"product_cat-premieres-rides","9":"first","10":"instock","11":"sale","12":"shipping-taxable","13":"purchasable","14":"product-type-simple"},"yoast_head":"<!-- This site is optimized with the Yoast SEO plugin v26.6 - https:\/\/yoast.com\/wordpress\/plugins\/seo\/ -->\r\n<title>FILORGA COFFRET NCEF REVITALIZE SERUM 30 ML+REVITALIZE CREME 15ML+OPTIM EYES 4ML OFFERT - Paracherkaoui.ma<\/title>\r\n<meta name=\"robots\" content=\"index, follow, max-snippet:-1, max-image-preview:large, max-video-preview:-1\" \/>\r\n<link rel=\"canonical\" href=\"https:\/\/paracherkaoui.ma\/index.php\/produit\/filorga-coffret-ncef-revitalize-serum-30-mlrevitalize-creme-15mloptim-eyes-4ml-offert-2\/\" \/>\r\n<meta property=\"og:locale\" content=\"fr_FR\" \/>\r\n<meta property=\"og:type\" content=\"article\" \/>\r\n<meta property=\"og:title\" content=\"FILORGA COFFRET NCEF REVITALIZE SERUM 30 ML+REVITALIZE CREME 15ML+OPTIM EYES 4ML OFFERT - Paracherkaoui.ma\" \/>\r\n<meta property=\"og:description\" content=\"Le NCEF-REVITALIZE SERUM se distingue \u00e9galement par sa technologie avanc\u00e9e d\u2019encapsulation, assurant une p\u00e9n\u00e9tration optimale des actifs pour agir directement\" \/>\r\n<meta property=\"og:url\" content=\"https:\/\/paracherkaoui.ma\/index.php\/produit\/filorga-coffret-ncef-revitalize-serum-30-mlrevitalize-creme-15mloptim-eyes-4ml-offert-2\/\" \/>\r\n<meta property=\"og:site_name\" content=\"Paracherkaoui.ma\" \/>\r\n<meta property=\"article:modified_time\" content=\"2025-12-12T17:18:43+00:00\" \/>\r\n<meta property=\"og:image\" content=\"https:\/\/paracherkaoui.ma\/wp-content\/uploads\/2025\/12\/filorga-filorga-coffret-ncef-revitalize-serum-30-ml-revitalize-creme-15ml-optim-eyes-4ml-offert-soins-anti-age.jpg\" \/>\r\n\t<meta property=\"og:image:width\" content=\"700\" \/>\r\n\t<meta property=\"og:image:height\" content=\"700\" \/>\r\n\t<meta property=\"og:image:type\" content=\"image\/jpeg\" \/>\r\n<meta name=\"twitter:card\" content=\"summary_large_image\" \/>\r\n<meta name=\"twitter:label1\" content=\"Dur\u00e9e de lecture estim\u00e9e\" \/>\n\t<meta name=\"twitter:data1\" content=\"2 minutes\" \/>\r\n<script type=\"application\/ld+json\" class=\"yoast-schema-graph\">{\"@context\":\"https:\/\/schema.org\",\"@graph\":[{\"@type\":\"WebPage\",\"@id\":\"https:\/\/paracherkaoui.ma\/index.php\/produit\/filorga-coffret-ncef-revitalize-serum-30-mlrevitalize-creme-15mloptim-eyes-4ml-offert-2\/\",\"url\":\"https:\/\/paracherkaoui.ma\/index.php\/produit\/filorga-coffret-ncef-revitalize-serum-30-mlrevitalize-creme-15mloptim-eyes-4ml-offert-2\/\",\"name\":\"FILORGA COFFRET NCEF REVITALIZE SERUM 30 ML+REVITALIZE CREME 15ML+OPTIM EYES 4ML OFFERT - Paracherkaoui.ma\",\"isPartOf\":{\"@id\":\"https:\/\/paracherkaoui.ma\/#website\"},\"primaryImageOfPage\":{\"@id\":\"https:\/\/paracherkaoui.ma\/index.php\/produit\/filorga-coffret-ncef-revitalize-serum-30-mlrevitalize-creme-15mloptim-eyes-4ml-offert-2\/#primaryimage\"},\"image\":{\"@id\":\"https:\/\/paracherkaoui.ma\/index.php\/produit\/filorga-coffret-ncef-revitalize-serum-30-mlrevitalize-creme-15mloptim-eyes-4ml-offert-2\/#primaryimage\"},\"thumbnailUrl\":\"https:\/\/paracherkaoui.ma\/wp-content\/uploads\/2025\/12\/filorga-filorga-coffret-ncef-revitalize-serum-30-ml-revitalize-creme-15ml-optim-eyes-4ml-offert-soins-anti-age.jpg\",\"datePublished\":\"2025-12-12T17:18:40+00:00\",\"dateModified\":\"2025-12-12T17:18:43+00:00\",\"breadcrumb\":{\"@id\":\"https:\/\/paracherkaoui.ma\/index.php\/produit\/filorga-coffret-ncef-revitalize-serum-30-mlrevitalize-creme-15mloptim-eyes-4ml-offert-2\/#breadcrumb\"},\"inLanguage\":\"fr-FR\",\"potentialAction\":[{\"@type\":\"ReadAction\",\"target\":[\"https:\/\/paracherkaoui.ma\/index.php\/produit\/filorga-coffret-ncef-revitalize-serum-30-mlrevitalize-creme-15mloptim-eyes-4ml-offert-2\/\"]}]},{\"@type\":\"ImageObject\",\"inLanguage\":\"fr-FR\",\"@id\":\"https:\/\/paracherkaoui.ma\/index.php\/produit\/filorga-coffret-ncef-revitalize-serum-30-mlrevitalize-creme-15mloptim-eyes-4ml-offert-2\/#primaryimage\",\"url\":\"https:\/\/paracherkaoui.ma\/wp-content\/uploads\/2025\/12\/filorga-filorga-coffret-ncef-revitalize-serum-30-ml-revitalize-creme-15ml-optim-eyes-4ml-offert-soins-anti-age.jpg\",\"contentUrl\":\"https:\/\/paracherkaoui.ma\/wp-content\/uploads\/2025\/12\/filorga-filorga-coffret-ncef-revitalize-serum-30-ml-revitalize-creme-15ml-optim-eyes-4ml-offert-soins-anti-age.jpg\",\"width\":700,\"height\":700},{\"@type\":\"BreadcrumbList\",\"@id\":\"https:\/\/paracherkaoui.ma\/index.php\/produit\/filorga-coffret-ncef-revitalize-serum-30-mlrevitalize-creme-15mloptim-eyes-4ml-offert-2\/#breadcrumb\",\"itemListElement\":[{\"@type\":\"ListItem\",\"position\":1,\"name\":\"Accueil\",\"item\":\"https:\/\/paracherkaoui.ma\/\"},{\"@type\":\"ListItem\",\"position\":2,\"name\":\"Boutique\",\"item\":\"https:\/\/paracherkaoui.ma\/index.php\/boutique\/\"},{\"@type\":\"ListItem\",\"position\":3,\"name\":\"FILORGA COFFRET NCEF REVITALIZE SERUM 30 ML+REVITALIZE CREME 15ML+OPTIM EYES 4ML OFFERT\"}]},{\"@type\":\"WebSite\",\"@id\":\"https:\/\/paracherkaoui.ma\/#website\",\"url\":\"https:\/\/paracherkaoui.ma\/\",\"name\":\"Paracherkaoui.ma\",\"description\":\"Achetez en ligne sur Paracherkaoui.ma\",\"potentialAction\":[{\"@type\":\"SearchAction\",\"target\":{\"@type\":\"EntryPoint\",\"urlTemplate\":\"https:\/\/paracherkaoui.ma\/?s={search_term_string}\"},\"query-input\":{\"@type\":\"PropertyValueSpecification\",\"valueRequired\":true,\"valueName\":\"search_term_string\"}}],\"inLanguage\":\"fr-FR\"}]}<\/script>\r\n<!-- \/ Yoast SEO plugin. -->","yoast_head_json":{"title":"FILORGA COFFRET NCEF REVITALIZE SERUM 30 ML+REVITALIZE CREME 15ML+OPTIM EYES 4ML OFFERT - Paracherkaoui.ma","robots":{"index":"index","follow":"follow","max-snippet":"max-snippet:-1","max-image-preview":"max-image-preview:large","max-video-preview":"max-video-preview:-1"},"canonical":"https:\/\/paracherkaoui.ma\/index.php\/produit\/filorga-coffret-ncef-revitalize-serum-30-mlrevitalize-creme-15mloptim-eyes-4ml-offert-2\/","og_locale":"fr_FR","og_type":"article","og_title":"FILORGA COFFRET NCEF REVITALIZE SERUM 30 ML+REVITALIZE CREME 15ML+OPTIM EYES 4ML OFFERT - Paracherkaoui.ma","og_description":"Le NCEF-REVITALIZE SERUM se distingue \u00e9galement par sa technologie avanc\u00e9e d\u2019encapsulation, assurant une p\u00e9n\u00e9tration optimale des actifs pour agir directement","og_url":"https:\/\/paracherkaoui.ma\/index.php\/produit\/filorga-coffret-ncef-revitalize-serum-30-mlrevitalize-creme-15mloptim-eyes-4ml-offert-2\/","og_site_name":"Paracherkaoui.ma","article_modified_time":"2025-12-12T17:18:43+00:00","og_image":[{"width":700,"height":700,"url":"https:\/\/paracherkaoui.ma\/wp-content\/uploads\/2025\/12\/filorga-filorga-coffret-ncef-revitalize-serum-30-ml-revitalize-creme-15ml-optim-eyes-4ml-offert-soins-anti-age.jpg","type":"image\/jpeg"}],"twitter_card":"summary_large_image","twitter_misc":{"Dur\u00e9e de lecture estim\u00e9e":"2 minutes"},"schema":{"@context":"https:\/\/schema.org","@graph":[{"@type":"WebPage","@id":"https:\/\/paracherkaoui.ma\/index.php\/produit\/filorga-coffret-ncef-revitalize-serum-30-mlrevitalize-creme-15mloptim-eyes-4ml-offert-2\/","url":"https:\/\/paracherkaoui.ma\/index.php\/produit\/filorga-coffret-ncef-revitalize-serum-30-mlrevitalize-creme-15mloptim-eyes-4ml-offert-2\/","name":"FILORGA COFFRET NCEF REVITALIZE SERUM 30 ML+REVITALIZE CREME 15ML+OPTIM EYES 4ML OFFERT - Paracherkaoui.ma","isPartOf":{"@id":"https:\/\/paracherkaoui.ma\/#website"},"primaryImageOfPage":{"@id":"https:\/\/paracherkaoui.ma\/index.php\/produit\/filorga-coffret-ncef-revitalize-serum-30-mlrevitalize-creme-15mloptim-eyes-4ml-offert-2\/#primaryimage"},"image":{"@id":"https:\/\/paracherkaoui.ma\/index.php\/produit\/filorga-coffret-ncef-revitalize-serum-30-mlrevitalize-creme-15mloptim-eyes-4ml-offert-2\/#primaryimage"},"thumbnailUrl":"https:\/\/paracherkaoui.ma\/wp-content\/uploads\/2025\/12\/filorga-filorga-coffret-ncef-revitalize-serum-30-ml-revitalize-creme-15ml-optim-eyes-4ml-offert-soins-anti-age.jpg","datePublished":"2025-12-12T17:18:40+00:00","dateModified":"2025-12-12T17:18:43+00:00","breadcrumb":{"@id":"https:\/\/paracherkaoui.ma\/index.php\/produit\/filorga-coffret-ncef-revitalize-serum-30-mlrevitalize-creme-15mloptim-eyes-4ml-offert-2\/#breadcrumb"},"inLanguage":"fr-FR","potentialAction":[{"@type":"ReadAction","target":["https:\/\/paracherkaoui.ma\/index.php\/produit\/filorga-coffret-ncef-revitalize-serum-30-mlrevitalize-creme-15mloptim-eyes-4ml-offert-2\/"]}]},{"@type":"ImageObject","inLanguage":"fr-FR","@id":"https:\/\/paracherkaoui.ma\/index.php\/produit\/filorga-coffret-ncef-revitalize-serum-30-mlrevitalize-creme-15mloptim-eyes-4ml-offert-2\/#primaryimage","url":"https:\/\/paracherkaoui.ma\/wp-content\/uploads\/2025\/12\/filorga-filorga-coffret-ncef-revitalize-serum-30-ml-revitalize-creme-15ml-optim-eyes-4ml-offert-soins-anti-age.jpg","contentUrl":"https:\/\/paracherkaoui.ma\/wp-content\/uploads\/2025\/12\/filorga-filorga-coffret-ncef-revitalize-serum-30-ml-revitalize-creme-15ml-optim-eyes-4ml-offert-soins-anti-age.jpg","width":700,"height":700},{"@type":"BreadcrumbList","@id":"https:\/\/paracherkaoui.ma\/index.php\/produit\/filorga-coffret-ncef-revitalize-serum-30-mlrevitalize-creme-15mloptim-eyes-4ml-offert-2\/#breadcrumb","itemListElement":[{"@type":"ListItem","position":1,"name":"Accueil","item":"https:\/\/paracherkaoui.ma\/"},{"@type":"ListItem","position":2,"name":"Boutique","item":"https:\/\/paracherkaoui.ma\/index.php\/boutique\/"},{"@type":"ListItem","position":3,"name":"FILORGA COFFRET NCEF REVITALIZE SERUM 30 ML+REVITALIZE CREME 15ML+OPTIM EYES 4ML OFFERT"}]},{"@type":"WebSite","@id":"https:\/\/paracherkaoui.ma\/#website","url":"https:\/\/paracherkaoui.ma\/","name":"Paracherkaoui.ma","description":"Achetez en ligne sur Paracherkaoui.ma","potentialAction":[{"@type":"SearchAction","target":{"@type":"EntryPoint","urlTemplate":"https:\/\/paracherkaoui.ma\/?s={search_term_string}"},"query-input":{"@type":"PropertyValueSpecification","valueRequired":true,"valueName":"search_term_string"}}],"inLanguage":"fr-FR"}]}},"_links":{"self":[{"href":"https:\/\/paracherkaoui.ma\/index.php\/wp-json\/wp\/v2\/product\/23527","targetHints":{"allow":["GET"]}}],"collection":[{"href":"https:\/\/paracherkaoui.ma\/index.php\/wp-json\/wp\/v2\/product"}],"about":[{"href":"https:\/\/paracherkaoui.ma\/index.php\/wp-json\/wp\/v2\/types\/product"}],"replies":[{"embeddable":true,"href":"https:\/\/paracherkaoui.ma\/index.php\/wp-json\/wp\/v2\/comments?post=23527"}],"version-history":[{"count":1,"href":"https:\/\/paracherkaoui.ma\/index.php\/wp-json\/wp\/v2\/product\/23527\/revisions"}],"predecessor-version":[{"id":23565,"href":"https:\/\/paracherkaoui.ma\/index.php\/wp-json\/wp\/v2\/product\/23527\/revisions\/23565"}],"wp:featuredmedia":[{"embeddable":true,"href":"https:\/\/paracherkaoui.ma\/index.php\/wp-json\/wp\/v2\/media\/22947"}],"wp:attachment":[{"href":"https:\/\/paracherkaoui.ma\/index.php\/wp-json\/wp\/v2\/media?parent=23527"}],"wp:term":[{"taxonomy":"product_brand","embeddable":true,"href":"https:\/\/paracherkaoui.ma\/index.php\/wp-json\/wp\/v2\/product_brand?post=23527"},{"taxonomy":"product_cat","embeddable":true,"href":"https:\/\/paracherkaoui.ma\/index.php\/wp-json\/wp\/v2\/product_cat?post=23527"},{"taxonomy":"product_tag","embeddable":true,"href":"https:\/\/paracherkaoui.ma\/index.php\/wp-json\/wp\/v2\/product_tag?post=23527"}],"curies":[{"name":"wp","href":"https:\/\/api.w.org\/{rel}","templated":true}]}}