{"id":23517,"date":"2025-12-12T18:18:38","date_gmt":"2025-12-12T17:18:38","guid":{"rendered":"https:\/\/test.ecbeaute.com\/?post_type=product&#038;p=23517"},"modified":"2025-12-12T18:18:41","modified_gmt":"2025-12-12T17:18:41","slug":"nuxe-nuxuriance-gold-serum-anti-age-nutri-revitalisant-flacon-pompe-30ml","status":"publish","type":"product","link":"https:\/\/paracherkaoui.ma\/index.php\/produit\/nuxe-nuxuriance-gold-serum-anti-age-nutri-revitalisant-flacon-pompe-30ml\/","title":{"rendered":"NUXE Nuxuriance Gold S\u00e9rum Anti-\u00e2ge Nutri-Revitalisant Flacon pompe 30ml"},"content":{"rendered":"<p>Un soin qui nourrit, fortifie et redonne \u00e0 la peau tout son \u00e9clat<br \/>\nLe soin du visage Nuxuriance Gold de Nuxe est sp\u00e9cifiquement formul\u00e9 pour les peaux s\u00e8ches. Il prot\u00e8ge celles-ci contre le vieillissement cutan\u00e9 :<br \/>\nIl contribue \u00e0 r\u00e9g\u00e9n\u00e9rer l&rsquo;\u00e9piderme en profondeur.<br \/>\nIl aide \u00e0 raviver l&rsquo;\u00e9clat du teint et \u00e0 rendre la peau plus lumineuse.<br \/>\nIl permet de fortifier et de soutenir la barri\u00e8re cutan\u00e9e.<br \/>\nJour apr\u00e8s jour, votre peau est plus dense, plus lisse et plus ferme. Votre teint est unifi\u00e9 et affiche un meilleur \u00e9clat.<br \/>\nUne formulation innovante \u00e0 base d&rsquo;actifs naturels<br \/>\nCe s\u00e9rum de Nuxe est \u00e9labor\u00e9 \u00e0 partir d&rsquo;actifs innovants et soigneusement s\u00e9lectionn\u00e9s pour leur action anti-\u00e2ge :<br \/>\nLes cellules bi-florales de safran et de bougainvillier associ\u00e9es \u00e0 l&rsquo;ol\u00e9actif de rose de porcelaine ont une action significative sur le vieillissement cutan\u00e9.<br \/>\nLe complexe naturel nutri-reconstituant illumine le teint tout en nourrissant la peau en profondeur.<br \/>\nL&rsquo;acide hyaluronique poss\u00e8de des propri\u00e9t\u00e9s hydratantes, r\u00e9g\u00e9n\u00e9rantes et anti-oxydantes. Il contribue \u00e9galement \u00e0 prot\u00e9ger la peau des agressions ext\u00e9rieures.<br \/>\nLa glyc\u00e9rine a un haut pouvoir hydratant. Elle am\u00e9liore l&rsquo;\u00e9lasticit\u00e9 de la peau tout en la rendant plus douce.<br \/>\nLa composition de ce soin d&rsquo;exception est \u00e0 92,7 % d&rsquo;origine naturelle.<br \/>\nLe s\u00e9rum pour le visage Nuxuriance Gold de Nuxe a \u00e9t\u00e9 mis au point pour les peaux s\u00e8ches. Il hydrate et r\u00e9g\u00e9n\u00e8re l&rsquo;\u00e9piderme, lisse les traits et aide la peau \u00e0 avoir plus d&rsquo;\u00e9clat.<br \/>\nProc\u00e9dez \u00e0 une pression sur l&#8217;embout du flacon pompe afin de lib\u00e9rer quelques gouttes de produit. Appliquez le s\u00e9rum anti-\u00e2ge Nuxuriance Gold de Nuxe par petites touches, le matin et\/ou le soir, sur la peau de votre visage, de votre cou et de votre d\u00e9collet\u00e9 parfaitement nettoy\u00e9e et s\u00e9ch\u00e9e. Faites p\u00e9n\u00e9trer totalement le produit en proc\u00e9dant \u00e0 de l\u00e9gers massages de l&rsquo;int\u00e9rieur vers l&rsquo;ext\u00e9rieur du visage.<\/p>\n","protected":false},"excerpt":{"rendered":"<p>Un soin qui nourrit, fortifie et redonne \u00e0 la peau tout son \u00e9clat Le soin du visage Nuxuriance Gold de<\/p>\n","protected":false},"featured_media":23548,"comment_status":"open","ping_status":"closed","template":"","meta":[],"product_brand":[230],"product_cat":[488],"product_tag":[],"class_list":{"0":"post-23517","1":"product","2":"type-product","3":"status-publish","4":"has-post-thumbnail","6":"product_brand-nuxe","7":"product_cat-peaux-matures","9":"first","10":"instock","11":"sale","12":"shipping-taxable","13":"purchasable","14":"product-type-simple"},"yoast_head":"<!-- This site is optimized with the Yoast SEO plugin v26.6 - https:\/\/yoast.com\/wordpress\/plugins\/seo\/ -->\r\n<title>NUXE Nuxuriance Gold S\u00e9rum Anti-\u00e2ge Nutri-Revitalisant Flacon pompe 30ml - Paracherkaoui.ma<\/title>\r\n<meta name=\"robots\" content=\"index, follow, max-snippet:-1, max-image-preview:large, max-video-preview:-1\" \/>\r\n<link rel=\"canonical\" href=\"https:\/\/paracherkaoui.ma\/index.php\/produit\/nuxe-nuxuriance-gold-serum-anti-age-nutri-revitalisant-flacon-pompe-30ml\/\" \/>\r\n<meta property=\"og:locale\" content=\"fr_FR\" \/>\r\n<meta property=\"og:type\" content=\"article\" \/>\r\n<meta property=\"og:title\" content=\"NUXE Nuxuriance Gold S\u00e9rum Anti-\u00e2ge Nutri-Revitalisant Flacon pompe 30ml - Paracherkaoui.ma\" \/>\r\n<meta property=\"og:description\" content=\"Un soin qui nourrit, fortifie et redonne \u00e0 la peau tout son \u00e9clat Le soin du visage Nuxuriance Gold de\" \/>\r\n<meta property=\"og:url\" content=\"https:\/\/paracherkaoui.ma\/index.php\/produit\/nuxe-nuxuriance-gold-serum-anti-age-nutri-revitalisant-flacon-pompe-30ml\/\" \/>\r\n<meta property=\"og:site_name\" content=\"Paracherkaoui.ma\" \/>\r\n<meta property=\"article:modified_time\" content=\"2025-12-12T17:18:41+00:00\" \/>\r\n<meta property=\"og:image\" content=\"https:\/\/paracherkaoui.ma\/wp-content\/uploads\/2025\/12\/nuxe-nuxe-nuxuriance-gold-serum-anti-age-nutri-revitalisant-flacon-pompe-30ml-peaux-matures.jpg\" \/>\r\n\t<meta property=\"og:image:width\" content=\"700\" \/>\r\n\t<meta property=\"og:image:height\" content=\"700\" \/>\r\n\t<meta property=\"og:image:type\" content=\"image\/jpeg\" \/>\r\n<meta name=\"twitter:card\" content=\"summary_large_image\" \/>\r\n<meta name=\"twitter:label1\" content=\"Dur\u00e9e de lecture estim\u00e9e\" \/>\n\t<meta name=\"twitter:data1\" content=\"2 minutes\" \/>\r\n<script type=\"application\/ld+json\" class=\"yoast-schema-graph\">{\"@context\":\"https:\/\/schema.org\",\"@graph\":[{\"@type\":\"WebPage\",\"@id\":\"https:\/\/paracherkaoui.ma\/index.php\/produit\/nuxe-nuxuriance-gold-serum-anti-age-nutri-revitalisant-flacon-pompe-30ml\/\",\"url\":\"https:\/\/paracherkaoui.ma\/index.php\/produit\/nuxe-nuxuriance-gold-serum-anti-age-nutri-revitalisant-flacon-pompe-30ml\/\",\"name\":\"NUXE Nuxuriance Gold S\u00e9rum Anti-\u00e2ge Nutri-Revitalisant Flacon pompe 30ml - Paracherkaoui.ma\",\"isPartOf\":{\"@id\":\"https:\/\/paracherkaoui.ma\/#website\"},\"primaryImageOfPage\":{\"@id\":\"https:\/\/paracherkaoui.ma\/index.php\/produit\/nuxe-nuxuriance-gold-serum-anti-age-nutri-revitalisant-flacon-pompe-30ml\/#primaryimage\"},\"image\":{\"@id\":\"https:\/\/paracherkaoui.ma\/index.php\/produit\/nuxe-nuxuriance-gold-serum-anti-age-nutri-revitalisant-flacon-pompe-30ml\/#primaryimage\"},\"thumbnailUrl\":\"https:\/\/paracherkaoui.ma\/wp-content\/uploads\/2025\/12\/nuxe-nuxe-nuxuriance-gold-serum-anti-age-nutri-revitalisant-flacon-pompe-30ml-peaux-matures.jpg\",\"datePublished\":\"2025-12-12T17:18:38+00:00\",\"dateModified\":\"2025-12-12T17:18:41+00:00\",\"breadcrumb\":{\"@id\":\"https:\/\/paracherkaoui.ma\/index.php\/produit\/nuxe-nuxuriance-gold-serum-anti-age-nutri-revitalisant-flacon-pompe-30ml\/#breadcrumb\"},\"inLanguage\":\"fr-FR\",\"potentialAction\":[{\"@type\":\"ReadAction\",\"target\":[\"https:\/\/paracherkaoui.ma\/index.php\/produit\/nuxe-nuxuriance-gold-serum-anti-age-nutri-revitalisant-flacon-pompe-30ml\/\"]}]},{\"@type\":\"ImageObject\",\"inLanguage\":\"fr-FR\",\"@id\":\"https:\/\/paracherkaoui.ma\/index.php\/produit\/nuxe-nuxuriance-gold-serum-anti-age-nutri-revitalisant-flacon-pompe-30ml\/#primaryimage\",\"url\":\"https:\/\/paracherkaoui.ma\/wp-content\/uploads\/2025\/12\/nuxe-nuxe-nuxuriance-gold-serum-anti-age-nutri-revitalisant-flacon-pompe-30ml-peaux-matures.jpg\",\"contentUrl\":\"https:\/\/paracherkaoui.ma\/wp-content\/uploads\/2025\/12\/nuxe-nuxe-nuxuriance-gold-serum-anti-age-nutri-revitalisant-flacon-pompe-30ml-peaux-matures.jpg\",\"width\":700,\"height\":700},{\"@type\":\"BreadcrumbList\",\"@id\":\"https:\/\/paracherkaoui.ma\/index.php\/produit\/nuxe-nuxuriance-gold-serum-anti-age-nutri-revitalisant-flacon-pompe-30ml\/#breadcrumb\",\"itemListElement\":[{\"@type\":\"ListItem\",\"position\":1,\"name\":\"Accueil\",\"item\":\"https:\/\/paracherkaoui.ma\/\"},{\"@type\":\"ListItem\",\"position\":2,\"name\":\"Boutique\",\"item\":\"https:\/\/paracherkaoui.ma\/index.php\/boutique\/\"},{\"@type\":\"ListItem\",\"position\":3,\"name\":\"NUXE Nuxuriance Gold S\u00e9rum Anti-\u00e2ge Nutri-Revitalisant Flacon pompe 30ml\"}]},{\"@type\":\"WebSite\",\"@id\":\"https:\/\/paracherkaoui.ma\/#website\",\"url\":\"https:\/\/paracherkaoui.ma\/\",\"name\":\"Paracherkaoui.ma\",\"description\":\"Achetez en ligne sur Paracherkaoui.ma\",\"potentialAction\":[{\"@type\":\"SearchAction\",\"target\":{\"@type\":\"EntryPoint\",\"urlTemplate\":\"https:\/\/paracherkaoui.ma\/?s={search_term_string}\"},\"query-input\":{\"@type\":\"PropertyValueSpecification\",\"valueRequired\":true,\"valueName\":\"search_term_string\"}}],\"inLanguage\":\"fr-FR\"}]}<\/script>\r\n<!-- \/ Yoast SEO plugin. -->","yoast_head_json":{"title":"NUXE Nuxuriance Gold S\u00e9rum Anti-\u00e2ge Nutri-Revitalisant Flacon pompe 30ml - Paracherkaoui.ma","robots":{"index":"index","follow":"follow","max-snippet":"max-snippet:-1","max-image-preview":"max-image-preview:large","max-video-preview":"max-video-preview:-1"},"canonical":"https:\/\/paracherkaoui.ma\/index.php\/produit\/nuxe-nuxuriance-gold-serum-anti-age-nutri-revitalisant-flacon-pompe-30ml\/","og_locale":"fr_FR","og_type":"article","og_title":"NUXE Nuxuriance Gold S\u00e9rum Anti-\u00e2ge Nutri-Revitalisant Flacon pompe 30ml - Paracherkaoui.ma","og_description":"Un soin qui nourrit, fortifie et redonne \u00e0 la peau tout son \u00e9clat Le soin du visage Nuxuriance Gold de","og_url":"https:\/\/paracherkaoui.ma\/index.php\/produit\/nuxe-nuxuriance-gold-serum-anti-age-nutri-revitalisant-flacon-pompe-30ml\/","og_site_name":"Paracherkaoui.ma","article_modified_time":"2025-12-12T17:18:41+00:00","og_image":[{"width":700,"height":700,"url":"https:\/\/paracherkaoui.ma\/wp-content\/uploads\/2025\/12\/nuxe-nuxe-nuxuriance-gold-serum-anti-age-nutri-revitalisant-flacon-pompe-30ml-peaux-matures.jpg","type":"image\/jpeg"}],"twitter_card":"summary_large_image","twitter_misc":{"Dur\u00e9e de lecture estim\u00e9e":"2 minutes"},"schema":{"@context":"https:\/\/schema.org","@graph":[{"@type":"WebPage","@id":"https:\/\/paracherkaoui.ma\/index.php\/produit\/nuxe-nuxuriance-gold-serum-anti-age-nutri-revitalisant-flacon-pompe-30ml\/","url":"https:\/\/paracherkaoui.ma\/index.php\/produit\/nuxe-nuxuriance-gold-serum-anti-age-nutri-revitalisant-flacon-pompe-30ml\/","name":"NUXE Nuxuriance Gold S\u00e9rum Anti-\u00e2ge Nutri-Revitalisant Flacon pompe 30ml - Paracherkaoui.ma","isPartOf":{"@id":"https:\/\/paracherkaoui.ma\/#website"},"primaryImageOfPage":{"@id":"https:\/\/paracherkaoui.ma\/index.php\/produit\/nuxe-nuxuriance-gold-serum-anti-age-nutri-revitalisant-flacon-pompe-30ml\/#primaryimage"},"image":{"@id":"https:\/\/paracherkaoui.ma\/index.php\/produit\/nuxe-nuxuriance-gold-serum-anti-age-nutri-revitalisant-flacon-pompe-30ml\/#primaryimage"},"thumbnailUrl":"https:\/\/paracherkaoui.ma\/wp-content\/uploads\/2025\/12\/nuxe-nuxe-nuxuriance-gold-serum-anti-age-nutri-revitalisant-flacon-pompe-30ml-peaux-matures.jpg","datePublished":"2025-12-12T17:18:38+00:00","dateModified":"2025-12-12T17:18:41+00:00","breadcrumb":{"@id":"https:\/\/paracherkaoui.ma\/index.php\/produit\/nuxe-nuxuriance-gold-serum-anti-age-nutri-revitalisant-flacon-pompe-30ml\/#breadcrumb"},"inLanguage":"fr-FR","potentialAction":[{"@type":"ReadAction","target":["https:\/\/paracherkaoui.ma\/index.php\/produit\/nuxe-nuxuriance-gold-serum-anti-age-nutri-revitalisant-flacon-pompe-30ml\/"]}]},{"@type":"ImageObject","inLanguage":"fr-FR","@id":"https:\/\/paracherkaoui.ma\/index.php\/produit\/nuxe-nuxuriance-gold-serum-anti-age-nutri-revitalisant-flacon-pompe-30ml\/#primaryimage","url":"https:\/\/paracherkaoui.ma\/wp-content\/uploads\/2025\/12\/nuxe-nuxe-nuxuriance-gold-serum-anti-age-nutri-revitalisant-flacon-pompe-30ml-peaux-matures.jpg","contentUrl":"https:\/\/paracherkaoui.ma\/wp-content\/uploads\/2025\/12\/nuxe-nuxe-nuxuriance-gold-serum-anti-age-nutri-revitalisant-flacon-pompe-30ml-peaux-matures.jpg","width":700,"height":700},{"@type":"BreadcrumbList","@id":"https:\/\/paracherkaoui.ma\/index.php\/produit\/nuxe-nuxuriance-gold-serum-anti-age-nutri-revitalisant-flacon-pompe-30ml\/#breadcrumb","itemListElement":[{"@type":"ListItem","position":1,"name":"Accueil","item":"https:\/\/paracherkaoui.ma\/"},{"@type":"ListItem","position":2,"name":"Boutique","item":"https:\/\/paracherkaoui.ma\/index.php\/boutique\/"},{"@type":"ListItem","position":3,"name":"NUXE Nuxuriance Gold S\u00e9rum Anti-\u00e2ge Nutri-Revitalisant Flacon pompe 30ml"}]},{"@type":"WebSite","@id":"https:\/\/paracherkaoui.ma\/#website","url":"https:\/\/paracherkaoui.ma\/","name":"Paracherkaoui.ma","description":"Achetez en ligne sur Paracherkaoui.ma","potentialAction":[{"@type":"SearchAction","target":{"@type":"EntryPoint","urlTemplate":"https:\/\/paracherkaoui.ma\/?s={search_term_string}"},"query-input":{"@type":"PropertyValueSpecification","valueRequired":true,"valueName":"search_term_string"}}],"inLanguage":"fr-FR"}]}},"_links":{"self":[{"href":"https:\/\/paracherkaoui.ma\/index.php\/wp-json\/wp\/v2\/product\/23517","targetHints":{"allow":["GET"]}}],"collection":[{"href":"https:\/\/paracherkaoui.ma\/index.php\/wp-json\/wp\/v2\/product"}],"about":[{"href":"https:\/\/paracherkaoui.ma\/index.php\/wp-json\/wp\/v2\/types\/product"}],"replies":[{"embeddable":true,"href":"https:\/\/paracherkaoui.ma\/index.php\/wp-json\/wp\/v2\/comments?post=23517"}],"version-history":[{"count":1,"href":"https:\/\/paracherkaoui.ma\/index.php\/wp-json\/wp\/v2\/product\/23517\/revisions"}],"predecessor-version":[{"id":23549,"href":"https:\/\/paracherkaoui.ma\/index.php\/wp-json\/wp\/v2\/product\/23517\/revisions\/23549"}],"wp:featuredmedia":[{"embeddable":true,"href":"https:\/\/paracherkaoui.ma\/index.php\/wp-json\/wp\/v2\/media\/23548"}],"wp:attachment":[{"href":"https:\/\/paracherkaoui.ma\/index.php\/wp-json\/wp\/v2\/media?parent=23517"}],"wp:term":[{"taxonomy":"product_brand","embeddable":true,"href":"https:\/\/paracherkaoui.ma\/index.php\/wp-json\/wp\/v2\/product_brand?post=23517"},{"taxonomy":"product_cat","embeddable":true,"href":"https:\/\/paracherkaoui.ma\/index.php\/wp-json\/wp\/v2\/product_cat?post=23517"},{"taxonomy":"product_tag","embeddable":true,"href":"https:\/\/paracherkaoui.ma\/index.php\/wp-json\/wp\/v2\/product_tag?post=23517"}],"curies":[{"name":"wp","href":"https:\/\/api.w.org\/{rel}","templated":true}]}}