{"id":23471,"date":"2025-12-12T18:18:24","date_gmt":"2025-12-12T17:18:24","guid":{"rendered":"https:\/\/test.ecbeaute.com\/?post_type=product&#038;p=23471"},"modified":"2025-12-12T18:18:26","modified_gmt":"2025-12-12T17:18:26","slug":"dermaceutic-tri-vita-c30-serum-30-vitamine-c-30-ml","status":"publish","type":"product","link":"https:\/\/paracherkaoui.ma\/index.php\/produit\/dermaceutic-tri-vita-c30-serum-30-vitamine-c-30-ml\/","title":{"rendered":"DERMACEUTIC TRI VITA C30 SERUM 30% VITAMINE C 30 ML"},"content":{"rendered":"<p>DESCRIPTION :<br \/>\nLe S\u00e9rum Tri Vita C30 est une combinaison innovante de 3 formes de vitamines C actives luttant tr\u00e8s efficacement contre les radicaux libres. Il assure aussi une r\u00e9sistance aux rayons du soleil et \u00e0 la pollution. Les facteurs d\u00e9clencheurs des rides et des taches sont ainsi ma\u00eetris\u00e9s et limit\u00e9s.<br \/>\nLe S\u00e9rum Dermaceutic Tri Vita C30 est une r\u00e9volution pour la peau. Gr\u00e2ce \u00e0 une combinaison unique de 3 formes de vitamines C actives, les d\u00e9fenses cellulaires contre le vieillissement pr\u00e9matur\u00e9 sont renforc\u00e9es, la fermet\u00e9 et l&rsquo;\u00e9lasticit\u00e9 de la peau s&rsquo;am\u00e9liore jour apr\u00e8s jour.<br \/>\nR\u00e9sultats : la peau est imm\u00e9diatement rajeunie, lumineuse et retrouve un toucher velours.<\/p>\n<p>COMPOSITION :<br \/>\n* 30% Vitamine C : 15% Acide L-ascorbique + 14,5% Ascorbyl silanol + 0,5% Ascorbyl ester<br \/>\n* Vitamines E Ester : puissant antioxydant qui, associ\u00e9 \u00e0 la vitamine C, combat les signes du photovieillissement<br \/>\n* Acide f\u00e9rulique Ester : accro\u00eet le pouvoir photo-protecteur des vitamines C et E, leur efficacit\u00e9 est doubl\u00e9e.<br \/>\nCONSEILS D&rsquo;UTILISATION :<br \/>\nAppliquer le s\u00e9rum Dermaceutic Tri Vita C30 sur le visage et le cou le matin avant la cr\u00e8me de jour Dermaceutic C25 Cream.<\/p>\n","protected":false},"excerpt":{"rendered":"<p>DESCRIPTION : Le S\u00e9rum Tri Vita C30 est une combinaison innovante de 3 formes de vitamines C actives luttant tr\u00e8s<\/p>\n","protected":false},"featured_media":23499,"comment_status":"open","ping_status":"closed","template":"","meta":[],"product_brand":[366],"product_cat":[488],"product_tag":[],"class_list":{"0":"post-23471","1":"product","2":"type-product","3":"status-publish","4":"has-post-thumbnail","6":"product_brand-dermaceutic","7":"product_cat-peaux-matures","9":"first","10":"instock","11":"sale","12":"shipping-taxable","13":"purchasable","14":"product-type-simple"},"yoast_head":"<!-- This site is optimized with the Yoast SEO plugin v26.6 - https:\/\/yoast.com\/wordpress\/plugins\/seo\/ -->\r\n<title>DERMACEUTIC TRI VITA C30 SERUM 30% VITAMINE C 30 ML - Paracherkaoui.ma<\/title>\r\n<meta name=\"robots\" content=\"index, follow, max-snippet:-1, max-image-preview:large, max-video-preview:-1\" \/>\r\n<link rel=\"canonical\" href=\"https:\/\/paracherkaoui.ma\/index.php\/produit\/dermaceutic-tri-vita-c30-serum-30-vitamine-c-30-ml\/\" \/>\r\n<meta property=\"og:locale\" content=\"fr_FR\" \/>\r\n<meta property=\"og:type\" content=\"article\" \/>\r\n<meta property=\"og:title\" content=\"DERMACEUTIC TRI VITA C30 SERUM 30% VITAMINE C 30 ML - Paracherkaoui.ma\" \/>\r\n<meta property=\"og:description\" content=\"DESCRIPTION : Le S\u00e9rum Tri Vita C30 est une combinaison innovante de 3 formes de vitamines C actives luttant tr\u00e8s\" \/>\r\n<meta property=\"og:url\" content=\"https:\/\/paracherkaoui.ma\/index.php\/produit\/dermaceutic-tri-vita-c30-serum-30-vitamine-c-30-ml\/\" \/>\r\n<meta property=\"og:site_name\" content=\"Paracherkaoui.ma\" \/>\r\n<meta property=\"article:modified_time\" content=\"2025-12-12T17:18:26+00:00\" \/>\r\n<meta property=\"og:image\" content=\"https:\/\/paracherkaoui.ma\/wp-content\/uploads\/2025\/12\/dermaceutic-tri-vita-c30-serum-30-vitamine-c-30-ml.jpg\" \/>\r\n\t<meta property=\"og:image:width\" content=\"700\" \/>\r\n\t<meta property=\"og:image:height\" content=\"700\" \/>\r\n\t<meta property=\"og:image:type\" content=\"image\/jpeg\" \/>\r\n<meta name=\"twitter:card\" content=\"summary_large_image\" \/>\r\n<meta name=\"twitter:label1\" content=\"Dur\u00e9e de lecture estim\u00e9e\" \/>\n\t<meta name=\"twitter:data1\" content=\"1 minute\" \/>\r\n<script type=\"application\/ld+json\" class=\"yoast-schema-graph\">{\"@context\":\"https:\/\/schema.org\",\"@graph\":[{\"@type\":\"WebPage\",\"@id\":\"https:\/\/paracherkaoui.ma\/index.php\/produit\/dermaceutic-tri-vita-c30-serum-30-vitamine-c-30-ml\/\",\"url\":\"https:\/\/paracherkaoui.ma\/index.php\/produit\/dermaceutic-tri-vita-c30-serum-30-vitamine-c-30-ml\/\",\"name\":\"DERMACEUTIC TRI VITA C30 SERUM 30% VITAMINE C 30 ML - Paracherkaoui.ma\",\"isPartOf\":{\"@id\":\"https:\/\/paracherkaoui.ma\/#website\"},\"primaryImageOfPage\":{\"@id\":\"https:\/\/paracherkaoui.ma\/index.php\/produit\/dermaceutic-tri-vita-c30-serum-30-vitamine-c-30-ml\/#primaryimage\"},\"image\":{\"@id\":\"https:\/\/paracherkaoui.ma\/index.php\/produit\/dermaceutic-tri-vita-c30-serum-30-vitamine-c-30-ml\/#primaryimage\"},\"thumbnailUrl\":\"https:\/\/paracherkaoui.ma\/wp-content\/uploads\/2025\/12\/dermaceutic-tri-vita-c30-serum-30-vitamine-c-30-ml.jpg\",\"datePublished\":\"2025-12-12T17:18:24+00:00\",\"dateModified\":\"2025-12-12T17:18:26+00:00\",\"breadcrumb\":{\"@id\":\"https:\/\/paracherkaoui.ma\/index.php\/produit\/dermaceutic-tri-vita-c30-serum-30-vitamine-c-30-ml\/#breadcrumb\"},\"inLanguage\":\"fr-FR\",\"potentialAction\":[{\"@type\":\"ReadAction\",\"target\":[\"https:\/\/paracherkaoui.ma\/index.php\/produit\/dermaceutic-tri-vita-c30-serum-30-vitamine-c-30-ml\/\"]}]},{\"@type\":\"ImageObject\",\"inLanguage\":\"fr-FR\",\"@id\":\"https:\/\/paracherkaoui.ma\/index.php\/produit\/dermaceutic-tri-vita-c30-serum-30-vitamine-c-30-ml\/#primaryimage\",\"url\":\"https:\/\/paracherkaoui.ma\/wp-content\/uploads\/2025\/12\/dermaceutic-tri-vita-c30-serum-30-vitamine-c-30-ml.jpg\",\"contentUrl\":\"https:\/\/paracherkaoui.ma\/wp-content\/uploads\/2025\/12\/dermaceutic-tri-vita-c30-serum-30-vitamine-c-30-ml.jpg\",\"width\":700,\"height\":700},{\"@type\":\"BreadcrumbList\",\"@id\":\"https:\/\/paracherkaoui.ma\/index.php\/produit\/dermaceutic-tri-vita-c30-serum-30-vitamine-c-30-ml\/#breadcrumb\",\"itemListElement\":[{\"@type\":\"ListItem\",\"position\":1,\"name\":\"Accueil\",\"item\":\"https:\/\/paracherkaoui.ma\/\"},{\"@type\":\"ListItem\",\"position\":2,\"name\":\"Boutique\",\"item\":\"https:\/\/paracherkaoui.ma\/index.php\/boutique\/\"},{\"@type\":\"ListItem\",\"position\":3,\"name\":\"DERMACEUTIC TRI VITA C30 SERUM 30% VITAMINE C 30 ML\"}]},{\"@type\":\"WebSite\",\"@id\":\"https:\/\/paracherkaoui.ma\/#website\",\"url\":\"https:\/\/paracherkaoui.ma\/\",\"name\":\"Paracherkaoui.ma\",\"description\":\"Achetez en ligne sur Paracherkaoui.ma\",\"potentialAction\":[{\"@type\":\"SearchAction\",\"target\":{\"@type\":\"EntryPoint\",\"urlTemplate\":\"https:\/\/paracherkaoui.ma\/?s={search_term_string}\"},\"query-input\":{\"@type\":\"PropertyValueSpecification\",\"valueRequired\":true,\"valueName\":\"search_term_string\"}}],\"inLanguage\":\"fr-FR\"}]}<\/script>\r\n<!-- \/ Yoast SEO plugin. -->","yoast_head_json":{"title":"DERMACEUTIC TRI VITA C30 SERUM 30% VITAMINE C 30 ML - Paracherkaoui.ma","robots":{"index":"index","follow":"follow","max-snippet":"max-snippet:-1","max-image-preview":"max-image-preview:large","max-video-preview":"max-video-preview:-1"},"canonical":"https:\/\/paracherkaoui.ma\/index.php\/produit\/dermaceutic-tri-vita-c30-serum-30-vitamine-c-30-ml\/","og_locale":"fr_FR","og_type":"article","og_title":"DERMACEUTIC TRI VITA C30 SERUM 30% VITAMINE C 30 ML - Paracherkaoui.ma","og_description":"DESCRIPTION : Le S\u00e9rum Tri Vita C30 est une combinaison innovante de 3 formes de vitamines C actives luttant tr\u00e8s","og_url":"https:\/\/paracherkaoui.ma\/index.php\/produit\/dermaceutic-tri-vita-c30-serum-30-vitamine-c-30-ml\/","og_site_name":"Paracherkaoui.ma","article_modified_time":"2025-12-12T17:18:26+00:00","og_image":[{"width":700,"height":700,"url":"https:\/\/paracherkaoui.ma\/wp-content\/uploads\/2025\/12\/dermaceutic-tri-vita-c30-serum-30-vitamine-c-30-ml.jpg","type":"image\/jpeg"}],"twitter_card":"summary_large_image","twitter_misc":{"Dur\u00e9e de lecture estim\u00e9e":"1 minute"},"schema":{"@context":"https:\/\/schema.org","@graph":[{"@type":"WebPage","@id":"https:\/\/paracherkaoui.ma\/index.php\/produit\/dermaceutic-tri-vita-c30-serum-30-vitamine-c-30-ml\/","url":"https:\/\/paracherkaoui.ma\/index.php\/produit\/dermaceutic-tri-vita-c30-serum-30-vitamine-c-30-ml\/","name":"DERMACEUTIC TRI VITA C30 SERUM 30% VITAMINE C 30 ML - Paracherkaoui.ma","isPartOf":{"@id":"https:\/\/paracherkaoui.ma\/#website"},"primaryImageOfPage":{"@id":"https:\/\/paracherkaoui.ma\/index.php\/produit\/dermaceutic-tri-vita-c30-serum-30-vitamine-c-30-ml\/#primaryimage"},"image":{"@id":"https:\/\/paracherkaoui.ma\/index.php\/produit\/dermaceutic-tri-vita-c30-serum-30-vitamine-c-30-ml\/#primaryimage"},"thumbnailUrl":"https:\/\/paracherkaoui.ma\/wp-content\/uploads\/2025\/12\/dermaceutic-tri-vita-c30-serum-30-vitamine-c-30-ml.jpg","datePublished":"2025-12-12T17:18:24+00:00","dateModified":"2025-12-12T17:18:26+00:00","breadcrumb":{"@id":"https:\/\/paracherkaoui.ma\/index.php\/produit\/dermaceutic-tri-vita-c30-serum-30-vitamine-c-30-ml\/#breadcrumb"},"inLanguage":"fr-FR","potentialAction":[{"@type":"ReadAction","target":["https:\/\/paracherkaoui.ma\/index.php\/produit\/dermaceutic-tri-vita-c30-serum-30-vitamine-c-30-ml\/"]}]},{"@type":"ImageObject","inLanguage":"fr-FR","@id":"https:\/\/paracherkaoui.ma\/index.php\/produit\/dermaceutic-tri-vita-c30-serum-30-vitamine-c-30-ml\/#primaryimage","url":"https:\/\/paracherkaoui.ma\/wp-content\/uploads\/2025\/12\/dermaceutic-tri-vita-c30-serum-30-vitamine-c-30-ml.jpg","contentUrl":"https:\/\/paracherkaoui.ma\/wp-content\/uploads\/2025\/12\/dermaceutic-tri-vita-c30-serum-30-vitamine-c-30-ml.jpg","width":700,"height":700},{"@type":"BreadcrumbList","@id":"https:\/\/paracherkaoui.ma\/index.php\/produit\/dermaceutic-tri-vita-c30-serum-30-vitamine-c-30-ml\/#breadcrumb","itemListElement":[{"@type":"ListItem","position":1,"name":"Accueil","item":"https:\/\/paracherkaoui.ma\/"},{"@type":"ListItem","position":2,"name":"Boutique","item":"https:\/\/paracherkaoui.ma\/index.php\/boutique\/"},{"@type":"ListItem","position":3,"name":"DERMACEUTIC TRI VITA C30 SERUM 30% VITAMINE C 30 ML"}]},{"@type":"WebSite","@id":"https:\/\/paracherkaoui.ma\/#website","url":"https:\/\/paracherkaoui.ma\/","name":"Paracherkaoui.ma","description":"Achetez en ligne sur Paracherkaoui.ma","potentialAction":[{"@type":"SearchAction","target":{"@type":"EntryPoint","urlTemplate":"https:\/\/paracherkaoui.ma\/?s={search_term_string}"},"query-input":{"@type":"PropertyValueSpecification","valueRequired":true,"valueName":"search_term_string"}}],"inLanguage":"fr-FR"}]}},"_links":{"self":[{"href":"https:\/\/paracherkaoui.ma\/index.php\/wp-json\/wp\/v2\/product\/23471","targetHints":{"allow":["GET"]}}],"collection":[{"href":"https:\/\/paracherkaoui.ma\/index.php\/wp-json\/wp\/v2\/product"}],"about":[{"href":"https:\/\/paracherkaoui.ma\/index.php\/wp-json\/wp\/v2\/types\/product"}],"replies":[{"embeddable":true,"href":"https:\/\/paracherkaoui.ma\/index.php\/wp-json\/wp\/v2\/comments?post=23471"}],"version-history":[{"count":1,"href":"https:\/\/paracherkaoui.ma\/index.php\/wp-json\/wp\/v2\/product\/23471\/revisions"}],"predecessor-version":[{"id":23500,"href":"https:\/\/paracherkaoui.ma\/index.php\/wp-json\/wp\/v2\/product\/23471\/revisions\/23500"}],"wp:featuredmedia":[{"embeddable":true,"href":"https:\/\/paracherkaoui.ma\/index.php\/wp-json\/wp\/v2\/media\/23499"}],"wp:attachment":[{"href":"https:\/\/paracherkaoui.ma\/index.php\/wp-json\/wp\/v2\/media?parent=23471"}],"wp:term":[{"taxonomy":"product_brand","embeddable":true,"href":"https:\/\/paracherkaoui.ma\/index.php\/wp-json\/wp\/v2\/product_brand?post=23471"},{"taxonomy":"product_cat","embeddable":true,"href":"https:\/\/paracherkaoui.ma\/index.php\/wp-json\/wp\/v2\/product_cat?post=23471"},{"taxonomy":"product_tag","embeddable":true,"href":"https:\/\/paracherkaoui.ma\/index.php\/wp-json\/wp\/v2\/product_tag?post=23471"}],"curies":[{"name":"wp","href":"https:\/\/api.w.org\/{rel}","templated":true}]}}