{"id":23470,"date":"2025-12-12T18:18:24","date_gmt":"2025-12-12T17:18:24","guid":{"rendered":"https:\/\/test.ecbeaute.com\/?post_type=product&#038;p=23470"},"modified":"2025-12-12T18:18:26","modified_gmt":"2025-12-12T17:18:26","slug":"photo-white-hc-100-serum-intensif-10-ml","status":"publish","type":"product","link":"https:\/\/paracherkaoui.ma\/index.php\/produit\/photo-white-hc-100-serum-intensif-10-ml\/","title":{"rendered":"PHOTO WHITE HC 100 SERUM INTENSIF 10 ML"},"content":{"rendered":"<p>S\u00e9rum visage\u00a0super concentr\u00e9\u00a0\u00e0 base de VITAMINE C et d\u2019ACIDE HYALURONIQUE.\u00a0Ce pr\u00e9cieux m\u00e9lange d\u2019actifs associe l\u2019action anti-\u00e2ge et anti-imperfections de l\u2019acide ascorbique sous sa forme stabilis\u00e9e et hautement efficace, \u00e0 l\u2019action hydratante, filmog\u00e8ne et lissante de l\u2019acide hyaluronique de haut poids mol\u00e9culaire.\u00a0Inactive efficacement les radicaux libres, prot\u00e9geant ainsi la peau du vieillissement d\u00fb au stress oxydatif, augmente le teint et la luminosit\u00e9 de la peau.<\/p>\n","protected":false},"excerpt":{"rendered":"<p>S\u00e9rum visage\u00a0super concentr\u00e9\u00a0\u00e0 base de VITAMINE C et d\u2019ACIDE HYALURONIQUE.\u00a0Ce pr\u00e9cieux m\u00e9lange d\u2019actifs associe l\u2019action anti-\u00e2ge et anti-imperfections de l\u2019acide<\/p>\n","protected":false},"featured_media":23497,"comment_status":"open","ping_status":"closed","template":"","meta":[],"product_brand":[377],"product_cat":[488],"product_tag":[],"class_list":{"0":"post-23470","1":"product","2":"type-product","3":"status-publish","4":"has-post-thumbnail","6":"product_brand-photo-white","7":"product_cat-peaux-matures","9":"first","10":"instock","11":"sale","12":"shipping-taxable","13":"purchasable","14":"product-type-simple"},"yoast_head":"<!-- This site is optimized with the Yoast SEO plugin v26.6 - https:\/\/yoast.com\/wordpress\/plugins\/seo\/ -->\r\n<title>PHOTO WHITE HC 100 SERUM INTENSIF 10 ML - Paracherkaoui.ma<\/title>\r\n<meta name=\"robots\" content=\"index, follow, max-snippet:-1, max-image-preview:large, max-video-preview:-1\" \/>\r\n<link rel=\"canonical\" href=\"https:\/\/paracherkaoui.ma\/index.php\/produit\/photo-white-hc-100-serum-intensif-10-ml\/\" \/>\r\n<meta property=\"og:locale\" content=\"fr_FR\" \/>\r\n<meta property=\"og:type\" content=\"article\" \/>\r\n<meta property=\"og:title\" content=\"PHOTO WHITE HC 100 SERUM INTENSIF 10 ML - Paracherkaoui.ma\" \/>\r\n<meta property=\"og:description\" content=\"S\u00e9rum visage\u00a0super concentr\u00e9\u00a0\u00e0 base de VITAMINE C et d\u2019ACIDE HYALURONIQUE.\u00a0Ce pr\u00e9cieux m\u00e9lange d\u2019actifs associe l\u2019action anti-\u00e2ge et anti-imperfections de l\u2019acide\" \/>\r\n<meta property=\"og:url\" content=\"https:\/\/paracherkaoui.ma\/index.php\/produit\/photo-white-hc-100-serum-intensif-10-ml\/\" \/>\r\n<meta property=\"og:site_name\" content=\"Paracherkaoui.ma\" \/>\r\n<meta property=\"article:modified_time\" content=\"2025-12-12T17:18:26+00:00\" \/>\r\n<meta property=\"og:image\" content=\"https:\/\/paracherkaoui.ma\/wp-content\/uploads\/2025\/12\/photo-white-photo-white-hc-100-serum-intensif-10-ml-peaux-matures.jpg\" \/>\r\n\t<meta property=\"og:image:width\" content=\"700\" \/>\r\n\t<meta property=\"og:image:height\" content=\"700\" \/>\r\n\t<meta property=\"og:image:type\" content=\"image\/jpeg\" \/>\r\n<meta name=\"twitter:card\" content=\"summary_large_image\" \/>\r\n<script type=\"application\/ld+json\" class=\"yoast-schema-graph\">{\"@context\":\"https:\/\/schema.org\",\"@graph\":[{\"@type\":\"WebPage\",\"@id\":\"https:\/\/paracherkaoui.ma\/index.php\/produit\/photo-white-hc-100-serum-intensif-10-ml\/\",\"url\":\"https:\/\/paracherkaoui.ma\/index.php\/produit\/photo-white-hc-100-serum-intensif-10-ml\/\",\"name\":\"PHOTO WHITE HC 100 SERUM INTENSIF 10 ML - Paracherkaoui.ma\",\"isPartOf\":{\"@id\":\"https:\/\/paracherkaoui.ma\/#website\"},\"primaryImageOfPage\":{\"@id\":\"https:\/\/paracherkaoui.ma\/index.php\/produit\/photo-white-hc-100-serum-intensif-10-ml\/#primaryimage\"},\"image\":{\"@id\":\"https:\/\/paracherkaoui.ma\/index.php\/produit\/photo-white-hc-100-serum-intensif-10-ml\/#primaryimage\"},\"thumbnailUrl\":\"https:\/\/paracherkaoui.ma\/wp-content\/uploads\/2025\/12\/photo-white-photo-white-hc-100-serum-intensif-10-ml-peaux-matures.jpg\",\"datePublished\":\"2025-12-12T17:18:24+00:00\",\"dateModified\":\"2025-12-12T17:18:26+00:00\",\"breadcrumb\":{\"@id\":\"https:\/\/paracherkaoui.ma\/index.php\/produit\/photo-white-hc-100-serum-intensif-10-ml\/#breadcrumb\"},\"inLanguage\":\"fr-FR\",\"potentialAction\":[{\"@type\":\"ReadAction\",\"target\":[\"https:\/\/paracherkaoui.ma\/index.php\/produit\/photo-white-hc-100-serum-intensif-10-ml\/\"]}]},{\"@type\":\"ImageObject\",\"inLanguage\":\"fr-FR\",\"@id\":\"https:\/\/paracherkaoui.ma\/index.php\/produit\/photo-white-hc-100-serum-intensif-10-ml\/#primaryimage\",\"url\":\"https:\/\/paracherkaoui.ma\/wp-content\/uploads\/2025\/12\/photo-white-photo-white-hc-100-serum-intensif-10-ml-peaux-matures.jpg\",\"contentUrl\":\"https:\/\/paracherkaoui.ma\/wp-content\/uploads\/2025\/12\/photo-white-photo-white-hc-100-serum-intensif-10-ml-peaux-matures.jpg\",\"width\":700,\"height\":700},{\"@type\":\"BreadcrumbList\",\"@id\":\"https:\/\/paracherkaoui.ma\/index.php\/produit\/photo-white-hc-100-serum-intensif-10-ml\/#breadcrumb\",\"itemListElement\":[{\"@type\":\"ListItem\",\"position\":1,\"name\":\"Accueil\",\"item\":\"https:\/\/paracherkaoui.ma\/\"},{\"@type\":\"ListItem\",\"position\":2,\"name\":\"Boutique\",\"item\":\"https:\/\/paracherkaoui.ma\/index.php\/boutique\/\"},{\"@type\":\"ListItem\",\"position\":3,\"name\":\"PHOTO WHITE HC 100 SERUM INTENSIF 10 ML\"}]},{\"@type\":\"WebSite\",\"@id\":\"https:\/\/paracherkaoui.ma\/#website\",\"url\":\"https:\/\/paracherkaoui.ma\/\",\"name\":\"Paracherkaoui.ma\",\"description\":\"Achetez en ligne sur Paracherkaoui.ma\",\"potentialAction\":[{\"@type\":\"SearchAction\",\"target\":{\"@type\":\"EntryPoint\",\"urlTemplate\":\"https:\/\/paracherkaoui.ma\/?s={search_term_string}\"},\"query-input\":{\"@type\":\"PropertyValueSpecification\",\"valueRequired\":true,\"valueName\":\"search_term_string\"}}],\"inLanguage\":\"fr-FR\"}]}<\/script>\r\n<!-- \/ Yoast SEO plugin. -->","yoast_head_json":{"title":"PHOTO WHITE HC 100 SERUM INTENSIF 10 ML - Paracherkaoui.ma","robots":{"index":"index","follow":"follow","max-snippet":"max-snippet:-1","max-image-preview":"max-image-preview:large","max-video-preview":"max-video-preview:-1"},"canonical":"https:\/\/paracherkaoui.ma\/index.php\/produit\/photo-white-hc-100-serum-intensif-10-ml\/","og_locale":"fr_FR","og_type":"article","og_title":"PHOTO WHITE HC 100 SERUM INTENSIF 10 ML - Paracherkaoui.ma","og_description":"S\u00e9rum visage\u00a0super concentr\u00e9\u00a0\u00e0 base de VITAMINE C et d\u2019ACIDE HYALURONIQUE.\u00a0Ce pr\u00e9cieux m\u00e9lange d\u2019actifs associe l\u2019action anti-\u00e2ge et anti-imperfections de l\u2019acide","og_url":"https:\/\/paracherkaoui.ma\/index.php\/produit\/photo-white-hc-100-serum-intensif-10-ml\/","og_site_name":"Paracherkaoui.ma","article_modified_time":"2025-12-12T17:18:26+00:00","og_image":[{"width":700,"height":700,"url":"https:\/\/paracherkaoui.ma\/wp-content\/uploads\/2025\/12\/photo-white-photo-white-hc-100-serum-intensif-10-ml-peaux-matures.jpg","type":"image\/jpeg"}],"twitter_card":"summary_large_image","schema":{"@context":"https:\/\/schema.org","@graph":[{"@type":"WebPage","@id":"https:\/\/paracherkaoui.ma\/index.php\/produit\/photo-white-hc-100-serum-intensif-10-ml\/","url":"https:\/\/paracherkaoui.ma\/index.php\/produit\/photo-white-hc-100-serum-intensif-10-ml\/","name":"PHOTO WHITE HC 100 SERUM INTENSIF 10 ML - Paracherkaoui.ma","isPartOf":{"@id":"https:\/\/paracherkaoui.ma\/#website"},"primaryImageOfPage":{"@id":"https:\/\/paracherkaoui.ma\/index.php\/produit\/photo-white-hc-100-serum-intensif-10-ml\/#primaryimage"},"image":{"@id":"https:\/\/paracherkaoui.ma\/index.php\/produit\/photo-white-hc-100-serum-intensif-10-ml\/#primaryimage"},"thumbnailUrl":"https:\/\/paracherkaoui.ma\/wp-content\/uploads\/2025\/12\/photo-white-photo-white-hc-100-serum-intensif-10-ml-peaux-matures.jpg","datePublished":"2025-12-12T17:18:24+00:00","dateModified":"2025-12-12T17:18:26+00:00","breadcrumb":{"@id":"https:\/\/paracherkaoui.ma\/index.php\/produit\/photo-white-hc-100-serum-intensif-10-ml\/#breadcrumb"},"inLanguage":"fr-FR","potentialAction":[{"@type":"ReadAction","target":["https:\/\/paracherkaoui.ma\/index.php\/produit\/photo-white-hc-100-serum-intensif-10-ml\/"]}]},{"@type":"ImageObject","inLanguage":"fr-FR","@id":"https:\/\/paracherkaoui.ma\/index.php\/produit\/photo-white-hc-100-serum-intensif-10-ml\/#primaryimage","url":"https:\/\/paracherkaoui.ma\/wp-content\/uploads\/2025\/12\/photo-white-photo-white-hc-100-serum-intensif-10-ml-peaux-matures.jpg","contentUrl":"https:\/\/paracherkaoui.ma\/wp-content\/uploads\/2025\/12\/photo-white-photo-white-hc-100-serum-intensif-10-ml-peaux-matures.jpg","width":700,"height":700},{"@type":"BreadcrumbList","@id":"https:\/\/paracherkaoui.ma\/index.php\/produit\/photo-white-hc-100-serum-intensif-10-ml\/#breadcrumb","itemListElement":[{"@type":"ListItem","position":1,"name":"Accueil","item":"https:\/\/paracherkaoui.ma\/"},{"@type":"ListItem","position":2,"name":"Boutique","item":"https:\/\/paracherkaoui.ma\/index.php\/boutique\/"},{"@type":"ListItem","position":3,"name":"PHOTO WHITE HC 100 SERUM INTENSIF 10 ML"}]},{"@type":"WebSite","@id":"https:\/\/paracherkaoui.ma\/#website","url":"https:\/\/paracherkaoui.ma\/","name":"Paracherkaoui.ma","description":"Achetez en ligne sur Paracherkaoui.ma","potentialAction":[{"@type":"SearchAction","target":{"@type":"EntryPoint","urlTemplate":"https:\/\/paracherkaoui.ma\/?s={search_term_string}"},"query-input":{"@type":"PropertyValueSpecification","valueRequired":true,"valueName":"search_term_string"}}],"inLanguage":"fr-FR"}]}},"_links":{"self":[{"href":"https:\/\/paracherkaoui.ma\/index.php\/wp-json\/wp\/v2\/product\/23470","targetHints":{"allow":["GET"]}}],"collection":[{"href":"https:\/\/paracherkaoui.ma\/index.php\/wp-json\/wp\/v2\/product"}],"about":[{"href":"https:\/\/paracherkaoui.ma\/index.php\/wp-json\/wp\/v2\/types\/product"}],"replies":[{"embeddable":true,"href":"https:\/\/paracherkaoui.ma\/index.php\/wp-json\/wp\/v2\/comments?post=23470"}],"version-history":[{"count":1,"href":"https:\/\/paracherkaoui.ma\/index.php\/wp-json\/wp\/v2\/product\/23470\/revisions"}],"predecessor-version":[{"id":23498,"href":"https:\/\/paracherkaoui.ma\/index.php\/wp-json\/wp\/v2\/product\/23470\/revisions\/23498"}],"wp:featuredmedia":[{"embeddable":true,"href":"https:\/\/paracherkaoui.ma\/index.php\/wp-json\/wp\/v2\/media\/23497"}],"wp:attachment":[{"href":"https:\/\/paracherkaoui.ma\/index.php\/wp-json\/wp\/v2\/media?parent=23470"}],"wp:term":[{"taxonomy":"product_brand","embeddable":true,"href":"https:\/\/paracherkaoui.ma\/index.php\/wp-json\/wp\/v2\/product_brand?post=23470"},{"taxonomy":"product_cat","embeddable":true,"href":"https:\/\/paracherkaoui.ma\/index.php\/wp-json\/wp\/v2\/product_cat?post=23470"},{"taxonomy":"product_tag","embeddable":true,"href":"https:\/\/paracherkaoui.ma\/index.php\/wp-json\/wp\/v2\/product_tag?post=23470"}],"curies":[{"name":"wp","href":"https:\/\/api.w.org\/{rel}","templated":true}]}}