{"id":23465,"date":"2025-12-12T18:18:24","date_gmt":"2025-12-12T17:18:24","guid":{"rendered":"https:\/\/test.ecbeaute.com\/?post_type=product&#038;p=23465"},"modified":"2025-12-12T18:18:25","modified_gmt":"2025-12-12T17:18:25","slug":"nuxe-nuxuriance-ultra-creme-redensifiante-spf20-tous-types-de-peaux-50-ml","status":"publish","type":"product","link":"https:\/\/paracherkaoui.ma\/index.php\/produit\/nuxe-nuxuriance-ultra-creme-redensifiante-spf20-tous-types-de-peaux-50-ml\/","title":{"rendered":"NUXE NUXURIANCE ULTRA CREME REDENSIFIANTE SPF20 TOUS TYPES DE PEAUX 50 ML"},"content":{"rendered":"<p>INDICATIONS :<br \/>\nLa r\u00e9g\u00e9n\u00e9ration des cellules majeures de la peau d\u00e9cro\u00eet avec l\u2019\u00e2ge. INNOVATION BREVET\u00c9E(1) &#8211; Actif intelligent \u00e0 l&rsquo;action cibl\u00e9e et conti n u e, les Ce l l u l es Bi-Florales\u00ae (mol\u00e9cules actives de Fleur pr\u00e9cieuse de Safran encapsul\u00e9es dans une cellule de Bougainvillier) stimulent la naissance de nouvelles cellules majeures de la peau(2). Imm\u00e9diatement, cette cr\u00e8me aux millions de Cellules Bi-Florales\u00ae lisse la peau et la prot\u00e8ge des UVA\/UVB pour aider \u00e0 lutter contre le photo-vieillissement cutan\u00e9 pr\u00e9matur\u00e9 et l&rsquo;apparition des taches. D\u00e8s 28 jours,la peau para\u00eet plus jeune : lisse et dense, elle est comme repulp\u00e9e. Son \u00e9clat naturel est raviv\u00e9. L&rsquo;ovale du visage para\u00eet regalb\u00e9 et les traits r\u00e9hauss\u00e9s(3). Appliquer sur visage, cou et d\u00e9collet\u00e9. Sans paraben. Non com\u00e9dog\u00e8ne. (1)Brevets d\u00e9pos\u00e9s (FR). (2)Test in vitro sur actif.(3)Test d\u2019usage sous contr\u00f4le dermatologique sur 32 volontaires pendant 28 jours.<br \/>\nPR\u00c9SENTATION :<br \/>\n1 Tube de 50 ml<br \/>\nCOMPOSITION :<br \/>\nAQUA\/WATER, ETHYLHEXYL METHOXYCINNAMATE, C12-15 ALKYL BENZOATE, DIETHYLHEXYL SUCCINATE, DIETHYLAMINO HYDROXYBENZOYL HEXYL BENZOATE, GLYCERIN, ETHYLHEXYL TRIAZONE, PRUNUS AMYGDALUS DULCIS (SWEET ALMOND) OIL, DIMETHICONE, SILICA, HYDROXYETHYL ACRYLATE\/SODIUM ACRYLOYLDIMETHYL TAURATE COPOLYMER, PARFUM\/FRAGRANCE, HYDROXYETHYL UREA, ARACHIDYL ALCOHOL, BIS-ETHYLHEXYLOXYPHENOL METHOXYPHENYL TRIAZINE, CETEARYL ALCOHOL, BEHENYL ALCOHOL, TOCOPHEROL, CAPRYLOYL GLYCINE, PHENOXYETHANOL, COCO-GLUCOSIDE, CITRIC ACID, ARACHIDYL GLUCOSIDE, ETHYLHEXYLGLYCERIN, SODIUM HYDROXIDE, DEHYDROACETIC ACID, BOUGAINVILLEA GLABRA LEAF CELL EXTRACT, SODIUM GLUCONATE, XANTHAN GUM, BUTYLENE GLYCOL, HYALURONIC ACID, POLYSORBATE 60, SORBITAN ISOSTEARATE, AMMONIUM LACTATE, UNDARIA PINNATIFIDA EXTRACT, PLANKTON EXTRACT, THEOBROMA CACAO (COCOA) CALLUS POWDER , CROCUS SATIVUS FLOWER EXTRACT, BENZYL ALCOHOL, BENZYL SALICYLATE, LINALOOL, COUMARIN, GERANIOL, CITRONELLOL [N3204\/A]<\/p>\n","protected":false},"excerpt":{"rendered":"<p>INDICATIONS : La r\u00e9g\u00e9n\u00e9ration des cellules majeures de la peau d\u00e9cro\u00eet avec l\u2019\u00e2ge. INNOVATION BREVET\u00c9E(1) &#8211; Actif intelligent \u00e0 l&rsquo;action<\/p>\n","protected":false},"featured_media":23487,"comment_status":"open","ping_status":"closed","template":"","meta":[],"product_brand":[230],"product_cat":[488],"product_tag":[],"class_list":{"0":"post-23465","1":"product","2":"type-product","3":"status-publish","4":"has-post-thumbnail","6":"product_brand-nuxe","7":"product_cat-peaux-matures","9":"first","10":"instock","11":"sale","12":"shipping-taxable","13":"purchasable","14":"product-type-simple"},"yoast_head":"<!-- This site is optimized with the Yoast SEO plugin v26.6 - https:\/\/yoast.com\/wordpress\/plugins\/seo\/ -->\r\n<title>NUXE NUXURIANCE ULTRA CREME REDENSIFIANTE SPF20 TOUS TYPES DE PEAUX 50 ML - Paracherkaoui.ma<\/title>\r\n<meta name=\"robots\" content=\"index, follow, max-snippet:-1, max-image-preview:large, max-video-preview:-1\" \/>\r\n<link rel=\"canonical\" href=\"https:\/\/paracherkaoui.ma\/index.php\/produit\/nuxe-nuxuriance-ultra-creme-redensifiante-spf20-tous-types-de-peaux-50-ml\/\" \/>\r\n<meta property=\"og:locale\" content=\"fr_FR\" \/>\r\n<meta property=\"og:type\" content=\"article\" \/>\r\n<meta property=\"og:title\" content=\"NUXE NUXURIANCE ULTRA CREME REDENSIFIANTE SPF20 TOUS TYPES DE PEAUX 50 ML - Paracherkaoui.ma\" \/>\r\n<meta property=\"og:description\" content=\"INDICATIONS : La r\u00e9g\u00e9n\u00e9ration des cellules majeures de la peau d\u00e9cro\u00eet avec l\u2019\u00e2ge. INNOVATION BREVET\u00c9E(1) &#8211; Actif intelligent \u00e0 l&rsquo;action\" \/>\r\n<meta property=\"og:url\" content=\"https:\/\/paracherkaoui.ma\/index.php\/produit\/nuxe-nuxuriance-ultra-creme-redensifiante-spf20-tous-types-de-peaux-50-ml\/\" \/>\r\n<meta property=\"og:site_name\" content=\"Paracherkaoui.ma\" \/>\r\n<meta property=\"article:modified_time\" content=\"2025-12-12T17:18:25+00:00\" \/>\r\n<meta property=\"og:image\" content=\"https:\/\/paracherkaoui.ma\/wp-content\/uploads\/2025\/12\/nuxe-nuxe-nuxuriance-ultra-creme-redensifiante-spf20-tous-types-de-peaux-50-ml-peaux-matures.jpg\" \/>\r\n\t<meta property=\"og:image:width\" content=\"700\" \/>\r\n\t<meta property=\"og:image:height\" content=\"700\" \/>\r\n\t<meta property=\"og:image:type\" content=\"image\/jpeg\" \/>\r\n<meta name=\"twitter:card\" content=\"summary_large_image\" \/>\r\n<meta name=\"twitter:label1\" content=\"Dur\u00e9e de lecture estim\u00e9e\" \/>\n\t<meta name=\"twitter:data1\" content=\"1 minute\" \/>\r\n<script type=\"application\/ld+json\" class=\"yoast-schema-graph\">{\"@context\":\"https:\/\/schema.org\",\"@graph\":[{\"@type\":\"WebPage\",\"@id\":\"https:\/\/paracherkaoui.ma\/index.php\/produit\/nuxe-nuxuriance-ultra-creme-redensifiante-spf20-tous-types-de-peaux-50-ml\/\",\"url\":\"https:\/\/paracherkaoui.ma\/index.php\/produit\/nuxe-nuxuriance-ultra-creme-redensifiante-spf20-tous-types-de-peaux-50-ml\/\",\"name\":\"NUXE NUXURIANCE ULTRA CREME REDENSIFIANTE SPF20 TOUS TYPES DE PEAUX 50 ML - Paracherkaoui.ma\",\"isPartOf\":{\"@id\":\"https:\/\/paracherkaoui.ma\/#website\"},\"primaryImageOfPage\":{\"@id\":\"https:\/\/paracherkaoui.ma\/index.php\/produit\/nuxe-nuxuriance-ultra-creme-redensifiante-spf20-tous-types-de-peaux-50-ml\/#primaryimage\"},\"image\":{\"@id\":\"https:\/\/paracherkaoui.ma\/index.php\/produit\/nuxe-nuxuriance-ultra-creme-redensifiante-spf20-tous-types-de-peaux-50-ml\/#primaryimage\"},\"thumbnailUrl\":\"https:\/\/paracherkaoui.ma\/wp-content\/uploads\/2025\/12\/nuxe-nuxe-nuxuriance-ultra-creme-redensifiante-spf20-tous-types-de-peaux-50-ml-peaux-matures.jpg\",\"datePublished\":\"2025-12-12T17:18:24+00:00\",\"dateModified\":\"2025-12-12T17:18:25+00:00\",\"breadcrumb\":{\"@id\":\"https:\/\/paracherkaoui.ma\/index.php\/produit\/nuxe-nuxuriance-ultra-creme-redensifiante-spf20-tous-types-de-peaux-50-ml\/#breadcrumb\"},\"inLanguage\":\"fr-FR\",\"potentialAction\":[{\"@type\":\"ReadAction\",\"target\":[\"https:\/\/paracherkaoui.ma\/index.php\/produit\/nuxe-nuxuriance-ultra-creme-redensifiante-spf20-tous-types-de-peaux-50-ml\/\"]}]},{\"@type\":\"ImageObject\",\"inLanguage\":\"fr-FR\",\"@id\":\"https:\/\/paracherkaoui.ma\/index.php\/produit\/nuxe-nuxuriance-ultra-creme-redensifiante-spf20-tous-types-de-peaux-50-ml\/#primaryimage\",\"url\":\"https:\/\/paracherkaoui.ma\/wp-content\/uploads\/2025\/12\/nuxe-nuxe-nuxuriance-ultra-creme-redensifiante-spf20-tous-types-de-peaux-50-ml-peaux-matures.jpg\",\"contentUrl\":\"https:\/\/paracherkaoui.ma\/wp-content\/uploads\/2025\/12\/nuxe-nuxe-nuxuriance-ultra-creme-redensifiante-spf20-tous-types-de-peaux-50-ml-peaux-matures.jpg\",\"width\":700,\"height\":700},{\"@type\":\"BreadcrumbList\",\"@id\":\"https:\/\/paracherkaoui.ma\/index.php\/produit\/nuxe-nuxuriance-ultra-creme-redensifiante-spf20-tous-types-de-peaux-50-ml\/#breadcrumb\",\"itemListElement\":[{\"@type\":\"ListItem\",\"position\":1,\"name\":\"Accueil\",\"item\":\"https:\/\/paracherkaoui.ma\/\"},{\"@type\":\"ListItem\",\"position\":2,\"name\":\"Boutique\",\"item\":\"https:\/\/paracherkaoui.ma\/index.php\/boutique\/\"},{\"@type\":\"ListItem\",\"position\":3,\"name\":\"NUXE NUXURIANCE ULTRA CREME REDENSIFIANTE SPF20 TOUS TYPES DE PEAUX 50 ML\"}]},{\"@type\":\"WebSite\",\"@id\":\"https:\/\/paracherkaoui.ma\/#website\",\"url\":\"https:\/\/paracherkaoui.ma\/\",\"name\":\"Paracherkaoui.ma\",\"description\":\"Achetez en ligne sur Paracherkaoui.ma\",\"potentialAction\":[{\"@type\":\"SearchAction\",\"target\":{\"@type\":\"EntryPoint\",\"urlTemplate\":\"https:\/\/paracherkaoui.ma\/?s={search_term_string}\"},\"query-input\":{\"@type\":\"PropertyValueSpecification\",\"valueRequired\":true,\"valueName\":\"search_term_string\"}}],\"inLanguage\":\"fr-FR\"}]}<\/script>\r\n<!-- \/ Yoast SEO plugin. -->","yoast_head_json":{"title":"NUXE NUXURIANCE ULTRA CREME REDENSIFIANTE SPF20 TOUS TYPES DE PEAUX 50 ML - Paracherkaoui.ma","robots":{"index":"index","follow":"follow","max-snippet":"max-snippet:-1","max-image-preview":"max-image-preview:large","max-video-preview":"max-video-preview:-1"},"canonical":"https:\/\/paracherkaoui.ma\/index.php\/produit\/nuxe-nuxuriance-ultra-creme-redensifiante-spf20-tous-types-de-peaux-50-ml\/","og_locale":"fr_FR","og_type":"article","og_title":"NUXE NUXURIANCE ULTRA CREME REDENSIFIANTE SPF20 TOUS TYPES DE PEAUX 50 ML - Paracherkaoui.ma","og_description":"INDICATIONS : La r\u00e9g\u00e9n\u00e9ration des cellules majeures de la peau d\u00e9cro\u00eet avec l\u2019\u00e2ge. INNOVATION BREVET\u00c9E(1) &#8211; Actif intelligent \u00e0 l&rsquo;action","og_url":"https:\/\/paracherkaoui.ma\/index.php\/produit\/nuxe-nuxuriance-ultra-creme-redensifiante-spf20-tous-types-de-peaux-50-ml\/","og_site_name":"Paracherkaoui.ma","article_modified_time":"2025-12-12T17:18:25+00:00","og_image":[{"width":700,"height":700,"url":"https:\/\/paracherkaoui.ma\/wp-content\/uploads\/2025\/12\/nuxe-nuxe-nuxuriance-ultra-creme-redensifiante-spf20-tous-types-de-peaux-50-ml-peaux-matures.jpg","type":"image\/jpeg"}],"twitter_card":"summary_large_image","twitter_misc":{"Dur\u00e9e de lecture estim\u00e9e":"1 minute"},"schema":{"@context":"https:\/\/schema.org","@graph":[{"@type":"WebPage","@id":"https:\/\/paracherkaoui.ma\/index.php\/produit\/nuxe-nuxuriance-ultra-creme-redensifiante-spf20-tous-types-de-peaux-50-ml\/","url":"https:\/\/paracherkaoui.ma\/index.php\/produit\/nuxe-nuxuriance-ultra-creme-redensifiante-spf20-tous-types-de-peaux-50-ml\/","name":"NUXE NUXURIANCE ULTRA CREME REDENSIFIANTE SPF20 TOUS TYPES DE PEAUX 50 ML - Paracherkaoui.ma","isPartOf":{"@id":"https:\/\/paracherkaoui.ma\/#website"},"primaryImageOfPage":{"@id":"https:\/\/paracherkaoui.ma\/index.php\/produit\/nuxe-nuxuriance-ultra-creme-redensifiante-spf20-tous-types-de-peaux-50-ml\/#primaryimage"},"image":{"@id":"https:\/\/paracherkaoui.ma\/index.php\/produit\/nuxe-nuxuriance-ultra-creme-redensifiante-spf20-tous-types-de-peaux-50-ml\/#primaryimage"},"thumbnailUrl":"https:\/\/paracherkaoui.ma\/wp-content\/uploads\/2025\/12\/nuxe-nuxe-nuxuriance-ultra-creme-redensifiante-spf20-tous-types-de-peaux-50-ml-peaux-matures.jpg","datePublished":"2025-12-12T17:18:24+00:00","dateModified":"2025-12-12T17:18:25+00:00","breadcrumb":{"@id":"https:\/\/paracherkaoui.ma\/index.php\/produit\/nuxe-nuxuriance-ultra-creme-redensifiante-spf20-tous-types-de-peaux-50-ml\/#breadcrumb"},"inLanguage":"fr-FR","potentialAction":[{"@type":"ReadAction","target":["https:\/\/paracherkaoui.ma\/index.php\/produit\/nuxe-nuxuriance-ultra-creme-redensifiante-spf20-tous-types-de-peaux-50-ml\/"]}]},{"@type":"ImageObject","inLanguage":"fr-FR","@id":"https:\/\/paracherkaoui.ma\/index.php\/produit\/nuxe-nuxuriance-ultra-creme-redensifiante-spf20-tous-types-de-peaux-50-ml\/#primaryimage","url":"https:\/\/paracherkaoui.ma\/wp-content\/uploads\/2025\/12\/nuxe-nuxe-nuxuriance-ultra-creme-redensifiante-spf20-tous-types-de-peaux-50-ml-peaux-matures.jpg","contentUrl":"https:\/\/paracherkaoui.ma\/wp-content\/uploads\/2025\/12\/nuxe-nuxe-nuxuriance-ultra-creme-redensifiante-spf20-tous-types-de-peaux-50-ml-peaux-matures.jpg","width":700,"height":700},{"@type":"BreadcrumbList","@id":"https:\/\/paracherkaoui.ma\/index.php\/produit\/nuxe-nuxuriance-ultra-creme-redensifiante-spf20-tous-types-de-peaux-50-ml\/#breadcrumb","itemListElement":[{"@type":"ListItem","position":1,"name":"Accueil","item":"https:\/\/paracherkaoui.ma\/"},{"@type":"ListItem","position":2,"name":"Boutique","item":"https:\/\/paracherkaoui.ma\/index.php\/boutique\/"},{"@type":"ListItem","position":3,"name":"NUXE NUXURIANCE ULTRA CREME REDENSIFIANTE SPF20 TOUS TYPES DE PEAUX 50 ML"}]},{"@type":"WebSite","@id":"https:\/\/paracherkaoui.ma\/#website","url":"https:\/\/paracherkaoui.ma\/","name":"Paracherkaoui.ma","description":"Achetez en ligne sur Paracherkaoui.ma","potentialAction":[{"@type":"SearchAction","target":{"@type":"EntryPoint","urlTemplate":"https:\/\/paracherkaoui.ma\/?s={search_term_string}"},"query-input":{"@type":"PropertyValueSpecification","valueRequired":true,"valueName":"search_term_string"}}],"inLanguage":"fr-FR"}]}},"_links":{"self":[{"href":"https:\/\/paracherkaoui.ma\/index.php\/wp-json\/wp\/v2\/product\/23465","targetHints":{"allow":["GET"]}}],"collection":[{"href":"https:\/\/paracherkaoui.ma\/index.php\/wp-json\/wp\/v2\/product"}],"about":[{"href":"https:\/\/paracherkaoui.ma\/index.php\/wp-json\/wp\/v2\/types\/product"}],"replies":[{"embeddable":true,"href":"https:\/\/paracherkaoui.ma\/index.php\/wp-json\/wp\/v2\/comments?post=23465"}],"version-history":[{"count":1,"href":"https:\/\/paracherkaoui.ma\/index.php\/wp-json\/wp\/v2\/product\/23465\/revisions"}],"predecessor-version":[{"id":23488,"href":"https:\/\/paracherkaoui.ma\/index.php\/wp-json\/wp\/v2\/product\/23465\/revisions\/23488"}],"wp:featuredmedia":[{"embeddable":true,"href":"https:\/\/paracherkaoui.ma\/index.php\/wp-json\/wp\/v2\/media\/23487"}],"wp:attachment":[{"href":"https:\/\/paracherkaoui.ma\/index.php\/wp-json\/wp\/v2\/media?parent=23465"}],"wp:term":[{"taxonomy":"product_brand","embeddable":true,"href":"https:\/\/paracherkaoui.ma\/index.php\/wp-json\/wp\/v2\/product_brand?post=23465"},{"taxonomy":"product_cat","embeddable":true,"href":"https:\/\/paracherkaoui.ma\/index.php\/wp-json\/wp\/v2\/product_cat?post=23465"},{"taxonomy":"product_tag","embeddable":true,"href":"https:\/\/paracherkaoui.ma\/index.php\/wp-json\/wp\/v2\/product_tag?post=23465"}],"curies":[{"name":"wp","href":"https:\/\/api.w.org\/{rel}","templated":true}]}}