{"id":23464,"date":"2025-12-12T18:18:24","date_gmt":"2025-12-12T17:18:24","guid":{"rendered":"https:\/\/test.ecbeaute.com\/?post_type=product&#038;p=23464"},"modified":"2025-12-12T18:18:25","modified_gmt":"2025-12-12T17:18:25","slug":"nuxe-nuxuriance-ultra-creme-riche-redensifiante-50-ml","status":"publish","type":"product","link":"https:\/\/paracherkaoui.ma\/index.php\/produit\/nuxe-nuxuriance-ultra-creme-riche-redensifiante-50-ml\/","title":{"rendered":"NUXE NUXURIANCE ULTRA CREME RICHE REDENSIFIANTE 50 ML"},"content":{"rendered":"<p>Nuxe Nuxuriance Ultra Cr\u00e8me Riche Redensifiante Anti-\u00c2ge Global 50 ml est une cr\u00e8me hautement performante con\u00e7ue pour r\u00e9g\u00e9n\u00e9rer intens\u00e9ment les peaux s\u00e8ches \u00e0 tr\u00e8s s\u00e8ches. Id\u00e9ale pour lutter contre les signes avanc\u00e9s de l\u2019\u00e2ge, cette cr\u00e8me riche offre une action cibl\u00e9e sur la densit\u00e9 et l\u2019\u00e9lasticit\u00e9 de la peau. Gr\u00e2ce \u00e0 sa formule innovante aux Cellules Bi-Florales\u00ae \u2013 un complexe associant les mol\u00e9cules actives de Safran encapsul\u00e9es dans des cellules de Bougainvillier \u2013 elle stimule la r\u00e9g\u00e9n\u00e9ration des cellules cutan\u00e9es pour une peau visiblement plus jeune.<br \/>\nD\u00e8s la premi\u00e8re utilisation, la peau est nourrie, assouplie et retrouve un confort durable. Apr\u00e8s 28 jours, les r\u00e9sultats sont impressionnants : la peau est plus dense, les pores sont resserr\u00e9s, et les rides sont nettement r\u00e9duites. L\u2019ovale du visage est regalb\u00e9, les traits rehauss\u00e9s, et l\u2019\u00e9clat naturel est raviv\u00e9. Cette cr\u00e8me ne se contente pas d\u2019hydrater : elle offre une v\u00e9ritable cure anti-\u00e2ge en profondeur, id\u00e9ale pour les peaux en qu\u00eate de jeunesse et de vitalit\u00e9.<br \/>\nConseils d\u2019utilisation :<br \/>\nApplication matin et\/ou soir : Pr\u00e9levez une noisette de cr\u00e8me et chauffez-la entre vos doigts.<\/p>\n","protected":false},"excerpt":{"rendered":"<p>Nuxe Nuxuriance Ultra Cr\u00e8me Riche Redensifiante Anti-\u00c2ge Global 50 ml est une cr\u00e8me hautement performante con\u00e7ue pour r\u00e9g\u00e9n\u00e9rer intens\u00e9ment les<\/p>\n","protected":false},"featured_media":23485,"comment_status":"open","ping_status":"closed","template":"","meta":[],"product_brand":[230],"product_cat":[488],"product_tag":[],"class_list":{"0":"post-23464","1":"product","2":"type-product","3":"status-publish","4":"has-post-thumbnail","6":"product_brand-nuxe","7":"product_cat-peaux-matures","9":"first","10":"instock","11":"sale","12":"shipping-taxable","13":"purchasable","14":"product-type-simple"},"yoast_head":"<!-- This site is optimized with the Yoast SEO plugin v26.6 - https:\/\/yoast.com\/wordpress\/plugins\/seo\/ -->\r\n<title>NUXE NUXURIANCE ULTRA CREME RICHE REDENSIFIANTE 50 ML - Paracherkaoui.ma<\/title>\r\n<meta name=\"robots\" content=\"index, follow, max-snippet:-1, max-image-preview:large, max-video-preview:-1\" \/>\r\n<link rel=\"canonical\" href=\"https:\/\/paracherkaoui.ma\/index.php\/produit\/nuxe-nuxuriance-ultra-creme-riche-redensifiante-50-ml\/\" \/>\r\n<meta property=\"og:locale\" content=\"fr_FR\" \/>\r\n<meta property=\"og:type\" content=\"article\" \/>\r\n<meta property=\"og:title\" content=\"NUXE NUXURIANCE ULTRA CREME RICHE REDENSIFIANTE 50 ML - Paracherkaoui.ma\" \/>\r\n<meta property=\"og:description\" content=\"Nuxe Nuxuriance Ultra Cr\u00e8me Riche Redensifiante Anti-\u00c2ge Global 50 ml est une cr\u00e8me hautement performante con\u00e7ue pour r\u00e9g\u00e9n\u00e9rer intens\u00e9ment les\" \/>\r\n<meta property=\"og:url\" content=\"https:\/\/paracherkaoui.ma\/index.php\/produit\/nuxe-nuxuriance-ultra-creme-riche-redensifiante-50-ml\/\" \/>\r\n<meta property=\"og:site_name\" content=\"Paracherkaoui.ma\" \/>\r\n<meta property=\"article:modified_time\" content=\"2025-12-12T17:18:25+00:00\" \/>\r\n<meta property=\"og:image\" content=\"https:\/\/paracherkaoui.ma\/wp-content\/uploads\/2025\/12\/nuxe-nuxuriance-ultra-creme-riche-redensifiante-50-ml.jpg\" \/>\r\n\t<meta property=\"og:image:width\" content=\"700\" \/>\r\n\t<meta property=\"og:image:height\" content=\"700\" \/>\r\n\t<meta property=\"og:image:type\" content=\"image\/jpeg\" \/>\r\n<meta name=\"twitter:card\" content=\"summary_large_image\" \/>\r\n<meta name=\"twitter:label1\" content=\"Dur\u00e9e de lecture estim\u00e9e\" \/>\n\t<meta name=\"twitter:data1\" content=\"1 minute\" \/>\r\n<script type=\"application\/ld+json\" class=\"yoast-schema-graph\">{\"@context\":\"https:\/\/schema.org\",\"@graph\":[{\"@type\":\"WebPage\",\"@id\":\"https:\/\/paracherkaoui.ma\/index.php\/produit\/nuxe-nuxuriance-ultra-creme-riche-redensifiante-50-ml\/\",\"url\":\"https:\/\/paracherkaoui.ma\/index.php\/produit\/nuxe-nuxuriance-ultra-creme-riche-redensifiante-50-ml\/\",\"name\":\"NUXE NUXURIANCE ULTRA CREME RICHE REDENSIFIANTE 50 ML - Paracherkaoui.ma\",\"isPartOf\":{\"@id\":\"https:\/\/paracherkaoui.ma\/#website\"},\"primaryImageOfPage\":{\"@id\":\"https:\/\/paracherkaoui.ma\/index.php\/produit\/nuxe-nuxuriance-ultra-creme-riche-redensifiante-50-ml\/#primaryimage\"},\"image\":{\"@id\":\"https:\/\/paracherkaoui.ma\/index.php\/produit\/nuxe-nuxuriance-ultra-creme-riche-redensifiante-50-ml\/#primaryimage\"},\"thumbnailUrl\":\"https:\/\/paracherkaoui.ma\/wp-content\/uploads\/2025\/12\/nuxe-nuxuriance-ultra-creme-riche-redensifiante-50-ml.jpg\",\"datePublished\":\"2025-12-12T17:18:24+00:00\",\"dateModified\":\"2025-12-12T17:18:25+00:00\",\"breadcrumb\":{\"@id\":\"https:\/\/paracherkaoui.ma\/index.php\/produit\/nuxe-nuxuriance-ultra-creme-riche-redensifiante-50-ml\/#breadcrumb\"},\"inLanguage\":\"fr-FR\",\"potentialAction\":[{\"@type\":\"ReadAction\",\"target\":[\"https:\/\/paracherkaoui.ma\/index.php\/produit\/nuxe-nuxuriance-ultra-creme-riche-redensifiante-50-ml\/\"]}]},{\"@type\":\"ImageObject\",\"inLanguage\":\"fr-FR\",\"@id\":\"https:\/\/paracherkaoui.ma\/index.php\/produit\/nuxe-nuxuriance-ultra-creme-riche-redensifiante-50-ml\/#primaryimage\",\"url\":\"https:\/\/paracherkaoui.ma\/wp-content\/uploads\/2025\/12\/nuxe-nuxuriance-ultra-creme-riche-redensifiante-50-ml.jpg\",\"contentUrl\":\"https:\/\/paracherkaoui.ma\/wp-content\/uploads\/2025\/12\/nuxe-nuxuriance-ultra-creme-riche-redensifiante-50-ml.jpg\",\"width\":700,\"height\":700},{\"@type\":\"BreadcrumbList\",\"@id\":\"https:\/\/paracherkaoui.ma\/index.php\/produit\/nuxe-nuxuriance-ultra-creme-riche-redensifiante-50-ml\/#breadcrumb\",\"itemListElement\":[{\"@type\":\"ListItem\",\"position\":1,\"name\":\"Accueil\",\"item\":\"https:\/\/paracherkaoui.ma\/\"},{\"@type\":\"ListItem\",\"position\":2,\"name\":\"Boutique\",\"item\":\"https:\/\/paracherkaoui.ma\/index.php\/boutique\/\"},{\"@type\":\"ListItem\",\"position\":3,\"name\":\"NUXE NUXURIANCE ULTRA CREME RICHE REDENSIFIANTE 50 ML\"}]},{\"@type\":\"WebSite\",\"@id\":\"https:\/\/paracherkaoui.ma\/#website\",\"url\":\"https:\/\/paracherkaoui.ma\/\",\"name\":\"Paracherkaoui.ma\",\"description\":\"Achetez en ligne sur Paracherkaoui.ma\",\"potentialAction\":[{\"@type\":\"SearchAction\",\"target\":{\"@type\":\"EntryPoint\",\"urlTemplate\":\"https:\/\/paracherkaoui.ma\/?s={search_term_string}\"},\"query-input\":{\"@type\":\"PropertyValueSpecification\",\"valueRequired\":true,\"valueName\":\"search_term_string\"}}],\"inLanguage\":\"fr-FR\"}]}<\/script>\r\n<!-- \/ Yoast SEO plugin. -->","yoast_head_json":{"title":"NUXE NUXURIANCE ULTRA CREME RICHE REDENSIFIANTE 50 ML - Paracherkaoui.ma","robots":{"index":"index","follow":"follow","max-snippet":"max-snippet:-1","max-image-preview":"max-image-preview:large","max-video-preview":"max-video-preview:-1"},"canonical":"https:\/\/paracherkaoui.ma\/index.php\/produit\/nuxe-nuxuriance-ultra-creme-riche-redensifiante-50-ml\/","og_locale":"fr_FR","og_type":"article","og_title":"NUXE NUXURIANCE ULTRA CREME RICHE REDENSIFIANTE 50 ML - Paracherkaoui.ma","og_description":"Nuxe Nuxuriance Ultra Cr\u00e8me Riche Redensifiante Anti-\u00c2ge Global 50 ml est une cr\u00e8me hautement performante con\u00e7ue pour r\u00e9g\u00e9n\u00e9rer intens\u00e9ment les","og_url":"https:\/\/paracherkaoui.ma\/index.php\/produit\/nuxe-nuxuriance-ultra-creme-riche-redensifiante-50-ml\/","og_site_name":"Paracherkaoui.ma","article_modified_time":"2025-12-12T17:18:25+00:00","og_image":[{"width":700,"height":700,"url":"https:\/\/paracherkaoui.ma\/wp-content\/uploads\/2025\/12\/nuxe-nuxuriance-ultra-creme-riche-redensifiante-50-ml.jpg","type":"image\/jpeg"}],"twitter_card":"summary_large_image","twitter_misc":{"Dur\u00e9e de lecture estim\u00e9e":"1 minute"},"schema":{"@context":"https:\/\/schema.org","@graph":[{"@type":"WebPage","@id":"https:\/\/paracherkaoui.ma\/index.php\/produit\/nuxe-nuxuriance-ultra-creme-riche-redensifiante-50-ml\/","url":"https:\/\/paracherkaoui.ma\/index.php\/produit\/nuxe-nuxuriance-ultra-creme-riche-redensifiante-50-ml\/","name":"NUXE NUXURIANCE ULTRA CREME RICHE REDENSIFIANTE 50 ML - Paracherkaoui.ma","isPartOf":{"@id":"https:\/\/paracherkaoui.ma\/#website"},"primaryImageOfPage":{"@id":"https:\/\/paracherkaoui.ma\/index.php\/produit\/nuxe-nuxuriance-ultra-creme-riche-redensifiante-50-ml\/#primaryimage"},"image":{"@id":"https:\/\/paracherkaoui.ma\/index.php\/produit\/nuxe-nuxuriance-ultra-creme-riche-redensifiante-50-ml\/#primaryimage"},"thumbnailUrl":"https:\/\/paracherkaoui.ma\/wp-content\/uploads\/2025\/12\/nuxe-nuxuriance-ultra-creme-riche-redensifiante-50-ml.jpg","datePublished":"2025-12-12T17:18:24+00:00","dateModified":"2025-12-12T17:18:25+00:00","breadcrumb":{"@id":"https:\/\/paracherkaoui.ma\/index.php\/produit\/nuxe-nuxuriance-ultra-creme-riche-redensifiante-50-ml\/#breadcrumb"},"inLanguage":"fr-FR","potentialAction":[{"@type":"ReadAction","target":["https:\/\/paracherkaoui.ma\/index.php\/produit\/nuxe-nuxuriance-ultra-creme-riche-redensifiante-50-ml\/"]}]},{"@type":"ImageObject","inLanguage":"fr-FR","@id":"https:\/\/paracherkaoui.ma\/index.php\/produit\/nuxe-nuxuriance-ultra-creme-riche-redensifiante-50-ml\/#primaryimage","url":"https:\/\/paracherkaoui.ma\/wp-content\/uploads\/2025\/12\/nuxe-nuxuriance-ultra-creme-riche-redensifiante-50-ml.jpg","contentUrl":"https:\/\/paracherkaoui.ma\/wp-content\/uploads\/2025\/12\/nuxe-nuxuriance-ultra-creme-riche-redensifiante-50-ml.jpg","width":700,"height":700},{"@type":"BreadcrumbList","@id":"https:\/\/paracherkaoui.ma\/index.php\/produit\/nuxe-nuxuriance-ultra-creme-riche-redensifiante-50-ml\/#breadcrumb","itemListElement":[{"@type":"ListItem","position":1,"name":"Accueil","item":"https:\/\/paracherkaoui.ma\/"},{"@type":"ListItem","position":2,"name":"Boutique","item":"https:\/\/paracherkaoui.ma\/index.php\/boutique\/"},{"@type":"ListItem","position":3,"name":"NUXE NUXURIANCE ULTRA CREME RICHE REDENSIFIANTE 50 ML"}]},{"@type":"WebSite","@id":"https:\/\/paracherkaoui.ma\/#website","url":"https:\/\/paracherkaoui.ma\/","name":"Paracherkaoui.ma","description":"Achetez en ligne sur Paracherkaoui.ma","potentialAction":[{"@type":"SearchAction","target":{"@type":"EntryPoint","urlTemplate":"https:\/\/paracherkaoui.ma\/?s={search_term_string}"},"query-input":{"@type":"PropertyValueSpecification","valueRequired":true,"valueName":"search_term_string"}}],"inLanguage":"fr-FR"}]}},"_links":{"self":[{"href":"https:\/\/paracherkaoui.ma\/index.php\/wp-json\/wp\/v2\/product\/23464","targetHints":{"allow":["GET"]}}],"collection":[{"href":"https:\/\/paracherkaoui.ma\/index.php\/wp-json\/wp\/v2\/product"}],"about":[{"href":"https:\/\/paracherkaoui.ma\/index.php\/wp-json\/wp\/v2\/types\/product"}],"replies":[{"embeddable":true,"href":"https:\/\/paracherkaoui.ma\/index.php\/wp-json\/wp\/v2\/comments?post=23464"}],"version-history":[{"count":1,"href":"https:\/\/paracherkaoui.ma\/index.php\/wp-json\/wp\/v2\/product\/23464\/revisions"}],"predecessor-version":[{"id":23486,"href":"https:\/\/paracherkaoui.ma\/index.php\/wp-json\/wp\/v2\/product\/23464\/revisions\/23486"}],"wp:featuredmedia":[{"embeddable":true,"href":"https:\/\/paracherkaoui.ma\/index.php\/wp-json\/wp\/v2\/media\/23485"}],"wp:attachment":[{"href":"https:\/\/paracherkaoui.ma\/index.php\/wp-json\/wp\/v2\/media?parent=23464"}],"wp:term":[{"taxonomy":"product_brand","embeddable":true,"href":"https:\/\/paracherkaoui.ma\/index.php\/wp-json\/wp\/v2\/product_brand?post=23464"},{"taxonomy":"product_cat","embeddable":true,"href":"https:\/\/paracherkaoui.ma\/index.php\/wp-json\/wp\/v2\/product_cat?post=23464"},{"taxonomy":"product_tag","embeddable":true,"href":"https:\/\/paracherkaoui.ma\/index.php\/wp-json\/wp\/v2\/product_tag?post=23464"}],"curies":[{"name":"wp","href":"https:\/\/api.w.org\/{rel}","templated":true}]}}