{"id":23394,"date":"2025-12-12T18:18:16","date_gmt":"2025-12-12T17:18:16","guid":{"rendered":"https:\/\/test.ecbeaute.com\/?post_type=product&#038;p=23394"},"modified":"2025-12-12T18:18:20","modified_gmt":"2025-12-12T17:18:20","slug":"neostrata-refine-gel-plus-step-up-level-125-ml","status":"publish","type":"product","link":"https:\/\/paracherkaoui.ma\/index.php\/produit\/neostrata-refine-gel-plus-step-up-level-125-ml\/","title":{"rendered":"NEOSTRATA REFINE GEL PLUS STEP UP LEVEL 125 ML"},"content":{"rendered":"<p>NeoStrata Refine Gel Plus 15 AHA 125 ml est un soin exfoliant et anti-\u00e2ge qui est adapt\u00e9 aux peaux grasses et \u00e0 tendance acn\u00e9ique. Il \u00e9limine les imperfections cutan\u00e9es, resserre les pores dilat\u00e9s et affine le grain de peau, matifie et illumine les teints ternes. Sa haute concentration en acide glycolique (Alpha Hdyroxy Acide \u2013 AHA), stimule le renouvellement cellulaire pour un effet peeling \u00e0 domicile. Il favorise \u00e9galement la synth\u00e8se de collag\u00e8ne pour une peau plus ferme et plus jeune. Ce gel est id\u00e9al pour les utilisateurs habitu\u00e9s \u00e0 l\u2019acide glycolique, recherchant une texture l\u00e9g\u00e8re, non grasse et de p\u00e9n\u00e9tration rapide. Une utilisation prolong\u00e9e am\u00e9liore visiblement texture et \u00e9clat de la peau. Sa texture est non-grasse et \u00e0 absorption rapide.<br \/>\nConseils d&rsquo;utilisation:<br \/>\nUtiliser sur une peau propre<\/p>\n","protected":false},"excerpt":{"rendered":"<p>NeoStrata Refine Gel Plus 15 AHA 125 ml est un soin exfoliant et anti-\u00e2ge qui est adapt\u00e9 aux peaux grasses<\/p>\n","protected":false},"featured_media":23431,"comment_status":"open","ping_status":"closed","template":"","meta":[],"product_brand":[404],"product_cat":[488],"product_tag":[],"class_list":{"0":"post-23394","1":"product","2":"type-product","3":"status-publish","4":"has-post-thumbnail","6":"product_brand-neostrata","7":"product_cat-peaux-matures","9":"first","10":"instock","11":"sale","12":"shipping-taxable","13":"purchasable","14":"product-type-simple"},"yoast_head":"<!-- This site is optimized with the Yoast SEO plugin v26.6 - https:\/\/yoast.com\/wordpress\/plugins\/seo\/ -->\r\n<title>NEOSTRATA REFINE GEL PLUS STEP UP LEVEL 125 ML - Paracherkaoui.ma<\/title>\r\n<meta name=\"robots\" content=\"index, follow, max-snippet:-1, max-image-preview:large, max-video-preview:-1\" \/>\r\n<link rel=\"canonical\" href=\"https:\/\/paracherkaoui.ma\/index.php\/produit\/neostrata-refine-gel-plus-step-up-level-125-ml\/\" \/>\r\n<meta property=\"og:locale\" content=\"fr_FR\" \/>\r\n<meta property=\"og:type\" content=\"article\" \/>\r\n<meta property=\"og:title\" content=\"NEOSTRATA REFINE GEL PLUS STEP UP LEVEL 125 ML - Paracherkaoui.ma\" \/>\r\n<meta property=\"og:description\" content=\"NeoStrata Refine Gel Plus 15 AHA 125 ml est un soin exfoliant et anti-\u00e2ge qui est adapt\u00e9 aux peaux grasses\" \/>\r\n<meta property=\"og:url\" content=\"https:\/\/paracherkaoui.ma\/index.php\/produit\/neostrata-refine-gel-plus-step-up-level-125-ml\/\" \/>\r\n<meta property=\"og:site_name\" content=\"Paracherkaoui.ma\" \/>\r\n<meta property=\"article:modified_time\" content=\"2025-12-12T17:18:20+00:00\" \/>\r\n<meta property=\"og:image\" content=\"https:\/\/paracherkaoui.ma\/wp-content\/uploads\/2025\/12\/neostrata-neostrata-refine-gel-plus-step-up-level-125-ml-peaux-matures.jpg\" \/>\r\n\t<meta property=\"og:image:width\" content=\"700\" \/>\r\n\t<meta property=\"og:image:height\" content=\"700\" \/>\r\n\t<meta property=\"og:image:type\" content=\"image\/jpeg\" \/>\r\n<meta name=\"twitter:card\" content=\"summary_large_image\" \/>\r\n<meta name=\"twitter:label1\" content=\"Dur\u00e9e de lecture estim\u00e9e\" \/>\n\t<meta name=\"twitter:data1\" content=\"1 minute\" \/>\r\n<script type=\"application\/ld+json\" class=\"yoast-schema-graph\">{\"@context\":\"https:\/\/schema.org\",\"@graph\":[{\"@type\":\"WebPage\",\"@id\":\"https:\/\/paracherkaoui.ma\/index.php\/produit\/neostrata-refine-gel-plus-step-up-level-125-ml\/\",\"url\":\"https:\/\/paracherkaoui.ma\/index.php\/produit\/neostrata-refine-gel-plus-step-up-level-125-ml\/\",\"name\":\"NEOSTRATA REFINE GEL PLUS STEP UP LEVEL 125 ML - Paracherkaoui.ma\",\"isPartOf\":{\"@id\":\"https:\/\/paracherkaoui.ma\/#website\"},\"primaryImageOfPage\":{\"@id\":\"https:\/\/paracherkaoui.ma\/index.php\/produit\/neostrata-refine-gel-plus-step-up-level-125-ml\/#primaryimage\"},\"image\":{\"@id\":\"https:\/\/paracherkaoui.ma\/index.php\/produit\/neostrata-refine-gel-plus-step-up-level-125-ml\/#primaryimage\"},\"thumbnailUrl\":\"https:\/\/paracherkaoui.ma\/wp-content\/uploads\/2025\/12\/neostrata-neostrata-refine-gel-plus-step-up-level-125-ml-peaux-matures.jpg\",\"datePublished\":\"2025-12-12T17:18:16+00:00\",\"dateModified\":\"2025-12-12T17:18:20+00:00\",\"breadcrumb\":{\"@id\":\"https:\/\/paracherkaoui.ma\/index.php\/produit\/neostrata-refine-gel-plus-step-up-level-125-ml\/#breadcrumb\"},\"inLanguage\":\"fr-FR\",\"potentialAction\":[{\"@type\":\"ReadAction\",\"target\":[\"https:\/\/paracherkaoui.ma\/index.php\/produit\/neostrata-refine-gel-plus-step-up-level-125-ml\/\"]}]},{\"@type\":\"ImageObject\",\"inLanguage\":\"fr-FR\",\"@id\":\"https:\/\/paracherkaoui.ma\/index.php\/produit\/neostrata-refine-gel-plus-step-up-level-125-ml\/#primaryimage\",\"url\":\"https:\/\/paracherkaoui.ma\/wp-content\/uploads\/2025\/12\/neostrata-neostrata-refine-gel-plus-step-up-level-125-ml-peaux-matures.jpg\",\"contentUrl\":\"https:\/\/paracherkaoui.ma\/wp-content\/uploads\/2025\/12\/neostrata-neostrata-refine-gel-plus-step-up-level-125-ml-peaux-matures.jpg\",\"width\":700,\"height\":700},{\"@type\":\"BreadcrumbList\",\"@id\":\"https:\/\/paracherkaoui.ma\/index.php\/produit\/neostrata-refine-gel-plus-step-up-level-125-ml\/#breadcrumb\",\"itemListElement\":[{\"@type\":\"ListItem\",\"position\":1,\"name\":\"Accueil\",\"item\":\"https:\/\/paracherkaoui.ma\/\"},{\"@type\":\"ListItem\",\"position\":2,\"name\":\"Boutique\",\"item\":\"https:\/\/paracherkaoui.ma\/index.php\/boutique\/\"},{\"@type\":\"ListItem\",\"position\":3,\"name\":\"NEOSTRATA REFINE GEL PLUS STEP UP LEVEL 125 ML\"}]},{\"@type\":\"WebSite\",\"@id\":\"https:\/\/paracherkaoui.ma\/#website\",\"url\":\"https:\/\/paracherkaoui.ma\/\",\"name\":\"Paracherkaoui.ma\",\"description\":\"Achetez en ligne sur Paracherkaoui.ma\",\"potentialAction\":[{\"@type\":\"SearchAction\",\"target\":{\"@type\":\"EntryPoint\",\"urlTemplate\":\"https:\/\/paracherkaoui.ma\/?s={search_term_string}\"},\"query-input\":{\"@type\":\"PropertyValueSpecification\",\"valueRequired\":true,\"valueName\":\"search_term_string\"}}],\"inLanguage\":\"fr-FR\"}]}<\/script>\r\n<!-- \/ Yoast SEO plugin. -->","yoast_head_json":{"title":"NEOSTRATA REFINE GEL PLUS STEP UP LEVEL 125 ML - Paracherkaoui.ma","robots":{"index":"index","follow":"follow","max-snippet":"max-snippet:-1","max-image-preview":"max-image-preview:large","max-video-preview":"max-video-preview:-1"},"canonical":"https:\/\/paracherkaoui.ma\/index.php\/produit\/neostrata-refine-gel-plus-step-up-level-125-ml\/","og_locale":"fr_FR","og_type":"article","og_title":"NEOSTRATA REFINE GEL PLUS STEP UP LEVEL 125 ML - Paracherkaoui.ma","og_description":"NeoStrata Refine Gel Plus 15 AHA 125 ml est un soin exfoliant et anti-\u00e2ge qui est adapt\u00e9 aux peaux grasses","og_url":"https:\/\/paracherkaoui.ma\/index.php\/produit\/neostrata-refine-gel-plus-step-up-level-125-ml\/","og_site_name":"Paracherkaoui.ma","article_modified_time":"2025-12-12T17:18:20+00:00","og_image":[{"width":700,"height":700,"url":"https:\/\/paracherkaoui.ma\/wp-content\/uploads\/2025\/12\/neostrata-neostrata-refine-gel-plus-step-up-level-125-ml-peaux-matures.jpg","type":"image\/jpeg"}],"twitter_card":"summary_large_image","twitter_misc":{"Dur\u00e9e de lecture estim\u00e9e":"1 minute"},"schema":{"@context":"https:\/\/schema.org","@graph":[{"@type":"WebPage","@id":"https:\/\/paracherkaoui.ma\/index.php\/produit\/neostrata-refine-gel-plus-step-up-level-125-ml\/","url":"https:\/\/paracherkaoui.ma\/index.php\/produit\/neostrata-refine-gel-plus-step-up-level-125-ml\/","name":"NEOSTRATA REFINE GEL PLUS STEP UP LEVEL 125 ML - Paracherkaoui.ma","isPartOf":{"@id":"https:\/\/paracherkaoui.ma\/#website"},"primaryImageOfPage":{"@id":"https:\/\/paracherkaoui.ma\/index.php\/produit\/neostrata-refine-gel-plus-step-up-level-125-ml\/#primaryimage"},"image":{"@id":"https:\/\/paracherkaoui.ma\/index.php\/produit\/neostrata-refine-gel-plus-step-up-level-125-ml\/#primaryimage"},"thumbnailUrl":"https:\/\/paracherkaoui.ma\/wp-content\/uploads\/2025\/12\/neostrata-neostrata-refine-gel-plus-step-up-level-125-ml-peaux-matures.jpg","datePublished":"2025-12-12T17:18:16+00:00","dateModified":"2025-12-12T17:18:20+00:00","breadcrumb":{"@id":"https:\/\/paracherkaoui.ma\/index.php\/produit\/neostrata-refine-gel-plus-step-up-level-125-ml\/#breadcrumb"},"inLanguage":"fr-FR","potentialAction":[{"@type":"ReadAction","target":["https:\/\/paracherkaoui.ma\/index.php\/produit\/neostrata-refine-gel-plus-step-up-level-125-ml\/"]}]},{"@type":"ImageObject","inLanguage":"fr-FR","@id":"https:\/\/paracherkaoui.ma\/index.php\/produit\/neostrata-refine-gel-plus-step-up-level-125-ml\/#primaryimage","url":"https:\/\/paracherkaoui.ma\/wp-content\/uploads\/2025\/12\/neostrata-neostrata-refine-gel-plus-step-up-level-125-ml-peaux-matures.jpg","contentUrl":"https:\/\/paracherkaoui.ma\/wp-content\/uploads\/2025\/12\/neostrata-neostrata-refine-gel-plus-step-up-level-125-ml-peaux-matures.jpg","width":700,"height":700},{"@type":"BreadcrumbList","@id":"https:\/\/paracherkaoui.ma\/index.php\/produit\/neostrata-refine-gel-plus-step-up-level-125-ml\/#breadcrumb","itemListElement":[{"@type":"ListItem","position":1,"name":"Accueil","item":"https:\/\/paracherkaoui.ma\/"},{"@type":"ListItem","position":2,"name":"Boutique","item":"https:\/\/paracherkaoui.ma\/index.php\/boutique\/"},{"@type":"ListItem","position":3,"name":"NEOSTRATA REFINE GEL PLUS STEP UP LEVEL 125 ML"}]},{"@type":"WebSite","@id":"https:\/\/paracherkaoui.ma\/#website","url":"https:\/\/paracherkaoui.ma\/","name":"Paracherkaoui.ma","description":"Achetez en ligne sur Paracherkaoui.ma","potentialAction":[{"@type":"SearchAction","target":{"@type":"EntryPoint","urlTemplate":"https:\/\/paracherkaoui.ma\/?s={search_term_string}"},"query-input":{"@type":"PropertyValueSpecification","valueRequired":true,"valueName":"search_term_string"}}],"inLanguage":"fr-FR"}]}},"_links":{"self":[{"href":"https:\/\/paracherkaoui.ma\/index.php\/wp-json\/wp\/v2\/product\/23394","targetHints":{"allow":["GET"]}}],"collection":[{"href":"https:\/\/paracherkaoui.ma\/index.php\/wp-json\/wp\/v2\/product"}],"about":[{"href":"https:\/\/paracherkaoui.ma\/index.php\/wp-json\/wp\/v2\/types\/product"}],"replies":[{"embeddable":true,"href":"https:\/\/paracherkaoui.ma\/index.php\/wp-json\/wp\/v2\/comments?post=23394"}],"version-history":[{"count":1,"href":"https:\/\/paracherkaoui.ma\/index.php\/wp-json\/wp\/v2\/product\/23394\/revisions"}],"predecessor-version":[{"id":23432,"href":"https:\/\/paracherkaoui.ma\/index.php\/wp-json\/wp\/v2\/product\/23394\/revisions\/23432"}],"wp:featuredmedia":[{"embeddable":true,"href":"https:\/\/paracherkaoui.ma\/index.php\/wp-json\/wp\/v2\/media\/23431"}],"wp:attachment":[{"href":"https:\/\/paracherkaoui.ma\/index.php\/wp-json\/wp\/v2\/media?parent=23394"}],"wp:term":[{"taxonomy":"product_brand","embeddable":true,"href":"https:\/\/paracherkaoui.ma\/index.php\/wp-json\/wp\/v2\/product_brand?post=23394"},{"taxonomy":"product_cat","embeddable":true,"href":"https:\/\/paracherkaoui.ma\/index.php\/wp-json\/wp\/v2\/product_cat?post=23394"},{"taxonomy":"product_tag","embeddable":true,"href":"https:\/\/paracherkaoui.ma\/index.php\/wp-json\/wp\/v2\/product_tag?post=23394"}],"curies":[{"name":"wp","href":"https:\/\/api.w.org\/{rel}","templated":true}]}}