{"id":23320,"date":"2025-12-12T18:18:10","date_gmt":"2025-12-12T17:18:10","guid":{"rendered":"https:\/\/test.ecbeaute.com\/?post_type=product&#038;p=23320"},"modified":"2025-12-12T18:18:15","modified_gmt":"2025-12-12T17:18:15","slug":"dermagor-skin-plast-serum-fermete-30-ml","status":"publish","type":"product","link":"https:\/\/paracherkaoui.ma\/index.php\/produit\/dermagor-skin-plast-serum-fermete-30-ml\/","title":{"rendered":"DERMAGOR SKIN PLAST SERUM FERMETE 30 ML"},"content":{"rendered":"<p>Dermagor Skin plast s\u00e9rum fermet\u00e9 &#8211; flacon de 30 ml<\/p>\n<p>Propri\u00e9t\u00e9s :<\/p>\n<p>Skin plast s\u00e9rum tenseur Dermagor, lisse et raffermit l&rsquo;\u00e9piderme pour retrouver une peau plus souple, plus lumineuse et visiblement plus jeune.<\/p>\n<p>Un actif tenseur brevet\u00e9 lutte contre le rel\u00e2chement cutan\u00e9 par une action en deux temps :<\/p>\n<p>un effet tenseur instantan\u00e9 : la peau est lift\u00e9e et d\u00e9fatigu\u00e9e, le teint est lumineux<br \/>\nUn effet tenseur longue dur\u00e9e : la fermet\u00e9 et la tonicit\u00e9 de l&rsquo;\u00e9piderme sont renforc\u00e9es<br \/>\nUn d\u00e9riv\u00e9 du silicium, puissant actif r\u00e9g\u00e9n\u00e9rant, relance la production de collag\u00e8ne et redensifie la peau pour un effet anti-\u00e2ge compl\u00e9mentaire. Des vitamines revitalisantes favorisent la r\u00e9g\u00e9n\u00e9ration cutan\u00e9e. Des agents \u00e9mollients et apaisants contribuent au confort et \u00e0 la souplesse de la peau.<\/p>\n<p>Utilisation :<\/p>\n<p>Appliquer Skin plast s\u00e9rum tenseur Dermagor matin et\/ou soir sur le visage, le cou et le d\u00e9collet\u00e9 parfaitement nettoy\u00e9s.<\/p>\n<p>Composition :<\/p>\n<p>Aqua, glycerin, isopropyl myristate, methylsilanol mannuronate, acrylates copolymer, hydroxethyl acrylate\/sodium acryloyldimethyl taurate copolymer, phenoxyethanol, isohexadecane, acacia senegal gum, parfum, xanthan gum, lactic acid, allantoin, polysorbate 60, ethylhexylglycerin, sorbitan isostearate, tocopheryl acetate, vp\/polycarbamyl polyglycol ester, hydrolyzed sesame protein pg-propyl methylsilanediol, hydroxyisoheyl 3-cyclohexene carboxaldehyde, butylphenyl methylpropional, retinyl palmitate, hexyl cinnamal, arachishypogaea oil, alpha-isomethyl ionone, amylcinnamal, linalool, citronellol, hydroxycitronellal, sorbic acid, benzyl salicylate, benzyl benzoate, bha, bht, tocopherol<\/p>\n<p>Conditionnement :<\/p>\n<p>Skin plast s\u00e9rum fermet\u00e9 Dermagor se pr\u00e9sente sous la forme d&rsquo;un flacon de 30 ml.<\/p>\n","protected":false},"excerpt":{"rendered":"<p>Dermagor Skin plast s\u00e9rum fermet\u00e9 &#8211; flacon de 30 ml Propri\u00e9t\u00e9s : Skin plast s\u00e9rum tenseur Dermagor, lisse et raffermit<\/p>\n","protected":false},"featured_media":23377,"comment_status":"open","ping_status":"closed","template":"","meta":[],"product_brand":[388],"product_cat":[488],"product_tag":[],"class_list":{"0":"post-23320","1":"product","2":"type-product","3":"status-publish","4":"has-post-thumbnail","6":"product_brand-dermagor","7":"product_cat-peaux-matures","9":"first","10":"instock","11":"sale","12":"shipping-taxable","13":"purchasable","14":"product-type-simple"},"yoast_head":"<!-- This site is optimized with the Yoast SEO plugin v26.6 - https:\/\/yoast.com\/wordpress\/plugins\/seo\/ -->\r\n<title>DERMAGOR SKIN PLAST SERUM FERMETE 30 ML - Paracherkaoui.ma<\/title>\r\n<meta name=\"robots\" content=\"index, follow, max-snippet:-1, max-image-preview:large, max-video-preview:-1\" \/>\r\n<link rel=\"canonical\" href=\"https:\/\/paracherkaoui.ma\/index.php\/produit\/dermagor-skin-plast-serum-fermete-30-ml\/\" \/>\r\n<meta property=\"og:locale\" content=\"fr_FR\" \/>\r\n<meta property=\"og:type\" content=\"article\" \/>\r\n<meta property=\"og:title\" content=\"DERMAGOR SKIN PLAST SERUM FERMETE 30 ML - Paracherkaoui.ma\" \/>\r\n<meta property=\"og:description\" content=\"Dermagor Skin plast s\u00e9rum fermet\u00e9 &#8211; flacon de 30 ml Propri\u00e9t\u00e9s : Skin plast s\u00e9rum tenseur Dermagor, lisse et raffermit\" \/>\r\n<meta property=\"og:url\" content=\"https:\/\/paracherkaoui.ma\/index.php\/produit\/dermagor-skin-plast-serum-fermete-30-ml\/\" \/>\r\n<meta property=\"og:site_name\" content=\"Paracherkaoui.ma\" \/>\r\n<meta property=\"article:modified_time\" content=\"2025-12-12T17:18:15+00:00\" \/>\r\n<meta property=\"og:image\" content=\"https:\/\/paracherkaoui.ma\/wp-content\/uploads\/2025\/12\/dermagor-skin-plast-serum-fermete-30-ml.jpg\" \/>\r\n\t<meta property=\"og:image:width\" content=\"700\" \/>\r\n\t<meta property=\"og:image:height\" content=\"700\" \/>\r\n\t<meta property=\"og:image:type\" content=\"image\/jpeg\" \/>\r\n<meta name=\"twitter:card\" content=\"summary_large_image\" \/>\r\n<meta name=\"twitter:label1\" content=\"Dur\u00e9e de lecture estim\u00e9e\" \/>\n\t<meta name=\"twitter:data1\" content=\"1 minute\" \/>\r\n<script type=\"application\/ld+json\" class=\"yoast-schema-graph\">{\"@context\":\"https:\/\/schema.org\",\"@graph\":[{\"@type\":\"WebPage\",\"@id\":\"https:\/\/paracherkaoui.ma\/index.php\/produit\/dermagor-skin-plast-serum-fermete-30-ml\/\",\"url\":\"https:\/\/paracherkaoui.ma\/index.php\/produit\/dermagor-skin-plast-serum-fermete-30-ml\/\",\"name\":\"DERMAGOR SKIN PLAST SERUM FERMETE 30 ML - Paracherkaoui.ma\",\"isPartOf\":{\"@id\":\"https:\/\/paracherkaoui.ma\/#website\"},\"primaryImageOfPage\":{\"@id\":\"https:\/\/paracherkaoui.ma\/index.php\/produit\/dermagor-skin-plast-serum-fermete-30-ml\/#primaryimage\"},\"image\":{\"@id\":\"https:\/\/paracherkaoui.ma\/index.php\/produit\/dermagor-skin-plast-serum-fermete-30-ml\/#primaryimage\"},\"thumbnailUrl\":\"https:\/\/paracherkaoui.ma\/wp-content\/uploads\/2025\/12\/dermagor-skin-plast-serum-fermete-30-ml.jpg\",\"datePublished\":\"2025-12-12T17:18:10+00:00\",\"dateModified\":\"2025-12-12T17:18:15+00:00\",\"breadcrumb\":{\"@id\":\"https:\/\/paracherkaoui.ma\/index.php\/produit\/dermagor-skin-plast-serum-fermete-30-ml\/#breadcrumb\"},\"inLanguage\":\"fr-FR\",\"potentialAction\":[{\"@type\":\"ReadAction\",\"target\":[\"https:\/\/paracherkaoui.ma\/index.php\/produit\/dermagor-skin-plast-serum-fermete-30-ml\/\"]}]},{\"@type\":\"ImageObject\",\"inLanguage\":\"fr-FR\",\"@id\":\"https:\/\/paracherkaoui.ma\/index.php\/produit\/dermagor-skin-plast-serum-fermete-30-ml\/#primaryimage\",\"url\":\"https:\/\/paracherkaoui.ma\/wp-content\/uploads\/2025\/12\/dermagor-skin-plast-serum-fermete-30-ml.jpg\",\"contentUrl\":\"https:\/\/paracherkaoui.ma\/wp-content\/uploads\/2025\/12\/dermagor-skin-plast-serum-fermete-30-ml.jpg\",\"width\":700,\"height\":700},{\"@type\":\"BreadcrumbList\",\"@id\":\"https:\/\/paracherkaoui.ma\/index.php\/produit\/dermagor-skin-plast-serum-fermete-30-ml\/#breadcrumb\",\"itemListElement\":[{\"@type\":\"ListItem\",\"position\":1,\"name\":\"Accueil\",\"item\":\"https:\/\/paracherkaoui.ma\/\"},{\"@type\":\"ListItem\",\"position\":2,\"name\":\"Boutique\",\"item\":\"https:\/\/paracherkaoui.ma\/index.php\/boutique\/\"},{\"@type\":\"ListItem\",\"position\":3,\"name\":\"DERMAGOR SKIN PLAST SERUM FERMETE 30 ML\"}]},{\"@type\":\"WebSite\",\"@id\":\"https:\/\/paracherkaoui.ma\/#website\",\"url\":\"https:\/\/paracherkaoui.ma\/\",\"name\":\"Paracherkaoui.ma\",\"description\":\"Achetez en ligne sur Paracherkaoui.ma\",\"potentialAction\":[{\"@type\":\"SearchAction\",\"target\":{\"@type\":\"EntryPoint\",\"urlTemplate\":\"https:\/\/paracherkaoui.ma\/?s={search_term_string}\"},\"query-input\":{\"@type\":\"PropertyValueSpecification\",\"valueRequired\":true,\"valueName\":\"search_term_string\"}}],\"inLanguage\":\"fr-FR\"}]}<\/script>\r\n<!-- \/ Yoast SEO plugin. -->","yoast_head_json":{"title":"DERMAGOR SKIN PLAST SERUM FERMETE 30 ML - Paracherkaoui.ma","robots":{"index":"index","follow":"follow","max-snippet":"max-snippet:-1","max-image-preview":"max-image-preview:large","max-video-preview":"max-video-preview:-1"},"canonical":"https:\/\/paracherkaoui.ma\/index.php\/produit\/dermagor-skin-plast-serum-fermete-30-ml\/","og_locale":"fr_FR","og_type":"article","og_title":"DERMAGOR SKIN PLAST SERUM FERMETE 30 ML - Paracherkaoui.ma","og_description":"Dermagor Skin plast s\u00e9rum fermet\u00e9 &#8211; flacon de 30 ml Propri\u00e9t\u00e9s : Skin plast s\u00e9rum tenseur Dermagor, lisse et raffermit","og_url":"https:\/\/paracherkaoui.ma\/index.php\/produit\/dermagor-skin-plast-serum-fermete-30-ml\/","og_site_name":"Paracherkaoui.ma","article_modified_time":"2025-12-12T17:18:15+00:00","og_image":[{"width":700,"height":700,"url":"https:\/\/paracherkaoui.ma\/wp-content\/uploads\/2025\/12\/dermagor-skin-plast-serum-fermete-30-ml.jpg","type":"image\/jpeg"}],"twitter_card":"summary_large_image","twitter_misc":{"Dur\u00e9e de lecture estim\u00e9e":"1 minute"},"schema":{"@context":"https:\/\/schema.org","@graph":[{"@type":"WebPage","@id":"https:\/\/paracherkaoui.ma\/index.php\/produit\/dermagor-skin-plast-serum-fermete-30-ml\/","url":"https:\/\/paracherkaoui.ma\/index.php\/produit\/dermagor-skin-plast-serum-fermete-30-ml\/","name":"DERMAGOR SKIN PLAST SERUM FERMETE 30 ML - Paracherkaoui.ma","isPartOf":{"@id":"https:\/\/paracherkaoui.ma\/#website"},"primaryImageOfPage":{"@id":"https:\/\/paracherkaoui.ma\/index.php\/produit\/dermagor-skin-plast-serum-fermete-30-ml\/#primaryimage"},"image":{"@id":"https:\/\/paracherkaoui.ma\/index.php\/produit\/dermagor-skin-plast-serum-fermete-30-ml\/#primaryimage"},"thumbnailUrl":"https:\/\/paracherkaoui.ma\/wp-content\/uploads\/2025\/12\/dermagor-skin-plast-serum-fermete-30-ml.jpg","datePublished":"2025-12-12T17:18:10+00:00","dateModified":"2025-12-12T17:18:15+00:00","breadcrumb":{"@id":"https:\/\/paracherkaoui.ma\/index.php\/produit\/dermagor-skin-plast-serum-fermete-30-ml\/#breadcrumb"},"inLanguage":"fr-FR","potentialAction":[{"@type":"ReadAction","target":["https:\/\/paracherkaoui.ma\/index.php\/produit\/dermagor-skin-plast-serum-fermete-30-ml\/"]}]},{"@type":"ImageObject","inLanguage":"fr-FR","@id":"https:\/\/paracherkaoui.ma\/index.php\/produit\/dermagor-skin-plast-serum-fermete-30-ml\/#primaryimage","url":"https:\/\/paracherkaoui.ma\/wp-content\/uploads\/2025\/12\/dermagor-skin-plast-serum-fermete-30-ml.jpg","contentUrl":"https:\/\/paracherkaoui.ma\/wp-content\/uploads\/2025\/12\/dermagor-skin-plast-serum-fermete-30-ml.jpg","width":700,"height":700},{"@type":"BreadcrumbList","@id":"https:\/\/paracherkaoui.ma\/index.php\/produit\/dermagor-skin-plast-serum-fermete-30-ml\/#breadcrumb","itemListElement":[{"@type":"ListItem","position":1,"name":"Accueil","item":"https:\/\/paracherkaoui.ma\/"},{"@type":"ListItem","position":2,"name":"Boutique","item":"https:\/\/paracherkaoui.ma\/index.php\/boutique\/"},{"@type":"ListItem","position":3,"name":"DERMAGOR SKIN PLAST SERUM FERMETE 30 ML"}]},{"@type":"WebSite","@id":"https:\/\/paracherkaoui.ma\/#website","url":"https:\/\/paracherkaoui.ma\/","name":"Paracherkaoui.ma","description":"Achetez en ligne sur Paracherkaoui.ma","potentialAction":[{"@type":"SearchAction","target":{"@type":"EntryPoint","urlTemplate":"https:\/\/paracherkaoui.ma\/?s={search_term_string}"},"query-input":{"@type":"PropertyValueSpecification","valueRequired":true,"valueName":"search_term_string"}}],"inLanguage":"fr-FR"}]}},"_links":{"self":[{"href":"https:\/\/paracherkaoui.ma\/index.php\/wp-json\/wp\/v2\/product\/23320","targetHints":{"allow":["GET"]}}],"collection":[{"href":"https:\/\/paracherkaoui.ma\/index.php\/wp-json\/wp\/v2\/product"}],"about":[{"href":"https:\/\/paracherkaoui.ma\/index.php\/wp-json\/wp\/v2\/types\/product"}],"replies":[{"embeddable":true,"href":"https:\/\/paracherkaoui.ma\/index.php\/wp-json\/wp\/v2\/comments?post=23320"}],"version-history":[{"count":1,"href":"https:\/\/paracherkaoui.ma\/index.php\/wp-json\/wp\/v2\/product\/23320\/revisions"}],"predecessor-version":[{"id":23378,"href":"https:\/\/paracherkaoui.ma\/index.php\/wp-json\/wp\/v2\/product\/23320\/revisions\/23378"}],"wp:featuredmedia":[{"embeddable":true,"href":"https:\/\/paracherkaoui.ma\/index.php\/wp-json\/wp\/v2\/media\/23377"}],"wp:attachment":[{"href":"https:\/\/paracherkaoui.ma\/index.php\/wp-json\/wp\/v2\/media?parent=23320"}],"wp:term":[{"taxonomy":"product_brand","embeddable":true,"href":"https:\/\/paracherkaoui.ma\/index.php\/wp-json\/wp\/v2\/product_brand?post=23320"},{"taxonomy":"product_cat","embeddable":true,"href":"https:\/\/paracherkaoui.ma\/index.php\/wp-json\/wp\/v2\/product_cat?post=23320"},{"taxonomy":"product_tag","embeddable":true,"href":"https:\/\/paracherkaoui.ma\/index.php\/wp-json\/wp\/v2\/product_tag?post=23320"}],"curies":[{"name":"wp","href":"https:\/\/api.w.org\/{rel}","templated":true}]}}