{"id":23230,"date":"2025-12-12T18:18:01","date_gmt":"2025-12-12T17:18:01","guid":{"rendered":"https:\/\/test.ecbeaute.com\/?post_type=product&#038;p=23230"},"modified":"2025-12-12T18:18:07","modified_gmt":"2025-12-12T17:18:07","slug":"cattier-nectar-eternel-soin-leger-anti-age-lissant-50-ml","status":"publish","type":"product","link":"https:\/\/paracherkaoui.ma\/index.php\/produit\/cattier-nectar-eternel-soin-leger-anti-age-lissant-50-ml\/","title":{"rendered":"CATTIER NECTAR ETERNEL SOIN LEGER ANTI AGE LISSANT 50 ML"},"content":{"rendered":"<p>La cr\u00e8me anti-\u00e2ge lissante l\u00e9g\u00e8re bio Nectar \u00e9ternel Cattier retarde et corrige les premiers signes de l&rsquo;\u00e2ge. Le Complexe \u00e2ge d\u00e9fense Cattier1, innovation Cattier, compos\u00e9 d&rsquo;argile montmorillonite et d&rsquo;une association d&rsquo;actifs marins et v\u00e9g\u00e9taux, agit \u00e0 3 niveaux : &#8211; Agit comme un bouclier contre les agressions radicalaires limitant ainsi la d\u00e9gradation pr\u00e9matur\u00e9e du collag\u00e8ne et de l&rsquo;\u00e9lastine de la peau tissus, &#8211; Combat les signes visibles et invisibles de pollution environnementale et lumineuse sur la peau, &#8211; Apporte \u00e0 la peau des min\u00e9raux essentiels pour la d\u00e9toxifier et la dynamiser. Ainsi prot\u00e9g\u00e9e, la peau retrouve \u00e9clat et douceur. Son \u00e9lasticit\u00e9 et sa fermet\u00e9 sont pr\u00e9serv\u00e9es. Les premi\u00e8res rides sont liss\u00e9es. Une texture gel-cr\u00e8me l\u00e9g\u00e8re et soyeuse, id\u00e9ale pour les peaux normales \u00e0 mixtes.<br \/>\nConseils d&rsquo;utilisation:<br \/>\nMatin et soir, apr\u00e8s avoir soigneusement nettoy\u00e9 et s\u00e9ch\u00e9 la peau, massez d\u00e9licatement la cr\u00e8me du bout des doigts sur le visage et le cou.<br \/>\nPortez une attention particuli\u00e8re aux pattes d&rsquo;oie et aux rides du front. AVANT, appliquer le Soin Contour des Yeux \u00c9CLAT DE ROSE LE SOIR, appliquer la Cr\u00e8me de Nuit Lissante MURMURE \u00c9TERNEL<\/p>\n","protected":false},"excerpt":{"rendered":"<p>La cr\u00e8me anti-\u00e2ge lissante l\u00e9g\u00e8re bio Nectar \u00e9ternel Cattier retarde et corrige les premiers signes de l&rsquo;\u00e2ge. Le Complexe \u00e2ge<\/p>\n","protected":false},"featured_media":23283,"comment_status":"open","ping_status":"closed","template":"","meta":[],"product_brand":[187],"product_cat":[488],"product_tag":[],"class_list":{"0":"post-23230","1":"product","2":"type-product","3":"status-publish","4":"has-post-thumbnail","6":"product_brand-cattier","7":"product_cat-peaux-matures","9":"first","10":"instock","11":"shipping-taxable","12":"purchasable","13":"product-type-simple"},"yoast_head":"<!-- This site is optimized with the Yoast SEO plugin v26.6 - https:\/\/yoast.com\/wordpress\/plugins\/seo\/ -->\r\n<title>CATTIER NECTAR ETERNEL SOIN LEGER ANTI AGE LISSANT 50 ML - Paracherkaoui.ma<\/title>\r\n<meta name=\"robots\" content=\"index, follow, max-snippet:-1, max-image-preview:large, max-video-preview:-1\" \/>\r\n<link rel=\"canonical\" href=\"https:\/\/paracherkaoui.ma\/index.php\/produit\/cattier-nectar-eternel-soin-leger-anti-age-lissant-50-ml\/\" \/>\r\n<meta property=\"og:locale\" content=\"fr_FR\" \/>\r\n<meta property=\"og:type\" content=\"article\" \/>\r\n<meta property=\"og:title\" content=\"CATTIER NECTAR ETERNEL SOIN LEGER ANTI AGE LISSANT 50 ML - Paracherkaoui.ma\" \/>\r\n<meta property=\"og:description\" content=\"La cr\u00e8me anti-\u00e2ge lissante l\u00e9g\u00e8re bio Nectar \u00e9ternel Cattier retarde et corrige les premiers signes de l&rsquo;\u00e2ge. Le Complexe \u00e2ge\" \/>\r\n<meta property=\"og:url\" content=\"https:\/\/paracherkaoui.ma\/index.php\/produit\/cattier-nectar-eternel-soin-leger-anti-age-lissant-50-ml\/\" \/>\r\n<meta property=\"og:site_name\" content=\"Paracherkaoui.ma\" \/>\r\n<meta property=\"article:modified_time\" content=\"2025-12-12T17:18:07+00:00\" \/>\r\n<meta property=\"og:image\" content=\"https:\/\/paracherkaoui.ma\/wp-content\/uploads\/2025\/12\/cattier-cattier-nectar-eternel-soin-leger-anti-age-lissant-50-ml-peaux-matures.jpg\" \/>\r\n\t<meta property=\"og:image:width\" content=\"700\" \/>\r\n\t<meta property=\"og:image:height\" content=\"700\" \/>\r\n\t<meta property=\"og:image:type\" content=\"image\/jpeg\" \/>\r\n<meta name=\"twitter:card\" content=\"summary_large_image\" \/>\r\n<meta name=\"twitter:label1\" content=\"Dur\u00e9e de lecture estim\u00e9e\" \/>\n\t<meta name=\"twitter:data1\" content=\"1 minute\" \/>\r\n<script type=\"application\/ld+json\" class=\"yoast-schema-graph\">{\"@context\":\"https:\/\/schema.org\",\"@graph\":[{\"@type\":\"WebPage\",\"@id\":\"https:\/\/paracherkaoui.ma\/index.php\/produit\/cattier-nectar-eternel-soin-leger-anti-age-lissant-50-ml\/\",\"url\":\"https:\/\/paracherkaoui.ma\/index.php\/produit\/cattier-nectar-eternel-soin-leger-anti-age-lissant-50-ml\/\",\"name\":\"CATTIER NECTAR ETERNEL SOIN LEGER ANTI AGE LISSANT 50 ML - Paracherkaoui.ma\",\"isPartOf\":{\"@id\":\"https:\/\/paracherkaoui.ma\/#website\"},\"primaryImageOfPage\":{\"@id\":\"https:\/\/paracherkaoui.ma\/index.php\/produit\/cattier-nectar-eternel-soin-leger-anti-age-lissant-50-ml\/#primaryimage\"},\"image\":{\"@id\":\"https:\/\/paracherkaoui.ma\/index.php\/produit\/cattier-nectar-eternel-soin-leger-anti-age-lissant-50-ml\/#primaryimage\"},\"thumbnailUrl\":\"https:\/\/paracherkaoui.ma\/wp-content\/uploads\/2025\/12\/cattier-cattier-nectar-eternel-soin-leger-anti-age-lissant-50-ml-peaux-matures.jpg\",\"datePublished\":\"2025-12-12T17:18:01+00:00\",\"dateModified\":\"2025-12-12T17:18:07+00:00\",\"breadcrumb\":{\"@id\":\"https:\/\/paracherkaoui.ma\/index.php\/produit\/cattier-nectar-eternel-soin-leger-anti-age-lissant-50-ml\/#breadcrumb\"},\"inLanguage\":\"fr-FR\",\"potentialAction\":[{\"@type\":\"ReadAction\",\"target\":[\"https:\/\/paracherkaoui.ma\/index.php\/produit\/cattier-nectar-eternel-soin-leger-anti-age-lissant-50-ml\/\"]}]},{\"@type\":\"ImageObject\",\"inLanguage\":\"fr-FR\",\"@id\":\"https:\/\/paracherkaoui.ma\/index.php\/produit\/cattier-nectar-eternel-soin-leger-anti-age-lissant-50-ml\/#primaryimage\",\"url\":\"https:\/\/paracherkaoui.ma\/wp-content\/uploads\/2025\/12\/cattier-cattier-nectar-eternel-soin-leger-anti-age-lissant-50-ml-peaux-matures.jpg\",\"contentUrl\":\"https:\/\/paracherkaoui.ma\/wp-content\/uploads\/2025\/12\/cattier-cattier-nectar-eternel-soin-leger-anti-age-lissant-50-ml-peaux-matures.jpg\",\"width\":700,\"height\":700},{\"@type\":\"BreadcrumbList\",\"@id\":\"https:\/\/paracherkaoui.ma\/index.php\/produit\/cattier-nectar-eternel-soin-leger-anti-age-lissant-50-ml\/#breadcrumb\",\"itemListElement\":[{\"@type\":\"ListItem\",\"position\":1,\"name\":\"Accueil\",\"item\":\"https:\/\/paracherkaoui.ma\/\"},{\"@type\":\"ListItem\",\"position\":2,\"name\":\"Boutique\",\"item\":\"https:\/\/paracherkaoui.ma\/index.php\/boutique\/\"},{\"@type\":\"ListItem\",\"position\":3,\"name\":\"CATTIER NECTAR ETERNEL SOIN LEGER ANTI AGE LISSANT 50 ML\"}]},{\"@type\":\"WebSite\",\"@id\":\"https:\/\/paracherkaoui.ma\/#website\",\"url\":\"https:\/\/paracherkaoui.ma\/\",\"name\":\"Paracherkaoui.ma\",\"description\":\"Achetez en ligne sur Paracherkaoui.ma\",\"potentialAction\":[{\"@type\":\"SearchAction\",\"target\":{\"@type\":\"EntryPoint\",\"urlTemplate\":\"https:\/\/paracherkaoui.ma\/?s={search_term_string}\"},\"query-input\":{\"@type\":\"PropertyValueSpecification\",\"valueRequired\":true,\"valueName\":\"search_term_string\"}}],\"inLanguage\":\"fr-FR\"}]}<\/script>\r\n<!-- \/ Yoast SEO plugin. -->","yoast_head_json":{"title":"CATTIER NECTAR ETERNEL SOIN LEGER ANTI AGE LISSANT 50 ML - Paracherkaoui.ma","robots":{"index":"index","follow":"follow","max-snippet":"max-snippet:-1","max-image-preview":"max-image-preview:large","max-video-preview":"max-video-preview:-1"},"canonical":"https:\/\/paracherkaoui.ma\/index.php\/produit\/cattier-nectar-eternel-soin-leger-anti-age-lissant-50-ml\/","og_locale":"fr_FR","og_type":"article","og_title":"CATTIER NECTAR ETERNEL SOIN LEGER ANTI AGE LISSANT 50 ML - Paracherkaoui.ma","og_description":"La cr\u00e8me anti-\u00e2ge lissante l\u00e9g\u00e8re bio Nectar \u00e9ternel Cattier retarde et corrige les premiers signes de l&rsquo;\u00e2ge. Le Complexe \u00e2ge","og_url":"https:\/\/paracherkaoui.ma\/index.php\/produit\/cattier-nectar-eternel-soin-leger-anti-age-lissant-50-ml\/","og_site_name":"Paracherkaoui.ma","article_modified_time":"2025-12-12T17:18:07+00:00","og_image":[{"width":700,"height":700,"url":"https:\/\/paracherkaoui.ma\/wp-content\/uploads\/2025\/12\/cattier-cattier-nectar-eternel-soin-leger-anti-age-lissant-50-ml-peaux-matures.jpg","type":"image\/jpeg"}],"twitter_card":"summary_large_image","twitter_misc":{"Dur\u00e9e de lecture estim\u00e9e":"1 minute"},"schema":{"@context":"https:\/\/schema.org","@graph":[{"@type":"WebPage","@id":"https:\/\/paracherkaoui.ma\/index.php\/produit\/cattier-nectar-eternel-soin-leger-anti-age-lissant-50-ml\/","url":"https:\/\/paracherkaoui.ma\/index.php\/produit\/cattier-nectar-eternel-soin-leger-anti-age-lissant-50-ml\/","name":"CATTIER NECTAR ETERNEL SOIN LEGER ANTI AGE LISSANT 50 ML - Paracherkaoui.ma","isPartOf":{"@id":"https:\/\/paracherkaoui.ma\/#website"},"primaryImageOfPage":{"@id":"https:\/\/paracherkaoui.ma\/index.php\/produit\/cattier-nectar-eternel-soin-leger-anti-age-lissant-50-ml\/#primaryimage"},"image":{"@id":"https:\/\/paracherkaoui.ma\/index.php\/produit\/cattier-nectar-eternel-soin-leger-anti-age-lissant-50-ml\/#primaryimage"},"thumbnailUrl":"https:\/\/paracherkaoui.ma\/wp-content\/uploads\/2025\/12\/cattier-cattier-nectar-eternel-soin-leger-anti-age-lissant-50-ml-peaux-matures.jpg","datePublished":"2025-12-12T17:18:01+00:00","dateModified":"2025-12-12T17:18:07+00:00","breadcrumb":{"@id":"https:\/\/paracherkaoui.ma\/index.php\/produit\/cattier-nectar-eternel-soin-leger-anti-age-lissant-50-ml\/#breadcrumb"},"inLanguage":"fr-FR","potentialAction":[{"@type":"ReadAction","target":["https:\/\/paracherkaoui.ma\/index.php\/produit\/cattier-nectar-eternel-soin-leger-anti-age-lissant-50-ml\/"]}]},{"@type":"ImageObject","inLanguage":"fr-FR","@id":"https:\/\/paracherkaoui.ma\/index.php\/produit\/cattier-nectar-eternel-soin-leger-anti-age-lissant-50-ml\/#primaryimage","url":"https:\/\/paracherkaoui.ma\/wp-content\/uploads\/2025\/12\/cattier-cattier-nectar-eternel-soin-leger-anti-age-lissant-50-ml-peaux-matures.jpg","contentUrl":"https:\/\/paracherkaoui.ma\/wp-content\/uploads\/2025\/12\/cattier-cattier-nectar-eternel-soin-leger-anti-age-lissant-50-ml-peaux-matures.jpg","width":700,"height":700},{"@type":"BreadcrumbList","@id":"https:\/\/paracherkaoui.ma\/index.php\/produit\/cattier-nectar-eternel-soin-leger-anti-age-lissant-50-ml\/#breadcrumb","itemListElement":[{"@type":"ListItem","position":1,"name":"Accueil","item":"https:\/\/paracherkaoui.ma\/"},{"@type":"ListItem","position":2,"name":"Boutique","item":"https:\/\/paracherkaoui.ma\/index.php\/boutique\/"},{"@type":"ListItem","position":3,"name":"CATTIER NECTAR ETERNEL SOIN LEGER ANTI AGE LISSANT 50 ML"}]},{"@type":"WebSite","@id":"https:\/\/paracherkaoui.ma\/#website","url":"https:\/\/paracherkaoui.ma\/","name":"Paracherkaoui.ma","description":"Achetez en ligne sur Paracherkaoui.ma","potentialAction":[{"@type":"SearchAction","target":{"@type":"EntryPoint","urlTemplate":"https:\/\/paracherkaoui.ma\/?s={search_term_string}"},"query-input":{"@type":"PropertyValueSpecification","valueRequired":true,"valueName":"search_term_string"}}],"inLanguage":"fr-FR"}]}},"_links":{"self":[{"href":"https:\/\/paracherkaoui.ma\/index.php\/wp-json\/wp\/v2\/product\/23230","targetHints":{"allow":["GET"]}}],"collection":[{"href":"https:\/\/paracherkaoui.ma\/index.php\/wp-json\/wp\/v2\/product"}],"about":[{"href":"https:\/\/paracherkaoui.ma\/index.php\/wp-json\/wp\/v2\/types\/product"}],"replies":[{"embeddable":true,"href":"https:\/\/paracherkaoui.ma\/index.php\/wp-json\/wp\/v2\/comments?post=23230"}],"version-history":[{"count":1,"href":"https:\/\/paracherkaoui.ma\/index.php\/wp-json\/wp\/v2\/product\/23230\/revisions"}],"predecessor-version":[{"id":23284,"href":"https:\/\/paracherkaoui.ma\/index.php\/wp-json\/wp\/v2\/product\/23230\/revisions\/23284"}],"wp:featuredmedia":[{"embeddable":true,"href":"https:\/\/paracherkaoui.ma\/index.php\/wp-json\/wp\/v2\/media\/23283"}],"wp:attachment":[{"href":"https:\/\/paracherkaoui.ma\/index.php\/wp-json\/wp\/v2\/media?parent=23230"}],"wp:term":[{"taxonomy":"product_brand","embeddable":true,"href":"https:\/\/paracherkaoui.ma\/index.php\/wp-json\/wp\/v2\/product_brand?post=23230"},{"taxonomy":"product_cat","embeddable":true,"href":"https:\/\/paracherkaoui.ma\/index.php\/wp-json\/wp\/v2\/product_cat?post=23230"},{"taxonomy":"product_tag","embeddable":true,"href":"https:\/\/paracherkaoui.ma\/index.php\/wp-json\/wp\/v2\/product_tag?post=23230"}],"curies":[{"name":"wp","href":"https:\/\/api.w.org\/{rel}","templated":true}]}}